{"id":51960,"date":"2026-03-30T13:00:07","date_gmt":"2026-03-30T13:00:07","guid":{"rendered":"http:\/\/shop.verlag.uni-potsdam.de\/produkt\/die-kreisgebietsreform-im-freistaat-sachsen\/"},"modified":"2026-03-30T17:01:07","modified_gmt":"2026-03-30T15:01:07","slug":"die-kreisgebietsreform-im-freistaat-sachsen","status":"publish","type":"product","link":"https:\/\/shop.verlag.uni-potsdam.de\/en\/shop\/die-kreisgebietsreform-im-freistaat-sachsen\/","title":{"rendered":"Die Kreisgebietsreform im Freistaat Sachsen"},"content":{"rendered":"<p class=\"qtranxs-available-languages-message qtranxs-available-languages-message-en\">Sorry, this entry is only available in <a href=\"https:\/\/shop.verlag.uni-potsdam.de\/de\/wp-json\/wp\/v2\/product\/51960\" class=\"qtranxs-available-language-link qtranxs-available-language-link-de\" title=\"Deutsch\">Deutsch<\/a>.<\/p><p>Als Folge der demografischen Entwicklungen und der finanziellen Engp\u00e4sse vieler Bundesl\u00e4nder kommt es seit einigen Jahren in den meisten Fl\u00e4chenl\u00e4ndern der Bundesrepublik Deutschland erneut zu tiefgreifenden Verwaltungsreformen auf kommunaler Ebene. Mit Hilfe von Verwaltungsstruktur-, Funktional- und Kreisgebietsreformen wird versucht, die Verwaltungseffektivit\u00e4t zu erh\u00f6hen sowie die kreislichen Aufgaben- und Territorialstrukturen an die ver\u00e4nderten Rahmenbedingungen anzupassen. Nach Auffassung vieler Reformer kann die angestrebte Effektivit\u00e4tssteigerung, die insbesondere zu Kostenersparnissen und Synergieeffekten f\u00fchren soll, v. a. durch eine deutliche Vergr\u00f6\u00dferung der Verwaltungsr\u00e4ume erreicht werden.  Neben dem Ziel, die Leistungsf\u00e4higkeit der lokalen Verwaltungsstrukturen zu erh\u00f6hen, das zumeist im Mittelpunkt der Reformvorhaben steht, gilt es jedoch gleicherma\u00dfen, die Legitimit\u00e4t lokalen Handelns durch Demokratie und b\u00fcrgerschaftliche Teilhabe zu erhalten. Der Gesetzgeber steht daher vor der Aufgabe, beide Zielvorstellungen in einem Reformprozess zu ber\u00fccksichtigen und die Gr\u00f6\u00dfe der administrativen Einheiten so zu gestalten, dass in ihnen ein ausgewogenes Verh\u00e4ltnis zwischen Effizienz und B\u00fcrgern\u00e4he entsteht.  Ausgehend von dieser Problematik werden jene Thesen und Annahmen aufgegriffen, die im Zusammenhang mit dem Urteil des LVerfG M-V vom 26. Juli 2007 im Kontext von Effizienz und Partizipation stehen, und auf die Kreisgebietsreform im Freistaat Sachsen \u00fcbertragen. Konkret werden die Auswirkungen des territorialen Neuzuschnitts der s\u00e4chsischen Landkreise auf die Wahrnehmung des kommunalpolitischen Ehrenamts erstmals auch durch eine breite Empirie untersucht.<\/p>","protected":false},"excerpt":{"rendered":"<p class=\"qtranxs-available-languages-message qtranxs-available-languages-message-en\">Sorry, this entry is only available in <a href=\"https:\/\/shop.verlag.uni-potsdam.de\/de\/wp-json\/wp\/v2\/product\/51960\" class=\"qtranxs-available-language-link qtranxs-available-language-link-de\" title=\"Deutsch\">Deutsch<\/a>.<\/p>\n<p>Als Folge der demografischen Entwicklungen und der finanziellen Engp\u00e4sse vieler Bundesl\u00e4nder kommt es seit einigen Jahren in den meisten Fl\u00e4chenl\u00e4ndern der Bundesrepublik Deutschland erneut zu tiefgreifenden Verwaltungsreformen auf kommunaler Ebene. Mit Hilfe von Verwaltungsstruktur-, Funktional- und Kreisgebietsreformen wird versucht, die Verwaltungseffektivit\u00e4t zu erh\u00f6hen sowie die kreislichen Aufgaben- und Territorialstrukturen an die ver\u00e4nderten Rahmenbedingungen anzupassen. Nach Auffassung vieler Reformer kann die angestrebte Effektivit\u00e4tssteigerung, die insbesondere zu Kostenersparnissen und Synergieeffekten f\u00fchren soll, v. a. durch eine deutliche Vergr\u00f6\u00dferung der Verwaltungsr\u00e4ume erreicht werden.  Neben dem Ziel, die Leistungsf\u00e4higkeit der lokalen Verwaltungsstrukturen zu erh\u00f6hen, das zumeist im Mittelpunkt der Reformvorhaben steht, gilt es jedoch gleicherma\u00dfen, die Legitimit\u00e4t lokalen Handelns durch Demokratie und b\u00fcrgerschaftliche Teilhabe zu erhalten. Der Gesetzgeber steht daher vor der Aufgabe, beide Zielvorstellungen in einem Reformprozess zu ber\u00fccksichtigen und die Gr\u00f6\u00dfe der administrativen Einheiten so zu gestalten, dass in ihnen ein ausgewogenes Verh\u00e4ltnis zwischen Effizienz und B\u00fcrgern\u00e4he entsteht.  Ausgehend von dieser Problematik werden jene Thesen und Annahmen aufgegriffen, die im Zusammenhang mit dem Urteil des LVerfG M-V vom 26. Juli 2007 im Kontext von Effizienz und Partizipation stehen, und auf die Kreisgebietsreform im Freistaat Sachsen \u00fcbertragen. Konkret werden die Auswirkungen des territorialen Neuzuschnitts der s\u00e4chsischen Landkreise auf die Wahrnehmung des kommunalpolitischen Ehrenamts erstmals auch durch eine breite Empirie untersucht.<\/p>\n","protected":false},"featured_media":54181,"template":"","meta":{"_acf_changed":false},"product_brand":[],"product_cat":[6223],"product_tag":[5802],"class_list":{"0":"post-51960","1":"product","2":"type-product","3":"status-publish","4":"has-post-thumbnail","6":"product_cat-politikwissenschaft-web-kategorie","7":"product_tag-ehrenamt-kreisgebietsreform-partizipation-sachsen-verwaltungsreform-administrative-kommunales-reform","8":"autor-svenja-ems","10":"first","11":"instock","12":"shipping-taxable","13":"purchasable","14":"product-type-simple"},"acf":[],"yoast_head":"<!-- This site is optimized with the Yoast SEO plugin v27.1.1 - https:\/\/yoast.com\/product\/yoast-seo-wordpress\/ -->\n<title>Die Kreisgebietsreform im Freistaat Sachsen - Universit\u00e4tsverlag Potsdam<\/title>\n<meta name=\"robots\" content=\"index, follow, max-snippet:-1, max-image-preview:large, max-video-preview:-1\" \/>\n<link rel=\"canonical\" href=\"https:\/\/shop.verlag.uni-potsdam.de\/en\/shop\/die-kreisgebietsreform-im-freistaat-sachsen\/\" \/>\n<meta property=\"og:locale\" content=\"en_US\" \/>\n<meta property=\"og:type\" content=\"article\" \/>\n<meta property=\"og:title\" content=\"Die Kreisgebietsreform im Freistaat Sachsen - Universit\u00e4tsverlag Potsdam\" \/>\n<meta property=\"og:description\" content=\"Als Folge der demografischen Entwicklungen und der finanziellen Engp\u00e4sse vieler Bundesl\u00e4nder kommt es seit einigen Jahren in den meisten Fl\u00e4chenl\u00e4ndern der Bundesrepublik Deutschland erneut zu tiefgreifenden Verwaltungsreformen auf kommunaler Ebene. Mit Hilfe von Verwaltungsstruktur-, Funktional- und Kreisgebietsreformen wird versucht, die Verwaltungseffektivit\u00e4t zu erh\u00f6hen sowie die kreislichen Aufgaben- und Territorialstrukturen an die ver\u00e4nderten Rahmenbedingungen anzupassen. Nach Auffassung vieler Reformer kann die angestrebte Effektivit\u00e4tssteigerung, die insbesondere zu Kostenersparnissen und Synergieeffekten f\u00fchren soll, v. a. durch eine deutliche Vergr\u00f6\u00dferung der Verwaltungsr\u00e4ume erreicht werden. Neben dem Ziel, die Leistungsf\u00e4higkeit der lokalen Verwaltungsstrukturen zu erh\u00f6hen, das zumeist im Mittelpunkt der Reformvorhaben steht, gilt es jedoch gleicherma\u00dfen, die Legitimit\u00e4t lokalen Handelns durch Demokratie und b\u00fcrgerschaftliche Teilhabe zu erhalten. Der Gesetzgeber steht daher vor der Aufgabe, beide Zielvorstellungen in einem Reformprozess zu ber\u00fccksichtigen und die Gr\u00f6\u00dfe der administrativen Einheiten so zu gestalten, dass in ihnen ein ausgewogenes Verh\u00e4ltnis zwischen Effizienz und B\u00fcrgern\u00e4he entsteht. Ausgehend von dieser Problematik werden jene Thesen und Annahmen aufgegriffen, die im Zusammenhang mit dem Urteil des LVerfG M-V vom 26. Juli 2007 im Kontext von Effizienz und Partizipation stehen, und auf die Kreisgebietsreform im Freistaat Sachsen \u00fcbertragen. Konkret werden die Auswirkungen des territorialen Neuzuschnitts der s\u00e4chsischen Landkreise auf die Wahrnehmung des kommunalpolitischen Ehrenamts erstmals auch durch eine breite Empirie untersucht.\" \/>\n<meta property=\"og:url\" content=\"https:\/\/shop.verlag.uni-potsdam.de\/en\/shop\/die-kreisgebietsreform-im-freistaat-sachsen\/\" \/>\n<meta property=\"og:site_name\" content=\"Universit\u00e4tsverlag Potsdam\" \/>\n<meta property=\"article:modified_time\" content=\"2026-03-30T15:01:07+00:00\" \/>\n<meta property=\"og:image\" content=\"https:\/\/shop.verlag.uni-potsdam.de\/wp-content\/uploads\/asolmerce\/image-9783869563664.jpg\" \/>\n\t<meta property=\"og:image:width\" content=\"452\" \/>\n\t<meta property=\"og:image:height\" content=\"640\" \/>\n\t<meta property=\"og:image:type\" content=\"image\/jpeg\" \/>\n<meta name=\"twitter:card\" content=\"summary_large_image\" \/>\n<meta name=\"twitter:label1\" content=\"Est. reading time\" \/>\n\t<meta name=\"twitter:data1\" content=\"1 minute\" \/>\n<script type=\"application\/ld+json\" class=\"yoast-schema-graph\">{\"@context\":\"https:\/\/schema.org\",\"@graph\":[{\"@type\":\"WebPage\",\"@id\":\"https:\/\/shop.verlag.uni-potsdam.de\/en\/shop\/die-kreisgebietsreform-im-freistaat-sachsen\/\",\"url\":\"https:\/\/shop.verlag.uni-potsdam.de\/en\/shop\/die-kreisgebietsreform-im-freistaat-sachsen\/\",\"name\":\"Die Kreisgebietsreform im Freistaat Sachsen - Universit\u00e4tsverlag Potsdam\",\"isPartOf\":{\"@id\":\"https:\/\/shop.verlag.uni-potsdam.de\/en\/#website\"},\"primaryImageOfPage\":{\"@id\":\"https:\/\/shop.verlag.uni-potsdam.de\/en\/shop\/die-kreisgebietsreform-im-freistaat-sachsen\/#primaryimage\"},\"image\":{\"@id\":\"https:\/\/shop.verlag.uni-potsdam.de\/shop\/die-kreisgebietsreform-im-freistaat-sachsen\/#primaryimage\"},\"thumbnailUrl\":\"https:\/\/shop.verlag.uni-potsdam.de\/wp-content\/uploads\/asolmerce\/image-9783869563664.jpg\",\"datePublished\":\"2026-03-30T13:00:07+00:00\",\"dateModified\":\"2026-03-30T15:01:07+00:00\",\"breadcrumb\":{\"@id\":\"https:\/\/shop.verlag.uni-potsdam.de\/en\/shop\/die-kreisgebietsreform-im-freistaat-sachsen\/#breadcrumb\"},\"inLanguage\":\"en-US\",\"potentialAction\":[{\"@type\":\"ReadAction\",\"target\":[[\"https:\/\/shop.verlag.uni-potsdam.de\/en\/shop\/die-kreisgebietsreform-im-freistaat-sachsen\/\"]]}]},{\"@type\":\"ImageObject\",\"inLanguage\":\"en-US\",\"@id\":\"https:\/\/shop.verlag.uni-potsdam.de\/en\/shop\/die-kreisgebietsreform-im-freistaat-sachsen\/#primaryimage\",\"url\":\"https:\/\/shop.verlag.uni-potsdam.de\/wp-content\/uploads\/asolmerce\/image-9783869563664.jpg\",\"contentUrl\":\"https:\/\/shop.verlag.uni-potsdam.de\/wp-content\/uploads\/asolmerce\/image-9783869563664.jpg\",\"width\":452,\"height\":640},{\"@type\":\"BreadcrumbList\",\"@id\":\"https:\/\/shop.verlag.uni-potsdam.de\/en\/shop\/die-kreisgebietsreform-im-freistaat-sachsen\/#breadcrumb\",\"itemListElement\":[{\"@type\":\"ListItem\",\"position\":1,\"name\":\"Startseite\",\"item\":\"https:\/\/shop.verlag.uni-potsdam.de\/en\/\"},{\"@type\":\"ListItem\",\"position\":2,\"name\":\"Shop\",\"item\":\"https:\/\/shop.verlag.uni-potsdam.de\/en\/shop\/\"},{\"@type\":\"ListItem\",\"position\":3,\"name\":\"Die Kreisgebietsreform im Freistaat Sachsen\"}]},{\"@type\":\"WebSite\",\"@id\":\"https:\/\/shop.verlag.uni-potsdam.de\/en\/#website\",\"url\":\"https:\/\/shop.verlag.uni-potsdam.de\/en\/\",\"name\":\"Universit\u00e4tsverlag Potsdam\",\"description\":\"\",\"publisher\":{\"@id\":\"https:\/\/shop.verlag.uni-potsdam.de\/en\/#organization\"},\"potentialAction\":[{\"@type\":\"SearchAction\",\"target\":{\"@type\":\"EntryPoint\",\"urlTemplate\":\"https:\/\/shop.verlag.uni-potsdam.de\/en\/?s={search_term_string}\"},\"query-input\":{\"@type\":\"PropertyValueSpecification\",\"valueRequired\":true,\"valueName\":\"search_term_string\"}}],\"inLanguage\":\"en-US\"},{\"@type\":\"Organization\",\"@id\":\"https:\/\/shop.verlag.uni-potsdam.de\/en\/#organization\",\"name\":\"Universit\u00e4tsverlag Potsdam\",\"url\":\"https:\/\/shop.verlag.uni-potsdam.de\/en\/\",\"logo\":{\"@type\":\"ImageObject\",\"inLanguage\":\"en-US\",\"@id\":\"https:\/\/shop.verlag.uni-potsdam.de\/en\/#\/schema\/logo\/image\/\",\"url\":\"https:\/\/shop.verlag.uni-potsdam.de\/wp-content\/uploads\/2017\/04\/up_logo_university_2.png\",\"contentUrl\":\"https:\/\/shop.verlag.uni-potsdam.de\/wp-content\/uploads\/2017\/04\/up_logo_university_2.png\",\"width\":160,\"height\":172,\"caption\":\"Universit\u00e4tsverlag Potsdam\"},\"image\":{\"@id\":\"https:\/\/shop.verlag.uni-potsdam.de\/en\/#\/schema\/logo\/image\/\"}}]}<\/script>\n<!-- \/ Yoast SEO plugin. -->","yoast_head_json":{"title":"Die Kreisgebietsreform im Freistaat Sachsen - Universit\u00e4tsverlag Potsdam","robots":{"index":"index","follow":"follow","max-snippet":"max-snippet:-1","max-image-preview":"max-image-preview:large","max-video-preview":"max-video-preview:-1"},"canonical":"https:\/\/shop.verlag.uni-potsdam.de\/en\/shop\/die-kreisgebietsreform-im-freistaat-sachsen\/","og_locale":"en_US","og_type":"article","og_title":"Die Kreisgebietsreform im Freistaat Sachsen - Universit\u00e4tsverlag Potsdam","og_description":"Als Folge der demografischen Entwicklungen und der finanziellen Engp\u00e4sse vieler Bundesl\u00e4nder kommt es seit einigen Jahren in den meisten Fl\u00e4chenl\u00e4ndern der Bundesrepublik Deutschland erneut zu tiefgreifenden Verwaltungsreformen auf kommunaler Ebene. Mit Hilfe von Verwaltungsstruktur-, Funktional- und Kreisgebietsreformen wird versucht, die Verwaltungseffektivit\u00e4t zu erh\u00f6hen sowie die kreislichen Aufgaben- und Territorialstrukturen an die ver\u00e4nderten Rahmenbedingungen anzupassen. Nach Auffassung vieler Reformer kann die angestrebte Effektivit\u00e4tssteigerung, die insbesondere zu Kostenersparnissen und Synergieeffekten f\u00fchren soll, v. a. durch eine deutliche Vergr\u00f6\u00dferung der Verwaltungsr\u00e4ume erreicht werden. Neben dem Ziel, die Leistungsf\u00e4higkeit der lokalen Verwaltungsstrukturen zu erh\u00f6hen, das zumeist im Mittelpunkt der Reformvorhaben steht, gilt es jedoch gleicherma\u00dfen, die Legitimit\u00e4t lokalen Handelns durch Demokratie und b\u00fcrgerschaftliche Teilhabe zu erhalten. Der Gesetzgeber steht daher vor der Aufgabe, beide Zielvorstellungen in einem Reformprozess zu ber\u00fccksichtigen und die Gr\u00f6\u00dfe der administrativen Einheiten so zu gestalten, dass in ihnen ein ausgewogenes Verh\u00e4ltnis zwischen Effizienz und B\u00fcrgern\u00e4he entsteht. Ausgehend von dieser Problematik werden jene Thesen und Annahmen aufgegriffen, die im Zusammenhang mit dem Urteil des LVerfG M-V vom 26. Juli 2007 im Kontext von Effizienz und Partizipation stehen, und auf die Kreisgebietsreform im Freistaat Sachsen \u00fcbertragen. Konkret werden die Auswirkungen des territorialen Neuzuschnitts der s\u00e4chsischen Landkreise auf die Wahrnehmung des kommunalpolitischen Ehrenamts erstmals auch durch eine breite Empirie untersucht.","og_url":"https:\/\/shop.verlag.uni-potsdam.de\/en\/shop\/die-kreisgebietsreform-im-freistaat-sachsen\/","og_site_name":"Universit\u00e4tsverlag Potsdam","article_modified_time":"2026-03-30T15:01:07+00:00","og_image":[{"width":452,"height":640,"url":"https:\/\/shop.verlag.uni-potsdam.de\/wp-content\/uploads\/asolmerce\/image-9783869563664.jpg","type":"image\/jpeg"}],"twitter_card":"summary_large_image","twitter_misc":{"Est. reading time":"1 minute"},"schema":{"@context":"https:\/\/schema.org","@graph":[{"@type":"WebPage","@id":"https:\/\/shop.verlag.uni-potsdam.de\/en\/shop\/die-kreisgebietsreform-im-freistaat-sachsen\/","url":"https:\/\/shop.verlag.uni-potsdam.de\/en\/shop\/die-kreisgebietsreform-im-freistaat-sachsen\/","name":"Die Kreisgebietsreform im Freistaat Sachsen - Universit\u00e4tsverlag Potsdam","isPartOf":{"@id":"https:\/\/shop.verlag.uni-potsdam.de\/en\/#website"},"primaryImageOfPage":{"@id":"https:\/\/shop.verlag.uni-potsdam.de\/en\/shop\/die-kreisgebietsreform-im-freistaat-sachsen\/#primaryimage"},"image":{"@id":"https:\/\/shop.verlag.uni-potsdam.de\/shop\/die-kreisgebietsreform-im-freistaat-sachsen\/#primaryimage"},"thumbnailUrl":"https:\/\/shop.verlag.uni-potsdam.de\/wp-content\/uploads\/asolmerce\/image-9783869563664.jpg","datePublished":"2026-03-30T13:00:07+00:00","dateModified":"2026-03-30T15:01:07+00:00","breadcrumb":{"@id":"https:\/\/shop.verlag.uni-potsdam.de\/en\/shop\/die-kreisgebietsreform-im-freistaat-sachsen\/#breadcrumb"},"inLanguage":"en-US","potentialAction":[{"@type":"ReadAction","target":[["https:\/\/shop.verlag.uni-potsdam.de\/en\/shop\/die-kreisgebietsreform-im-freistaat-sachsen\/"]]}]},{"@type":"ImageObject","inLanguage":"en-US","@id":"https:\/\/shop.verlag.uni-potsdam.de\/en\/shop\/die-kreisgebietsreform-im-freistaat-sachsen\/#primaryimage","url":"https:\/\/shop.verlag.uni-potsdam.de\/wp-content\/uploads\/asolmerce\/image-9783869563664.jpg","contentUrl":"https:\/\/shop.verlag.uni-potsdam.de\/wp-content\/uploads\/asolmerce\/image-9783869563664.jpg","width":452,"height":640},{"@type":"BreadcrumbList","@id":"https:\/\/shop.verlag.uni-potsdam.de\/en\/shop\/die-kreisgebietsreform-im-freistaat-sachsen\/#breadcrumb","itemListElement":[{"@type":"ListItem","position":1,"name":"Startseite","item":"https:\/\/shop.verlag.uni-potsdam.de\/en\/"},{"@type":"ListItem","position":2,"name":"Shop","item":"https:\/\/shop.verlag.uni-potsdam.de\/en\/shop\/"},{"@type":"ListItem","position":3,"name":"Die Kreisgebietsreform im Freistaat Sachsen"}]},{"@type":"WebSite","@id":"https:\/\/shop.verlag.uni-potsdam.de\/en\/#website","url":"https:\/\/shop.verlag.uni-potsdam.de\/en\/","name":"Universit\u00e4tsverlag Potsdam","description":"","publisher":{"@id":"https:\/\/shop.verlag.uni-potsdam.de\/en\/#organization"},"potentialAction":[{"@type":"SearchAction","target":{"@type":"EntryPoint","urlTemplate":"https:\/\/shop.verlag.uni-potsdam.de\/en\/?s={search_term_string}"},"query-input":{"@type":"PropertyValueSpecification","valueRequired":true,"valueName":"search_term_string"}}],"inLanguage":"en-US"},{"@type":"Organization","@id":"https:\/\/shop.verlag.uni-potsdam.de\/en\/#organization","name":"Universit\u00e4tsverlag Potsdam","url":"https:\/\/shop.verlag.uni-potsdam.de\/en\/","logo":{"@type":"ImageObject","inLanguage":"en-US","@id":"https:\/\/shop.verlag.uni-potsdam.de\/en\/#\/schema\/logo\/image\/","url":"https:\/\/shop.verlag.uni-potsdam.de\/wp-content\/uploads\/2017\/04\/up_logo_university_2.png","contentUrl":"https:\/\/shop.verlag.uni-potsdam.de\/wp-content\/uploads\/2017\/04\/up_logo_university_2.png","width":160,"height":172,"caption":"Universit\u00e4tsverlag Potsdam"},"image":{"@id":"https:\/\/shop.verlag.uni-potsdam.de\/en\/#\/schema\/logo\/image\/"}}]}},"_links":{"self":[{"href":"https:\/\/shop.verlag.uni-potsdam.de\/en\/wp-json\/wp\/v2\/product\/51960","targetHints":{"allow":["GET"]}}],"collection":[{"href":"https:\/\/shop.verlag.uni-potsdam.de\/en\/wp-json\/wp\/v2\/product"}],"about":[{"href":"https:\/\/shop.verlag.uni-potsdam.de\/en\/wp-json\/wp\/v2\/types\/product"}],"wp:featuredmedia":[{"embeddable":true,"href":"https:\/\/shop.verlag.uni-potsdam.de\/en\/wp-json\/wp\/v2\/media\/54181"}],"wp:attachment":[{"href":"https:\/\/shop.verlag.uni-potsdam.de\/en\/wp-json\/wp\/v2\/media?parent=51960"}],"wp:term":[{"taxonomy":"product_brand","embeddable":true,"href":"https:\/\/shop.verlag.uni-potsdam.de\/en\/wp-json\/wp\/v2\/product_brand?post=51960"},{"taxonomy":"product_cat","embeddable":true,"href":"https:\/\/shop.verlag.uni-potsdam.de\/en\/wp-json\/wp\/v2\/product_cat?post=51960"},{"taxonomy":"product_tag","embeddable":true,"href":"https:\/\/shop.verlag.uni-potsdam.de\/en\/wp-json\/wp\/v2\/product_tag?post=51960"}],"curies":[{"name":"wp","href":"https:\/\/api.w.org\/{rel}","templated":true}]}}