{"id":51973,"date":"2026-03-31T09:59:06","date_gmt":"2026-03-31T09:59:06","guid":{"rendered":"http:\/\/shop.verlag.uni-potsdam.de\/produkt\/nachhaltige-entwicklung-und-die-energiewende-in-kuba\/"},"modified":"2026-03-31T14:00:06","modified_gmt":"2026-03-31T12:00:06","slug":"nachhaltige-entwicklung-und-die-energiewende-in-kuba","status":"publish","type":"product","link":"https:\/\/shop.verlag.uni-potsdam.de\/en\/shop\/nachhaltige-entwicklung-und-die-energiewende-in-kuba\/","title":{"rendered":"Nachhaltige Entwicklung und die Energiewende in Kuba"},"content":{"rendered":"<p class=\"qtranxs-available-languages-message qtranxs-available-languages-message-en\">Sorry, this entry is only available in <a href=\"https:\/\/shop.verlag.uni-potsdam.de\/de\/wp-json\/wp\/v2\/product\/51973\" class=\"qtranxs-available-language-link qtranxs-available-language-link-de\" title=\"Deutsch\">Deutsch<\/a>.<\/p><p>Seit dem UN-Gipfel 1992 in Rio de Janeiro ist die Aufmerksamkeit in Politik und \u00d6ffentlichkeit f\u00fcr das Thema \u201eNachhaltigkeit\u201c gestiegen. In fast allen L\u00e4ndern dieser Welt wurden Programme und Ma\u00dfnahmen zum Schutz und Erhalt der Umwelt und der sozialen Lebensbedingungen umgesetzt. Trotz beachtenswerter Fortschritte sind die bisherigen Effekte jedoch v\u00f6llig unzureichend. Umso interessanter ist daher der Blick auf einen erfolgreichen Akteur im Bereich der Umwelt- und Nachhaltigkeitspolitik: Kuba. \u00dcber diese Erfahrungen des Karibik-Staates wird im deutschen Sprachraum kaum berichtet. Die Autoren leisten hierzu mit ihrer Studie einen Beitrag und analysieren die entsprechenden Politiken, Strategien und Ma\u00dfnahmen, die in Kuba trotz vielf\u00e4ltiger Probleme zu einer gelungenen Nachhaltigkeitspolitik gef\u00fchrt haben.<\/p>","protected":false},"excerpt":{"rendered":"<p class=\"qtranxs-available-languages-message qtranxs-available-languages-message-en\">Sorry, this entry is only available in <a href=\"https:\/\/shop.verlag.uni-potsdam.de\/de\/wp-json\/wp\/v2\/product\/51973\" class=\"qtranxs-available-language-link qtranxs-available-language-link-de\" title=\"Deutsch\">Deutsch<\/a>.<\/p>\n<p>Seit dem UN-Gipfel 1992 in Rio de Janeiro ist die Aufmerksamkeit in Politik und \u00d6ffentlichkeit f\u00fcr das Thema \u201eNachhaltigkeit\u201c gestiegen. In fast allen L\u00e4ndern dieser Welt wurden Programme und Ma\u00dfnahmen zum Schutz und Erhalt der Umwelt und der sozialen Lebensbedingungen umgesetzt. Trotz beachtenswerter Fortschritte sind die bisherigen Effekte jedoch v\u00f6llig unzureichend. Umso interessanter ist daher der Blick auf einen erfolgreichen Akteur im Bereich der Umwelt- und Nachhaltigkeitspolitik: Kuba. \u00dcber diese Erfahrungen des Karibik-Staates wird im deutschen Sprachraum kaum berichtet. Die Autoren leisten hierzu mit ihrer Studie einen Beitrag und analysieren die entsprechenden Politiken, Strategien und Ma\u00dfnahmen, die in Kuba trotz vielf\u00e4ltiger Probleme zu einer gelungenen Nachhaltigkeitspolitik gef\u00fchrt haben.<\/p>\n","protected":false},"featured_media":54161,"template":"","meta":{"_acf_changed":false},"product_brand":[],"product_cat":[6223],"product_tag":[5884],"class_list":{"0":"post-51973","1":"product","2":"type-product","3":"status-publish","4":"has-post-thumbnail","6":"product_cat-politikwissenschaft-web-kategorie","7":"product_tag-energiepolitk-klimawandel-kuba-nachhaltigkeit-umweltpolitik","8":"autor-dieter-seifried","9":"autor-edgar-goell","11":"first","12":"instock","13":"shipping-taxable","14":"purchasable","15":"product-type-simple"},"acf":[],"yoast_head":"<!-- This site is optimized with the Yoast SEO plugin v27.1.1 - https:\/\/yoast.com\/product\/yoast-seo-wordpress\/ -->\n<title>Nachhaltige Entwicklung und die Energiewende in Kuba - Universit\u00e4tsverlag Potsdam<\/title>\n<meta name=\"robots\" content=\"index, follow, max-snippet:-1, max-image-preview:large, max-video-preview:-1\" \/>\n<link rel=\"canonical\" href=\"https:\/\/shop.verlag.uni-potsdam.de\/en\/shop\/nachhaltige-entwicklung-und-die-energiewende-in-kuba\/\" \/>\n<meta property=\"og:locale\" content=\"en_US\" \/>\n<meta property=\"og:type\" content=\"article\" \/>\n<meta property=\"og:title\" content=\"Nachhaltige Entwicklung und die Energiewende in Kuba - Universit\u00e4tsverlag Potsdam\" \/>\n<meta property=\"og:description\" content=\"Seit dem UN-Gipfel 1992 in Rio de Janeiro ist die Aufmerksamkeit in Politik und \u00d6ffentlichkeit f\u00fcr das Thema \u201eNachhaltigkeit\u201c gestiegen. In fast allen L\u00e4ndern dieser Welt wurden Programme und Ma\u00dfnahmen zum Schutz und Erhalt der Umwelt und der sozialen Lebensbedingungen umgesetzt. Trotz beachtenswerter Fortschritte sind die bisherigen Effekte jedoch v\u00f6llig unzureichend. Umso interessanter ist daher der Blick auf einen erfolgreichen Akteur im Bereich der Umwelt- und Nachhaltigkeitspolitik: Kuba. \u00dcber diese Erfahrungen des Karibik-Staates wird im deutschen Sprachraum kaum berichtet. Die Autoren leisten hierzu mit ihrer Studie einen Beitrag und analysieren die entsprechenden Politiken, Strategien und Ma\u00dfnahmen, die in Kuba trotz vielf\u00e4ltiger Probleme zu einer gelungenen Nachhaltigkeitspolitik gef\u00fchrt haben.\" \/>\n<meta property=\"og:url\" content=\"https:\/\/shop.verlag.uni-potsdam.de\/en\/shop\/nachhaltige-entwicklung-und-die-energiewende-in-kuba\/\" \/>\n<meta property=\"og:site_name\" content=\"Universit\u00e4tsverlag Potsdam\" \/>\n<meta property=\"article:modified_time\" content=\"2026-03-31T12:00:06+00:00\" \/>\n<meta property=\"og:image\" content=\"https:\/\/shop.verlag.uni-potsdam.de\/wp-content\/uploads\/asolmerce\/image-9783869563411.jpg\" \/>\n\t<meta property=\"og:image:width\" content=\"452\" \/>\n\t<meta property=\"og:image:height\" content=\"640\" \/>\n\t<meta property=\"og:image:type\" content=\"image\/jpeg\" \/>\n<meta name=\"twitter:card\" content=\"summary_large_image\" \/>\n<meta name=\"twitter:label1\" content=\"Est. reading time\" \/>\n\t<meta name=\"twitter:data1\" content=\"1 minute\" \/>\n<script type=\"application\/ld+json\" class=\"yoast-schema-graph\">{\"@context\":\"https:\/\/schema.org\",\"@graph\":[{\"@type\":\"WebPage\",\"@id\":\"https:\/\/shop.verlag.uni-potsdam.de\/en\/shop\/nachhaltige-entwicklung-und-die-energiewende-in-kuba\/\",\"url\":\"https:\/\/shop.verlag.uni-potsdam.de\/en\/shop\/nachhaltige-entwicklung-und-die-energiewende-in-kuba\/\",\"name\":\"Nachhaltige Entwicklung und die Energiewende in Kuba - Universit\u00e4tsverlag Potsdam\",\"isPartOf\":{\"@id\":\"https:\/\/shop.verlag.uni-potsdam.de\/en\/#website\"},\"primaryImageOfPage\":{\"@id\":\"https:\/\/shop.verlag.uni-potsdam.de\/en\/shop\/nachhaltige-entwicklung-und-die-energiewende-in-kuba\/#primaryimage\"},\"image\":{\"@id\":\"https:\/\/shop.verlag.uni-potsdam.de\/shop\/nachhaltige-entwicklung-und-die-energiewende-in-kuba\/#primaryimage\"},\"thumbnailUrl\":\"https:\/\/shop.verlag.uni-potsdam.de\/wp-content\/uploads\/asolmerce\/image-9783869563411.jpg\",\"datePublished\":\"2026-03-31T09:59:06+00:00\",\"dateModified\":\"2026-03-31T12:00:06+00:00\",\"breadcrumb\":{\"@id\":\"https:\/\/shop.verlag.uni-potsdam.de\/en\/shop\/nachhaltige-entwicklung-und-die-energiewende-in-kuba\/#breadcrumb\"},\"inLanguage\":\"en-US\",\"potentialAction\":[{\"@type\":\"ReadAction\",\"target\":[[\"https:\/\/shop.verlag.uni-potsdam.de\/en\/shop\/nachhaltige-entwicklung-und-die-energiewende-in-kuba\/\"]]}]},{\"@type\":\"ImageObject\",\"inLanguage\":\"en-US\",\"@id\":\"https:\/\/shop.verlag.uni-potsdam.de\/en\/shop\/nachhaltige-entwicklung-und-die-energiewende-in-kuba\/#primaryimage\",\"url\":\"https:\/\/shop.verlag.uni-potsdam.de\/wp-content\/uploads\/asolmerce\/image-9783869563411.jpg\",\"contentUrl\":\"https:\/\/shop.verlag.uni-potsdam.de\/wp-content\/uploads\/asolmerce\/image-9783869563411.jpg\",\"width\":452,\"height\":640},{\"@type\":\"BreadcrumbList\",\"@id\":\"https:\/\/shop.verlag.uni-potsdam.de\/en\/shop\/nachhaltige-entwicklung-und-die-energiewende-in-kuba\/#breadcrumb\",\"itemListElement\":[{\"@type\":\"ListItem\",\"position\":1,\"name\":\"Startseite\",\"item\":\"https:\/\/shop.verlag.uni-potsdam.de\/en\/\"},{\"@type\":\"ListItem\",\"position\":2,\"name\":\"Shop\",\"item\":\"https:\/\/shop.verlag.uni-potsdam.de\/en\/shop\/\"},{\"@type\":\"ListItem\",\"position\":3,\"name\":\"Nachhaltige Entwicklung und die Energiewende in Kuba\"}]},{\"@type\":\"WebSite\",\"@id\":\"https:\/\/shop.verlag.uni-potsdam.de\/en\/#website\",\"url\":\"https:\/\/shop.verlag.uni-potsdam.de\/en\/\",\"name\":\"Universit\u00e4tsverlag Potsdam\",\"description\":\"\",\"publisher\":{\"@id\":\"https:\/\/shop.verlag.uni-potsdam.de\/en\/#organization\"},\"potentialAction\":[{\"@type\":\"SearchAction\",\"target\":{\"@type\":\"EntryPoint\",\"urlTemplate\":\"https:\/\/shop.verlag.uni-potsdam.de\/en\/?s={search_term_string}\"},\"query-input\":{\"@type\":\"PropertyValueSpecification\",\"valueRequired\":true,\"valueName\":\"search_term_string\"}}],\"inLanguage\":\"en-US\"},{\"@type\":\"Organization\",\"@id\":\"https:\/\/shop.verlag.uni-potsdam.de\/en\/#organization\",\"name\":\"Universit\u00e4tsverlag Potsdam\",\"url\":\"https:\/\/shop.verlag.uni-potsdam.de\/en\/\",\"logo\":{\"@type\":\"ImageObject\",\"inLanguage\":\"en-US\",\"@id\":\"https:\/\/shop.verlag.uni-potsdam.de\/en\/#\/schema\/logo\/image\/\",\"url\":\"https:\/\/shop.verlag.uni-potsdam.de\/wp-content\/uploads\/2017\/04\/up_logo_university_2.png\",\"contentUrl\":\"https:\/\/shop.verlag.uni-potsdam.de\/wp-content\/uploads\/2017\/04\/up_logo_university_2.png\",\"width\":160,\"height\":172,\"caption\":\"Universit\u00e4tsverlag Potsdam\"},\"image\":{\"@id\":\"https:\/\/shop.verlag.uni-potsdam.de\/en\/#\/schema\/logo\/image\/\"}}]}<\/script>\n<!-- \/ Yoast SEO plugin. -->","yoast_head_json":{"title":"Nachhaltige Entwicklung und die Energiewende in Kuba - Universit\u00e4tsverlag Potsdam","robots":{"index":"index","follow":"follow","max-snippet":"max-snippet:-1","max-image-preview":"max-image-preview:large","max-video-preview":"max-video-preview:-1"},"canonical":"https:\/\/shop.verlag.uni-potsdam.de\/en\/shop\/nachhaltige-entwicklung-und-die-energiewende-in-kuba\/","og_locale":"en_US","og_type":"article","og_title":"Nachhaltige Entwicklung und die Energiewende in Kuba - Universit\u00e4tsverlag Potsdam","og_description":"Seit dem UN-Gipfel 1992 in Rio de Janeiro ist die Aufmerksamkeit in Politik und \u00d6ffentlichkeit f\u00fcr das Thema \u201eNachhaltigkeit\u201c gestiegen. In fast allen L\u00e4ndern dieser Welt wurden Programme und Ma\u00dfnahmen zum Schutz und Erhalt der Umwelt und der sozialen Lebensbedingungen umgesetzt. Trotz beachtenswerter Fortschritte sind die bisherigen Effekte jedoch v\u00f6llig unzureichend. Umso interessanter ist daher der Blick auf einen erfolgreichen Akteur im Bereich der Umwelt- und Nachhaltigkeitspolitik: Kuba. \u00dcber diese Erfahrungen des Karibik-Staates wird im deutschen Sprachraum kaum berichtet. Die Autoren leisten hierzu mit ihrer Studie einen Beitrag und analysieren die entsprechenden Politiken, Strategien und Ma\u00dfnahmen, die in Kuba trotz vielf\u00e4ltiger Probleme zu einer gelungenen Nachhaltigkeitspolitik gef\u00fchrt haben.","og_url":"https:\/\/shop.verlag.uni-potsdam.de\/en\/shop\/nachhaltige-entwicklung-und-die-energiewende-in-kuba\/","og_site_name":"Universit\u00e4tsverlag Potsdam","article_modified_time":"2026-03-31T12:00:06+00:00","og_image":[{"width":452,"height":640,"url":"https:\/\/shop.verlag.uni-potsdam.de\/wp-content\/uploads\/asolmerce\/image-9783869563411.jpg","type":"image\/jpeg"}],"twitter_card":"summary_large_image","twitter_misc":{"Est. reading time":"1 minute"},"schema":{"@context":"https:\/\/schema.org","@graph":[{"@type":"WebPage","@id":"https:\/\/shop.verlag.uni-potsdam.de\/en\/shop\/nachhaltige-entwicklung-und-die-energiewende-in-kuba\/","url":"https:\/\/shop.verlag.uni-potsdam.de\/en\/shop\/nachhaltige-entwicklung-und-die-energiewende-in-kuba\/","name":"Nachhaltige Entwicklung und die Energiewende in Kuba - Universit\u00e4tsverlag Potsdam","isPartOf":{"@id":"https:\/\/shop.verlag.uni-potsdam.de\/en\/#website"},"primaryImageOfPage":{"@id":"https:\/\/shop.verlag.uni-potsdam.de\/en\/shop\/nachhaltige-entwicklung-und-die-energiewende-in-kuba\/#primaryimage"},"image":{"@id":"https:\/\/shop.verlag.uni-potsdam.de\/shop\/nachhaltige-entwicklung-und-die-energiewende-in-kuba\/#primaryimage"},"thumbnailUrl":"https:\/\/shop.verlag.uni-potsdam.de\/wp-content\/uploads\/asolmerce\/image-9783869563411.jpg","datePublished":"2026-03-31T09:59:06+00:00","dateModified":"2026-03-31T12:00:06+00:00","breadcrumb":{"@id":"https:\/\/shop.verlag.uni-potsdam.de\/en\/shop\/nachhaltige-entwicklung-und-die-energiewende-in-kuba\/#breadcrumb"},"inLanguage":"en-US","potentialAction":[{"@type":"ReadAction","target":[["https:\/\/shop.verlag.uni-potsdam.de\/en\/shop\/nachhaltige-entwicklung-und-die-energiewende-in-kuba\/"]]}]},{"@type":"ImageObject","inLanguage":"en-US","@id":"https:\/\/shop.verlag.uni-potsdam.de\/en\/shop\/nachhaltige-entwicklung-und-die-energiewende-in-kuba\/#primaryimage","url":"https:\/\/shop.verlag.uni-potsdam.de\/wp-content\/uploads\/asolmerce\/image-9783869563411.jpg","contentUrl":"https:\/\/shop.verlag.uni-potsdam.de\/wp-content\/uploads\/asolmerce\/image-9783869563411.jpg","width":452,"height":640},{"@type":"BreadcrumbList","@id":"https:\/\/shop.verlag.uni-potsdam.de\/en\/shop\/nachhaltige-entwicklung-und-die-energiewende-in-kuba\/#breadcrumb","itemListElement":[{"@type":"ListItem","position":1,"name":"Startseite","item":"https:\/\/shop.verlag.uni-potsdam.de\/en\/"},{"@type":"ListItem","position":2,"name":"Shop","item":"https:\/\/shop.verlag.uni-potsdam.de\/en\/shop\/"},{"@type":"ListItem","position":3,"name":"Nachhaltige Entwicklung und die Energiewende in Kuba"}]},{"@type":"WebSite","@id":"https:\/\/shop.verlag.uni-potsdam.de\/en\/#website","url":"https:\/\/shop.verlag.uni-potsdam.de\/en\/","name":"Universit\u00e4tsverlag Potsdam","description":"","publisher":{"@id":"https:\/\/shop.verlag.uni-potsdam.de\/en\/#organization"},"potentialAction":[{"@type":"SearchAction","target":{"@type":"EntryPoint","urlTemplate":"https:\/\/shop.verlag.uni-potsdam.de\/en\/?s={search_term_string}"},"query-input":{"@type":"PropertyValueSpecification","valueRequired":true,"valueName":"search_term_string"}}],"inLanguage":"en-US"},{"@type":"Organization","@id":"https:\/\/shop.verlag.uni-potsdam.de\/en\/#organization","name":"Universit\u00e4tsverlag Potsdam","url":"https:\/\/shop.verlag.uni-potsdam.de\/en\/","logo":{"@type":"ImageObject","inLanguage":"en-US","@id":"https:\/\/shop.verlag.uni-potsdam.de\/en\/#\/schema\/logo\/image\/","url":"https:\/\/shop.verlag.uni-potsdam.de\/wp-content\/uploads\/2017\/04\/up_logo_university_2.png","contentUrl":"https:\/\/shop.verlag.uni-potsdam.de\/wp-content\/uploads\/2017\/04\/up_logo_university_2.png","width":160,"height":172,"caption":"Universit\u00e4tsverlag Potsdam"},"image":{"@id":"https:\/\/shop.verlag.uni-potsdam.de\/en\/#\/schema\/logo\/image\/"}}]}},"_links":{"self":[{"href":"https:\/\/shop.verlag.uni-potsdam.de\/en\/wp-json\/wp\/v2\/product\/51973","targetHints":{"allow":["GET"]}}],"collection":[{"href":"https:\/\/shop.verlag.uni-potsdam.de\/en\/wp-json\/wp\/v2\/product"}],"about":[{"href":"https:\/\/shop.verlag.uni-potsdam.de\/en\/wp-json\/wp\/v2\/types\/product"}],"wp:featuredmedia":[{"embeddable":true,"href":"https:\/\/shop.verlag.uni-potsdam.de\/en\/wp-json\/wp\/v2\/media\/54161"}],"wp:attachment":[{"href":"https:\/\/shop.verlag.uni-potsdam.de\/en\/wp-json\/wp\/v2\/media?parent=51973"}],"wp:term":[{"taxonomy":"product_brand","embeddable":true,"href":"https:\/\/shop.verlag.uni-potsdam.de\/en\/wp-json\/wp\/v2\/product_brand?post=51973"},{"taxonomy":"product_cat","embeddable":true,"href":"https:\/\/shop.verlag.uni-potsdam.de\/en\/wp-json\/wp\/v2\/product_cat?post=51973"},{"taxonomy":"product_tag","embeddable":true,"href":"https:\/\/shop.verlag.uni-potsdam.de\/en\/wp-json\/wp\/v2\/product_tag?post=51973"}],"curies":[{"name":"wp","href":"https:\/\/api.w.org\/{rel}","templated":true}]}}