{"id":51979,"date":"2026-03-30T12:21:46","date_gmt":"2026-03-30T12:21:46","guid":{"rendered":"http:\/\/shop.verlag.uni-potsdam.de\/produkt\/the-challenge-of-informal-settlement-upgrading\/"},"modified":"2026-03-30T16:22:46","modified_gmt":"2026-03-30T14:22:46","slug":"the-challenge-of-informal-settlement-upgrading","status":"publish","type":"product","link":"https:\/\/shop.verlag.uni-potsdam.de\/en\/shop\/the-challenge-of-informal-settlement-upgrading\/","title":{"rendered":"The challenge of informal settlement upgrading"},"content":{"rendered":"<p>Trotz vieler Herausforderungen und Beschr\u00e4nkungen gilt das Konzept des in situ upgrading informeller Siedlungen als eine der wichtigsten Herangehensweisen an die Wohnraumkrise im \u201eglobalen S\u00fcden\u201c. Aufgrund seiner immanenten Prinzipien einer schrittweisen Entwicklung an Ort und Stelle, der Vermeidung von Umsiedlungen, dem Erhalt lokaler Existenzgrundlagen sowie demokratischer Beteiligung und Kooperation, wird oftmals angenommen, dass diese Herangehensweise nachhaltiger ist, als eine quantitativ ausgerichtete Wohnraumversorgung und Top-Down-Planungsans\u00e4tze. W\u00e4hrend diese Studie die Vorteile des in situ upgrading nicht in Frage stellt, zielt sie darauf ab, Probleme der praktischen Umsetzung dieses Ansatzes in einem spezifischen nationalen und lokalen Kontext zu identifizieren. Die Studie diskutiert die Herkunft und die Bedeutung des in situ upgrading auf der Grundlage einer R\u00fcckschau auf die Entwicklung internationaler Wohnraumpolitik und analysiert den politischen und sozialen Kontext der Einbettung dieses Ansatzes in die s\u00fcdafrikanische Wohnraumpolitik. Dar\u00fcber hinaus macht sie sich Einblicke einer k\u00fcrzlich durchgef\u00fchrten Fallstudie in Kapstadt zunutze, um Probleme und Konflikte zu erfassen, die bei der Umsetzung des in situ upgrading in einem komplexen lokalen Kontext entstehen k\u00f6nnen. Auf dieser Grundlage werden die Vorteile wie auch die Beschr\u00e4nkungen des in situ upgrading n\u00e4her spezifiziert und zentrale Voraussetzungen f\u00fcr eine erfolgreiche Umsetzung des Konzeptes formuliert.<\/p>","protected":false},"excerpt":{"rendered":"<p>Trotz vieler Herausforderungen und Beschr\u00e4nkungen gilt das Konzept des in situ upgrading informeller Siedlungen als eine der wichtigsten Herangehensweisen an die Wohnraumkrise im \u201eglobalen S\u00fcden\u201c. Aufgrund seiner immanenten Prinzipien einer schrittweisen Entwicklung an Ort und Stelle, der Vermeidung von Umsiedlungen, dem Erhalt lokaler Existenzgrundlagen sowie demokratischer Beteiligung und Kooperation, wird oftmals angenommen, dass diese Herangehensweise nachhaltiger ist, als eine quantitativ ausgerichtete Wohnraumversorgung und Top-Down-Planungsans\u00e4tze. W\u00e4hrend diese Studie die Vorteile des in situ upgrading nicht in Frage stellt, zielt sie darauf ab, Probleme der praktischen Umsetzung dieses Ansatzes in einem spezifischen nationalen und lokalen Kontext zu identifizieren. Die Studie diskutiert die Herkunft und die Bedeutung des in situ upgrading auf der Grundlage einer R\u00fcckschau auf die Entwicklung internationaler Wohnraumpolitik und analysiert den politischen und sozialen Kontext der Einbettung dieses Ansatzes in die s\u00fcdafrikanische Wohnraumpolitik. Dar\u00fcber hinaus macht sie sich Einblicke einer k\u00fcrzlich durchgef\u00fchrten Fallstudie in Kapstadt zunutze, um Probleme und Konflikte zu erfassen, die bei der Umsetzung des in situ upgrading in einem komplexen lokalen Kontext entstehen k\u00f6nnen. Auf dieser Grundlage werden die Vorteile wie auch die Beschr\u00e4nkungen des in situ upgrading n\u00e4her spezifiziert und zentrale Voraussetzungen f\u00fcr eine erfolgreiche Umsetzung des Konzeptes formuliert.<\/p>\n","protected":false},"featured_media":54118,"template":"","meta":{"_acf_changed":false},"product_brand":[],"product_cat":[6209],"product_tag":[5570],"class_list":{"0":"post-51979","1":"product","2":"type-product","3":"status-publish","4":"has-post-thumbnail","6":"product_cat-geowissenschaften-web-kategorie","7":"product_tag-kapstadt-suedafrika-in-situ-upgrading-informelle-siedlungen-sozialer-wohnungsbau","8":"autor-daniel-ehebrecht","9":"edition-restexemplare","10":"reihe-potsdamer-geographische-praxis","12":"first","13":"instock","14":"shipping-taxable","15":"purchasable","16":"product-type-simple"},"acf":[],"yoast_head":"<!-- This site is optimized with the Yoast SEO plugin v27.1.1 - https:\/\/yoast.com\/product\/yoast-seo-wordpress\/ -->\n<title>The challenge of informal settlement upgrading - Universit\u00e4tsverlag Potsdam<\/title>\n<meta name=\"robots\" content=\"index, follow, max-snippet:-1, max-image-preview:large, max-video-preview:-1\" \/>\n<link rel=\"canonical\" href=\"https:\/\/shop.verlag.uni-potsdam.de\/en\/shop\/the-challenge-of-informal-settlement-upgrading\/\" \/>\n<meta property=\"og:locale\" content=\"en_US\" \/>\n<meta property=\"og:type\" content=\"article\" \/>\n<meta property=\"og:title\" content=\"The challenge of informal settlement upgrading - Universit\u00e4tsverlag Potsdam\" \/>\n<meta property=\"og:description\" content=\"Trotz vieler Herausforderungen und Beschr\u00e4nkungen gilt das Konzept des in situ upgrading informeller Siedlungen als eine der wichtigsten Herangehensweisen an die Wohnraumkrise im \u201eglobalen S\u00fcden\u201c. Aufgrund seiner immanenten Prinzipien einer schrittweisen Entwicklung an Ort und Stelle, der Vermeidung von Umsiedlungen, dem Erhalt lokaler Existenzgrundlagen sowie demokratischer Beteiligung und Kooperation, wird oftmals angenommen, dass diese Herangehensweise nachhaltiger ist, als eine quantitativ ausgerichtete Wohnraumversorgung und Top-Down-Planungsans\u00e4tze. W\u00e4hrend diese Studie die Vorteile des in situ upgrading nicht in Frage stellt, zielt sie darauf ab, Probleme der praktischen Umsetzung dieses Ansatzes in einem spezifischen nationalen und lokalen Kontext zu identifizieren. Die Studie diskutiert die Herkunft und die Bedeutung des in situ upgrading auf der Grundlage einer R\u00fcckschau auf die Entwicklung internationaler Wohnraumpolitik und analysiert den politischen und sozialen Kontext der Einbettung dieses Ansatzes in die s\u00fcdafrikanische Wohnraumpolitik. Dar\u00fcber hinaus macht sie sich Einblicke einer k\u00fcrzlich durchgef\u00fchrten Fallstudie in Kapstadt zunutze, um Probleme und Konflikte zu erfassen, die bei der Umsetzung des in situ upgrading in einem komplexen lokalen Kontext entstehen k\u00f6nnen. Auf dieser Grundlage werden die Vorteile wie auch die Beschr\u00e4nkungen des in situ upgrading n\u00e4her spezifiziert und zentrale Voraussetzungen f\u00fcr eine erfolgreiche Umsetzung des Konzeptes formuliert.\" \/>\n<meta property=\"og:url\" content=\"https:\/\/shop.verlag.uni-potsdam.de\/en\/shop\/the-challenge-of-informal-settlement-upgrading\/\" \/>\n<meta property=\"og:site_name\" content=\"Universit\u00e4tsverlag Potsdam\" \/>\n<meta property=\"article:modified_time\" content=\"2026-03-30T14:22:46+00:00\" \/>\n<meta property=\"og:image\" content=\"https:\/\/shop.verlag.uni-potsdam.de\/wp-content\/uploads\/asolmerce\/image-9783869563008.jpg\" \/>\n\t<meta property=\"og:image:width\" content=\"454\" \/>\n\t<meta property=\"og:image:height\" content=\"640\" \/>\n\t<meta property=\"og:image:type\" content=\"image\/jpeg\" \/>\n<meta name=\"twitter:card\" content=\"summary_large_image\" \/>\n<meta name=\"twitter:label1\" content=\"Est. reading time\" \/>\n\t<meta name=\"twitter:data1\" content=\"2 minutes\" \/>\n<script type=\"application\/ld+json\" class=\"yoast-schema-graph\">{\"@context\":\"https:\/\/schema.org\",\"@graph\":[{\"@type\":\"WebPage\",\"@id\":\"https:\/\/shop.verlag.uni-potsdam.de\/en\/shop\/the-challenge-of-informal-settlement-upgrading\/\",\"url\":\"https:\/\/shop.verlag.uni-potsdam.de\/en\/shop\/the-challenge-of-informal-settlement-upgrading\/\",\"name\":\"The challenge of informal settlement upgrading - Universit\u00e4tsverlag Potsdam\",\"isPartOf\":{\"@id\":\"https:\/\/shop.verlag.uni-potsdam.de\/en\/#website\"},\"primaryImageOfPage\":{\"@id\":\"https:\/\/shop.verlag.uni-potsdam.de\/en\/shop\/the-challenge-of-informal-settlement-upgrading\/#primaryimage\"},\"image\":{\"@id\":\"https:\/\/shop.verlag.uni-potsdam.de\/shop\/the-challenge-of-informal-settlement-upgrading\/#primaryimage\"},\"thumbnailUrl\":\"https:\/\/shop.verlag.uni-potsdam.de\/wp-content\/uploads\/asolmerce\/image-9783869563008.jpg\",\"datePublished\":\"2026-03-30T12:21:46+00:00\",\"dateModified\":\"2026-03-30T14:22:46+00:00\",\"breadcrumb\":{\"@id\":\"https:\/\/shop.verlag.uni-potsdam.de\/en\/shop\/the-challenge-of-informal-settlement-upgrading\/#breadcrumb\"},\"inLanguage\":\"en-US\",\"potentialAction\":[{\"@type\":\"ReadAction\",\"target\":[[\"https:\/\/shop.verlag.uni-potsdam.de\/en\/shop\/the-challenge-of-informal-settlement-upgrading\/\"]]}]},{\"@type\":\"ImageObject\",\"inLanguage\":\"en-US\",\"@id\":\"https:\/\/shop.verlag.uni-potsdam.de\/en\/shop\/the-challenge-of-informal-settlement-upgrading\/#primaryimage\",\"url\":\"https:\/\/shop.verlag.uni-potsdam.de\/wp-content\/uploads\/asolmerce\/image-9783869563008.jpg\",\"contentUrl\":\"https:\/\/shop.verlag.uni-potsdam.de\/wp-content\/uploads\/asolmerce\/image-9783869563008.jpg\",\"width\":454,\"height\":640},{\"@type\":\"BreadcrumbList\",\"@id\":\"https:\/\/shop.verlag.uni-potsdam.de\/en\/shop\/the-challenge-of-informal-settlement-upgrading\/#breadcrumb\",\"itemListElement\":[{\"@type\":\"ListItem\",\"position\":1,\"name\":\"Startseite\",\"item\":\"https:\/\/shop.verlag.uni-potsdam.de\/en\/\"},{\"@type\":\"ListItem\",\"position\":2,\"name\":\"Shop\",\"item\":\"https:\/\/shop.verlag.uni-potsdam.de\/en\/shop\/\"},{\"@type\":\"ListItem\",\"position\":3,\"name\":\"The challenge of informal settlement upgrading\"}]},{\"@type\":\"WebSite\",\"@id\":\"https:\/\/shop.verlag.uni-potsdam.de\/en\/#website\",\"url\":\"https:\/\/shop.verlag.uni-potsdam.de\/en\/\",\"name\":\"Universit\u00e4tsverlag Potsdam\",\"description\":\"\",\"publisher\":{\"@id\":\"https:\/\/shop.verlag.uni-potsdam.de\/en\/#organization\"},\"potentialAction\":[{\"@type\":\"SearchAction\",\"target\":{\"@type\":\"EntryPoint\",\"urlTemplate\":\"https:\/\/shop.verlag.uni-potsdam.de\/en\/?s={search_term_string}\"},\"query-input\":{\"@type\":\"PropertyValueSpecification\",\"valueRequired\":true,\"valueName\":\"search_term_string\"}}],\"inLanguage\":\"en-US\"},{\"@type\":\"Organization\",\"@id\":\"https:\/\/shop.verlag.uni-potsdam.de\/en\/#organization\",\"name\":\"Universit\u00e4tsverlag Potsdam\",\"url\":\"https:\/\/shop.verlag.uni-potsdam.de\/en\/\",\"logo\":{\"@type\":\"ImageObject\",\"inLanguage\":\"en-US\",\"@id\":\"https:\/\/shop.verlag.uni-potsdam.de\/en\/#\/schema\/logo\/image\/\",\"url\":\"https:\/\/shop.verlag.uni-potsdam.de\/wp-content\/uploads\/2017\/04\/up_logo_university_2.png\",\"contentUrl\":\"https:\/\/shop.verlag.uni-potsdam.de\/wp-content\/uploads\/2017\/04\/up_logo_university_2.png\",\"width\":160,\"height\":172,\"caption\":\"Universit\u00e4tsverlag Potsdam\"},\"image\":{\"@id\":\"https:\/\/shop.verlag.uni-potsdam.de\/en\/#\/schema\/logo\/image\/\"}}]}<\/script>\n<!-- \/ Yoast SEO plugin. -->","yoast_head_json":{"title":"The challenge of informal settlement upgrading - Universit\u00e4tsverlag Potsdam","robots":{"index":"index","follow":"follow","max-snippet":"max-snippet:-1","max-image-preview":"max-image-preview:large","max-video-preview":"max-video-preview:-1"},"canonical":"https:\/\/shop.verlag.uni-potsdam.de\/en\/shop\/the-challenge-of-informal-settlement-upgrading\/","og_locale":"en_US","og_type":"article","og_title":"The challenge of informal settlement upgrading - Universit\u00e4tsverlag Potsdam","og_description":"Trotz vieler Herausforderungen und Beschr\u00e4nkungen gilt das Konzept des in situ upgrading informeller Siedlungen als eine der wichtigsten Herangehensweisen an die Wohnraumkrise im \u201eglobalen S\u00fcden\u201c. Aufgrund seiner immanenten Prinzipien einer schrittweisen Entwicklung an Ort und Stelle, der Vermeidung von Umsiedlungen, dem Erhalt lokaler Existenzgrundlagen sowie demokratischer Beteiligung und Kooperation, wird oftmals angenommen, dass diese Herangehensweise nachhaltiger ist, als eine quantitativ ausgerichtete Wohnraumversorgung und Top-Down-Planungsans\u00e4tze. W\u00e4hrend diese Studie die Vorteile des in situ upgrading nicht in Frage stellt, zielt sie darauf ab, Probleme der praktischen Umsetzung dieses Ansatzes in einem spezifischen nationalen und lokalen Kontext zu identifizieren. Die Studie diskutiert die Herkunft und die Bedeutung des in situ upgrading auf der Grundlage einer R\u00fcckschau auf die Entwicklung internationaler Wohnraumpolitik und analysiert den politischen und sozialen Kontext der Einbettung dieses Ansatzes in die s\u00fcdafrikanische Wohnraumpolitik. Dar\u00fcber hinaus macht sie sich Einblicke einer k\u00fcrzlich durchgef\u00fchrten Fallstudie in Kapstadt zunutze, um Probleme und Konflikte zu erfassen, die bei der Umsetzung des in situ upgrading in einem komplexen lokalen Kontext entstehen k\u00f6nnen. Auf dieser Grundlage werden die Vorteile wie auch die Beschr\u00e4nkungen des in situ upgrading n\u00e4her spezifiziert und zentrale Voraussetzungen f\u00fcr eine erfolgreiche Umsetzung des Konzeptes formuliert.","og_url":"https:\/\/shop.verlag.uni-potsdam.de\/en\/shop\/the-challenge-of-informal-settlement-upgrading\/","og_site_name":"Universit\u00e4tsverlag Potsdam","article_modified_time":"2026-03-30T14:22:46+00:00","og_image":[{"width":454,"height":640,"url":"https:\/\/shop.verlag.uni-potsdam.de\/wp-content\/uploads\/asolmerce\/image-9783869563008.jpg","type":"image\/jpeg"}],"twitter_card":"summary_large_image","twitter_misc":{"Est. reading time":"2 minutes"},"schema":{"@context":"https:\/\/schema.org","@graph":[{"@type":"WebPage","@id":"https:\/\/shop.verlag.uni-potsdam.de\/en\/shop\/the-challenge-of-informal-settlement-upgrading\/","url":"https:\/\/shop.verlag.uni-potsdam.de\/en\/shop\/the-challenge-of-informal-settlement-upgrading\/","name":"The challenge of informal settlement upgrading - Universit\u00e4tsverlag Potsdam","isPartOf":{"@id":"https:\/\/shop.verlag.uni-potsdam.de\/en\/#website"},"primaryImageOfPage":{"@id":"https:\/\/shop.verlag.uni-potsdam.de\/en\/shop\/the-challenge-of-informal-settlement-upgrading\/#primaryimage"},"image":{"@id":"https:\/\/shop.verlag.uni-potsdam.de\/shop\/the-challenge-of-informal-settlement-upgrading\/#primaryimage"},"thumbnailUrl":"https:\/\/shop.verlag.uni-potsdam.de\/wp-content\/uploads\/asolmerce\/image-9783869563008.jpg","datePublished":"2026-03-30T12:21:46+00:00","dateModified":"2026-03-30T14:22:46+00:00","breadcrumb":{"@id":"https:\/\/shop.verlag.uni-potsdam.de\/en\/shop\/the-challenge-of-informal-settlement-upgrading\/#breadcrumb"},"inLanguage":"en-US","potentialAction":[{"@type":"ReadAction","target":[["https:\/\/shop.verlag.uni-potsdam.de\/en\/shop\/the-challenge-of-informal-settlement-upgrading\/"]]}]},{"@type":"ImageObject","inLanguage":"en-US","@id":"https:\/\/shop.verlag.uni-potsdam.de\/en\/shop\/the-challenge-of-informal-settlement-upgrading\/#primaryimage","url":"https:\/\/shop.verlag.uni-potsdam.de\/wp-content\/uploads\/asolmerce\/image-9783869563008.jpg","contentUrl":"https:\/\/shop.verlag.uni-potsdam.de\/wp-content\/uploads\/asolmerce\/image-9783869563008.jpg","width":454,"height":640},{"@type":"BreadcrumbList","@id":"https:\/\/shop.verlag.uni-potsdam.de\/en\/shop\/the-challenge-of-informal-settlement-upgrading\/#breadcrumb","itemListElement":[{"@type":"ListItem","position":1,"name":"Startseite","item":"https:\/\/shop.verlag.uni-potsdam.de\/en\/"},{"@type":"ListItem","position":2,"name":"Shop","item":"https:\/\/shop.verlag.uni-potsdam.de\/en\/shop\/"},{"@type":"ListItem","position":3,"name":"The challenge of informal settlement upgrading"}]},{"@type":"WebSite","@id":"https:\/\/shop.verlag.uni-potsdam.de\/en\/#website","url":"https:\/\/shop.verlag.uni-potsdam.de\/en\/","name":"Universit\u00e4tsverlag Potsdam","description":"","publisher":{"@id":"https:\/\/shop.verlag.uni-potsdam.de\/en\/#organization"},"potentialAction":[{"@type":"SearchAction","target":{"@type":"EntryPoint","urlTemplate":"https:\/\/shop.verlag.uni-potsdam.de\/en\/?s={search_term_string}"},"query-input":{"@type":"PropertyValueSpecification","valueRequired":true,"valueName":"search_term_string"}}],"inLanguage":"en-US"},{"@type":"Organization","@id":"https:\/\/shop.verlag.uni-potsdam.de\/en\/#organization","name":"Universit\u00e4tsverlag Potsdam","url":"https:\/\/shop.verlag.uni-potsdam.de\/en\/","logo":{"@type":"ImageObject","inLanguage":"en-US","@id":"https:\/\/shop.verlag.uni-potsdam.de\/en\/#\/schema\/logo\/image\/","url":"https:\/\/shop.verlag.uni-potsdam.de\/wp-content\/uploads\/2017\/04\/up_logo_university_2.png","contentUrl":"https:\/\/shop.verlag.uni-potsdam.de\/wp-content\/uploads\/2017\/04\/up_logo_university_2.png","width":160,"height":172,"caption":"Universit\u00e4tsverlag Potsdam"},"image":{"@id":"https:\/\/shop.verlag.uni-potsdam.de\/en\/#\/schema\/logo\/image\/"}}]}},"_links":{"self":[{"href":"https:\/\/shop.verlag.uni-potsdam.de\/en\/wp-json\/wp\/v2\/product\/51979","targetHints":{"allow":["GET"]}}],"collection":[{"href":"https:\/\/shop.verlag.uni-potsdam.de\/en\/wp-json\/wp\/v2\/product"}],"about":[{"href":"https:\/\/shop.verlag.uni-potsdam.de\/en\/wp-json\/wp\/v2\/types\/product"}],"wp:featuredmedia":[{"embeddable":true,"href":"https:\/\/shop.verlag.uni-potsdam.de\/en\/wp-json\/wp\/v2\/media\/54118"}],"wp:attachment":[{"href":"https:\/\/shop.verlag.uni-potsdam.de\/en\/wp-json\/wp\/v2\/media?parent=51979"}],"wp:term":[{"taxonomy":"product_brand","embeddable":true,"href":"https:\/\/shop.verlag.uni-potsdam.de\/en\/wp-json\/wp\/v2\/product_brand?post=51979"},{"taxonomy":"product_cat","embeddable":true,"href":"https:\/\/shop.verlag.uni-potsdam.de\/en\/wp-json\/wp\/v2\/product_cat?post=51979"},{"taxonomy":"product_tag","embeddable":true,"href":"https:\/\/shop.verlag.uni-potsdam.de\/en\/wp-json\/wp\/v2\/product_tag?post=51979"}],"curies":[{"name":"wp","href":"https:\/\/api.w.org\/{rel}","templated":true}]}}