{"id":51980,"date":"2026-03-30T12:20:47","date_gmt":"2026-03-30T12:20:47","guid":{"rendered":"http:\/\/shop.verlag.uni-potsdam.de\/produkt\/armut-und-tourismus-in-windhoek\/"},"modified":"2026-03-30T16:21:47","modified_gmt":"2026-03-30T14:21:47","slug":"armut-und-tourismus-in-windhoek","status":"publish","type":"product","link":"https:\/\/shop.verlag.uni-potsdam.de\/en\/shop\/armut-und-tourismus-in-windhoek\/","title":{"rendered":"Armut und Tourismus in Windhoek"},"content":{"rendered":"<p class=\"qtranxs-available-languages-message qtranxs-available-languages-message-en\">Sorry, this entry is only available in <a href=\"https:\/\/shop.verlag.uni-potsdam.de\/de\/wp-json\/wp\/v2\/product\/51980\" class=\"qtranxs-available-language-link qtranxs-available-language-link-de\" title=\"Deutsch\">Deutsch<\/a>.<\/p><p>Seit Mitte der 1990er Jahre werden in Windhoektouristische Besichtigungstouren durch das ehemalige Township Katutura angeboten. Damit war der St\u00e4dtetourismus in der namibischen Hauptstadt recht fr\u00fch Teil eines Trends, der zu Beginn desselben Jahrzehnts \u2013 ausgehend vom Nachbarland S\u00fcdafrika \u2013 einsetzte: die touristische Inwertsetzung st\u00e4dtischer Armutsviertel. Dieses h\u00e4ufig als \u201eSlum- oder Armutstourismus\u201c bezeichnete Ph\u00e4nomen sorgt seit seiner Entstehung nicht nur f\u00fcr einiges mediales Aufsehen und eine \u00f6ffentliche Emp\u00f6rung, sondern das Global Slumming wird in den letzten Jahren auch immer mehr zum Gegenstand wissenschaftlicher Forschung. Der Slumtourismus bietet den Anlass neu \u00fcber das Verh\u00e4ltnis von Armut und Tourismus im weltgesellschaftlichen Kontext nachzudenken. Diese Publikation ist das Ergebnis eines Studienprojekts des Instituts f\u00fcr Geographie der Universit\u00e4t Osnabr\u00fcck. Sie ist die erste umfangreichere empirische Fallstudie zum Townshiptourismus in Namibia.<\/p>","protected":false},"excerpt":{"rendered":"<p class=\"qtranxs-available-languages-message qtranxs-available-languages-message-en\">Sorry, this entry is only available in <a href=\"https:\/\/shop.verlag.uni-potsdam.de\/de\/wp-json\/wp\/v2\/product\/51980\" class=\"qtranxs-available-language-link qtranxs-available-language-link-de\" title=\"Deutsch\">Deutsch<\/a>.<\/p>\n<p>Seit Mitte der 1990er Jahre werden in Windhoektouristische Besichtigungstouren durch das ehemalige Township Katutura angeboten. Damit war der St\u00e4dtetourismus in der namibischen Hauptstadt recht fr\u00fch Teil eines Trends, der zu Beginn desselben Jahrzehnts \u2013 ausgehend vom Nachbarland S\u00fcdafrika \u2013 einsetzte: die touristische Inwertsetzung st\u00e4dtischer Armutsviertel. Dieses h\u00e4ufig als \u201eSlum- oder Armutstourismus\u201c bezeichnete Ph\u00e4nomen sorgt seit seiner Entstehung nicht nur f\u00fcr einiges mediales Aufsehen und eine \u00f6ffentliche Emp\u00f6rung, sondern das Global Slumming wird in den letzten Jahren auch immer mehr zum Gegenstand wissenschaftlicher Forschung. Der Slumtourismus bietet den Anlass neu \u00fcber das Verh\u00e4ltnis von Armut und Tourismus im weltgesellschaftlichen Kontext nachzudenken. Diese Publikation ist das Ergebnis eines Studienprojekts des Instituts f\u00fcr Geographie der Universit\u00e4t Osnabr\u00fcck. Sie ist die erste umfangreichere empirische Fallstudie zum Townshiptourismus in Namibia.<\/p>\n","protected":false},"featured_media":54145,"template":"","meta":{"_acf_changed":false},"product_brand":[],"product_cat":[6209],"product_tag":[5564],"class_list":{"0":"post-51980","1":"product","2":"type-product","3":"status-publish","4":"has-post-thumbnail","6":"product_cat-geowissenschaften-web-kategorie","7":"product_tag-armut-authentizitaet-katutura-namibia-slumming-slumtourismus-tourismus-township-townshiptourismus-windhoek","8":"autor-berenike-schauwinhold","9":"autor-malte-steinbrink","10":"autor-martin-legant","11":"autor-michael-buning","12":"autor-tore-suessenguth","13":"reihe-potsdamer-geographische-praxis","15":"first","16":"instock","17":"shipping-taxable","18":"purchasable","19":"product-type-simple"},"acf":[],"yoast_head":"<!-- This site is optimized with the Yoast SEO plugin v27.1.1 - https:\/\/yoast.com\/product\/yoast-seo-wordpress\/ -->\n<title>Armut und Tourismus in Windhoek - Universit\u00e4tsverlag Potsdam<\/title>\n<meta name=\"robots\" content=\"index, follow, max-snippet:-1, max-image-preview:large, max-video-preview:-1\" \/>\n<link rel=\"canonical\" href=\"https:\/\/shop.verlag.uni-potsdam.de\/en\/shop\/armut-und-tourismus-in-windhoek\/\" \/>\n<meta property=\"og:locale\" content=\"en_US\" \/>\n<meta property=\"og:type\" content=\"article\" \/>\n<meta property=\"og:title\" content=\"Armut und Tourismus in Windhoek - Universit\u00e4tsverlag Potsdam\" \/>\n<meta property=\"og:description\" content=\"Seit Mitte der 1990er Jahre werden in Windhoektouristische Besichtigungstouren durch das ehemalige Township Katutura angeboten. Damit war der St\u00e4dtetourismus in der namibischen Hauptstadt recht fr\u00fch Teil eines Trends, der zu Beginn desselben Jahrzehnts \u2013 ausgehend vom Nachbarland S\u00fcdafrika \u2013 einsetzte: die touristische Inwertsetzung st\u00e4dtischer Armutsviertel. Dieses h\u00e4ufig als \u201eSlum- oder Armutstourismus\u201c bezeichnete Ph\u00e4nomen sorgt seit seiner Entstehung nicht nur f\u00fcr einiges mediales Aufsehen und eine \u00f6ffentliche Emp\u00f6rung, sondern das Global Slumming wird in den letzten Jahren auch immer mehr zum Gegenstand wissenschaftlicher Forschung. Der Slumtourismus bietet den Anlass neu \u00fcber das Verh\u00e4ltnis von Armut und Tourismus im weltgesellschaftlichen Kontext nachzudenken. Diese Publikation ist das Ergebnis eines Studienprojekts des Instituts f\u00fcr Geographie der Universit\u00e4t Osnabr\u00fcck. Sie ist die erste umfangreichere empirische Fallstudie zum Townshiptourismus in Namibia.\" \/>\n<meta property=\"og:url\" content=\"https:\/\/shop.verlag.uni-potsdam.de\/en\/shop\/armut-und-tourismus-in-windhoek\/\" \/>\n<meta property=\"og:site_name\" content=\"Universit\u00e4tsverlag Potsdam\" \/>\n<meta property=\"article:modified_time\" content=\"2026-03-30T14:21:47+00:00\" \/>\n<meta property=\"og:image\" content=\"https:\/\/shop.verlag.uni-potsdam.de\/wp-content\/uploads\/asolmerce\/image-9783869563220.jpg\" \/>\n\t<meta property=\"og:image:width\" content=\"454\" \/>\n\t<meta property=\"og:image:height\" content=\"640\" \/>\n\t<meta property=\"og:image:type\" content=\"image\/jpeg\" \/>\n<meta name=\"twitter:card\" content=\"summary_large_image\" \/>\n<meta name=\"twitter:label1\" content=\"Est. reading time\" \/>\n\t<meta name=\"twitter:data1\" content=\"1 minute\" \/>\n<script type=\"application\/ld+json\" class=\"yoast-schema-graph\">{\"@context\":\"https:\/\/schema.org\",\"@graph\":[{\"@type\":\"WebPage\",\"@id\":\"https:\/\/shop.verlag.uni-potsdam.de\/en\/shop\/armut-und-tourismus-in-windhoek\/\",\"url\":\"https:\/\/shop.verlag.uni-potsdam.de\/en\/shop\/armut-und-tourismus-in-windhoek\/\",\"name\":\"Armut und Tourismus in Windhoek - Universit\u00e4tsverlag Potsdam\",\"isPartOf\":{\"@id\":\"https:\/\/shop.verlag.uni-potsdam.de\/en\/#website\"},\"primaryImageOfPage\":{\"@id\":\"https:\/\/shop.verlag.uni-potsdam.de\/en\/shop\/armut-und-tourismus-in-windhoek\/#primaryimage\"},\"image\":{\"@id\":\"https:\/\/shop.verlag.uni-potsdam.de\/shop\/armut-und-tourismus-in-windhoek\/#primaryimage\"},\"thumbnailUrl\":\"https:\/\/shop.verlag.uni-potsdam.de\/wp-content\/uploads\/asolmerce\/image-9783869563220.jpg\",\"datePublished\":\"2026-03-30T12:20:47+00:00\",\"dateModified\":\"2026-03-30T14:21:47+00:00\",\"breadcrumb\":{\"@id\":\"https:\/\/shop.verlag.uni-potsdam.de\/en\/shop\/armut-und-tourismus-in-windhoek\/#breadcrumb\"},\"inLanguage\":\"en-US\",\"potentialAction\":[{\"@type\":\"ReadAction\",\"target\":[[\"https:\/\/shop.verlag.uni-potsdam.de\/en\/shop\/armut-und-tourismus-in-windhoek\/\"]]}]},{\"@type\":\"ImageObject\",\"inLanguage\":\"en-US\",\"@id\":\"https:\/\/shop.verlag.uni-potsdam.de\/en\/shop\/armut-und-tourismus-in-windhoek\/#primaryimage\",\"url\":\"https:\/\/shop.verlag.uni-potsdam.de\/wp-content\/uploads\/asolmerce\/image-9783869563220.jpg\",\"contentUrl\":\"https:\/\/shop.verlag.uni-potsdam.de\/wp-content\/uploads\/asolmerce\/image-9783869563220.jpg\",\"width\":454,\"height\":640},{\"@type\":\"BreadcrumbList\",\"@id\":\"https:\/\/shop.verlag.uni-potsdam.de\/en\/shop\/armut-und-tourismus-in-windhoek\/#breadcrumb\",\"itemListElement\":[{\"@type\":\"ListItem\",\"position\":1,\"name\":\"Startseite\",\"item\":\"https:\/\/shop.verlag.uni-potsdam.de\/en\/\"},{\"@type\":\"ListItem\",\"position\":2,\"name\":\"Shop\",\"item\":\"https:\/\/shop.verlag.uni-potsdam.de\/en\/shop\/\"},{\"@type\":\"ListItem\",\"position\":3,\"name\":\"Armut und Tourismus in Windhoek\"}]},{\"@type\":\"WebSite\",\"@id\":\"https:\/\/shop.verlag.uni-potsdam.de\/en\/#website\",\"url\":\"https:\/\/shop.verlag.uni-potsdam.de\/en\/\",\"name\":\"Universit\u00e4tsverlag Potsdam\",\"description\":\"\",\"publisher\":{\"@id\":\"https:\/\/shop.verlag.uni-potsdam.de\/en\/#organization\"},\"potentialAction\":[{\"@type\":\"SearchAction\",\"target\":{\"@type\":\"EntryPoint\",\"urlTemplate\":\"https:\/\/shop.verlag.uni-potsdam.de\/en\/?s={search_term_string}\"},\"query-input\":{\"@type\":\"PropertyValueSpecification\",\"valueRequired\":true,\"valueName\":\"search_term_string\"}}],\"inLanguage\":\"en-US\"},{\"@type\":\"Organization\",\"@id\":\"https:\/\/shop.verlag.uni-potsdam.de\/en\/#organization\",\"name\":\"Universit\u00e4tsverlag Potsdam\",\"url\":\"https:\/\/shop.verlag.uni-potsdam.de\/en\/\",\"logo\":{\"@type\":\"ImageObject\",\"inLanguage\":\"en-US\",\"@id\":\"https:\/\/shop.verlag.uni-potsdam.de\/en\/#\/schema\/logo\/image\/\",\"url\":\"https:\/\/shop.verlag.uni-potsdam.de\/wp-content\/uploads\/2017\/04\/up_logo_university_2.png\",\"contentUrl\":\"https:\/\/shop.verlag.uni-potsdam.de\/wp-content\/uploads\/2017\/04\/up_logo_university_2.png\",\"width\":160,\"height\":172,\"caption\":\"Universit\u00e4tsverlag Potsdam\"},\"image\":{\"@id\":\"https:\/\/shop.verlag.uni-potsdam.de\/en\/#\/schema\/logo\/image\/\"}}]}<\/script>\n<!-- \/ Yoast SEO plugin. -->","yoast_head_json":{"title":"Armut und Tourismus in Windhoek - Universit\u00e4tsverlag Potsdam","robots":{"index":"index","follow":"follow","max-snippet":"max-snippet:-1","max-image-preview":"max-image-preview:large","max-video-preview":"max-video-preview:-1"},"canonical":"https:\/\/shop.verlag.uni-potsdam.de\/en\/shop\/armut-und-tourismus-in-windhoek\/","og_locale":"en_US","og_type":"article","og_title":"Armut und Tourismus in Windhoek - Universit\u00e4tsverlag Potsdam","og_description":"Seit Mitte der 1990er Jahre werden in Windhoektouristische Besichtigungstouren durch das ehemalige Township Katutura angeboten. Damit war der St\u00e4dtetourismus in der namibischen Hauptstadt recht fr\u00fch Teil eines Trends, der zu Beginn desselben Jahrzehnts \u2013 ausgehend vom Nachbarland S\u00fcdafrika \u2013 einsetzte: die touristische Inwertsetzung st\u00e4dtischer Armutsviertel. Dieses h\u00e4ufig als \u201eSlum- oder Armutstourismus\u201c bezeichnete Ph\u00e4nomen sorgt seit seiner Entstehung nicht nur f\u00fcr einiges mediales Aufsehen und eine \u00f6ffentliche Emp\u00f6rung, sondern das Global Slumming wird in den letzten Jahren auch immer mehr zum Gegenstand wissenschaftlicher Forschung. Der Slumtourismus bietet den Anlass neu \u00fcber das Verh\u00e4ltnis von Armut und Tourismus im weltgesellschaftlichen Kontext nachzudenken. Diese Publikation ist das Ergebnis eines Studienprojekts des Instituts f\u00fcr Geographie der Universit\u00e4t Osnabr\u00fcck. Sie ist die erste umfangreichere empirische Fallstudie zum Townshiptourismus in Namibia.","og_url":"https:\/\/shop.verlag.uni-potsdam.de\/en\/shop\/armut-und-tourismus-in-windhoek\/","og_site_name":"Universit\u00e4tsverlag Potsdam","article_modified_time":"2026-03-30T14:21:47+00:00","og_image":[{"width":454,"height":640,"url":"https:\/\/shop.verlag.uni-potsdam.de\/wp-content\/uploads\/asolmerce\/image-9783869563220.jpg","type":"image\/jpeg"}],"twitter_card":"summary_large_image","twitter_misc":{"Est. reading time":"1 minute"},"schema":{"@context":"https:\/\/schema.org","@graph":[{"@type":"WebPage","@id":"https:\/\/shop.verlag.uni-potsdam.de\/en\/shop\/armut-und-tourismus-in-windhoek\/","url":"https:\/\/shop.verlag.uni-potsdam.de\/en\/shop\/armut-und-tourismus-in-windhoek\/","name":"Armut und Tourismus in Windhoek - Universit\u00e4tsverlag Potsdam","isPartOf":{"@id":"https:\/\/shop.verlag.uni-potsdam.de\/en\/#website"},"primaryImageOfPage":{"@id":"https:\/\/shop.verlag.uni-potsdam.de\/en\/shop\/armut-und-tourismus-in-windhoek\/#primaryimage"},"image":{"@id":"https:\/\/shop.verlag.uni-potsdam.de\/shop\/armut-und-tourismus-in-windhoek\/#primaryimage"},"thumbnailUrl":"https:\/\/shop.verlag.uni-potsdam.de\/wp-content\/uploads\/asolmerce\/image-9783869563220.jpg","datePublished":"2026-03-30T12:20:47+00:00","dateModified":"2026-03-30T14:21:47+00:00","breadcrumb":{"@id":"https:\/\/shop.verlag.uni-potsdam.de\/en\/shop\/armut-und-tourismus-in-windhoek\/#breadcrumb"},"inLanguage":"en-US","potentialAction":[{"@type":"ReadAction","target":[["https:\/\/shop.verlag.uni-potsdam.de\/en\/shop\/armut-und-tourismus-in-windhoek\/"]]}]},{"@type":"ImageObject","inLanguage":"en-US","@id":"https:\/\/shop.verlag.uni-potsdam.de\/en\/shop\/armut-und-tourismus-in-windhoek\/#primaryimage","url":"https:\/\/shop.verlag.uni-potsdam.de\/wp-content\/uploads\/asolmerce\/image-9783869563220.jpg","contentUrl":"https:\/\/shop.verlag.uni-potsdam.de\/wp-content\/uploads\/asolmerce\/image-9783869563220.jpg","width":454,"height":640},{"@type":"BreadcrumbList","@id":"https:\/\/shop.verlag.uni-potsdam.de\/en\/shop\/armut-und-tourismus-in-windhoek\/#breadcrumb","itemListElement":[{"@type":"ListItem","position":1,"name":"Startseite","item":"https:\/\/shop.verlag.uni-potsdam.de\/en\/"},{"@type":"ListItem","position":2,"name":"Shop","item":"https:\/\/shop.verlag.uni-potsdam.de\/en\/shop\/"},{"@type":"ListItem","position":3,"name":"Armut und Tourismus in Windhoek"}]},{"@type":"WebSite","@id":"https:\/\/shop.verlag.uni-potsdam.de\/en\/#website","url":"https:\/\/shop.verlag.uni-potsdam.de\/en\/","name":"Universit\u00e4tsverlag Potsdam","description":"","publisher":{"@id":"https:\/\/shop.verlag.uni-potsdam.de\/en\/#organization"},"potentialAction":[{"@type":"SearchAction","target":{"@type":"EntryPoint","urlTemplate":"https:\/\/shop.verlag.uni-potsdam.de\/en\/?s={search_term_string}"},"query-input":{"@type":"PropertyValueSpecification","valueRequired":true,"valueName":"search_term_string"}}],"inLanguage":"en-US"},{"@type":"Organization","@id":"https:\/\/shop.verlag.uni-potsdam.de\/en\/#organization","name":"Universit\u00e4tsverlag Potsdam","url":"https:\/\/shop.verlag.uni-potsdam.de\/en\/","logo":{"@type":"ImageObject","inLanguage":"en-US","@id":"https:\/\/shop.verlag.uni-potsdam.de\/en\/#\/schema\/logo\/image\/","url":"https:\/\/shop.verlag.uni-potsdam.de\/wp-content\/uploads\/2017\/04\/up_logo_university_2.png","contentUrl":"https:\/\/shop.verlag.uni-potsdam.de\/wp-content\/uploads\/2017\/04\/up_logo_university_2.png","width":160,"height":172,"caption":"Universit\u00e4tsverlag Potsdam"},"image":{"@id":"https:\/\/shop.verlag.uni-potsdam.de\/en\/#\/schema\/logo\/image\/"}}]}},"_links":{"self":[{"href":"https:\/\/shop.verlag.uni-potsdam.de\/en\/wp-json\/wp\/v2\/product\/51980","targetHints":{"allow":["GET"]}}],"collection":[{"href":"https:\/\/shop.verlag.uni-potsdam.de\/en\/wp-json\/wp\/v2\/product"}],"about":[{"href":"https:\/\/shop.verlag.uni-potsdam.de\/en\/wp-json\/wp\/v2\/types\/product"}],"wp:featuredmedia":[{"embeddable":true,"href":"https:\/\/shop.verlag.uni-potsdam.de\/en\/wp-json\/wp\/v2\/media\/54145"}],"wp:attachment":[{"href":"https:\/\/shop.verlag.uni-potsdam.de\/en\/wp-json\/wp\/v2\/media?parent=51980"}],"wp:term":[{"taxonomy":"product_brand","embeddable":true,"href":"https:\/\/shop.verlag.uni-potsdam.de\/en\/wp-json\/wp\/v2\/product_brand?post=51980"},{"taxonomy":"product_cat","embeddable":true,"href":"https:\/\/shop.verlag.uni-potsdam.de\/en\/wp-json\/wp\/v2\/product_cat?post=51980"},{"taxonomy":"product_tag","embeddable":true,"href":"https:\/\/shop.verlag.uni-potsdam.de\/en\/wp-json\/wp\/v2\/product_tag?post=51980"}],"curies":[{"name":"wp","href":"https:\/\/api.w.org\/{rel}","templated":true}]}}