{"id":51983,"date":"2026-04-27T05:36:45","date_gmt":"2026-04-27T05:36:45","guid":{"rendered":"http:\/\/shop.verlag.uni-potsdam.de\/produkt\/muslimische-bestattungsriten-und-deutsches-friedhofs-und-bestattungsrecht\/"},"modified":"2026-04-27T09:37:45","modified_gmt":"2026-04-27T07:37:45","slug":"muslimische-bestattungsriten-und-deutsches-friedhofs-und-bestattungsrecht","status":"publish","type":"product","link":"https:\/\/shop.verlag.uni-potsdam.de\/en\/shop\/muslimische-bestattungsriten-und-deutsches-friedhofs-und-bestattungsrecht\/","title":{"rendered":"Muslimische Bestattungsriten und deutsches Friedhofs- und Bestattungsrecht"},"content":{"rendered":"<p class=\"qtranxs-available-languages-message qtranxs-available-languages-message-en\">Sorry, this entry is only available in <a href=\"https:\/\/shop.verlag.uni-potsdam.de\/de\/wp-json\/wp\/v2\/product\/51983\" class=\"qtranxs-available-language-link qtranxs-available-language-link-de\" title=\"Deutsch\">Deutsch<\/a>.<\/p><p>Ungef\u00e4hr f\u00fcnf Prozent der deutschen Bev\u00f6lkerung sind muslimischen Glaubens. Dennoch blieb die Problematik der islamischen Bestattungsriten und ihrer Vereinbarkeit mit dem deutschen Friedhofs- und Bestattungsrecht lange weitgehend unbeachtet. Obwohl das islamische Recht vorschreibt, die Toten unverz\u00fcglich zu bestatten, wurden bis zu 95 % der muslimischen Verstorbenen in ihre \u201eHeimatl\u00e4nder\u201c \u00fcberf\u00fchrt. Es bestehen verbreitete Bef\u00fcrchtungen, auf deutschen Friedh\u00f6fen nicht nach islamischem Ritus beerdigt werden zu k\u00f6nnen. Dieses Arbeitsheft stellt die f\u00fcr das deutsche Friedhofs- und Bestattungsrecht relevanten islamischen Bestattungsriten dar, erl\u00e4utert die jeweilige rechtliche Situation in den Bundesl\u00e4ndern (Stand: 1. Januar 2015), bewertet diese aus verfassungsrechtlicher Perspektive und beschreibt Erfahrungen aus der Praxis. Es widmet sich dabei insbesondere Fragen der rituellen Waschung, des Totengebets, der Bestattung im Leichentuch, der Bestattungsfrist, der Grabaushebung, des Tragens des Leichnams, der Grabschlie\u00dfung, des ewigen Ruherechts, der Anlage muslimischer Grabfelder, der Ausrichtung des Grabes nach Mekka, der Grabgestaltung und Grabpflege sowie der M\u00f6glichkeit muslimischer Friedhofstr\u00e4gerschaft. Das Arbeitsheft richtet sich an PraktikerInnen in den Friedhofsverwaltungen und (kommunale) Entscheidungstr\u00e4gerInnen ebenso wie an juristisch geschulte LeserInnen und interessierte Laien.<\/p>","protected":false},"excerpt":{"rendered":"<p class=\"qtranxs-available-languages-message qtranxs-available-languages-message-en\">Sorry, this entry is only available in <a href=\"https:\/\/shop.verlag.uni-potsdam.de\/de\/wp-json\/wp\/v2\/product\/51983\" class=\"qtranxs-available-language-link qtranxs-available-language-link-de\" title=\"Deutsch\">Deutsch<\/a>.<\/p>\n<p>Ungef\u00e4hr f\u00fcnf Prozent der deutschen Bev\u00f6lkerung sind muslimischen Glaubens. Dennoch blieb die Problematik der islamischen Bestattungsriten und ihrer Vereinbarkeit mit dem deutschen Friedhofs- und Bestattungsrecht lange weitgehend unbeachtet. Obwohl das islamische Recht vorschreibt, die Toten unverz\u00fcglich zu bestatten, wurden bis zu 95 % der muslimischen Verstorbenen in ihre \u201eHeimatl\u00e4nder\u201c \u00fcberf\u00fchrt. Es bestehen verbreitete Bef\u00fcrchtungen, auf deutschen Friedh\u00f6fen nicht nach islamischem Ritus beerdigt werden zu k\u00f6nnen. Dieses Arbeitsheft stellt die f\u00fcr das deutsche Friedhofs- und Bestattungsrecht relevanten islamischen Bestattungsriten dar, erl\u00e4utert die jeweilige rechtliche Situation in den Bundesl\u00e4ndern (Stand: 1. Januar 2015), bewertet diese aus verfassungsrechtlicher Perspektive und beschreibt Erfahrungen aus der Praxis. Es widmet sich dabei insbesondere Fragen der rituellen Waschung, des Totengebets, der Bestattung im Leichentuch, der Bestattungsfrist, der Grabaushebung, des Tragens des Leichnams, der Grabschlie\u00dfung, des ewigen Ruherechts, der Anlage muslimischer Grabfelder, der Ausrichtung des Grabes nach Mekka, der Grabgestaltung und Grabpflege sowie der M\u00f6glichkeit muslimischer Friedhofstr\u00e4gerschaft. Das Arbeitsheft richtet sich an PraktikerInnen in den Friedhofsverwaltungen und (kommunale) Entscheidungstr\u00e4gerInnen ebenso wie an juristisch geschulte LeserInnen und interessierte Laien.<\/p>\n","protected":false},"featured_media":54143,"template":"","meta":{"_acf_changed":false},"product_brand":[],"product_cat":[6225],"product_tag":[5856],"class_list":{"0":"post-51983","1":"product","2":"type-product","3":"status-publish","4":"has-post-thumbnail","6":"product_cat-recht-web-kategorie","7":"product_tag-bestattungsrecht-friedhofsrecht-islam","8":"autor-matthias-s-holland","10":"first","11":"instock","12":"shipping-taxable","13":"purchasable","14":"product-type-simple"},"acf":[],"yoast_head":"<!-- This site is optimized with the Yoast SEO plugin v27.1.1 - https:\/\/yoast.com\/product\/yoast-seo-wordpress\/ -->\n<title>Muslimische Bestattungsriten und deutsches Friedhofs- und Bestattungsrecht - Universit\u00e4tsverlag Potsdam<\/title>\n<meta name=\"robots\" content=\"index, follow, max-snippet:-1, max-image-preview:large, max-video-preview:-1\" \/>\n<link rel=\"canonical\" href=\"https:\/\/shop.verlag.uni-potsdam.de\/en\/shop\/muslimische-bestattungsriten-und-deutsches-friedhofs-und-bestattungsrecht\/\" \/>\n<meta property=\"og:locale\" content=\"en_US\" \/>\n<meta property=\"og:type\" content=\"article\" \/>\n<meta property=\"og:title\" content=\"Muslimische Bestattungsriten und deutsches Friedhofs- und Bestattungsrecht - Universit\u00e4tsverlag Potsdam\" \/>\n<meta property=\"og:description\" content=\"Ungef\u00e4hr f\u00fcnf Prozent der deutschen Bev\u00f6lkerung sind muslimischen Glaubens. Dennoch blieb die Problematik der islamischen Bestattungsriten und ihrer Vereinbarkeit mit dem deutschen Friedhofs- und Bestattungsrecht lange weitgehend unbeachtet. Obwohl das islamische Recht vorschreibt, die Toten unverz\u00fcglich zu bestatten, wurden bis zu 95 % der muslimischen Verstorbenen in ihre \u201eHeimatl\u00e4nder\u201c \u00fcberf\u00fchrt. Es bestehen verbreitete Bef\u00fcrchtungen, auf deutschen Friedh\u00f6fen nicht nach islamischem Ritus beerdigt werden zu k\u00f6nnen. Dieses Arbeitsheft stellt die f\u00fcr das deutsche Friedhofs- und Bestattungsrecht relevanten islamischen Bestattungsriten dar, erl\u00e4utert die jeweilige rechtliche Situation in den Bundesl\u00e4ndern (Stand: 1. Januar 2015), bewertet diese aus verfassungsrechtlicher Perspektive und beschreibt Erfahrungen aus der Praxis. Es widmet sich dabei insbesondere Fragen der rituellen Waschung, des Totengebets, der Bestattung im Leichentuch, der Bestattungsfrist, der Grabaushebung, des Tragens des Leichnams, der Grabschlie\u00dfung, des ewigen Ruherechts, der Anlage muslimischer Grabfelder, der Ausrichtung des Grabes nach Mekka, der Grabgestaltung und Grabpflege sowie der M\u00f6glichkeit muslimischer Friedhofstr\u00e4gerschaft. Das Arbeitsheft richtet sich an PraktikerInnen in den Friedhofsverwaltungen und (kommunale) Entscheidungstr\u00e4gerInnen ebenso wie an juristisch geschulte LeserInnen und interessierte Laien.\" \/>\n<meta property=\"og:url\" content=\"https:\/\/shop.verlag.uni-potsdam.de\/en\/shop\/muslimische-bestattungsriten-und-deutsches-friedhofs-und-bestattungsrecht\/\" \/>\n<meta property=\"og:site_name\" content=\"Universit\u00e4tsverlag Potsdam\" \/>\n<meta property=\"article:modified_time\" content=\"2026-04-27T07:37:45+00:00\" \/>\n<meta property=\"og:image\" content=\"https:\/\/shop.verlag.uni-potsdam.de\/wp-content\/uploads\/asolmerce\/image-9783869562957.jpg\" \/>\n\t<meta property=\"og:image:width\" content=\"420\" \/>\n\t<meta property=\"og:image:height\" content=\"595\" \/>\n\t<meta property=\"og:image:type\" content=\"image\/jpeg\" \/>\n<meta name=\"twitter:card\" content=\"summary_large_image\" \/>\n<meta name=\"twitter:label1\" content=\"Est. reading time\" \/>\n\t<meta name=\"twitter:data1\" content=\"1 minute\" \/>\n<script type=\"application\/ld+json\" class=\"yoast-schema-graph\">{\"@context\":\"https:\/\/schema.org\",\"@graph\":[{\"@type\":\"WebPage\",\"@id\":\"https:\/\/shop.verlag.uni-potsdam.de\/en\/shop\/muslimische-bestattungsriten-und-deutsches-friedhofs-und-bestattungsrecht\/\",\"url\":\"https:\/\/shop.verlag.uni-potsdam.de\/en\/shop\/muslimische-bestattungsriten-und-deutsches-friedhofs-und-bestattungsrecht\/\",\"name\":\"Muslimische Bestattungsriten und deutsches Friedhofs- und Bestattungsrecht - Universit\u00e4tsverlag Potsdam\",\"isPartOf\":{\"@id\":\"https:\/\/shop.verlag.uni-potsdam.de\/en\/#website\"},\"primaryImageOfPage\":{\"@id\":\"https:\/\/shop.verlag.uni-potsdam.de\/en\/shop\/muslimische-bestattungsriten-und-deutsches-friedhofs-und-bestattungsrecht\/#primaryimage\"},\"image\":{\"@id\":\"https:\/\/shop.verlag.uni-potsdam.de\/shop\/muslimische-bestattungsriten-und-deutsches-friedhofs-und-bestattungsrecht\/#primaryimage\"},\"thumbnailUrl\":\"https:\/\/shop.verlag.uni-potsdam.de\/wp-content\/uploads\/asolmerce\/image-9783869562957.jpg\",\"datePublished\":\"2026-04-27T05:36:45+00:00\",\"dateModified\":\"2026-04-27T07:37:45+00:00\",\"breadcrumb\":{\"@id\":\"https:\/\/shop.verlag.uni-potsdam.de\/en\/shop\/muslimische-bestattungsriten-und-deutsches-friedhofs-und-bestattungsrecht\/#breadcrumb\"},\"inLanguage\":\"en-US\",\"potentialAction\":[{\"@type\":\"ReadAction\",\"target\":[[\"https:\/\/shop.verlag.uni-potsdam.de\/en\/shop\/muslimische-bestattungsriten-und-deutsches-friedhofs-und-bestattungsrecht\/\"]]}]},{\"@type\":\"ImageObject\",\"inLanguage\":\"en-US\",\"@id\":\"https:\/\/shop.verlag.uni-potsdam.de\/en\/shop\/muslimische-bestattungsriten-und-deutsches-friedhofs-und-bestattungsrecht\/#primaryimage\",\"url\":\"https:\/\/shop.verlag.uni-potsdam.de\/wp-content\/uploads\/asolmerce\/image-9783869562957.jpg\",\"contentUrl\":\"https:\/\/shop.verlag.uni-potsdam.de\/wp-content\/uploads\/asolmerce\/image-9783869562957.jpg\",\"width\":420,\"height\":595},{\"@type\":\"BreadcrumbList\",\"@id\":\"https:\/\/shop.verlag.uni-potsdam.de\/en\/shop\/muslimische-bestattungsriten-und-deutsches-friedhofs-und-bestattungsrecht\/#breadcrumb\",\"itemListElement\":[{\"@type\":\"ListItem\",\"position\":1,\"name\":\"Startseite\",\"item\":\"https:\/\/shop.verlag.uni-potsdam.de\/en\/\"},{\"@type\":\"ListItem\",\"position\":2,\"name\":\"Shop\",\"item\":\"https:\/\/shop.verlag.uni-potsdam.de\/en\/shop\/\"},{\"@type\":\"ListItem\",\"position\":3,\"name\":\"Muslimische Bestattungsriten und deutsches Friedhofs- und Bestattungsrecht\"}]},{\"@type\":\"WebSite\",\"@id\":\"https:\/\/shop.verlag.uni-potsdam.de\/en\/#website\",\"url\":\"https:\/\/shop.verlag.uni-potsdam.de\/en\/\",\"name\":\"Universit\u00e4tsverlag Potsdam\",\"description\":\"\",\"publisher\":{\"@id\":\"https:\/\/shop.verlag.uni-potsdam.de\/en\/#organization\"},\"potentialAction\":[{\"@type\":\"SearchAction\",\"target\":{\"@type\":\"EntryPoint\",\"urlTemplate\":\"https:\/\/shop.verlag.uni-potsdam.de\/en\/?s={search_term_string}\"},\"query-input\":{\"@type\":\"PropertyValueSpecification\",\"valueRequired\":true,\"valueName\":\"search_term_string\"}}],\"inLanguage\":\"en-US\"},{\"@type\":\"Organization\",\"@id\":\"https:\/\/shop.verlag.uni-potsdam.de\/en\/#organization\",\"name\":\"Universit\u00e4tsverlag Potsdam\",\"url\":\"https:\/\/shop.verlag.uni-potsdam.de\/en\/\",\"logo\":{\"@type\":\"ImageObject\",\"inLanguage\":\"en-US\",\"@id\":\"https:\/\/shop.verlag.uni-potsdam.de\/en\/#\/schema\/logo\/image\/\",\"url\":\"https:\/\/shop.verlag.uni-potsdam.de\/wp-content\/uploads\/2017\/04\/up_logo_university_2.png\",\"contentUrl\":\"https:\/\/shop.verlag.uni-potsdam.de\/wp-content\/uploads\/2017\/04\/up_logo_university_2.png\",\"width\":160,\"height\":172,\"caption\":\"Universit\u00e4tsverlag Potsdam\"},\"image\":{\"@id\":\"https:\/\/shop.verlag.uni-potsdam.de\/en\/#\/schema\/logo\/image\/\"}}]}<\/script>\n<!-- \/ Yoast SEO plugin. -->","yoast_head_json":{"title":"Muslimische Bestattungsriten und deutsches Friedhofs- und Bestattungsrecht - Universit\u00e4tsverlag Potsdam","robots":{"index":"index","follow":"follow","max-snippet":"max-snippet:-1","max-image-preview":"max-image-preview:large","max-video-preview":"max-video-preview:-1"},"canonical":"https:\/\/shop.verlag.uni-potsdam.de\/en\/shop\/muslimische-bestattungsriten-und-deutsches-friedhofs-und-bestattungsrecht\/","og_locale":"en_US","og_type":"article","og_title":"Muslimische Bestattungsriten und deutsches Friedhofs- und Bestattungsrecht - Universit\u00e4tsverlag Potsdam","og_description":"Ungef\u00e4hr f\u00fcnf Prozent der deutschen Bev\u00f6lkerung sind muslimischen Glaubens. Dennoch blieb die Problematik der islamischen Bestattungsriten und ihrer Vereinbarkeit mit dem deutschen Friedhofs- und Bestattungsrecht lange weitgehend unbeachtet. Obwohl das islamische Recht vorschreibt, die Toten unverz\u00fcglich zu bestatten, wurden bis zu 95 % der muslimischen Verstorbenen in ihre \u201eHeimatl\u00e4nder\u201c \u00fcberf\u00fchrt. Es bestehen verbreitete Bef\u00fcrchtungen, auf deutschen Friedh\u00f6fen nicht nach islamischem Ritus beerdigt werden zu k\u00f6nnen. Dieses Arbeitsheft stellt die f\u00fcr das deutsche Friedhofs- und Bestattungsrecht relevanten islamischen Bestattungsriten dar, erl\u00e4utert die jeweilige rechtliche Situation in den Bundesl\u00e4ndern (Stand: 1. Januar 2015), bewertet diese aus verfassungsrechtlicher Perspektive und beschreibt Erfahrungen aus der Praxis. Es widmet sich dabei insbesondere Fragen der rituellen Waschung, des Totengebets, der Bestattung im Leichentuch, der Bestattungsfrist, der Grabaushebung, des Tragens des Leichnams, der Grabschlie\u00dfung, des ewigen Ruherechts, der Anlage muslimischer Grabfelder, der Ausrichtung des Grabes nach Mekka, der Grabgestaltung und Grabpflege sowie der M\u00f6glichkeit muslimischer Friedhofstr\u00e4gerschaft. Das Arbeitsheft richtet sich an PraktikerInnen in den Friedhofsverwaltungen und (kommunale) Entscheidungstr\u00e4gerInnen ebenso wie an juristisch geschulte LeserInnen und interessierte Laien.","og_url":"https:\/\/shop.verlag.uni-potsdam.de\/en\/shop\/muslimische-bestattungsriten-und-deutsches-friedhofs-und-bestattungsrecht\/","og_site_name":"Universit\u00e4tsverlag Potsdam","article_modified_time":"2026-04-27T07:37:45+00:00","og_image":[{"width":420,"height":595,"url":"https:\/\/shop.verlag.uni-potsdam.de\/wp-content\/uploads\/asolmerce\/image-9783869562957.jpg","type":"image\/jpeg"}],"twitter_card":"summary_large_image","twitter_misc":{"Est. reading time":"1 minute"},"schema":{"@context":"https:\/\/schema.org","@graph":[{"@type":"WebPage","@id":"https:\/\/shop.verlag.uni-potsdam.de\/en\/shop\/muslimische-bestattungsriten-und-deutsches-friedhofs-und-bestattungsrecht\/","url":"https:\/\/shop.verlag.uni-potsdam.de\/en\/shop\/muslimische-bestattungsriten-und-deutsches-friedhofs-und-bestattungsrecht\/","name":"Muslimische Bestattungsriten und deutsches Friedhofs- und Bestattungsrecht - Universit\u00e4tsverlag Potsdam","isPartOf":{"@id":"https:\/\/shop.verlag.uni-potsdam.de\/en\/#website"},"primaryImageOfPage":{"@id":"https:\/\/shop.verlag.uni-potsdam.de\/en\/shop\/muslimische-bestattungsriten-und-deutsches-friedhofs-und-bestattungsrecht\/#primaryimage"},"image":{"@id":"https:\/\/shop.verlag.uni-potsdam.de\/shop\/muslimische-bestattungsriten-und-deutsches-friedhofs-und-bestattungsrecht\/#primaryimage"},"thumbnailUrl":"https:\/\/shop.verlag.uni-potsdam.de\/wp-content\/uploads\/asolmerce\/image-9783869562957.jpg","datePublished":"2026-04-27T05:36:45+00:00","dateModified":"2026-04-27T07:37:45+00:00","breadcrumb":{"@id":"https:\/\/shop.verlag.uni-potsdam.de\/en\/shop\/muslimische-bestattungsriten-und-deutsches-friedhofs-und-bestattungsrecht\/#breadcrumb"},"inLanguage":"en-US","potentialAction":[{"@type":"ReadAction","target":[["https:\/\/shop.verlag.uni-potsdam.de\/en\/shop\/muslimische-bestattungsriten-und-deutsches-friedhofs-und-bestattungsrecht\/"]]}]},{"@type":"ImageObject","inLanguage":"en-US","@id":"https:\/\/shop.verlag.uni-potsdam.de\/en\/shop\/muslimische-bestattungsriten-und-deutsches-friedhofs-und-bestattungsrecht\/#primaryimage","url":"https:\/\/shop.verlag.uni-potsdam.de\/wp-content\/uploads\/asolmerce\/image-9783869562957.jpg","contentUrl":"https:\/\/shop.verlag.uni-potsdam.de\/wp-content\/uploads\/asolmerce\/image-9783869562957.jpg","width":420,"height":595},{"@type":"BreadcrumbList","@id":"https:\/\/shop.verlag.uni-potsdam.de\/en\/shop\/muslimische-bestattungsriten-und-deutsches-friedhofs-und-bestattungsrecht\/#breadcrumb","itemListElement":[{"@type":"ListItem","position":1,"name":"Startseite","item":"https:\/\/shop.verlag.uni-potsdam.de\/en\/"},{"@type":"ListItem","position":2,"name":"Shop","item":"https:\/\/shop.verlag.uni-potsdam.de\/en\/shop\/"},{"@type":"ListItem","position":3,"name":"Muslimische Bestattungsriten und deutsches Friedhofs- und Bestattungsrecht"}]},{"@type":"WebSite","@id":"https:\/\/shop.verlag.uni-potsdam.de\/en\/#website","url":"https:\/\/shop.verlag.uni-potsdam.de\/en\/","name":"Universit\u00e4tsverlag Potsdam","description":"","publisher":{"@id":"https:\/\/shop.verlag.uni-potsdam.de\/en\/#organization"},"potentialAction":[{"@type":"SearchAction","target":{"@type":"EntryPoint","urlTemplate":"https:\/\/shop.verlag.uni-potsdam.de\/en\/?s={search_term_string}"},"query-input":{"@type":"PropertyValueSpecification","valueRequired":true,"valueName":"search_term_string"}}],"inLanguage":"en-US"},{"@type":"Organization","@id":"https:\/\/shop.verlag.uni-potsdam.de\/en\/#organization","name":"Universit\u00e4tsverlag Potsdam","url":"https:\/\/shop.verlag.uni-potsdam.de\/en\/","logo":{"@type":"ImageObject","inLanguage":"en-US","@id":"https:\/\/shop.verlag.uni-potsdam.de\/en\/#\/schema\/logo\/image\/","url":"https:\/\/shop.verlag.uni-potsdam.de\/wp-content\/uploads\/2017\/04\/up_logo_university_2.png","contentUrl":"https:\/\/shop.verlag.uni-potsdam.de\/wp-content\/uploads\/2017\/04\/up_logo_university_2.png","width":160,"height":172,"caption":"Universit\u00e4tsverlag Potsdam"},"image":{"@id":"https:\/\/shop.verlag.uni-potsdam.de\/en\/#\/schema\/logo\/image\/"}}]}},"_links":{"self":[{"href":"https:\/\/shop.verlag.uni-potsdam.de\/en\/wp-json\/wp\/v2\/product\/51983","targetHints":{"allow":["GET"]}}],"collection":[{"href":"https:\/\/shop.verlag.uni-potsdam.de\/en\/wp-json\/wp\/v2\/product"}],"about":[{"href":"https:\/\/shop.verlag.uni-potsdam.de\/en\/wp-json\/wp\/v2\/types\/product"}],"wp:featuredmedia":[{"embeddable":true,"href":"https:\/\/shop.verlag.uni-potsdam.de\/en\/wp-json\/wp\/v2\/media\/54143"}],"wp:attachment":[{"href":"https:\/\/shop.verlag.uni-potsdam.de\/en\/wp-json\/wp\/v2\/media?parent=51983"}],"wp:term":[{"taxonomy":"product_brand","embeddable":true,"href":"https:\/\/shop.verlag.uni-potsdam.de\/en\/wp-json\/wp\/v2\/product_brand?post=51983"},{"taxonomy":"product_cat","embeddable":true,"href":"https:\/\/shop.verlag.uni-potsdam.de\/en\/wp-json\/wp\/v2\/product_cat?post=51983"},{"taxonomy":"product_tag","embeddable":true,"href":"https:\/\/shop.verlag.uni-potsdam.de\/en\/wp-json\/wp\/v2\/product_tag?post=51983"}],"curies":[{"name":"wp","href":"https:\/\/api.w.org\/{rel}","templated":true}]}}