{"id":51990,"date":"2026-03-23T08:54:02","date_gmt":"2026-03-23T08:54:02","guid":{"rendered":"http:\/\/shop.verlag.uni-potsdam.de\/produkt\/schubarth-nachhaltige-praevention-von-kriminalitaet-gewalt-und-rechtsextremismus\/"},"modified":"2026-03-23T11:55:02","modified_gmt":"2026-03-23T10:55:02","slug":"nachhaltige-praevention-von-kriminalitaet-gewalt-und-rechtsextremismus","status":"publish","type":"product","link":"https:\/\/shop.verlag.uni-potsdam.de\/en\/shop\/nachhaltige-praevention-von-kriminalitaet-gewalt-und-rechtsextremismus\/","title":{"rendered":"Nachhaltige Pr\u00e4vention von Kriminalit\u00e4t, Gewalt und Rechtsextremismus"},"content":{"rendered":"<p class=\"qtranxs-available-languages-message qtranxs-available-languages-message-en\">Sorry, this entry is only available in <a href=\"https:\/\/shop.verlag.uni-potsdam.de\/de\/wp-json\/wp\/v2\/product\/51990\" class=\"qtranxs-available-language-link qtranxs-available-language-link-de\" title=\"Deutsch\">Deutsch<\/a>.<\/p><p>Was wird unter \u201enachhaltiger Pr\u00e4vention\u201c in der Pr\u00e4ventionsforschung verstanden? Welche guten Beispiele f\u00fcr nachhaltige Pr\u00e4vention gibt es in der Praxis? Und v. a.: Wie l\u00e4sst sich Pr\u00e4vention in den verschiedenen Bereichen wie Kriminalit\u00e4t, Gewalt und Rechtsextremismus nachhaltig gestalten? Diesen Fragen will der vorliegende Sammelband nachgehen und damit der Pr\u00e4ventionsdebatte neue Impulse verleihen. Der Band will insbesondere die nationale sowie internationale Fachdebatte konstruktiv aufgreifen, Theorie und Praxis verbinden, \u201egood practice\u201c Beispiele darstellen sowie Perspektiven nachhaltiger Pr\u00e4vention aufzeigen. Mit diesem Themenspektrum richtet er sich sowohl an die Wissenschaft als auch an die Praxis sowie insgesamt an eine interessierte \u00d6ffentlichkeit.<\/p>","protected":false},"excerpt":{"rendered":"<p class=\"qtranxs-available-languages-message qtranxs-available-languages-message-en\">Sorry, this entry is only available in <a href=\"https:\/\/shop.verlag.uni-potsdam.de\/de\/wp-json\/wp\/v2\/product\/51990\" class=\"qtranxs-available-language-link qtranxs-available-language-link-de\" title=\"Deutsch\">Deutsch<\/a>.<\/p>\n<p>Was wird unter \u201enachhaltiger Pr\u00e4vention\u201c in der Pr\u00e4ventionsforschung verstanden? Welche guten Beispiele f\u00fcr nachhaltige Pr\u00e4vention gibt es in der Praxis? Und v. a.: Wie l\u00e4sst sich Pr\u00e4vention in den verschiedenen Bereichen wie Kriminalit\u00e4t, Gewalt und Rechtsextremismus nachhaltig gestalten? Diesen Fragen will der vorliegende Sammelband nachgehen und damit der Pr\u00e4ventionsdebatte neue Impulse verleihen. Der Band will insbesondere die nationale sowie internationale Fachdebatte konstruktiv aufgreifen, Theorie und Praxis verbinden, \u201egood practice\u201c Beispiele darstellen sowie Perspektiven nachhaltiger Pr\u00e4vention aufzeigen. Mit diesem Themenspektrum richtet er sich sowohl an die Wissenschaft als auch an die Praxis sowie insgesamt an eine interessierte \u00d6ffentlichkeit.<\/p>\n","protected":false},"featured_media":54122,"template":"","meta":{"_acf_changed":false},"product_brand":[],"product_cat":[6220],"product_tag":[5154],"class_list":{"0":"post-51990","1":"product","2":"type-product","3":"status-publish","4":"has-post-thumbnail","6":"product_cat-paedagogik-web-kategorie","7":"product_tag-gewalt-kriminalitaet-nachhaltigkeit-praevention-rechtsextremismus","8":"autor-wilfried-schubarth","10":"first","11":"instock","12":"shipping-taxable","13":"purchasable","14":"product-type-simple"},"acf":[],"yoast_head":"<!-- This site is optimized with the Yoast SEO plugin v27.1.1 - https:\/\/yoast.com\/product\/yoast-seo-wordpress\/ -->\n<title>Nachhaltige Pr\u00e4vention von Kriminalit\u00e4t, Gewalt und Rechtsextremismus - Universit\u00e4tsverlag Potsdam<\/title>\n<meta name=\"robots\" content=\"index, follow, max-snippet:-1, max-image-preview:large, max-video-preview:-1\" \/>\n<link rel=\"canonical\" href=\"https:\/\/shop.verlag.uni-potsdam.de\/en\/shop\/nachhaltige-praevention-von-kriminalitaet-gewalt-und-rechtsextremismus\/\" \/>\n<meta property=\"og:locale\" content=\"en_US\" \/>\n<meta property=\"og:type\" content=\"article\" \/>\n<meta property=\"og:title\" content=\"Nachhaltige Pr\u00e4vention von Kriminalit\u00e4t, Gewalt und Rechtsextremismus - Universit\u00e4tsverlag Potsdam\" \/>\n<meta property=\"og:description\" content=\"Was wird unter \u201enachhaltiger Pr\u00e4vention\u201c in der Pr\u00e4ventionsforschung verstanden? Welche guten Beispiele f\u00fcr nachhaltige Pr\u00e4vention gibt es in der Praxis? Und v. a.: Wie l\u00e4sst sich Pr\u00e4vention in den verschiedenen Bereichen wie Kriminalit\u00e4t, Gewalt und Rechtsextremismus nachhaltig gestalten? Diesen Fragen will der vorliegende Sammelband nachgehen und damit der Pr\u00e4ventionsdebatte neue Impulse verleihen. Der Band will insbesondere die nationale sowie internationale Fachdebatte konstruktiv aufgreifen, Theorie und Praxis verbinden, \u201egood practice\u201c Beispiele darstellen sowie Perspektiven nachhaltiger Pr\u00e4vention aufzeigen. Mit diesem Themenspektrum richtet er sich sowohl an die Wissenschaft als auch an die Praxis sowie insgesamt an eine interessierte \u00d6ffentlichkeit.\" \/>\n<meta property=\"og:url\" content=\"https:\/\/shop.verlag.uni-potsdam.de\/en\/shop\/nachhaltige-praevention-von-kriminalitaet-gewalt-und-rechtsextremismus\/\" \/>\n<meta property=\"og:site_name\" content=\"Universit\u00e4tsverlag Potsdam\" \/>\n<meta property=\"article:modified_time\" content=\"2026-03-23T10:55:02+00:00\" \/>\n<meta property=\"og:image\" content=\"https:\/\/shop.verlag.uni-potsdam.de\/wp-content\/uploads\/asolmerce\/image-9783869560144.jpg\" \/>\n\t<meta property=\"og:image:width\" content=\"451\" \/>\n\t<meta property=\"og:image:height\" content=\"640\" \/>\n\t<meta property=\"og:image:type\" content=\"image\/jpeg\" \/>\n<meta name=\"twitter:card\" content=\"summary_large_image\" \/>\n<meta name=\"twitter:label1\" content=\"Est. reading time\" \/>\n\t<meta name=\"twitter:data1\" content=\"1 minute\" \/>\n<script type=\"application\/ld+json\" class=\"yoast-schema-graph\">{\"@context\":\"https:\/\/schema.org\",\"@graph\":[{\"@type\":\"WebPage\",\"@id\":\"https:\/\/shop.verlag.uni-potsdam.de\/en\/shop\/nachhaltige-praevention-von-kriminalitaet-gewalt-und-rechtsextremismus\/\",\"url\":\"https:\/\/shop.verlag.uni-potsdam.de\/en\/shop\/nachhaltige-praevention-von-kriminalitaet-gewalt-und-rechtsextremismus\/\",\"name\":\"Nachhaltige Pr\u00e4vention von Kriminalit\u00e4t, Gewalt und Rechtsextremismus - Universit\u00e4tsverlag Potsdam\",\"isPartOf\":{\"@id\":\"https:\/\/shop.verlag.uni-potsdam.de\/en\/#website\"},\"primaryImageOfPage\":{\"@id\":\"https:\/\/shop.verlag.uni-potsdam.de\/en\/shop\/nachhaltige-praevention-von-kriminalitaet-gewalt-und-rechtsextremismus\/#primaryimage\"},\"image\":{\"@id\":\"https:\/\/shop.verlag.uni-potsdam.de\/shop\/nachhaltige-praevention-von-kriminalitaet-gewalt-und-rechtsextremismus\/#primaryimage\"},\"thumbnailUrl\":\"https:\/\/shop.verlag.uni-potsdam.de\/wp-content\/uploads\/asolmerce\/image-9783869560144.jpg\",\"datePublished\":\"2026-03-23T08:54:02+00:00\",\"dateModified\":\"2026-03-23T10:55:02+00:00\",\"breadcrumb\":{\"@id\":\"https:\/\/shop.verlag.uni-potsdam.de\/en\/shop\/nachhaltige-praevention-von-kriminalitaet-gewalt-und-rechtsextremismus\/#breadcrumb\"},\"inLanguage\":\"en-US\",\"potentialAction\":[{\"@type\":\"ReadAction\",\"target\":[[\"https:\/\/shop.verlag.uni-potsdam.de\/en\/shop\/nachhaltige-praevention-von-kriminalitaet-gewalt-und-rechtsextremismus\/\"]]}]},{\"@type\":\"ImageObject\",\"inLanguage\":\"en-US\",\"@id\":\"https:\/\/shop.verlag.uni-potsdam.de\/en\/shop\/nachhaltige-praevention-von-kriminalitaet-gewalt-und-rechtsextremismus\/#primaryimage\",\"url\":\"https:\/\/shop.verlag.uni-potsdam.de\/wp-content\/uploads\/asolmerce\/image-9783869560144.jpg\",\"contentUrl\":\"https:\/\/shop.verlag.uni-potsdam.de\/wp-content\/uploads\/asolmerce\/image-9783869560144.jpg\",\"width\":451,\"height\":640},{\"@type\":\"BreadcrumbList\",\"@id\":\"https:\/\/shop.verlag.uni-potsdam.de\/en\/shop\/nachhaltige-praevention-von-kriminalitaet-gewalt-und-rechtsextremismus\/#breadcrumb\",\"itemListElement\":[{\"@type\":\"ListItem\",\"position\":1,\"name\":\"Startseite\",\"item\":\"https:\/\/shop.verlag.uni-potsdam.de\/en\/\"},{\"@type\":\"ListItem\",\"position\":2,\"name\":\"Shop\",\"item\":\"https:\/\/shop.verlag.uni-potsdam.de\/en\/shop\/\"},{\"@type\":\"ListItem\",\"position\":3,\"name\":\"Nachhaltige Pr\u00e4vention von Kriminalit\u00e4t, Gewalt und Rechtsextremismus\"}]},{\"@type\":\"WebSite\",\"@id\":\"https:\/\/shop.verlag.uni-potsdam.de\/en\/#website\",\"url\":\"https:\/\/shop.verlag.uni-potsdam.de\/en\/\",\"name\":\"Universit\u00e4tsverlag Potsdam\",\"description\":\"\",\"publisher\":{\"@id\":\"https:\/\/shop.verlag.uni-potsdam.de\/en\/#organization\"},\"potentialAction\":[{\"@type\":\"SearchAction\",\"target\":{\"@type\":\"EntryPoint\",\"urlTemplate\":\"https:\/\/shop.verlag.uni-potsdam.de\/en\/?s={search_term_string}\"},\"query-input\":{\"@type\":\"PropertyValueSpecification\",\"valueRequired\":true,\"valueName\":\"search_term_string\"}}],\"inLanguage\":\"en-US\"},{\"@type\":\"Organization\",\"@id\":\"https:\/\/shop.verlag.uni-potsdam.de\/en\/#organization\",\"name\":\"Universit\u00e4tsverlag Potsdam\",\"url\":\"https:\/\/shop.verlag.uni-potsdam.de\/en\/\",\"logo\":{\"@type\":\"ImageObject\",\"inLanguage\":\"en-US\",\"@id\":\"https:\/\/shop.verlag.uni-potsdam.de\/en\/#\/schema\/logo\/image\/\",\"url\":\"https:\/\/shop.verlag.uni-potsdam.de\/wp-content\/uploads\/2017\/04\/up_logo_university_2.png\",\"contentUrl\":\"https:\/\/shop.verlag.uni-potsdam.de\/wp-content\/uploads\/2017\/04\/up_logo_university_2.png\",\"width\":160,\"height\":172,\"caption\":\"Universit\u00e4tsverlag Potsdam\"},\"image\":{\"@id\":\"https:\/\/shop.verlag.uni-potsdam.de\/en\/#\/schema\/logo\/image\/\"}}]}<\/script>\n<!-- \/ Yoast SEO plugin. -->","yoast_head_json":{"title":"Nachhaltige Pr\u00e4vention von Kriminalit\u00e4t, Gewalt und Rechtsextremismus - Universit\u00e4tsverlag Potsdam","robots":{"index":"index","follow":"follow","max-snippet":"max-snippet:-1","max-image-preview":"max-image-preview:large","max-video-preview":"max-video-preview:-1"},"canonical":"https:\/\/shop.verlag.uni-potsdam.de\/en\/shop\/nachhaltige-praevention-von-kriminalitaet-gewalt-und-rechtsextremismus\/","og_locale":"en_US","og_type":"article","og_title":"Nachhaltige Pr\u00e4vention von Kriminalit\u00e4t, Gewalt und Rechtsextremismus - Universit\u00e4tsverlag Potsdam","og_description":"Was wird unter \u201enachhaltiger Pr\u00e4vention\u201c in der Pr\u00e4ventionsforschung verstanden? Welche guten Beispiele f\u00fcr nachhaltige Pr\u00e4vention gibt es in der Praxis? Und v. a.: Wie l\u00e4sst sich Pr\u00e4vention in den verschiedenen Bereichen wie Kriminalit\u00e4t, Gewalt und Rechtsextremismus nachhaltig gestalten? Diesen Fragen will der vorliegende Sammelband nachgehen und damit der Pr\u00e4ventionsdebatte neue Impulse verleihen. Der Band will insbesondere die nationale sowie internationale Fachdebatte konstruktiv aufgreifen, Theorie und Praxis verbinden, \u201egood practice\u201c Beispiele darstellen sowie Perspektiven nachhaltiger Pr\u00e4vention aufzeigen. Mit diesem Themenspektrum richtet er sich sowohl an die Wissenschaft als auch an die Praxis sowie insgesamt an eine interessierte \u00d6ffentlichkeit.","og_url":"https:\/\/shop.verlag.uni-potsdam.de\/en\/shop\/nachhaltige-praevention-von-kriminalitaet-gewalt-und-rechtsextremismus\/","og_site_name":"Universit\u00e4tsverlag Potsdam","article_modified_time":"2026-03-23T10:55:02+00:00","og_image":[{"width":451,"height":640,"url":"https:\/\/shop.verlag.uni-potsdam.de\/wp-content\/uploads\/asolmerce\/image-9783869560144.jpg","type":"image\/jpeg"}],"twitter_card":"summary_large_image","twitter_misc":{"Est. reading time":"1 minute"},"schema":{"@context":"https:\/\/schema.org","@graph":[{"@type":"WebPage","@id":"https:\/\/shop.verlag.uni-potsdam.de\/en\/shop\/nachhaltige-praevention-von-kriminalitaet-gewalt-und-rechtsextremismus\/","url":"https:\/\/shop.verlag.uni-potsdam.de\/en\/shop\/nachhaltige-praevention-von-kriminalitaet-gewalt-und-rechtsextremismus\/","name":"Nachhaltige Pr\u00e4vention von Kriminalit\u00e4t, Gewalt und Rechtsextremismus - Universit\u00e4tsverlag Potsdam","isPartOf":{"@id":"https:\/\/shop.verlag.uni-potsdam.de\/en\/#website"},"primaryImageOfPage":{"@id":"https:\/\/shop.verlag.uni-potsdam.de\/en\/shop\/nachhaltige-praevention-von-kriminalitaet-gewalt-und-rechtsextremismus\/#primaryimage"},"image":{"@id":"https:\/\/shop.verlag.uni-potsdam.de\/shop\/nachhaltige-praevention-von-kriminalitaet-gewalt-und-rechtsextremismus\/#primaryimage"},"thumbnailUrl":"https:\/\/shop.verlag.uni-potsdam.de\/wp-content\/uploads\/asolmerce\/image-9783869560144.jpg","datePublished":"2026-03-23T08:54:02+00:00","dateModified":"2026-03-23T10:55:02+00:00","breadcrumb":{"@id":"https:\/\/shop.verlag.uni-potsdam.de\/en\/shop\/nachhaltige-praevention-von-kriminalitaet-gewalt-und-rechtsextremismus\/#breadcrumb"},"inLanguage":"en-US","potentialAction":[{"@type":"ReadAction","target":[["https:\/\/shop.verlag.uni-potsdam.de\/en\/shop\/nachhaltige-praevention-von-kriminalitaet-gewalt-und-rechtsextremismus\/"]]}]},{"@type":"ImageObject","inLanguage":"en-US","@id":"https:\/\/shop.verlag.uni-potsdam.de\/en\/shop\/nachhaltige-praevention-von-kriminalitaet-gewalt-und-rechtsextremismus\/#primaryimage","url":"https:\/\/shop.verlag.uni-potsdam.de\/wp-content\/uploads\/asolmerce\/image-9783869560144.jpg","contentUrl":"https:\/\/shop.verlag.uni-potsdam.de\/wp-content\/uploads\/asolmerce\/image-9783869560144.jpg","width":451,"height":640},{"@type":"BreadcrumbList","@id":"https:\/\/shop.verlag.uni-potsdam.de\/en\/shop\/nachhaltige-praevention-von-kriminalitaet-gewalt-und-rechtsextremismus\/#breadcrumb","itemListElement":[{"@type":"ListItem","position":1,"name":"Startseite","item":"https:\/\/shop.verlag.uni-potsdam.de\/en\/"},{"@type":"ListItem","position":2,"name":"Shop","item":"https:\/\/shop.verlag.uni-potsdam.de\/en\/shop\/"},{"@type":"ListItem","position":3,"name":"Nachhaltige Pr\u00e4vention von Kriminalit\u00e4t, Gewalt und Rechtsextremismus"}]},{"@type":"WebSite","@id":"https:\/\/shop.verlag.uni-potsdam.de\/en\/#website","url":"https:\/\/shop.verlag.uni-potsdam.de\/en\/","name":"Universit\u00e4tsverlag Potsdam","description":"","publisher":{"@id":"https:\/\/shop.verlag.uni-potsdam.de\/en\/#organization"},"potentialAction":[{"@type":"SearchAction","target":{"@type":"EntryPoint","urlTemplate":"https:\/\/shop.verlag.uni-potsdam.de\/en\/?s={search_term_string}"},"query-input":{"@type":"PropertyValueSpecification","valueRequired":true,"valueName":"search_term_string"}}],"inLanguage":"en-US"},{"@type":"Organization","@id":"https:\/\/shop.verlag.uni-potsdam.de\/en\/#organization","name":"Universit\u00e4tsverlag Potsdam","url":"https:\/\/shop.verlag.uni-potsdam.de\/en\/","logo":{"@type":"ImageObject","inLanguage":"en-US","@id":"https:\/\/shop.verlag.uni-potsdam.de\/en\/#\/schema\/logo\/image\/","url":"https:\/\/shop.verlag.uni-potsdam.de\/wp-content\/uploads\/2017\/04\/up_logo_university_2.png","contentUrl":"https:\/\/shop.verlag.uni-potsdam.de\/wp-content\/uploads\/2017\/04\/up_logo_university_2.png","width":160,"height":172,"caption":"Universit\u00e4tsverlag Potsdam"},"image":{"@id":"https:\/\/shop.verlag.uni-potsdam.de\/en\/#\/schema\/logo\/image\/"}}]}},"_links":{"self":[{"href":"https:\/\/shop.verlag.uni-potsdam.de\/en\/wp-json\/wp\/v2\/product\/51990","targetHints":{"allow":["GET"]}}],"collection":[{"href":"https:\/\/shop.verlag.uni-potsdam.de\/en\/wp-json\/wp\/v2\/product"}],"about":[{"href":"https:\/\/shop.verlag.uni-potsdam.de\/en\/wp-json\/wp\/v2\/types\/product"}],"wp:featuredmedia":[{"embeddable":true,"href":"https:\/\/shop.verlag.uni-potsdam.de\/en\/wp-json\/wp\/v2\/media\/54122"}],"wp:attachment":[{"href":"https:\/\/shop.verlag.uni-potsdam.de\/en\/wp-json\/wp\/v2\/media?parent=51990"}],"wp:term":[{"taxonomy":"product_brand","embeddable":true,"href":"https:\/\/shop.verlag.uni-potsdam.de\/en\/wp-json\/wp\/v2\/product_brand?post=51990"},{"taxonomy":"product_cat","embeddable":true,"href":"https:\/\/shop.verlag.uni-potsdam.de\/en\/wp-json\/wp\/v2\/product_cat?post=51990"},{"taxonomy":"product_tag","embeddable":true,"href":"https:\/\/shop.verlag.uni-potsdam.de\/en\/wp-json\/wp\/v2\/product_tag?post=51990"}],"curies":[{"name":"wp","href":"https:\/\/api.w.org\/{rel}","templated":true}]}}