{"id":51999,"date":"2026-03-23T08:53:57","date_gmt":"2026-03-23T08:53:57","guid":{"rendered":"http:\/\/shop.verlag.uni-potsdam.de\/produkt\/menschenrechte-in-der-zuwanderungsgesellschaft\/"},"modified":"2026-03-23T11:54:58","modified_gmt":"2026-03-23T10:54:58","slug":"menschenrechte-in-der-zuwanderungsgesellschaft","status":"publish","type":"product","link":"https:\/\/shop.verlag.uni-potsdam.de\/en\/shop\/menschenrechte-in-der-zuwanderungsgesellschaft\/","title":{"rendered":"Menschenrechte in der Zuwanderungsgesellschaft"},"content":{"rendered":"<p class=\"qtranxs-available-languages-message qtranxs-available-languages-message-en\">Sorry, this entry is only available in <a href=\"https:\/\/shop.verlag.uni-potsdam.de\/de\/wp-json\/wp\/v2\/product\/51999\" class=\"qtranxs-available-language-link qtranxs-available-language-link-de\" title=\"Deutsch\">Deutsch<\/a>.<\/p><p>Am Potsdamer MenschenRechtsTag \u2013 zeitlich in N\u00e4he zum Internationalen Tag der Menschenrechte am 10. Dezember gelegen \u2013 diskutiert das MenschenRechtsZentrum der Universit\u00e4t Potsdam wichtige Menschenrechtsthemen mit einem konkreten gesellschafts- und oder rechtspolitischen Bezug. Ende 2012 lag der Fokus auf den Menschenrechten von Zuwanderern. Aus einer grundlegenden philosophischen Perspektive wurde erl\u00e4utert, dass Beschr\u00e4nkungen des menschenrechtlichen Status dieser Personengruppe nur schwer und in Einzelf\u00e4llen begr\u00fcndbar sind; eine praktische und rechtspolitische Sichtweise legte konkreten Reformbedarf im Asylverfahren offen, dem inzwischen immerhin zum Teil entsprochen wurde.<\/p>","protected":false},"excerpt":{"rendered":"<p class=\"qtranxs-available-languages-message qtranxs-available-languages-message-en\">Sorry, this entry is only available in <a href=\"https:\/\/shop.verlag.uni-potsdam.de\/de\/wp-json\/wp\/v2\/product\/51999\" class=\"qtranxs-available-language-link qtranxs-available-language-link-de\" title=\"Deutsch\">Deutsch<\/a>.<\/p>\n<p>Am Potsdamer MenschenRechtsTag \u2013 zeitlich in N\u00e4he zum Internationalen Tag der Menschenrechte am 10. Dezember gelegen \u2013 diskutiert das MenschenRechtsZentrum der Universit\u00e4t Potsdam wichtige Menschenrechtsthemen mit einem konkreten gesellschafts- und oder rechtspolitischen Bezug. Ende 2012 lag der Fokus auf den Menschenrechten von Zuwanderern. Aus einer grundlegenden philosophischen Perspektive wurde erl\u00e4utert, dass Beschr\u00e4nkungen des menschenrechtlichen Status dieser Personengruppe nur schwer und in Einzelf\u00e4llen begr\u00fcndbar sind; eine praktische und rechtspolitische Sichtweise legte konkreten Reformbedarf im Asylverfahren offen, dem inzwischen immerhin zum Teil entsprochen wurde.<\/p>\n","protected":false},"featured_media":54105,"template":"","meta":{"_acf_changed":false},"product_brand":[],"product_cat":[6225],"product_tag":[5338],"class_list":{"0":"post-51999","1":"product","2":"type-product","3":"status-publish","4":"has-post-thumbnail","6":"product_cat-recht-web-kategorie","7":"product_tag-menschenrecht-menschenrechtsverletzung-zuwanderung","8":"autor-georg-lohmann","9":"autor-petra-follmar-otto","11":"first","12":"instock","13":"shipping-taxable","14":"purchasable","15":"product-type-simple"},"acf":[],"yoast_head":"<!-- This site is optimized with the Yoast SEO plugin v27.1.1 - https:\/\/yoast.com\/product\/yoast-seo-wordpress\/ -->\n<title>Menschenrechte in der Zuwanderungsgesellschaft - Universit\u00e4tsverlag Potsdam<\/title>\n<meta name=\"robots\" content=\"index, follow, max-snippet:-1, max-image-preview:large, max-video-preview:-1\" \/>\n<link rel=\"canonical\" href=\"https:\/\/shop.verlag.uni-potsdam.de\/en\/shop\/menschenrechte-in-der-zuwanderungsgesellschaft\/\" \/>\n<meta property=\"og:locale\" content=\"en_US\" \/>\n<meta property=\"og:type\" content=\"article\" \/>\n<meta property=\"og:title\" content=\"Menschenrechte in der Zuwanderungsgesellschaft - Universit\u00e4tsverlag Potsdam\" \/>\n<meta property=\"og:description\" content=\"Am Potsdamer MenschenRechtsTag \u2013 zeitlich in N\u00e4he zum Internationalen Tag der Menschenrechte am 10. Dezember gelegen \u2013 diskutiert das MenschenRechtsZentrum der Universit\u00e4t Potsdam wichtige Menschenrechtsthemen mit einem konkreten gesellschafts- und oder rechtspolitischen Bezug. Ende 2012 lag der Fokus auf den Menschenrechten von Zuwanderern. Aus einer grundlegenden philosophischen Perspektive wurde erl\u00e4utert, dass Beschr\u00e4nkungen des menschenrechtlichen Status dieser Personengruppe nur schwer und in Einzelf\u00e4llen begr\u00fcndbar sind; eine praktische und rechtspolitische Sichtweise legte konkreten Reformbedarf im Asylverfahren offen, dem inzwischen immerhin zum Teil entsprochen wurde.\" \/>\n<meta property=\"og:url\" content=\"https:\/\/shop.verlag.uni-potsdam.de\/en\/shop\/menschenrechte-in-der-zuwanderungsgesellschaft\/\" \/>\n<meta property=\"og:site_name\" content=\"Universit\u00e4tsverlag Potsdam\" \/>\n<meta property=\"article:modified_time\" content=\"2026-03-23T10:54:58+00:00\" \/>\n<meta property=\"og:image\" content=\"https:\/\/shop.verlag.uni-potsdam.de\/wp-content\/uploads\/asolmerce\/image-9783869562858.jpg\" \/>\n\t<meta property=\"og:image:width\" content=\"452\" \/>\n\t<meta property=\"og:image:height\" content=\"640\" \/>\n\t<meta property=\"og:image:type\" content=\"image\/jpeg\" \/>\n<meta name=\"twitter:card\" content=\"summary_large_image\" \/>\n<script type=\"application\/ld+json\" class=\"yoast-schema-graph\">{\"@context\":\"https:\/\/schema.org\",\"@graph\":[{\"@type\":\"WebPage\",\"@id\":\"https:\/\/shop.verlag.uni-potsdam.de\/en\/shop\/menschenrechte-in-der-zuwanderungsgesellschaft\/\",\"url\":\"https:\/\/shop.verlag.uni-potsdam.de\/en\/shop\/menschenrechte-in-der-zuwanderungsgesellschaft\/\",\"name\":\"Menschenrechte in der Zuwanderungsgesellschaft - Universit\u00e4tsverlag Potsdam\",\"isPartOf\":{\"@id\":\"https:\/\/shop.verlag.uni-potsdam.de\/en\/#website\"},\"primaryImageOfPage\":{\"@id\":\"https:\/\/shop.verlag.uni-potsdam.de\/en\/shop\/menschenrechte-in-der-zuwanderungsgesellschaft\/#primaryimage\"},\"image\":{\"@id\":\"https:\/\/shop.verlag.uni-potsdam.de\/shop\/menschenrechte-in-der-zuwanderungsgesellschaft\/#primaryimage\"},\"thumbnailUrl\":\"https:\/\/shop.verlag.uni-potsdam.de\/wp-content\/uploads\/asolmerce\/image-9783869562858.jpg\",\"datePublished\":\"2026-03-23T08:53:57+00:00\",\"dateModified\":\"2026-03-23T10:54:58+00:00\",\"breadcrumb\":{\"@id\":\"https:\/\/shop.verlag.uni-potsdam.de\/en\/shop\/menschenrechte-in-der-zuwanderungsgesellschaft\/#breadcrumb\"},\"inLanguage\":\"en-US\",\"potentialAction\":[{\"@type\":\"ReadAction\",\"target\":[[\"https:\/\/shop.verlag.uni-potsdam.de\/en\/shop\/menschenrechte-in-der-zuwanderungsgesellschaft\/\"]]}]},{\"@type\":\"ImageObject\",\"inLanguage\":\"en-US\",\"@id\":\"https:\/\/shop.verlag.uni-potsdam.de\/en\/shop\/menschenrechte-in-der-zuwanderungsgesellschaft\/#primaryimage\",\"url\":\"https:\/\/shop.verlag.uni-potsdam.de\/wp-content\/uploads\/asolmerce\/image-9783869562858.jpg\",\"contentUrl\":\"https:\/\/shop.verlag.uni-potsdam.de\/wp-content\/uploads\/asolmerce\/image-9783869562858.jpg\",\"width\":452,\"height\":640},{\"@type\":\"BreadcrumbList\",\"@id\":\"https:\/\/shop.verlag.uni-potsdam.de\/en\/shop\/menschenrechte-in-der-zuwanderungsgesellschaft\/#breadcrumb\",\"itemListElement\":[{\"@type\":\"ListItem\",\"position\":1,\"name\":\"Startseite\",\"item\":\"https:\/\/shop.verlag.uni-potsdam.de\/en\/\"},{\"@type\":\"ListItem\",\"position\":2,\"name\":\"Shop\",\"item\":\"https:\/\/shop.verlag.uni-potsdam.de\/en\/shop\/\"},{\"@type\":\"ListItem\",\"position\":3,\"name\":\"Menschenrechte in der Zuwanderungsgesellschaft\"}]},{\"@type\":\"WebSite\",\"@id\":\"https:\/\/shop.verlag.uni-potsdam.de\/en\/#website\",\"url\":\"https:\/\/shop.verlag.uni-potsdam.de\/en\/\",\"name\":\"Universit\u00e4tsverlag Potsdam\",\"description\":\"\",\"publisher\":{\"@id\":\"https:\/\/shop.verlag.uni-potsdam.de\/en\/#organization\"},\"potentialAction\":[{\"@type\":\"SearchAction\",\"target\":{\"@type\":\"EntryPoint\",\"urlTemplate\":\"https:\/\/shop.verlag.uni-potsdam.de\/en\/?s={search_term_string}\"},\"query-input\":{\"@type\":\"PropertyValueSpecification\",\"valueRequired\":true,\"valueName\":\"search_term_string\"}}],\"inLanguage\":\"en-US\"},{\"@type\":\"Organization\",\"@id\":\"https:\/\/shop.verlag.uni-potsdam.de\/en\/#organization\",\"name\":\"Universit\u00e4tsverlag Potsdam\",\"url\":\"https:\/\/shop.verlag.uni-potsdam.de\/en\/\",\"logo\":{\"@type\":\"ImageObject\",\"inLanguage\":\"en-US\",\"@id\":\"https:\/\/shop.verlag.uni-potsdam.de\/en\/#\/schema\/logo\/image\/\",\"url\":\"https:\/\/shop.verlag.uni-potsdam.de\/wp-content\/uploads\/2017\/04\/up_logo_university_2.png\",\"contentUrl\":\"https:\/\/shop.verlag.uni-potsdam.de\/wp-content\/uploads\/2017\/04\/up_logo_university_2.png\",\"width\":160,\"height\":172,\"caption\":\"Universit\u00e4tsverlag Potsdam\"},\"image\":{\"@id\":\"https:\/\/shop.verlag.uni-potsdam.de\/en\/#\/schema\/logo\/image\/\"}}]}<\/script>\n<!-- \/ Yoast SEO plugin. -->","yoast_head_json":{"title":"Menschenrechte in der Zuwanderungsgesellschaft - Universit\u00e4tsverlag Potsdam","robots":{"index":"index","follow":"follow","max-snippet":"max-snippet:-1","max-image-preview":"max-image-preview:large","max-video-preview":"max-video-preview:-1"},"canonical":"https:\/\/shop.verlag.uni-potsdam.de\/en\/shop\/menschenrechte-in-der-zuwanderungsgesellschaft\/","og_locale":"en_US","og_type":"article","og_title":"Menschenrechte in der Zuwanderungsgesellschaft - Universit\u00e4tsverlag Potsdam","og_description":"Am Potsdamer MenschenRechtsTag \u2013 zeitlich in N\u00e4he zum Internationalen Tag der Menschenrechte am 10. Dezember gelegen \u2013 diskutiert das MenschenRechtsZentrum der Universit\u00e4t Potsdam wichtige Menschenrechtsthemen mit einem konkreten gesellschafts- und oder rechtspolitischen Bezug. Ende 2012 lag der Fokus auf den Menschenrechten von Zuwanderern. Aus einer grundlegenden philosophischen Perspektive wurde erl\u00e4utert, dass Beschr\u00e4nkungen des menschenrechtlichen Status dieser Personengruppe nur schwer und in Einzelf\u00e4llen begr\u00fcndbar sind; eine praktische und rechtspolitische Sichtweise legte konkreten Reformbedarf im Asylverfahren offen, dem inzwischen immerhin zum Teil entsprochen wurde.","og_url":"https:\/\/shop.verlag.uni-potsdam.de\/en\/shop\/menschenrechte-in-der-zuwanderungsgesellschaft\/","og_site_name":"Universit\u00e4tsverlag Potsdam","article_modified_time":"2026-03-23T10:54:58+00:00","og_image":[{"width":452,"height":640,"url":"https:\/\/shop.verlag.uni-potsdam.de\/wp-content\/uploads\/asolmerce\/image-9783869562858.jpg","type":"image\/jpeg"}],"twitter_card":"summary_large_image","schema":{"@context":"https:\/\/schema.org","@graph":[{"@type":"WebPage","@id":"https:\/\/shop.verlag.uni-potsdam.de\/en\/shop\/menschenrechte-in-der-zuwanderungsgesellschaft\/","url":"https:\/\/shop.verlag.uni-potsdam.de\/en\/shop\/menschenrechte-in-der-zuwanderungsgesellschaft\/","name":"Menschenrechte in der Zuwanderungsgesellschaft - Universit\u00e4tsverlag Potsdam","isPartOf":{"@id":"https:\/\/shop.verlag.uni-potsdam.de\/en\/#website"},"primaryImageOfPage":{"@id":"https:\/\/shop.verlag.uni-potsdam.de\/en\/shop\/menschenrechte-in-der-zuwanderungsgesellschaft\/#primaryimage"},"image":{"@id":"https:\/\/shop.verlag.uni-potsdam.de\/shop\/menschenrechte-in-der-zuwanderungsgesellschaft\/#primaryimage"},"thumbnailUrl":"https:\/\/shop.verlag.uni-potsdam.de\/wp-content\/uploads\/asolmerce\/image-9783869562858.jpg","datePublished":"2026-03-23T08:53:57+00:00","dateModified":"2026-03-23T10:54:58+00:00","breadcrumb":{"@id":"https:\/\/shop.verlag.uni-potsdam.de\/en\/shop\/menschenrechte-in-der-zuwanderungsgesellschaft\/#breadcrumb"},"inLanguage":"en-US","potentialAction":[{"@type":"ReadAction","target":[["https:\/\/shop.verlag.uni-potsdam.de\/en\/shop\/menschenrechte-in-der-zuwanderungsgesellschaft\/"]]}]},{"@type":"ImageObject","inLanguage":"en-US","@id":"https:\/\/shop.verlag.uni-potsdam.de\/en\/shop\/menschenrechte-in-der-zuwanderungsgesellschaft\/#primaryimage","url":"https:\/\/shop.verlag.uni-potsdam.de\/wp-content\/uploads\/asolmerce\/image-9783869562858.jpg","contentUrl":"https:\/\/shop.verlag.uni-potsdam.de\/wp-content\/uploads\/asolmerce\/image-9783869562858.jpg","width":452,"height":640},{"@type":"BreadcrumbList","@id":"https:\/\/shop.verlag.uni-potsdam.de\/en\/shop\/menschenrechte-in-der-zuwanderungsgesellschaft\/#breadcrumb","itemListElement":[{"@type":"ListItem","position":1,"name":"Startseite","item":"https:\/\/shop.verlag.uni-potsdam.de\/en\/"},{"@type":"ListItem","position":2,"name":"Shop","item":"https:\/\/shop.verlag.uni-potsdam.de\/en\/shop\/"},{"@type":"ListItem","position":3,"name":"Menschenrechte in der Zuwanderungsgesellschaft"}]},{"@type":"WebSite","@id":"https:\/\/shop.verlag.uni-potsdam.de\/en\/#website","url":"https:\/\/shop.verlag.uni-potsdam.de\/en\/","name":"Universit\u00e4tsverlag Potsdam","description":"","publisher":{"@id":"https:\/\/shop.verlag.uni-potsdam.de\/en\/#organization"},"potentialAction":[{"@type":"SearchAction","target":{"@type":"EntryPoint","urlTemplate":"https:\/\/shop.verlag.uni-potsdam.de\/en\/?s={search_term_string}"},"query-input":{"@type":"PropertyValueSpecification","valueRequired":true,"valueName":"search_term_string"}}],"inLanguage":"en-US"},{"@type":"Organization","@id":"https:\/\/shop.verlag.uni-potsdam.de\/en\/#organization","name":"Universit\u00e4tsverlag Potsdam","url":"https:\/\/shop.verlag.uni-potsdam.de\/en\/","logo":{"@type":"ImageObject","inLanguage":"en-US","@id":"https:\/\/shop.verlag.uni-potsdam.de\/en\/#\/schema\/logo\/image\/","url":"https:\/\/shop.verlag.uni-potsdam.de\/wp-content\/uploads\/2017\/04\/up_logo_university_2.png","contentUrl":"https:\/\/shop.verlag.uni-potsdam.de\/wp-content\/uploads\/2017\/04\/up_logo_university_2.png","width":160,"height":172,"caption":"Universit\u00e4tsverlag Potsdam"},"image":{"@id":"https:\/\/shop.verlag.uni-potsdam.de\/en\/#\/schema\/logo\/image\/"}}]}},"_links":{"self":[{"href":"https:\/\/shop.verlag.uni-potsdam.de\/en\/wp-json\/wp\/v2\/product\/51999","targetHints":{"allow":["GET"]}}],"collection":[{"href":"https:\/\/shop.verlag.uni-potsdam.de\/en\/wp-json\/wp\/v2\/product"}],"about":[{"href":"https:\/\/shop.verlag.uni-potsdam.de\/en\/wp-json\/wp\/v2\/types\/product"}],"wp:featuredmedia":[{"embeddable":true,"href":"https:\/\/shop.verlag.uni-potsdam.de\/en\/wp-json\/wp\/v2\/media\/54105"}],"wp:attachment":[{"href":"https:\/\/shop.verlag.uni-potsdam.de\/en\/wp-json\/wp\/v2\/media?parent=51999"}],"wp:term":[{"taxonomy":"product_brand","embeddable":true,"href":"https:\/\/shop.verlag.uni-potsdam.de\/en\/wp-json\/wp\/v2\/product_brand?post=51999"},{"taxonomy":"product_cat","embeddable":true,"href":"https:\/\/shop.verlag.uni-potsdam.de\/en\/wp-json\/wp\/v2\/product_cat?post=51999"},{"taxonomy":"product_tag","embeddable":true,"href":"https:\/\/shop.verlag.uni-potsdam.de\/en\/wp-json\/wp\/v2\/product_tag?post=51999"}],"curies":[{"name":"wp","href":"https:\/\/api.w.org\/{rel}","templated":true}]}}