{"id":52000,"date":"2026-03-23T08:53:57","date_gmt":"2026-03-23T08:53:57","guid":{"rendered":"http:\/\/shop.verlag.uni-potsdam.de\/produkt\/kompromisse-im-europaeischen-parlament\/"},"modified":"2026-03-23T11:54:57","modified_gmt":"2026-03-23T10:54:57","slug":"kompromisse-im-europaeischen-parlament","status":"publish","type":"product","link":"https:\/\/shop.verlag.uni-potsdam.de\/en\/shop\/kompromisse-im-europaeischen-parlament\/","title":{"rendered":"Kompromisse im Europ\u00e4ischen Parlament"},"content":{"rendered":"<p class=\"qtranxs-available-languages-message qtranxs-available-languages-message-en\">Sorry, this entry is only available in <a href=\"https:\/\/shop.verlag.uni-potsdam.de\/de\/wp-json\/wp\/v2\/product\/52000\" class=\"qtranxs-available-language-link qtranxs-available-language-link-de\" title=\"Deutsch\">Deutsch<\/a>.<\/p><p>Das Europ\u00e4ische Parlament ist die m\u00e4chtigste parlamentarische Versammlung auf supranationaler Ebene in der Welt ist. Das provoziert die Frage, wie Entscheidungen in diesem Parlament gef\u00e4llt werden und wie sie begr\u00fcndet werden k\u00f6nnen. Darin liegt das Hauptanliegen dieser Arbeit, die zur Beantwortung dieser Frage auf soziologische Ans\u00e4tze der Erkl\u00e4rung sozialen Handelns zur\u00fcckgreift und damit einen neuen Zugang zur Beobachtung parlamentarischen Handelns schafft. Dabei arbeitet sie heraus, wie wichtig es ist, bei der Analyse politischer Entscheidungsprozesse zu beachten, wie politische Probleme von Akteuren interpretiert und gegen\u00fcber Verhandlungspartnern dargestellt werden. An den Fallbeispielen der Entscheidungsprozesse zur Dienstleistungsrichtlinie, zur Chemikalien-Verordnung REACH und dem TDIP (CIA)-Ausschuss in der Legislaturperiode 2004-2009 wird der soziale Mechanismus dargestellt, der hinter Einigungen im Europ\u00e4ischen Parlament steckt. Kultur als Interpretation der Welt wird so zum Schl\u00fcssel des Verst\u00e4ndnisses politischer Entscheidungen auf supranationaler Ebene.<\/p>","protected":false},"excerpt":{"rendered":"<p class=\"qtranxs-available-languages-message qtranxs-available-languages-message-en\">Sorry, this entry is only available in <a href=\"https:\/\/shop.verlag.uni-potsdam.de\/de\/wp-json\/wp\/v2\/product\/52000\" class=\"qtranxs-available-language-link qtranxs-available-language-link-de\" title=\"Deutsch\">Deutsch<\/a>.<\/p>\n<p>Das Europ\u00e4ische Parlament ist die m\u00e4chtigste parlamentarische Versammlung auf supranationaler Ebene in der Welt ist. Das provoziert die Frage, wie Entscheidungen in diesem Parlament gef\u00e4llt werden und wie sie begr\u00fcndet werden k\u00f6nnen. Darin liegt das Hauptanliegen dieser Arbeit, die zur Beantwortung dieser Frage auf soziologische Ans\u00e4tze der Erkl\u00e4rung sozialen Handelns zur\u00fcckgreift und damit einen neuen Zugang zur Beobachtung parlamentarischen Handelns schafft. Dabei arbeitet sie heraus, wie wichtig es ist, bei der Analyse politischer Entscheidungsprozesse zu beachten, wie politische Probleme von Akteuren interpretiert und gegen\u00fcber Verhandlungspartnern dargestellt werden. An den Fallbeispielen der Entscheidungsprozesse zur Dienstleistungsrichtlinie, zur Chemikalien-Verordnung REACH und dem TDIP (CIA)-Ausschuss in der Legislaturperiode 2004-2009 wird der soziale Mechanismus dargestellt, der hinter Einigungen im Europ\u00e4ischen Parlament steckt. Kultur als Interpretation der Welt wird so zum Schl\u00fcssel des Verst\u00e4ndnisses politischer Entscheidungen auf supranationaler Ebene.<\/p>\n","protected":false},"featured_media":54101,"template":"","meta":{"_acf_changed":false},"product_brand":[],"product_cat":[6232],"product_tag":[5977],"class_list":{"0":"post-52000","1":"product","2":"type-product","3":"status-publish","4":"has-post-thumbnail","6":"product_cat-wirtschaft-web-kategorie","7":"product_tag-europaeisches-parlament-kompromiss-kultur-narration-netzwerkanalyse","8":"autor-christoph-raiser","9":"edition-restexemplare","11":"first","12":"instock","13":"shipping-taxable","14":"purchasable","15":"product-type-simple"},"acf":[],"yoast_head":"<!-- This site is optimized with the Yoast SEO plugin v27.1.1 - https:\/\/yoast.com\/product\/yoast-seo-wordpress\/ -->\n<title>Kompromisse im Europ\u00e4ischen Parlament - Universit\u00e4tsverlag Potsdam<\/title>\n<meta name=\"robots\" content=\"index, follow, max-snippet:-1, max-image-preview:large, max-video-preview:-1\" \/>\n<link rel=\"canonical\" href=\"https:\/\/shop.verlag.uni-potsdam.de\/en\/shop\/kompromisse-im-europaeischen-parlament\/\" \/>\n<meta property=\"og:locale\" content=\"en_US\" \/>\n<meta property=\"og:type\" content=\"article\" \/>\n<meta property=\"og:title\" content=\"Kompromisse im Europ\u00e4ischen Parlament - Universit\u00e4tsverlag Potsdam\" \/>\n<meta property=\"og:description\" content=\"Das Europ\u00e4ische Parlament ist die m\u00e4chtigste parlamentarische Versammlung auf supranationaler Ebene in der Welt ist. Das provoziert die Frage, wie Entscheidungen in diesem Parlament gef\u00e4llt werden und wie sie begr\u00fcndet werden k\u00f6nnen. Darin liegt das Hauptanliegen dieser Arbeit, die zur Beantwortung dieser Frage auf soziologische Ans\u00e4tze der Erkl\u00e4rung sozialen Handelns zur\u00fcckgreift und damit einen neuen Zugang zur Beobachtung parlamentarischen Handelns schafft. Dabei arbeitet sie heraus, wie wichtig es ist, bei der Analyse politischer Entscheidungsprozesse zu beachten, wie politische Probleme von Akteuren interpretiert und gegen\u00fcber Verhandlungspartnern dargestellt werden. An den Fallbeispielen der Entscheidungsprozesse zur Dienstleistungsrichtlinie, zur Chemikalien-Verordnung REACH und dem TDIP (CIA)-Ausschuss in der Legislaturperiode 2004-2009 wird der soziale Mechanismus dargestellt, der hinter Einigungen im Europ\u00e4ischen Parlament steckt. Kultur als Interpretation der Welt wird so zum Schl\u00fcssel des Verst\u00e4ndnisses politischer Entscheidungen auf supranationaler Ebene.\" \/>\n<meta property=\"og:url\" content=\"https:\/\/shop.verlag.uni-potsdam.de\/en\/shop\/kompromisse-im-europaeischen-parlament\/\" \/>\n<meta property=\"og:site_name\" content=\"Universit\u00e4tsverlag Potsdam\" \/>\n<meta property=\"article:modified_time\" content=\"2026-03-23T10:54:57+00:00\" \/>\n<meta property=\"og:image\" content=\"https:\/\/shop.verlag.uni-potsdam.de\/wp-content\/uploads\/asolmerce\/image-9783869562834.jpg\" \/>\n\t<meta property=\"og:image:width\" content=\"454\" \/>\n\t<meta property=\"og:image:height\" content=\"640\" \/>\n\t<meta property=\"og:image:type\" content=\"image\/jpeg\" \/>\n<meta name=\"twitter:card\" content=\"summary_large_image\" \/>\n<meta name=\"twitter:label1\" content=\"Est. reading time\" \/>\n\t<meta name=\"twitter:data1\" content=\"1 minute\" \/>\n<script type=\"application\/ld+json\" class=\"yoast-schema-graph\">{\"@context\":\"https:\/\/schema.org\",\"@graph\":[{\"@type\":\"WebPage\",\"@id\":\"https:\/\/shop.verlag.uni-potsdam.de\/en\/shop\/kompromisse-im-europaeischen-parlament\/\",\"url\":\"https:\/\/shop.verlag.uni-potsdam.de\/en\/shop\/kompromisse-im-europaeischen-parlament\/\",\"name\":\"Kompromisse im Europ\u00e4ischen Parlament - Universit\u00e4tsverlag Potsdam\",\"isPartOf\":{\"@id\":\"https:\/\/shop.verlag.uni-potsdam.de\/en\/#website\"},\"primaryImageOfPage\":{\"@id\":\"https:\/\/shop.verlag.uni-potsdam.de\/en\/shop\/kompromisse-im-europaeischen-parlament\/#primaryimage\"},\"image\":{\"@id\":\"https:\/\/shop.verlag.uni-potsdam.de\/shop\/kompromisse-im-europaeischen-parlament\/#primaryimage\"},\"thumbnailUrl\":\"https:\/\/shop.verlag.uni-potsdam.de\/wp-content\/uploads\/asolmerce\/image-9783869562834.jpg\",\"datePublished\":\"2026-03-23T08:53:57+00:00\",\"dateModified\":\"2026-03-23T10:54:57+00:00\",\"breadcrumb\":{\"@id\":\"https:\/\/shop.verlag.uni-potsdam.de\/en\/shop\/kompromisse-im-europaeischen-parlament\/#breadcrumb\"},\"inLanguage\":\"en-US\",\"potentialAction\":[{\"@type\":\"ReadAction\",\"target\":[[\"https:\/\/shop.verlag.uni-potsdam.de\/en\/shop\/kompromisse-im-europaeischen-parlament\/\"]]}]},{\"@type\":\"ImageObject\",\"inLanguage\":\"en-US\",\"@id\":\"https:\/\/shop.verlag.uni-potsdam.de\/en\/shop\/kompromisse-im-europaeischen-parlament\/#primaryimage\",\"url\":\"https:\/\/shop.verlag.uni-potsdam.de\/wp-content\/uploads\/asolmerce\/image-9783869562834.jpg\",\"contentUrl\":\"https:\/\/shop.verlag.uni-potsdam.de\/wp-content\/uploads\/asolmerce\/image-9783869562834.jpg\",\"width\":454,\"height\":640},{\"@type\":\"BreadcrumbList\",\"@id\":\"https:\/\/shop.verlag.uni-potsdam.de\/en\/shop\/kompromisse-im-europaeischen-parlament\/#breadcrumb\",\"itemListElement\":[{\"@type\":\"ListItem\",\"position\":1,\"name\":\"Startseite\",\"item\":\"https:\/\/shop.verlag.uni-potsdam.de\/en\/\"},{\"@type\":\"ListItem\",\"position\":2,\"name\":\"Shop\",\"item\":\"https:\/\/shop.verlag.uni-potsdam.de\/en\/shop\/\"},{\"@type\":\"ListItem\",\"position\":3,\"name\":\"Kompromisse im Europ\u00e4ischen Parlament\"}]},{\"@type\":\"WebSite\",\"@id\":\"https:\/\/shop.verlag.uni-potsdam.de\/en\/#website\",\"url\":\"https:\/\/shop.verlag.uni-potsdam.de\/en\/\",\"name\":\"Universit\u00e4tsverlag Potsdam\",\"description\":\"\",\"publisher\":{\"@id\":\"https:\/\/shop.verlag.uni-potsdam.de\/en\/#organization\"},\"potentialAction\":[{\"@type\":\"SearchAction\",\"target\":{\"@type\":\"EntryPoint\",\"urlTemplate\":\"https:\/\/shop.verlag.uni-potsdam.de\/en\/?s={search_term_string}\"},\"query-input\":{\"@type\":\"PropertyValueSpecification\",\"valueRequired\":true,\"valueName\":\"search_term_string\"}}],\"inLanguage\":\"en-US\"},{\"@type\":\"Organization\",\"@id\":\"https:\/\/shop.verlag.uni-potsdam.de\/en\/#organization\",\"name\":\"Universit\u00e4tsverlag Potsdam\",\"url\":\"https:\/\/shop.verlag.uni-potsdam.de\/en\/\",\"logo\":{\"@type\":\"ImageObject\",\"inLanguage\":\"en-US\",\"@id\":\"https:\/\/shop.verlag.uni-potsdam.de\/en\/#\/schema\/logo\/image\/\",\"url\":\"https:\/\/shop.verlag.uni-potsdam.de\/wp-content\/uploads\/2017\/04\/up_logo_university_2.png\",\"contentUrl\":\"https:\/\/shop.verlag.uni-potsdam.de\/wp-content\/uploads\/2017\/04\/up_logo_university_2.png\",\"width\":160,\"height\":172,\"caption\":\"Universit\u00e4tsverlag Potsdam\"},\"image\":{\"@id\":\"https:\/\/shop.verlag.uni-potsdam.de\/en\/#\/schema\/logo\/image\/\"}}]}<\/script>\n<!-- \/ Yoast SEO plugin. -->","yoast_head_json":{"title":"Kompromisse im Europ\u00e4ischen Parlament - Universit\u00e4tsverlag Potsdam","robots":{"index":"index","follow":"follow","max-snippet":"max-snippet:-1","max-image-preview":"max-image-preview:large","max-video-preview":"max-video-preview:-1"},"canonical":"https:\/\/shop.verlag.uni-potsdam.de\/en\/shop\/kompromisse-im-europaeischen-parlament\/","og_locale":"en_US","og_type":"article","og_title":"Kompromisse im Europ\u00e4ischen Parlament - Universit\u00e4tsverlag Potsdam","og_description":"Das Europ\u00e4ische Parlament ist die m\u00e4chtigste parlamentarische Versammlung auf supranationaler Ebene in der Welt ist. Das provoziert die Frage, wie Entscheidungen in diesem Parlament gef\u00e4llt werden und wie sie begr\u00fcndet werden k\u00f6nnen. Darin liegt das Hauptanliegen dieser Arbeit, die zur Beantwortung dieser Frage auf soziologische Ans\u00e4tze der Erkl\u00e4rung sozialen Handelns zur\u00fcckgreift und damit einen neuen Zugang zur Beobachtung parlamentarischen Handelns schafft. Dabei arbeitet sie heraus, wie wichtig es ist, bei der Analyse politischer Entscheidungsprozesse zu beachten, wie politische Probleme von Akteuren interpretiert und gegen\u00fcber Verhandlungspartnern dargestellt werden. An den Fallbeispielen der Entscheidungsprozesse zur Dienstleistungsrichtlinie, zur Chemikalien-Verordnung REACH und dem TDIP (CIA)-Ausschuss in der Legislaturperiode 2004-2009 wird der soziale Mechanismus dargestellt, der hinter Einigungen im Europ\u00e4ischen Parlament steckt. Kultur als Interpretation der Welt wird so zum Schl\u00fcssel des Verst\u00e4ndnisses politischer Entscheidungen auf supranationaler Ebene.","og_url":"https:\/\/shop.verlag.uni-potsdam.de\/en\/shop\/kompromisse-im-europaeischen-parlament\/","og_site_name":"Universit\u00e4tsverlag Potsdam","article_modified_time":"2026-03-23T10:54:57+00:00","og_image":[{"width":454,"height":640,"url":"https:\/\/shop.verlag.uni-potsdam.de\/wp-content\/uploads\/asolmerce\/image-9783869562834.jpg","type":"image\/jpeg"}],"twitter_card":"summary_large_image","twitter_misc":{"Est. reading time":"1 minute"},"schema":{"@context":"https:\/\/schema.org","@graph":[{"@type":"WebPage","@id":"https:\/\/shop.verlag.uni-potsdam.de\/en\/shop\/kompromisse-im-europaeischen-parlament\/","url":"https:\/\/shop.verlag.uni-potsdam.de\/en\/shop\/kompromisse-im-europaeischen-parlament\/","name":"Kompromisse im Europ\u00e4ischen Parlament - Universit\u00e4tsverlag Potsdam","isPartOf":{"@id":"https:\/\/shop.verlag.uni-potsdam.de\/en\/#website"},"primaryImageOfPage":{"@id":"https:\/\/shop.verlag.uni-potsdam.de\/en\/shop\/kompromisse-im-europaeischen-parlament\/#primaryimage"},"image":{"@id":"https:\/\/shop.verlag.uni-potsdam.de\/shop\/kompromisse-im-europaeischen-parlament\/#primaryimage"},"thumbnailUrl":"https:\/\/shop.verlag.uni-potsdam.de\/wp-content\/uploads\/asolmerce\/image-9783869562834.jpg","datePublished":"2026-03-23T08:53:57+00:00","dateModified":"2026-03-23T10:54:57+00:00","breadcrumb":{"@id":"https:\/\/shop.verlag.uni-potsdam.de\/en\/shop\/kompromisse-im-europaeischen-parlament\/#breadcrumb"},"inLanguage":"en-US","potentialAction":[{"@type":"ReadAction","target":[["https:\/\/shop.verlag.uni-potsdam.de\/en\/shop\/kompromisse-im-europaeischen-parlament\/"]]}]},{"@type":"ImageObject","inLanguage":"en-US","@id":"https:\/\/shop.verlag.uni-potsdam.de\/en\/shop\/kompromisse-im-europaeischen-parlament\/#primaryimage","url":"https:\/\/shop.verlag.uni-potsdam.de\/wp-content\/uploads\/asolmerce\/image-9783869562834.jpg","contentUrl":"https:\/\/shop.verlag.uni-potsdam.de\/wp-content\/uploads\/asolmerce\/image-9783869562834.jpg","width":454,"height":640},{"@type":"BreadcrumbList","@id":"https:\/\/shop.verlag.uni-potsdam.de\/en\/shop\/kompromisse-im-europaeischen-parlament\/#breadcrumb","itemListElement":[{"@type":"ListItem","position":1,"name":"Startseite","item":"https:\/\/shop.verlag.uni-potsdam.de\/en\/"},{"@type":"ListItem","position":2,"name":"Shop","item":"https:\/\/shop.verlag.uni-potsdam.de\/en\/shop\/"},{"@type":"ListItem","position":3,"name":"Kompromisse im Europ\u00e4ischen Parlament"}]},{"@type":"WebSite","@id":"https:\/\/shop.verlag.uni-potsdam.de\/en\/#website","url":"https:\/\/shop.verlag.uni-potsdam.de\/en\/","name":"Universit\u00e4tsverlag Potsdam","description":"","publisher":{"@id":"https:\/\/shop.verlag.uni-potsdam.de\/en\/#organization"},"potentialAction":[{"@type":"SearchAction","target":{"@type":"EntryPoint","urlTemplate":"https:\/\/shop.verlag.uni-potsdam.de\/en\/?s={search_term_string}"},"query-input":{"@type":"PropertyValueSpecification","valueRequired":true,"valueName":"search_term_string"}}],"inLanguage":"en-US"},{"@type":"Organization","@id":"https:\/\/shop.verlag.uni-potsdam.de\/en\/#organization","name":"Universit\u00e4tsverlag Potsdam","url":"https:\/\/shop.verlag.uni-potsdam.de\/en\/","logo":{"@type":"ImageObject","inLanguage":"en-US","@id":"https:\/\/shop.verlag.uni-potsdam.de\/en\/#\/schema\/logo\/image\/","url":"https:\/\/shop.verlag.uni-potsdam.de\/wp-content\/uploads\/2017\/04\/up_logo_university_2.png","contentUrl":"https:\/\/shop.verlag.uni-potsdam.de\/wp-content\/uploads\/2017\/04\/up_logo_university_2.png","width":160,"height":172,"caption":"Universit\u00e4tsverlag Potsdam"},"image":{"@id":"https:\/\/shop.verlag.uni-potsdam.de\/en\/#\/schema\/logo\/image\/"}}]}},"_links":{"self":[{"href":"https:\/\/shop.verlag.uni-potsdam.de\/en\/wp-json\/wp\/v2\/product\/52000","targetHints":{"allow":["GET"]}}],"collection":[{"href":"https:\/\/shop.verlag.uni-potsdam.de\/en\/wp-json\/wp\/v2\/product"}],"about":[{"href":"https:\/\/shop.verlag.uni-potsdam.de\/en\/wp-json\/wp\/v2\/types\/product"}],"wp:featuredmedia":[{"embeddable":true,"href":"https:\/\/shop.verlag.uni-potsdam.de\/en\/wp-json\/wp\/v2\/media\/54101"}],"wp:attachment":[{"href":"https:\/\/shop.verlag.uni-potsdam.de\/en\/wp-json\/wp\/v2\/media?parent=52000"}],"wp:term":[{"taxonomy":"product_brand","embeddable":true,"href":"https:\/\/shop.verlag.uni-potsdam.de\/en\/wp-json\/wp\/v2\/product_brand?post=52000"},{"taxonomy":"product_cat","embeddable":true,"href":"https:\/\/shop.verlag.uni-potsdam.de\/en\/wp-json\/wp\/v2\/product_cat?post=52000"},{"taxonomy":"product_tag","embeddable":true,"href":"https:\/\/shop.verlag.uni-potsdam.de\/en\/wp-json\/wp\/v2\/product_tag?post=52000"}],"curies":[{"name":"wp","href":"https:\/\/api.w.org\/{rel}","templated":true}]}}