{"id":52019,"date":"2026-03-23T08:53:57","date_gmt":"2026-03-23T08:53:57","guid":{"rendered":"http:\/\/shop.verlag.uni-potsdam.de\/produkt\/floras-rastlose-toechter-hinter-dem-gartentor\/"},"modified":"2026-03-23T11:54:57","modified_gmt":"2026-03-23T10:54:57","slug":"floras-rastlose-toechter-hinter-dem-gartentor","status":"publish","type":"product","link":"https:\/\/shop.verlag.uni-potsdam.de\/en\/shop\/floras-rastlose-toechter-hinter-dem-gartentor\/","title":{"rendered":"Floras rastlose T\u00f6chter hinter dem Gartentor"},"content":{"rendered":"<p class=\"qtranxs-available-languages-message qtranxs-available-languages-message-en\">Sorry, this entry is only available in <a href=\"https:\/\/shop.verlag.uni-potsdam.de\/de\/wp-json\/wp\/v2\/product\/52019\" class=\"qtranxs-available-language-link qtranxs-available-language-link-de\" title=\"Deutsch\">Deutsch<\/a>.<\/p><p>Die Dissertation untersucht von Autorinnen (Louisa Johnson, Jane Loudon, Maria Theresa Earle, Gertrude Jekyll, Elizabeth von Arnim) verfasste Ratgeberliteratur zum Hausgarten f\u00fcr ein weibliches Lesepublikum, mit dem Anspruch an eine praktische Gartent\u00e4tigkeit, im Zeitraum von 1839 bis 1900. Die Genderperspektive steht hieraus folgend im Mittelpunkt der vorliegenden Arbeit. Der Fokus auf die b\u00fcrgerliche Mittelklasse ergibt sich aus der Autorinnenperspektive und der angesprochenen Leserschaft. Die Behandlung des Gartens wird einer Analyse unterzogen, die nach der weiblichen Sicht auf den Garten und einem spezifisch weiblichen Selbstverst\u00e4ndnis der garteninteressierten bzw. g\u00e4rtnernden Frauen fragt. In ihrer Besch\u00e4ftigung mit dem Garten leisten die Frauen einen Beitrag zur Konzeption von m\u00e4nnlich und weiblich, zur Bewertung von Geschlechternormen und deren Verhandlung. Das Schreiben und Lesen \u00fcber den Garten sowie hieraus resultierende Handlungen waren mit der Konstruktion weiblicher Identit\u00e4t verkn\u00fcpft. In ihrer befreienden Konzeption des Gartens heben sich diese Frauenstimmen zu Weiblichkeitsvorstellungen von anderen gesellschaftlichen zugeschriebenen Wirkungsbereichen ab. An die b\u00fcrgerliche Frau herangetragene Rollenerwartungen werden in den Werken weder affirmativ best\u00e4tigt noch offen subversiv hinterfragt. Es handelt sich vielmehr um ein subtiles Unterlaufen durch das Anbieten von Handlungsfeldern, die dem Wunsch nach Selbstverwirklichung und Selbstbestimmung entgegen kamen. Im Garten als vermeintlich kleinem, hausnah-restriktivem Kontext nehmen die Frauen neue Rollen an und variieren diese. Der Besch\u00e4ftigung mit dem Garten kommt daher ein protofeministischer Charakter vor dem Einsetzen der Ersten Frauenbewegung zu, so dass von einem Gartenfeminismus als Instrument zur weiblichen Bewusstwerdung gesprochen werden kann.<\/p>","protected":false},"excerpt":{"rendered":"<p class=\"qtranxs-available-languages-message qtranxs-available-languages-message-en\">Sorry, this entry is only available in <a href=\"https:\/\/shop.verlag.uni-potsdam.de\/de\/wp-json\/wp\/v2\/product\/52019\" class=\"qtranxs-available-language-link qtranxs-available-language-link-de\" title=\"Deutsch\">Deutsch<\/a>.<\/p>\n<p>Die Dissertation untersucht von Autorinnen (Louisa Johnson, Jane Loudon, Maria Theresa Earle, Gertrude Jekyll, Elizabeth von Arnim) verfasste Ratgeberliteratur zum Hausgarten f\u00fcr ein weibliches Lesepublikum, mit dem Anspruch an eine praktische Gartent\u00e4tigkeit, im Zeitraum von 1839 bis 1900. Die Genderperspektive steht hieraus folgend im Mittelpunkt der vorliegenden Arbeit. Der Fokus auf die b\u00fcrgerliche Mittelklasse ergibt sich aus der Autorinnenperspektive und der angesprochenen Leserschaft. Die Behandlung des Gartens wird einer Analyse unterzogen, die nach der weiblichen Sicht auf den Garten und einem spezifisch weiblichen Selbstverst\u00e4ndnis der garteninteressierten bzw. g\u00e4rtnernden Frauen fragt. In ihrer Besch\u00e4ftigung mit dem Garten leisten die Frauen einen Beitrag zur Konzeption von m\u00e4nnlich und weiblich, zur Bewertung von Geschlechternormen und deren Verhandlung. Das Schreiben und Lesen \u00fcber den Garten sowie hieraus resultierende Handlungen waren mit der Konstruktion weiblicher Identit\u00e4t verkn\u00fcpft. In ihrer befreienden Konzeption des Gartens heben sich diese Frauenstimmen zu Weiblichkeitsvorstellungen von anderen gesellschaftlichen zugeschriebenen Wirkungsbereichen ab. An die b\u00fcrgerliche Frau herangetragene Rollenerwartungen werden in den Werken weder affirmativ best\u00e4tigt noch offen subversiv hinterfragt. Es handelt sich vielmehr um ein subtiles Unterlaufen durch das Anbieten von Handlungsfeldern, die dem Wunsch nach Selbstverwirklichung und Selbstbestimmung entgegen kamen. Im Garten als vermeintlich kleinem, hausnah-restriktivem Kontext nehmen die Frauen neue Rollen an und variieren diese. Der Besch\u00e4ftigung mit dem Garten kommt daher ein protofeministischer Charakter vor dem Einsetzen der Ersten Frauenbewegung zu, so dass von einem Gartenfeminismus als Instrument zur weiblichen Bewusstwerdung gesprochen werden kann.<\/p>\n","protected":false},"featured_media":54080,"template":"","meta":{"_acf_changed":false},"product_brand":[],"product_cat":[6221],"product_tag":[6027],"class_list":{"0":"post-52019","1":"product","2":"type-product","3":"status-publish","4":"has-post-thumbnail","6":"product_cat-philosophie-web-kategorie","7":"product_tag-19-jahrhundert-frauen-gartenkultur-gaerten-kulturwissenschaft","8":"autor-stefanie-bickert","10":"first","11":"instock","12":"shipping-taxable","13":"purchasable","14":"product-type-simple"},"acf":[],"yoast_head":"<!-- This site is optimized with the Yoast SEO plugin v27.1.1 - https:\/\/yoast.com\/product\/yoast-seo-wordpress\/ -->\n<title>Floras rastlose T\u00f6chter hinter dem Gartentor - Universit\u00e4tsverlag Potsdam<\/title>\n<meta name=\"robots\" content=\"index, follow, max-snippet:-1, max-image-preview:large, max-video-preview:-1\" \/>\n<link rel=\"canonical\" href=\"https:\/\/shop.verlag.uni-potsdam.de\/en\/shop\/floras-rastlose-toechter-hinter-dem-gartentor\/\" \/>\n<meta property=\"og:locale\" content=\"en_US\" \/>\n<meta property=\"og:type\" content=\"article\" \/>\n<meta property=\"og:title\" content=\"Floras rastlose T\u00f6chter hinter dem Gartentor - Universit\u00e4tsverlag Potsdam\" \/>\n<meta property=\"og:description\" content=\"Die Dissertation untersucht von Autorinnen (Louisa Johnson, Jane Loudon, Maria Theresa Earle, Gertrude Jekyll, Elizabeth von Arnim) verfasste Ratgeberliteratur zum Hausgarten f\u00fcr ein weibliches Lesepublikum, mit dem Anspruch an eine praktische Gartent\u00e4tigkeit, im Zeitraum von 1839 bis 1900. Die Genderperspektive steht hieraus folgend im Mittelpunkt der vorliegenden Arbeit. Der Fokus auf die b\u00fcrgerliche Mittelklasse ergibt sich aus der Autorinnenperspektive und der angesprochenen Leserschaft. Die Behandlung des Gartens wird einer Analyse unterzogen, die nach der weiblichen Sicht auf den Garten und einem spezifisch weiblichen Selbstverst\u00e4ndnis der garteninteressierten bzw. g\u00e4rtnernden Frauen fragt. In ihrer Besch\u00e4ftigung mit dem Garten leisten die Frauen einen Beitrag zur Konzeption von m\u00e4nnlich und weiblich, zur Bewertung von Geschlechternormen und deren Verhandlung. Das Schreiben und Lesen \u00fcber den Garten sowie hieraus resultierende Handlungen waren mit der Konstruktion weiblicher Identit\u00e4t verkn\u00fcpft. In ihrer befreienden Konzeption des Gartens heben sich diese Frauenstimmen zu Weiblichkeitsvorstellungen von anderen gesellschaftlichen zugeschriebenen Wirkungsbereichen ab. An die b\u00fcrgerliche Frau herangetragene Rollenerwartungen werden in den Werken weder affirmativ best\u00e4tigt noch offen subversiv hinterfragt. Es handelt sich vielmehr um ein subtiles Unterlaufen durch das Anbieten von Handlungsfeldern, die dem Wunsch nach Selbstverwirklichung und Selbstbestimmung entgegen kamen. Im Garten als vermeintlich kleinem, hausnah-restriktivem Kontext nehmen die Frauen neue Rollen an und variieren diese. Der Besch\u00e4ftigung mit dem Garten kommt daher ein protofeministischer Charakter vor dem Einsetzen der Ersten Frauenbewegung zu, so dass von einem Gartenfeminismus als Instrument zur weiblichen Bewusstwerdung gesprochen werden kann.\" \/>\n<meta property=\"og:url\" content=\"https:\/\/shop.verlag.uni-potsdam.de\/en\/shop\/floras-rastlose-toechter-hinter-dem-gartentor\/\" \/>\n<meta property=\"og:site_name\" content=\"Universit\u00e4tsverlag Potsdam\" \/>\n<meta property=\"article:modified_time\" content=\"2026-03-23T10:54:57+00:00\" \/>\n<meta property=\"og:image\" content=\"https:\/\/shop.verlag.uni-potsdam.de\/wp-content\/uploads\/asolmerce\/image-9783869562698.jpg\" \/>\n\t<meta property=\"og:image:width\" content=\"452\" \/>\n\t<meta property=\"og:image:height\" content=\"640\" \/>\n\t<meta property=\"og:image:type\" content=\"image\/jpeg\" \/>\n<meta name=\"twitter:card\" content=\"summary_large_image\" \/>\n<meta name=\"twitter:label1\" content=\"Est. reading time\" \/>\n\t<meta name=\"twitter:data1\" content=\"1 minute\" \/>\n<script type=\"application\/ld+json\" class=\"yoast-schema-graph\">{\"@context\":\"https:\/\/schema.org\",\"@graph\":[{\"@type\":\"WebPage\",\"@id\":\"https:\/\/shop.verlag.uni-potsdam.de\/en\/shop\/floras-rastlose-toechter-hinter-dem-gartentor\/\",\"url\":\"https:\/\/shop.verlag.uni-potsdam.de\/en\/shop\/floras-rastlose-toechter-hinter-dem-gartentor\/\",\"name\":\"Floras rastlose T\u00f6chter hinter dem Gartentor - Universit\u00e4tsverlag Potsdam\",\"isPartOf\":{\"@id\":\"https:\/\/shop.verlag.uni-potsdam.de\/en\/#website\"},\"primaryImageOfPage\":{\"@id\":\"https:\/\/shop.verlag.uni-potsdam.de\/en\/shop\/floras-rastlose-toechter-hinter-dem-gartentor\/#primaryimage\"},\"image\":{\"@id\":\"https:\/\/shop.verlag.uni-potsdam.de\/shop\/floras-rastlose-toechter-hinter-dem-gartentor\/#primaryimage\"},\"thumbnailUrl\":\"https:\/\/shop.verlag.uni-potsdam.de\/wp-content\/uploads\/asolmerce\/image-9783869562698.jpg\",\"datePublished\":\"2026-03-23T08:53:57+00:00\",\"dateModified\":\"2026-03-23T10:54:57+00:00\",\"breadcrumb\":{\"@id\":\"https:\/\/shop.verlag.uni-potsdam.de\/en\/shop\/floras-rastlose-toechter-hinter-dem-gartentor\/#breadcrumb\"},\"inLanguage\":\"en-US\",\"potentialAction\":[{\"@type\":\"ReadAction\",\"target\":[[\"https:\/\/shop.verlag.uni-potsdam.de\/en\/shop\/floras-rastlose-toechter-hinter-dem-gartentor\/\"]]}]},{\"@type\":\"ImageObject\",\"inLanguage\":\"en-US\",\"@id\":\"https:\/\/shop.verlag.uni-potsdam.de\/en\/shop\/floras-rastlose-toechter-hinter-dem-gartentor\/#primaryimage\",\"url\":\"https:\/\/shop.verlag.uni-potsdam.de\/wp-content\/uploads\/asolmerce\/image-9783869562698.jpg\",\"contentUrl\":\"https:\/\/shop.verlag.uni-potsdam.de\/wp-content\/uploads\/asolmerce\/image-9783869562698.jpg\",\"width\":452,\"height\":640},{\"@type\":\"BreadcrumbList\",\"@id\":\"https:\/\/shop.verlag.uni-potsdam.de\/en\/shop\/floras-rastlose-toechter-hinter-dem-gartentor\/#breadcrumb\",\"itemListElement\":[{\"@type\":\"ListItem\",\"position\":1,\"name\":\"Startseite\",\"item\":\"https:\/\/shop.verlag.uni-potsdam.de\/en\/\"},{\"@type\":\"ListItem\",\"position\":2,\"name\":\"Shop\",\"item\":\"https:\/\/shop.verlag.uni-potsdam.de\/en\/shop\/\"},{\"@type\":\"ListItem\",\"position\":3,\"name\":\"Floras rastlose T\u00f6chter hinter dem Gartentor\"}]},{\"@type\":\"WebSite\",\"@id\":\"https:\/\/shop.verlag.uni-potsdam.de\/en\/#website\",\"url\":\"https:\/\/shop.verlag.uni-potsdam.de\/en\/\",\"name\":\"Universit\u00e4tsverlag Potsdam\",\"description\":\"\",\"publisher\":{\"@id\":\"https:\/\/shop.verlag.uni-potsdam.de\/en\/#organization\"},\"potentialAction\":[{\"@type\":\"SearchAction\",\"target\":{\"@type\":\"EntryPoint\",\"urlTemplate\":\"https:\/\/shop.verlag.uni-potsdam.de\/en\/?s={search_term_string}\"},\"query-input\":{\"@type\":\"PropertyValueSpecification\",\"valueRequired\":true,\"valueName\":\"search_term_string\"}}],\"inLanguage\":\"en-US\"},{\"@type\":\"Organization\",\"@id\":\"https:\/\/shop.verlag.uni-potsdam.de\/en\/#organization\",\"name\":\"Universit\u00e4tsverlag Potsdam\",\"url\":\"https:\/\/shop.verlag.uni-potsdam.de\/en\/\",\"logo\":{\"@type\":\"ImageObject\",\"inLanguage\":\"en-US\",\"@id\":\"https:\/\/shop.verlag.uni-potsdam.de\/en\/#\/schema\/logo\/image\/\",\"url\":\"https:\/\/shop.verlag.uni-potsdam.de\/wp-content\/uploads\/2017\/04\/up_logo_university_2.png\",\"contentUrl\":\"https:\/\/shop.verlag.uni-potsdam.de\/wp-content\/uploads\/2017\/04\/up_logo_university_2.png\",\"width\":160,\"height\":172,\"caption\":\"Universit\u00e4tsverlag Potsdam\"},\"image\":{\"@id\":\"https:\/\/shop.verlag.uni-potsdam.de\/en\/#\/schema\/logo\/image\/\"}}]}<\/script>\n<!-- \/ Yoast SEO plugin. -->","yoast_head_json":{"title":"Floras rastlose T\u00f6chter hinter dem Gartentor - Universit\u00e4tsverlag Potsdam","robots":{"index":"index","follow":"follow","max-snippet":"max-snippet:-1","max-image-preview":"max-image-preview:large","max-video-preview":"max-video-preview:-1"},"canonical":"https:\/\/shop.verlag.uni-potsdam.de\/en\/shop\/floras-rastlose-toechter-hinter-dem-gartentor\/","og_locale":"en_US","og_type":"article","og_title":"Floras rastlose T\u00f6chter hinter dem Gartentor - Universit\u00e4tsverlag Potsdam","og_description":"Die Dissertation untersucht von Autorinnen (Louisa Johnson, Jane Loudon, Maria Theresa Earle, Gertrude Jekyll, Elizabeth von Arnim) verfasste Ratgeberliteratur zum Hausgarten f\u00fcr ein weibliches Lesepublikum, mit dem Anspruch an eine praktische Gartent\u00e4tigkeit, im Zeitraum von 1839 bis 1900. Die Genderperspektive steht hieraus folgend im Mittelpunkt der vorliegenden Arbeit. Der Fokus auf die b\u00fcrgerliche Mittelklasse ergibt sich aus der Autorinnenperspektive und der angesprochenen Leserschaft. Die Behandlung des Gartens wird einer Analyse unterzogen, die nach der weiblichen Sicht auf den Garten und einem spezifisch weiblichen Selbstverst\u00e4ndnis der garteninteressierten bzw. g\u00e4rtnernden Frauen fragt. In ihrer Besch\u00e4ftigung mit dem Garten leisten die Frauen einen Beitrag zur Konzeption von m\u00e4nnlich und weiblich, zur Bewertung von Geschlechternormen und deren Verhandlung. Das Schreiben und Lesen \u00fcber den Garten sowie hieraus resultierende Handlungen waren mit der Konstruktion weiblicher Identit\u00e4t verkn\u00fcpft. In ihrer befreienden Konzeption des Gartens heben sich diese Frauenstimmen zu Weiblichkeitsvorstellungen von anderen gesellschaftlichen zugeschriebenen Wirkungsbereichen ab. An die b\u00fcrgerliche Frau herangetragene Rollenerwartungen werden in den Werken weder affirmativ best\u00e4tigt noch offen subversiv hinterfragt. Es handelt sich vielmehr um ein subtiles Unterlaufen durch das Anbieten von Handlungsfeldern, die dem Wunsch nach Selbstverwirklichung und Selbstbestimmung entgegen kamen. Im Garten als vermeintlich kleinem, hausnah-restriktivem Kontext nehmen die Frauen neue Rollen an und variieren diese. Der Besch\u00e4ftigung mit dem Garten kommt daher ein protofeministischer Charakter vor dem Einsetzen der Ersten Frauenbewegung zu, so dass von einem Gartenfeminismus als Instrument zur weiblichen Bewusstwerdung gesprochen werden kann.","og_url":"https:\/\/shop.verlag.uni-potsdam.de\/en\/shop\/floras-rastlose-toechter-hinter-dem-gartentor\/","og_site_name":"Universit\u00e4tsverlag Potsdam","article_modified_time":"2026-03-23T10:54:57+00:00","og_image":[{"width":452,"height":640,"url":"https:\/\/shop.verlag.uni-potsdam.de\/wp-content\/uploads\/asolmerce\/image-9783869562698.jpg","type":"image\/jpeg"}],"twitter_card":"summary_large_image","twitter_misc":{"Est. reading time":"1 minute"},"schema":{"@context":"https:\/\/schema.org","@graph":[{"@type":"WebPage","@id":"https:\/\/shop.verlag.uni-potsdam.de\/en\/shop\/floras-rastlose-toechter-hinter-dem-gartentor\/","url":"https:\/\/shop.verlag.uni-potsdam.de\/en\/shop\/floras-rastlose-toechter-hinter-dem-gartentor\/","name":"Floras rastlose T\u00f6chter hinter dem Gartentor - Universit\u00e4tsverlag Potsdam","isPartOf":{"@id":"https:\/\/shop.verlag.uni-potsdam.de\/en\/#website"},"primaryImageOfPage":{"@id":"https:\/\/shop.verlag.uni-potsdam.de\/en\/shop\/floras-rastlose-toechter-hinter-dem-gartentor\/#primaryimage"},"image":{"@id":"https:\/\/shop.verlag.uni-potsdam.de\/shop\/floras-rastlose-toechter-hinter-dem-gartentor\/#primaryimage"},"thumbnailUrl":"https:\/\/shop.verlag.uni-potsdam.de\/wp-content\/uploads\/asolmerce\/image-9783869562698.jpg","datePublished":"2026-03-23T08:53:57+00:00","dateModified":"2026-03-23T10:54:57+00:00","breadcrumb":{"@id":"https:\/\/shop.verlag.uni-potsdam.de\/en\/shop\/floras-rastlose-toechter-hinter-dem-gartentor\/#breadcrumb"},"inLanguage":"en-US","potentialAction":[{"@type":"ReadAction","target":[["https:\/\/shop.verlag.uni-potsdam.de\/en\/shop\/floras-rastlose-toechter-hinter-dem-gartentor\/"]]}]},{"@type":"ImageObject","inLanguage":"en-US","@id":"https:\/\/shop.verlag.uni-potsdam.de\/en\/shop\/floras-rastlose-toechter-hinter-dem-gartentor\/#primaryimage","url":"https:\/\/shop.verlag.uni-potsdam.de\/wp-content\/uploads\/asolmerce\/image-9783869562698.jpg","contentUrl":"https:\/\/shop.verlag.uni-potsdam.de\/wp-content\/uploads\/asolmerce\/image-9783869562698.jpg","width":452,"height":640},{"@type":"BreadcrumbList","@id":"https:\/\/shop.verlag.uni-potsdam.de\/en\/shop\/floras-rastlose-toechter-hinter-dem-gartentor\/#breadcrumb","itemListElement":[{"@type":"ListItem","position":1,"name":"Startseite","item":"https:\/\/shop.verlag.uni-potsdam.de\/en\/"},{"@type":"ListItem","position":2,"name":"Shop","item":"https:\/\/shop.verlag.uni-potsdam.de\/en\/shop\/"},{"@type":"ListItem","position":3,"name":"Floras rastlose T\u00f6chter hinter dem Gartentor"}]},{"@type":"WebSite","@id":"https:\/\/shop.verlag.uni-potsdam.de\/en\/#website","url":"https:\/\/shop.verlag.uni-potsdam.de\/en\/","name":"Universit\u00e4tsverlag Potsdam","description":"","publisher":{"@id":"https:\/\/shop.verlag.uni-potsdam.de\/en\/#organization"},"potentialAction":[{"@type":"SearchAction","target":{"@type":"EntryPoint","urlTemplate":"https:\/\/shop.verlag.uni-potsdam.de\/en\/?s={search_term_string}"},"query-input":{"@type":"PropertyValueSpecification","valueRequired":true,"valueName":"search_term_string"}}],"inLanguage":"en-US"},{"@type":"Organization","@id":"https:\/\/shop.verlag.uni-potsdam.de\/en\/#organization","name":"Universit\u00e4tsverlag Potsdam","url":"https:\/\/shop.verlag.uni-potsdam.de\/en\/","logo":{"@type":"ImageObject","inLanguage":"en-US","@id":"https:\/\/shop.verlag.uni-potsdam.de\/en\/#\/schema\/logo\/image\/","url":"https:\/\/shop.verlag.uni-potsdam.de\/wp-content\/uploads\/2017\/04\/up_logo_university_2.png","contentUrl":"https:\/\/shop.verlag.uni-potsdam.de\/wp-content\/uploads\/2017\/04\/up_logo_university_2.png","width":160,"height":172,"caption":"Universit\u00e4tsverlag Potsdam"},"image":{"@id":"https:\/\/shop.verlag.uni-potsdam.de\/en\/#\/schema\/logo\/image\/"}}]}},"_links":{"self":[{"href":"https:\/\/shop.verlag.uni-potsdam.de\/en\/wp-json\/wp\/v2\/product\/52019","targetHints":{"allow":["GET"]}}],"collection":[{"href":"https:\/\/shop.verlag.uni-potsdam.de\/en\/wp-json\/wp\/v2\/product"}],"about":[{"href":"https:\/\/shop.verlag.uni-potsdam.de\/en\/wp-json\/wp\/v2\/types\/product"}],"wp:featuredmedia":[{"embeddable":true,"href":"https:\/\/shop.verlag.uni-potsdam.de\/en\/wp-json\/wp\/v2\/media\/54080"}],"wp:attachment":[{"href":"https:\/\/shop.verlag.uni-potsdam.de\/en\/wp-json\/wp\/v2\/media?parent=52019"}],"wp:term":[{"taxonomy":"product_brand","embeddable":true,"href":"https:\/\/shop.verlag.uni-potsdam.de\/en\/wp-json\/wp\/v2\/product_brand?post=52019"},{"taxonomy":"product_cat","embeddable":true,"href":"https:\/\/shop.verlag.uni-potsdam.de\/en\/wp-json\/wp\/v2\/product_cat?post=52019"},{"taxonomy":"product_tag","embeddable":true,"href":"https:\/\/shop.verlag.uni-potsdam.de\/en\/wp-json\/wp\/v2\/product_tag?post=52019"}],"curies":[{"name":"wp","href":"https:\/\/api.w.org\/{rel}","templated":true}]}}