{"id":52026,"date":"2026-03-23T08:53:53","date_gmt":"2026-03-23T08:53:53","guid":{"rendered":"http:\/\/shop.verlag.uni-potsdam.de\/produkt\/hummel-innovationsfinanzierung-fuer-kmu\/"},"modified":"2026-03-23T11:54:53","modified_gmt":"2026-03-23T10:54:53","slug":"innovationsfinanzierung-fuer-kmu","status":"publish","type":"product","link":"https:\/\/shop.verlag.uni-potsdam.de\/en\/shop\/innovationsfinanzierung-fuer-kmu\/","title":{"rendered":"Innovationsfinanzierung f\u00fcr KMU"},"content":{"rendered":"<p class=\"qtranxs-available-languages-message qtranxs-available-languages-message-en\">Sorry, this entry is only available in <a href=\"https:\/\/shop.verlag.uni-potsdam.de\/de\/wp-json\/wp\/v2\/product\/52026\" class=\"qtranxs-available-language-link qtranxs-available-language-link-de\" title=\"Deutsch\">Deutsch<\/a>.<\/p><p>Die vorliegende Studie befasst sich mit den betriebswirtschaftlichen Besonderheiten kleiner und mittlerer Unternehmen (KMU) im Osten Deutschlands, welche sich grunds\u00e4tzlich auch in der Finanzierung zeigen. Die Forschungen belegen, dass auch die unzureichende Innovationsdynamik Ostdeutschlands keineswegs nur ein konjunkturelles oder gar mentales, sondern ein strukturelles Ph\u00e4nomen ist. Die Analyse unterstreicht einen besonderen Handlungsbedarf in den \u00f6stlichen Bundesl\u00e4ndern, da hier einerseits kleine Unternehmen in gro\u00dfer Zahl vorhanden sind, auch der Mittelstand insgesamt weitgehend etabliert ist, aber im Ost-West-Vergleich weiterhin etablierte Gro\u00dfunternehmen als Partner seltener anzutreffen und die einen positiven Ausstrahlungseffekt auf mittelst\u00e4ndische Zulieferbetriebe bewirken. Auch sind in Deutschland-Ost die Finanzierungsverh\u00e4ltnisse besondere, d.h. der Anteil der Fremdfinanzierung ist differenziert ausgepr\u00e4gt. Entsprechend sollte die \u201eHausbank\u201c wegen ihrem herausragenden Stellenwert f\u00fcr den Mittelstand auf den Pr\u00fcfstand. Die hier nochmals gezeigten Finanzierungsschw\u00e4chen gelten zwar f\u00fcr KMU grunds\u00e4tzlich, aber besonders f\u00fcr die kleinere KMU im Osten, wo zwar die Eigenkapitalquote gewachsen ist, aber beispielsweise die Fristenstrukturen der Fremdfinanzierung teilweise mit der Kapitalbindung im Anlageverm\u00f6gen nicht kongruent sind. Die private Finanzierung von KMU muss wegen der Defizite strukturellen M\u00e4ngel noch gezielter durch staatliche F\u00f6rderinstrumente unterst\u00fctzt werden<\/p>","protected":false},"excerpt":{"rendered":"<p class=\"qtranxs-available-languages-message qtranxs-available-languages-message-en\">Sorry, this entry is only available in <a href=\"https:\/\/shop.verlag.uni-potsdam.de\/de\/wp-json\/wp\/v2\/product\/52026\" class=\"qtranxs-available-language-link qtranxs-available-language-link-de\" title=\"Deutsch\">Deutsch<\/a>.<\/p>\n<p>Die vorliegende Studie befasst sich mit den betriebswirtschaftlichen Besonderheiten kleiner und mittlerer Unternehmen (KMU) im Osten Deutschlands, welche sich grunds\u00e4tzlich auch in der Finanzierung zeigen. Die Forschungen belegen, dass auch die unzureichende Innovationsdynamik Ostdeutschlands keineswegs nur ein konjunkturelles oder gar mentales, sondern ein strukturelles Ph\u00e4nomen ist. Die Analyse unterstreicht einen besonderen Handlungsbedarf in den \u00f6stlichen Bundesl\u00e4ndern, da hier einerseits kleine Unternehmen in gro\u00dfer Zahl vorhanden sind, auch der Mittelstand insgesamt weitgehend etabliert ist, aber im Ost-West-Vergleich weiterhin etablierte Gro\u00dfunternehmen als Partner seltener anzutreffen und die einen positiven Ausstrahlungseffekt auf mittelst\u00e4ndische Zulieferbetriebe bewirken. Auch sind in Deutschland-Ost die Finanzierungsverh\u00e4ltnisse besondere, d.h. der Anteil der Fremdfinanzierung ist differenziert ausgepr\u00e4gt. Entsprechend sollte die \u201eHausbank\u201c wegen ihrem herausragenden Stellenwert f\u00fcr den Mittelstand auf den Pr\u00fcfstand. Die hier nochmals gezeigten Finanzierungsschw\u00e4chen gelten zwar f\u00fcr KMU grunds\u00e4tzlich, aber besonders f\u00fcr die kleinere KMU im Osten, wo zwar die Eigenkapitalquote gewachsen ist, aber beispielsweise die Fristenstrukturen der Fremdfinanzierung teilweise mit der Kapitalbindung im Anlageverm\u00f6gen nicht kongruent sind. Die private Finanzierung von KMU muss wegen der Defizite strukturellen M\u00e4ngel noch gezielter durch staatliche F\u00f6rderinstrumente unterst\u00fctzt werden<\/p>\n","protected":false},"featured_media":54074,"template":"","meta":{"_acf_changed":false},"product_brand":[],"product_cat":[6232],"product_tag":[5883],"class_list":{"0":"post-52026","1":"product","2":"type-product","3":"status-publish","4":"has-post-thumbnail","6":"product_cat-wirtschaft-web-kategorie","7":"product_tag-eigenkapitalbasis-fremdfinanzierung-innovationsfinanzierung-ostdeutscher-mittelstand-oeffentliche-finanzierungsangebote-fuer-kmu","8":"autor-detlev-hummel","10":"first","11":"instock","12":"shipping-taxable","13":"purchasable","14":"product-type-simple"},"acf":[],"yoast_head":"<!-- This site is optimized with the Yoast SEO plugin v27.1.1 - https:\/\/yoast.com\/product\/yoast-seo-wordpress\/ -->\n<title>Innovationsfinanzierung f\u00fcr KMU - Universit\u00e4tsverlag Potsdam<\/title>\n<meta name=\"robots\" content=\"index, follow, max-snippet:-1, max-image-preview:large, max-video-preview:-1\" \/>\n<link rel=\"canonical\" href=\"https:\/\/shop.verlag.uni-potsdam.de\/en\/shop\/innovationsfinanzierung-fuer-kmu\/\" \/>\n<meta property=\"og:locale\" content=\"en_US\" \/>\n<meta property=\"og:type\" content=\"article\" \/>\n<meta property=\"og:title\" content=\"Innovationsfinanzierung f\u00fcr KMU - Universit\u00e4tsverlag Potsdam\" \/>\n<meta property=\"og:description\" content=\"Die vorliegende Studie befasst sich mit den betriebswirtschaftlichen Besonderheiten kleiner und mittlerer Unternehmen (KMU) im Osten Deutschlands, welche sich grunds\u00e4tzlich auch in der Finanzierung zeigen. Die Forschungen belegen, dass auch die unzureichende Innovationsdynamik Ostdeutschlands keineswegs nur ein konjunkturelles oder gar mentales, sondern ein strukturelles Ph\u00e4nomen ist. Die Analyse unterstreicht einen besonderen Handlungsbedarf in den \u00f6stlichen Bundesl\u00e4ndern, da hier einerseits kleine Unternehmen in gro\u00dfer Zahl vorhanden sind, auch der Mittelstand insgesamt weitgehend etabliert ist, aber im Ost-West-Vergleich weiterhin etablierte Gro\u00dfunternehmen als Partner seltener anzutreffen und die einen positiven Ausstrahlungseffekt auf mittelst\u00e4ndische Zulieferbetriebe bewirken. Auch sind in Deutschland-Ost die Finanzierungsverh\u00e4ltnisse besondere, d.h. der Anteil der Fremdfinanzierung ist differenziert ausgepr\u00e4gt. Entsprechend sollte die \u201eHausbank\u201c wegen ihrem herausragenden Stellenwert f\u00fcr den Mittelstand auf den Pr\u00fcfstand. Die hier nochmals gezeigten Finanzierungsschw\u00e4chen gelten zwar f\u00fcr KMU grunds\u00e4tzlich, aber besonders f\u00fcr die kleinere KMU im Osten, wo zwar die Eigenkapitalquote gewachsen ist, aber beispielsweise die Fristenstrukturen der Fremdfinanzierung teilweise mit der Kapitalbindung im Anlageverm\u00f6gen nicht kongruent sind. Die private Finanzierung von KMU muss wegen der Defizite strukturellen M\u00e4ngel noch gezielter durch staatliche F\u00f6rderinstrumente unterst\u00fctzt werden\" \/>\n<meta property=\"og:url\" content=\"https:\/\/shop.verlag.uni-potsdam.de\/en\/shop\/innovationsfinanzierung-fuer-kmu\/\" \/>\n<meta property=\"og:site_name\" content=\"Universit\u00e4tsverlag Potsdam\" \/>\n<meta property=\"article:modified_time\" content=\"2026-03-23T10:54:53+00:00\" \/>\n<meta property=\"og:image\" content=\"https:\/\/shop.verlag.uni-potsdam.de\/wp-content\/uploads\/asolmerce\/image-9783869562513.jpg\" \/>\n\t<meta property=\"og:image:width\" content=\"454\" \/>\n\t<meta property=\"og:image:height\" content=\"640\" \/>\n\t<meta property=\"og:image:type\" content=\"image\/jpeg\" \/>\n<meta name=\"twitter:card\" content=\"summary_large_image\" \/>\n<meta name=\"twitter:label1\" content=\"Est. reading time\" \/>\n\t<meta name=\"twitter:data1\" content=\"1 minute\" \/>\n<script type=\"application\/ld+json\" class=\"yoast-schema-graph\">{\"@context\":\"https:\/\/schema.org\",\"@graph\":[{\"@type\":\"WebPage\",\"@id\":\"https:\/\/shop.verlag.uni-potsdam.de\/en\/shop\/innovationsfinanzierung-fuer-kmu\/\",\"url\":\"https:\/\/shop.verlag.uni-potsdam.de\/en\/shop\/innovationsfinanzierung-fuer-kmu\/\",\"name\":\"Innovationsfinanzierung f\u00fcr KMU - Universit\u00e4tsverlag Potsdam\",\"isPartOf\":{\"@id\":\"https:\/\/shop.verlag.uni-potsdam.de\/en\/#website\"},\"primaryImageOfPage\":{\"@id\":\"https:\/\/shop.verlag.uni-potsdam.de\/en\/shop\/innovationsfinanzierung-fuer-kmu\/#primaryimage\"},\"image\":{\"@id\":\"https:\/\/shop.verlag.uni-potsdam.de\/shop\/innovationsfinanzierung-fuer-kmu\/#primaryimage\"},\"thumbnailUrl\":\"https:\/\/shop.verlag.uni-potsdam.de\/wp-content\/uploads\/asolmerce\/image-9783869562513.jpg\",\"datePublished\":\"2026-03-23T08:53:53+00:00\",\"dateModified\":\"2026-03-23T10:54:53+00:00\",\"breadcrumb\":{\"@id\":\"https:\/\/shop.verlag.uni-potsdam.de\/en\/shop\/innovationsfinanzierung-fuer-kmu\/#breadcrumb\"},\"inLanguage\":\"en-US\",\"potentialAction\":[{\"@type\":\"ReadAction\",\"target\":[[\"https:\/\/shop.verlag.uni-potsdam.de\/en\/shop\/innovationsfinanzierung-fuer-kmu\/\"]]}]},{\"@type\":\"ImageObject\",\"inLanguage\":\"en-US\",\"@id\":\"https:\/\/shop.verlag.uni-potsdam.de\/en\/shop\/innovationsfinanzierung-fuer-kmu\/#primaryimage\",\"url\":\"https:\/\/shop.verlag.uni-potsdam.de\/wp-content\/uploads\/asolmerce\/image-9783869562513.jpg\",\"contentUrl\":\"https:\/\/shop.verlag.uni-potsdam.de\/wp-content\/uploads\/asolmerce\/image-9783869562513.jpg\",\"width\":454,\"height\":640},{\"@type\":\"BreadcrumbList\",\"@id\":\"https:\/\/shop.verlag.uni-potsdam.de\/en\/shop\/innovationsfinanzierung-fuer-kmu\/#breadcrumb\",\"itemListElement\":[{\"@type\":\"ListItem\",\"position\":1,\"name\":\"Startseite\",\"item\":\"https:\/\/shop.verlag.uni-potsdam.de\/en\/\"},{\"@type\":\"ListItem\",\"position\":2,\"name\":\"Shop\",\"item\":\"https:\/\/shop.verlag.uni-potsdam.de\/en\/shop\/\"},{\"@type\":\"ListItem\",\"position\":3,\"name\":\"Innovationsfinanzierung f\u00fcr KMU\"}]},{\"@type\":\"WebSite\",\"@id\":\"https:\/\/shop.verlag.uni-potsdam.de\/en\/#website\",\"url\":\"https:\/\/shop.verlag.uni-potsdam.de\/en\/\",\"name\":\"Universit\u00e4tsverlag Potsdam\",\"description\":\"\",\"publisher\":{\"@id\":\"https:\/\/shop.verlag.uni-potsdam.de\/en\/#organization\"},\"potentialAction\":[{\"@type\":\"SearchAction\",\"target\":{\"@type\":\"EntryPoint\",\"urlTemplate\":\"https:\/\/shop.verlag.uni-potsdam.de\/en\/?s={search_term_string}\"},\"query-input\":{\"@type\":\"PropertyValueSpecification\",\"valueRequired\":true,\"valueName\":\"search_term_string\"}}],\"inLanguage\":\"en-US\"},{\"@type\":\"Organization\",\"@id\":\"https:\/\/shop.verlag.uni-potsdam.de\/en\/#organization\",\"name\":\"Universit\u00e4tsverlag Potsdam\",\"url\":\"https:\/\/shop.verlag.uni-potsdam.de\/en\/\",\"logo\":{\"@type\":\"ImageObject\",\"inLanguage\":\"en-US\",\"@id\":\"https:\/\/shop.verlag.uni-potsdam.de\/en\/#\/schema\/logo\/image\/\",\"url\":\"https:\/\/shop.verlag.uni-potsdam.de\/wp-content\/uploads\/2017\/04\/up_logo_university_2.png\",\"contentUrl\":\"https:\/\/shop.verlag.uni-potsdam.de\/wp-content\/uploads\/2017\/04\/up_logo_university_2.png\",\"width\":160,\"height\":172,\"caption\":\"Universit\u00e4tsverlag Potsdam\"},\"image\":{\"@id\":\"https:\/\/shop.verlag.uni-potsdam.de\/en\/#\/schema\/logo\/image\/\"}}]}<\/script>\n<!-- \/ Yoast SEO plugin. -->","yoast_head_json":{"title":"Innovationsfinanzierung f\u00fcr KMU - Universit\u00e4tsverlag Potsdam","robots":{"index":"index","follow":"follow","max-snippet":"max-snippet:-1","max-image-preview":"max-image-preview:large","max-video-preview":"max-video-preview:-1"},"canonical":"https:\/\/shop.verlag.uni-potsdam.de\/en\/shop\/innovationsfinanzierung-fuer-kmu\/","og_locale":"en_US","og_type":"article","og_title":"Innovationsfinanzierung f\u00fcr KMU - Universit\u00e4tsverlag Potsdam","og_description":"Die vorliegende Studie befasst sich mit den betriebswirtschaftlichen Besonderheiten kleiner und mittlerer Unternehmen (KMU) im Osten Deutschlands, welche sich grunds\u00e4tzlich auch in der Finanzierung zeigen. Die Forschungen belegen, dass auch die unzureichende Innovationsdynamik Ostdeutschlands keineswegs nur ein konjunkturelles oder gar mentales, sondern ein strukturelles Ph\u00e4nomen ist. Die Analyse unterstreicht einen besonderen Handlungsbedarf in den \u00f6stlichen Bundesl\u00e4ndern, da hier einerseits kleine Unternehmen in gro\u00dfer Zahl vorhanden sind, auch der Mittelstand insgesamt weitgehend etabliert ist, aber im Ost-West-Vergleich weiterhin etablierte Gro\u00dfunternehmen als Partner seltener anzutreffen und die einen positiven Ausstrahlungseffekt auf mittelst\u00e4ndische Zulieferbetriebe bewirken. Auch sind in Deutschland-Ost die Finanzierungsverh\u00e4ltnisse besondere, d.h. der Anteil der Fremdfinanzierung ist differenziert ausgepr\u00e4gt. Entsprechend sollte die \u201eHausbank\u201c wegen ihrem herausragenden Stellenwert f\u00fcr den Mittelstand auf den Pr\u00fcfstand. Die hier nochmals gezeigten Finanzierungsschw\u00e4chen gelten zwar f\u00fcr KMU grunds\u00e4tzlich, aber besonders f\u00fcr die kleinere KMU im Osten, wo zwar die Eigenkapitalquote gewachsen ist, aber beispielsweise die Fristenstrukturen der Fremdfinanzierung teilweise mit der Kapitalbindung im Anlageverm\u00f6gen nicht kongruent sind. Die private Finanzierung von KMU muss wegen der Defizite strukturellen M\u00e4ngel noch gezielter durch staatliche F\u00f6rderinstrumente unterst\u00fctzt werden","og_url":"https:\/\/shop.verlag.uni-potsdam.de\/en\/shop\/innovationsfinanzierung-fuer-kmu\/","og_site_name":"Universit\u00e4tsverlag Potsdam","article_modified_time":"2026-03-23T10:54:53+00:00","og_image":[{"width":454,"height":640,"url":"https:\/\/shop.verlag.uni-potsdam.de\/wp-content\/uploads\/asolmerce\/image-9783869562513.jpg","type":"image\/jpeg"}],"twitter_card":"summary_large_image","twitter_misc":{"Est. reading time":"1 minute"},"schema":{"@context":"https:\/\/schema.org","@graph":[{"@type":"WebPage","@id":"https:\/\/shop.verlag.uni-potsdam.de\/en\/shop\/innovationsfinanzierung-fuer-kmu\/","url":"https:\/\/shop.verlag.uni-potsdam.de\/en\/shop\/innovationsfinanzierung-fuer-kmu\/","name":"Innovationsfinanzierung f\u00fcr KMU - Universit\u00e4tsverlag Potsdam","isPartOf":{"@id":"https:\/\/shop.verlag.uni-potsdam.de\/en\/#website"},"primaryImageOfPage":{"@id":"https:\/\/shop.verlag.uni-potsdam.de\/en\/shop\/innovationsfinanzierung-fuer-kmu\/#primaryimage"},"image":{"@id":"https:\/\/shop.verlag.uni-potsdam.de\/shop\/innovationsfinanzierung-fuer-kmu\/#primaryimage"},"thumbnailUrl":"https:\/\/shop.verlag.uni-potsdam.de\/wp-content\/uploads\/asolmerce\/image-9783869562513.jpg","datePublished":"2026-03-23T08:53:53+00:00","dateModified":"2026-03-23T10:54:53+00:00","breadcrumb":{"@id":"https:\/\/shop.verlag.uni-potsdam.de\/en\/shop\/innovationsfinanzierung-fuer-kmu\/#breadcrumb"},"inLanguage":"en-US","potentialAction":[{"@type":"ReadAction","target":[["https:\/\/shop.verlag.uni-potsdam.de\/en\/shop\/innovationsfinanzierung-fuer-kmu\/"]]}]},{"@type":"ImageObject","inLanguage":"en-US","@id":"https:\/\/shop.verlag.uni-potsdam.de\/en\/shop\/innovationsfinanzierung-fuer-kmu\/#primaryimage","url":"https:\/\/shop.verlag.uni-potsdam.de\/wp-content\/uploads\/asolmerce\/image-9783869562513.jpg","contentUrl":"https:\/\/shop.verlag.uni-potsdam.de\/wp-content\/uploads\/asolmerce\/image-9783869562513.jpg","width":454,"height":640},{"@type":"BreadcrumbList","@id":"https:\/\/shop.verlag.uni-potsdam.de\/en\/shop\/innovationsfinanzierung-fuer-kmu\/#breadcrumb","itemListElement":[{"@type":"ListItem","position":1,"name":"Startseite","item":"https:\/\/shop.verlag.uni-potsdam.de\/en\/"},{"@type":"ListItem","position":2,"name":"Shop","item":"https:\/\/shop.verlag.uni-potsdam.de\/en\/shop\/"},{"@type":"ListItem","position":3,"name":"Innovationsfinanzierung f\u00fcr KMU"}]},{"@type":"WebSite","@id":"https:\/\/shop.verlag.uni-potsdam.de\/en\/#website","url":"https:\/\/shop.verlag.uni-potsdam.de\/en\/","name":"Universit\u00e4tsverlag Potsdam","description":"","publisher":{"@id":"https:\/\/shop.verlag.uni-potsdam.de\/en\/#organization"},"potentialAction":[{"@type":"SearchAction","target":{"@type":"EntryPoint","urlTemplate":"https:\/\/shop.verlag.uni-potsdam.de\/en\/?s={search_term_string}"},"query-input":{"@type":"PropertyValueSpecification","valueRequired":true,"valueName":"search_term_string"}}],"inLanguage":"en-US"},{"@type":"Organization","@id":"https:\/\/shop.verlag.uni-potsdam.de\/en\/#organization","name":"Universit\u00e4tsverlag Potsdam","url":"https:\/\/shop.verlag.uni-potsdam.de\/en\/","logo":{"@type":"ImageObject","inLanguage":"en-US","@id":"https:\/\/shop.verlag.uni-potsdam.de\/en\/#\/schema\/logo\/image\/","url":"https:\/\/shop.verlag.uni-potsdam.de\/wp-content\/uploads\/2017\/04\/up_logo_university_2.png","contentUrl":"https:\/\/shop.verlag.uni-potsdam.de\/wp-content\/uploads\/2017\/04\/up_logo_university_2.png","width":160,"height":172,"caption":"Universit\u00e4tsverlag Potsdam"},"image":{"@id":"https:\/\/shop.verlag.uni-potsdam.de\/en\/#\/schema\/logo\/image\/"}}]}},"_links":{"self":[{"href":"https:\/\/shop.verlag.uni-potsdam.de\/en\/wp-json\/wp\/v2\/product\/52026","targetHints":{"allow":["GET"]}}],"collection":[{"href":"https:\/\/shop.verlag.uni-potsdam.de\/en\/wp-json\/wp\/v2\/product"}],"about":[{"href":"https:\/\/shop.verlag.uni-potsdam.de\/en\/wp-json\/wp\/v2\/types\/product"}],"wp:featuredmedia":[{"embeddable":true,"href":"https:\/\/shop.verlag.uni-potsdam.de\/en\/wp-json\/wp\/v2\/media\/54074"}],"wp:attachment":[{"href":"https:\/\/shop.verlag.uni-potsdam.de\/en\/wp-json\/wp\/v2\/media?parent=52026"}],"wp:term":[{"taxonomy":"product_brand","embeddable":true,"href":"https:\/\/shop.verlag.uni-potsdam.de\/en\/wp-json\/wp\/v2\/product_brand?post=52026"},{"taxonomy":"product_cat","embeddable":true,"href":"https:\/\/shop.verlag.uni-potsdam.de\/en\/wp-json\/wp\/v2\/product_cat?post=52026"},{"taxonomy":"product_tag","embeddable":true,"href":"https:\/\/shop.verlag.uni-potsdam.de\/en\/wp-json\/wp\/v2\/product_tag?post=52026"}],"curies":[{"name":"wp","href":"https:\/\/api.w.org\/{rel}","templated":true}]}}