{"id":52040,"date":"2026-04-27T05:33:55","date_gmt":"2026-04-27T05:33:55","guid":{"rendered":"http:\/\/shop.verlag.uni-potsdam.de\/produkt\/dharavi-ein-ort-der-armut\/"},"modified":"2026-04-27T09:34:55","modified_gmt":"2026-04-27T07:34:55","slug":"dharavi-ein-ort-der-armut","status":"publish","type":"product","link":"https:\/\/shop.verlag.uni-potsdam.de\/en\/shop\/dharavi-ein-ort-der-armut\/","title":{"rendered":"Dharavi &#8211; ein Ort der Armut?"},"content":{"rendered":"<p class=\"qtranxs-available-languages-message qtranxs-available-languages-message-en\">Sorry, this entry is only available in <a href=\"https:\/\/shop.verlag.uni-potsdam.de\/de\/wp-json\/wp\/v2\/product\/52040\" class=\"qtranxs-available-language-link qtranxs-available-language-link-de\" title=\"Deutsch\">Deutsch<\/a>.<\/p><p>SEE THE REAL INDIA \u2013 nicht erst seit Slumdog Millionaire versteht sich der mitten im Mumbai gelegene Slum Dharavi als Geheimtipp f\u00fcr Ausfl\u00fcge abseits des touristischen Mainstreams. Er reiht sich somit in die Reihe der weltweit touristifizierten Armenviertel ein, wie die Favelas von Rio oder die Townships von Kapstadt. Die Entwicklung des globalen Slumtourismus ist zun\u00e4chst verwunderlich. Favelas, Townships und Slums gelten gemeinhin als Orte des Elends und stehen im Kontrast zu den herk\u00f6mmlichen Sehensw\u00fcrdigkeiten der besuchten St\u00e4dte. Von Medien und anderen Touristen wird die touristische Vermarktung der Armenviertel daher oftmals als Voyeurismus und Ausbeutung kritisiert. Anbieter von Slumtouren erkl\u00e4ren jedoch, im Mittelpunkt der Touren st\u00e4nde nicht die Zurschaustellung von Armut und Elend, sondern vielmehr das Hervorheben kultureller Aspekte und positiver Entwicklungsimpulse. Vor diesem Hintergrund geht die Arbeit der Frage nach, ob sich die Besichtigung von Armut als zentrales Charakteristikum des Slumtourismus bestimmen l\u00e4sst. Anhand einer empirischen Fallstudie wird untersucht, wie der indische Slum Dharavi als touristischer Ort (re-)produziert wird. Mit welchen wahrnehmungsleitenden Schemata beobachten teilnehmende Touristen und Tour-Anbieter den Slum und welche je verschiedenen Vorstellungen und Bilder von Dharavi bzw. von Armut werden dadurch bewusst und unbewusst konstruiert?<\/p>","protected":false},"excerpt":{"rendered":"<p class=\"qtranxs-available-languages-message qtranxs-available-languages-message-en\">Sorry, this entry is only available in <a href=\"https:\/\/shop.verlag.uni-potsdam.de\/de\/wp-json\/wp\/v2\/product\/52040\" class=\"qtranxs-available-language-link qtranxs-available-language-link-de\" title=\"Deutsch\">Deutsch<\/a>.<\/p>\n<p>SEE THE REAL INDIA \u2013 nicht erst seit Slumdog Millionaire versteht sich der mitten im Mumbai gelegene Slum Dharavi als Geheimtipp f\u00fcr Ausfl\u00fcge abseits des touristischen Mainstreams. Er reiht sich somit in die Reihe der weltweit touristifizierten Armenviertel ein, wie die Favelas von Rio oder die Townships von Kapstadt. Die Entwicklung des globalen Slumtourismus ist zun\u00e4chst verwunderlich. Favelas, Townships und Slums gelten gemeinhin als Orte des Elends und stehen im Kontrast zu den herk\u00f6mmlichen Sehensw\u00fcrdigkeiten der besuchten St\u00e4dte. Von Medien und anderen Touristen wird die touristische Vermarktung der Armenviertel daher oftmals als Voyeurismus und Ausbeutung kritisiert. Anbieter von Slumtouren erkl\u00e4ren jedoch, im Mittelpunkt der Touren st\u00e4nde nicht die Zurschaustellung von Armut und Elend, sondern vielmehr das Hervorheben kultureller Aspekte und positiver Entwicklungsimpulse. Vor diesem Hintergrund geht die Arbeit der Frage nach, ob sich die Besichtigung von Armut als zentrales Charakteristikum des Slumtourismus bestimmen l\u00e4sst. Anhand einer empirischen Fallstudie wird untersucht, wie der indische Slum Dharavi als touristischer Ort (re-)produziert wird. Mit welchen wahrnehmungsleitenden Schemata beobachten teilnehmende Touristen und Tour-Anbieter den Slum und welche je verschiedenen Vorstellungen und Bilder von Dharavi bzw. von Armut werden dadurch bewusst und unbewusst konstruiert?<\/p>\n","protected":false},"featured_media":54044,"template":"","meta":{"_acf_changed":false},"product_brand":[],"product_cat":[6166],"product_tag":[5576],"class_list":{"0":"post-52040","1":"product","2":"type-product","3":"status-publish","4":"has-post-thumbnail","6":"product_cat-sozialwissenschaften-web-kategorie","7":"product_tag-armutstourismus-beobachtungstheorie-ortssemantik-slumtourismus","8":"autor-julia-meschkank","9":"reihe-potsdamer-geographische-praxis","11":"first","12":"instock","13":"shipping-taxable","14":"purchasable","15":"product-type-simple"},"acf":[],"yoast_head":"<!-- This site is optimized with the Yoast SEO plugin v27.1.1 - https:\/\/yoast.com\/product\/yoast-seo-wordpress\/ -->\n<title>Dharavi - ein Ort der Armut? - Universit\u00e4tsverlag Potsdam<\/title>\n<meta name=\"robots\" content=\"index, follow, max-snippet:-1, max-image-preview:large, max-video-preview:-1\" \/>\n<link rel=\"canonical\" href=\"https:\/\/shop.verlag.uni-potsdam.de\/en\/shop\/dharavi-ein-ort-der-armut\/\" \/>\n<meta property=\"og:locale\" content=\"en_US\" \/>\n<meta property=\"og:type\" content=\"article\" \/>\n<meta property=\"og:title\" content=\"Dharavi - ein Ort der Armut? - Universit\u00e4tsverlag Potsdam\" \/>\n<meta property=\"og:description\" content=\"SEE THE REAL INDIA \u2013 nicht erst seit Slumdog Millionaire versteht sich der mitten im Mumbai gelegene Slum Dharavi als Geheimtipp f\u00fcr Ausfl\u00fcge abseits des touristischen Mainstreams. Er reiht sich somit in die Reihe der weltweit touristifizierten Armenviertel ein, wie die Favelas von Rio oder die Townships von Kapstadt. Die Entwicklung des globalen Slumtourismus ist zun\u00e4chst verwunderlich. Favelas, Townships und Slums gelten gemeinhin als Orte des Elends und stehen im Kontrast zu den herk\u00f6mmlichen Sehensw\u00fcrdigkeiten der besuchten St\u00e4dte. Von Medien und anderen Touristen wird die touristische Vermarktung der Armenviertel daher oftmals als Voyeurismus und Ausbeutung kritisiert. Anbieter von Slumtouren erkl\u00e4ren jedoch, im Mittelpunkt der Touren st\u00e4nde nicht die Zurschaustellung von Armut und Elend, sondern vielmehr das Hervorheben kultureller Aspekte und positiver Entwicklungsimpulse. Vor diesem Hintergrund geht die Arbeit der Frage nach, ob sich die Besichtigung von Armut als zentrales Charakteristikum des Slumtourismus bestimmen l\u00e4sst. Anhand einer empirischen Fallstudie wird untersucht, wie der indische Slum Dharavi als touristischer Ort (re-)produziert wird. Mit welchen wahrnehmungsleitenden Schemata beobachten teilnehmende Touristen und Tour-Anbieter den Slum und welche je verschiedenen Vorstellungen und Bilder von Dharavi bzw. von Armut werden dadurch bewusst und unbewusst konstruiert?\" \/>\n<meta property=\"og:url\" content=\"https:\/\/shop.verlag.uni-potsdam.de\/en\/shop\/dharavi-ein-ort-der-armut\/\" \/>\n<meta property=\"og:site_name\" content=\"Universit\u00e4tsverlag Potsdam\" \/>\n<meta property=\"article:modified_time\" content=\"2026-04-27T07:34:55+00:00\" \/>\n<meta property=\"og:image\" content=\"https:\/\/shop.verlag.uni-potsdam.de\/wp-content\/uploads\/asolmerce\/image-9783869562407.jpg\" \/>\n\t<meta property=\"og:image:width\" content=\"454\" \/>\n\t<meta property=\"og:image:height\" content=\"640\" \/>\n\t<meta property=\"og:image:type\" content=\"image\/jpeg\" \/>\n<meta name=\"twitter:card\" content=\"summary_large_image\" \/>\n<meta name=\"twitter:label1\" content=\"Est. reading time\" \/>\n\t<meta name=\"twitter:data1\" content=\"1 minute\" \/>\n<script type=\"application\/ld+json\" class=\"yoast-schema-graph\">{\"@context\":\"https:\/\/schema.org\",\"@graph\":[{\"@type\":\"WebPage\",\"@id\":\"https:\/\/shop.verlag.uni-potsdam.de\/en\/shop\/dharavi-ein-ort-der-armut\/\",\"url\":\"https:\/\/shop.verlag.uni-potsdam.de\/en\/shop\/dharavi-ein-ort-der-armut\/\",\"name\":\"Dharavi - ein Ort der Armut? - Universit\u00e4tsverlag Potsdam\",\"isPartOf\":{\"@id\":\"https:\/\/shop.verlag.uni-potsdam.de\/en\/#website\"},\"primaryImageOfPage\":{\"@id\":\"https:\/\/shop.verlag.uni-potsdam.de\/en\/shop\/dharavi-ein-ort-der-armut\/#primaryimage\"},\"image\":{\"@id\":\"https:\/\/shop.verlag.uni-potsdam.de\/shop\/dharavi-ein-ort-der-armut\/#primaryimage\"},\"thumbnailUrl\":\"https:\/\/shop.verlag.uni-potsdam.de\/wp-content\/uploads\/asolmerce\/image-9783869562407.jpg\",\"datePublished\":\"2026-04-27T05:33:55+00:00\",\"dateModified\":\"2026-04-27T07:34:55+00:00\",\"breadcrumb\":{\"@id\":\"https:\/\/shop.verlag.uni-potsdam.de\/en\/shop\/dharavi-ein-ort-der-armut\/#breadcrumb\"},\"inLanguage\":\"en-US\",\"potentialAction\":[{\"@type\":\"ReadAction\",\"target\":[[\"https:\/\/shop.verlag.uni-potsdam.de\/en\/shop\/dharavi-ein-ort-der-armut\/\"]]}]},{\"@type\":\"ImageObject\",\"inLanguage\":\"en-US\",\"@id\":\"https:\/\/shop.verlag.uni-potsdam.de\/en\/shop\/dharavi-ein-ort-der-armut\/#primaryimage\",\"url\":\"https:\/\/shop.verlag.uni-potsdam.de\/wp-content\/uploads\/asolmerce\/image-9783869562407.jpg\",\"contentUrl\":\"https:\/\/shop.verlag.uni-potsdam.de\/wp-content\/uploads\/asolmerce\/image-9783869562407.jpg\",\"width\":454,\"height\":640},{\"@type\":\"BreadcrumbList\",\"@id\":\"https:\/\/shop.verlag.uni-potsdam.de\/en\/shop\/dharavi-ein-ort-der-armut\/#breadcrumb\",\"itemListElement\":[{\"@type\":\"ListItem\",\"position\":1,\"name\":\"Startseite\",\"item\":\"https:\/\/shop.verlag.uni-potsdam.de\/en\/\"},{\"@type\":\"ListItem\",\"position\":2,\"name\":\"Shop\",\"item\":\"https:\/\/shop.verlag.uni-potsdam.de\/en\/shop\/\"},{\"@type\":\"ListItem\",\"position\":3,\"name\":\"Dharavi &#8211; ein Ort der Armut?\"}]},{\"@type\":\"WebSite\",\"@id\":\"https:\/\/shop.verlag.uni-potsdam.de\/en\/#website\",\"url\":\"https:\/\/shop.verlag.uni-potsdam.de\/en\/\",\"name\":\"Universit\u00e4tsverlag Potsdam\",\"description\":\"\",\"publisher\":{\"@id\":\"https:\/\/shop.verlag.uni-potsdam.de\/en\/#organization\"},\"potentialAction\":[{\"@type\":\"SearchAction\",\"target\":{\"@type\":\"EntryPoint\",\"urlTemplate\":\"https:\/\/shop.verlag.uni-potsdam.de\/en\/?s={search_term_string}\"},\"query-input\":{\"@type\":\"PropertyValueSpecification\",\"valueRequired\":true,\"valueName\":\"search_term_string\"}}],\"inLanguage\":\"en-US\"},{\"@type\":\"Organization\",\"@id\":\"https:\/\/shop.verlag.uni-potsdam.de\/en\/#organization\",\"name\":\"Universit\u00e4tsverlag Potsdam\",\"url\":\"https:\/\/shop.verlag.uni-potsdam.de\/en\/\",\"logo\":{\"@type\":\"ImageObject\",\"inLanguage\":\"en-US\",\"@id\":\"https:\/\/shop.verlag.uni-potsdam.de\/en\/#\/schema\/logo\/image\/\",\"url\":\"https:\/\/shop.verlag.uni-potsdam.de\/wp-content\/uploads\/2017\/04\/up_logo_university_2.png\",\"contentUrl\":\"https:\/\/shop.verlag.uni-potsdam.de\/wp-content\/uploads\/2017\/04\/up_logo_university_2.png\",\"width\":160,\"height\":172,\"caption\":\"Universit\u00e4tsverlag Potsdam\"},\"image\":{\"@id\":\"https:\/\/shop.verlag.uni-potsdam.de\/en\/#\/schema\/logo\/image\/\"}}]}<\/script>\n<!-- \/ Yoast SEO plugin. -->","yoast_head_json":{"title":"Dharavi - ein Ort der Armut? - Universit\u00e4tsverlag Potsdam","robots":{"index":"index","follow":"follow","max-snippet":"max-snippet:-1","max-image-preview":"max-image-preview:large","max-video-preview":"max-video-preview:-1"},"canonical":"https:\/\/shop.verlag.uni-potsdam.de\/en\/shop\/dharavi-ein-ort-der-armut\/","og_locale":"en_US","og_type":"article","og_title":"Dharavi - ein Ort der Armut? - Universit\u00e4tsverlag Potsdam","og_description":"SEE THE REAL INDIA \u2013 nicht erst seit Slumdog Millionaire versteht sich der mitten im Mumbai gelegene Slum Dharavi als Geheimtipp f\u00fcr Ausfl\u00fcge abseits des touristischen Mainstreams. Er reiht sich somit in die Reihe der weltweit touristifizierten Armenviertel ein, wie die Favelas von Rio oder die Townships von Kapstadt. Die Entwicklung des globalen Slumtourismus ist zun\u00e4chst verwunderlich. Favelas, Townships und Slums gelten gemeinhin als Orte des Elends und stehen im Kontrast zu den herk\u00f6mmlichen Sehensw\u00fcrdigkeiten der besuchten St\u00e4dte. Von Medien und anderen Touristen wird die touristische Vermarktung der Armenviertel daher oftmals als Voyeurismus und Ausbeutung kritisiert. Anbieter von Slumtouren erkl\u00e4ren jedoch, im Mittelpunkt der Touren st\u00e4nde nicht die Zurschaustellung von Armut und Elend, sondern vielmehr das Hervorheben kultureller Aspekte und positiver Entwicklungsimpulse. Vor diesem Hintergrund geht die Arbeit der Frage nach, ob sich die Besichtigung von Armut als zentrales Charakteristikum des Slumtourismus bestimmen l\u00e4sst. Anhand einer empirischen Fallstudie wird untersucht, wie der indische Slum Dharavi als touristischer Ort (re-)produziert wird. Mit welchen wahrnehmungsleitenden Schemata beobachten teilnehmende Touristen und Tour-Anbieter den Slum und welche je verschiedenen Vorstellungen und Bilder von Dharavi bzw. von Armut werden dadurch bewusst und unbewusst konstruiert?","og_url":"https:\/\/shop.verlag.uni-potsdam.de\/en\/shop\/dharavi-ein-ort-der-armut\/","og_site_name":"Universit\u00e4tsverlag Potsdam","article_modified_time":"2026-04-27T07:34:55+00:00","og_image":[{"width":454,"height":640,"url":"https:\/\/shop.verlag.uni-potsdam.de\/wp-content\/uploads\/asolmerce\/image-9783869562407.jpg","type":"image\/jpeg"}],"twitter_card":"summary_large_image","twitter_misc":{"Est. reading time":"1 minute"},"schema":{"@context":"https:\/\/schema.org","@graph":[{"@type":"WebPage","@id":"https:\/\/shop.verlag.uni-potsdam.de\/en\/shop\/dharavi-ein-ort-der-armut\/","url":"https:\/\/shop.verlag.uni-potsdam.de\/en\/shop\/dharavi-ein-ort-der-armut\/","name":"Dharavi - ein Ort der Armut? - Universit\u00e4tsverlag Potsdam","isPartOf":{"@id":"https:\/\/shop.verlag.uni-potsdam.de\/en\/#website"},"primaryImageOfPage":{"@id":"https:\/\/shop.verlag.uni-potsdam.de\/en\/shop\/dharavi-ein-ort-der-armut\/#primaryimage"},"image":{"@id":"https:\/\/shop.verlag.uni-potsdam.de\/shop\/dharavi-ein-ort-der-armut\/#primaryimage"},"thumbnailUrl":"https:\/\/shop.verlag.uni-potsdam.de\/wp-content\/uploads\/asolmerce\/image-9783869562407.jpg","datePublished":"2026-04-27T05:33:55+00:00","dateModified":"2026-04-27T07:34:55+00:00","breadcrumb":{"@id":"https:\/\/shop.verlag.uni-potsdam.de\/en\/shop\/dharavi-ein-ort-der-armut\/#breadcrumb"},"inLanguage":"en-US","potentialAction":[{"@type":"ReadAction","target":[["https:\/\/shop.verlag.uni-potsdam.de\/en\/shop\/dharavi-ein-ort-der-armut\/"]]}]},{"@type":"ImageObject","inLanguage":"en-US","@id":"https:\/\/shop.verlag.uni-potsdam.de\/en\/shop\/dharavi-ein-ort-der-armut\/#primaryimage","url":"https:\/\/shop.verlag.uni-potsdam.de\/wp-content\/uploads\/asolmerce\/image-9783869562407.jpg","contentUrl":"https:\/\/shop.verlag.uni-potsdam.de\/wp-content\/uploads\/asolmerce\/image-9783869562407.jpg","width":454,"height":640},{"@type":"BreadcrumbList","@id":"https:\/\/shop.verlag.uni-potsdam.de\/en\/shop\/dharavi-ein-ort-der-armut\/#breadcrumb","itemListElement":[{"@type":"ListItem","position":1,"name":"Startseite","item":"https:\/\/shop.verlag.uni-potsdam.de\/en\/"},{"@type":"ListItem","position":2,"name":"Shop","item":"https:\/\/shop.verlag.uni-potsdam.de\/en\/shop\/"},{"@type":"ListItem","position":3,"name":"Dharavi &#8211; ein Ort der Armut?"}]},{"@type":"WebSite","@id":"https:\/\/shop.verlag.uni-potsdam.de\/en\/#website","url":"https:\/\/shop.verlag.uni-potsdam.de\/en\/","name":"Universit\u00e4tsverlag Potsdam","description":"","publisher":{"@id":"https:\/\/shop.verlag.uni-potsdam.de\/en\/#organization"},"potentialAction":[{"@type":"SearchAction","target":{"@type":"EntryPoint","urlTemplate":"https:\/\/shop.verlag.uni-potsdam.de\/en\/?s={search_term_string}"},"query-input":{"@type":"PropertyValueSpecification","valueRequired":true,"valueName":"search_term_string"}}],"inLanguage":"en-US"},{"@type":"Organization","@id":"https:\/\/shop.verlag.uni-potsdam.de\/en\/#organization","name":"Universit\u00e4tsverlag Potsdam","url":"https:\/\/shop.verlag.uni-potsdam.de\/en\/","logo":{"@type":"ImageObject","inLanguage":"en-US","@id":"https:\/\/shop.verlag.uni-potsdam.de\/en\/#\/schema\/logo\/image\/","url":"https:\/\/shop.verlag.uni-potsdam.de\/wp-content\/uploads\/2017\/04\/up_logo_university_2.png","contentUrl":"https:\/\/shop.verlag.uni-potsdam.de\/wp-content\/uploads\/2017\/04\/up_logo_university_2.png","width":160,"height":172,"caption":"Universit\u00e4tsverlag Potsdam"},"image":{"@id":"https:\/\/shop.verlag.uni-potsdam.de\/en\/#\/schema\/logo\/image\/"}}]}},"_links":{"self":[{"href":"https:\/\/shop.verlag.uni-potsdam.de\/en\/wp-json\/wp\/v2\/product\/52040","targetHints":{"allow":["GET"]}}],"collection":[{"href":"https:\/\/shop.verlag.uni-potsdam.de\/en\/wp-json\/wp\/v2\/product"}],"about":[{"href":"https:\/\/shop.verlag.uni-potsdam.de\/en\/wp-json\/wp\/v2\/types\/product"}],"wp:featuredmedia":[{"embeddable":true,"href":"https:\/\/shop.verlag.uni-potsdam.de\/en\/wp-json\/wp\/v2\/media\/54044"}],"wp:attachment":[{"href":"https:\/\/shop.verlag.uni-potsdam.de\/en\/wp-json\/wp\/v2\/media?parent=52040"}],"wp:term":[{"taxonomy":"product_brand","embeddable":true,"href":"https:\/\/shop.verlag.uni-potsdam.de\/en\/wp-json\/wp\/v2\/product_brand?post=52040"},{"taxonomy":"product_cat","embeddable":true,"href":"https:\/\/shop.verlag.uni-potsdam.de\/en\/wp-json\/wp\/v2\/product_cat?post=52040"},{"taxonomy":"product_tag","embeddable":true,"href":"https:\/\/shop.verlag.uni-potsdam.de\/en\/wp-json\/wp\/v2\/product_tag?post=52040"}],"curies":[{"name":"wp","href":"https:\/\/api.w.org\/{rel}","templated":true}]}}