{"id":52042,"date":"2026-04-27T05:34:16","date_gmt":"2026-04-27T05:34:16","guid":{"rendered":"http:\/\/shop.verlag.uni-potsdam.de\/produkt\/aesthetisches-verstaendnis-und-aesthetische-wertschaetzung-von-automobildesign\/"},"modified":"2026-04-27T09:35:16","modified_gmt":"2026-04-27T07:35:16","slug":"aesthetisches-verstaendnis-und-aesthetische-wertschaetzung-von-automobildesign","status":"publish","type":"product","link":"https:\/\/shop.verlag.uni-potsdam.de\/en\/shop\/aesthetisches-verstaendnis-und-aesthetische-wertschaetzung-von-automobildesign\/","title":{"rendered":"\u00c4sthetisches Verst\u00e4ndnis und \u00e4sthetische Wertsch\u00e4tzung von Automobildesign"},"content":{"rendered":"<p class=\"qtranxs-available-languages-message qtranxs-available-languages-message-en\">Sorry, this entry is only available in <a href=\"https:\/\/shop.verlag.uni-potsdam.de\/de\/wp-json\/wp\/v2\/product\/52042\" class=\"qtranxs-available-language-link qtranxs-available-language-link-de\" title=\"Deutsch\">Deutsch<\/a>.<\/p><p>Design spielt im Automobilsektor eine entscheidende Rolle f\u00fcr die Marken- &amp; Imagebildung. Es bildet eine wichtige Differenzierungsm\u00f6glichkeit zwischen Marken und ist ein prim\u00e4rer Einflussfaktor f\u00fcr Kaufentscheidungen. Designer haben als Gestaltungsexperten die Aufgabe, die Identit\u00e4t und damit die Werte einer Marke in Formen zu \u00fcbersetzen, die eine Vielzahl von Kunden ansprechen und zum Kauf \u00fcberzeugen. Doch kann dieser \u00dcbersetzungsprozess immer gelingen?<br \/>Die vorliegende Arbeit setzt sich mit der wahrgenommenen Attraktivit\u00e4t von Fahrzeugdesign f\u00fcr Betrachter unterschiedlicher Expertise \u2013 Designer und potenzielle Autok\u00e4ufer \u2013 auseinander. Es wird gezeigt, dass erfolgskritische Variablen wie Innovativit\u00e4t nicht allein durch ihre Auspr\u00e4gung \u00e4sthetische Urteile bestimmen, sondern ebenfalls durch die dom\u00e4nenspezifische Expertise des Rezipienten moderiert werden. Die Autorin pl\u00e4diert in ihrer Arbeit f\u00fcr eine fr\u00fche Auseinandersetzung mit \u00e4sthetischen Nutzerbed\u00fcrfnissen bereits im Designstudium, um einen nutzerorientierten, partizipativen Designprozess in der Praxis zu etablieren. Hierf\u00fcr werden methodische Ans\u00e4tze vorgestellt.<\/p>","protected":false},"excerpt":{"rendered":"<p class=\"qtranxs-available-languages-message qtranxs-available-languages-message-en\">Sorry, this entry is only available in <a href=\"https:\/\/shop.verlag.uni-potsdam.de\/de\/wp-json\/wp\/v2\/product\/52042\" class=\"qtranxs-available-language-link qtranxs-available-language-link-de\" title=\"Deutsch\">Deutsch<\/a>.<\/p>\n<p>Design spielt im Automobilsektor eine entscheidende Rolle f\u00fcr die Marken- &amp; Imagebildung. Es bildet eine wichtige Differenzierungsm\u00f6glichkeit zwischen Marken und ist ein prim\u00e4rer Einflussfaktor f\u00fcr Kaufentscheidungen. Designer haben als Gestaltungsexperten die Aufgabe, die Identit\u00e4t und damit die Werte einer Marke in Formen zu \u00fcbersetzen, die eine Vielzahl von Kunden ansprechen und zum Kauf \u00fcberzeugen. Doch kann dieser \u00dcbersetzungsprozess immer gelingen?<br \/>Die vorliegende Arbeit setzt sich mit der wahrgenommenen Attraktivit\u00e4t von Fahrzeugdesign f\u00fcr Betrachter unterschiedlicher Expertise \u2013 Designer und potenzielle Autok\u00e4ufer \u2013 auseinander. Es wird gezeigt, dass erfolgskritische Variablen wie Innovativit\u00e4t nicht allein durch ihre Auspr\u00e4gung \u00e4sthetische Urteile bestimmen, sondern ebenfalls durch die dom\u00e4nenspezifische Expertise des Rezipienten moderiert werden. Die Autorin pl\u00e4diert in ihrer Arbeit f\u00fcr eine fr\u00fche Auseinandersetzung mit \u00e4sthetischen Nutzerbed\u00fcrfnissen bereits im Designstudium, um einen nutzerorientierten, partizipativen Designprozess in der Praxis zu etablieren. Hierf\u00fcr werden methodische Ans\u00e4tze vorgestellt.<\/p>\n","protected":false},"featured_media":54038,"template":"","meta":{"_acf_changed":false},"product_brand":[],"product_cat":[6229],"product_tag":[5636],"class_list":{"0":"post-52042","1":"product","2":"type-product","3":"status-publish","4":"has-post-thumbnail","6":"product_cat-sprachwissenschaft-literaturwissenschaft-web-kategorie","7":"product_tag-automobildesign-expertise-innovativitaet-produkterleben-aesthetische-nutzeranforderungen-aesthetische-praeferenzen","8":"autor-astrid-oehme","9":"edition-restexemplare","11":"first","12":"instock","13":"shipping-taxable","14":"purchasable","15":"product-type-simple"},"acf":[],"yoast_head":"<!-- This site is optimized with the Yoast SEO plugin v27.1.1 - https:\/\/yoast.com\/product\/yoast-seo-wordpress\/ -->\n<title>\u00c4sthetisches Verst\u00e4ndnis und \u00e4sthetische Wertsch\u00e4tzung von Automobildesign - Universit\u00e4tsverlag Potsdam<\/title>\n<meta name=\"robots\" content=\"index, follow, max-snippet:-1, max-image-preview:large, max-video-preview:-1\" \/>\n<link rel=\"canonical\" href=\"https:\/\/shop.verlag.uni-potsdam.de\/en\/shop\/aesthetisches-verstaendnis-und-aesthetische-wertschaetzung-von-automobildesign\/\" \/>\n<meta property=\"og:locale\" content=\"en_US\" \/>\n<meta property=\"og:type\" content=\"article\" \/>\n<meta property=\"og:title\" content=\"\u00c4sthetisches Verst\u00e4ndnis und \u00e4sthetische Wertsch\u00e4tzung von Automobildesign - Universit\u00e4tsverlag Potsdam\" \/>\n<meta property=\"og:description\" content=\"Design spielt im Automobilsektor eine entscheidende Rolle f\u00fcr die Marken- &amp; Imagebildung. Es bildet eine wichtige Differenzierungsm\u00f6glichkeit zwischen Marken und ist ein prim\u00e4rer Einflussfaktor f\u00fcr Kaufentscheidungen. Designer haben als Gestaltungsexperten die Aufgabe, die Identit\u00e4t und damit die Werte einer Marke in Formen zu \u00fcbersetzen, die eine Vielzahl von Kunden ansprechen und zum Kauf \u00fcberzeugen. Doch kann dieser \u00dcbersetzungsprozess immer gelingen?Die vorliegende Arbeit setzt sich mit der wahrgenommenen Attraktivit\u00e4t von Fahrzeugdesign f\u00fcr Betrachter unterschiedlicher Expertise \u2013 Designer und potenzielle Autok\u00e4ufer \u2013 auseinander. Es wird gezeigt, dass erfolgskritische Variablen wie Innovativit\u00e4t nicht allein durch ihre Auspr\u00e4gung \u00e4sthetische Urteile bestimmen, sondern ebenfalls durch die dom\u00e4nenspezifische Expertise des Rezipienten moderiert werden. Die Autorin pl\u00e4diert in ihrer Arbeit f\u00fcr eine fr\u00fche Auseinandersetzung mit \u00e4sthetischen Nutzerbed\u00fcrfnissen bereits im Designstudium, um einen nutzerorientierten, partizipativen Designprozess in der Praxis zu etablieren. Hierf\u00fcr werden methodische Ans\u00e4tze vorgestellt.\" \/>\n<meta property=\"og:url\" content=\"https:\/\/shop.verlag.uni-potsdam.de\/en\/shop\/aesthetisches-verstaendnis-und-aesthetische-wertschaetzung-von-automobildesign\/\" \/>\n<meta property=\"og:site_name\" content=\"Universit\u00e4tsverlag Potsdam\" \/>\n<meta property=\"article:modified_time\" content=\"2026-04-27T07:35:16+00:00\" \/>\n<meta property=\"og:image\" content=\"https:\/\/shop.verlag.uni-potsdam.de\/wp-content\/uploads\/asolmerce\/image-9783869562100.jpg\" \/>\n\t<meta property=\"og:image:width\" content=\"452\" \/>\n\t<meta property=\"og:image:height\" content=\"640\" \/>\n\t<meta property=\"og:image:type\" content=\"image\/jpeg\" \/>\n<meta name=\"twitter:card\" content=\"summary_large_image\" \/>\n<meta name=\"twitter:label1\" content=\"Est. reading time\" \/>\n\t<meta name=\"twitter:data1\" content=\"1 minute\" \/>\n<script type=\"application\/ld+json\" class=\"yoast-schema-graph\">{\"@context\":\"https:\/\/schema.org\",\"@graph\":[{\"@type\":\"WebPage\",\"@id\":\"https:\/\/shop.verlag.uni-potsdam.de\/en\/shop\/aesthetisches-verstaendnis-und-aesthetische-wertschaetzung-von-automobildesign\/\",\"url\":\"https:\/\/shop.verlag.uni-potsdam.de\/en\/shop\/aesthetisches-verstaendnis-und-aesthetische-wertschaetzung-von-automobildesign\/\",\"name\":\"\u00c4sthetisches Verst\u00e4ndnis und \u00e4sthetische Wertsch\u00e4tzung von Automobildesign - Universit\u00e4tsverlag Potsdam\",\"isPartOf\":{\"@id\":\"https:\/\/shop.verlag.uni-potsdam.de\/en\/#website\"},\"primaryImageOfPage\":{\"@id\":\"https:\/\/shop.verlag.uni-potsdam.de\/en\/shop\/aesthetisches-verstaendnis-und-aesthetische-wertschaetzung-von-automobildesign\/#primaryimage\"},\"image\":{\"@id\":\"https:\/\/shop.verlag.uni-potsdam.de\/shop\/aesthetisches-verstaendnis-und-aesthetische-wertschaetzung-von-automobildesign\/#primaryimage\"},\"thumbnailUrl\":\"https:\/\/shop.verlag.uni-potsdam.de\/wp-content\/uploads\/asolmerce\/image-9783869562100.jpg\",\"datePublished\":\"2026-04-27T05:34:16+00:00\",\"dateModified\":\"2026-04-27T07:35:16+00:00\",\"breadcrumb\":{\"@id\":\"https:\/\/shop.verlag.uni-potsdam.de\/en\/shop\/aesthetisches-verstaendnis-und-aesthetische-wertschaetzung-von-automobildesign\/#breadcrumb\"},\"inLanguage\":\"en-US\",\"potentialAction\":[{\"@type\":\"ReadAction\",\"target\":[[\"https:\/\/shop.verlag.uni-potsdam.de\/en\/shop\/aesthetisches-verstaendnis-und-aesthetische-wertschaetzung-von-automobildesign\/\"]]}]},{\"@type\":\"ImageObject\",\"inLanguage\":\"en-US\",\"@id\":\"https:\/\/shop.verlag.uni-potsdam.de\/en\/shop\/aesthetisches-verstaendnis-und-aesthetische-wertschaetzung-von-automobildesign\/#primaryimage\",\"url\":\"https:\/\/shop.verlag.uni-potsdam.de\/wp-content\/uploads\/asolmerce\/image-9783869562100.jpg\",\"contentUrl\":\"https:\/\/shop.verlag.uni-potsdam.de\/wp-content\/uploads\/asolmerce\/image-9783869562100.jpg\",\"width\":452,\"height\":640},{\"@type\":\"BreadcrumbList\",\"@id\":\"https:\/\/shop.verlag.uni-potsdam.de\/en\/shop\/aesthetisches-verstaendnis-und-aesthetische-wertschaetzung-von-automobildesign\/#breadcrumb\",\"itemListElement\":[{\"@type\":\"ListItem\",\"position\":1,\"name\":\"Startseite\",\"item\":\"https:\/\/shop.verlag.uni-potsdam.de\/en\/\"},{\"@type\":\"ListItem\",\"position\":2,\"name\":\"Shop\",\"item\":\"https:\/\/shop.verlag.uni-potsdam.de\/en\/shop\/\"},{\"@type\":\"ListItem\",\"position\":3,\"name\":\"\u00c4sthetisches Verst\u00e4ndnis und \u00e4sthetische Wertsch\u00e4tzung von Automobildesign\"}]},{\"@type\":\"WebSite\",\"@id\":\"https:\/\/shop.verlag.uni-potsdam.de\/en\/#website\",\"url\":\"https:\/\/shop.verlag.uni-potsdam.de\/en\/\",\"name\":\"Universit\u00e4tsverlag Potsdam\",\"description\":\"\",\"publisher\":{\"@id\":\"https:\/\/shop.verlag.uni-potsdam.de\/en\/#organization\"},\"potentialAction\":[{\"@type\":\"SearchAction\",\"target\":{\"@type\":\"EntryPoint\",\"urlTemplate\":\"https:\/\/shop.verlag.uni-potsdam.de\/en\/?s={search_term_string}\"},\"query-input\":{\"@type\":\"PropertyValueSpecification\",\"valueRequired\":true,\"valueName\":\"search_term_string\"}}],\"inLanguage\":\"en-US\"},{\"@type\":\"Organization\",\"@id\":\"https:\/\/shop.verlag.uni-potsdam.de\/en\/#organization\",\"name\":\"Universit\u00e4tsverlag Potsdam\",\"url\":\"https:\/\/shop.verlag.uni-potsdam.de\/en\/\",\"logo\":{\"@type\":\"ImageObject\",\"inLanguage\":\"en-US\",\"@id\":\"https:\/\/shop.verlag.uni-potsdam.de\/en\/#\/schema\/logo\/image\/\",\"url\":\"https:\/\/shop.verlag.uni-potsdam.de\/wp-content\/uploads\/2017\/04\/up_logo_university_2.png\",\"contentUrl\":\"https:\/\/shop.verlag.uni-potsdam.de\/wp-content\/uploads\/2017\/04\/up_logo_university_2.png\",\"width\":160,\"height\":172,\"caption\":\"Universit\u00e4tsverlag Potsdam\"},\"image\":{\"@id\":\"https:\/\/shop.verlag.uni-potsdam.de\/en\/#\/schema\/logo\/image\/\"}}]}<\/script>\n<!-- \/ Yoast SEO plugin. -->","yoast_head_json":{"title":"\u00c4sthetisches Verst\u00e4ndnis und \u00e4sthetische Wertsch\u00e4tzung von Automobildesign - Universit\u00e4tsverlag Potsdam","robots":{"index":"index","follow":"follow","max-snippet":"max-snippet:-1","max-image-preview":"max-image-preview:large","max-video-preview":"max-video-preview:-1"},"canonical":"https:\/\/shop.verlag.uni-potsdam.de\/en\/shop\/aesthetisches-verstaendnis-und-aesthetische-wertschaetzung-von-automobildesign\/","og_locale":"en_US","og_type":"article","og_title":"\u00c4sthetisches Verst\u00e4ndnis und \u00e4sthetische Wertsch\u00e4tzung von Automobildesign - Universit\u00e4tsverlag Potsdam","og_description":"Design spielt im Automobilsektor eine entscheidende Rolle f\u00fcr die Marken- &amp; Imagebildung. Es bildet eine wichtige Differenzierungsm\u00f6glichkeit zwischen Marken und ist ein prim\u00e4rer Einflussfaktor f\u00fcr Kaufentscheidungen. Designer haben als Gestaltungsexperten die Aufgabe, die Identit\u00e4t und damit die Werte einer Marke in Formen zu \u00fcbersetzen, die eine Vielzahl von Kunden ansprechen und zum Kauf \u00fcberzeugen. Doch kann dieser \u00dcbersetzungsprozess immer gelingen?Die vorliegende Arbeit setzt sich mit der wahrgenommenen Attraktivit\u00e4t von Fahrzeugdesign f\u00fcr Betrachter unterschiedlicher Expertise \u2013 Designer und potenzielle Autok\u00e4ufer \u2013 auseinander. Es wird gezeigt, dass erfolgskritische Variablen wie Innovativit\u00e4t nicht allein durch ihre Auspr\u00e4gung \u00e4sthetische Urteile bestimmen, sondern ebenfalls durch die dom\u00e4nenspezifische Expertise des Rezipienten moderiert werden. Die Autorin pl\u00e4diert in ihrer Arbeit f\u00fcr eine fr\u00fche Auseinandersetzung mit \u00e4sthetischen Nutzerbed\u00fcrfnissen bereits im Designstudium, um einen nutzerorientierten, partizipativen Designprozess in der Praxis zu etablieren. Hierf\u00fcr werden methodische Ans\u00e4tze vorgestellt.","og_url":"https:\/\/shop.verlag.uni-potsdam.de\/en\/shop\/aesthetisches-verstaendnis-und-aesthetische-wertschaetzung-von-automobildesign\/","og_site_name":"Universit\u00e4tsverlag Potsdam","article_modified_time":"2026-04-27T07:35:16+00:00","og_image":[{"width":452,"height":640,"url":"https:\/\/shop.verlag.uni-potsdam.de\/wp-content\/uploads\/asolmerce\/image-9783869562100.jpg","type":"image\/jpeg"}],"twitter_card":"summary_large_image","twitter_misc":{"Est. reading time":"1 minute"},"schema":{"@context":"https:\/\/schema.org","@graph":[{"@type":"WebPage","@id":"https:\/\/shop.verlag.uni-potsdam.de\/en\/shop\/aesthetisches-verstaendnis-und-aesthetische-wertschaetzung-von-automobildesign\/","url":"https:\/\/shop.verlag.uni-potsdam.de\/en\/shop\/aesthetisches-verstaendnis-und-aesthetische-wertschaetzung-von-automobildesign\/","name":"\u00c4sthetisches Verst\u00e4ndnis und \u00e4sthetische Wertsch\u00e4tzung von Automobildesign - Universit\u00e4tsverlag Potsdam","isPartOf":{"@id":"https:\/\/shop.verlag.uni-potsdam.de\/en\/#website"},"primaryImageOfPage":{"@id":"https:\/\/shop.verlag.uni-potsdam.de\/en\/shop\/aesthetisches-verstaendnis-und-aesthetische-wertschaetzung-von-automobildesign\/#primaryimage"},"image":{"@id":"https:\/\/shop.verlag.uni-potsdam.de\/shop\/aesthetisches-verstaendnis-und-aesthetische-wertschaetzung-von-automobildesign\/#primaryimage"},"thumbnailUrl":"https:\/\/shop.verlag.uni-potsdam.de\/wp-content\/uploads\/asolmerce\/image-9783869562100.jpg","datePublished":"2026-04-27T05:34:16+00:00","dateModified":"2026-04-27T07:35:16+00:00","breadcrumb":{"@id":"https:\/\/shop.verlag.uni-potsdam.de\/en\/shop\/aesthetisches-verstaendnis-und-aesthetische-wertschaetzung-von-automobildesign\/#breadcrumb"},"inLanguage":"en-US","potentialAction":[{"@type":"ReadAction","target":[["https:\/\/shop.verlag.uni-potsdam.de\/en\/shop\/aesthetisches-verstaendnis-und-aesthetische-wertschaetzung-von-automobildesign\/"]]}]},{"@type":"ImageObject","inLanguage":"en-US","@id":"https:\/\/shop.verlag.uni-potsdam.de\/en\/shop\/aesthetisches-verstaendnis-und-aesthetische-wertschaetzung-von-automobildesign\/#primaryimage","url":"https:\/\/shop.verlag.uni-potsdam.de\/wp-content\/uploads\/asolmerce\/image-9783869562100.jpg","contentUrl":"https:\/\/shop.verlag.uni-potsdam.de\/wp-content\/uploads\/asolmerce\/image-9783869562100.jpg","width":452,"height":640},{"@type":"BreadcrumbList","@id":"https:\/\/shop.verlag.uni-potsdam.de\/en\/shop\/aesthetisches-verstaendnis-und-aesthetische-wertschaetzung-von-automobildesign\/#breadcrumb","itemListElement":[{"@type":"ListItem","position":1,"name":"Startseite","item":"https:\/\/shop.verlag.uni-potsdam.de\/en\/"},{"@type":"ListItem","position":2,"name":"Shop","item":"https:\/\/shop.verlag.uni-potsdam.de\/en\/shop\/"},{"@type":"ListItem","position":3,"name":"\u00c4sthetisches Verst\u00e4ndnis und \u00e4sthetische Wertsch\u00e4tzung von Automobildesign"}]},{"@type":"WebSite","@id":"https:\/\/shop.verlag.uni-potsdam.de\/en\/#website","url":"https:\/\/shop.verlag.uni-potsdam.de\/en\/","name":"Universit\u00e4tsverlag Potsdam","description":"","publisher":{"@id":"https:\/\/shop.verlag.uni-potsdam.de\/en\/#organization"},"potentialAction":[{"@type":"SearchAction","target":{"@type":"EntryPoint","urlTemplate":"https:\/\/shop.verlag.uni-potsdam.de\/en\/?s={search_term_string}"},"query-input":{"@type":"PropertyValueSpecification","valueRequired":true,"valueName":"search_term_string"}}],"inLanguage":"en-US"},{"@type":"Organization","@id":"https:\/\/shop.verlag.uni-potsdam.de\/en\/#organization","name":"Universit\u00e4tsverlag Potsdam","url":"https:\/\/shop.verlag.uni-potsdam.de\/en\/","logo":{"@type":"ImageObject","inLanguage":"en-US","@id":"https:\/\/shop.verlag.uni-potsdam.de\/en\/#\/schema\/logo\/image\/","url":"https:\/\/shop.verlag.uni-potsdam.de\/wp-content\/uploads\/2017\/04\/up_logo_university_2.png","contentUrl":"https:\/\/shop.verlag.uni-potsdam.de\/wp-content\/uploads\/2017\/04\/up_logo_university_2.png","width":160,"height":172,"caption":"Universit\u00e4tsverlag Potsdam"},"image":{"@id":"https:\/\/shop.verlag.uni-potsdam.de\/en\/#\/schema\/logo\/image\/"}}]}},"_links":{"self":[{"href":"https:\/\/shop.verlag.uni-potsdam.de\/en\/wp-json\/wp\/v2\/product\/52042","targetHints":{"allow":["GET"]}}],"collection":[{"href":"https:\/\/shop.verlag.uni-potsdam.de\/en\/wp-json\/wp\/v2\/product"}],"about":[{"href":"https:\/\/shop.verlag.uni-potsdam.de\/en\/wp-json\/wp\/v2\/types\/product"}],"wp:featuredmedia":[{"embeddable":true,"href":"https:\/\/shop.verlag.uni-potsdam.de\/en\/wp-json\/wp\/v2\/media\/54038"}],"wp:attachment":[{"href":"https:\/\/shop.verlag.uni-potsdam.de\/en\/wp-json\/wp\/v2\/media?parent=52042"}],"wp:term":[{"taxonomy":"product_brand","embeddable":true,"href":"https:\/\/shop.verlag.uni-potsdam.de\/en\/wp-json\/wp\/v2\/product_brand?post=52042"},{"taxonomy":"product_cat","embeddable":true,"href":"https:\/\/shop.verlag.uni-potsdam.de\/en\/wp-json\/wp\/v2\/product_cat?post=52042"},{"taxonomy":"product_tag","embeddable":true,"href":"https:\/\/shop.verlag.uni-potsdam.de\/en\/wp-json\/wp\/v2\/product_tag?post=52042"}],"curies":[{"name":"wp","href":"https:\/\/api.w.org\/{rel}","templated":true}]}}