{"id":52043,"date":"2026-04-27T05:33:26","date_gmt":"2026-04-27T05:33:26","guid":{"rendered":"http:\/\/shop.verlag.uni-potsdam.de\/produkt\/he-wanderarbeiter-in-peking\/"},"modified":"2026-04-27T09:34:26","modified_gmt":"2026-04-27T07:34:26","slug":"wanderarbeiter-in-peking","status":"publish","type":"product","link":"https:\/\/shop.verlag.uni-potsdam.de\/en\/shop\/wanderarbeiter-in-peking\/","title":{"rendered":"Wanderarbeiter in Peking"},"content":{"rendered":"<p class=\"qtranxs-available-languages-message qtranxs-available-languages-message-en\">Sorry, this entry is only available in <a href=\"https:\/\/shop.verlag.uni-potsdam.de\/de\/wp-json\/wp\/v2\/product\/52043\" class=\"qtranxs-available-language-link qtranxs-available-language-link-de\" title=\"Deutsch\">Deutsch<\/a>.<\/p><p>Der boomende Wirtschaftsriese China erf\u00e4hrt weltweit immer mehr Aufmerksamkeit von Politik, Wirtschaft, Wissenschaft und \u00d6ffentlichkeit. Gleichzeitig werden aber auch innere soziale Probleme und die gro\u00dfen regionalen Disparit\u00e4ten des Landes angesprochen. Auch Berichte \u00fcber die Situation der Wanderarbeiter in den Gro\u00dfst\u00e4dten des Landes h\u00e4ufen sich. Obwohl sich die Wissenschaft ebenfalls dieses Themas angenommen hat, mangelt es noch an Untersuchungen dar\u00fcber, insbesondere an solchen, die eingehend und systematisch mit empirischen Erhebungen \u201evor Ort\u201c dieses Ph\u00e4nomen studieren. In diese L\u00fccke st\u00f6\u00dft die Dissertation von Ling He. In ihrem Mittelpunkt steht das Alltagsleben der Arbeitsmigranten in Peking. Dabei werden behandelt: die Migrationsmotive, die strukturellen und individuellen Rahmenbedingungen f\u00fcr die Arbeitsmigranten und ihre Familien, die Arbeits- und Lebensbedingungen, die Bildung finanzieller Ressourcen sowie auch die Konstruktion sozialer Netzwerke und die Integration der Migranten in Peking. Au\u00dferdem geht die Dissertation ein auf die Vorteile, die f\u00fcr die etwa 17 Millionen Einwohner z\u00e4hlende Stadt durch die Besch\u00e4ftigung der etwa 3 Millionen Arbeitsmigranten geschaffen werden, und sie weist auf die sozialen und \u00f6konomischen Probleme hin, die im Zusammenhang mit der Arbeitsmigration gel\u00f6st werden m\u00fcssten.<\/p>","protected":false},"excerpt":{"rendered":"<p class=\"qtranxs-available-languages-message qtranxs-available-languages-message-en\">Sorry, this entry is only available in <a href=\"https:\/\/shop.verlag.uni-potsdam.de\/de\/wp-json\/wp\/v2\/product\/52043\" class=\"qtranxs-available-language-link qtranxs-available-language-link-de\" title=\"Deutsch\">Deutsch<\/a>.<\/p>\n<p>Der boomende Wirtschaftsriese China erf\u00e4hrt weltweit immer mehr Aufmerksamkeit von Politik, Wirtschaft, Wissenschaft und \u00d6ffentlichkeit. Gleichzeitig werden aber auch innere soziale Probleme und die gro\u00dfen regionalen Disparit\u00e4ten des Landes angesprochen. Auch Berichte \u00fcber die Situation der Wanderarbeiter in den Gro\u00dfst\u00e4dten des Landes h\u00e4ufen sich. Obwohl sich die Wissenschaft ebenfalls dieses Themas angenommen hat, mangelt es noch an Untersuchungen dar\u00fcber, insbesondere an solchen, die eingehend und systematisch mit empirischen Erhebungen \u201evor Ort\u201c dieses Ph\u00e4nomen studieren. In diese L\u00fccke st\u00f6\u00dft die Dissertation von Ling He. In ihrem Mittelpunkt steht das Alltagsleben der Arbeitsmigranten in Peking. Dabei werden behandelt: die Migrationsmotive, die strukturellen und individuellen Rahmenbedingungen f\u00fcr die Arbeitsmigranten und ihre Familien, die Arbeits- und Lebensbedingungen, die Bildung finanzieller Ressourcen sowie auch die Konstruktion sozialer Netzwerke und die Integration der Migranten in Peking. Au\u00dferdem geht die Dissertation ein auf die Vorteile, die f\u00fcr die etwa 17 Millionen Einwohner z\u00e4hlende Stadt durch die Besch\u00e4ftigung der etwa 3 Millionen Arbeitsmigranten geschaffen werden, und sie weist auf die sozialen und \u00f6konomischen Probleme hin, die im Zusammenhang mit der Arbeitsmigration gel\u00f6st werden m\u00fcssten.<\/p>\n","protected":false},"featured_media":54027,"template":"","meta":{"_acf_changed":false},"product_brand":[],"product_cat":[6166],"product_tag":[5532],"class_list":{"0":"post-52043","1":"product","2":"type-product","3":"status-publish","4":"has-post-thumbnail","6":"product_cat-sozialwissenschaften-web-kategorie","7":"product_tag-arbeitsmobilitaet-binnenwanderung-china-regionale-regionale-saisonarbeiter-wirtschaftsentwicklung","8":"autor-ling-he","9":"reihe-praxis-kultur-und-sozialgeographie","11":"first","12":"instock","13":"shipping-taxable","14":"purchasable","15":"product-type-simple"},"acf":[],"yoast_head":"<!-- This site is optimized with the Yoast SEO plugin v27.1.1 - https:\/\/yoast.com\/product\/yoast-seo-wordpress\/ -->\n<title>Wanderarbeiter in Peking - Universit\u00e4tsverlag Potsdam<\/title>\n<meta name=\"robots\" content=\"index, follow, max-snippet:-1, max-image-preview:large, max-video-preview:-1\" \/>\n<link rel=\"canonical\" href=\"https:\/\/shop.verlag.uni-potsdam.de\/en\/shop\/wanderarbeiter-in-peking\/\" \/>\n<meta property=\"og:locale\" content=\"en_US\" \/>\n<meta property=\"og:type\" content=\"article\" \/>\n<meta property=\"og:title\" content=\"Wanderarbeiter in Peking - Universit\u00e4tsverlag Potsdam\" \/>\n<meta property=\"og:description\" content=\"Der boomende Wirtschaftsriese China erf\u00e4hrt weltweit immer mehr Aufmerksamkeit von Politik, Wirtschaft, Wissenschaft und \u00d6ffentlichkeit. Gleichzeitig werden aber auch innere soziale Probleme und die gro\u00dfen regionalen Disparit\u00e4ten des Landes angesprochen. Auch Berichte \u00fcber die Situation der Wanderarbeiter in den Gro\u00dfst\u00e4dten des Landes h\u00e4ufen sich. Obwohl sich die Wissenschaft ebenfalls dieses Themas angenommen hat, mangelt es noch an Untersuchungen dar\u00fcber, insbesondere an solchen, die eingehend und systematisch mit empirischen Erhebungen \u201evor Ort\u201c dieses Ph\u00e4nomen studieren. In diese L\u00fccke st\u00f6\u00dft die Dissertation von Ling He. In ihrem Mittelpunkt steht das Alltagsleben der Arbeitsmigranten in Peking. Dabei werden behandelt: die Migrationsmotive, die strukturellen und individuellen Rahmenbedingungen f\u00fcr die Arbeitsmigranten und ihre Familien, die Arbeits- und Lebensbedingungen, die Bildung finanzieller Ressourcen sowie auch die Konstruktion sozialer Netzwerke und die Integration der Migranten in Peking. Au\u00dferdem geht die Dissertation ein auf die Vorteile, die f\u00fcr die etwa 17 Millionen Einwohner z\u00e4hlende Stadt durch die Besch\u00e4ftigung der etwa 3 Millionen Arbeitsmigranten geschaffen werden, und sie weist auf die sozialen und \u00f6konomischen Probleme hin, die im Zusammenhang mit der Arbeitsmigration gel\u00f6st werden m\u00fcssten.\" \/>\n<meta property=\"og:url\" content=\"https:\/\/shop.verlag.uni-potsdam.de\/en\/shop\/wanderarbeiter-in-peking\/\" \/>\n<meta property=\"og:site_name\" content=\"Universit\u00e4tsverlag Potsdam\" \/>\n<meta property=\"article:modified_time\" content=\"2026-04-27T07:34:26+00:00\" \/>\n<meta property=\"og:image\" content=\"https:\/\/shop.verlag.uni-potsdam.de\/wp-content\/uploads\/asolmerce\/image-9783869561806.jpg\" \/>\n\t<meta property=\"og:image:width\" content=\"454\" \/>\n\t<meta property=\"og:image:height\" content=\"640\" \/>\n\t<meta property=\"og:image:type\" content=\"image\/jpeg\" \/>\n<meta name=\"twitter:card\" content=\"summary_large_image\" \/>\n<meta name=\"twitter:label1\" content=\"Est. reading time\" \/>\n\t<meta name=\"twitter:data1\" content=\"1 minute\" \/>\n<script type=\"application\/ld+json\" class=\"yoast-schema-graph\">{\"@context\":\"https:\/\/schema.org\",\"@graph\":[{\"@type\":\"WebPage\",\"@id\":\"https:\/\/shop.verlag.uni-potsdam.de\/en\/shop\/wanderarbeiter-in-peking\/\",\"url\":\"https:\/\/shop.verlag.uni-potsdam.de\/en\/shop\/wanderarbeiter-in-peking\/\",\"name\":\"Wanderarbeiter in Peking - Universit\u00e4tsverlag Potsdam\",\"isPartOf\":{\"@id\":\"https:\/\/shop.verlag.uni-potsdam.de\/en\/#website\"},\"primaryImageOfPage\":{\"@id\":\"https:\/\/shop.verlag.uni-potsdam.de\/en\/shop\/wanderarbeiter-in-peking\/#primaryimage\"},\"image\":{\"@id\":\"https:\/\/shop.verlag.uni-potsdam.de\/shop\/wanderarbeiter-in-peking\/#primaryimage\"},\"thumbnailUrl\":\"https:\/\/shop.verlag.uni-potsdam.de\/wp-content\/uploads\/asolmerce\/image-9783869561806.jpg\",\"datePublished\":\"2026-04-27T05:33:26+00:00\",\"dateModified\":\"2026-04-27T07:34:26+00:00\",\"breadcrumb\":{\"@id\":\"https:\/\/shop.verlag.uni-potsdam.de\/en\/shop\/wanderarbeiter-in-peking\/#breadcrumb\"},\"inLanguage\":\"en-US\",\"potentialAction\":[{\"@type\":\"ReadAction\",\"target\":[[\"https:\/\/shop.verlag.uni-potsdam.de\/en\/shop\/wanderarbeiter-in-peking\/\"]]}]},{\"@type\":\"ImageObject\",\"inLanguage\":\"en-US\",\"@id\":\"https:\/\/shop.verlag.uni-potsdam.de\/en\/shop\/wanderarbeiter-in-peking\/#primaryimage\",\"url\":\"https:\/\/shop.verlag.uni-potsdam.de\/wp-content\/uploads\/asolmerce\/image-9783869561806.jpg\",\"contentUrl\":\"https:\/\/shop.verlag.uni-potsdam.de\/wp-content\/uploads\/asolmerce\/image-9783869561806.jpg\",\"width\":454,\"height\":640},{\"@type\":\"BreadcrumbList\",\"@id\":\"https:\/\/shop.verlag.uni-potsdam.de\/en\/shop\/wanderarbeiter-in-peking\/#breadcrumb\",\"itemListElement\":[{\"@type\":\"ListItem\",\"position\":1,\"name\":\"Startseite\",\"item\":\"https:\/\/shop.verlag.uni-potsdam.de\/en\/\"},{\"@type\":\"ListItem\",\"position\":2,\"name\":\"Shop\",\"item\":\"https:\/\/shop.verlag.uni-potsdam.de\/en\/shop\/\"},{\"@type\":\"ListItem\",\"position\":3,\"name\":\"Wanderarbeiter in Peking\"}]},{\"@type\":\"WebSite\",\"@id\":\"https:\/\/shop.verlag.uni-potsdam.de\/en\/#website\",\"url\":\"https:\/\/shop.verlag.uni-potsdam.de\/en\/\",\"name\":\"Universit\u00e4tsverlag Potsdam\",\"description\":\"\",\"publisher\":{\"@id\":\"https:\/\/shop.verlag.uni-potsdam.de\/en\/#organization\"},\"potentialAction\":[{\"@type\":\"SearchAction\",\"target\":{\"@type\":\"EntryPoint\",\"urlTemplate\":\"https:\/\/shop.verlag.uni-potsdam.de\/en\/?s={search_term_string}\"},\"query-input\":{\"@type\":\"PropertyValueSpecification\",\"valueRequired\":true,\"valueName\":\"search_term_string\"}}],\"inLanguage\":\"en-US\"},{\"@type\":\"Organization\",\"@id\":\"https:\/\/shop.verlag.uni-potsdam.de\/en\/#organization\",\"name\":\"Universit\u00e4tsverlag Potsdam\",\"url\":\"https:\/\/shop.verlag.uni-potsdam.de\/en\/\",\"logo\":{\"@type\":\"ImageObject\",\"inLanguage\":\"en-US\",\"@id\":\"https:\/\/shop.verlag.uni-potsdam.de\/en\/#\/schema\/logo\/image\/\",\"url\":\"https:\/\/shop.verlag.uni-potsdam.de\/wp-content\/uploads\/2017\/04\/up_logo_university_2.png\",\"contentUrl\":\"https:\/\/shop.verlag.uni-potsdam.de\/wp-content\/uploads\/2017\/04\/up_logo_university_2.png\",\"width\":160,\"height\":172,\"caption\":\"Universit\u00e4tsverlag Potsdam\"},\"image\":{\"@id\":\"https:\/\/shop.verlag.uni-potsdam.de\/en\/#\/schema\/logo\/image\/\"}}]}<\/script>\n<!-- \/ Yoast SEO plugin. -->","yoast_head_json":{"title":"Wanderarbeiter in Peking - Universit\u00e4tsverlag Potsdam","robots":{"index":"index","follow":"follow","max-snippet":"max-snippet:-1","max-image-preview":"max-image-preview:large","max-video-preview":"max-video-preview:-1"},"canonical":"https:\/\/shop.verlag.uni-potsdam.de\/en\/shop\/wanderarbeiter-in-peking\/","og_locale":"en_US","og_type":"article","og_title":"Wanderarbeiter in Peking - Universit\u00e4tsverlag Potsdam","og_description":"Der boomende Wirtschaftsriese China erf\u00e4hrt weltweit immer mehr Aufmerksamkeit von Politik, Wirtschaft, Wissenschaft und \u00d6ffentlichkeit. Gleichzeitig werden aber auch innere soziale Probleme und die gro\u00dfen regionalen Disparit\u00e4ten des Landes angesprochen. Auch Berichte \u00fcber die Situation der Wanderarbeiter in den Gro\u00dfst\u00e4dten des Landes h\u00e4ufen sich. Obwohl sich die Wissenschaft ebenfalls dieses Themas angenommen hat, mangelt es noch an Untersuchungen dar\u00fcber, insbesondere an solchen, die eingehend und systematisch mit empirischen Erhebungen \u201evor Ort\u201c dieses Ph\u00e4nomen studieren. In diese L\u00fccke st\u00f6\u00dft die Dissertation von Ling He. In ihrem Mittelpunkt steht das Alltagsleben der Arbeitsmigranten in Peking. Dabei werden behandelt: die Migrationsmotive, die strukturellen und individuellen Rahmenbedingungen f\u00fcr die Arbeitsmigranten und ihre Familien, die Arbeits- und Lebensbedingungen, die Bildung finanzieller Ressourcen sowie auch die Konstruktion sozialer Netzwerke und die Integration der Migranten in Peking. Au\u00dferdem geht die Dissertation ein auf die Vorteile, die f\u00fcr die etwa 17 Millionen Einwohner z\u00e4hlende Stadt durch die Besch\u00e4ftigung der etwa 3 Millionen Arbeitsmigranten geschaffen werden, und sie weist auf die sozialen und \u00f6konomischen Probleme hin, die im Zusammenhang mit der Arbeitsmigration gel\u00f6st werden m\u00fcssten.","og_url":"https:\/\/shop.verlag.uni-potsdam.de\/en\/shop\/wanderarbeiter-in-peking\/","og_site_name":"Universit\u00e4tsverlag Potsdam","article_modified_time":"2026-04-27T07:34:26+00:00","og_image":[{"width":454,"height":640,"url":"https:\/\/shop.verlag.uni-potsdam.de\/wp-content\/uploads\/asolmerce\/image-9783869561806.jpg","type":"image\/jpeg"}],"twitter_card":"summary_large_image","twitter_misc":{"Est. reading time":"1 minute"},"schema":{"@context":"https:\/\/schema.org","@graph":[{"@type":"WebPage","@id":"https:\/\/shop.verlag.uni-potsdam.de\/en\/shop\/wanderarbeiter-in-peking\/","url":"https:\/\/shop.verlag.uni-potsdam.de\/en\/shop\/wanderarbeiter-in-peking\/","name":"Wanderarbeiter in Peking - Universit\u00e4tsverlag Potsdam","isPartOf":{"@id":"https:\/\/shop.verlag.uni-potsdam.de\/en\/#website"},"primaryImageOfPage":{"@id":"https:\/\/shop.verlag.uni-potsdam.de\/en\/shop\/wanderarbeiter-in-peking\/#primaryimage"},"image":{"@id":"https:\/\/shop.verlag.uni-potsdam.de\/shop\/wanderarbeiter-in-peking\/#primaryimage"},"thumbnailUrl":"https:\/\/shop.verlag.uni-potsdam.de\/wp-content\/uploads\/asolmerce\/image-9783869561806.jpg","datePublished":"2026-04-27T05:33:26+00:00","dateModified":"2026-04-27T07:34:26+00:00","breadcrumb":{"@id":"https:\/\/shop.verlag.uni-potsdam.de\/en\/shop\/wanderarbeiter-in-peking\/#breadcrumb"},"inLanguage":"en-US","potentialAction":[{"@type":"ReadAction","target":[["https:\/\/shop.verlag.uni-potsdam.de\/en\/shop\/wanderarbeiter-in-peking\/"]]}]},{"@type":"ImageObject","inLanguage":"en-US","@id":"https:\/\/shop.verlag.uni-potsdam.de\/en\/shop\/wanderarbeiter-in-peking\/#primaryimage","url":"https:\/\/shop.verlag.uni-potsdam.de\/wp-content\/uploads\/asolmerce\/image-9783869561806.jpg","contentUrl":"https:\/\/shop.verlag.uni-potsdam.de\/wp-content\/uploads\/asolmerce\/image-9783869561806.jpg","width":454,"height":640},{"@type":"BreadcrumbList","@id":"https:\/\/shop.verlag.uni-potsdam.de\/en\/shop\/wanderarbeiter-in-peking\/#breadcrumb","itemListElement":[{"@type":"ListItem","position":1,"name":"Startseite","item":"https:\/\/shop.verlag.uni-potsdam.de\/en\/"},{"@type":"ListItem","position":2,"name":"Shop","item":"https:\/\/shop.verlag.uni-potsdam.de\/en\/shop\/"},{"@type":"ListItem","position":3,"name":"Wanderarbeiter in Peking"}]},{"@type":"WebSite","@id":"https:\/\/shop.verlag.uni-potsdam.de\/en\/#website","url":"https:\/\/shop.verlag.uni-potsdam.de\/en\/","name":"Universit\u00e4tsverlag Potsdam","description":"","publisher":{"@id":"https:\/\/shop.verlag.uni-potsdam.de\/en\/#organization"},"potentialAction":[{"@type":"SearchAction","target":{"@type":"EntryPoint","urlTemplate":"https:\/\/shop.verlag.uni-potsdam.de\/en\/?s={search_term_string}"},"query-input":{"@type":"PropertyValueSpecification","valueRequired":true,"valueName":"search_term_string"}}],"inLanguage":"en-US"},{"@type":"Organization","@id":"https:\/\/shop.verlag.uni-potsdam.de\/en\/#organization","name":"Universit\u00e4tsverlag Potsdam","url":"https:\/\/shop.verlag.uni-potsdam.de\/en\/","logo":{"@type":"ImageObject","inLanguage":"en-US","@id":"https:\/\/shop.verlag.uni-potsdam.de\/en\/#\/schema\/logo\/image\/","url":"https:\/\/shop.verlag.uni-potsdam.de\/wp-content\/uploads\/2017\/04\/up_logo_university_2.png","contentUrl":"https:\/\/shop.verlag.uni-potsdam.de\/wp-content\/uploads\/2017\/04\/up_logo_university_2.png","width":160,"height":172,"caption":"Universit\u00e4tsverlag Potsdam"},"image":{"@id":"https:\/\/shop.verlag.uni-potsdam.de\/en\/#\/schema\/logo\/image\/"}}]}},"_links":{"self":[{"href":"https:\/\/shop.verlag.uni-potsdam.de\/en\/wp-json\/wp\/v2\/product\/52043","targetHints":{"allow":["GET"]}}],"collection":[{"href":"https:\/\/shop.verlag.uni-potsdam.de\/en\/wp-json\/wp\/v2\/product"}],"about":[{"href":"https:\/\/shop.verlag.uni-potsdam.de\/en\/wp-json\/wp\/v2\/types\/product"}],"wp:featuredmedia":[{"embeddable":true,"href":"https:\/\/shop.verlag.uni-potsdam.de\/en\/wp-json\/wp\/v2\/media\/54027"}],"wp:attachment":[{"href":"https:\/\/shop.verlag.uni-potsdam.de\/en\/wp-json\/wp\/v2\/media?parent=52043"}],"wp:term":[{"taxonomy":"product_brand","embeddable":true,"href":"https:\/\/shop.verlag.uni-potsdam.de\/en\/wp-json\/wp\/v2\/product_brand?post=52043"},{"taxonomy":"product_cat","embeddable":true,"href":"https:\/\/shop.verlag.uni-potsdam.de\/en\/wp-json\/wp\/v2\/product_cat?post=52043"},{"taxonomy":"product_tag","embeddable":true,"href":"https:\/\/shop.verlag.uni-potsdam.de\/en\/wp-json\/wp\/v2\/product_tag?post=52043"}],"curies":[{"name":"wp","href":"https:\/\/api.w.org\/{rel}","templated":true}]}}