{"id":52056,"date":"2026-04-27T05:36:46","date_gmt":"2026-04-27T05:36:46","guid":{"rendered":"http:\/\/shop.verlag.uni-potsdam.de\/produkt\/meyer-die-rolle-von-freiwilligenagenturen-bei-der-foerderung-des-buergerschaftlichen-engagements\/"},"modified":"2026-04-27T09:37:46","modified_gmt":"2026-04-27T07:37:46","slug":"die-rolle-von-freiwilligenagenturen-bei-der-foerderung-des-buergerschaftlichen-engagements","status":"publish","type":"product","link":"https:\/\/shop.verlag.uni-potsdam.de\/en\/shop\/die-rolle-von-freiwilligenagenturen-bei-der-foerderung-des-buergerschaftlichen-engagements\/","title":{"rendered":"Die Rolle von Freiwilligenagenturen bei der F\u00f6rderung des b\u00fcrgerschaftlichen Engagements"},"content":{"rendered":"<p class=\"qtranxs-available-languages-message qtranxs-available-languages-message-en\">Sorry, this entry is only available in <a href=\"https:\/\/shop.verlag.uni-potsdam.de\/de\/wp-json\/wp\/v2\/product\/52056\" class=\"qtranxs-available-language-link qtranxs-available-language-link-de\" title=\"Deutsch\">Deutsch<\/a>.<\/p><p>B\u00fcrgerschaftliches Engagement ist nicht nur ein Gewinn f\u00fcr das Gemeinwesen, sondern auch f\u00fcr den freiwillig Engagierten. Damit er seine Potenziale aussch\u00f6pfen kann, braucht er Rahmenbedingungen, die ihn best\u00e4rken und unterst\u00fctzen. Die Arbeit auf lokaler Ebene bildet dabei das Herzst\u00fcck, hier ist auf aktuelle Bedarfslagen zu reagieren. Um sie zu ermitteln und Ma\u00dfnahmen zu ergreifen, sind geeignete Strukturen notwendig. An diesem Punkt setzen die Freiwilligenagenturen an. Mit ihrem Informations-, Beratungs- und Vermittlungsangebot wollen sie Bindeglied zwischen Freiwilligen und Einrichtungen als Tr\u00e4ger von Freiwilligenarbeit sein. Neben Erl\u00e4uterungen zur Entstehungsgeschichte und zum Begriff dieser jungen Infrastruktureinrichtung widmet sich die Autorin der vorliegenden Arbeit den Wesensmerkmalen und vor allem den h\u00e4ufigsten Herausforderungen. Am Beispiel zweier aktiver Freiwilligenagenturen in Berlin wird untersucht, welche Rolle diese Einrichtungen bei der F\u00f6rderung und der Umsetzung des b\u00fcrgerschaftlichen Engagements spielen.<\/p>","protected":false},"excerpt":{"rendered":"<p class=\"qtranxs-available-languages-message qtranxs-available-languages-message-en\">Sorry, this entry is only available in <a href=\"https:\/\/shop.verlag.uni-potsdam.de\/de\/wp-json\/wp\/v2\/product\/52056\" class=\"qtranxs-available-language-link qtranxs-available-language-link-de\" title=\"Deutsch\">Deutsch<\/a>.<\/p>\n<p>B\u00fcrgerschaftliches Engagement ist nicht nur ein Gewinn f\u00fcr das Gemeinwesen, sondern auch f\u00fcr den freiwillig Engagierten. Damit er seine Potenziale aussch\u00f6pfen kann, braucht er Rahmenbedingungen, die ihn best\u00e4rken und unterst\u00fctzen. Die Arbeit auf lokaler Ebene bildet dabei das Herzst\u00fcck, hier ist auf aktuelle Bedarfslagen zu reagieren. Um sie zu ermitteln und Ma\u00dfnahmen zu ergreifen, sind geeignete Strukturen notwendig. An diesem Punkt setzen die Freiwilligenagenturen an. Mit ihrem Informations-, Beratungs- und Vermittlungsangebot wollen sie Bindeglied zwischen Freiwilligen und Einrichtungen als Tr\u00e4ger von Freiwilligenarbeit sein. Neben Erl\u00e4uterungen zur Entstehungsgeschichte und zum Begriff dieser jungen Infrastruktureinrichtung widmet sich die Autorin der vorliegenden Arbeit den Wesensmerkmalen und vor allem den h\u00e4ufigsten Herausforderungen. Am Beispiel zweier aktiver Freiwilligenagenturen in Berlin wird untersucht, welche Rolle diese Einrichtungen bei der F\u00f6rderung und der Umsetzung des b\u00fcrgerschaftlichen Engagements spielen.<\/p>\n","protected":false},"featured_media":54023,"template":"","meta":{"_acf_changed":false},"product_brand":[],"product_cat":[6223],"product_tag":[5846],"class_list":{"0":"post-52056","1":"product","2":"type-product","3":"status-publish","4":"has-post-thumbnail","6":"product_cat-politikwissenschaft-web-kategorie","7":"product_tag-ehrenamtliche-freiwilligenagentur-taetigkeit","8":"autor-ute-meyer","10":"first","11":"instock","12":"shipping-taxable","13":"purchasable","14":"product-type-simple"},"acf":[],"yoast_head":"<!-- This site is optimized with the Yoast SEO plugin v27.1.1 - https:\/\/yoast.com\/product\/yoast-seo-wordpress\/ -->\n<title>Die Rolle von Freiwilligenagenturen bei der F\u00f6rderung des b\u00fcrgerschaftlichen Engagements - Universit\u00e4tsverlag Potsdam<\/title>\n<meta name=\"robots\" content=\"index, follow, max-snippet:-1, max-image-preview:large, max-video-preview:-1\" \/>\n<link rel=\"canonical\" href=\"https:\/\/shop.verlag.uni-potsdam.de\/en\/shop\/die-rolle-von-freiwilligenagenturen-bei-der-foerderung-des-buergerschaftlichen-engagements\/\" \/>\n<meta property=\"og:locale\" content=\"en_US\" \/>\n<meta property=\"og:type\" content=\"article\" \/>\n<meta property=\"og:title\" content=\"Die Rolle von Freiwilligenagenturen bei der F\u00f6rderung des b\u00fcrgerschaftlichen Engagements - Universit\u00e4tsverlag Potsdam\" \/>\n<meta property=\"og:description\" content=\"B\u00fcrgerschaftliches Engagement ist nicht nur ein Gewinn f\u00fcr das Gemeinwesen, sondern auch f\u00fcr den freiwillig Engagierten. Damit er seine Potenziale aussch\u00f6pfen kann, braucht er Rahmenbedingungen, die ihn best\u00e4rken und unterst\u00fctzen. Die Arbeit auf lokaler Ebene bildet dabei das Herzst\u00fcck, hier ist auf aktuelle Bedarfslagen zu reagieren. Um sie zu ermitteln und Ma\u00dfnahmen zu ergreifen, sind geeignete Strukturen notwendig. An diesem Punkt setzen die Freiwilligenagenturen an. Mit ihrem Informations-, Beratungs- und Vermittlungsangebot wollen sie Bindeglied zwischen Freiwilligen und Einrichtungen als Tr\u00e4ger von Freiwilligenarbeit sein. Neben Erl\u00e4uterungen zur Entstehungsgeschichte und zum Begriff dieser jungen Infrastruktureinrichtung widmet sich die Autorin der vorliegenden Arbeit den Wesensmerkmalen und vor allem den h\u00e4ufigsten Herausforderungen. Am Beispiel zweier aktiver Freiwilligenagenturen in Berlin wird untersucht, welche Rolle diese Einrichtungen bei der F\u00f6rderung und der Umsetzung des b\u00fcrgerschaftlichen Engagements spielen.\" \/>\n<meta property=\"og:url\" content=\"https:\/\/shop.verlag.uni-potsdam.de\/en\/shop\/die-rolle-von-freiwilligenagenturen-bei-der-foerderung-des-buergerschaftlichen-engagements\/\" \/>\n<meta property=\"og:site_name\" content=\"Universit\u00e4tsverlag Potsdam\" \/>\n<meta property=\"article:modified_time\" content=\"2026-04-27T07:37:46+00:00\" \/>\n<meta property=\"og:image\" content=\"https:\/\/shop.verlag.uni-potsdam.de\/wp-content\/uploads\/asolmerce\/image-9783869561882.jpg\" \/>\n\t<meta property=\"og:image:width\" content=\"452\" \/>\n\t<meta property=\"og:image:height\" content=\"640\" \/>\n\t<meta property=\"og:image:type\" content=\"image\/jpeg\" \/>\n<meta name=\"twitter:card\" content=\"summary_large_image\" \/>\n<meta name=\"twitter:label1\" content=\"Est. reading time\" \/>\n\t<meta name=\"twitter:data1\" content=\"1 minute\" \/>\n<script type=\"application\/ld+json\" class=\"yoast-schema-graph\">{\"@context\":\"https:\/\/schema.org\",\"@graph\":[{\"@type\":\"WebPage\",\"@id\":\"https:\/\/shop.verlag.uni-potsdam.de\/en\/shop\/die-rolle-von-freiwilligenagenturen-bei-der-foerderung-des-buergerschaftlichen-engagements\/\",\"url\":\"https:\/\/shop.verlag.uni-potsdam.de\/en\/shop\/die-rolle-von-freiwilligenagenturen-bei-der-foerderung-des-buergerschaftlichen-engagements\/\",\"name\":\"Die Rolle von Freiwilligenagenturen bei der F\u00f6rderung des b\u00fcrgerschaftlichen Engagements - Universit\u00e4tsverlag Potsdam\",\"isPartOf\":{\"@id\":\"https:\/\/shop.verlag.uni-potsdam.de\/en\/#website\"},\"primaryImageOfPage\":{\"@id\":\"https:\/\/shop.verlag.uni-potsdam.de\/en\/shop\/die-rolle-von-freiwilligenagenturen-bei-der-foerderung-des-buergerschaftlichen-engagements\/#primaryimage\"},\"image\":{\"@id\":\"https:\/\/shop.verlag.uni-potsdam.de\/shop\/die-rolle-von-freiwilligenagenturen-bei-der-foerderung-des-buergerschaftlichen-engagements\/#primaryimage\"},\"thumbnailUrl\":\"https:\/\/shop.verlag.uni-potsdam.de\/wp-content\/uploads\/asolmerce\/image-9783869561882.jpg\",\"datePublished\":\"2026-04-27T05:36:46+00:00\",\"dateModified\":\"2026-04-27T07:37:46+00:00\",\"breadcrumb\":{\"@id\":\"https:\/\/shop.verlag.uni-potsdam.de\/en\/shop\/die-rolle-von-freiwilligenagenturen-bei-der-foerderung-des-buergerschaftlichen-engagements\/#breadcrumb\"},\"inLanguage\":\"en-US\",\"potentialAction\":[{\"@type\":\"ReadAction\",\"target\":[[\"https:\/\/shop.verlag.uni-potsdam.de\/en\/shop\/die-rolle-von-freiwilligenagenturen-bei-der-foerderung-des-buergerschaftlichen-engagements\/\"]]}]},{\"@type\":\"ImageObject\",\"inLanguage\":\"en-US\",\"@id\":\"https:\/\/shop.verlag.uni-potsdam.de\/en\/shop\/die-rolle-von-freiwilligenagenturen-bei-der-foerderung-des-buergerschaftlichen-engagements\/#primaryimage\",\"url\":\"https:\/\/shop.verlag.uni-potsdam.de\/wp-content\/uploads\/asolmerce\/image-9783869561882.jpg\",\"contentUrl\":\"https:\/\/shop.verlag.uni-potsdam.de\/wp-content\/uploads\/asolmerce\/image-9783869561882.jpg\",\"width\":452,\"height\":640},{\"@type\":\"BreadcrumbList\",\"@id\":\"https:\/\/shop.verlag.uni-potsdam.de\/en\/shop\/die-rolle-von-freiwilligenagenturen-bei-der-foerderung-des-buergerschaftlichen-engagements\/#breadcrumb\",\"itemListElement\":[{\"@type\":\"ListItem\",\"position\":1,\"name\":\"Startseite\",\"item\":\"https:\/\/shop.verlag.uni-potsdam.de\/en\/\"},{\"@type\":\"ListItem\",\"position\":2,\"name\":\"Shop\",\"item\":\"https:\/\/shop.verlag.uni-potsdam.de\/en\/shop\/\"},{\"@type\":\"ListItem\",\"position\":3,\"name\":\"Die Rolle von Freiwilligenagenturen bei der F\u00f6rderung des b\u00fcrgerschaftlichen Engagements\"}]},{\"@type\":\"WebSite\",\"@id\":\"https:\/\/shop.verlag.uni-potsdam.de\/en\/#website\",\"url\":\"https:\/\/shop.verlag.uni-potsdam.de\/en\/\",\"name\":\"Universit\u00e4tsverlag Potsdam\",\"description\":\"\",\"publisher\":{\"@id\":\"https:\/\/shop.verlag.uni-potsdam.de\/en\/#organization\"},\"potentialAction\":[{\"@type\":\"SearchAction\",\"target\":{\"@type\":\"EntryPoint\",\"urlTemplate\":\"https:\/\/shop.verlag.uni-potsdam.de\/en\/?s={search_term_string}\"},\"query-input\":{\"@type\":\"PropertyValueSpecification\",\"valueRequired\":true,\"valueName\":\"search_term_string\"}}],\"inLanguage\":\"en-US\"},{\"@type\":\"Organization\",\"@id\":\"https:\/\/shop.verlag.uni-potsdam.de\/en\/#organization\",\"name\":\"Universit\u00e4tsverlag Potsdam\",\"url\":\"https:\/\/shop.verlag.uni-potsdam.de\/en\/\",\"logo\":{\"@type\":\"ImageObject\",\"inLanguage\":\"en-US\",\"@id\":\"https:\/\/shop.verlag.uni-potsdam.de\/en\/#\/schema\/logo\/image\/\",\"url\":\"https:\/\/shop.verlag.uni-potsdam.de\/wp-content\/uploads\/2017\/04\/up_logo_university_2.png\",\"contentUrl\":\"https:\/\/shop.verlag.uni-potsdam.de\/wp-content\/uploads\/2017\/04\/up_logo_university_2.png\",\"width\":160,\"height\":172,\"caption\":\"Universit\u00e4tsverlag Potsdam\"},\"image\":{\"@id\":\"https:\/\/shop.verlag.uni-potsdam.de\/en\/#\/schema\/logo\/image\/\"}}]}<\/script>\n<!-- \/ Yoast SEO plugin. -->","yoast_head_json":{"title":"Die Rolle von Freiwilligenagenturen bei der F\u00f6rderung des b\u00fcrgerschaftlichen Engagements - Universit\u00e4tsverlag Potsdam","robots":{"index":"index","follow":"follow","max-snippet":"max-snippet:-1","max-image-preview":"max-image-preview:large","max-video-preview":"max-video-preview:-1"},"canonical":"https:\/\/shop.verlag.uni-potsdam.de\/en\/shop\/die-rolle-von-freiwilligenagenturen-bei-der-foerderung-des-buergerschaftlichen-engagements\/","og_locale":"en_US","og_type":"article","og_title":"Die Rolle von Freiwilligenagenturen bei der F\u00f6rderung des b\u00fcrgerschaftlichen Engagements - Universit\u00e4tsverlag Potsdam","og_description":"B\u00fcrgerschaftliches Engagement ist nicht nur ein Gewinn f\u00fcr das Gemeinwesen, sondern auch f\u00fcr den freiwillig Engagierten. Damit er seine Potenziale aussch\u00f6pfen kann, braucht er Rahmenbedingungen, die ihn best\u00e4rken und unterst\u00fctzen. Die Arbeit auf lokaler Ebene bildet dabei das Herzst\u00fcck, hier ist auf aktuelle Bedarfslagen zu reagieren. Um sie zu ermitteln und Ma\u00dfnahmen zu ergreifen, sind geeignete Strukturen notwendig. An diesem Punkt setzen die Freiwilligenagenturen an. Mit ihrem Informations-, Beratungs- und Vermittlungsangebot wollen sie Bindeglied zwischen Freiwilligen und Einrichtungen als Tr\u00e4ger von Freiwilligenarbeit sein. Neben Erl\u00e4uterungen zur Entstehungsgeschichte und zum Begriff dieser jungen Infrastruktureinrichtung widmet sich die Autorin der vorliegenden Arbeit den Wesensmerkmalen und vor allem den h\u00e4ufigsten Herausforderungen. Am Beispiel zweier aktiver Freiwilligenagenturen in Berlin wird untersucht, welche Rolle diese Einrichtungen bei der F\u00f6rderung und der Umsetzung des b\u00fcrgerschaftlichen Engagements spielen.","og_url":"https:\/\/shop.verlag.uni-potsdam.de\/en\/shop\/die-rolle-von-freiwilligenagenturen-bei-der-foerderung-des-buergerschaftlichen-engagements\/","og_site_name":"Universit\u00e4tsverlag Potsdam","article_modified_time":"2026-04-27T07:37:46+00:00","og_image":[{"width":452,"height":640,"url":"https:\/\/shop.verlag.uni-potsdam.de\/wp-content\/uploads\/asolmerce\/image-9783869561882.jpg","type":"image\/jpeg"}],"twitter_card":"summary_large_image","twitter_misc":{"Est. reading time":"1 minute"},"schema":{"@context":"https:\/\/schema.org","@graph":[{"@type":"WebPage","@id":"https:\/\/shop.verlag.uni-potsdam.de\/en\/shop\/die-rolle-von-freiwilligenagenturen-bei-der-foerderung-des-buergerschaftlichen-engagements\/","url":"https:\/\/shop.verlag.uni-potsdam.de\/en\/shop\/die-rolle-von-freiwilligenagenturen-bei-der-foerderung-des-buergerschaftlichen-engagements\/","name":"Die Rolle von Freiwilligenagenturen bei der F\u00f6rderung des b\u00fcrgerschaftlichen Engagements - Universit\u00e4tsverlag Potsdam","isPartOf":{"@id":"https:\/\/shop.verlag.uni-potsdam.de\/en\/#website"},"primaryImageOfPage":{"@id":"https:\/\/shop.verlag.uni-potsdam.de\/en\/shop\/die-rolle-von-freiwilligenagenturen-bei-der-foerderung-des-buergerschaftlichen-engagements\/#primaryimage"},"image":{"@id":"https:\/\/shop.verlag.uni-potsdam.de\/shop\/die-rolle-von-freiwilligenagenturen-bei-der-foerderung-des-buergerschaftlichen-engagements\/#primaryimage"},"thumbnailUrl":"https:\/\/shop.verlag.uni-potsdam.de\/wp-content\/uploads\/asolmerce\/image-9783869561882.jpg","datePublished":"2026-04-27T05:36:46+00:00","dateModified":"2026-04-27T07:37:46+00:00","breadcrumb":{"@id":"https:\/\/shop.verlag.uni-potsdam.de\/en\/shop\/die-rolle-von-freiwilligenagenturen-bei-der-foerderung-des-buergerschaftlichen-engagements\/#breadcrumb"},"inLanguage":"en-US","potentialAction":[{"@type":"ReadAction","target":[["https:\/\/shop.verlag.uni-potsdam.de\/en\/shop\/die-rolle-von-freiwilligenagenturen-bei-der-foerderung-des-buergerschaftlichen-engagements\/"]]}]},{"@type":"ImageObject","inLanguage":"en-US","@id":"https:\/\/shop.verlag.uni-potsdam.de\/en\/shop\/die-rolle-von-freiwilligenagenturen-bei-der-foerderung-des-buergerschaftlichen-engagements\/#primaryimage","url":"https:\/\/shop.verlag.uni-potsdam.de\/wp-content\/uploads\/asolmerce\/image-9783869561882.jpg","contentUrl":"https:\/\/shop.verlag.uni-potsdam.de\/wp-content\/uploads\/asolmerce\/image-9783869561882.jpg","width":452,"height":640},{"@type":"BreadcrumbList","@id":"https:\/\/shop.verlag.uni-potsdam.de\/en\/shop\/die-rolle-von-freiwilligenagenturen-bei-der-foerderung-des-buergerschaftlichen-engagements\/#breadcrumb","itemListElement":[{"@type":"ListItem","position":1,"name":"Startseite","item":"https:\/\/shop.verlag.uni-potsdam.de\/en\/"},{"@type":"ListItem","position":2,"name":"Shop","item":"https:\/\/shop.verlag.uni-potsdam.de\/en\/shop\/"},{"@type":"ListItem","position":3,"name":"Die Rolle von Freiwilligenagenturen bei der F\u00f6rderung des b\u00fcrgerschaftlichen Engagements"}]},{"@type":"WebSite","@id":"https:\/\/shop.verlag.uni-potsdam.de\/en\/#website","url":"https:\/\/shop.verlag.uni-potsdam.de\/en\/","name":"Universit\u00e4tsverlag Potsdam","description":"","publisher":{"@id":"https:\/\/shop.verlag.uni-potsdam.de\/en\/#organization"},"potentialAction":[{"@type":"SearchAction","target":{"@type":"EntryPoint","urlTemplate":"https:\/\/shop.verlag.uni-potsdam.de\/en\/?s={search_term_string}"},"query-input":{"@type":"PropertyValueSpecification","valueRequired":true,"valueName":"search_term_string"}}],"inLanguage":"en-US"},{"@type":"Organization","@id":"https:\/\/shop.verlag.uni-potsdam.de\/en\/#organization","name":"Universit\u00e4tsverlag Potsdam","url":"https:\/\/shop.verlag.uni-potsdam.de\/en\/","logo":{"@type":"ImageObject","inLanguage":"en-US","@id":"https:\/\/shop.verlag.uni-potsdam.de\/en\/#\/schema\/logo\/image\/","url":"https:\/\/shop.verlag.uni-potsdam.de\/wp-content\/uploads\/2017\/04\/up_logo_university_2.png","contentUrl":"https:\/\/shop.verlag.uni-potsdam.de\/wp-content\/uploads\/2017\/04\/up_logo_university_2.png","width":160,"height":172,"caption":"Universit\u00e4tsverlag Potsdam"},"image":{"@id":"https:\/\/shop.verlag.uni-potsdam.de\/en\/#\/schema\/logo\/image\/"}}]}},"_links":{"self":[{"href":"https:\/\/shop.verlag.uni-potsdam.de\/en\/wp-json\/wp\/v2\/product\/52056","targetHints":{"allow":["GET"]}}],"collection":[{"href":"https:\/\/shop.verlag.uni-potsdam.de\/en\/wp-json\/wp\/v2\/product"}],"about":[{"href":"https:\/\/shop.verlag.uni-potsdam.de\/en\/wp-json\/wp\/v2\/types\/product"}],"wp:featuredmedia":[{"embeddable":true,"href":"https:\/\/shop.verlag.uni-potsdam.de\/en\/wp-json\/wp\/v2\/media\/54023"}],"wp:attachment":[{"href":"https:\/\/shop.verlag.uni-potsdam.de\/en\/wp-json\/wp\/v2\/media?parent=52056"}],"wp:term":[{"taxonomy":"product_brand","embeddable":true,"href":"https:\/\/shop.verlag.uni-potsdam.de\/en\/wp-json\/wp\/v2\/product_brand?post=52056"},{"taxonomy":"product_cat","embeddable":true,"href":"https:\/\/shop.verlag.uni-potsdam.de\/en\/wp-json\/wp\/v2\/product_cat?post=52056"},{"taxonomy":"product_tag","embeddable":true,"href":"https:\/\/shop.verlag.uni-potsdam.de\/en\/wp-json\/wp\/v2\/product_tag?post=52056"}],"curies":[{"name":"wp","href":"https:\/\/api.w.org\/{rel}","templated":true}]}}