{"id":52087,"date":"2026-03-30T13:02:41","date_gmt":"2026-03-30T13:02:41","guid":{"rendered":"http:\/\/shop.verlag.uni-potsdam.de\/produkt\/stadler-oeffentliche-bibliotheken-im-buergerhaushalt\/"},"modified":"2026-03-30T17:03:41","modified_gmt":"2026-03-30T15:03:41","slug":"oeffentliche-bibliotheken-im-buergerhaushalt","status":"publish","type":"product","link":"https:\/\/shop.verlag.uni-potsdam.de\/en\/shop\/oeffentliche-bibliotheken-im-buergerhaushalt\/","title":{"rendered":"\u00d6ffentliche Bibliotheken im B\u00fcrgerhaushalt"},"content":{"rendered":"<p class=\"qtranxs-available-languages-message qtranxs-available-languages-message-en\">Sorry, this entry is only available in <a href=\"https:\/\/shop.verlag.uni-potsdam.de\/de\/wp-json\/wp\/v2\/product\/52087\" class=\"qtranxs-available-language-link qtranxs-available-language-link-de\" title=\"Deutsch\">Deutsch<\/a>.<\/p><p>Intention der Arbeit war es, die bibliothekarische Fachwelt zun\u00e4chst auf den Begriff und die Bedeutung des B\u00fcrgerhaushaltes aufmerksam zu machen und eine Auseinandersetzung mit der Thematik zu f\u00f6rdern. Die \u00d6ffentliche Bibliothek kann ein Diskussions- bzw. Beteiligungsgegenstand zwischen B\u00fcrgerschaft und Politik sowie Verwaltung sein, wenn es im partizipatorischen Verfahren des B\u00fcrgerhaushaltes darum geht, Modernisierungsergebnisse in einer Stadt durch gezielte Finanzierung zu erlangen. Eruiert wurde, ob der B\u00fcrgerhaushalt das Potential hat, zur Modernisierung von Dienstleistungen \u00d6ffentlicher Bibliotheken beizutragen. Mittels Interviews wurden Informationen gesammelt, aufbereitet und ausgewertet.<\/p>","protected":false},"excerpt":{"rendered":"<p class=\"qtranxs-available-languages-message qtranxs-available-languages-message-en\">Sorry, this entry is only available in <a href=\"https:\/\/shop.verlag.uni-potsdam.de\/de\/wp-json\/wp\/v2\/product\/52087\" class=\"qtranxs-available-language-link qtranxs-available-language-link-de\" title=\"Deutsch\">Deutsch<\/a>.<\/p>\n<p>Intention der Arbeit war es, die bibliothekarische Fachwelt zun\u00e4chst auf den Begriff und die Bedeutung des B\u00fcrgerhaushaltes aufmerksam zu machen und eine Auseinandersetzung mit der Thematik zu f\u00f6rdern. Die \u00d6ffentliche Bibliothek kann ein Diskussions- bzw. Beteiligungsgegenstand zwischen B\u00fcrgerschaft und Politik sowie Verwaltung sein, wenn es im partizipatorischen Verfahren des B\u00fcrgerhaushaltes darum geht, Modernisierungsergebnisse in einer Stadt durch gezielte Finanzierung zu erlangen. Eruiert wurde, ob der B\u00fcrgerhaushalt das Potential hat, zur Modernisierung von Dienstleistungen \u00d6ffentlicher Bibliotheken beizutragen. Mittels Interviews wurden Informationen gesammelt, aufbereitet und ausgewertet.<\/p>\n","protected":false},"featured_media":53968,"template":"","meta":{"_acf_changed":false},"product_brand":[],"product_cat":[6223],"product_tag":[5848],"class_list":{"0":"post-52087","1":"product","2":"type-product","3":"status-publish","4":"has-post-thumbnail","6":"product_cat-politikwissenschaft-web-kategorie","7":"product_tag-partizipation-sozialwissenschaften-soziologie-oeffentliche-bibliothek","8":"autor-heike-stadler","10":"first","11":"instock","12":"shipping-taxable","13":"purchasable","14":"product-type-simple"},"acf":[],"yoast_head":"<!-- This site is optimized with the Yoast SEO plugin v27.1.1 - https:\/\/yoast.com\/product\/yoast-seo-wordpress\/ -->\n<title>\u00d6ffentliche Bibliotheken im B\u00fcrgerhaushalt - Universit\u00e4tsverlag Potsdam<\/title>\n<meta name=\"robots\" content=\"index, follow, max-snippet:-1, max-image-preview:large, max-video-preview:-1\" \/>\n<link rel=\"canonical\" href=\"https:\/\/shop.verlag.uni-potsdam.de\/en\/shop\/oeffentliche-bibliotheken-im-buergerhaushalt\/\" \/>\n<meta property=\"og:locale\" content=\"en_US\" \/>\n<meta property=\"og:type\" content=\"article\" \/>\n<meta property=\"og:title\" content=\"\u00d6ffentliche Bibliotheken im B\u00fcrgerhaushalt - Universit\u00e4tsverlag Potsdam\" \/>\n<meta property=\"og:description\" content=\"Intention der Arbeit war es, die bibliothekarische Fachwelt zun\u00e4chst auf den Begriff und die Bedeutung des B\u00fcrgerhaushaltes aufmerksam zu machen und eine Auseinandersetzung mit der Thematik zu f\u00f6rdern. Die \u00d6ffentliche Bibliothek kann ein Diskussions- bzw. Beteiligungsgegenstand zwischen B\u00fcrgerschaft und Politik sowie Verwaltung sein, wenn es im partizipatorischen Verfahren des B\u00fcrgerhaushaltes darum geht, Modernisierungsergebnisse in einer Stadt durch gezielte Finanzierung zu erlangen. Eruiert wurde, ob der B\u00fcrgerhaushalt das Potential hat, zur Modernisierung von Dienstleistungen \u00d6ffentlicher Bibliotheken beizutragen. Mittels Interviews wurden Informationen gesammelt, aufbereitet und ausgewertet.\" \/>\n<meta property=\"og:url\" content=\"https:\/\/shop.verlag.uni-potsdam.de\/en\/shop\/oeffentliche-bibliotheken-im-buergerhaushalt\/\" \/>\n<meta property=\"og:site_name\" content=\"Universit\u00e4tsverlag Potsdam\" \/>\n<meta property=\"article:modified_time\" content=\"2026-03-30T15:03:41+00:00\" \/>\n<meta property=\"og:image\" content=\"https:\/\/shop.verlag.uni-potsdam.de\/wp-content\/uploads\/asolmerce\/image-9783869561110.jpg\" \/>\n\t<meta property=\"og:image:width\" content=\"452\" \/>\n\t<meta property=\"og:image:height\" content=\"640\" \/>\n\t<meta property=\"og:image:type\" content=\"image\/jpeg\" \/>\n<meta name=\"twitter:card\" content=\"summary_large_image\" \/>\n<script type=\"application\/ld+json\" class=\"yoast-schema-graph\">{\"@context\":\"https:\/\/schema.org\",\"@graph\":[{\"@type\":\"WebPage\",\"@id\":\"https:\/\/shop.verlag.uni-potsdam.de\/en\/shop\/oeffentliche-bibliotheken-im-buergerhaushalt\/\",\"url\":\"https:\/\/shop.verlag.uni-potsdam.de\/en\/shop\/oeffentliche-bibliotheken-im-buergerhaushalt\/\",\"name\":\"\u00d6ffentliche Bibliotheken im B\u00fcrgerhaushalt - Universit\u00e4tsverlag Potsdam\",\"isPartOf\":{\"@id\":\"https:\/\/shop.verlag.uni-potsdam.de\/en\/#website\"},\"primaryImageOfPage\":{\"@id\":\"https:\/\/shop.verlag.uni-potsdam.de\/en\/shop\/oeffentliche-bibliotheken-im-buergerhaushalt\/#primaryimage\"},\"image\":{\"@id\":\"https:\/\/shop.verlag.uni-potsdam.de\/shop\/oeffentliche-bibliotheken-im-buergerhaushalt\/#primaryimage\"},\"thumbnailUrl\":\"https:\/\/shop.verlag.uni-potsdam.de\/wp-content\/uploads\/asolmerce\/image-9783869561110.jpg\",\"datePublished\":\"2026-03-30T13:02:41+00:00\",\"dateModified\":\"2026-03-30T15:03:41+00:00\",\"breadcrumb\":{\"@id\":\"https:\/\/shop.verlag.uni-potsdam.de\/en\/shop\/oeffentliche-bibliotheken-im-buergerhaushalt\/#breadcrumb\"},\"inLanguage\":\"en-US\",\"potentialAction\":[{\"@type\":\"ReadAction\",\"target\":[[\"https:\/\/shop.verlag.uni-potsdam.de\/en\/shop\/oeffentliche-bibliotheken-im-buergerhaushalt\/\"]]}]},{\"@type\":\"ImageObject\",\"inLanguage\":\"en-US\",\"@id\":\"https:\/\/shop.verlag.uni-potsdam.de\/en\/shop\/oeffentliche-bibliotheken-im-buergerhaushalt\/#primaryimage\",\"url\":\"https:\/\/shop.verlag.uni-potsdam.de\/wp-content\/uploads\/asolmerce\/image-9783869561110.jpg\",\"contentUrl\":\"https:\/\/shop.verlag.uni-potsdam.de\/wp-content\/uploads\/asolmerce\/image-9783869561110.jpg\",\"width\":452,\"height\":640},{\"@type\":\"BreadcrumbList\",\"@id\":\"https:\/\/shop.verlag.uni-potsdam.de\/en\/shop\/oeffentliche-bibliotheken-im-buergerhaushalt\/#breadcrumb\",\"itemListElement\":[{\"@type\":\"ListItem\",\"position\":1,\"name\":\"Startseite\",\"item\":\"https:\/\/shop.verlag.uni-potsdam.de\/en\/\"},{\"@type\":\"ListItem\",\"position\":2,\"name\":\"Shop\",\"item\":\"https:\/\/shop.verlag.uni-potsdam.de\/en\/shop\/\"},{\"@type\":\"ListItem\",\"position\":3,\"name\":\"\u00d6ffentliche Bibliotheken im B\u00fcrgerhaushalt\"}]},{\"@type\":\"WebSite\",\"@id\":\"https:\/\/shop.verlag.uni-potsdam.de\/en\/#website\",\"url\":\"https:\/\/shop.verlag.uni-potsdam.de\/en\/\",\"name\":\"Universit\u00e4tsverlag Potsdam\",\"description\":\"\",\"publisher\":{\"@id\":\"https:\/\/shop.verlag.uni-potsdam.de\/en\/#organization\"},\"potentialAction\":[{\"@type\":\"SearchAction\",\"target\":{\"@type\":\"EntryPoint\",\"urlTemplate\":\"https:\/\/shop.verlag.uni-potsdam.de\/en\/?s={search_term_string}\"},\"query-input\":{\"@type\":\"PropertyValueSpecification\",\"valueRequired\":true,\"valueName\":\"search_term_string\"}}],\"inLanguage\":\"en-US\"},{\"@type\":\"Organization\",\"@id\":\"https:\/\/shop.verlag.uni-potsdam.de\/en\/#organization\",\"name\":\"Universit\u00e4tsverlag Potsdam\",\"url\":\"https:\/\/shop.verlag.uni-potsdam.de\/en\/\",\"logo\":{\"@type\":\"ImageObject\",\"inLanguage\":\"en-US\",\"@id\":\"https:\/\/shop.verlag.uni-potsdam.de\/en\/#\/schema\/logo\/image\/\",\"url\":\"https:\/\/shop.verlag.uni-potsdam.de\/wp-content\/uploads\/2017\/04\/up_logo_university_2.png\",\"contentUrl\":\"https:\/\/shop.verlag.uni-potsdam.de\/wp-content\/uploads\/2017\/04\/up_logo_university_2.png\",\"width\":160,\"height\":172,\"caption\":\"Universit\u00e4tsverlag Potsdam\"},\"image\":{\"@id\":\"https:\/\/shop.verlag.uni-potsdam.de\/en\/#\/schema\/logo\/image\/\"}}]}<\/script>\n<!-- \/ Yoast SEO plugin. -->","yoast_head_json":{"title":"\u00d6ffentliche Bibliotheken im B\u00fcrgerhaushalt - Universit\u00e4tsverlag Potsdam","robots":{"index":"index","follow":"follow","max-snippet":"max-snippet:-1","max-image-preview":"max-image-preview:large","max-video-preview":"max-video-preview:-1"},"canonical":"https:\/\/shop.verlag.uni-potsdam.de\/en\/shop\/oeffentliche-bibliotheken-im-buergerhaushalt\/","og_locale":"en_US","og_type":"article","og_title":"\u00d6ffentliche Bibliotheken im B\u00fcrgerhaushalt - Universit\u00e4tsverlag Potsdam","og_description":"Intention der Arbeit war es, die bibliothekarische Fachwelt zun\u00e4chst auf den Begriff und die Bedeutung des B\u00fcrgerhaushaltes aufmerksam zu machen und eine Auseinandersetzung mit der Thematik zu f\u00f6rdern. Die \u00d6ffentliche Bibliothek kann ein Diskussions- bzw. Beteiligungsgegenstand zwischen B\u00fcrgerschaft und Politik sowie Verwaltung sein, wenn es im partizipatorischen Verfahren des B\u00fcrgerhaushaltes darum geht, Modernisierungsergebnisse in einer Stadt durch gezielte Finanzierung zu erlangen. Eruiert wurde, ob der B\u00fcrgerhaushalt das Potential hat, zur Modernisierung von Dienstleistungen \u00d6ffentlicher Bibliotheken beizutragen. Mittels Interviews wurden Informationen gesammelt, aufbereitet und ausgewertet.","og_url":"https:\/\/shop.verlag.uni-potsdam.de\/en\/shop\/oeffentliche-bibliotheken-im-buergerhaushalt\/","og_site_name":"Universit\u00e4tsverlag Potsdam","article_modified_time":"2026-03-30T15:03:41+00:00","og_image":[{"width":452,"height":640,"url":"https:\/\/shop.verlag.uni-potsdam.de\/wp-content\/uploads\/asolmerce\/image-9783869561110.jpg","type":"image\/jpeg"}],"twitter_card":"summary_large_image","schema":{"@context":"https:\/\/schema.org","@graph":[{"@type":"WebPage","@id":"https:\/\/shop.verlag.uni-potsdam.de\/en\/shop\/oeffentliche-bibliotheken-im-buergerhaushalt\/","url":"https:\/\/shop.verlag.uni-potsdam.de\/en\/shop\/oeffentliche-bibliotheken-im-buergerhaushalt\/","name":"\u00d6ffentliche Bibliotheken im B\u00fcrgerhaushalt - Universit\u00e4tsverlag Potsdam","isPartOf":{"@id":"https:\/\/shop.verlag.uni-potsdam.de\/en\/#website"},"primaryImageOfPage":{"@id":"https:\/\/shop.verlag.uni-potsdam.de\/en\/shop\/oeffentliche-bibliotheken-im-buergerhaushalt\/#primaryimage"},"image":{"@id":"https:\/\/shop.verlag.uni-potsdam.de\/shop\/oeffentliche-bibliotheken-im-buergerhaushalt\/#primaryimage"},"thumbnailUrl":"https:\/\/shop.verlag.uni-potsdam.de\/wp-content\/uploads\/asolmerce\/image-9783869561110.jpg","datePublished":"2026-03-30T13:02:41+00:00","dateModified":"2026-03-30T15:03:41+00:00","breadcrumb":{"@id":"https:\/\/shop.verlag.uni-potsdam.de\/en\/shop\/oeffentliche-bibliotheken-im-buergerhaushalt\/#breadcrumb"},"inLanguage":"en-US","potentialAction":[{"@type":"ReadAction","target":[["https:\/\/shop.verlag.uni-potsdam.de\/en\/shop\/oeffentliche-bibliotheken-im-buergerhaushalt\/"]]}]},{"@type":"ImageObject","inLanguage":"en-US","@id":"https:\/\/shop.verlag.uni-potsdam.de\/en\/shop\/oeffentliche-bibliotheken-im-buergerhaushalt\/#primaryimage","url":"https:\/\/shop.verlag.uni-potsdam.de\/wp-content\/uploads\/asolmerce\/image-9783869561110.jpg","contentUrl":"https:\/\/shop.verlag.uni-potsdam.de\/wp-content\/uploads\/asolmerce\/image-9783869561110.jpg","width":452,"height":640},{"@type":"BreadcrumbList","@id":"https:\/\/shop.verlag.uni-potsdam.de\/en\/shop\/oeffentliche-bibliotheken-im-buergerhaushalt\/#breadcrumb","itemListElement":[{"@type":"ListItem","position":1,"name":"Startseite","item":"https:\/\/shop.verlag.uni-potsdam.de\/en\/"},{"@type":"ListItem","position":2,"name":"Shop","item":"https:\/\/shop.verlag.uni-potsdam.de\/en\/shop\/"},{"@type":"ListItem","position":3,"name":"\u00d6ffentliche Bibliotheken im B\u00fcrgerhaushalt"}]},{"@type":"WebSite","@id":"https:\/\/shop.verlag.uni-potsdam.de\/en\/#website","url":"https:\/\/shop.verlag.uni-potsdam.de\/en\/","name":"Universit\u00e4tsverlag Potsdam","description":"","publisher":{"@id":"https:\/\/shop.verlag.uni-potsdam.de\/en\/#organization"},"potentialAction":[{"@type":"SearchAction","target":{"@type":"EntryPoint","urlTemplate":"https:\/\/shop.verlag.uni-potsdam.de\/en\/?s={search_term_string}"},"query-input":{"@type":"PropertyValueSpecification","valueRequired":true,"valueName":"search_term_string"}}],"inLanguage":"en-US"},{"@type":"Organization","@id":"https:\/\/shop.verlag.uni-potsdam.de\/en\/#organization","name":"Universit\u00e4tsverlag Potsdam","url":"https:\/\/shop.verlag.uni-potsdam.de\/en\/","logo":{"@type":"ImageObject","inLanguage":"en-US","@id":"https:\/\/shop.verlag.uni-potsdam.de\/en\/#\/schema\/logo\/image\/","url":"https:\/\/shop.verlag.uni-potsdam.de\/wp-content\/uploads\/2017\/04\/up_logo_university_2.png","contentUrl":"https:\/\/shop.verlag.uni-potsdam.de\/wp-content\/uploads\/2017\/04\/up_logo_university_2.png","width":160,"height":172,"caption":"Universit\u00e4tsverlag Potsdam"},"image":{"@id":"https:\/\/shop.verlag.uni-potsdam.de\/en\/#\/schema\/logo\/image\/"}}]}},"_links":{"self":[{"href":"https:\/\/shop.verlag.uni-potsdam.de\/en\/wp-json\/wp\/v2\/product\/52087","targetHints":{"allow":["GET"]}}],"collection":[{"href":"https:\/\/shop.verlag.uni-potsdam.de\/en\/wp-json\/wp\/v2\/product"}],"about":[{"href":"https:\/\/shop.verlag.uni-potsdam.de\/en\/wp-json\/wp\/v2\/types\/product"}],"wp:featuredmedia":[{"embeddable":true,"href":"https:\/\/shop.verlag.uni-potsdam.de\/en\/wp-json\/wp\/v2\/media\/53968"}],"wp:attachment":[{"href":"https:\/\/shop.verlag.uni-potsdam.de\/en\/wp-json\/wp\/v2\/media?parent=52087"}],"wp:term":[{"taxonomy":"product_brand","embeddable":true,"href":"https:\/\/shop.verlag.uni-potsdam.de\/en\/wp-json\/wp\/v2\/product_brand?post=52087"},{"taxonomy":"product_cat","embeddable":true,"href":"https:\/\/shop.verlag.uni-potsdam.de\/en\/wp-json\/wp\/v2\/product_cat?post=52087"},{"taxonomy":"product_tag","embeddable":true,"href":"https:\/\/shop.verlag.uni-potsdam.de\/en\/wp-json\/wp\/v2\/product_tag?post=52087"}],"curies":[{"name":"wp","href":"https:\/\/api.w.org\/{rel}","templated":true}]}}