{"id":52098,"date":"2026-03-23T08:53:40","date_gmt":"2026-03-23T08:53:40","guid":{"rendered":"http:\/\/shop.verlag.uni-potsdam.de\/produkt\/rogga-zwischen-kolchose-kapitalismus-und-kulturelle-autonomie\/"},"modified":"2026-03-23T11:54:40","modified_gmt":"2026-03-23T10:54:40","slug":"zwischen-kolchose-kapitalismus-und-kultureller-autonomie","status":"publish","type":"product","link":"https:\/\/shop.verlag.uni-potsdam.de\/en\/shop\/zwischen-kolchose-kapitalismus-und-kultureller-autonomie\/","title":{"rendered":"Zwischen Kolchose, Kapitalismus und kultureller Autonomie"},"content":{"rendered":"<p class=\"qtranxs-available-languages-message qtranxs-available-languages-message-en\">Sorry, this entry is only available in <a href=\"https:\/\/shop.verlag.uni-potsdam.de\/de\/wp-json\/wp\/v2\/product\/52098\" class=\"qtranxs-available-language-link qtranxs-available-language-link-de\" title=\"Deutsch\">Deutsch<\/a>.<\/p><p>Rund 20 Jahre nach dem Ende der Sowjetunion verharrt ein Gro\u00dfteil l\u00e4ndlich gepr\u00e4gter Regionen in der Russl\u00e4ndischen F\u00f6deration in einer strukturellen Krise, die sich auf \u00f6konomischer, sozialer und politischer Ebene niederschl\u00e4gt. Auch wenn sich l\u00e4ndliche R\u00e4ume als vermeintliche Verlierer der Transformation erwiesen haben, so sind sie doch vielfach in sich differenziert und zeigen verschiedenartige Problemlagen und Entwicklungspfade auf, die vom Umgang mit den Herausforderungen des Systemwechsels zeugen. Beispielhaft wird dies am Deutschen Nationalen Rayon Altai (DNR Altai) dargestellt, dessen Transformationsphase in der vorliegenden Arbeit rekonstruiert wird. Der DNR Altai stellt in vielerlei Hinsicht einen Sonderfall dar, da er als r\u00e4umlicher Fixpunkt russlanddeutscher Entwicklungspolitik in die bundesdeutsche F\u00f6rderkulisse eingebettet war. Mit dem allm\u00e4hlichen R\u00fcckzug der deutschen F\u00f6rderinstitutionen stellt sich jedoch die Frage nach nachhaltigen Strukturen, Verstetigung von Projekten und der Zukunft russlanddeutscher Kultur im Altai.<\/p>","protected":false},"excerpt":{"rendered":"<p class=\"qtranxs-available-languages-message qtranxs-available-languages-message-en\">Sorry, this entry is only available in <a href=\"https:\/\/shop.verlag.uni-potsdam.de\/de\/wp-json\/wp\/v2\/product\/52098\" class=\"qtranxs-available-language-link qtranxs-available-language-link-de\" title=\"Deutsch\">Deutsch<\/a>.<\/p>\n<p>Rund 20 Jahre nach dem Ende der Sowjetunion verharrt ein Gro\u00dfteil l\u00e4ndlich gepr\u00e4gter Regionen in der Russl\u00e4ndischen F\u00f6deration in einer strukturellen Krise, die sich auf \u00f6konomischer, sozialer und politischer Ebene niederschl\u00e4gt. Auch wenn sich l\u00e4ndliche R\u00e4ume als vermeintliche Verlierer der Transformation erwiesen haben, so sind sie doch vielfach in sich differenziert und zeigen verschiedenartige Problemlagen und Entwicklungspfade auf, die vom Umgang mit den Herausforderungen des Systemwechsels zeugen. Beispielhaft wird dies am Deutschen Nationalen Rayon Altai (DNR Altai) dargestellt, dessen Transformationsphase in der vorliegenden Arbeit rekonstruiert wird. Der DNR Altai stellt in vielerlei Hinsicht einen Sonderfall dar, da er als r\u00e4umlicher Fixpunkt russlanddeutscher Entwicklungspolitik in die bundesdeutsche F\u00f6rderkulisse eingebettet war. Mit dem allm\u00e4hlichen R\u00fcckzug der deutschen F\u00f6rderinstitutionen stellt sich jedoch die Frage nach nachhaltigen Strukturen, Verstetigung von Projekten und der Zukunft russlanddeutscher Kultur im Altai.<\/p>\n","protected":false},"featured_media":53940,"template":"","meta":{"_acf_changed":false},"product_brand":[],"product_cat":[6166],"product_tag":[5536],"class_list":{"0":"post-52098","1":"product","2":"type-product","3":"status-publish","4":"has-post-thumbnail","6":"product_cat-sozialwissenschaften-web-kategorie","7":"product_tag-entwicklungspolitik-russlanddeutsche-russlaendische-foederation-transformation-laendliche-entwicklung","8":"autor-sebastian-rogga","9":"edition-restexemplare","10":"reihe-praxis-kultur-und-sozialgeographie","12":"first","13":"instock","14":"shipping-taxable","15":"purchasable","16":"product-type-simple"},"acf":[],"yoast_head":"<!-- This site is optimized with the Yoast SEO plugin v27.1.1 - https:\/\/yoast.com\/product\/yoast-seo-wordpress\/ -->\n<title>Zwischen Kolchose, Kapitalismus und kultureller Autonomie - Universit\u00e4tsverlag Potsdam<\/title>\n<meta name=\"robots\" content=\"index, follow, max-snippet:-1, max-image-preview:large, max-video-preview:-1\" \/>\n<link rel=\"canonical\" href=\"https:\/\/shop.verlag.uni-potsdam.de\/en\/shop\/zwischen-kolchose-kapitalismus-und-kultureller-autonomie\/\" \/>\n<meta property=\"og:locale\" content=\"en_US\" \/>\n<meta property=\"og:type\" content=\"article\" \/>\n<meta property=\"og:title\" content=\"Zwischen Kolchose, Kapitalismus und kultureller Autonomie - Universit\u00e4tsverlag Potsdam\" \/>\n<meta property=\"og:description\" content=\"Rund 20 Jahre nach dem Ende der Sowjetunion verharrt ein Gro\u00dfteil l\u00e4ndlich gepr\u00e4gter Regionen in der Russl\u00e4ndischen F\u00f6deration in einer strukturellen Krise, die sich auf \u00f6konomischer, sozialer und politischer Ebene niederschl\u00e4gt. Auch wenn sich l\u00e4ndliche R\u00e4ume als vermeintliche Verlierer der Transformation erwiesen haben, so sind sie doch vielfach in sich differenziert und zeigen verschiedenartige Problemlagen und Entwicklungspfade auf, die vom Umgang mit den Herausforderungen des Systemwechsels zeugen. Beispielhaft wird dies am Deutschen Nationalen Rayon Altai (DNR Altai) dargestellt, dessen Transformationsphase in der vorliegenden Arbeit rekonstruiert wird. Der DNR Altai stellt in vielerlei Hinsicht einen Sonderfall dar, da er als r\u00e4umlicher Fixpunkt russlanddeutscher Entwicklungspolitik in die bundesdeutsche F\u00f6rderkulisse eingebettet war. Mit dem allm\u00e4hlichen R\u00fcckzug der deutschen F\u00f6rderinstitutionen stellt sich jedoch die Frage nach nachhaltigen Strukturen, Verstetigung von Projekten und der Zukunft russlanddeutscher Kultur im Altai.\" \/>\n<meta property=\"og:url\" content=\"https:\/\/shop.verlag.uni-potsdam.de\/en\/shop\/zwischen-kolchose-kapitalismus-und-kultureller-autonomie\/\" \/>\n<meta property=\"og:site_name\" content=\"Universit\u00e4tsverlag Potsdam\" \/>\n<meta property=\"article:modified_time\" content=\"2026-03-23T10:54:40+00:00\" \/>\n<meta property=\"og:image\" content=\"https:\/\/shop.verlag.uni-potsdam.de\/wp-content\/uploads\/asolmerce\/image-9783869561400.jpg\" \/>\n\t<meta property=\"og:image:width\" content=\"452\" \/>\n\t<meta property=\"og:image:height\" content=\"640\" \/>\n\t<meta property=\"og:image:type\" content=\"image\/jpeg\" \/>\n<meta name=\"twitter:card\" content=\"summary_large_image\" \/>\n<meta name=\"twitter:label1\" content=\"Est. reading time\" \/>\n\t<meta name=\"twitter:data1\" content=\"1 minute\" \/>\n<script type=\"application\/ld+json\" class=\"yoast-schema-graph\">{\"@context\":\"https:\/\/schema.org\",\"@graph\":[{\"@type\":\"WebPage\",\"@id\":\"https:\/\/shop.verlag.uni-potsdam.de\/en\/shop\/zwischen-kolchose-kapitalismus-und-kultureller-autonomie\/\",\"url\":\"https:\/\/shop.verlag.uni-potsdam.de\/en\/shop\/zwischen-kolchose-kapitalismus-und-kultureller-autonomie\/\",\"name\":\"Zwischen Kolchose, Kapitalismus und kultureller Autonomie - Universit\u00e4tsverlag Potsdam\",\"isPartOf\":{\"@id\":\"https:\/\/shop.verlag.uni-potsdam.de\/en\/#website\"},\"primaryImageOfPage\":{\"@id\":\"https:\/\/shop.verlag.uni-potsdam.de\/en\/shop\/zwischen-kolchose-kapitalismus-und-kultureller-autonomie\/#primaryimage\"},\"image\":{\"@id\":\"https:\/\/shop.verlag.uni-potsdam.de\/shop\/zwischen-kolchose-kapitalismus-und-kultureller-autonomie\/#primaryimage\"},\"thumbnailUrl\":\"https:\/\/shop.verlag.uni-potsdam.de\/wp-content\/uploads\/asolmerce\/image-9783869561400.jpg\",\"datePublished\":\"2026-03-23T08:53:40+00:00\",\"dateModified\":\"2026-03-23T10:54:40+00:00\",\"breadcrumb\":{\"@id\":\"https:\/\/shop.verlag.uni-potsdam.de\/en\/shop\/zwischen-kolchose-kapitalismus-und-kultureller-autonomie\/#breadcrumb\"},\"inLanguage\":\"en-US\",\"potentialAction\":[{\"@type\":\"ReadAction\",\"target\":[[\"https:\/\/shop.verlag.uni-potsdam.de\/en\/shop\/zwischen-kolchose-kapitalismus-und-kultureller-autonomie\/\"]]}]},{\"@type\":\"ImageObject\",\"inLanguage\":\"en-US\",\"@id\":\"https:\/\/shop.verlag.uni-potsdam.de\/en\/shop\/zwischen-kolchose-kapitalismus-und-kultureller-autonomie\/#primaryimage\",\"url\":\"https:\/\/shop.verlag.uni-potsdam.de\/wp-content\/uploads\/asolmerce\/image-9783869561400.jpg\",\"contentUrl\":\"https:\/\/shop.verlag.uni-potsdam.de\/wp-content\/uploads\/asolmerce\/image-9783869561400.jpg\",\"width\":452,\"height\":640},{\"@type\":\"BreadcrumbList\",\"@id\":\"https:\/\/shop.verlag.uni-potsdam.de\/en\/shop\/zwischen-kolchose-kapitalismus-und-kultureller-autonomie\/#breadcrumb\",\"itemListElement\":[{\"@type\":\"ListItem\",\"position\":1,\"name\":\"Startseite\",\"item\":\"https:\/\/shop.verlag.uni-potsdam.de\/en\/\"},{\"@type\":\"ListItem\",\"position\":2,\"name\":\"Shop\",\"item\":\"https:\/\/shop.verlag.uni-potsdam.de\/en\/shop\/\"},{\"@type\":\"ListItem\",\"position\":3,\"name\":\"Zwischen Kolchose, Kapitalismus und kultureller Autonomie\"}]},{\"@type\":\"WebSite\",\"@id\":\"https:\/\/shop.verlag.uni-potsdam.de\/en\/#website\",\"url\":\"https:\/\/shop.verlag.uni-potsdam.de\/en\/\",\"name\":\"Universit\u00e4tsverlag Potsdam\",\"description\":\"\",\"publisher\":{\"@id\":\"https:\/\/shop.verlag.uni-potsdam.de\/en\/#organization\"},\"potentialAction\":[{\"@type\":\"SearchAction\",\"target\":{\"@type\":\"EntryPoint\",\"urlTemplate\":\"https:\/\/shop.verlag.uni-potsdam.de\/en\/?s={search_term_string}\"},\"query-input\":{\"@type\":\"PropertyValueSpecification\",\"valueRequired\":true,\"valueName\":\"search_term_string\"}}],\"inLanguage\":\"en-US\"},{\"@type\":\"Organization\",\"@id\":\"https:\/\/shop.verlag.uni-potsdam.de\/en\/#organization\",\"name\":\"Universit\u00e4tsverlag Potsdam\",\"url\":\"https:\/\/shop.verlag.uni-potsdam.de\/en\/\",\"logo\":{\"@type\":\"ImageObject\",\"inLanguage\":\"en-US\",\"@id\":\"https:\/\/shop.verlag.uni-potsdam.de\/en\/#\/schema\/logo\/image\/\",\"url\":\"https:\/\/shop.verlag.uni-potsdam.de\/wp-content\/uploads\/2017\/04\/up_logo_university_2.png\",\"contentUrl\":\"https:\/\/shop.verlag.uni-potsdam.de\/wp-content\/uploads\/2017\/04\/up_logo_university_2.png\",\"width\":160,\"height\":172,\"caption\":\"Universit\u00e4tsverlag Potsdam\"},\"image\":{\"@id\":\"https:\/\/shop.verlag.uni-potsdam.de\/en\/#\/schema\/logo\/image\/\"}}]}<\/script>\n<!-- \/ Yoast SEO plugin. -->","yoast_head_json":{"title":"Zwischen Kolchose, Kapitalismus und kultureller Autonomie - Universit\u00e4tsverlag Potsdam","robots":{"index":"index","follow":"follow","max-snippet":"max-snippet:-1","max-image-preview":"max-image-preview:large","max-video-preview":"max-video-preview:-1"},"canonical":"https:\/\/shop.verlag.uni-potsdam.de\/en\/shop\/zwischen-kolchose-kapitalismus-und-kultureller-autonomie\/","og_locale":"en_US","og_type":"article","og_title":"Zwischen Kolchose, Kapitalismus und kultureller Autonomie - Universit\u00e4tsverlag Potsdam","og_description":"Rund 20 Jahre nach dem Ende der Sowjetunion verharrt ein Gro\u00dfteil l\u00e4ndlich gepr\u00e4gter Regionen in der Russl\u00e4ndischen F\u00f6deration in einer strukturellen Krise, die sich auf \u00f6konomischer, sozialer und politischer Ebene niederschl\u00e4gt. Auch wenn sich l\u00e4ndliche R\u00e4ume als vermeintliche Verlierer der Transformation erwiesen haben, so sind sie doch vielfach in sich differenziert und zeigen verschiedenartige Problemlagen und Entwicklungspfade auf, die vom Umgang mit den Herausforderungen des Systemwechsels zeugen. Beispielhaft wird dies am Deutschen Nationalen Rayon Altai (DNR Altai) dargestellt, dessen Transformationsphase in der vorliegenden Arbeit rekonstruiert wird. Der DNR Altai stellt in vielerlei Hinsicht einen Sonderfall dar, da er als r\u00e4umlicher Fixpunkt russlanddeutscher Entwicklungspolitik in die bundesdeutsche F\u00f6rderkulisse eingebettet war. Mit dem allm\u00e4hlichen R\u00fcckzug der deutschen F\u00f6rderinstitutionen stellt sich jedoch die Frage nach nachhaltigen Strukturen, Verstetigung von Projekten und der Zukunft russlanddeutscher Kultur im Altai.","og_url":"https:\/\/shop.verlag.uni-potsdam.de\/en\/shop\/zwischen-kolchose-kapitalismus-und-kultureller-autonomie\/","og_site_name":"Universit\u00e4tsverlag Potsdam","article_modified_time":"2026-03-23T10:54:40+00:00","og_image":[{"width":452,"height":640,"url":"https:\/\/shop.verlag.uni-potsdam.de\/wp-content\/uploads\/asolmerce\/image-9783869561400.jpg","type":"image\/jpeg"}],"twitter_card":"summary_large_image","twitter_misc":{"Est. reading time":"1 minute"},"schema":{"@context":"https:\/\/schema.org","@graph":[{"@type":"WebPage","@id":"https:\/\/shop.verlag.uni-potsdam.de\/en\/shop\/zwischen-kolchose-kapitalismus-und-kultureller-autonomie\/","url":"https:\/\/shop.verlag.uni-potsdam.de\/en\/shop\/zwischen-kolchose-kapitalismus-und-kultureller-autonomie\/","name":"Zwischen Kolchose, Kapitalismus und kultureller Autonomie - Universit\u00e4tsverlag Potsdam","isPartOf":{"@id":"https:\/\/shop.verlag.uni-potsdam.de\/en\/#website"},"primaryImageOfPage":{"@id":"https:\/\/shop.verlag.uni-potsdam.de\/en\/shop\/zwischen-kolchose-kapitalismus-und-kultureller-autonomie\/#primaryimage"},"image":{"@id":"https:\/\/shop.verlag.uni-potsdam.de\/shop\/zwischen-kolchose-kapitalismus-und-kultureller-autonomie\/#primaryimage"},"thumbnailUrl":"https:\/\/shop.verlag.uni-potsdam.de\/wp-content\/uploads\/asolmerce\/image-9783869561400.jpg","datePublished":"2026-03-23T08:53:40+00:00","dateModified":"2026-03-23T10:54:40+00:00","breadcrumb":{"@id":"https:\/\/shop.verlag.uni-potsdam.de\/en\/shop\/zwischen-kolchose-kapitalismus-und-kultureller-autonomie\/#breadcrumb"},"inLanguage":"en-US","potentialAction":[{"@type":"ReadAction","target":[["https:\/\/shop.verlag.uni-potsdam.de\/en\/shop\/zwischen-kolchose-kapitalismus-und-kultureller-autonomie\/"]]}]},{"@type":"ImageObject","inLanguage":"en-US","@id":"https:\/\/shop.verlag.uni-potsdam.de\/en\/shop\/zwischen-kolchose-kapitalismus-und-kultureller-autonomie\/#primaryimage","url":"https:\/\/shop.verlag.uni-potsdam.de\/wp-content\/uploads\/asolmerce\/image-9783869561400.jpg","contentUrl":"https:\/\/shop.verlag.uni-potsdam.de\/wp-content\/uploads\/asolmerce\/image-9783869561400.jpg","width":452,"height":640},{"@type":"BreadcrumbList","@id":"https:\/\/shop.verlag.uni-potsdam.de\/en\/shop\/zwischen-kolchose-kapitalismus-und-kultureller-autonomie\/#breadcrumb","itemListElement":[{"@type":"ListItem","position":1,"name":"Startseite","item":"https:\/\/shop.verlag.uni-potsdam.de\/en\/"},{"@type":"ListItem","position":2,"name":"Shop","item":"https:\/\/shop.verlag.uni-potsdam.de\/en\/shop\/"},{"@type":"ListItem","position":3,"name":"Zwischen Kolchose, Kapitalismus und kultureller Autonomie"}]},{"@type":"WebSite","@id":"https:\/\/shop.verlag.uni-potsdam.de\/en\/#website","url":"https:\/\/shop.verlag.uni-potsdam.de\/en\/","name":"Universit\u00e4tsverlag Potsdam","description":"","publisher":{"@id":"https:\/\/shop.verlag.uni-potsdam.de\/en\/#organization"},"potentialAction":[{"@type":"SearchAction","target":{"@type":"EntryPoint","urlTemplate":"https:\/\/shop.verlag.uni-potsdam.de\/en\/?s={search_term_string}"},"query-input":{"@type":"PropertyValueSpecification","valueRequired":true,"valueName":"search_term_string"}}],"inLanguage":"en-US"},{"@type":"Organization","@id":"https:\/\/shop.verlag.uni-potsdam.de\/en\/#organization","name":"Universit\u00e4tsverlag Potsdam","url":"https:\/\/shop.verlag.uni-potsdam.de\/en\/","logo":{"@type":"ImageObject","inLanguage":"en-US","@id":"https:\/\/shop.verlag.uni-potsdam.de\/en\/#\/schema\/logo\/image\/","url":"https:\/\/shop.verlag.uni-potsdam.de\/wp-content\/uploads\/2017\/04\/up_logo_university_2.png","contentUrl":"https:\/\/shop.verlag.uni-potsdam.de\/wp-content\/uploads\/2017\/04\/up_logo_university_2.png","width":160,"height":172,"caption":"Universit\u00e4tsverlag Potsdam"},"image":{"@id":"https:\/\/shop.verlag.uni-potsdam.de\/en\/#\/schema\/logo\/image\/"}}]}},"_links":{"self":[{"href":"https:\/\/shop.verlag.uni-potsdam.de\/en\/wp-json\/wp\/v2\/product\/52098","targetHints":{"allow":["GET"]}}],"collection":[{"href":"https:\/\/shop.verlag.uni-potsdam.de\/en\/wp-json\/wp\/v2\/product"}],"about":[{"href":"https:\/\/shop.verlag.uni-potsdam.de\/en\/wp-json\/wp\/v2\/types\/product"}],"wp:featuredmedia":[{"embeddable":true,"href":"https:\/\/shop.verlag.uni-potsdam.de\/en\/wp-json\/wp\/v2\/media\/53940"}],"wp:attachment":[{"href":"https:\/\/shop.verlag.uni-potsdam.de\/en\/wp-json\/wp\/v2\/media?parent=52098"}],"wp:term":[{"taxonomy":"product_brand","embeddable":true,"href":"https:\/\/shop.verlag.uni-potsdam.de\/en\/wp-json\/wp\/v2\/product_brand?post=52098"},{"taxonomy":"product_cat","embeddable":true,"href":"https:\/\/shop.verlag.uni-potsdam.de\/en\/wp-json\/wp\/v2\/product_cat?post=52098"},{"taxonomy":"product_tag","embeddable":true,"href":"https:\/\/shop.verlag.uni-potsdam.de\/en\/wp-json\/wp\/v2\/product_tag?post=52098"}],"curies":[{"name":"wp","href":"https:\/\/api.w.org\/{rel}","templated":true}]}}