{"id":52111,"date":"2026-03-23T08:53:35","date_gmt":"2026-03-23T08:53:35","guid":{"rendered":"http:\/\/shop.verlag.uni-potsdam.de\/produkt\/hummel-deutsche-kapitalbeteiligungsgesellschaften-im-umfeld-der-globalen-finanzkrise-20082009\/"},"modified":"2026-03-23T11:54:35","modified_gmt":"2026-03-23T10:54:35","slug":"deutsche-kapitalbeteiligungsgesellschaften-im-umfeld-der-globalen-finanzkrise-2008-2009","status":"publish","type":"product","link":"https:\/\/shop.verlag.uni-potsdam.de\/en\/shop\/deutsche-kapitalbeteiligungsgesellschaften-im-umfeld-der-globalen-finanzkrise-2008-2009\/","title":{"rendered":"Deutsche Kapitalbeteiligungsgesellschaften im Umfeld der globalen Finanzkrise 2008\/2009"},"content":{"rendered":"<p class=\"qtranxs-available-languages-message qtranxs-available-languages-message-en\">Sorry, this entry is only available in <a href=\"https:\/\/shop.verlag.uni-potsdam.de\/de\/wp-json\/wp\/v2\/product\/52111\" class=\"qtranxs-available-language-link qtranxs-available-language-link-de\" title=\"Deutsch\">Deutsch<\/a>.<\/p><p>Der vorliegende Beitrag kn\u00fcpft an die in Potsdam seit 2001 durchgef\u00fchrte Langzeitstudie an und untersucht die aktuelle Situation auf dem formellen Beteiligungsmarkt in Deutschland nach dem Ausbruch der Finanzkrise. Neben den allgemeinen Gegebenheiten des Marktes werden vor allem die Finanzierungsbedingungen sowie das Investitionsverhalten einzelner Beteiligungsgesellschaften analysiert. In den Jahren 2008 &#8211; 2009 zeigt sich einerseits eine weitestgehend unver\u00e4nderte Struktur der Refinanzierungsquellen. Privatpersonen und Banken sowie der \u00f6ffentliche Sektor nehmen weiterhin einen hohen Stellenwert ein. Andererseits werden deutliche Ver\u00e4nderungen der strukturellen Merkmale, wie auch im Investitionsverhalten einzelner Beteiligungsgesellschaften deutlich. Besonders auff\u00e4llig f\u00fcr die Branche sind das Rationalisierungsbestreben beim Einsatz von Investmentmanagern sowie die zunehmende Sp\u00e4tphasenspezialisierung. Aus dem festgestellten Konsolidierungs- und Reifeprozess erw\u00e4chst die Herausforderung und offene Frage, wie der Markt eine solche strukturelle Angebotsl\u00fccke im Fr\u00fchphasensegment begegnen will. Auch das Einwerben neuer Finanzmittel sowie die aktuellen Exit-Bedingungen werden in der vorliegenden Studie kritisch beleuchtet. Als ein reizvolles Instrument zur Reduzierung der aufgezeigten Problemfelder wird dabei die aktuell unterentwickelte Syndizierung von Beteiligungsinvestitionen angesehen. Die effizientere Ausgestaltung derartiger Finanzierungsstrukturen sollte dazu beitragen, dass das private Beteiligungskapital k\u00fcnftig st\u00e4rker bei der Transformation betrieblicher Forschung und Entwicklung zum Einsatz gelangt.<\/p>","protected":false},"excerpt":{"rendered":"<p class=\"qtranxs-available-languages-message qtranxs-available-languages-message-en\">Sorry, this entry is only available in <a href=\"https:\/\/shop.verlag.uni-potsdam.de\/de\/wp-json\/wp\/v2\/product\/52111\" class=\"qtranxs-available-language-link qtranxs-available-language-link-de\" title=\"Deutsch\">Deutsch<\/a>.<\/p>\n<p>Der vorliegende Beitrag kn\u00fcpft an die in Potsdam seit 2001 durchgef\u00fchrte Langzeitstudie an und untersucht die aktuelle Situation auf dem formellen Beteiligungsmarkt in Deutschland nach dem Ausbruch der Finanzkrise. Neben den allgemeinen Gegebenheiten des Marktes werden vor allem die Finanzierungsbedingungen sowie das Investitionsverhalten einzelner Beteiligungsgesellschaften analysiert. In den Jahren 2008 &#8211; 2009 zeigt sich einerseits eine weitestgehend unver\u00e4nderte Struktur der Refinanzierungsquellen. Privatpersonen und Banken sowie der \u00f6ffentliche Sektor nehmen weiterhin einen hohen Stellenwert ein. Andererseits werden deutliche Ver\u00e4nderungen der strukturellen Merkmale, wie auch im Investitionsverhalten einzelner Beteiligungsgesellschaften deutlich. Besonders auff\u00e4llig f\u00fcr die Branche sind das Rationalisierungsbestreben beim Einsatz von Investmentmanagern sowie die zunehmende Sp\u00e4tphasenspezialisierung. Aus dem festgestellten Konsolidierungs- und Reifeprozess erw\u00e4chst die Herausforderung und offene Frage, wie der Markt eine solche strukturelle Angebotsl\u00fccke im Fr\u00fchphasensegment begegnen will. Auch das Einwerben neuer Finanzmittel sowie die aktuellen Exit-Bedingungen werden in der vorliegenden Studie kritisch beleuchtet. Als ein reizvolles Instrument zur Reduzierung der aufgezeigten Problemfelder wird dabei die aktuell unterentwickelte Syndizierung von Beteiligungsinvestitionen angesehen. Die effizientere Ausgestaltung derartiger Finanzierungsstrukturen sollte dazu beitragen, dass das private Beteiligungskapital k\u00fcnftig st\u00e4rker bei der Transformation betrieblicher Forschung und Entwicklung zum Einsatz gelangt.<\/p>\n","protected":false},"featured_media":53923,"template":"","meta":{"_acf_changed":false},"product_brand":[],"product_cat":[6232],"product_tag":[5878],"class_list":{"0":"post-52111","1":"product","2":"type-product","3":"status-publish","4":"has-post-thumbnail","6":"product_cat-wirtschaft-web-kategorie","7":"product_tag-deutschland-finanzkrise-fundraising-investitionsverhalten-private-equity-venture-capital","8":"autor-detlev-hummel","9":"edition-restexemplare","11":"first","12":"instock","13":"shipping-taxable","14":"purchasable","15":"product-type-simple"},"acf":[],"yoast_head":"<!-- This site is optimized with the Yoast SEO plugin v27.1.1 - https:\/\/yoast.com\/product\/yoast-seo-wordpress\/ -->\n<title>Deutsche Kapitalbeteiligungsgesellschaften im Umfeld der globalen Finanzkrise 2008\/2009 - Universit\u00e4tsverlag Potsdam<\/title>\n<meta name=\"robots\" content=\"index, follow, max-snippet:-1, max-image-preview:large, max-video-preview:-1\" \/>\n<link rel=\"canonical\" href=\"https:\/\/shop.verlag.uni-potsdam.de\/en\/shop\/deutsche-kapitalbeteiligungsgesellschaften-im-umfeld-der-globalen-finanzkrise-2008-2009\/\" \/>\n<meta property=\"og:locale\" content=\"en_US\" \/>\n<meta property=\"og:type\" content=\"article\" \/>\n<meta property=\"og:title\" content=\"Deutsche Kapitalbeteiligungsgesellschaften im Umfeld der globalen Finanzkrise 2008\/2009 - Universit\u00e4tsverlag Potsdam\" \/>\n<meta property=\"og:description\" content=\"Der vorliegende Beitrag kn\u00fcpft an die in Potsdam seit 2001 durchgef\u00fchrte Langzeitstudie an und untersucht die aktuelle Situation auf dem formellen Beteiligungsmarkt in Deutschland nach dem Ausbruch der Finanzkrise. Neben den allgemeinen Gegebenheiten des Marktes werden vor allem die Finanzierungsbedingungen sowie das Investitionsverhalten einzelner Beteiligungsgesellschaften analysiert. In den Jahren 2008 - 2009 zeigt sich einerseits eine weitestgehend unver\u00e4nderte Struktur der Refinanzierungsquellen. Privatpersonen und Banken sowie der \u00f6ffentliche Sektor nehmen weiterhin einen hohen Stellenwert ein. Andererseits werden deutliche Ver\u00e4nderungen der strukturellen Merkmale, wie auch im Investitionsverhalten einzelner Beteiligungsgesellschaften deutlich. Besonders auff\u00e4llig f\u00fcr die Branche sind das Rationalisierungsbestreben beim Einsatz von Investmentmanagern sowie die zunehmende Sp\u00e4tphasenspezialisierung. Aus dem festgestellten Konsolidierungs- und Reifeprozess erw\u00e4chst die Herausforderung und offene Frage, wie der Markt eine solche strukturelle Angebotsl\u00fccke im Fr\u00fchphasensegment begegnen will. Auch das Einwerben neuer Finanzmittel sowie die aktuellen Exit-Bedingungen werden in der vorliegenden Studie kritisch beleuchtet. Als ein reizvolles Instrument zur Reduzierung der aufgezeigten Problemfelder wird dabei die aktuell unterentwickelte Syndizierung von Beteiligungsinvestitionen angesehen. Die effizientere Ausgestaltung derartiger Finanzierungsstrukturen sollte dazu beitragen, dass das private Beteiligungskapital k\u00fcnftig st\u00e4rker bei der Transformation betrieblicher Forschung und Entwicklung zum Einsatz gelangt.\" \/>\n<meta property=\"og:url\" content=\"https:\/\/shop.verlag.uni-potsdam.de\/en\/shop\/deutsche-kapitalbeteiligungsgesellschaften-im-umfeld-der-globalen-finanzkrise-2008-2009\/\" \/>\n<meta property=\"og:site_name\" content=\"Universit\u00e4tsverlag Potsdam\" \/>\n<meta property=\"article:modified_time\" content=\"2026-03-23T10:54:35+00:00\" \/>\n<meta property=\"og:image\" content=\"https:\/\/shop.verlag.uni-potsdam.de\/wp-content\/uploads\/asolmerce\/image-9783869561172.jpg\" \/>\n\t<meta property=\"og:image:width\" content=\"454\" \/>\n\t<meta property=\"og:image:height\" content=\"640\" \/>\n\t<meta property=\"og:image:type\" content=\"image\/jpeg\" \/>\n<meta name=\"twitter:card\" content=\"summary_large_image\" \/>\n<meta name=\"twitter:label1\" content=\"Est. reading time\" \/>\n\t<meta name=\"twitter:data1\" content=\"1 minute\" \/>\n<script type=\"application\/ld+json\" class=\"yoast-schema-graph\">{\"@context\":\"https:\/\/schema.org\",\"@graph\":[{\"@type\":\"WebPage\",\"@id\":\"https:\/\/shop.verlag.uni-potsdam.de\/en\/shop\/deutsche-kapitalbeteiligungsgesellschaften-im-umfeld-der-globalen-finanzkrise-2008-2009\/\",\"url\":\"https:\/\/shop.verlag.uni-potsdam.de\/en\/shop\/deutsche-kapitalbeteiligungsgesellschaften-im-umfeld-der-globalen-finanzkrise-2008-2009\/\",\"name\":\"Deutsche Kapitalbeteiligungsgesellschaften im Umfeld der globalen Finanzkrise 2008\/2009 - Universit\u00e4tsverlag Potsdam\",\"isPartOf\":{\"@id\":\"https:\/\/shop.verlag.uni-potsdam.de\/en\/#website\"},\"primaryImageOfPage\":{\"@id\":\"https:\/\/shop.verlag.uni-potsdam.de\/en\/shop\/deutsche-kapitalbeteiligungsgesellschaften-im-umfeld-der-globalen-finanzkrise-2008-2009\/#primaryimage\"},\"image\":{\"@id\":\"https:\/\/shop.verlag.uni-potsdam.de\/shop\/deutsche-kapitalbeteiligungsgesellschaften-im-umfeld-der-globalen-finanzkrise-2008-2009\/#primaryimage\"},\"thumbnailUrl\":\"https:\/\/shop.verlag.uni-potsdam.de\/wp-content\/uploads\/asolmerce\/image-9783869561172.jpg\",\"datePublished\":\"2026-03-23T08:53:35+00:00\",\"dateModified\":\"2026-03-23T10:54:35+00:00\",\"breadcrumb\":{\"@id\":\"https:\/\/shop.verlag.uni-potsdam.de\/en\/shop\/deutsche-kapitalbeteiligungsgesellschaften-im-umfeld-der-globalen-finanzkrise-2008-2009\/#breadcrumb\"},\"inLanguage\":\"en-US\",\"potentialAction\":[{\"@type\":\"ReadAction\",\"target\":[[\"https:\/\/shop.verlag.uni-potsdam.de\/en\/shop\/deutsche-kapitalbeteiligungsgesellschaften-im-umfeld-der-globalen-finanzkrise-2008-2009\/\"]]}]},{\"@type\":\"ImageObject\",\"inLanguage\":\"en-US\",\"@id\":\"https:\/\/shop.verlag.uni-potsdam.de\/en\/shop\/deutsche-kapitalbeteiligungsgesellschaften-im-umfeld-der-globalen-finanzkrise-2008-2009\/#primaryimage\",\"url\":\"https:\/\/shop.verlag.uni-potsdam.de\/wp-content\/uploads\/asolmerce\/image-9783869561172.jpg\",\"contentUrl\":\"https:\/\/shop.verlag.uni-potsdam.de\/wp-content\/uploads\/asolmerce\/image-9783869561172.jpg\",\"width\":454,\"height\":640},{\"@type\":\"BreadcrumbList\",\"@id\":\"https:\/\/shop.verlag.uni-potsdam.de\/en\/shop\/deutsche-kapitalbeteiligungsgesellschaften-im-umfeld-der-globalen-finanzkrise-2008-2009\/#breadcrumb\",\"itemListElement\":[{\"@type\":\"ListItem\",\"position\":1,\"name\":\"Startseite\",\"item\":\"https:\/\/shop.verlag.uni-potsdam.de\/en\/\"},{\"@type\":\"ListItem\",\"position\":2,\"name\":\"Shop\",\"item\":\"https:\/\/shop.verlag.uni-potsdam.de\/en\/shop\/\"},{\"@type\":\"ListItem\",\"position\":3,\"name\":\"Deutsche Kapitalbeteiligungsgesellschaften im Umfeld der globalen Finanzkrise 2008\/2009\"}]},{\"@type\":\"WebSite\",\"@id\":\"https:\/\/shop.verlag.uni-potsdam.de\/en\/#website\",\"url\":\"https:\/\/shop.verlag.uni-potsdam.de\/en\/\",\"name\":\"Universit\u00e4tsverlag Potsdam\",\"description\":\"\",\"publisher\":{\"@id\":\"https:\/\/shop.verlag.uni-potsdam.de\/en\/#organization\"},\"potentialAction\":[{\"@type\":\"SearchAction\",\"target\":{\"@type\":\"EntryPoint\",\"urlTemplate\":\"https:\/\/shop.verlag.uni-potsdam.de\/en\/?s={search_term_string}\"},\"query-input\":{\"@type\":\"PropertyValueSpecification\",\"valueRequired\":true,\"valueName\":\"search_term_string\"}}],\"inLanguage\":\"en-US\"},{\"@type\":\"Organization\",\"@id\":\"https:\/\/shop.verlag.uni-potsdam.de\/en\/#organization\",\"name\":\"Universit\u00e4tsverlag Potsdam\",\"url\":\"https:\/\/shop.verlag.uni-potsdam.de\/en\/\",\"logo\":{\"@type\":\"ImageObject\",\"inLanguage\":\"en-US\",\"@id\":\"https:\/\/shop.verlag.uni-potsdam.de\/en\/#\/schema\/logo\/image\/\",\"url\":\"https:\/\/shop.verlag.uni-potsdam.de\/wp-content\/uploads\/2017\/04\/up_logo_university_2.png\",\"contentUrl\":\"https:\/\/shop.verlag.uni-potsdam.de\/wp-content\/uploads\/2017\/04\/up_logo_university_2.png\",\"width\":160,\"height\":172,\"caption\":\"Universit\u00e4tsverlag Potsdam\"},\"image\":{\"@id\":\"https:\/\/shop.verlag.uni-potsdam.de\/en\/#\/schema\/logo\/image\/\"}}]}<\/script>\n<!-- \/ Yoast SEO plugin. -->","yoast_head_json":{"title":"Deutsche Kapitalbeteiligungsgesellschaften im Umfeld der globalen Finanzkrise 2008\/2009 - Universit\u00e4tsverlag Potsdam","robots":{"index":"index","follow":"follow","max-snippet":"max-snippet:-1","max-image-preview":"max-image-preview:large","max-video-preview":"max-video-preview:-1"},"canonical":"https:\/\/shop.verlag.uni-potsdam.de\/en\/shop\/deutsche-kapitalbeteiligungsgesellschaften-im-umfeld-der-globalen-finanzkrise-2008-2009\/","og_locale":"en_US","og_type":"article","og_title":"Deutsche Kapitalbeteiligungsgesellschaften im Umfeld der globalen Finanzkrise 2008\/2009 - Universit\u00e4tsverlag Potsdam","og_description":"Der vorliegende Beitrag kn\u00fcpft an die in Potsdam seit 2001 durchgef\u00fchrte Langzeitstudie an und untersucht die aktuelle Situation auf dem formellen Beteiligungsmarkt in Deutschland nach dem Ausbruch der Finanzkrise. Neben den allgemeinen Gegebenheiten des Marktes werden vor allem die Finanzierungsbedingungen sowie das Investitionsverhalten einzelner Beteiligungsgesellschaften analysiert. In den Jahren 2008 - 2009 zeigt sich einerseits eine weitestgehend unver\u00e4nderte Struktur der Refinanzierungsquellen. Privatpersonen und Banken sowie der \u00f6ffentliche Sektor nehmen weiterhin einen hohen Stellenwert ein. Andererseits werden deutliche Ver\u00e4nderungen der strukturellen Merkmale, wie auch im Investitionsverhalten einzelner Beteiligungsgesellschaften deutlich. Besonders auff\u00e4llig f\u00fcr die Branche sind das Rationalisierungsbestreben beim Einsatz von Investmentmanagern sowie die zunehmende Sp\u00e4tphasenspezialisierung. Aus dem festgestellten Konsolidierungs- und Reifeprozess erw\u00e4chst die Herausforderung und offene Frage, wie der Markt eine solche strukturelle Angebotsl\u00fccke im Fr\u00fchphasensegment begegnen will. Auch das Einwerben neuer Finanzmittel sowie die aktuellen Exit-Bedingungen werden in der vorliegenden Studie kritisch beleuchtet. Als ein reizvolles Instrument zur Reduzierung der aufgezeigten Problemfelder wird dabei die aktuell unterentwickelte Syndizierung von Beteiligungsinvestitionen angesehen. Die effizientere Ausgestaltung derartiger Finanzierungsstrukturen sollte dazu beitragen, dass das private Beteiligungskapital k\u00fcnftig st\u00e4rker bei der Transformation betrieblicher Forschung und Entwicklung zum Einsatz gelangt.","og_url":"https:\/\/shop.verlag.uni-potsdam.de\/en\/shop\/deutsche-kapitalbeteiligungsgesellschaften-im-umfeld-der-globalen-finanzkrise-2008-2009\/","og_site_name":"Universit\u00e4tsverlag Potsdam","article_modified_time":"2026-03-23T10:54:35+00:00","og_image":[{"width":454,"height":640,"url":"https:\/\/shop.verlag.uni-potsdam.de\/wp-content\/uploads\/asolmerce\/image-9783869561172.jpg","type":"image\/jpeg"}],"twitter_card":"summary_large_image","twitter_misc":{"Est. reading time":"1 minute"},"schema":{"@context":"https:\/\/schema.org","@graph":[{"@type":"WebPage","@id":"https:\/\/shop.verlag.uni-potsdam.de\/en\/shop\/deutsche-kapitalbeteiligungsgesellschaften-im-umfeld-der-globalen-finanzkrise-2008-2009\/","url":"https:\/\/shop.verlag.uni-potsdam.de\/en\/shop\/deutsche-kapitalbeteiligungsgesellschaften-im-umfeld-der-globalen-finanzkrise-2008-2009\/","name":"Deutsche Kapitalbeteiligungsgesellschaften im Umfeld der globalen Finanzkrise 2008\/2009 - Universit\u00e4tsverlag Potsdam","isPartOf":{"@id":"https:\/\/shop.verlag.uni-potsdam.de\/en\/#website"},"primaryImageOfPage":{"@id":"https:\/\/shop.verlag.uni-potsdam.de\/en\/shop\/deutsche-kapitalbeteiligungsgesellschaften-im-umfeld-der-globalen-finanzkrise-2008-2009\/#primaryimage"},"image":{"@id":"https:\/\/shop.verlag.uni-potsdam.de\/shop\/deutsche-kapitalbeteiligungsgesellschaften-im-umfeld-der-globalen-finanzkrise-2008-2009\/#primaryimage"},"thumbnailUrl":"https:\/\/shop.verlag.uni-potsdam.de\/wp-content\/uploads\/asolmerce\/image-9783869561172.jpg","datePublished":"2026-03-23T08:53:35+00:00","dateModified":"2026-03-23T10:54:35+00:00","breadcrumb":{"@id":"https:\/\/shop.verlag.uni-potsdam.de\/en\/shop\/deutsche-kapitalbeteiligungsgesellschaften-im-umfeld-der-globalen-finanzkrise-2008-2009\/#breadcrumb"},"inLanguage":"en-US","potentialAction":[{"@type":"ReadAction","target":[["https:\/\/shop.verlag.uni-potsdam.de\/en\/shop\/deutsche-kapitalbeteiligungsgesellschaften-im-umfeld-der-globalen-finanzkrise-2008-2009\/"]]}]},{"@type":"ImageObject","inLanguage":"en-US","@id":"https:\/\/shop.verlag.uni-potsdam.de\/en\/shop\/deutsche-kapitalbeteiligungsgesellschaften-im-umfeld-der-globalen-finanzkrise-2008-2009\/#primaryimage","url":"https:\/\/shop.verlag.uni-potsdam.de\/wp-content\/uploads\/asolmerce\/image-9783869561172.jpg","contentUrl":"https:\/\/shop.verlag.uni-potsdam.de\/wp-content\/uploads\/asolmerce\/image-9783869561172.jpg","width":454,"height":640},{"@type":"BreadcrumbList","@id":"https:\/\/shop.verlag.uni-potsdam.de\/en\/shop\/deutsche-kapitalbeteiligungsgesellschaften-im-umfeld-der-globalen-finanzkrise-2008-2009\/#breadcrumb","itemListElement":[{"@type":"ListItem","position":1,"name":"Startseite","item":"https:\/\/shop.verlag.uni-potsdam.de\/en\/"},{"@type":"ListItem","position":2,"name":"Shop","item":"https:\/\/shop.verlag.uni-potsdam.de\/en\/shop\/"},{"@type":"ListItem","position":3,"name":"Deutsche Kapitalbeteiligungsgesellschaften im Umfeld der globalen Finanzkrise 2008\/2009"}]},{"@type":"WebSite","@id":"https:\/\/shop.verlag.uni-potsdam.de\/en\/#website","url":"https:\/\/shop.verlag.uni-potsdam.de\/en\/","name":"Universit\u00e4tsverlag Potsdam","description":"","publisher":{"@id":"https:\/\/shop.verlag.uni-potsdam.de\/en\/#organization"},"potentialAction":[{"@type":"SearchAction","target":{"@type":"EntryPoint","urlTemplate":"https:\/\/shop.verlag.uni-potsdam.de\/en\/?s={search_term_string}"},"query-input":{"@type":"PropertyValueSpecification","valueRequired":true,"valueName":"search_term_string"}}],"inLanguage":"en-US"},{"@type":"Organization","@id":"https:\/\/shop.verlag.uni-potsdam.de\/en\/#organization","name":"Universit\u00e4tsverlag Potsdam","url":"https:\/\/shop.verlag.uni-potsdam.de\/en\/","logo":{"@type":"ImageObject","inLanguage":"en-US","@id":"https:\/\/shop.verlag.uni-potsdam.de\/en\/#\/schema\/logo\/image\/","url":"https:\/\/shop.verlag.uni-potsdam.de\/wp-content\/uploads\/2017\/04\/up_logo_university_2.png","contentUrl":"https:\/\/shop.verlag.uni-potsdam.de\/wp-content\/uploads\/2017\/04\/up_logo_university_2.png","width":160,"height":172,"caption":"Universit\u00e4tsverlag Potsdam"},"image":{"@id":"https:\/\/shop.verlag.uni-potsdam.de\/en\/#\/schema\/logo\/image\/"}}]}},"_links":{"self":[{"href":"https:\/\/shop.verlag.uni-potsdam.de\/en\/wp-json\/wp\/v2\/product\/52111","targetHints":{"allow":["GET"]}}],"collection":[{"href":"https:\/\/shop.verlag.uni-potsdam.de\/en\/wp-json\/wp\/v2\/product"}],"about":[{"href":"https:\/\/shop.verlag.uni-potsdam.de\/en\/wp-json\/wp\/v2\/types\/product"}],"wp:featuredmedia":[{"embeddable":true,"href":"https:\/\/shop.verlag.uni-potsdam.de\/en\/wp-json\/wp\/v2\/media\/53923"}],"wp:attachment":[{"href":"https:\/\/shop.verlag.uni-potsdam.de\/en\/wp-json\/wp\/v2\/media?parent=52111"}],"wp:term":[{"taxonomy":"product_brand","embeddable":true,"href":"https:\/\/shop.verlag.uni-potsdam.de\/en\/wp-json\/wp\/v2\/product_brand?post=52111"},{"taxonomy":"product_cat","embeddable":true,"href":"https:\/\/shop.verlag.uni-potsdam.de\/en\/wp-json\/wp\/v2\/product_cat?post=52111"},{"taxonomy":"product_tag","embeddable":true,"href":"https:\/\/shop.verlag.uni-potsdam.de\/en\/wp-json\/wp\/v2\/product_tag?post=52111"}],"curies":[{"name":"wp","href":"https:\/\/api.w.org\/{rel}","templated":true}]}}