{"id":52117,"date":"2026-03-23T08:53:35","date_gmt":"2026-03-23T08:53:35","guid":{"rendered":"http:\/\/shop.verlag.uni-potsdam.de\/produkt\/kristian-kaltschew-das-politische-system-kenias\/"},"modified":"2026-03-23T11:54:35","modified_gmt":"2026-03-23T10:54:35","slug":"das-politische-system-kenias","status":"publish","type":"product","link":"https:\/\/shop.verlag.uni-potsdam.de\/en\/shop\/das-politische-system-kenias\/","title":{"rendered":"Das politische System Kenias"},"content":{"rendered":"<p class=\"qtranxs-available-languages-message qtranxs-available-languages-message-en\">Sorry, this entry is only available in <a href=\"https:\/\/shop.verlag.uni-potsdam.de\/de\/wp-json\/wp\/v2\/product\/52117\" class=\"qtranxs-available-language-link qtranxs-available-language-link-de\" title=\"Deutsch\">Deutsch<\/a>.<\/p><p>Kenia erlangt Anfang der 1960er seine Unabh\u00e4ngigkeit und wird in der Folge von den Pr\u00e4sidenten Kenyatta und sp\u00e4ter Moi autorit\u00e4r regiert. Als Konsequenz des internationalen und nationalen Druckes werden 1991 wieder Mehrparteienwahlen zugelassen. Die Hoffnungen auf einen Trendwechsel werden zun\u00e4chst aber nicht erf\u00fcllt. Pr\u00e4sident Moi bleibt bei den Wahlen 1992 und 1997 siegreich und versucht jeden m\u00f6glichen Reformprozess aufzuhalten bzw. zu verlangsamen. Mit dem neu gew\u00e4hlten Pr\u00e4sidenten Kibaki entsteht 2002 die Hoffnung auf Ver\u00e4nderung. Aber als alter Wegbegleiter Mois erf\u00fcllt Kibaki nicht die internationalen und nationalen Erwartungen. Moi und Kibaki organisieren jeweils kontra-demokratische Eliten hinter sich und nutzen das m\u00e4chtige Pr\u00e4sidentenamt, die st\u00e4rkste Institution im politischen System Kenias, um den Status quo so lange wie m\u00f6glich zu erhalten. Die Parteien werden weder durch die Regierung noch durch die Opposition zu starken Institutionen transformiert und das unstete Verhalten der Geberl\u00e4nder vermag den Einfluss der autorit\u00e4ren F\u00fchrung nicht dauerhaft einzuschr\u00e4nken.<\/p>","protected":false},"excerpt":{"rendered":"<p class=\"qtranxs-available-languages-message qtranxs-available-languages-message-en\">Sorry, this entry is only available in <a href=\"https:\/\/shop.verlag.uni-potsdam.de\/de\/wp-json\/wp\/v2\/product\/52117\" class=\"qtranxs-available-language-link qtranxs-available-language-link-de\" title=\"Deutsch\">Deutsch<\/a>.<\/p>\n<p>Kenia erlangt Anfang der 1960er seine Unabh\u00e4ngigkeit und wird in der Folge von den Pr\u00e4sidenten Kenyatta und sp\u00e4ter Moi autorit\u00e4r regiert. Als Konsequenz des internationalen und nationalen Druckes werden 1991 wieder Mehrparteienwahlen zugelassen. Die Hoffnungen auf einen Trendwechsel werden zun\u00e4chst aber nicht erf\u00fcllt. Pr\u00e4sident Moi bleibt bei den Wahlen 1992 und 1997 siegreich und versucht jeden m\u00f6glichen Reformprozess aufzuhalten bzw. zu verlangsamen. Mit dem neu gew\u00e4hlten Pr\u00e4sidenten Kibaki entsteht 2002 die Hoffnung auf Ver\u00e4nderung. Aber als alter Wegbegleiter Mois erf\u00fcllt Kibaki nicht die internationalen und nationalen Erwartungen. Moi und Kibaki organisieren jeweils kontra-demokratische Eliten hinter sich und nutzen das m\u00e4chtige Pr\u00e4sidentenamt, die st\u00e4rkste Institution im politischen System Kenias, um den Status quo so lange wie m\u00f6glich zu erhalten. Die Parteien werden weder durch die Regierung noch durch die Opposition zu starken Institutionen transformiert und das unstete Verhalten der Geberl\u00e4nder vermag den Einfluss der autorit\u00e4ren F\u00fchrung nicht dauerhaft einzuschr\u00e4nken.<\/p>\n","protected":false},"featured_media":53913,"template":"","meta":{"_acf_changed":false},"product_brand":[],"product_cat":[6223],"product_tag":[5180],"class_list":{"0":"post-52117","1":"product","2":"type-product","3":"status-publish","4":"has-post-thumbnail","6":"product_cat-politikwissenschaft-web-kategorie","7":"product_tag-afrika-autokratie-demokratie-geschichte-kenia","8":"autor-kristian-kaltschew","10":"first","11":"instock","12":"shipping-taxable","13":"purchasable","14":"product-type-simple"},"acf":[],"yoast_head":"<!-- This site is optimized with the Yoast SEO plugin v27.1.1 - https:\/\/yoast.com\/product\/yoast-seo-wordpress\/ -->\n<title>Das politische System Kenias - Universit\u00e4tsverlag Potsdam<\/title>\n<meta name=\"robots\" content=\"index, follow, max-snippet:-1, max-image-preview:large, max-video-preview:-1\" \/>\n<link rel=\"canonical\" href=\"https:\/\/shop.verlag.uni-potsdam.de\/en\/shop\/das-politische-system-kenias\/\" \/>\n<meta property=\"og:locale\" content=\"en_US\" \/>\n<meta property=\"og:type\" content=\"article\" \/>\n<meta property=\"og:title\" content=\"Das politische System Kenias - Universit\u00e4tsverlag Potsdam\" \/>\n<meta property=\"og:description\" content=\"Kenia erlangt Anfang der 1960er seine Unabh\u00e4ngigkeit und wird in der Folge von den Pr\u00e4sidenten Kenyatta und sp\u00e4ter Moi autorit\u00e4r regiert. Als Konsequenz des internationalen und nationalen Druckes werden 1991 wieder Mehrparteienwahlen zugelassen. Die Hoffnungen auf einen Trendwechsel werden zun\u00e4chst aber nicht erf\u00fcllt. Pr\u00e4sident Moi bleibt bei den Wahlen 1992 und 1997 siegreich und versucht jeden m\u00f6glichen Reformprozess aufzuhalten bzw. zu verlangsamen. Mit dem neu gew\u00e4hlten Pr\u00e4sidenten Kibaki entsteht 2002 die Hoffnung auf Ver\u00e4nderung. Aber als alter Wegbegleiter Mois erf\u00fcllt Kibaki nicht die internationalen und nationalen Erwartungen. Moi und Kibaki organisieren jeweils kontra-demokratische Eliten hinter sich und nutzen das m\u00e4chtige Pr\u00e4sidentenamt, die st\u00e4rkste Institution im politischen System Kenias, um den Status quo so lange wie m\u00f6glich zu erhalten. Die Parteien werden weder durch die Regierung noch durch die Opposition zu starken Institutionen transformiert und das unstete Verhalten der Geberl\u00e4nder vermag den Einfluss der autorit\u00e4ren F\u00fchrung nicht dauerhaft einzuschr\u00e4nken.\" \/>\n<meta property=\"og:url\" content=\"https:\/\/shop.verlag.uni-potsdam.de\/en\/shop\/das-politische-system-kenias\/\" \/>\n<meta property=\"og:site_name\" content=\"Universit\u00e4tsverlag Potsdam\" \/>\n<meta property=\"article:modified_time\" content=\"2026-03-23T10:54:35+00:00\" \/>\n<meta property=\"og:image\" content=\"https:\/\/shop.verlag.uni-potsdam.de\/wp-content\/uploads\/asolmerce\/image-9783869560977.jpg\" \/>\n\t<meta property=\"og:image:width\" content=\"452\" \/>\n\t<meta property=\"og:image:height\" content=\"640\" \/>\n\t<meta property=\"og:image:type\" content=\"image\/jpeg\" \/>\n<meta name=\"twitter:card\" content=\"summary_large_image\" \/>\n<meta name=\"twitter:label1\" content=\"Est. reading time\" \/>\n\t<meta name=\"twitter:data1\" content=\"1 minute\" \/>\n<script type=\"application\/ld+json\" class=\"yoast-schema-graph\">{\"@context\":\"https:\/\/schema.org\",\"@graph\":[{\"@type\":\"WebPage\",\"@id\":\"https:\/\/shop.verlag.uni-potsdam.de\/en\/shop\/das-politische-system-kenias\/\",\"url\":\"https:\/\/shop.verlag.uni-potsdam.de\/en\/shop\/das-politische-system-kenias\/\",\"name\":\"Das politische System Kenias - Universit\u00e4tsverlag Potsdam\",\"isPartOf\":{\"@id\":\"https:\/\/shop.verlag.uni-potsdam.de\/en\/#website\"},\"primaryImageOfPage\":{\"@id\":\"https:\/\/shop.verlag.uni-potsdam.de\/en\/shop\/das-politische-system-kenias\/#primaryimage\"},\"image\":{\"@id\":\"https:\/\/shop.verlag.uni-potsdam.de\/shop\/das-politische-system-kenias\/#primaryimage\"},\"thumbnailUrl\":\"https:\/\/shop.verlag.uni-potsdam.de\/wp-content\/uploads\/asolmerce\/image-9783869560977.jpg\",\"datePublished\":\"2026-03-23T08:53:35+00:00\",\"dateModified\":\"2026-03-23T10:54:35+00:00\",\"breadcrumb\":{\"@id\":\"https:\/\/shop.verlag.uni-potsdam.de\/en\/shop\/das-politische-system-kenias\/#breadcrumb\"},\"inLanguage\":\"en-US\",\"potentialAction\":[{\"@type\":\"ReadAction\",\"target\":[[\"https:\/\/shop.verlag.uni-potsdam.de\/en\/shop\/das-politische-system-kenias\/\"]]}]},{\"@type\":\"ImageObject\",\"inLanguage\":\"en-US\",\"@id\":\"https:\/\/shop.verlag.uni-potsdam.de\/en\/shop\/das-politische-system-kenias\/#primaryimage\",\"url\":\"https:\/\/shop.verlag.uni-potsdam.de\/wp-content\/uploads\/asolmerce\/image-9783869560977.jpg\",\"contentUrl\":\"https:\/\/shop.verlag.uni-potsdam.de\/wp-content\/uploads\/asolmerce\/image-9783869560977.jpg\",\"width\":452,\"height\":640},{\"@type\":\"BreadcrumbList\",\"@id\":\"https:\/\/shop.verlag.uni-potsdam.de\/en\/shop\/das-politische-system-kenias\/#breadcrumb\",\"itemListElement\":[{\"@type\":\"ListItem\",\"position\":1,\"name\":\"Startseite\",\"item\":\"https:\/\/shop.verlag.uni-potsdam.de\/en\/\"},{\"@type\":\"ListItem\",\"position\":2,\"name\":\"Shop\",\"item\":\"https:\/\/shop.verlag.uni-potsdam.de\/en\/shop\/\"},{\"@type\":\"ListItem\",\"position\":3,\"name\":\"Das politische System Kenias\"}]},{\"@type\":\"WebSite\",\"@id\":\"https:\/\/shop.verlag.uni-potsdam.de\/en\/#website\",\"url\":\"https:\/\/shop.verlag.uni-potsdam.de\/en\/\",\"name\":\"Universit\u00e4tsverlag Potsdam\",\"description\":\"\",\"publisher\":{\"@id\":\"https:\/\/shop.verlag.uni-potsdam.de\/en\/#organization\"},\"potentialAction\":[{\"@type\":\"SearchAction\",\"target\":{\"@type\":\"EntryPoint\",\"urlTemplate\":\"https:\/\/shop.verlag.uni-potsdam.de\/en\/?s={search_term_string}\"},\"query-input\":{\"@type\":\"PropertyValueSpecification\",\"valueRequired\":true,\"valueName\":\"search_term_string\"}}],\"inLanguage\":\"en-US\"},{\"@type\":\"Organization\",\"@id\":\"https:\/\/shop.verlag.uni-potsdam.de\/en\/#organization\",\"name\":\"Universit\u00e4tsverlag Potsdam\",\"url\":\"https:\/\/shop.verlag.uni-potsdam.de\/en\/\",\"logo\":{\"@type\":\"ImageObject\",\"inLanguage\":\"en-US\",\"@id\":\"https:\/\/shop.verlag.uni-potsdam.de\/en\/#\/schema\/logo\/image\/\",\"url\":\"https:\/\/shop.verlag.uni-potsdam.de\/wp-content\/uploads\/2017\/04\/up_logo_university_2.png\",\"contentUrl\":\"https:\/\/shop.verlag.uni-potsdam.de\/wp-content\/uploads\/2017\/04\/up_logo_university_2.png\",\"width\":160,\"height\":172,\"caption\":\"Universit\u00e4tsverlag Potsdam\"},\"image\":{\"@id\":\"https:\/\/shop.verlag.uni-potsdam.de\/en\/#\/schema\/logo\/image\/\"}}]}<\/script>\n<!-- \/ Yoast SEO plugin. -->","yoast_head_json":{"title":"Das politische System Kenias - Universit\u00e4tsverlag Potsdam","robots":{"index":"index","follow":"follow","max-snippet":"max-snippet:-1","max-image-preview":"max-image-preview:large","max-video-preview":"max-video-preview:-1"},"canonical":"https:\/\/shop.verlag.uni-potsdam.de\/en\/shop\/das-politische-system-kenias\/","og_locale":"en_US","og_type":"article","og_title":"Das politische System Kenias - Universit\u00e4tsverlag Potsdam","og_description":"Kenia erlangt Anfang der 1960er seine Unabh\u00e4ngigkeit und wird in der Folge von den Pr\u00e4sidenten Kenyatta und sp\u00e4ter Moi autorit\u00e4r regiert. Als Konsequenz des internationalen und nationalen Druckes werden 1991 wieder Mehrparteienwahlen zugelassen. Die Hoffnungen auf einen Trendwechsel werden zun\u00e4chst aber nicht erf\u00fcllt. Pr\u00e4sident Moi bleibt bei den Wahlen 1992 und 1997 siegreich und versucht jeden m\u00f6glichen Reformprozess aufzuhalten bzw. zu verlangsamen. Mit dem neu gew\u00e4hlten Pr\u00e4sidenten Kibaki entsteht 2002 die Hoffnung auf Ver\u00e4nderung. Aber als alter Wegbegleiter Mois erf\u00fcllt Kibaki nicht die internationalen und nationalen Erwartungen. Moi und Kibaki organisieren jeweils kontra-demokratische Eliten hinter sich und nutzen das m\u00e4chtige Pr\u00e4sidentenamt, die st\u00e4rkste Institution im politischen System Kenias, um den Status quo so lange wie m\u00f6glich zu erhalten. Die Parteien werden weder durch die Regierung noch durch die Opposition zu starken Institutionen transformiert und das unstete Verhalten der Geberl\u00e4nder vermag den Einfluss der autorit\u00e4ren F\u00fchrung nicht dauerhaft einzuschr\u00e4nken.","og_url":"https:\/\/shop.verlag.uni-potsdam.de\/en\/shop\/das-politische-system-kenias\/","og_site_name":"Universit\u00e4tsverlag Potsdam","article_modified_time":"2026-03-23T10:54:35+00:00","og_image":[{"width":452,"height":640,"url":"https:\/\/shop.verlag.uni-potsdam.de\/wp-content\/uploads\/asolmerce\/image-9783869560977.jpg","type":"image\/jpeg"}],"twitter_card":"summary_large_image","twitter_misc":{"Est. reading time":"1 minute"},"schema":{"@context":"https:\/\/schema.org","@graph":[{"@type":"WebPage","@id":"https:\/\/shop.verlag.uni-potsdam.de\/en\/shop\/das-politische-system-kenias\/","url":"https:\/\/shop.verlag.uni-potsdam.de\/en\/shop\/das-politische-system-kenias\/","name":"Das politische System Kenias - Universit\u00e4tsverlag Potsdam","isPartOf":{"@id":"https:\/\/shop.verlag.uni-potsdam.de\/en\/#website"},"primaryImageOfPage":{"@id":"https:\/\/shop.verlag.uni-potsdam.de\/en\/shop\/das-politische-system-kenias\/#primaryimage"},"image":{"@id":"https:\/\/shop.verlag.uni-potsdam.de\/shop\/das-politische-system-kenias\/#primaryimage"},"thumbnailUrl":"https:\/\/shop.verlag.uni-potsdam.de\/wp-content\/uploads\/asolmerce\/image-9783869560977.jpg","datePublished":"2026-03-23T08:53:35+00:00","dateModified":"2026-03-23T10:54:35+00:00","breadcrumb":{"@id":"https:\/\/shop.verlag.uni-potsdam.de\/en\/shop\/das-politische-system-kenias\/#breadcrumb"},"inLanguage":"en-US","potentialAction":[{"@type":"ReadAction","target":[["https:\/\/shop.verlag.uni-potsdam.de\/en\/shop\/das-politische-system-kenias\/"]]}]},{"@type":"ImageObject","inLanguage":"en-US","@id":"https:\/\/shop.verlag.uni-potsdam.de\/en\/shop\/das-politische-system-kenias\/#primaryimage","url":"https:\/\/shop.verlag.uni-potsdam.de\/wp-content\/uploads\/asolmerce\/image-9783869560977.jpg","contentUrl":"https:\/\/shop.verlag.uni-potsdam.de\/wp-content\/uploads\/asolmerce\/image-9783869560977.jpg","width":452,"height":640},{"@type":"BreadcrumbList","@id":"https:\/\/shop.verlag.uni-potsdam.de\/en\/shop\/das-politische-system-kenias\/#breadcrumb","itemListElement":[{"@type":"ListItem","position":1,"name":"Startseite","item":"https:\/\/shop.verlag.uni-potsdam.de\/en\/"},{"@type":"ListItem","position":2,"name":"Shop","item":"https:\/\/shop.verlag.uni-potsdam.de\/en\/shop\/"},{"@type":"ListItem","position":3,"name":"Das politische System Kenias"}]},{"@type":"WebSite","@id":"https:\/\/shop.verlag.uni-potsdam.de\/en\/#website","url":"https:\/\/shop.verlag.uni-potsdam.de\/en\/","name":"Universit\u00e4tsverlag Potsdam","description":"","publisher":{"@id":"https:\/\/shop.verlag.uni-potsdam.de\/en\/#organization"},"potentialAction":[{"@type":"SearchAction","target":{"@type":"EntryPoint","urlTemplate":"https:\/\/shop.verlag.uni-potsdam.de\/en\/?s={search_term_string}"},"query-input":{"@type":"PropertyValueSpecification","valueRequired":true,"valueName":"search_term_string"}}],"inLanguage":"en-US"},{"@type":"Organization","@id":"https:\/\/shop.verlag.uni-potsdam.de\/en\/#organization","name":"Universit\u00e4tsverlag Potsdam","url":"https:\/\/shop.verlag.uni-potsdam.de\/en\/","logo":{"@type":"ImageObject","inLanguage":"en-US","@id":"https:\/\/shop.verlag.uni-potsdam.de\/en\/#\/schema\/logo\/image\/","url":"https:\/\/shop.verlag.uni-potsdam.de\/wp-content\/uploads\/2017\/04\/up_logo_university_2.png","contentUrl":"https:\/\/shop.verlag.uni-potsdam.de\/wp-content\/uploads\/2017\/04\/up_logo_university_2.png","width":160,"height":172,"caption":"Universit\u00e4tsverlag Potsdam"},"image":{"@id":"https:\/\/shop.verlag.uni-potsdam.de\/en\/#\/schema\/logo\/image\/"}}]}},"_links":{"self":[{"href":"https:\/\/shop.verlag.uni-potsdam.de\/en\/wp-json\/wp\/v2\/product\/52117","targetHints":{"allow":["GET"]}}],"collection":[{"href":"https:\/\/shop.verlag.uni-potsdam.de\/en\/wp-json\/wp\/v2\/product"}],"about":[{"href":"https:\/\/shop.verlag.uni-potsdam.de\/en\/wp-json\/wp\/v2\/types\/product"}],"wp:featuredmedia":[{"embeddable":true,"href":"https:\/\/shop.verlag.uni-potsdam.de\/en\/wp-json\/wp\/v2\/media\/53913"}],"wp:attachment":[{"href":"https:\/\/shop.verlag.uni-potsdam.de\/en\/wp-json\/wp\/v2\/media?parent=52117"}],"wp:term":[{"taxonomy":"product_brand","embeddable":true,"href":"https:\/\/shop.verlag.uni-potsdam.de\/en\/wp-json\/wp\/v2\/product_brand?post=52117"},{"taxonomy":"product_cat","embeddable":true,"href":"https:\/\/shop.verlag.uni-potsdam.de\/en\/wp-json\/wp\/v2\/product_cat?post=52117"},{"taxonomy":"product_tag","embeddable":true,"href":"https:\/\/shop.verlag.uni-potsdam.de\/en\/wp-json\/wp\/v2\/product_tag?post=52117"}],"curies":[{"name":"wp","href":"https:\/\/api.w.org\/{rel}","templated":true}]}}