{"id":52125,"date":"2026-03-23T08:53:35","date_gmt":"2026-03-23T08:53:35","guid":{"rendered":"http:\/\/shop.verlag.uni-potsdam.de\/produkt\/evaluation-kommunaler-sportprojekte-zur-sozialen-integration-von-heranwachsenden\/"},"modified":"2026-03-23T11:54:35","modified_gmt":"2026-03-23T10:54:35","slug":"evaluation-kommunaler-sportprojekte-zur-sozialen-integration-von-heranwachsenden","status":"publish","type":"product","link":"https:\/\/shop.verlag.uni-potsdam.de\/en\/shop\/evaluation-kommunaler-sportprojekte-zur-sozialen-integration-von-heranwachsenden\/","title":{"rendered":"Evaluation kommunaler Sportprojekte zur sozialen Integration von Heranwachsenden"},"content":{"rendered":"<p class=\"qtranxs-available-languages-message qtranxs-available-languages-message-en\">Sorry, this entry is only available in <a href=\"https:\/\/shop.verlag.uni-potsdam.de\/de\/wp-json\/wp\/v2\/product\/52125\" class=\"qtranxs-available-language-link qtranxs-available-language-link-de\" title=\"Deutsch\">Deutsch<\/a>.<\/p><p>Gegenstand der Studie ist die Evaluation eines kommunalen Sportprojekts. Die Forschungsarbeit entstand aus der wachsenden Erkenntnis heraus, dass es nicht mehr nur um die Entwicklung und Durchf\u00fchrung kommunaler oder sozialer Projekte geht, sondern zunehmend darauf ankommt, die Projektarbeit zu evaluieren, um ihren Einfluss auf die kommunale, soziale und personale Entwicklung zu pr\u00fcfen und in der Folge die Implementierung zu optimieren. Die unterschiedlichen Schritte in der Definition des theoretischen Rahmens, der Datenanalyse sowie der Erarbeitung der evaluativen Empfehlungen wurden unternommen mit dem Anspruch auf Modellcharakter, um f\u00fcr zuk\u00fcnftige Evaluationsvorhaben entsprechende Standards zu setzen. Die Grundidee des kommunalen Sportprojekts \u201eStra\u00dfenfu\u00dfball f\u00fcr Toleranz\u201c ist innovativ: M\u00e4dchen und Jungen erobern durch gemeinsames Fu\u00dfballspielen den \u00f6ffentlichen Raum. Sie spielen ohne Schiedsrichter und nach speziellen Regeln. Das Projekt richtet sich ausdr\u00fccklich an sozial benachteiligte Jugendliche und bezieht gleicherma\u00dfen Jungen wie M\u00e4dchen ein.<\/p>","protected":false},"excerpt":{"rendered":"<p class=\"qtranxs-available-languages-message qtranxs-available-languages-message-en\">Sorry, this entry is only available in <a href=\"https:\/\/shop.verlag.uni-potsdam.de\/de\/wp-json\/wp\/v2\/product\/52125\" class=\"qtranxs-available-language-link qtranxs-available-language-link-de\" title=\"Deutsch\">Deutsch<\/a>.<\/p>\n<p>Gegenstand der Studie ist die Evaluation eines kommunalen Sportprojekts. Die Forschungsarbeit entstand aus der wachsenden Erkenntnis heraus, dass es nicht mehr nur um die Entwicklung und Durchf\u00fchrung kommunaler oder sozialer Projekte geht, sondern zunehmend darauf ankommt, die Projektarbeit zu evaluieren, um ihren Einfluss auf die kommunale, soziale und personale Entwicklung zu pr\u00fcfen und in der Folge die Implementierung zu optimieren. Die unterschiedlichen Schritte in der Definition des theoretischen Rahmens, der Datenanalyse sowie der Erarbeitung der evaluativen Empfehlungen wurden unternommen mit dem Anspruch auf Modellcharakter, um f\u00fcr zuk\u00fcnftige Evaluationsvorhaben entsprechende Standards zu setzen. Die Grundidee des kommunalen Sportprojekts \u201eStra\u00dfenfu\u00dfball f\u00fcr Toleranz\u201c ist innovativ: M\u00e4dchen und Jungen erobern durch gemeinsames Fu\u00dfballspielen den \u00f6ffentlichen Raum. Sie spielen ohne Schiedsrichter und nach speziellen Regeln. Das Projekt richtet sich ausdr\u00fccklich an sozial benachteiligte Jugendliche und bezieht gleicherma\u00dfen Jungen wie M\u00e4dchen ein.<\/p>\n","protected":false},"featured_media":53902,"template":"","meta":{"_acf_changed":false},"product_brand":[],"product_cat":[6220],"product_tag":[6025],"class_list":{"0":"post-52125","1":"product","2":"type-product","3":"status-publish","4":"has-post-thumbnail","6":"product_cat-paedagogik-web-kategorie","7":"product_tag-evaluation-sozialisation-strassenfussball-soziale-integration","8":"autor-vladimir-c","10":"first","11":"instock","12":"shipping-taxable","13":"purchasable","14":"product-type-simple"},"acf":[],"yoast_head":"<!-- This site is optimized with the Yoast SEO plugin v27.1.1 - https:\/\/yoast.com\/product\/yoast-seo-wordpress\/ -->\n<title>Evaluation kommunaler Sportprojekte zur sozialen Integration von Heranwachsenden - Universit\u00e4tsverlag Potsdam<\/title>\n<meta name=\"robots\" content=\"index, follow, max-snippet:-1, max-image-preview:large, max-video-preview:-1\" \/>\n<link rel=\"canonical\" href=\"https:\/\/shop.verlag.uni-potsdam.de\/en\/shop\/evaluation-kommunaler-sportprojekte-zur-sozialen-integration-von-heranwachsenden\/\" \/>\n<meta property=\"og:locale\" content=\"en_US\" \/>\n<meta property=\"og:type\" content=\"article\" \/>\n<meta property=\"og:title\" content=\"Evaluation kommunaler Sportprojekte zur sozialen Integration von Heranwachsenden - Universit\u00e4tsverlag Potsdam\" \/>\n<meta property=\"og:description\" content=\"Gegenstand der Studie ist die Evaluation eines kommunalen Sportprojekts. Die Forschungsarbeit entstand aus der wachsenden Erkenntnis heraus, dass es nicht mehr nur um die Entwicklung und Durchf\u00fchrung kommunaler oder sozialer Projekte geht, sondern zunehmend darauf ankommt, die Projektarbeit zu evaluieren, um ihren Einfluss auf die kommunale, soziale und personale Entwicklung zu pr\u00fcfen und in der Folge die Implementierung zu optimieren. Die unterschiedlichen Schritte in der Definition des theoretischen Rahmens, der Datenanalyse sowie der Erarbeitung der evaluativen Empfehlungen wurden unternommen mit dem Anspruch auf Modellcharakter, um f\u00fcr zuk\u00fcnftige Evaluationsvorhaben entsprechende Standards zu setzen. Die Grundidee des kommunalen Sportprojekts \u201eStra\u00dfenfu\u00dfball f\u00fcr Toleranz\u201c ist innovativ: M\u00e4dchen und Jungen erobern durch gemeinsames Fu\u00dfballspielen den \u00f6ffentlichen Raum. Sie spielen ohne Schiedsrichter und nach speziellen Regeln. Das Projekt richtet sich ausdr\u00fccklich an sozial benachteiligte Jugendliche und bezieht gleicherma\u00dfen Jungen wie M\u00e4dchen ein.\" \/>\n<meta property=\"og:url\" content=\"https:\/\/shop.verlag.uni-potsdam.de\/en\/shop\/evaluation-kommunaler-sportprojekte-zur-sozialen-integration-von-heranwachsenden\/\" \/>\n<meta property=\"og:site_name\" content=\"Universit\u00e4tsverlag Potsdam\" \/>\n<meta property=\"article:modified_time\" content=\"2026-03-23T10:54:35+00:00\" \/>\n<meta property=\"og:image\" content=\"https:\/\/shop.verlag.uni-potsdam.de\/wp-content\/uploads\/asolmerce\/image-9783869560519.jpg\" \/>\n\t<meta property=\"og:image:width\" content=\"452\" \/>\n\t<meta property=\"og:image:height\" content=\"640\" \/>\n\t<meta property=\"og:image:type\" content=\"image\/jpeg\" \/>\n<meta name=\"twitter:card\" content=\"summary_large_image\" \/>\n<meta name=\"twitter:label1\" content=\"Est. reading time\" \/>\n\t<meta name=\"twitter:data1\" content=\"1 minute\" \/>\n<script type=\"application\/ld+json\" class=\"yoast-schema-graph\">{\"@context\":\"https:\/\/schema.org\",\"@graph\":[{\"@type\":\"WebPage\",\"@id\":\"https:\/\/shop.verlag.uni-potsdam.de\/en\/shop\/evaluation-kommunaler-sportprojekte-zur-sozialen-integration-von-heranwachsenden\/\",\"url\":\"https:\/\/shop.verlag.uni-potsdam.de\/en\/shop\/evaluation-kommunaler-sportprojekte-zur-sozialen-integration-von-heranwachsenden\/\",\"name\":\"Evaluation kommunaler Sportprojekte zur sozialen Integration von Heranwachsenden - Universit\u00e4tsverlag Potsdam\",\"isPartOf\":{\"@id\":\"https:\/\/shop.verlag.uni-potsdam.de\/en\/#website\"},\"primaryImageOfPage\":{\"@id\":\"https:\/\/shop.verlag.uni-potsdam.de\/en\/shop\/evaluation-kommunaler-sportprojekte-zur-sozialen-integration-von-heranwachsenden\/#primaryimage\"},\"image\":{\"@id\":\"https:\/\/shop.verlag.uni-potsdam.de\/shop\/evaluation-kommunaler-sportprojekte-zur-sozialen-integration-von-heranwachsenden\/#primaryimage\"},\"thumbnailUrl\":\"https:\/\/shop.verlag.uni-potsdam.de\/wp-content\/uploads\/asolmerce\/image-9783869560519.jpg\",\"datePublished\":\"2026-03-23T08:53:35+00:00\",\"dateModified\":\"2026-03-23T10:54:35+00:00\",\"breadcrumb\":{\"@id\":\"https:\/\/shop.verlag.uni-potsdam.de\/en\/shop\/evaluation-kommunaler-sportprojekte-zur-sozialen-integration-von-heranwachsenden\/#breadcrumb\"},\"inLanguage\":\"en-US\",\"potentialAction\":[{\"@type\":\"ReadAction\",\"target\":[[\"https:\/\/shop.verlag.uni-potsdam.de\/en\/shop\/evaluation-kommunaler-sportprojekte-zur-sozialen-integration-von-heranwachsenden\/\"]]}]},{\"@type\":\"ImageObject\",\"inLanguage\":\"en-US\",\"@id\":\"https:\/\/shop.verlag.uni-potsdam.de\/en\/shop\/evaluation-kommunaler-sportprojekte-zur-sozialen-integration-von-heranwachsenden\/#primaryimage\",\"url\":\"https:\/\/shop.verlag.uni-potsdam.de\/wp-content\/uploads\/asolmerce\/image-9783869560519.jpg\",\"contentUrl\":\"https:\/\/shop.verlag.uni-potsdam.de\/wp-content\/uploads\/asolmerce\/image-9783869560519.jpg\",\"width\":452,\"height\":640},{\"@type\":\"BreadcrumbList\",\"@id\":\"https:\/\/shop.verlag.uni-potsdam.de\/en\/shop\/evaluation-kommunaler-sportprojekte-zur-sozialen-integration-von-heranwachsenden\/#breadcrumb\",\"itemListElement\":[{\"@type\":\"ListItem\",\"position\":1,\"name\":\"Startseite\",\"item\":\"https:\/\/shop.verlag.uni-potsdam.de\/en\/\"},{\"@type\":\"ListItem\",\"position\":2,\"name\":\"Shop\",\"item\":\"https:\/\/shop.verlag.uni-potsdam.de\/en\/shop\/\"},{\"@type\":\"ListItem\",\"position\":3,\"name\":\"Evaluation kommunaler Sportprojekte zur sozialen Integration von Heranwachsenden\"}]},{\"@type\":\"WebSite\",\"@id\":\"https:\/\/shop.verlag.uni-potsdam.de\/en\/#website\",\"url\":\"https:\/\/shop.verlag.uni-potsdam.de\/en\/\",\"name\":\"Universit\u00e4tsverlag Potsdam\",\"description\":\"\",\"publisher\":{\"@id\":\"https:\/\/shop.verlag.uni-potsdam.de\/en\/#organization\"},\"potentialAction\":[{\"@type\":\"SearchAction\",\"target\":{\"@type\":\"EntryPoint\",\"urlTemplate\":\"https:\/\/shop.verlag.uni-potsdam.de\/en\/?s={search_term_string}\"},\"query-input\":{\"@type\":\"PropertyValueSpecification\",\"valueRequired\":true,\"valueName\":\"search_term_string\"}}],\"inLanguage\":\"en-US\"},{\"@type\":\"Organization\",\"@id\":\"https:\/\/shop.verlag.uni-potsdam.de\/en\/#organization\",\"name\":\"Universit\u00e4tsverlag Potsdam\",\"url\":\"https:\/\/shop.verlag.uni-potsdam.de\/en\/\",\"logo\":{\"@type\":\"ImageObject\",\"inLanguage\":\"en-US\",\"@id\":\"https:\/\/shop.verlag.uni-potsdam.de\/en\/#\/schema\/logo\/image\/\",\"url\":\"https:\/\/shop.verlag.uni-potsdam.de\/wp-content\/uploads\/2017\/04\/up_logo_university_2.png\",\"contentUrl\":\"https:\/\/shop.verlag.uni-potsdam.de\/wp-content\/uploads\/2017\/04\/up_logo_university_2.png\",\"width\":160,\"height\":172,\"caption\":\"Universit\u00e4tsverlag Potsdam\"},\"image\":{\"@id\":\"https:\/\/shop.verlag.uni-potsdam.de\/en\/#\/schema\/logo\/image\/\"}}]}<\/script>\n<!-- \/ Yoast SEO plugin. -->","yoast_head_json":{"title":"Evaluation kommunaler Sportprojekte zur sozialen Integration von Heranwachsenden - Universit\u00e4tsverlag Potsdam","robots":{"index":"index","follow":"follow","max-snippet":"max-snippet:-1","max-image-preview":"max-image-preview:large","max-video-preview":"max-video-preview:-1"},"canonical":"https:\/\/shop.verlag.uni-potsdam.de\/en\/shop\/evaluation-kommunaler-sportprojekte-zur-sozialen-integration-von-heranwachsenden\/","og_locale":"en_US","og_type":"article","og_title":"Evaluation kommunaler Sportprojekte zur sozialen Integration von Heranwachsenden - Universit\u00e4tsverlag Potsdam","og_description":"Gegenstand der Studie ist die Evaluation eines kommunalen Sportprojekts. Die Forschungsarbeit entstand aus der wachsenden Erkenntnis heraus, dass es nicht mehr nur um die Entwicklung und Durchf\u00fchrung kommunaler oder sozialer Projekte geht, sondern zunehmend darauf ankommt, die Projektarbeit zu evaluieren, um ihren Einfluss auf die kommunale, soziale und personale Entwicklung zu pr\u00fcfen und in der Folge die Implementierung zu optimieren. Die unterschiedlichen Schritte in der Definition des theoretischen Rahmens, der Datenanalyse sowie der Erarbeitung der evaluativen Empfehlungen wurden unternommen mit dem Anspruch auf Modellcharakter, um f\u00fcr zuk\u00fcnftige Evaluationsvorhaben entsprechende Standards zu setzen. Die Grundidee des kommunalen Sportprojekts \u201eStra\u00dfenfu\u00dfball f\u00fcr Toleranz\u201c ist innovativ: M\u00e4dchen und Jungen erobern durch gemeinsames Fu\u00dfballspielen den \u00f6ffentlichen Raum. Sie spielen ohne Schiedsrichter und nach speziellen Regeln. Das Projekt richtet sich ausdr\u00fccklich an sozial benachteiligte Jugendliche und bezieht gleicherma\u00dfen Jungen wie M\u00e4dchen ein.","og_url":"https:\/\/shop.verlag.uni-potsdam.de\/en\/shop\/evaluation-kommunaler-sportprojekte-zur-sozialen-integration-von-heranwachsenden\/","og_site_name":"Universit\u00e4tsverlag Potsdam","article_modified_time":"2026-03-23T10:54:35+00:00","og_image":[{"width":452,"height":640,"url":"https:\/\/shop.verlag.uni-potsdam.de\/wp-content\/uploads\/asolmerce\/image-9783869560519.jpg","type":"image\/jpeg"}],"twitter_card":"summary_large_image","twitter_misc":{"Est. reading time":"1 minute"},"schema":{"@context":"https:\/\/schema.org","@graph":[{"@type":"WebPage","@id":"https:\/\/shop.verlag.uni-potsdam.de\/en\/shop\/evaluation-kommunaler-sportprojekte-zur-sozialen-integration-von-heranwachsenden\/","url":"https:\/\/shop.verlag.uni-potsdam.de\/en\/shop\/evaluation-kommunaler-sportprojekte-zur-sozialen-integration-von-heranwachsenden\/","name":"Evaluation kommunaler Sportprojekte zur sozialen Integration von Heranwachsenden - Universit\u00e4tsverlag Potsdam","isPartOf":{"@id":"https:\/\/shop.verlag.uni-potsdam.de\/en\/#website"},"primaryImageOfPage":{"@id":"https:\/\/shop.verlag.uni-potsdam.de\/en\/shop\/evaluation-kommunaler-sportprojekte-zur-sozialen-integration-von-heranwachsenden\/#primaryimage"},"image":{"@id":"https:\/\/shop.verlag.uni-potsdam.de\/shop\/evaluation-kommunaler-sportprojekte-zur-sozialen-integration-von-heranwachsenden\/#primaryimage"},"thumbnailUrl":"https:\/\/shop.verlag.uni-potsdam.de\/wp-content\/uploads\/asolmerce\/image-9783869560519.jpg","datePublished":"2026-03-23T08:53:35+00:00","dateModified":"2026-03-23T10:54:35+00:00","breadcrumb":{"@id":"https:\/\/shop.verlag.uni-potsdam.de\/en\/shop\/evaluation-kommunaler-sportprojekte-zur-sozialen-integration-von-heranwachsenden\/#breadcrumb"},"inLanguage":"en-US","potentialAction":[{"@type":"ReadAction","target":[["https:\/\/shop.verlag.uni-potsdam.de\/en\/shop\/evaluation-kommunaler-sportprojekte-zur-sozialen-integration-von-heranwachsenden\/"]]}]},{"@type":"ImageObject","inLanguage":"en-US","@id":"https:\/\/shop.verlag.uni-potsdam.de\/en\/shop\/evaluation-kommunaler-sportprojekte-zur-sozialen-integration-von-heranwachsenden\/#primaryimage","url":"https:\/\/shop.verlag.uni-potsdam.de\/wp-content\/uploads\/asolmerce\/image-9783869560519.jpg","contentUrl":"https:\/\/shop.verlag.uni-potsdam.de\/wp-content\/uploads\/asolmerce\/image-9783869560519.jpg","width":452,"height":640},{"@type":"BreadcrumbList","@id":"https:\/\/shop.verlag.uni-potsdam.de\/en\/shop\/evaluation-kommunaler-sportprojekte-zur-sozialen-integration-von-heranwachsenden\/#breadcrumb","itemListElement":[{"@type":"ListItem","position":1,"name":"Startseite","item":"https:\/\/shop.verlag.uni-potsdam.de\/en\/"},{"@type":"ListItem","position":2,"name":"Shop","item":"https:\/\/shop.verlag.uni-potsdam.de\/en\/shop\/"},{"@type":"ListItem","position":3,"name":"Evaluation kommunaler Sportprojekte zur sozialen Integration von Heranwachsenden"}]},{"@type":"WebSite","@id":"https:\/\/shop.verlag.uni-potsdam.de\/en\/#website","url":"https:\/\/shop.verlag.uni-potsdam.de\/en\/","name":"Universit\u00e4tsverlag Potsdam","description":"","publisher":{"@id":"https:\/\/shop.verlag.uni-potsdam.de\/en\/#organization"},"potentialAction":[{"@type":"SearchAction","target":{"@type":"EntryPoint","urlTemplate":"https:\/\/shop.verlag.uni-potsdam.de\/en\/?s={search_term_string}"},"query-input":{"@type":"PropertyValueSpecification","valueRequired":true,"valueName":"search_term_string"}}],"inLanguage":"en-US"},{"@type":"Organization","@id":"https:\/\/shop.verlag.uni-potsdam.de\/en\/#organization","name":"Universit\u00e4tsverlag Potsdam","url":"https:\/\/shop.verlag.uni-potsdam.de\/en\/","logo":{"@type":"ImageObject","inLanguage":"en-US","@id":"https:\/\/shop.verlag.uni-potsdam.de\/en\/#\/schema\/logo\/image\/","url":"https:\/\/shop.verlag.uni-potsdam.de\/wp-content\/uploads\/2017\/04\/up_logo_university_2.png","contentUrl":"https:\/\/shop.verlag.uni-potsdam.de\/wp-content\/uploads\/2017\/04\/up_logo_university_2.png","width":160,"height":172,"caption":"Universit\u00e4tsverlag Potsdam"},"image":{"@id":"https:\/\/shop.verlag.uni-potsdam.de\/en\/#\/schema\/logo\/image\/"}}]}},"_links":{"self":[{"href":"https:\/\/shop.verlag.uni-potsdam.de\/en\/wp-json\/wp\/v2\/product\/52125","targetHints":{"allow":["GET"]}}],"collection":[{"href":"https:\/\/shop.verlag.uni-potsdam.de\/en\/wp-json\/wp\/v2\/product"}],"about":[{"href":"https:\/\/shop.verlag.uni-potsdam.de\/en\/wp-json\/wp\/v2\/types\/product"}],"wp:featuredmedia":[{"embeddable":true,"href":"https:\/\/shop.verlag.uni-potsdam.de\/en\/wp-json\/wp\/v2\/media\/53902"}],"wp:attachment":[{"href":"https:\/\/shop.verlag.uni-potsdam.de\/en\/wp-json\/wp\/v2\/media?parent=52125"}],"wp:term":[{"taxonomy":"product_brand","embeddable":true,"href":"https:\/\/shop.verlag.uni-potsdam.de\/en\/wp-json\/wp\/v2\/product_brand?post=52125"},{"taxonomy":"product_cat","embeddable":true,"href":"https:\/\/shop.verlag.uni-potsdam.de\/en\/wp-json\/wp\/v2\/product_cat?post=52125"},{"taxonomy":"product_tag","embeddable":true,"href":"https:\/\/shop.verlag.uni-potsdam.de\/en\/wp-json\/wp\/v2\/product_tag?post=52125"}],"curies":[{"name":"wp","href":"https:\/\/api.w.org\/{rel}","templated":true}]}}