{"id":52145,"date":"2026-03-23T08:53:30","date_gmt":"2026-03-23T08:53:30","guid":{"rendered":"http:\/\/shop.verlag.uni-potsdam.de\/produkt\/chinalski-regional-governance-in-der-oder-partnerschaft\/"},"modified":"2026-03-23T11:54:30","modified_gmt":"2026-03-23T10:54:30","slug":"regional-governance-in-der-oder-partnerschaft","status":"publish","type":"product","link":"https:\/\/shop.verlag.uni-potsdam.de\/en\/shop\/regional-governance-in-der-oder-partnerschaft\/","title":{"rendered":"Regional Governance in der Oder-Partnerschaft"},"content":{"rendered":"<p class=\"qtranxs-available-languages-message qtranxs-available-languages-message-en\">Sorry, this entry is only available in <a href=\"https:\/\/shop.verlag.uni-potsdam.de\/de\/wp-json\/wp\/v2\/product\/52145\" class=\"qtranxs-available-language-link qtranxs-available-language-link-de\" title=\"Deutsch\">Deutsch<\/a>.<\/p><p>In der vorliegenden Arbeit analysiert Maciej Chinalski den Regional Governance Ansatz und seine praktische Umsetzung in den Europ\u00e4ischen Grenzregionen zwischen Deutschland und Polen (Oder-Partnerschaft) sowie im Vierl\u00e4ndereck von \u00d6sterreich, Ungarn, Tschechien und Slowakei (Centrope-Region). Regional Governance gilt als eine Kooperationsform unterschiedlicher regionaler Akteure, die nach neuen Synergien suchen, um ihre Zusammenarbeit voranzutreiben. Eine Region wird dabei als Raum verst\u00e4rkter Interaktionen zwischen Staat, Zivilgesellschaft und Wirtschaft verstanden.<\/p>","protected":false},"excerpt":{"rendered":"<p class=\"qtranxs-available-languages-message qtranxs-available-languages-message-en\">Sorry, this entry is only available in <a href=\"https:\/\/shop.verlag.uni-potsdam.de\/de\/wp-json\/wp\/v2\/product\/52145\" class=\"qtranxs-available-language-link qtranxs-available-language-link-de\" title=\"Deutsch\">Deutsch<\/a>.<\/p>\n<p>In der vorliegenden Arbeit analysiert Maciej Chinalski den Regional Governance Ansatz und seine praktische Umsetzung in den Europ\u00e4ischen Grenzregionen zwischen Deutschland und Polen (Oder-Partnerschaft) sowie im Vierl\u00e4ndereck von \u00d6sterreich, Ungarn, Tschechien und Slowakei (Centrope-Region). Regional Governance gilt als eine Kooperationsform unterschiedlicher regionaler Akteure, die nach neuen Synergien suchen, um ihre Zusammenarbeit voranzutreiben. Eine Region wird dabei als Raum verst\u00e4rkter Interaktionen zwischen Staat, Zivilgesellschaft und Wirtschaft verstanden.<\/p>\n","protected":false},"featured_media":53866,"template":"","meta":{"_acf_changed":false},"product_brand":[],"product_cat":[6223],"product_tag":[5176],"class_list":{"0":"post-52145","1":"product","2":"type-product","3":"status-publish","4":"has-post-thumbnail","6":"product_cat-politikwissenschaft-web-kategorie","7":"product_tag-centrope-region-deutsch-polnische-beziehungen-deutschland-europaeische-union-polen-regionalpolitik","8":"autor-maciej-chinalski","10":"first","11":"instock","12":"shipping-taxable","13":"purchasable","14":"product-type-simple"},"acf":[],"yoast_head":"<!-- This site is optimized with the Yoast SEO plugin v27.1.1 - https:\/\/yoast.com\/product\/yoast-seo-wordpress\/ -->\n<title>Regional Governance in der Oder-Partnerschaft - Universit\u00e4tsverlag Potsdam<\/title>\n<meta name=\"robots\" content=\"index, follow, max-snippet:-1, max-image-preview:large, max-video-preview:-1\" \/>\n<link rel=\"canonical\" href=\"https:\/\/shop.verlag.uni-potsdam.de\/en\/shop\/regional-governance-in-der-oder-partnerschaft\/\" \/>\n<meta property=\"og:locale\" content=\"en_US\" \/>\n<meta property=\"og:type\" content=\"article\" \/>\n<meta property=\"og:title\" content=\"Regional Governance in der Oder-Partnerschaft - Universit\u00e4tsverlag Potsdam\" \/>\n<meta property=\"og:description\" content=\"In der vorliegenden Arbeit analysiert Maciej Chinalski den Regional Governance Ansatz und seine praktische Umsetzung in den Europ\u00e4ischen Grenzregionen zwischen Deutschland und Polen (Oder-Partnerschaft) sowie im Vierl\u00e4ndereck von \u00d6sterreich, Ungarn, Tschechien und Slowakei (Centrope-Region). Regional Governance gilt als eine Kooperationsform unterschiedlicher regionaler Akteure, die nach neuen Synergien suchen, um ihre Zusammenarbeit voranzutreiben. Eine Region wird dabei als Raum verst\u00e4rkter Interaktionen zwischen Staat, Zivilgesellschaft und Wirtschaft verstanden.\" \/>\n<meta property=\"og:url\" content=\"https:\/\/shop.verlag.uni-potsdam.de\/en\/shop\/regional-governance-in-der-oder-partnerschaft\/\" \/>\n<meta property=\"og:site_name\" content=\"Universit\u00e4tsverlag Potsdam\" \/>\n<meta property=\"article:modified_time\" content=\"2026-03-23T10:54:30+00:00\" \/>\n<meta property=\"og:image\" content=\"https:\/\/shop.verlag.uni-potsdam.de\/wp-content\/uploads\/asolmerce\/image-9783869560304.jpg\" \/>\n\t<meta property=\"og:image:width\" content=\"455\" \/>\n\t<meta property=\"og:image:height\" content=\"640\" \/>\n\t<meta property=\"og:image:type\" content=\"image\/jpeg\" \/>\n<meta name=\"twitter:card\" content=\"summary_large_image\" \/>\n<script type=\"application\/ld+json\" class=\"yoast-schema-graph\">{\"@context\":\"https:\/\/schema.org\",\"@graph\":[{\"@type\":\"WebPage\",\"@id\":\"https:\/\/shop.verlag.uni-potsdam.de\/en\/shop\/regional-governance-in-der-oder-partnerschaft\/\",\"url\":\"https:\/\/shop.verlag.uni-potsdam.de\/en\/shop\/regional-governance-in-der-oder-partnerschaft\/\",\"name\":\"Regional Governance in der Oder-Partnerschaft - Universit\u00e4tsverlag Potsdam\",\"isPartOf\":{\"@id\":\"https:\/\/shop.verlag.uni-potsdam.de\/en\/#website\"},\"primaryImageOfPage\":{\"@id\":\"https:\/\/shop.verlag.uni-potsdam.de\/en\/shop\/regional-governance-in-der-oder-partnerschaft\/#primaryimage\"},\"image\":{\"@id\":\"https:\/\/shop.verlag.uni-potsdam.de\/shop\/regional-governance-in-der-oder-partnerschaft\/#primaryimage\"},\"thumbnailUrl\":\"https:\/\/shop.verlag.uni-potsdam.de\/wp-content\/uploads\/asolmerce\/image-9783869560304.jpg\",\"datePublished\":\"2026-03-23T08:53:30+00:00\",\"dateModified\":\"2026-03-23T10:54:30+00:00\",\"breadcrumb\":{\"@id\":\"https:\/\/shop.verlag.uni-potsdam.de\/en\/shop\/regional-governance-in-der-oder-partnerschaft\/#breadcrumb\"},\"inLanguage\":\"en-US\",\"potentialAction\":[{\"@type\":\"ReadAction\",\"target\":[[\"https:\/\/shop.verlag.uni-potsdam.de\/en\/shop\/regional-governance-in-der-oder-partnerschaft\/\"]]}]},{\"@type\":\"ImageObject\",\"inLanguage\":\"en-US\",\"@id\":\"https:\/\/shop.verlag.uni-potsdam.de\/en\/shop\/regional-governance-in-der-oder-partnerschaft\/#primaryimage\",\"url\":\"https:\/\/shop.verlag.uni-potsdam.de\/wp-content\/uploads\/asolmerce\/image-9783869560304.jpg\",\"contentUrl\":\"https:\/\/shop.verlag.uni-potsdam.de\/wp-content\/uploads\/asolmerce\/image-9783869560304.jpg\",\"width\":455,\"height\":640},{\"@type\":\"BreadcrumbList\",\"@id\":\"https:\/\/shop.verlag.uni-potsdam.de\/en\/shop\/regional-governance-in-der-oder-partnerschaft\/#breadcrumb\",\"itemListElement\":[{\"@type\":\"ListItem\",\"position\":1,\"name\":\"Startseite\",\"item\":\"https:\/\/shop.verlag.uni-potsdam.de\/en\/\"},{\"@type\":\"ListItem\",\"position\":2,\"name\":\"Shop\",\"item\":\"https:\/\/shop.verlag.uni-potsdam.de\/en\/shop\/\"},{\"@type\":\"ListItem\",\"position\":3,\"name\":\"Regional Governance in der Oder-Partnerschaft\"}]},{\"@type\":\"WebSite\",\"@id\":\"https:\/\/shop.verlag.uni-potsdam.de\/en\/#website\",\"url\":\"https:\/\/shop.verlag.uni-potsdam.de\/en\/\",\"name\":\"Universit\u00e4tsverlag Potsdam\",\"description\":\"\",\"publisher\":{\"@id\":\"https:\/\/shop.verlag.uni-potsdam.de\/en\/#organization\"},\"potentialAction\":[{\"@type\":\"SearchAction\",\"target\":{\"@type\":\"EntryPoint\",\"urlTemplate\":\"https:\/\/shop.verlag.uni-potsdam.de\/en\/?s={search_term_string}\"},\"query-input\":{\"@type\":\"PropertyValueSpecification\",\"valueRequired\":true,\"valueName\":\"search_term_string\"}}],\"inLanguage\":\"en-US\"},{\"@type\":\"Organization\",\"@id\":\"https:\/\/shop.verlag.uni-potsdam.de\/en\/#organization\",\"name\":\"Universit\u00e4tsverlag Potsdam\",\"url\":\"https:\/\/shop.verlag.uni-potsdam.de\/en\/\",\"logo\":{\"@type\":\"ImageObject\",\"inLanguage\":\"en-US\",\"@id\":\"https:\/\/shop.verlag.uni-potsdam.de\/en\/#\/schema\/logo\/image\/\",\"url\":\"https:\/\/shop.verlag.uni-potsdam.de\/wp-content\/uploads\/2017\/04\/up_logo_university_2.png\",\"contentUrl\":\"https:\/\/shop.verlag.uni-potsdam.de\/wp-content\/uploads\/2017\/04\/up_logo_university_2.png\",\"width\":160,\"height\":172,\"caption\":\"Universit\u00e4tsverlag Potsdam\"},\"image\":{\"@id\":\"https:\/\/shop.verlag.uni-potsdam.de\/en\/#\/schema\/logo\/image\/\"}}]}<\/script>\n<!-- \/ Yoast SEO plugin. -->","yoast_head_json":{"title":"Regional Governance in der Oder-Partnerschaft - Universit\u00e4tsverlag Potsdam","robots":{"index":"index","follow":"follow","max-snippet":"max-snippet:-1","max-image-preview":"max-image-preview:large","max-video-preview":"max-video-preview:-1"},"canonical":"https:\/\/shop.verlag.uni-potsdam.de\/en\/shop\/regional-governance-in-der-oder-partnerschaft\/","og_locale":"en_US","og_type":"article","og_title":"Regional Governance in der Oder-Partnerschaft - Universit\u00e4tsverlag Potsdam","og_description":"In der vorliegenden Arbeit analysiert Maciej Chinalski den Regional Governance Ansatz und seine praktische Umsetzung in den Europ\u00e4ischen Grenzregionen zwischen Deutschland und Polen (Oder-Partnerschaft) sowie im Vierl\u00e4ndereck von \u00d6sterreich, Ungarn, Tschechien und Slowakei (Centrope-Region). Regional Governance gilt als eine Kooperationsform unterschiedlicher regionaler Akteure, die nach neuen Synergien suchen, um ihre Zusammenarbeit voranzutreiben. Eine Region wird dabei als Raum verst\u00e4rkter Interaktionen zwischen Staat, Zivilgesellschaft und Wirtschaft verstanden.","og_url":"https:\/\/shop.verlag.uni-potsdam.de\/en\/shop\/regional-governance-in-der-oder-partnerschaft\/","og_site_name":"Universit\u00e4tsverlag Potsdam","article_modified_time":"2026-03-23T10:54:30+00:00","og_image":[{"width":455,"height":640,"url":"https:\/\/shop.verlag.uni-potsdam.de\/wp-content\/uploads\/asolmerce\/image-9783869560304.jpg","type":"image\/jpeg"}],"twitter_card":"summary_large_image","schema":{"@context":"https:\/\/schema.org","@graph":[{"@type":"WebPage","@id":"https:\/\/shop.verlag.uni-potsdam.de\/en\/shop\/regional-governance-in-der-oder-partnerschaft\/","url":"https:\/\/shop.verlag.uni-potsdam.de\/en\/shop\/regional-governance-in-der-oder-partnerschaft\/","name":"Regional Governance in der Oder-Partnerschaft - Universit\u00e4tsverlag Potsdam","isPartOf":{"@id":"https:\/\/shop.verlag.uni-potsdam.de\/en\/#website"},"primaryImageOfPage":{"@id":"https:\/\/shop.verlag.uni-potsdam.de\/en\/shop\/regional-governance-in-der-oder-partnerschaft\/#primaryimage"},"image":{"@id":"https:\/\/shop.verlag.uni-potsdam.de\/shop\/regional-governance-in-der-oder-partnerschaft\/#primaryimage"},"thumbnailUrl":"https:\/\/shop.verlag.uni-potsdam.de\/wp-content\/uploads\/asolmerce\/image-9783869560304.jpg","datePublished":"2026-03-23T08:53:30+00:00","dateModified":"2026-03-23T10:54:30+00:00","breadcrumb":{"@id":"https:\/\/shop.verlag.uni-potsdam.de\/en\/shop\/regional-governance-in-der-oder-partnerschaft\/#breadcrumb"},"inLanguage":"en-US","potentialAction":[{"@type":"ReadAction","target":[["https:\/\/shop.verlag.uni-potsdam.de\/en\/shop\/regional-governance-in-der-oder-partnerschaft\/"]]}]},{"@type":"ImageObject","inLanguage":"en-US","@id":"https:\/\/shop.verlag.uni-potsdam.de\/en\/shop\/regional-governance-in-der-oder-partnerschaft\/#primaryimage","url":"https:\/\/shop.verlag.uni-potsdam.de\/wp-content\/uploads\/asolmerce\/image-9783869560304.jpg","contentUrl":"https:\/\/shop.verlag.uni-potsdam.de\/wp-content\/uploads\/asolmerce\/image-9783869560304.jpg","width":455,"height":640},{"@type":"BreadcrumbList","@id":"https:\/\/shop.verlag.uni-potsdam.de\/en\/shop\/regional-governance-in-der-oder-partnerschaft\/#breadcrumb","itemListElement":[{"@type":"ListItem","position":1,"name":"Startseite","item":"https:\/\/shop.verlag.uni-potsdam.de\/en\/"},{"@type":"ListItem","position":2,"name":"Shop","item":"https:\/\/shop.verlag.uni-potsdam.de\/en\/shop\/"},{"@type":"ListItem","position":3,"name":"Regional Governance in der Oder-Partnerschaft"}]},{"@type":"WebSite","@id":"https:\/\/shop.verlag.uni-potsdam.de\/en\/#website","url":"https:\/\/shop.verlag.uni-potsdam.de\/en\/","name":"Universit\u00e4tsverlag Potsdam","description":"","publisher":{"@id":"https:\/\/shop.verlag.uni-potsdam.de\/en\/#organization"},"potentialAction":[{"@type":"SearchAction","target":{"@type":"EntryPoint","urlTemplate":"https:\/\/shop.verlag.uni-potsdam.de\/en\/?s={search_term_string}"},"query-input":{"@type":"PropertyValueSpecification","valueRequired":true,"valueName":"search_term_string"}}],"inLanguage":"en-US"},{"@type":"Organization","@id":"https:\/\/shop.verlag.uni-potsdam.de\/en\/#organization","name":"Universit\u00e4tsverlag Potsdam","url":"https:\/\/shop.verlag.uni-potsdam.de\/en\/","logo":{"@type":"ImageObject","inLanguage":"en-US","@id":"https:\/\/shop.verlag.uni-potsdam.de\/en\/#\/schema\/logo\/image\/","url":"https:\/\/shop.verlag.uni-potsdam.de\/wp-content\/uploads\/2017\/04\/up_logo_university_2.png","contentUrl":"https:\/\/shop.verlag.uni-potsdam.de\/wp-content\/uploads\/2017\/04\/up_logo_university_2.png","width":160,"height":172,"caption":"Universit\u00e4tsverlag Potsdam"},"image":{"@id":"https:\/\/shop.verlag.uni-potsdam.de\/en\/#\/schema\/logo\/image\/"}}]}},"_links":{"self":[{"href":"https:\/\/shop.verlag.uni-potsdam.de\/en\/wp-json\/wp\/v2\/product\/52145","targetHints":{"allow":["GET"]}}],"collection":[{"href":"https:\/\/shop.verlag.uni-potsdam.de\/en\/wp-json\/wp\/v2\/product"}],"about":[{"href":"https:\/\/shop.verlag.uni-potsdam.de\/en\/wp-json\/wp\/v2\/types\/product"}],"wp:featuredmedia":[{"embeddable":true,"href":"https:\/\/shop.verlag.uni-potsdam.de\/en\/wp-json\/wp\/v2\/media\/53866"}],"wp:attachment":[{"href":"https:\/\/shop.verlag.uni-potsdam.de\/en\/wp-json\/wp\/v2\/media?parent=52145"}],"wp:term":[{"taxonomy":"product_brand","embeddable":true,"href":"https:\/\/shop.verlag.uni-potsdam.de\/en\/wp-json\/wp\/v2\/product_brand?post=52145"},{"taxonomy":"product_cat","embeddable":true,"href":"https:\/\/shop.verlag.uni-potsdam.de\/en\/wp-json\/wp\/v2\/product_cat?post=52145"},{"taxonomy":"product_tag","embeddable":true,"href":"https:\/\/shop.verlag.uni-potsdam.de\/en\/wp-json\/wp\/v2\/product_tag?post=52145"}],"curies":[{"name":"wp","href":"https:\/\/api.w.org\/{rel}","templated":true}]}}