{"id":52146,"date":"2026-04-27T05:30:02","date_gmt":"2026-04-27T05:30:02","guid":{"rendered":"http:\/\/shop.verlag.uni-potsdam.de\/produkt\/die-entsendung-der-bundeswehr-ins-ausland\/"},"modified":"2026-04-27T09:31:02","modified_gmt":"2026-04-27T07:31:02","slug":"die-entsendung-der-bundeswehr-ins-ausland","status":"publish","type":"product","link":"https:\/\/shop.verlag.uni-potsdam.de\/en\/shop\/die-entsendung-der-bundeswehr-ins-ausland\/","title":{"rendered":"Die Entsendung der Bundeswehr ins Ausland"},"content":{"rendered":"<p class=\"qtranxs-available-languages-message qtranxs-available-languages-message-en\">Sorry, this entry is only available in <a href=\"https:\/\/shop.verlag.uni-potsdam.de\/de\/wp-json\/wp\/v2\/product\/52146\" class=\"qtranxs-available-language-link qtranxs-available-language-link-de\" title=\"Deutsch\">Deutsch<\/a>.<\/p><p>\u00dcber den Einsatz bewaffneter Bundeswehrsoldaten im Ausland entscheidet der Bundestag. Die demokratische Legitimit\u00e4t von Bundeswehreins\u00e4tzen beruht daher auf der parlamentarischen Mehrheitsentscheidung. Doch durch die Auslagerung von Entscheidungen auf multinationale Sicherheitssysteme, wie die NATO und die EU, ergeben sich Handlungsbeschr\u00e4nkungen f\u00fcr das deutsche Parlament. In dieser Publikation analysiert die Politikwissenschaftlerin Martina Kolanoski die tats\u00e4chliche Entscheidungsmacht des Bundestags am Beispiel von Bundeswehreins\u00e4tzen im Rahmen der Europ\u00e4ische Sicherheits- und Verteidigungspolitik (ESVP). Sie zeigt, weshalb die parlamentarischen Einfl\u00fcssm\u00f6glichkeiten nur sehr begrenzt sind und argumentiert damit gegen die These des Parlamentarischen Friedens. Die Weiterentwicklung der ESVP durch den Vertrag von Lissabon, die multinationale Streitkr\u00e4fteintegration, das Konzept der European Battlegroups und der deutsche Entscheidungsprozess zur EU-Mission EUFOR RD Congo werden auf die Frage hin untersucht, ob die Einsatzentscheidung durch politische und\/oder milit\u00e4rische Integration vorweg genommen wird.<\/p>","protected":false},"excerpt":{"rendered":"<p class=\"qtranxs-available-languages-message qtranxs-available-languages-message-en\">Sorry, this entry is only available in <a href=\"https:\/\/shop.verlag.uni-potsdam.de\/de\/wp-json\/wp\/v2\/product\/52146\" class=\"qtranxs-available-language-link qtranxs-available-language-link-de\" title=\"Deutsch\">Deutsch<\/a>.<\/p>\n<p>\u00dcber den Einsatz bewaffneter Bundeswehrsoldaten im Ausland entscheidet der Bundestag. Die demokratische Legitimit\u00e4t von Bundeswehreins\u00e4tzen beruht daher auf der parlamentarischen Mehrheitsentscheidung. Doch durch die Auslagerung von Entscheidungen auf multinationale Sicherheitssysteme, wie die NATO und die EU, ergeben sich Handlungsbeschr\u00e4nkungen f\u00fcr das deutsche Parlament. In dieser Publikation analysiert die Politikwissenschaftlerin Martina Kolanoski die tats\u00e4chliche Entscheidungsmacht des Bundestags am Beispiel von Bundeswehreins\u00e4tzen im Rahmen der Europ\u00e4ische Sicherheits- und Verteidigungspolitik (ESVP). Sie zeigt, weshalb die parlamentarischen Einfl\u00fcssm\u00f6glichkeiten nur sehr begrenzt sind und argumentiert damit gegen die These des Parlamentarischen Friedens. Die Weiterentwicklung der ESVP durch den Vertrag von Lissabon, die multinationale Streitkr\u00e4fteintegration, das Konzept der European Battlegroups und der deutsche Entscheidungsprozess zur EU-Mission EUFOR RD Congo werden auf die Frage hin untersucht, ob die Einsatzentscheidung durch politische und\/oder milit\u00e4rische Integration vorweg genommen wird.<\/p>\n","protected":false},"featured_media":53867,"template":"","meta":{"_acf_changed":false},"product_brand":[],"product_cat":[6223],"product_tag":[5178],"class_list":{"0":"post-52146","1":"product","2":"type-product","3":"status-publish","4":"has-post-thumbnail","6":"product_cat-politikwissenschaft-web-kategorie","7":"product_tag-auslandseinsaetze-bundeswehr-demokratie-parlament","8":"autor-martina-kolanoski","9":"edition-restexemplare","11":"first","12":"instock","13":"shipping-taxable","14":"purchasable","15":"product-type-simple"},"acf":[],"yoast_head":"<!-- This site is optimized with the Yoast SEO plugin v27.1.1 - https:\/\/yoast.com\/product\/yoast-seo-wordpress\/ -->\n<title>Die Entsendung der Bundeswehr ins Ausland - Universit\u00e4tsverlag Potsdam<\/title>\n<meta name=\"robots\" content=\"index, follow, max-snippet:-1, max-image-preview:large, max-video-preview:-1\" \/>\n<link rel=\"canonical\" href=\"https:\/\/shop.verlag.uni-potsdam.de\/en\/shop\/die-entsendung-der-bundeswehr-ins-ausland\/\" \/>\n<meta property=\"og:locale\" content=\"en_US\" \/>\n<meta property=\"og:type\" content=\"article\" \/>\n<meta property=\"og:title\" content=\"Die Entsendung der Bundeswehr ins Ausland - Universit\u00e4tsverlag Potsdam\" \/>\n<meta property=\"og:description\" content=\"\u00dcber den Einsatz bewaffneter Bundeswehrsoldaten im Ausland entscheidet der Bundestag. Die demokratische Legitimit\u00e4t von Bundeswehreins\u00e4tzen beruht daher auf der parlamentarischen Mehrheitsentscheidung. Doch durch die Auslagerung von Entscheidungen auf multinationale Sicherheitssysteme, wie die NATO und die EU, ergeben sich Handlungsbeschr\u00e4nkungen f\u00fcr das deutsche Parlament. In dieser Publikation analysiert die Politikwissenschaftlerin Martina Kolanoski die tats\u00e4chliche Entscheidungsmacht des Bundestags am Beispiel von Bundeswehreins\u00e4tzen im Rahmen der Europ\u00e4ische Sicherheits- und Verteidigungspolitik (ESVP). Sie zeigt, weshalb die parlamentarischen Einfl\u00fcssm\u00f6glichkeiten nur sehr begrenzt sind und argumentiert damit gegen die These des Parlamentarischen Friedens. Die Weiterentwicklung der ESVP durch den Vertrag von Lissabon, die multinationale Streitkr\u00e4fteintegration, das Konzept der European Battlegroups und der deutsche Entscheidungsprozess zur EU-Mission EUFOR RD Congo werden auf die Frage hin untersucht, ob die Einsatzentscheidung durch politische und\/oder milit\u00e4rische Integration vorweg genommen wird.\" \/>\n<meta property=\"og:url\" content=\"https:\/\/shop.verlag.uni-potsdam.de\/en\/shop\/die-entsendung-der-bundeswehr-ins-ausland\/\" \/>\n<meta property=\"og:site_name\" content=\"Universit\u00e4tsverlag Potsdam\" \/>\n<meta property=\"article:modified_time\" content=\"2026-04-27T07:31:02+00:00\" \/>\n<meta property=\"og:image\" content=\"https:\/\/shop.verlag.uni-potsdam.de\/wp-content\/uploads\/asolmerce\/image-9783869560625.jpg\" \/>\n\t<meta property=\"og:image:width\" content=\"449\" \/>\n\t<meta property=\"og:image:height\" content=\"640\" \/>\n\t<meta property=\"og:image:type\" content=\"image\/jpeg\" \/>\n<meta name=\"twitter:card\" content=\"summary_large_image\" \/>\n<meta name=\"twitter:label1\" content=\"Est. reading time\" \/>\n\t<meta name=\"twitter:data1\" content=\"1 minute\" \/>\n<script type=\"application\/ld+json\" class=\"yoast-schema-graph\">{\"@context\":\"https:\/\/schema.org\",\"@graph\":[{\"@type\":\"WebPage\",\"@id\":\"https:\/\/shop.verlag.uni-potsdam.de\/en\/shop\/die-entsendung-der-bundeswehr-ins-ausland\/\",\"url\":\"https:\/\/shop.verlag.uni-potsdam.de\/en\/shop\/die-entsendung-der-bundeswehr-ins-ausland\/\",\"name\":\"Die Entsendung der Bundeswehr ins Ausland - Universit\u00e4tsverlag Potsdam\",\"isPartOf\":{\"@id\":\"https:\/\/shop.verlag.uni-potsdam.de\/en\/#website\"},\"primaryImageOfPage\":{\"@id\":\"https:\/\/shop.verlag.uni-potsdam.de\/en\/shop\/die-entsendung-der-bundeswehr-ins-ausland\/#primaryimage\"},\"image\":{\"@id\":\"https:\/\/shop.verlag.uni-potsdam.de\/shop\/die-entsendung-der-bundeswehr-ins-ausland\/#primaryimage\"},\"thumbnailUrl\":\"https:\/\/shop.verlag.uni-potsdam.de\/wp-content\/uploads\/asolmerce\/image-9783869560625.jpg\",\"datePublished\":\"2026-04-27T05:30:02+00:00\",\"dateModified\":\"2026-04-27T07:31:02+00:00\",\"breadcrumb\":{\"@id\":\"https:\/\/shop.verlag.uni-potsdam.de\/en\/shop\/die-entsendung-der-bundeswehr-ins-ausland\/#breadcrumb\"},\"inLanguage\":\"en-US\",\"potentialAction\":[{\"@type\":\"ReadAction\",\"target\":[[\"https:\/\/shop.verlag.uni-potsdam.de\/en\/shop\/die-entsendung-der-bundeswehr-ins-ausland\/\"]]}]},{\"@type\":\"ImageObject\",\"inLanguage\":\"en-US\",\"@id\":\"https:\/\/shop.verlag.uni-potsdam.de\/en\/shop\/die-entsendung-der-bundeswehr-ins-ausland\/#primaryimage\",\"url\":\"https:\/\/shop.verlag.uni-potsdam.de\/wp-content\/uploads\/asolmerce\/image-9783869560625.jpg\",\"contentUrl\":\"https:\/\/shop.verlag.uni-potsdam.de\/wp-content\/uploads\/asolmerce\/image-9783869560625.jpg\",\"width\":449,\"height\":640},{\"@type\":\"BreadcrumbList\",\"@id\":\"https:\/\/shop.verlag.uni-potsdam.de\/en\/shop\/die-entsendung-der-bundeswehr-ins-ausland\/#breadcrumb\",\"itemListElement\":[{\"@type\":\"ListItem\",\"position\":1,\"name\":\"Startseite\",\"item\":\"https:\/\/shop.verlag.uni-potsdam.de\/en\/\"},{\"@type\":\"ListItem\",\"position\":2,\"name\":\"Shop\",\"item\":\"https:\/\/shop.verlag.uni-potsdam.de\/en\/shop\/\"},{\"@type\":\"ListItem\",\"position\":3,\"name\":\"Die Entsendung der Bundeswehr ins Ausland\"}]},{\"@type\":\"WebSite\",\"@id\":\"https:\/\/shop.verlag.uni-potsdam.de\/en\/#website\",\"url\":\"https:\/\/shop.verlag.uni-potsdam.de\/en\/\",\"name\":\"Universit\u00e4tsverlag Potsdam\",\"description\":\"\",\"publisher\":{\"@id\":\"https:\/\/shop.verlag.uni-potsdam.de\/en\/#organization\"},\"potentialAction\":[{\"@type\":\"SearchAction\",\"target\":{\"@type\":\"EntryPoint\",\"urlTemplate\":\"https:\/\/shop.verlag.uni-potsdam.de\/en\/?s={search_term_string}\"},\"query-input\":{\"@type\":\"PropertyValueSpecification\",\"valueRequired\":true,\"valueName\":\"search_term_string\"}}],\"inLanguage\":\"en-US\"},{\"@type\":\"Organization\",\"@id\":\"https:\/\/shop.verlag.uni-potsdam.de\/en\/#organization\",\"name\":\"Universit\u00e4tsverlag Potsdam\",\"url\":\"https:\/\/shop.verlag.uni-potsdam.de\/en\/\",\"logo\":{\"@type\":\"ImageObject\",\"inLanguage\":\"en-US\",\"@id\":\"https:\/\/shop.verlag.uni-potsdam.de\/en\/#\/schema\/logo\/image\/\",\"url\":\"https:\/\/shop.verlag.uni-potsdam.de\/wp-content\/uploads\/2017\/04\/up_logo_university_2.png\",\"contentUrl\":\"https:\/\/shop.verlag.uni-potsdam.de\/wp-content\/uploads\/2017\/04\/up_logo_university_2.png\",\"width\":160,\"height\":172,\"caption\":\"Universit\u00e4tsverlag Potsdam\"},\"image\":{\"@id\":\"https:\/\/shop.verlag.uni-potsdam.de\/en\/#\/schema\/logo\/image\/\"}}]}<\/script>\n<!-- \/ Yoast SEO plugin. -->","yoast_head_json":{"title":"Die Entsendung der Bundeswehr ins Ausland - Universit\u00e4tsverlag Potsdam","robots":{"index":"index","follow":"follow","max-snippet":"max-snippet:-1","max-image-preview":"max-image-preview:large","max-video-preview":"max-video-preview:-1"},"canonical":"https:\/\/shop.verlag.uni-potsdam.de\/en\/shop\/die-entsendung-der-bundeswehr-ins-ausland\/","og_locale":"en_US","og_type":"article","og_title":"Die Entsendung der Bundeswehr ins Ausland - Universit\u00e4tsverlag Potsdam","og_description":"\u00dcber den Einsatz bewaffneter Bundeswehrsoldaten im Ausland entscheidet der Bundestag. Die demokratische Legitimit\u00e4t von Bundeswehreins\u00e4tzen beruht daher auf der parlamentarischen Mehrheitsentscheidung. Doch durch die Auslagerung von Entscheidungen auf multinationale Sicherheitssysteme, wie die NATO und die EU, ergeben sich Handlungsbeschr\u00e4nkungen f\u00fcr das deutsche Parlament. In dieser Publikation analysiert die Politikwissenschaftlerin Martina Kolanoski die tats\u00e4chliche Entscheidungsmacht des Bundestags am Beispiel von Bundeswehreins\u00e4tzen im Rahmen der Europ\u00e4ische Sicherheits- und Verteidigungspolitik (ESVP). Sie zeigt, weshalb die parlamentarischen Einfl\u00fcssm\u00f6glichkeiten nur sehr begrenzt sind und argumentiert damit gegen die These des Parlamentarischen Friedens. Die Weiterentwicklung der ESVP durch den Vertrag von Lissabon, die multinationale Streitkr\u00e4fteintegration, das Konzept der European Battlegroups und der deutsche Entscheidungsprozess zur EU-Mission EUFOR RD Congo werden auf die Frage hin untersucht, ob die Einsatzentscheidung durch politische und\/oder milit\u00e4rische Integration vorweg genommen wird.","og_url":"https:\/\/shop.verlag.uni-potsdam.de\/en\/shop\/die-entsendung-der-bundeswehr-ins-ausland\/","og_site_name":"Universit\u00e4tsverlag Potsdam","article_modified_time":"2026-04-27T07:31:02+00:00","og_image":[{"width":449,"height":640,"url":"https:\/\/shop.verlag.uni-potsdam.de\/wp-content\/uploads\/asolmerce\/image-9783869560625.jpg","type":"image\/jpeg"}],"twitter_card":"summary_large_image","twitter_misc":{"Est. reading time":"1 minute"},"schema":{"@context":"https:\/\/schema.org","@graph":[{"@type":"WebPage","@id":"https:\/\/shop.verlag.uni-potsdam.de\/en\/shop\/die-entsendung-der-bundeswehr-ins-ausland\/","url":"https:\/\/shop.verlag.uni-potsdam.de\/en\/shop\/die-entsendung-der-bundeswehr-ins-ausland\/","name":"Die Entsendung der Bundeswehr ins Ausland - Universit\u00e4tsverlag Potsdam","isPartOf":{"@id":"https:\/\/shop.verlag.uni-potsdam.de\/en\/#website"},"primaryImageOfPage":{"@id":"https:\/\/shop.verlag.uni-potsdam.de\/en\/shop\/die-entsendung-der-bundeswehr-ins-ausland\/#primaryimage"},"image":{"@id":"https:\/\/shop.verlag.uni-potsdam.de\/shop\/die-entsendung-der-bundeswehr-ins-ausland\/#primaryimage"},"thumbnailUrl":"https:\/\/shop.verlag.uni-potsdam.de\/wp-content\/uploads\/asolmerce\/image-9783869560625.jpg","datePublished":"2026-04-27T05:30:02+00:00","dateModified":"2026-04-27T07:31:02+00:00","breadcrumb":{"@id":"https:\/\/shop.verlag.uni-potsdam.de\/en\/shop\/die-entsendung-der-bundeswehr-ins-ausland\/#breadcrumb"},"inLanguage":"en-US","potentialAction":[{"@type":"ReadAction","target":[["https:\/\/shop.verlag.uni-potsdam.de\/en\/shop\/die-entsendung-der-bundeswehr-ins-ausland\/"]]}]},{"@type":"ImageObject","inLanguage":"en-US","@id":"https:\/\/shop.verlag.uni-potsdam.de\/en\/shop\/die-entsendung-der-bundeswehr-ins-ausland\/#primaryimage","url":"https:\/\/shop.verlag.uni-potsdam.de\/wp-content\/uploads\/asolmerce\/image-9783869560625.jpg","contentUrl":"https:\/\/shop.verlag.uni-potsdam.de\/wp-content\/uploads\/asolmerce\/image-9783869560625.jpg","width":449,"height":640},{"@type":"BreadcrumbList","@id":"https:\/\/shop.verlag.uni-potsdam.de\/en\/shop\/die-entsendung-der-bundeswehr-ins-ausland\/#breadcrumb","itemListElement":[{"@type":"ListItem","position":1,"name":"Startseite","item":"https:\/\/shop.verlag.uni-potsdam.de\/en\/"},{"@type":"ListItem","position":2,"name":"Shop","item":"https:\/\/shop.verlag.uni-potsdam.de\/en\/shop\/"},{"@type":"ListItem","position":3,"name":"Die Entsendung der Bundeswehr ins Ausland"}]},{"@type":"WebSite","@id":"https:\/\/shop.verlag.uni-potsdam.de\/en\/#website","url":"https:\/\/shop.verlag.uni-potsdam.de\/en\/","name":"Universit\u00e4tsverlag Potsdam","description":"","publisher":{"@id":"https:\/\/shop.verlag.uni-potsdam.de\/en\/#organization"},"potentialAction":[{"@type":"SearchAction","target":{"@type":"EntryPoint","urlTemplate":"https:\/\/shop.verlag.uni-potsdam.de\/en\/?s={search_term_string}"},"query-input":{"@type":"PropertyValueSpecification","valueRequired":true,"valueName":"search_term_string"}}],"inLanguage":"en-US"},{"@type":"Organization","@id":"https:\/\/shop.verlag.uni-potsdam.de\/en\/#organization","name":"Universit\u00e4tsverlag Potsdam","url":"https:\/\/shop.verlag.uni-potsdam.de\/en\/","logo":{"@type":"ImageObject","inLanguage":"en-US","@id":"https:\/\/shop.verlag.uni-potsdam.de\/en\/#\/schema\/logo\/image\/","url":"https:\/\/shop.verlag.uni-potsdam.de\/wp-content\/uploads\/2017\/04\/up_logo_university_2.png","contentUrl":"https:\/\/shop.verlag.uni-potsdam.de\/wp-content\/uploads\/2017\/04\/up_logo_university_2.png","width":160,"height":172,"caption":"Universit\u00e4tsverlag Potsdam"},"image":{"@id":"https:\/\/shop.verlag.uni-potsdam.de\/en\/#\/schema\/logo\/image\/"}}]}},"_links":{"self":[{"href":"https:\/\/shop.verlag.uni-potsdam.de\/en\/wp-json\/wp\/v2\/product\/52146","targetHints":{"allow":["GET"]}}],"collection":[{"href":"https:\/\/shop.verlag.uni-potsdam.de\/en\/wp-json\/wp\/v2\/product"}],"about":[{"href":"https:\/\/shop.verlag.uni-potsdam.de\/en\/wp-json\/wp\/v2\/types\/product"}],"wp:featuredmedia":[{"embeddable":true,"href":"https:\/\/shop.verlag.uni-potsdam.de\/en\/wp-json\/wp\/v2\/media\/53867"}],"wp:attachment":[{"href":"https:\/\/shop.verlag.uni-potsdam.de\/en\/wp-json\/wp\/v2\/media?parent=52146"}],"wp:term":[{"taxonomy":"product_brand","embeddable":true,"href":"https:\/\/shop.verlag.uni-potsdam.de\/en\/wp-json\/wp\/v2\/product_brand?post=52146"},{"taxonomy":"product_cat","embeddable":true,"href":"https:\/\/shop.verlag.uni-potsdam.de\/en\/wp-json\/wp\/v2\/product_cat?post=52146"},{"taxonomy":"product_tag","embeddable":true,"href":"https:\/\/shop.verlag.uni-potsdam.de\/en\/wp-json\/wp\/v2\/product_tag?post=52146"}],"curies":[{"name":"wp","href":"https:\/\/api.w.org\/{rel}","templated":true}]}}