{"id":52156,"date":"2026-04-27T05:37:46","date_gmt":"2026-04-27T05:37:46","guid":{"rendered":"http:\/\/shop.verlag.uni-potsdam.de\/produkt\/phirtskhalashvili-schutzpflichten-und-die-horizontale-wirkung-von-grundrechten-in-der-verfassung-georgiens-vom-24-augu\/"},"modified":"2026-04-27T09:38:46","modified_gmt":"2026-04-27T07:38:46","slug":"schutzpflichten-und-die-horizontale-wirkung-von-grundrechten-in-der-verfassung-georgiens-vom-24-august-1995","status":"publish","type":"product","link":"https:\/\/shop.verlag.uni-potsdam.de\/en\/shop\/schutzpflichten-und-die-horizontale-wirkung-von-grundrechten-in-der-verfassung-georgiens-vom-24-august-1995\/","title":{"rendered":"Schutzpflichten und die horizontale Wirkung von Grundrechten in der Verfassung Georgiens vom 24. August 1995"},"content":{"rendered":"<p class=\"qtranxs-available-languages-message qtranxs-available-languages-message-en\">Sorry, this entry is only available in <a href=\"https:\/\/shop.verlag.uni-potsdam.de\/de\/wp-json\/wp\/v2\/product\/52156\" class=\"qtranxs-available-language-link qtranxs-available-language-link-de\" title=\"Deutsch\">Deutsch<\/a>.<\/p><p>Die vorliegende Untersuchung zeigt das st\u00e4ndige Wachstum der Dimension und Bedeutung der staatlichen Schutzpflichten als eine eigenst\u00e4ndige Funktion der Grundrechte. Mit jedem Fortschritt und der Entwicklung in der modernen Welt, entstehen in der Gesellschaft immer wieder neue Bereiche, die gesetzlicher Regulierung bed\u00fcrfen. Daher ist die staatliche Aufgabe eindeutig: Der Staat muss die in der Verfassung ausgelegten Prinzipien in der Realit\u00e4t durch die Gesetze umsetzen und sie st\u00e4ndig wiederkehrend nachbessern. Daher ist der Staat gefordert, die Einzelnen repressiv und pr\u00e4ventiv zu sch\u00fctzen. Die Dissertation untersucht die Problematik von staatlichen Schutzpflichten im Rahmen der Grundrechte der georgischen Verfassung vom 24. August 1995 im Vergleich mit den Menschenrechten und Grundfreiheiten der Europ\u00e4ischen Menschenrechtskonvention. Die Arbeit greift ein Grundrechtsproblem auf, das sich gerade in rechtlichen und politischen Umbruchssituationen wie diejenige, die Georgien als Nachfolgestaat der zerbrochenen Sowjetunion durchlebt, als besonders wichtig erweist. Auf dem Weg zur dogmatischen Entfaltung einer grundrechtlichen Schutzpflicht wird als eine Art Leitbild die Europ\u00e4ische Menschenrechtskonvention (EMRK) herangezogen. Dies erkl\u00e4rt sich aus der Natur der EMRK, die sich als eine Art Verfassung f\u00fcr Europa darstellt und in Georgien seit 1999 in Kraft ist. In der Arbeit wird auf die deutsche Schutzpflichtenlehre verwiesen. Das erkl\u00e4rt sich aus der in Deutschland schon seit etwa 30 Jahren gef\u00fchrten Diskussion, die immer noch nicht abgeschlossen ist, aber aus der sich bemerkenswerte und kontroverse Ergebnisse ziehen lassen. Die Arbeit zeigt, dass die georgische Verfassung zahlreiche Ans\u00e4tze der staatlichen Schutzpflichten \u2013 allgemeiner und konkreter Art \u2013 liefert, die auch vor allem in der Rechtsprechung des Georgischen Verfassungsgerichts verschiedentlich schon aufgegriffen wurden, durchaus zum Teil unter R\u00fcckgriff auf Aussagen der Europ\u00e4ischen Menschenrechtskonvention (EMRK) bzw. des Europ\u00e4ischen Gerichtshofes f\u00fcr Menschenrechte (EGMR). Den Bereich der grundrechtlichen Schutzpflichten der georgischen Verfassung auszuleuchten ist f\u00fcr eine relativ neue Rechtstaatlichkeit eines postsowjetischen Staates wichtig, um den Ansto\u00df f\u00fcr eine dringend n\u00f6tige Debatte zu geben.<\/p>","protected":false},"excerpt":{"rendered":"<p class=\"qtranxs-available-languages-message qtranxs-available-languages-message-en\">Sorry, this entry is only available in <a href=\"https:\/\/shop.verlag.uni-potsdam.de\/de\/wp-json\/wp\/v2\/product\/52156\" class=\"qtranxs-available-language-link qtranxs-available-language-link-de\" title=\"Deutsch\">Deutsch<\/a>.<\/p>\n<p>Die vorliegende Untersuchung zeigt das st\u00e4ndige Wachstum der Dimension und Bedeutung der staatlichen Schutzpflichten als eine eigenst\u00e4ndige Funktion der Grundrechte. Mit jedem Fortschritt und der Entwicklung in der modernen Welt, entstehen in der Gesellschaft immer wieder neue Bereiche, die gesetzlicher Regulierung bed\u00fcrfen. Daher ist die staatliche Aufgabe eindeutig: Der Staat muss die in der Verfassung ausgelegten Prinzipien in der Realit\u00e4t durch die Gesetze umsetzen und sie st\u00e4ndig wiederkehrend nachbessern. Daher ist der Staat gefordert, die Einzelnen repressiv und pr\u00e4ventiv zu sch\u00fctzen. Die Dissertation untersucht die Problematik von staatlichen Schutzpflichten im Rahmen der Grundrechte der georgischen Verfassung vom 24. August 1995 im Vergleich mit den Menschenrechten und Grundfreiheiten der Europ\u00e4ischen Menschenrechtskonvention. Die Arbeit greift ein Grundrechtsproblem auf, das sich gerade in rechtlichen und politischen Umbruchssituationen wie diejenige, die Georgien als Nachfolgestaat der zerbrochenen Sowjetunion durchlebt, als besonders wichtig erweist. Auf dem Weg zur dogmatischen Entfaltung einer grundrechtlichen Schutzpflicht wird als eine Art Leitbild die Europ\u00e4ische Menschenrechtskonvention (EMRK) herangezogen. Dies erkl\u00e4rt sich aus der Natur der EMRK, die sich als eine Art Verfassung f\u00fcr Europa darstellt und in Georgien seit 1999 in Kraft ist. In der Arbeit wird auf die deutsche Schutzpflichtenlehre verwiesen. Das erkl\u00e4rt sich aus der in Deutschland schon seit etwa 30 Jahren gef\u00fchrten Diskussion, die immer noch nicht abgeschlossen ist, aber aus der sich bemerkenswerte und kontroverse Ergebnisse ziehen lassen. Die Arbeit zeigt, dass die georgische Verfassung zahlreiche Ans\u00e4tze der staatlichen Schutzpflichten \u2013 allgemeiner und konkreter Art \u2013 liefert, die auch vor allem in der Rechtsprechung des Georgischen Verfassungsgerichts verschiedentlich schon aufgegriffen wurden, durchaus zum Teil unter R\u00fcckgriff auf Aussagen der Europ\u00e4ischen Menschenrechtskonvention (EMRK) bzw. des Europ\u00e4ischen Gerichtshofes f\u00fcr Menschenrechte (EGMR). Den Bereich der grundrechtlichen Schutzpflichten der georgischen Verfassung auszuleuchten ist f\u00fcr eine relativ neue Rechtstaatlichkeit eines postsowjetischen Staates wichtig, um den Ansto\u00df f\u00fcr eine dringend n\u00f6tige Debatte zu geben.<\/p>\n","protected":false},"featured_media":53851,"template":"","meta":{"_acf_changed":false},"product_brand":[],"product_cat":[6225],"product_tag":[5985],"class_list":{"0":"post-52156","1":"product","2":"type-product","3":"status-publish","4":"has-post-thumbnail","6":"product_cat-recht-web-kategorie","7":"product_tag-drittwirkung-georgische-verfassung-georgisches-verfassungsgericht-grundrechte-schutzpflichten","8":"autor-anna-phirtskhalashvili","10":"first","11":"instock","12":"shipping-taxable","13":"purchasable","14":"product-type-simple"},"acf":[],"yoast_head":"<!-- This site is optimized with the Yoast SEO plugin v27.1.1 - https:\/\/yoast.com\/product\/yoast-seo-wordpress\/ -->\n<title>Schutzpflichten und die horizontale Wirkung von Grundrechten in der Verfassung Georgiens vom 24. August 1995 - Universit\u00e4tsverlag Potsdam<\/title>\n<meta name=\"robots\" content=\"index, follow, max-snippet:-1, max-image-preview:large, max-video-preview:-1\" \/>\n<link rel=\"canonical\" href=\"https:\/\/shop.verlag.uni-potsdam.de\/en\/shop\/schutzpflichten-und-die-horizontale-wirkung-von-grundrechten-in-der-verfassung-georgiens-vom-24-august-1995\/\" \/>\n<meta property=\"og:locale\" content=\"en_US\" \/>\n<meta property=\"og:type\" content=\"article\" \/>\n<meta property=\"og:title\" content=\"Schutzpflichten und die horizontale Wirkung von Grundrechten in der Verfassung Georgiens vom 24. August 1995 - Universit\u00e4tsverlag Potsdam\" \/>\n<meta property=\"og:description\" content=\"Die vorliegende Untersuchung zeigt das st\u00e4ndige Wachstum der Dimension und Bedeutung der staatlichen Schutzpflichten als eine eigenst\u00e4ndige Funktion der Grundrechte. Mit jedem Fortschritt und der Entwicklung in der modernen Welt, entstehen in der Gesellschaft immer wieder neue Bereiche, die gesetzlicher Regulierung bed\u00fcrfen. Daher ist die staatliche Aufgabe eindeutig: Der Staat muss die in der Verfassung ausgelegten Prinzipien in der Realit\u00e4t durch die Gesetze umsetzen und sie st\u00e4ndig wiederkehrend nachbessern. Daher ist der Staat gefordert, die Einzelnen repressiv und pr\u00e4ventiv zu sch\u00fctzen. Die Dissertation untersucht die Problematik von staatlichen Schutzpflichten im Rahmen der Grundrechte der georgischen Verfassung vom 24. August 1995 im Vergleich mit den Menschenrechten und Grundfreiheiten der Europ\u00e4ischen Menschenrechtskonvention. Die Arbeit greift ein Grundrechtsproblem auf, das sich gerade in rechtlichen und politischen Umbruchssituationen wie diejenige, die Georgien als Nachfolgestaat der zerbrochenen Sowjetunion durchlebt, als besonders wichtig erweist. Auf dem Weg zur dogmatischen Entfaltung einer grundrechtlichen Schutzpflicht wird als eine Art Leitbild die Europ\u00e4ische Menschenrechtskonvention (EMRK) herangezogen. Dies erkl\u00e4rt sich aus der Natur der EMRK, die sich als eine Art Verfassung f\u00fcr Europa darstellt und in Georgien seit 1999 in Kraft ist. In der Arbeit wird auf die deutsche Schutzpflichtenlehre verwiesen. Das erkl\u00e4rt sich aus der in Deutschland schon seit etwa 30 Jahren gef\u00fchrten Diskussion, die immer noch nicht abgeschlossen ist, aber aus der sich bemerkenswerte und kontroverse Ergebnisse ziehen lassen. Die Arbeit zeigt, dass die georgische Verfassung zahlreiche Ans\u00e4tze der staatlichen Schutzpflichten \u2013 allgemeiner und konkreter Art \u2013 liefert, die auch vor allem in der Rechtsprechung des Georgischen Verfassungsgerichts verschiedentlich schon aufgegriffen wurden, durchaus zum Teil unter R\u00fcckgriff auf Aussagen der Europ\u00e4ischen Menschenrechtskonvention (EMRK) bzw. des Europ\u00e4ischen Gerichtshofes f\u00fcr Menschenrechte (EGMR). Den Bereich der grundrechtlichen Schutzpflichten der georgischen Verfassung auszuleuchten ist f\u00fcr eine relativ neue Rechtstaatlichkeit eines postsowjetischen Staates wichtig, um den Ansto\u00df f\u00fcr eine dringend n\u00f6tige Debatte zu geben.\" \/>\n<meta property=\"og:url\" content=\"https:\/\/shop.verlag.uni-potsdam.de\/en\/shop\/schutzpflichten-und-die-horizontale-wirkung-von-grundrechten-in-der-verfassung-georgiens-vom-24-august-1995\/\" \/>\n<meta property=\"og:site_name\" content=\"Universit\u00e4tsverlag Potsdam\" \/>\n<meta property=\"article:modified_time\" content=\"2026-04-27T07:38:46+00:00\" \/>\n<meta property=\"og:image\" content=\"https:\/\/shop.verlag.uni-potsdam.de\/wp-content\/uploads\/asolmerce\/image-9783869560458.jpg\" \/>\n\t<meta property=\"og:image:width\" content=\"452\" \/>\n\t<meta property=\"og:image:height\" content=\"640\" \/>\n\t<meta property=\"og:image:type\" content=\"image\/jpeg\" \/>\n<meta name=\"twitter:card\" content=\"summary_large_image\" \/>\n<meta name=\"twitter:label1\" content=\"Est. reading time\" \/>\n\t<meta name=\"twitter:data1\" content=\"2 minutes\" \/>\n<script type=\"application\/ld+json\" class=\"yoast-schema-graph\">{\"@context\":\"https:\/\/schema.org\",\"@graph\":[{\"@type\":\"WebPage\",\"@id\":\"https:\/\/shop.verlag.uni-potsdam.de\/en\/shop\/schutzpflichten-und-die-horizontale-wirkung-von-grundrechten-in-der-verfassung-georgiens-vom-24-august-1995\/\",\"url\":\"https:\/\/shop.verlag.uni-potsdam.de\/en\/shop\/schutzpflichten-und-die-horizontale-wirkung-von-grundrechten-in-der-verfassung-georgiens-vom-24-august-1995\/\",\"name\":\"Schutzpflichten und die horizontale Wirkung von Grundrechten in der Verfassung Georgiens vom 24. August 1995 - Universit\u00e4tsverlag Potsdam\",\"isPartOf\":{\"@id\":\"https:\/\/shop.verlag.uni-potsdam.de\/en\/#website\"},\"primaryImageOfPage\":{\"@id\":\"https:\/\/shop.verlag.uni-potsdam.de\/en\/shop\/schutzpflichten-und-die-horizontale-wirkung-von-grundrechten-in-der-verfassung-georgiens-vom-24-august-1995\/#primaryimage\"},\"image\":{\"@id\":\"https:\/\/shop.verlag.uni-potsdam.de\/shop\/schutzpflichten-und-die-horizontale-wirkung-von-grundrechten-in-der-verfassung-georgiens-vom-24-august-1995\/#primaryimage\"},\"thumbnailUrl\":\"https:\/\/shop.verlag.uni-potsdam.de\/wp-content\/uploads\/asolmerce\/image-9783869560458.jpg\",\"datePublished\":\"2026-04-27T05:37:46+00:00\",\"dateModified\":\"2026-04-27T07:38:46+00:00\",\"breadcrumb\":{\"@id\":\"https:\/\/shop.verlag.uni-potsdam.de\/en\/shop\/schutzpflichten-und-die-horizontale-wirkung-von-grundrechten-in-der-verfassung-georgiens-vom-24-august-1995\/#breadcrumb\"},\"inLanguage\":\"en-US\",\"potentialAction\":[{\"@type\":\"ReadAction\",\"target\":[[\"https:\/\/shop.verlag.uni-potsdam.de\/en\/shop\/schutzpflichten-und-die-horizontale-wirkung-von-grundrechten-in-der-verfassung-georgiens-vom-24-august-1995\/\"]]}]},{\"@type\":\"ImageObject\",\"inLanguage\":\"en-US\",\"@id\":\"https:\/\/shop.verlag.uni-potsdam.de\/en\/shop\/schutzpflichten-und-die-horizontale-wirkung-von-grundrechten-in-der-verfassung-georgiens-vom-24-august-1995\/#primaryimage\",\"url\":\"https:\/\/shop.verlag.uni-potsdam.de\/wp-content\/uploads\/asolmerce\/image-9783869560458.jpg\",\"contentUrl\":\"https:\/\/shop.verlag.uni-potsdam.de\/wp-content\/uploads\/asolmerce\/image-9783869560458.jpg\",\"width\":452,\"height\":640},{\"@type\":\"BreadcrumbList\",\"@id\":\"https:\/\/shop.verlag.uni-potsdam.de\/en\/shop\/schutzpflichten-und-die-horizontale-wirkung-von-grundrechten-in-der-verfassung-georgiens-vom-24-august-1995\/#breadcrumb\",\"itemListElement\":[{\"@type\":\"ListItem\",\"position\":1,\"name\":\"Startseite\",\"item\":\"https:\/\/shop.verlag.uni-potsdam.de\/en\/\"},{\"@type\":\"ListItem\",\"position\":2,\"name\":\"Shop\",\"item\":\"https:\/\/shop.verlag.uni-potsdam.de\/en\/shop\/\"},{\"@type\":\"ListItem\",\"position\":3,\"name\":\"Schutzpflichten und die horizontale Wirkung von Grundrechten in der Verfassung Georgiens vom 24. August 1995\"}]},{\"@type\":\"WebSite\",\"@id\":\"https:\/\/shop.verlag.uni-potsdam.de\/en\/#website\",\"url\":\"https:\/\/shop.verlag.uni-potsdam.de\/en\/\",\"name\":\"Universit\u00e4tsverlag Potsdam\",\"description\":\"\",\"publisher\":{\"@id\":\"https:\/\/shop.verlag.uni-potsdam.de\/en\/#organization\"},\"potentialAction\":[{\"@type\":\"SearchAction\",\"target\":{\"@type\":\"EntryPoint\",\"urlTemplate\":\"https:\/\/shop.verlag.uni-potsdam.de\/en\/?s={search_term_string}\"},\"query-input\":{\"@type\":\"PropertyValueSpecification\",\"valueRequired\":true,\"valueName\":\"search_term_string\"}}],\"inLanguage\":\"en-US\"},{\"@type\":\"Organization\",\"@id\":\"https:\/\/shop.verlag.uni-potsdam.de\/en\/#organization\",\"name\":\"Universit\u00e4tsverlag Potsdam\",\"url\":\"https:\/\/shop.verlag.uni-potsdam.de\/en\/\",\"logo\":{\"@type\":\"ImageObject\",\"inLanguage\":\"en-US\",\"@id\":\"https:\/\/shop.verlag.uni-potsdam.de\/en\/#\/schema\/logo\/image\/\",\"url\":\"https:\/\/shop.verlag.uni-potsdam.de\/wp-content\/uploads\/2017\/04\/up_logo_university_2.png\",\"contentUrl\":\"https:\/\/shop.verlag.uni-potsdam.de\/wp-content\/uploads\/2017\/04\/up_logo_university_2.png\",\"width\":160,\"height\":172,\"caption\":\"Universit\u00e4tsverlag Potsdam\"},\"image\":{\"@id\":\"https:\/\/shop.verlag.uni-potsdam.de\/en\/#\/schema\/logo\/image\/\"}}]}<\/script>\n<!-- \/ Yoast SEO plugin. -->","yoast_head_json":{"title":"Schutzpflichten und die horizontale Wirkung von Grundrechten in der Verfassung Georgiens vom 24. August 1995 - Universit\u00e4tsverlag Potsdam","robots":{"index":"index","follow":"follow","max-snippet":"max-snippet:-1","max-image-preview":"max-image-preview:large","max-video-preview":"max-video-preview:-1"},"canonical":"https:\/\/shop.verlag.uni-potsdam.de\/en\/shop\/schutzpflichten-und-die-horizontale-wirkung-von-grundrechten-in-der-verfassung-georgiens-vom-24-august-1995\/","og_locale":"en_US","og_type":"article","og_title":"Schutzpflichten und die horizontale Wirkung von Grundrechten in der Verfassung Georgiens vom 24. August 1995 - Universit\u00e4tsverlag Potsdam","og_description":"Die vorliegende Untersuchung zeigt das st\u00e4ndige Wachstum der Dimension und Bedeutung der staatlichen Schutzpflichten als eine eigenst\u00e4ndige Funktion der Grundrechte. Mit jedem Fortschritt und der Entwicklung in der modernen Welt, entstehen in der Gesellschaft immer wieder neue Bereiche, die gesetzlicher Regulierung bed\u00fcrfen. Daher ist die staatliche Aufgabe eindeutig: Der Staat muss die in der Verfassung ausgelegten Prinzipien in der Realit\u00e4t durch die Gesetze umsetzen und sie st\u00e4ndig wiederkehrend nachbessern. Daher ist der Staat gefordert, die Einzelnen repressiv und pr\u00e4ventiv zu sch\u00fctzen. Die Dissertation untersucht die Problematik von staatlichen Schutzpflichten im Rahmen der Grundrechte der georgischen Verfassung vom 24. August 1995 im Vergleich mit den Menschenrechten und Grundfreiheiten der Europ\u00e4ischen Menschenrechtskonvention. Die Arbeit greift ein Grundrechtsproblem auf, das sich gerade in rechtlichen und politischen Umbruchssituationen wie diejenige, die Georgien als Nachfolgestaat der zerbrochenen Sowjetunion durchlebt, als besonders wichtig erweist. Auf dem Weg zur dogmatischen Entfaltung einer grundrechtlichen Schutzpflicht wird als eine Art Leitbild die Europ\u00e4ische Menschenrechtskonvention (EMRK) herangezogen. Dies erkl\u00e4rt sich aus der Natur der EMRK, die sich als eine Art Verfassung f\u00fcr Europa darstellt und in Georgien seit 1999 in Kraft ist. In der Arbeit wird auf die deutsche Schutzpflichtenlehre verwiesen. Das erkl\u00e4rt sich aus der in Deutschland schon seit etwa 30 Jahren gef\u00fchrten Diskussion, die immer noch nicht abgeschlossen ist, aber aus der sich bemerkenswerte und kontroverse Ergebnisse ziehen lassen. Die Arbeit zeigt, dass die georgische Verfassung zahlreiche Ans\u00e4tze der staatlichen Schutzpflichten \u2013 allgemeiner und konkreter Art \u2013 liefert, die auch vor allem in der Rechtsprechung des Georgischen Verfassungsgerichts verschiedentlich schon aufgegriffen wurden, durchaus zum Teil unter R\u00fcckgriff auf Aussagen der Europ\u00e4ischen Menschenrechtskonvention (EMRK) bzw. des Europ\u00e4ischen Gerichtshofes f\u00fcr Menschenrechte (EGMR). Den Bereich der grundrechtlichen Schutzpflichten der georgischen Verfassung auszuleuchten ist f\u00fcr eine relativ neue Rechtstaatlichkeit eines postsowjetischen Staates wichtig, um den Ansto\u00df f\u00fcr eine dringend n\u00f6tige Debatte zu geben.","og_url":"https:\/\/shop.verlag.uni-potsdam.de\/en\/shop\/schutzpflichten-und-die-horizontale-wirkung-von-grundrechten-in-der-verfassung-georgiens-vom-24-august-1995\/","og_site_name":"Universit\u00e4tsverlag Potsdam","article_modified_time":"2026-04-27T07:38:46+00:00","og_image":[{"width":452,"height":640,"url":"https:\/\/shop.verlag.uni-potsdam.de\/wp-content\/uploads\/asolmerce\/image-9783869560458.jpg","type":"image\/jpeg"}],"twitter_card":"summary_large_image","twitter_misc":{"Est. reading time":"2 minutes"},"schema":{"@context":"https:\/\/schema.org","@graph":[{"@type":"WebPage","@id":"https:\/\/shop.verlag.uni-potsdam.de\/en\/shop\/schutzpflichten-und-die-horizontale-wirkung-von-grundrechten-in-der-verfassung-georgiens-vom-24-august-1995\/","url":"https:\/\/shop.verlag.uni-potsdam.de\/en\/shop\/schutzpflichten-und-die-horizontale-wirkung-von-grundrechten-in-der-verfassung-georgiens-vom-24-august-1995\/","name":"Schutzpflichten und die horizontale Wirkung von Grundrechten in der Verfassung Georgiens vom 24. August 1995 - Universit\u00e4tsverlag Potsdam","isPartOf":{"@id":"https:\/\/shop.verlag.uni-potsdam.de\/en\/#website"},"primaryImageOfPage":{"@id":"https:\/\/shop.verlag.uni-potsdam.de\/en\/shop\/schutzpflichten-und-die-horizontale-wirkung-von-grundrechten-in-der-verfassung-georgiens-vom-24-august-1995\/#primaryimage"},"image":{"@id":"https:\/\/shop.verlag.uni-potsdam.de\/shop\/schutzpflichten-und-die-horizontale-wirkung-von-grundrechten-in-der-verfassung-georgiens-vom-24-august-1995\/#primaryimage"},"thumbnailUrl":"https:\/\/shop.verlag.uni-potsdam.de\/wp-content\/uploads\/asolmerce\/image-9783869560458.jpg","datePublished":"2026-04-27T05:37:46+00:00","dateModified":"2026-04-27T07:38:46+00:00","breadcrumb":{"@id":"https:\/\/shop.verlag.uni-potsdam.de\/en\/shop\/schutzpflichten-und-die-horizontale-wirkung-von-grundrechten-in-der-verfassung-georgiens-vom-24-august-1995\/#breadcrumb"},"inLanguage":"en-US","potentialAction":[{"@type":"ReadAction","target":[["https:\/\/shop.verlag.uni-potsdam.de\/en\/shop\/schutzpflichten-und-die-horizontale-wirkung-von-grundrechten-in-der-verfassung-georgiens-vom-24-august-1995\/"]]}]},{"@type":"ImageObject","inLanguage":"en-US","@id":"https:\/\/shop.verlag.uni-potsdam.de\/en\/shop\/schutzpflichten-und-die-horizontale-wirkung-von-grundrechten-in-der-verfassung-georgiens-vom-24-august-1995\/#primaryimage","url":"https:\/\/shop.verlag.uni-potsdam.de\/wp-content\/uploads\/asolmerce\/image-9783869560458.jpg","contentUrl":"https:\/\/shop.verlag.uni-potsdam.de\/wp-content\/uploads\/asolmerce\/image-9783869560458.jpg","width":452,"height":640},{"@type":"BreadcrumbList","@id":"https:\/\/shop.verlag.uni-potsdam.de\/en\/shop\/schutzpflichten-und-die-horizontale-wirkung-von-grundrechten-in-der-verfassung-georgiens-vom-24-august-1995\/#breadcrumb","itemListElement":[{"@type":"ListItem","position":1,"name":"Startseite","item":"https:\/\/shop.verlag.uni-potsdam.de\/en\/"},{"@type":"ListItem","position":2,"name":"Shop","item":"https:\/\/shop.verlag.uni-potsdam.de\/en\/shop\/"},{"@type":"ListItem","position":3,"name":"Schutzpflichten und die horizontale Wirkung von Grundrechten in der Verfassung Georgiens vom 24. August 1995"}]},{"@type":"WebSite","@id":"https:\/\/shop.verlag.uni-potsdam.de\/en\/#website","url":"https:\/\/shop.verlag.uni-potsdam.de\/en\/","name":"Universit\u00e4tsverlag Potsdam","description":"","publisher":{"@id":"https:\/\/shop.verlag.uni-potsdam.de\/en\/#organization"},"potentialAction":[{"@type":"SearchAction","target":{"@type":"EntryPoint","urlTemplate":"https:\/\/shop.verlag.uni-potsdam.de\/en\/?s={search_term_string}"},"query-input":{"@type":"PropertyValueSpecification","valueRequired":true,"valueName":"search_term_string"}}],"inLanguage":"en-US"},{"@type":"Organization","@id":"https:\/\/shop.verlag.uni-potsdam.de\/en\/#organization","name":"Universit\u00e4tsverlag Potsdam","url":"https:\/\/shop.verlag.uni-potsdam.de\/en\/","logo":{"@type":"ImageObject","inLanguage":"en-US","@id":"https:\/\/shop.verlag.uni-potsdam.de\/en\/#\/schema\/logo\/image\/","url":"https:\/\/shop.verlag.uni-potsdam.de\/wp-content\/uploads\/2017\/04\/up_logo_university_2.png","contentUrl":"https:\/\/shop.verlag.uni-potsdam.de\/wp-content\/uploads\/2017\/04\/up_logo_university_2.png","width":160,"height":172,"caption":"Universit\u00e4tsverlag Potsdam"},"image":{"@id":"https:\/\/shop.verlag.uni-potsdam.de\/en\/#\/schema\/logo\/image\/"}}]}},"_links":{"self":[{"href":"https:\/\/shop.verlag.uni-potsdam.de\/en\/wp-json\/wp\/v2\/product\/52156","targetHints":{"allow":["GET"]}}],"collection":[{"href":"https:\/\/shop.verlag.uni-potsdam.de\/en\/wp-json\/wp\/v2\/product"}],"about":[{"href":"https:\/\/shop.verlag.uni-potsdam.de\/en\/wp-json\/wp\/v2\/types\/product"}],"wp:featuredmedia":[{"embeddable":true,"href":"https:\/\/shop.verlag.uni-potsdam.de\/en\/wp-json\/wp\/v2\/media\/53851"}],"wp:attachment":[{"href":"https:\/\/shop.verlag.uni-potsdam.de\/en\/wp-json\/wp\/v2\/media?parent=52156"}],"wp:term":[{"taxonomy":"product_brand","embeddable":true,"href":"https:\/\/shop.verlag.uni-potsdam.de\/en\/wp-json\/wp\/v2\/product_brand?post=52156"},{"taxonomy":"product_cat","embeddable":true,"href":"https:\/\/shop.verlag.uni-potsdam.de\/en\/wp-json\/wp\/v2\/product_cat?post=52156"},{"taxonomy":"product_tag","embeddable":true,"href":"https:\/\/shop.verlag.uni-potsdam.de\/en\/wp-json\/wp\/v2\/product_tag?post=52156"}],"curies":[{"name":"wp","href":"https:\/\/api.w.org\/{rel}","templated":true}]}}