{"id":52184,"date":"2026-03-23T08:53:29","date_gmt":"2026-03-23T08:53:29","guid":{"rendered":"http:\/\/shop.verlag.uni-potsdam.de\/produkt\/die-politik-deutschlands-in-der-kosovofrage-im-zeitraum-von-1999-bis-2007\/"},"modified":"2026-03-23T11:54:29","modified_gmt":"2026-03-23T10:54:29","slug":"die-politik-deutschlands-in-der-kosovofrage","status":"publish","type":"product","link":"https:\/\/shop.verlag.uni-potsdam.de\/en\/shop\/die-politik-deutschlands-in-der-kosovofrage\/","title":{"rendered":"Die Politik Deutschlands in der Kosovofrage"},"content":{"rendered":"<p class=\"qtranxs-available-languages-message qtranxs-available-languages-message-en\">Sorry, this entry is only available in <a href=\"https:\/\/shop.verlag.uni-potsdam.de\/de\/wp-json\/wp\/v2\/product\/52184\" class=\"qtranxs-available-language-link qtranxs-available-language-link-de\" title=\"Deutsch\">Deutsch<\/a>.<\/p><p>Anfang des Jahres 2008 erkannte die Bundesrepublik Deutschland den Kosovo als souver\u00e4nen Staat an, w\u00e4hrend sich die Europ\u00e4ische Union mit dieser Entscheidung zur\u00fcckhielt. Die Politikwissenschaftlerin Franziska Kr\u00e4mer untersucht in ihrer Arbeit \u201eDie Politik Deutschlands in der Kosovofrage\u201c das Spannungsverh\u00e4ltnis zwischen eigenst\u00e4ndiger deutscher und europ\u00e4ischer Au\u00dfenpolitik. Am Beispiel des Kosovo wird die Problematik der Verflechtung von deutschen und europ\u00e4ischen Politikebenen diskutiert. Die Autorin kommt zu dem Ergebnis, dass die deutsche Kosovopolitik als Beispiel einer neuen deutschen Au\u00dfenpolitik und nicht als der Beginn einer Europ\u00e4isierung deutscher Au\u00dfenpolitik zu sehen ist.<\/p>","protected":false},"excerpt":{"rendered":"<p class=\"qtranxs-available-languages-message qtranxs-available-languages-message-en\">Sorry, this entry is only available in <a href=\"https:\/\/shop.verlag.uni-potsdam.de\/de\/wp-json\/wp\/v2\/product\/52184\" class=\"qtranxs-available-language-link qtranxs-available-language-link-de\" title=\"Deutsch\">Deutsch<\/a>.<\/p>\n<p>Anfang des Jahres 2008 erkannte die Bundesrepublik Deutschland den Kosovo als souver\u00e4nen Staat an, w\u00e4hrend sich die Europ\u00e4ische Union mit dieser Entscheidung zur\u00fcckhielt. Die Politikwissenschaftlerin Franziska Kr\u00e4mer untersucht in ihrer Arbeit \u201eDie Politik Deutschlands in der Kosovofrage\u201c das Spannungsverh\u00e4ltnis zwischen eigenst\u00e4ndiger deutscher und europ\u00e4ischer Au\u00dfenpolitik. Am Beispiel des Kosovo wird die Problematik der Verflechtung von deutschen und europ\u00e4ischen Politikebenen diskutiert. Die Autorin kommt zu dem Ergebnis, dass die deutsche Kosovopolitik als Beispiel einer neuen deutschen Au\u00dfenpolitik und nicht als der Beginn einer Europ\u00e4isierung deutscher Au\u00dfenpolitik zu sehen ist.<\/p>\n","protected":false},"featured_media":53840,"template":"","meta":{"_acf_changed":false},"product_brand":[],"product_cat":[6223],"product_tag":[5186],"class_list":{"0":"post-52184","1":"product","2":"type-product","3":"status-publish","4":"has-post-thumbnail","6":"product_cat-politikwissenschaft-web-kategorie","7":"product_tag-aussenpolitik-europa-nationalstaat","8":"autor-franziska-kraemer","10":"first","11":"instock","12":"shipping-taxable","13":"purchasable","14":"product-type-simple"},"acf":[],"yoast_head":"<!-- This site is optimized with the Yoast SEO plugin v27.1.1 - https:\/\/yoast.com\/product\/yoast-seo-wordpress\/ -->\n<title>Die Politik Deutschlands in der Kosovofrage - Universit\u00e4tsverlag Potsdam<\/title>\n<meta name=\"robots\" content=\"index, follow, max-snippet:-1, max-image-preview:large, max-video-preview:-1\" \/>\n<link rel=\"canonical\" href=\"https:\/\/shop.verlag.uni-potsdam.de\/en\/shop\/die-politik-deutschlands-in-der-kosovofrage\/\" \/>\n<meta property=\"og:locale\" content=\"en_US\" \/>\n<meta property=\"og:type\" content=\"article\" \/>\n<meta property=\"og:title\" content=\"Die Politik Deutschlands in der Kosovofrage - Universit\u00e4tsverlag Potsdam\" \/>\n<meta property=\"og:description\" content=\"Anfang des Jahres 2008 erkannte die Bundesrepublik Deutschland den Kosovo als souver\u00e4nen Staat an, w\u00e4hrend sich die Europ\u00e4ische Union mit dieser Entscheidung zur\u00fcckhielt. Die Politikwissenschaftlerin Franziska Kr\u00e4mer untersucht in ihrer Arbeit \u201eDie Politik Deutschlands in der Kosovofrage\u201c das Spannungsverh\u00e4ltnis zwischen eigenst\u00e4ndiger deutscher und europ\u00e4ischer Au\u00dfenpolitik. Am Beispiel des Kosovo wird die Problematik der Verflechtung von deutschen und europ\u00e4ischen Politikebenen diskutiert. Die Autorin kommt zu dem Ergebnis, dass die deutsche Kosovopolitik als Beispiel einer neuen deutschen Au\u00dfenpolitik und nicht als der Beginn einer Europ\u00e4isierung deutscher Au\u00dfenpolitik zu sehen ist.\" \/>\n<meta property=\"og:url\" content=\"https:\/\/shop.verlag.uni-potsdam.de\/en\/shop\/die-politik-deutschlands-in-der-kosovofrage\/\" \/>\n<meta property=\"og:site_name\" content=\"Universit\u00e4tsverlag Potsdam\" \/>\n<meta property=\"article:modified_time\" content=\"2026-03-23T10:54:29+00:00\" \/>\n<meta property=\"og:image\" content=\"https:\/\/shop.verlag.uni-potsdam.de\/wp-content\/uploads\/asolmerce\/image-9783940793706.jpg\" \/>\n\t<meta property=\"og:image:width\" content=\"449\" \/>\n\t<meta property=\"og:image:height\" content=\"640\" \/>\n\t<meta property=\"og:image:type\" content=\"image\/jpeg\" \/>\n<meta name=\"twitter:card\" content=\"summary_large_image\" \/>\n<meta name=\"twitter:label1\" content=\"Est. reading time\" \/>\n\t<meta name=\"twitter:data1\" content=\"1 minute\" \/>\n<script type=\"application\/ld+json\" class=\"yoast-schema-graph\">{\"@context\":\"https:\/\/schema.org\",\"@graph\":[{\"@type\":\"WebPage\",\"@id\":\"https:\/\/shop.verlag.uni-potsdam.de\/en\/shop\/die-politik-deutschlands-in-der-kosovofrage\/\",\"url\":\"https:\/\/shop.verlag.uni-potsdam.de\/en\/shop\/die-politik-deutschlands-in-der-kosovofrage\/\",\"name\":\"Die Politik Deutschlands in der Kosovofrage - Universit\u00e4tsverlag Potsdam\",\"isPartOf\":{\"@id\":\"https:\/\/shop.verlag.uni-potsdam.de\/en\/#website\"},\"primaryImageOfPage\":{\"@id\":\"https:\/\/shop.verlag.uni-potsdam.de\/en\/shop\/die-politik-deutschlands-in-der-kosovofrage\/#primaryimage\"},\"image\":{\"@id\":\"https:\/\/shop.verlag.uni-potsdam.de\/shop\/die-politik-deutschlands-in-der-kosovofrage\/#primaryimage\"},\"thumbnailUrl\":\"https:\/\/shop.verlag.uni-potsdam.de\/wp-content\/uploads\/asolmerce\/image-9783940793706.jpg\",\"datePublished\":\"2026-03-23T08:53:29+00:00\",\"dateModified\":\"2026-03-23T10:54:29+00:00\",\"breadcrumb\":{\"@id\":\"https:\/\/shop.verlag.uni-potsdam.de\/en\/shop\/die-politik-deutschlands-in-der-kosovofrage\/#breadcrumb\"},\"inLanguage\":\"en-US\",\"potentialAction\":[{\"@type\":\"ReadAction\",\"target\":[[\"https:\/\/shop.verlag.uni-potsdam.de\/en\/shop\/die-politik-deutschlands-in-der-kosovofrage\/\"]]}]},{\"@type\":\"ImageObject\",\"inLanguage\":\"en-US\",\"@id\":\"https:\/\/shop.verlag.uni-potsdam.de\/en\/shop\/die-politik-deutschlands-in-der-kosovofrage\/#primaryimage\",\"url\":\"https:\/\/shop.verlag.uni-potsdam.de\/wp-content\/uploads\/asolmerce\/image-9783940793706.jpg\",\"contentUrl\":\"https:\/\/shop.verlag.uni-potsdam.de\/wp-content\/uploads\/asolmerce\/image-9783940793706.jpg\",\"width\":449,\"height\":640},{\"@type\":\"BreadcrumbList\",\"@id\":\"https:\/\/shop.verlag.uni-potsdam.de\/en\/shop\/die-politik-deutschlands-in-der-kosovofrage\/#breadcrumb\",\"itemListElement\":[{\"@type\":\"ListItem\",\"position\":1,\"name\":\"Startseite\",\"item\":\"https:\/\/shop.verlag.uni-potsdam.de\/en\/\"},{\"@type\":\"ListItem\",\"position\":2,\"name\":\"Shop\",\"item\":\"https:\/\/shop.verlag.uni-potsdam.de\/en\/shop\/\"},{\"@type\":\"ListItem\",\"position\":3,\"name\":\"Die Politik Deutschlands in der Kosovofrage\"}]},{\"@type\":\"WebSite\",\"@id\":\"https:\/\/shop.verlag.uni-potsdam.de\/en\/#website\",\"url\":\"https:\/\/shop.verlag.uni-potsdam.de\/en\/\",\"name\":\"Universit\u00e4tsverlag Potsdam\",\"description\":\"\",\"publisher\":{\"@id\":\"https:\/\/shop.verlag.uni-potsdam.de\/en\/#organization\"},\"potentialAction\":[{\"@type\":\"SearchAction\",\"target\":{\"@type\":\"EntryPoint\",\"urlTemplate\":\"https:\/\/shop.verlag.uni-potsdam.de\/en\/?s={search_term_string}\"},\"query-input\":{\"@type\":\"PropertyValueSpecification\",\"valueRequired\":true,\"valueName\":\"search_term_string\"}}],\"inLanguage\":\"en-US\"},{\"@type\":\"Organization\",\"@id\":\"https:\/\/shop.verlag.uni-potsdam.de\/en\/#organization\",\"name\":\"Universit\u00e4tsverlag Potsdam\",\"url\":\"https:\/\/shop.verlag.uni-potsdam.de\/en\/\",\"logo\":{\"@type\":\"ImageObject\",\"inLanguage\":\"en-US\",\"@id\":\"https:\/\/shop.verlag.uni-potsdam.de\/en\/#\/schema\/logo\/image\/\",\"url\":\"https:\/\/shop.verlag.uni-potsdam.de\/wp-content\/uploads\/2017\/04\/up_logo_university_2.png\",\"contentUrl\":\"https:\/\/shop.verlag.uni-potsdam.de\/wp-content\/uploads\/2017\/04\/up_logo_university_2.png\",\"width\":160,\"height\":172,\"caption\":\"Universit\u00e4tsverlag Potsdam\"},\"image\":{\"@id\":\"https:\/\/shop.verlag.uni-potsdam.de\/en\/#\/schema\/logo\/image\/\"}}]}<\/script>\n<!-- \/ Yoast SEO plugin. -->","yoast_head_json":{"title":"Die Politik Deutschlands in der Kosovofrage - Universit\u00e4tsverlag Potsdam","robots":{"index":"index","follow":"follow","max-snippet":"max-snippet:-1","max-image-preview":"max-image-preview:large","max-video-preview":"max-video-preview:-1"},"canonical":"https:\/\/shop.verlag.uni-potsdam.de\/en\/shop\/die-politik-deutschlands-in-der-kosovofrage\/","og_locale":"en_US","og_type":"article","og_title":"Die Politik Deutschlands in der Kosovofrage - Universit\u00e4tsverlag Potsdam","og_description":"Anfang des Jahres 2008 erkannte die Bundesrepublik Deutschland den Kosovo als souver\u00e4nen Staat an, w\u00e4hrend sich die Europ\u00e4ische Union mit dieser Entscheidung zur\u00fcckhielt. Die Politikwissenschaftlerin Franziska Kr\u00e4mer untersucht in ihrer Arbeit \u201eDie Politik Deutschlands in der Kosovofrage\u201c das Spannungsverh\u00e4ltnis zwischen eigenst\u00e4ndiger deutscher und europ\u00e4ischer Au\u00dfenpolitik. Am Beispiel des Kosovo wird die Problematik der Verflechtung von deutschen und europ\u00e4ischen Politikebenen diskutiert. Die Autorin kommt zu dem Ergebnis, dass die deutsche Kosovopolitik als Beispiel einer neuen deutschen Au\u00dfenpolitik und nicht als der Beginn einer Europ\u00e4isierung deutscher Au\u00dfenpolitik zu sehen ist.","og_url":"https:\/\/shop.verlag.uni-potsdam.de\/en\/shop\/die-politik-deutschlands-in-der-kosovofrage\/","og_site_name":"Universit\u00e4tsverlag Potsdam","article_modified_time":"2026-03-23T10:54:29+00:00","og_image":[{"width":449,"height":640,"url":"https:\/\/shop.verlag.uni-potsdam.de\/wp-content\/uploads\/asolmerce\/image-9783940793706.jpg","type":"image\/jpeg"}],"twitter_card":"summary_large_image","twitter_misc":{"Est. reading time":"1 minute"},"schema":{"@context":"https:\/\/schema.org","@graph":[{"@type":"WebPage","@id":"https:\/\/shop.verlag.uni-potsdam.de\/en\/shop\/die-politik-deutschlands-in-der-kosovofrage\/","url":"https:\/\/shop.verlag.uni-potsdam.de\/en\/shop\/die-politik-deutschlands-in-der-kosovofrage\/","name":"Die Politik Deutschlands in der Kosovofrage - Universit\u00e4tsverlag Potsdam","isPartOf":{"@id":"https:\/\/shop.verlag.uni-potsdam.de\/en\/#website"},"primaryImageOfPage":{"@id":"https:\/\/shop.verlag.uni-potsdam.de\/en\/shop\/die-politik-deutschlands-in-der-kosovofrage\/#primaryimage"},"image":{"@id":"https:\/\/shop.verlag.uni-potsdam.de\/shop\/die-politik-deutschlands-in-der-kosovofrage\/#primaryimage"},"thumbnailUrl":"https:\/\/shop.verlag.uni-potsdam.de\/wp-content\/uploads\/asolmerce\/image-9783940793706.jpg","datePublished":"2026-03-23T08:53:29+00:00","dateModified":"2026-03-23T10:54:29+00:00","breadcrumb":{"@id":"https:\/\/shop.verlag.uni-potsdam.de\/en\/shop\/die-politik-deutschlands-in-der-kosovofrage\/#breadcrumb"},"inLanguage":"en-US","potentialAction":[{"@type":"ReadAction","target":[["https:\/\/shop.verlag.uni-potsdam.de\/en\/shop\/die-politik-deutschlands-in-der-kosovofrage\/"]]}]},{"@type":"ImageObject","inLanguage":"en-US","@id":"https:\/\/shop.verlag.uni-potsdam.de\/en\/shop\/die-politik-deutschlands-in-der-kosovofrage\/#primaryimage","url":"https:\/\/shop.verlag.uni-potsdam.de\/wp-content\/uploads\/asolmerce\/image-9783940793706.jpg","contentUrl":"https:\/\/shop.verlag.uni-potsdam.de\/wp-content\/uploads\/asolmerce\/image-9783940793706.jpg","width":449,"height":640},{"@type":"BreadcrumbList","@id":"https:\/\/shop.verlag.uni-potsdam.de\/en\/shop\/die-politik-deutschlands-in-der-kosovofrage\/#breadcrumb","itemListElement":[{"@type":"ListItem","position":1,"name":"Startseite","item":"https:\/\/shop.verlag.uni-potsdam.de\/en\/"},{"@type":"ListItem","position":2,"name":"Shop","item":"https:\/\/shop.verlag.uni-potsdam.de\/en\/shop\/"},{"@type":"ListItem","position":3,"name":"Die Politik Deutschlands in der Kosovofrage"}]},{"@type":"WebSite","@id":"https:\/\/shop.verlag.uni-potsdam.de\/en\/#website","url":"https:\/\/shop.verlag.uni-potsdam.de\/en\/","name":"Universit\u00e4tsverlag Potsdam","description":"","publisher":{"@id":"https:\/\/shop.verlag.uni-potsdam.de\/en\/#organization"},"potentialAction":[{"@type":"SearchAction","target":{"@type":"EntryPoint","urlTemplate":"https:\/\/shop.verlag.uni-potsdam.de\/en\/?s={search_term_string}"},"query-input":{"@type":"PropertyValueSpecification","valueRequired":true,"valueName":"search_term_string"}}],"inLanguage":"en-US"},{"@type":"Organization","@id":"https:\/\/shop.verlag.uni-potsdam.de\/en\/#organization","name":"Universit\u00e4tsverlag Potsdam","url":"https:\/\/shop.verlag.uni-potsdam.de\/en\/","logo":{"@type":"ImageObject","inLanguage":"en-US","@id":"https:\/\/shop.verlag.uni-potsdam.de\/en\/#\/schema\/logo\/image\/","url":"https:\/\/shop.verlag.uni-potsdam.de\/wp-content\/uploads\/2017\/04\/up_logo_university_2.png","contentUrl":"https:\/\/shop.verlag.uni-potsdam.de\/wp-content\/uploads\/2017\/04\/up_logo_university_2.png","width":160,"height":172,"caption":"Universit\u00e4tsverlag Potsdam"},"image":{"@id":"https:\/\/shop.verlag.uni-potsdam.de\/en\/#\/schema\/logo\/image\/"}}]}},"_links":{"self":[{"href":"https:\/\/shop.verlag.uni-potsdam.de\/en\/wp-json\/wp\/v2\/product\/52184","targetHints":{"allow":["GET"]}}],"collection":[{"href":"https:\/\/shop.verlag.uni-potsdam.de\/en\/wp-json\/wp\/v2\/product"}],"about":[{"href":"https:\/\/shop.verlag.uni-potsdam.de\/en\/wp-json\/wp\/v2\/types\/product"}],"wp:featuredmedia":[{"embeddable":true,"href":"https:\/\/shop.verlag.uni-potsdam.de\/en\/wp-json\/wp\/v2\/media\/53840"}],"wp:attachment":[{"href":"https:\/\/shop.verlag.uni-potsdam.de\/en\/wp-json\/wp\/v2\/media?parent=52184"}],"wp:term":[{"taxonomy":"product_brand","embeddable":true,"href":"https:\/\/shop.verlag.uni-potsdam.de\/en\/wp-json\/wp\/v2\/product_brand?post=52184"},{"taxonomy":"product_cat","embeddable":true,"href":"https:\/\/shop.verlag.uni-potsdam.de\/en\/wp-json\/wp\/v2\/product_cat?post=52184"},{"taxonomy":"product_tag","embeddable":true,"href":"https:\/\/shop.verlag.uni-potsdam.de\/en\/wp-json\/wp\/v2\/product_tag?post=52184"}],"curies":[{"name":"wp","href":"https:\/\/api.w.org\/{rel}","templated":true}]}}