{"id":52201,"date":"2026-03-23T08:53:29","date_gmt":"2026-03-23T08:53:29","guid":{"rendered":"http:\/\/shop.verlag.uni-potsdam.de\/produkt\/von-alaska-bis-feuerland\/"},"modified":"2026-03-23T11:54:29","modified_gmt":"2026-03-23T10:54:29","slug":"von-alaska-bis-feuerland","status":"publish","type":"product","link":"https:\/\/shop.verlag.uni-potsdam.de\/en\/shop\/von-alaska-bis-feuerland\/","title":{"rendered":"Von Alaska bis Feuerland?"},"content":{"rendered":"<p class=\"qtranxs-available-languages-message qtranxs-available-languages-message-en\">Sorry, this entry is only available in <a href=\"https:\/\/shop.verlag.uni-potsdam.de\/de\/wp-json\/wp\/v2\/product\/52201\" class=\"qtranxs-available-language-link qtranxs-available-language-link-de\" title=\"Deutsch\">Deutsch<\/a>.<\/p><p>In den WT-Thesis Nr. 1 analysiert die Politikwissenschaftlerin Nina Kolleck die Ursachen f\u00fcr das Scheitern der panamerikanischen Freihandelszone ALCA. Obwohl nach der dominanten Wirtschaftstheorie alle Beteiligten von der ALCA profitieren, wurde die Unterzeichnung des Freihandelsabkommens am 1. Januar 2005 abgelehnt. Doch nicht nur das ALCA-Projekt wurde bisher nicht verwirklicht. Trotz weltweit zunehmender Handelsverflechtungen st\u00f6\u00dft das Ziel der multilateralen Handelsliberalisierung auf fundamentale Probleme. Nina Kolleck analysiert in ihrer Abschlussarbeit das Scheitern der ALCA nicht nur aus \u00f6konomischer Sicht, sondern sie zieht Konzepte hegemonialer Stabilit\u00e4t sowie neogramscianische Perspektiven heran. Empirisch st\u00fctzt sich die Arbeit auf Dokumentenanalyse, Interviews sowie auf die Auswertung von Datenmaterial. Das Scheitern der Freihandelszone f\u00fchrt Nina Kolleck auf Machtkonflikte zur\u00fcck. Eine rein \u00f6konomische Analyse des Prozesses sei ungen\u00fcgend. Die ALCA wurde vor allem deshalb nicht unterzeichnet, weil es an der Durchsetzungskraft einer Hegemonie fehlte. Diese legitimieren sich nicht nur materiell, sondern auch politisch, ideologisch und \u00fcber gesellschaftliche Akzeptanz.<\/p>","protected":false},"excerpt":{"rendered":"<p class=\"qtranxs-available-languages-message qtranxs-available-languages-message-en\">Sorry, this entry is only available in <a href=\"https:\/\/shop.verlag.uni-potsdam.de\/de\/wp-json\/wp\/v2\/product\/52201\" class=\"qtranxs-available-language-link qtranxs-available-language-link-de\" title=\"Deutsch\">Deutsch<\/a>.<\/p>\n<p>In den WT-Thesis Nr. 1 analysiert die Politikwissenschaftlerin Nina Kolleck die Ursachen f\u00fcr das Scheitern der panamerikanischen Freihandelszone ALCA. Obwohl nach der dominanten Wirtschaftstheorie alle Beteiligten von der ALCA profitieren, wurde die Unterzeichnung des Freihandelsabkommens am 1. Januar 2005 abgelehnt. Doch nicht nur das ALCA-Projekt wurde bisher nicht verwirklicht. Trotz weltweit zunehmender Handelsverflechtungen st\u00f6\u00dft das Ziel der multilateralen Handelsliberalisierung auf fundamentale Probleme. Nina Kolleck analysiert in ihrer Abschlussarbeit das Scheitern der ALCA nicht nur aus \u00f6konomischer Sicht, sondern sie zieht Konzepte hegemonialer Stabilit\u00e4t sowie neogramscianische Perspektiven heran. Empirisch st\u00fctzt sich die Arbeit auf Dokumentenanalyse, Interviews sowie auf die Auswertung von Datenmaterial. Das Scheitern der Freihandelszone f\u00fchrt Nina Kolleck auf Machtkonflikte zur\u00fcck. Eine rein \u00f6konomische Analyse des Prozesses sei ungen\u00fcgend. Die ALCA wurde vor allem deshalb nicht unterzeichnet, weil es an der Durchsetzungskraft einer Hegemonie fehlte. Diese legitimieren sich nicht nur materiell, sondern auch politisch, ideologisch und \u00fcber gesellschaftliche Akzeptanz.<\/p>\n","protected":false},"featured_media":53837,"template":"","meta":{"_acf_changed":false},"product_brand":[],"product_cat":[6223],"product_tag":[5192],"class_list":{"0":"post-52201","1":"product","2":"type-product","3":"status-publish","4":"has-post-thumbnail","6":"product_cat-politikwissenschaft-web-kategorie","7":"product_tag-free-trade-area-of-the-americas-welthandel-wirtschaftliche-integration","8":"autor-nina-kolleck","9":"edition-restexemplare","11":"first","12":"instock","13":"shipping-taxable","14":"purchasable","15":"product-type-simple"},"acf":[],"yoast_head":"<!-- This site is optimized with the Yoast SEO plugin v27.1.1 - https:\/\/yoast.com\/product\/yoast-seo-wordpress\/ -->\n<title>Von Alaska bis Feuerland? - Universit\u00e4tsverlag Potsdam<\/title>\n<meta name=\"robots\" content=\"index, follow, max-snippet:-1, max-image-preview:large, max-video-preview:-1\" \/>\n<link rel=\"canonical\" href=\"https:\/\/shop.verlag.uni-potsdam.de\/en\/shop\/von-alaska-bis-feuerland\/\" \/>\n<meta property=\"og:locale\" content=\"en_US\" \/>\n<meta property=\"og:type\" content=\"article\" \/>\n<meta property=\"og:title\" content=\"Von Alaska bis Feuerland? - Universit\u00e4tsverlag Potsdam\" \/>\n<meta property=\"og:description\" content=\"In den WT-Thesis Nr. 1 analysiert die Politikwissenschaftlerin Nina Kolleck die Ursachen f\u00fcr das Scheitern der panamerikanischen Freihandelszone ALCA. Obwohl nach der dominanten Wirtschaftstheorie alle Beteiligten von der ALCA profitieren, wurde die Unterzeichnung des Freihandelsabkommens am 1. Januar 2005 abgelehnt. Doch nicht nur das ALCA-Projekt wurde bisher nicht verwirklicht. Trotz weltweit zunehmender Handelsverflechtungen st\u00f6\u00dft das Ziel der multilateralen Handelsliberalisierung auf fundamentale Probleme. Nina Kolleck analysiert in ihrer Abschlussarbeit das Scheitern der ALCA nicht nur aus \u00f6konomischer Sicht, sondern sie zieht Konzepte hegemonialer Stabilit\u00e4t sowie neogramscianische Perspektiven heran. Empirisch st\u00fctzt sich die Arbeit auf Dokumentenanalyse, Interviews sowie auf die Auswertung von Datenmaterial. Das Scheitern der Freihandelszone f\u00fchrt Nina Kolleck auf Machtkonflikte zur\u00fcck. Eine rein \u00f6konomische Analyse des Prozesses sei ungen\u00fcgend. Die ALCA wurde vor allem deshalb nicht unterzeichnet, weil es an der Durchsetzungskraft einer Hegemonie fehlte. Diese legitimieren sich nicht nur materiell, sondern auch politisch, ideologisch und \u00fcber gesellschaftliche Akzeptanz.\" \/>\n<meta property=\"og:url\" content=\"https:\/\/shop.verlag.uni-potsdam.de\/en\/shop\/von-alaska-bis-feuerland\/\" \/>\n<meta property=\"og:site_name\" content=\"Universit\u00e4tsverlag Potsdam\" \/>\n<meta property=\"article:modified_time\" content=\"2026-03-23T10:54:29+00:00\" \/>\n<meta property=\"og:image\" content=\"https:\/\/shop.verlag.uni-potsdam.de\/wp-content\/uploads\/asolmerce\/image-9783940793164.jpg\" \/>\n\t<meta property=\"og:image:width\" content=\"449\" \/>\n\t<meta property=\"og:image:height\" content=\"640\" \/>\n\t<meta property=\"og:image:type\" content=\"image\/jpeg\" \/>\n<meta name=\"twitter:card\" content=\"summary_large_image\" \/>\n<meta name=\"twitter:label1\" content=\"Est. reading time\" \/>\n\t<meta name=\"twitter:data1\" content=\"1 minute\" \/>\n<script type=\"application\/ld+json\" class=\"yoast-schema-graph\">{\"@context\":\"https:\/\/schema.org\",\"@graph\":[{\"@type\":\"WebPage\",\"@id\":\"https:\/\/shop.verlag.uni-potsdam.de\/en\/shop\/von-alaska-bis-feuerland\/\",\"url\":\"https:\/\/shop.verlag.uni-potsdam.de\/en\/shop\/von-alaska-bis-feuerland\/\",\"name\":\"Von Alaska bis Feuerland? - Universit\u00e4tsverlag Potsdam\",\"isPartOf\":{\"@id\":\"https:\/\/shop.verlag.uni-potsdam.de\/en\/#website\"},\"primaryImageOfPage\":{\"@id\":\"https:\/\/shop.verlag.uni-potsdam.de\/en\/shop\/von-alaska-bis-feuerland\/#primaryimage\"},\"image\":{\"@id\":\"https:\/\/shop.verlag.uni-potsdam.de\/shop\/von-alaska-bis-feuerland\/#primaryimage\"},\"thumbnailUrl\":\"https:\/\/shop.verlag.uni-potsdam.de\/wp-content\/uploads\/asolmerce\/image-9783940793164.jpg\",\"datePublished\":\"2026-03-23T08:53:29+00:00\",\"dateModified\":\"2026-03-23T10:54:29+00:00\",\"breadcrumb\":{\"@id\":\"https:\/\/shop.verlag.uni-potsdam.de\/en\/shop\/von-alaska-bis-feuerland\/#breadcrumb\"},\"inLanguage\":\"en-US\",\"potentialAction\":[{\"@type\":\"ReadAction\",\"target\":[[\"https:\/\/shop.verlag.uni-potsdam.de\/en\/shop\/von-alaska-bis-feuerland\/\"]]}]},{\"@type\":\"ImageObject\",\"inLanguage\":\"en-US\",\"@id\":\"https:\/\/shop.verlag.uni-potsdam.de\/en\/shop\/von-alaska-bis-feuerland\/#primaryimage\",\"url\":\"https:\/\/shop.verlag.uni-potsdam.de\/wp-content\/uploads\/asolmerce\/image-9783940793164.jpg\",\"contentUrl\":\"https:\/\/shop.verlag.uni-potsdam.de\/wp-content\/uploads\/asolmerce\/image-9783940793164.jpg\",\"width\":449,\"height\":640},{\"@type\":\"BreadcrumbList\",\"@id\":\"https:\/\/shop.verlag.uni-potsdam.de\/en\/shop\/von-alaska-bis-feuerland\/#breadcrumb\",\"itemListElement\":[{\"@type\":\"ListItem\",\"position\":1,\"name\":\"Startseite\",\"item\":\"https:\/\/shop.verlag.uni-potsdam.de\/en\/\"},{\"@type\":\"ListItem\",\"position\":2,\"name\":\"Shop\",\"item\":\"https:\/\/shop.verlag.uni-potsdam.de\/en\/shop\/\"},{\"@type\":\"ListItem\",\"position\":3,\"name\":\"Von Alaska bis Feuerland?\"}]},{\"@type\":\"WebSite\",\"@id\":\"https:\/\/shop.verlag.uni-potsdam.de\/en\/#website\",\"url\":\"https:\/\/shop.verlag.uni-potsdam.de\/en\/\",\"name\":\"Universit\u00e4tsverlag Potsdam\",\"description\":\"\",\"publisher\":{\"@id\":\"https:\/\/shop.verlag.uni-potsdam.de\/en\/#organization\"},\"potentialAction\":[{\"@type\":\"SearchAction\",\"target\":{\"@type\":\"EntryPoint\",\"urlTemplate\":\"https:\/\/shop.verlag.uni-potsdam.de\/en\/?s={search_term_string}\"},\"query-input\":{\"@type\":\"PropertyValueSpecification\",\"valueRequired\":true,\"valueName\":\"search_term_string\"}}],\"inLanguage\":\"en-US\"},{\"@type\":\"Organization\",\"@id\":\"https:\/\/shop.verlag.uni-potsdam.de\/en\/#organization\",\"name\":\"Universit\u00e4tsverlag Potsdam\",\"url\":\"https:\/\/shop.verlag.uni-potsdam.de\/en\/\",\"logo\":{\"@type\":\"ImageObject\",\"inLanguage\":\"en-US\",\"@id\":\"https:\/\/shop.verlag.uni-potsdam.de\/en\/#\/schema\/logo\/image\/\",\"url\":\"https:\/\/shop.verlag.uni-potsdam.de\/wp-content\/uploads\/2017\/04\/up_logo_university_2.png\",\"contentUrl\":\"https:\/\/shop.verlag.uni-potsdam.de\/wp-content\/uploads\/2017\/04\/up_logo_university_2.png\",\"width\":160,\"height\":172,\"caption\":\"Universit\u00e4tsverlag Potsdam\"},\"image\":{\"@id\":\"https:\/\/shop.verlag.uni-potsdam.de\/en\/#\/schema\/logo\/image\/\"}}]}<\/script>\n<!-- \/ Yoast SEO plugin. -->","yoast_head_json":{"title":"Von Alaska bis Feuerland? - Universit\u00e4tsverlag Potsdam","robots":{"index":"index","follow":"follow","max-snippet":"max-snippet:-1","max-image-preview":"max-image-preview:large","max-video-preview":"max-video-preview:-1"},"canonical":"https:\/\/shop.verlag.uni-potsdam.de\/en\/shop\/von-alaska-bis-feuerland\/","og_locale":"en_US","og_type":"article","og_title":"Von Alaska bis Feuerland? - Universit\u00e4tsverlag Potsdam","og_description":"In den WT-Thesis Nr. 1 analysiert die Politikwissenschaftlerin Nina Kolleck die Ursachen f\u00fcr das Scheitern der panamerikanischen Freihandelszone ALCA. Obwohl nach der dominanten Wirtschaftstheorie alle Beteiligten von der ALCA profitieren, wurde die Unterzeichnung des Freihandelsabkommens am 1. Januar 2005 abgelehnt. Doch nicht nur das ALCA-Projekt wurde bisher nicht verwirklicht. Trotz weltweit zunehmender Handelsverflechtungen st\u00f6\u00dft das Ziel der multilateralen Handelsliberalisierung auf fundamentale Probleme. Nina Kolleck analysiert in ihrer Abschlussarbeit das Scheitern der ALCA nicht nur aus \u00f6konomischer Sicht, sondern sie zieht Konzepte hegemonialer Stabilit\u00e4t sowie neogramscianische Perspektiven heran. Empirisch st\u00fctzt sich die Arbeit auf Dokumentenanalyse, Interviews sowie auf die Auswertung von Datenmaterial. Das Scheitern der Freihandelszone f\u00fchrt Nina Kolleck auf Machtkonflikte zur\u00fcck. Eine rein \u00f6konomische Analyse des Prozesses sei ungen\u00fcgend. Die ALCA wurde vor allem deshalb nicht unterzeichnet, weil es an der Durchsetzungskraft einer Hegemonie fehlte. Diese legitimieren sich nicht nur materiell, sondern auch politisch, ideologisch und \u00fcber gesellschaftliche Akzeptanz.","og_url":"https:\/\/shop.verlag.uni-potsdam.de\/en\/shop\/von-alaska-bis-feuerland\/","og_site_name":"Universit\u00e4tsverlag Potsdam","article_modified_time":"2026-03-23T10:54:29+00:00","og_image":[{"width":449,"height":640,"url":"https:\/\/shop.verlag.uni-potsdam.de\/wp-content\/uploads\/asolmerce\/image-9783940793164.jpg","type":"image\/jpeg"}],"twitter_card":"summary_large_image","twitter_misc":{"Est. reading time":"1 minute"},"schema":{"@context":"https:\/\/schema.org","@graph":[{"@type":"WebPage","@id":"https:\/\/shop.verlag.uni-potsdam.de\/en\/shop\/von-alaska-bis-feuerland\/","url":"https:\/\/shop.verlag.uni-potsdam.de\/en\/shop\/von-alaska-bis-feuerland\/","name":"Von Alaska bis Feuerland? - Universit\u00e4tsverlag Potsdam","isPartOf":{"@id":"https:\/\/shop.verlag.uni-potsdam.de\/en\/#website"},"primaryImageOfPage":{"@id":"https:\/\/shop.verlag.uni-potsdam.de\/en\/shop\/von-alaska-bis-feuerland\/#primaryimage"},"image":{"@id":"https:\/\/shop.verlag.uni-potsdam.de\/shop\/von-alaska-bis-feuerland\/#primaryimage"},"thumbnailUrl":"https:\/\/shop.verlag.uni-potsdam.de\/wp-content\/uploads\/asolmerce\/image-9783940793164.jpg","datePublished":"2026-03-23T08:53:29+00:00","dateModified":"2026-03-23T10:54:29+00:00","breadcrumb":{"@id":"https:\/\/shop.verlag.uni-potsdam.de\/en\/shop\/von-alaska-bis-feuerland\/#breadcrumb"},"inLanguage":"en-US","potentialAction":[{"@type":"ReadAction","target":[["https:\/\/shop.verlag.uni-potsdam.de\/en\/shop\/von-alaska-bis-feuerland\/"]]}]},{"@type":"ImageObject","inLanguage":"en-US","@id":"https:\/\/shop.verlag.uni-potsdam.de\/en\/shop\/von-alaska-bis-feuerland\/#primaryimage","url":"https:\/\/shop.verlag.uni-potsdam.de\/wp-content\/uploads\/asolmerce\/image-9783940793164.jpg","contentUrl":"https:\/\/shop.verlag.uni-potsdam.de\/wp-content\/uploads\/asolmerce\/image-9783940793164.jpg","width":449,"height":640},{"@type":"BreadcrumbList","@id":"https:\/\/shop.verlag.uni-potsdam.de\/en\/shop\/von-alaska-bis-feuerland\/#breadcrumb","itemListElement":[{"@type":"ListItem","position":1,"name":"Startseite","item":"https:\/\/shop.verlag.uni-potsdam.de\/en\/"},{"@type":"ListItem","position":2,"name":"Shop","item":"https:\/\/shop.verlag.uni-potsdam.de\/en\/shop\/"},{"@type":"ListItem","position":3,"name":"Von Alaska bis Feuerland?"}]},{"@type":"WebSite","@id":"https:\/\/shop.verlag.uni-potsdam.de\/en\/#website","url":"https:\/\/shop.verlag.uni-potsdam.de\/en\/","name":"Universit\u00e4tsverlag Potsdam","description":"","publisher":{"@id":"https:\/\/shop.verlag.uni-potsdam.de\/en\/#organization"},"potentialAction":[{"@type":"SearchAction","target":{"@type":"EntryPoint","urlTemplate":"https:\/\/shop.verlag.uni-potsdam.de\/en\/?s={search_term_string}"},"query-input":{"@type":"PropertyValueSpecification","valueRequired":true,"valueName":"search_term_string"}}],"inLanguage":"en-US"},{"@type":"Organization","@id":"https:\/\/shop.verlag.uni-potsdam.de\/en\/#organization","name":"Universit\u00e4tsverlag Potsdam","url":"https:\/\/shop.verlag.uni-potsdam.de\/en\/","logo":{"@type":"ImageObject","inLanguage":"en-US","@id":"https:\/\/shop.verlag.uni-potsdam.de\/en\/#\/schema\/logo\/image\/","url":"https:\/\/shop.verlag.uni-potsdam.de\/wp-content\/uploads\/2017\/04\/up_logo_university_2.png","contentUrl":"https:\/\/shop.verlag.uni-potsdam.de\/wp-content\/uploads\/2017\/04\/up_logo_university_2.png","width":160,"height":172,"caption":"Universit\u00e4tsverlag Potsdam"},"image":{"@id":"https:\/\/shop.verlag.uni-potsdam.de\/en\/#\/schema\/logo\/image\/"}}]}},"_links":{"self":[{"href":"https:\/\/shop.verlag.uni-potsdam.de\/en\/wp-json\/wp\/v2\/product\/52201","targetHints":{"allow":["GET"]}}],"collection":[{"href":"https:\/\/shop.verlag.uni-potsdam.de\/en\/wp-json\/wp\/v2\/product"}],"about":[{"href":"https:\/\/shop.verlag.uni-potsdam.de\/en\/wp-json\/wp\/v2\/types\/product"}],"wp:featuredmedia":[{"embeddable":true,"href":"https:\/\/shop.verlag.uni-potsdam.de\/en\/wp-json\/wp\/v2\/media\/53837"}],"wp:attachment":[{"href":"https:\/\/shop.verlag.uni-potsdam.de\/en\/wp-json\/wp\/v2\/media?parent=52201"}],"wp:term":[{"taxonomy":"product_brand","embeddable":true,"href":"https:\/\/shop.verlag.uni-potsdam.de\/en\/wp-json\/wp\/v2\/product_brand?post=52201"},{"taxonomy":"product_cat","embeddable":true,"href":"https:\/\/shop.verlag.uni-potsdam.de\/en\/wp-json\/wp\/v2\/product_cat?post=52201"},{"taxonomy":"product_tag","embeddable":true,"href":"https:\/\/shop.verlag.uni-potsdam.de\/en\/wp-json\/wp\/v2\/product_tag?post=52201"}],"curies":[{"name":"wp","href":"https:\/\/api.w.org\/{rel}","templated":true}]}}