{"id":52202,"date":"2026-03-23T08:53:23","date_gmt":"2026-03-23T08:53:23","guid":{"rendered":"http:\/\/shop.verlag.uni-potsdam.de\/produkt\/es-war-zwar-unrecht\/"},"modified":"2026-03-23T11:54:23","modified_gmt":"2026-03-23T10:54:23","slug":"es-war-zwar-unrecht-aber-tradition-ist-es","status":"publish","type":"product","link":"https:\/\/shop.verlag.uni-potsdam.de\/en\/shop\/es-war-zwar-unrecht-aber-tradition-ist-es\/","title":{"rendered":"&#8221;Es war zwar unrecht, aber Tradition ist es&#8221;"},"content":{"rendered":"<p class=\"qtranxs-available-languages-message qtranxs-available-languages-message-en\">Sorry, this entry is only available in <a href=\"https:\/\/shop.verlag.uni-potsdam.de\/de\/wp-json\/wp\/v2\/product\/52202\" class=\"qtranxs-available-language-link qtranxs-available-language-link-de\" title=\"Deutsch\">Deutsch<\/a>.<\/p><p>Der Erstgeburtsstreit der Br\u00fcder Jakob und Esau wird seit jeher ethnologisch rezipiert und diente von fr\u00fchester Zeit an, sowohl auf j\u00fcdischer als auch auf christlicher Seite, in vielfacher Auslegung als Grundlage religi\u00f6ser und \u201apolitischer\u2019 Identit\u00e4tsbildung. Im Zuge dieser Deutung geriet jedoch die Frage in den Hintergrund, weshalb Gott ausgerechnet den \u201aBetr\u00fcger\u2019 Jakob zum dritten Stammvater Israels erw\u00e4hlt. <br \/>Im vorliegenden vierten Band dieser Reihe stellt sich Daniel Vorpahl genau diesem Problem und kl\u00e4rt in einer ausf\u00fchrlichen exegetischen Untersuchung der biblischen Jakob-Esau-Erz\u00e4hlung Hintergr\u00fcnde, Verlauf und Bedeutung des Betrugsfalls sowie dessen Folgen. Anhand zentraler Bestandteile dieser Tradition, wie dem Motiv des Br\u00fcderstreits, der Begriffe Erstgeburtsrecht, Segen und Verhei\u00dfung, wird dar\u00fcber hinaus die Stellung der Jakob-Esau- Erz\u00e4hlung innerhalb der gesamten V\u00e4tergeschichte beleuchtet. Dabei werden nicht nur die begr\u00fcndeten Umst\u00e4nde Jakobs Erw\u00e4hlung erl\u00e4utert, sondern vor allem auch die sozialethische Relevanz der Jakob-Esau-Tradition veranschaulicht.<\/p>","protected":false},"excerpt":{"rendered":"<p class=\"qtranxs-available-languages-message qtranxs-available-languages-message-en\">Sorry, this entry is only available in <a href=\"https:\/\/shop.verlag.uni-potsdam.de\/de\/wp-json\/wp\/v2\/product\/52202\" class=\"qtranxs-available-language-link qtranxs-available-language-link-de\" title=\"Deutsch\">Deutsch<\/a>.<\/p>\n<p>Der Erstgeburtsstreit der Br\u00fcder Jakob und Esau wird seit jeher ethnologisch rezipiert und diente von fr\u00fchester Zeit an, sowohl auf j\u00fcdischer als auch auf christlicher Seite, in vielfacher Auslegung als Grundlage religi\u00f6ser und \u201apolitischer\u2019 Identit\u00e4tsbildung. Im Zuge dieser Deutung geriet jedoch die Frage in den Hintergrund, weshalb Gott ausgerechnet den \u201aBetr\u00fcger\u2019 Jakob zum dritten Stammvater Israels erw\u00e4hlt. <br \/>Im vorliegenden vierten Band dieser Reihe stellt sich Daniel Vorpahl genau diesem Problem und kl\u00e4rt in einer ausf\u00fchrlichen exegetischen Untersuchung der biblischen Jakob-Esau-Erz\u00e4hlung Hintergr\u00fcnde, Verlauf und Bedeutung des Betrugsfalls sowie dessen Folgen. Anhand zentraler Bestandteile dieser Tradition, wie dem Motiv des Br\u00fcderstreits, der Begriffe Erstgeburtsrecht, Segen und Verhei\u00dfung, wird dar\u00fcber hinaus die Stellung der Jakob-Esau- Erz\u00e4hlung innerhalb der gesamten V\u00e4tergeschichte beleuchtet. Dabei werden nicht nur die begr\u00fcndeten Umst\u00e4nde Jakobs Erw\u00e4hlung erl\u00e4utert, sondern vor allem auch die sozialethische Relevanz der Jakob-Esau-Tradition veranschaulicht.<\/p>\n","protected":false},"featured_media":53794,"template":"","meta":{"_acf_changed":false},"product_brand":[],"product_cat":[6207,6225,6226],"product_tag":[5395],"class_list":{"0":"post-52202","1":"product","2":"type-product","3":"status-publish","4":"has-post-thumbnail","6":"product_cat-geschichte-web-kategorie","7":"product_cat-recht-web-kategorie","8":"product_cat-religion-theologie","9":"product_tag-erstgeburtsrecht-esau-jakob","10":"autor-daniel-vorpahl","11":"reihe-pri-ha-pardes","13":"first","14":"instock","15":"shipping-taxable","16":"purchasable","17":"product-type-simple"},"acf":[],"yoast_head":"<!-- This site is optimized with the Yoast SEO plugin v27.1.1 - https:\/\/yoast.com\/product\/yoast-seo-wordpress\/ -->\n<title>&quot;Es war zwar unrecht, aber Tradition ist es&quot; - Universit\u00e4tsverlag Potsdam<\/title>\n<meta name=\"robots\" content=\"index, follow, max-snippet:-1, max-image-preview:large, max-video-preview:-1\" \/>\n<link rel=\"canonical\" href=\"https:\/\/shop.verlag.uni-potsdam.de\/en\/shop\/es-war-zwar-unrecht-aber-tradition-ist-es\/\" \/>\n<meta property=\"og:locale\" content=\"en_US\" \/>\n<meta property=\"og:type\" content=\"article\" \/>\n<meta property=\"og:title\" content=\"&quot;Es war zwar unrecht, aber Tradition ist es&quot; - Universit\u00e4tsverlag Potsdam\" \/>\n<meta property=\"og:description\" content=\"Der Erstgeburtsstreit der Br\u00fcder Jakob und Esau wird seit jeher ethnologisch rezipiert und diente von fr\u00fchester Zeit an, sowohl auf j\u00fcdischer als auch auf christlicher Seite, in vielfacher Auslegung als Grundlage religi\u00f6ser und \u201apolitischer\u2019 Identit\u00e4tsbildung. Im Zuge dieser Deutung geriet jedoch die Frage in den Hintergrund, weshalb Gott ausgerechnet den \u201aBetr\u00fcger\u2019 Jakob zum dritten Stammvater Israels erw\u00e4hlt. Im vorliegenden vierten Band dieser Reihe stellt sich Daniel Vorpahl genau diesem Problem und kl\u00e4rt in einer ausf\u00fchrlichen exegetischen Untersuchung der biblischen Jakob-Esau-Erz\u00e4hlung Hintergr\u00fcnde, Verlauf und Bedeutung des Betrugsfalls sowie dessen Folgen. Anhand zentraler Bestandteile dieser Tradition, wie dem Motiv des Br\u00fcderstreits, der Begriffe Erstgeburtsrecht, Segen und Verhei\u00dfung, wird dar\u00fcber hinaus die Stellung der Jakob-Esau- Erz\u00e4hlung innerhalb der gesamten V\u00e4tergeschichte beleuchtet. Dabei werden nicht nur die begr\u00fcndeten Umst\u00e4nde Jakobs Erw\u00e4hlung erl\u00e4utert, sondern vor allem auch die sozialethische Relevanz der Jakob-Esau-Tradition veranschaulicht.\" \/>\n<meta property=\"og:url\" content=\"https:\/\/shop.verlag.uni-potsdam.de\/en\/shop\/es-war-zwar-unrecht-aber-tradition-ist-es\/\" \/>\n<meta property=\"og:site_name\" content=\"Universit\u00e4tsverlag Potsdam\" \/>\n<meta property=\"article:modified_time\" content=\"2026-03-23T10:54:23+00:00\" \/>\n<meta property=\"og:image\" content=\"https:\/\/shop.verlag.uni-potsdam.de\/wp-content\/uploads\/asolmerce\/image-9783940793324.jpg\" \/>\n\t<meta property=\"og:image:width\" content=\"440\" \/>\n\t<meta property=\"og:image:height\" content=\"640\" \/>\n\t<meta property=\"og:image:type\" content=\"image\/jpeg\" \/>\n<meta name=\"twitter:card\" content=\"summary_large_image\" \/>\n<meta name=\"twitter:label1\" content=\"Est. reading time\" \/>\n\t<meta name=\"twitter:data1\" content=\"1 minute\" \/>\n<script type=\"application\/ld+json\" class=\"yoast-schema-graph\">{\"@context\":\"https:\/\/schema.org\",\"@graph\":[{\"@type\":\"WebPage\",\"@id\":\"https:\/\/shop.verlag.uni-potsdam.de\/en\/shop\/es-war-zwar-unrecht-aber-tradition-ist-es\/\",\"url\":\"https:\/\/shop.verlag.uni-potsdam.de\/en\/shop\/es-war-zwar-unrecht-aber-tradition-ist-es\/\",\"name\":\"\\\"Es war zwar unrecht, aber Tradition ist es\\\" - Universit\u00e4tsverlag Potsdam\",\"isPartOf\":{\"@id\":\"https:\/\/shop.verlag.uni-potsdam.de\/en\/#website\"},\"primaryImageOfPage\":{\"@id\":\"https:\/\/shop.verlag.uni-potsdam.de\/en\/shop\/es-war-zwar-unrecht-aber-tradition-ist-es\/#primaryimage\"},\"image\":{\"@id\":\"https:\/\/shop.verlag.uni-potsdam.de\/shop\/es-war-zwar-unrecht-aber-tradition-ist-es\/#primaryimage\"},\"thumbnailUrl\":\"https:\/\/shop.verlag.uni-potsdam.de\/wp-content\/uploads\/asolmerce\/image-9783940793324.jpg\",\"datePublished\":\"2026-03-23T08:53:23+00:00\",\"dateModified\":\"2026-03-23T10:54:23+00:00\",\"breadcrumb\":{\"@id\":\"https:\/\/shop.verlag.uni-potsdam.de\/en\/shop\/es-war-zwar-unrecht-aber-tradition-ist-es\/#breadcrumb\"},\"inLanguage\":\"en-US\",\"potentialAction\":[{\"@type\":\"ReadAction\",\"target\":[[\"https:\/\/shop.verlag.uni-potsdam.de\/en\/shop\/es-war-zwar-unrecht-aber-tradition-ist-es\/\"]]}]},{\"@type\":\"ImageObject\",\"inLanguage\":\"en-US\",\"@id\":\"https:\/\/shop.verlag.uni-potsdam.de\/en\/shop\/es-war-zwar-unrecht-aber-tradition-ist-es\/#primaryimage\",\"url\":\"https:\/\/shop.verlag.uni-potsdam.de\/wp-content\/uploads\/asolmerce\/image-9783940793324.jpg\",\"contentUrl\":\"https:\/\/shop.verlag.uni-potsdam.de\/wp-content\/uploads\/asolmerce\/image-9783940793324.jpg\",\"width\":440,\"height\":640},{\"@type\":\"BreadcrumbList\",\"@id\":\"https:\/\/shop.verlag.uni-potsdam.de\/en\/shop\/es-war-zwar-unrecht-aber-tradition-ist-es\/#breadcrumb\",\"itemListElement\":[{\"@type\":\"ListItem\",\"position\":1,\"name\":\"Startseite\",\"item\":\"https:\/\/shop.verlag.uni-potsdam.de\/en\/\"},{\"@type\":\"ListItem\",\"position\":2,\"name\":\"Shop\",\"item\":\"https:\/\/shop.verlag.uni-potsdam.de\/en\/shop\/\"},{\"@type\":\"ListItem\",\"position\":3,\"name\":\"&#8220;Es war zwar unrecht, aber Tradition ist es&#8220;\"}]},{\"@type\":\"WebSite\",\"@id\":\"https:\/\/shop.verlag.uni-potsdam.de\/en\/#website\",\"url\":\"https:\/\/shop.verlag.uni-potsdam.de\/en\/\",\"name\":\"Universit\u00e4tsverlag Potsdam\",\"description\":\"\",\"publisher\":{\"@id\":\"https:\/\/shop.verlag.uni-potsdam.de\/en\/#organization\"},\"potentialAction\":[{\"@type\":\"SearchAction\",\"target\":{\"@type\":\"EntryPoint\",\"urlTemplate\":\"https:\/\/shop.verlag.uni-potsdam.de\/en\/?s={search_term_string}\"},\"query-input\":{\"@type\":\"PropertyValueSpecification\",\"valueRequired\":true,\"valueName\":\"search_term_string\"}}],\"inLanguage\":\"en-US\"},{\"@type\":\"Organization\",\"@id\":\"https:\/\/shop.verlag.uni-potsdam.de\/en\/#organization\",\"name\":\"Universit\u00e4tsverlag Potsdam\",\"url\":\"https:\/\/shop.verlag.uni-potsdam.de\/en\/\",\"logo\":{\"@type\":\"ImageObject\",\"inLanguage\":\"en-US\",\"@id\":\"https:\/\/shop.verlag.uni-potsdam.de\/en\/#\/schema\/logo\/image\/\",\"url\":\"https:\/\/shop.verlag.uni-potsdam.de\/wp-content\/uploads\/2017\/04\/up_logo_university_2.png\",\"contentUrl\":\"https:\/\/shop.verlag.uni-potsdam.de\/wp-content\/uploads\/2017\/04\/up_logo_university_2.png\",\"width\":160,\"height\":172,\"caption\":\"Universit\u00e4tsverlag Potsdam\"},\"image\":{\"@id\":\"https:\/\/shop.verlag.uni-potsdam.de\/en\/#\/schema\/logo\/image\/\"}}]}<\/script>\n<!-- \/ Yoast SEO plugin. -->","yoast_head_json":{"title":"\"Es war zwar unrecht, aber Tradition ist es\" - Universit\u00e4tsverlag Potsdam","robots":{"index":"index","follow":"follow","max-snippet":"max-snippet:-1","max-image-preview":"max-image-preview:large","max-video-preview":"max-video-preview:-1"},"canonical":"https:\/\/shop.verlag.uni-potsdam.de\/en\/shop\/es-war-zwar-unrecht-aber-tradition-ist-es\/","og_locale":"en_US","og_type":"article","og_title":"\"Es war zwar unrecht, aber Tradition ist es\" - Universit\u00e4tsverlag Potsdam","og_description":"Der Erstgeburtsstreit der Br\u00fcder Jakob und Esau wird seit jeher ethnologisch rezipiert und diente von fr\u00fchester Zeit an, sowohl auf j\u00fcdischer als auch auf christlicher Seite, in vielfacher Auslegung als Grundlage religi\u00f6ser und \u201apolitischer\u2019 Identit\u00e4tsbildung. Im Zuge dieser Deutung geriet jedoch die Frage in den Hintergrund, weshalb Gott ausgerechnet den \u201aBetr\u00fcger\u2019 Jakob zum dritten Stammvater Israels erw\u00e4hlt. Im vorliegenden vierten Band dieser Reihe stellt sich Daniel Vorpahl genau diesem Problem und kl\u00e4rt in einer ausf\u00fchrlichen exegetischen Untersuchung der biblischen Jakob-Esau-Erz\u00e4hlung Hintergr\u00fcnde, Verlauf und Bedeutung des Betrugsfalls sowie dessen Folgen. Anhand zentraler Bestandteile dieser Tradition, wie dem Motiv des Br\u00fcderstreits, der Begriffe Erstgeburtsrecht, Segen und Verhei\u00dfung, wird dar\u00fcber hinaus die Stellung der Jakob-Esau- Erz\u00e4hlung innerhalb der gesamten V\u00e4tergeschichte beleuchtet. Dabei werden nicht nur die begr\u00fcndeten Umst\u00e4nde Jakobs Erw\u00e4hlung erl\u00e4utert, sondern vor allem auch die sozialethische Relevanz der Jakob-Esau-Tradition veranschaulicht.","og_url":"https:\/\/shop.verlag.uni-potsdam.de\/en\/shop\/es-war-zwar-unrecht-aber-tradition-ist-es\/","og_site_name":"Universit\u00e4tsverlag Potsdam","article_modified_time":"2026-03-23T10:54:23+00:00","og_image":[{"width":440,"height":640,"url":"https:\/\/shop.verlag.uni-potsdam.de\/wp-content\/uploads\/asolmerce\/image-9783940793324.jpg","type":"image\/jpeg"}],"twitter_card":"summary_large_image","twitter_misc":{"Est. reading time":"1 minute"},"schema":{"@context":"https:\/\/schema.org","@graph":[{"@type":"WebPage","@id":"https:\/\/shop.verlag.uni-potsdam.de\/en\/shop\/es-war-zwar-unrecht-aber-tradition-ist-es\/","url":"https:\/\/shop.verlag.uni-potsdam.de\/en\/shop\/es-war-zwar-unrecht-aber-tradition-ist-es\/","name":"\"Es war zwar unrecht, aber Tradition ist es\" - Universit\u00e4tsverlag Potsdam","isPartOf":{"@id":"https:\/\/shop.verlag.uni-potsdam.de\/en\/#website"},"primaryImageOfPage":{"@id":"https:\/\/shop.verlag.uni-potsdam.de\/en\/shop\/es-war-zwar-unrecht-aber-tradition-ist-es\/#primaryimage"},"image":{"@id":"https:\/\/shop.verlag.uni-potsdam.de\/shop\/es-war-zwar-unrecht-aber-tradition-ist-es\/#primaryimage"},"thumbnailUrl":"https:\/\/shop.verlag.uni-potsdam.de\/wp-content\/uploads\/asolmerce\/image-9783940793324.jpg","datePublished":"2026-03-23T08:53:23+00:00","dateModified":"2026-03-23T10:54:23+00:00","breadcrumb":{"@id":"https:\/\/shop.verlag.uni-potsdam.de\/en\/shop\/es-war-zwar-unrecht-aber-tradition-ist-es\/#breadcrumb"},"inLanguage":"en-US","potentialAction":[{"@type":"ReadAction","target":[["https:\/\/shop.verlag.uni-potsdam.de\/en\/shop\/es-war-zwar-unrecht-aber-tradition-ist-es\/"]]}]},{"@type":"ImageObject","inLanguage":"en-US","@id":"https:\/\/shop.verlag.uni-potsdam.de\/en\/shop\/es-war-zwar-unrecht-aber-tradition-ist-es\/#primaryimage","url":"https:\/\/shop.verlag.uni-potsdam.de\/wp-content\/uploads\/asolmerce\/image-9783940793324.jpg","contentUrl":"https:\/\/shop.verlag.uni-potsdam.de\/wp-content\/uploads\/asolmerce\/image-9783940793324.jpg","width":440,"height":640},{"@type":"BreadcrumbList","@id":"https:\/\/shop.verlag.uni-potsdam.de\/en\/shop\/es-war-zwar-unrecht-aber-tradition-ist-es\/#breadcrumb","itemListElement":[{"@type":"ListItem","position":1,"name":"Startseite","item":"https:\/\/shop.verlag.uni-potsdam.de\/en\/"},{"@type":"ListItem","position":2,"name":"Shop","item":"https:\/\/shop.verlag.uni-potsdam.de\/en\/shop\/"},{"@type":"ListItem","position":3,"name":"&#8220;Es war zwar unrecht, aber Tradition ist es&#8220;"}]},{"@type":"WebSite","@id":"https:\/\/shop.verlag.uni-potsdam.de\/en\/#website","url":"https:\/\/shop.verlag.uni-potsdam.de\/en\/","name":"Universit\u00e4tsverlag Potsdam","description":"","publisher":{"@id":"https:\/\/shop.verlag.uni-potsdam.de\/en\/#organization"},"potentialAction":[{"@type":"SearchAction","target":{"@type":"EntryPoint","urlTemplate":"https:\/\/shop.verlag.uni-potsdam.de\/en\/?s={search_term_string}"},"query-input":{"@type":"PropertyValueSpecification","valueRequired":true,"valueName":"search_term_string"}}],"inLanguage":"en-US"},{"@type":"Organization","@id":"https:\/\/shop.verlag.uni-potsdam.de\/en\/#organization","name":"Universit\u00e4tsverlag Potsdam","url":"https:\/\/shop.verlag.uni-potsdam.de\/en\/","logo":{"@type":"ImageObject","inLanguage":"en-US","@id":"https:\/\/shop.verlag.uni-potsdam.de\/en\/#\/schema\/logo\/image\/","url":"https:\/\/shop.verlag.uni-potsdam.de\/wp-content\/uploads\/2017\/04\/up_logo_university_2.png","contentUrl":"https:\/\/shop.verlag.uni-potsdam.de\/wp-content\/uploads\/2017\/04\/up_logo_university_2.png","width":160,"height":172,"caption":"Universit\u00e4tsverlag Potsdam"},"image":{"@id":"https:\/\/shop.verlag.uni-potsdam.de\/en\/#\/schema\/logo\/image\/"}}]}},"_links":{"self":[{"href":"https:\/\/shop.verlag.uni-potsdam.de\/en\/wp-json\/wp\/v2\/product\/52202","targetHints":{"allow":["GET"]}}],"collection":[{"href":"https:\/\/shop.verlag.uni-potsdam.de\/en\/wp-json\/wp\/v2\/product"}],"about":[{"href":"https:\/\/shop.verlag.uni-potsdam.de\/en\/wp-json\/wp\/v2\/types\/product"}],"wp:featuredmedia":[{"embeddable":true,"href":"https:\/\/shop.verlag.uni-potsdam.de\/en\/wp-json\/wp\/v2\/media\/53794"}],"wp:attachment":[{"href":"https:\/\/shop.verlag.uni-potsdam.de\/en\/wp-json\/wp\/v2\/media?parent=52202"}],"wp:term":[{"taxonomy":"product_brand","embeddable":true,"href":"https:\/\/shop.verlag.uni-potsdam.de\/en\/wp-json\/wp\/v2\/product_brand?post=52202"},{"taxonomy":"product_cat","embeddable":true,"href":"https:\/\/shop.verlag.uni-potsdam.de\/en\/wp-json\/wp\/v2\/product_cat?post=52202"},{"taxonomy":"product_tag","embeddable":true,"href":"https:\/\/shop.verlag.uni-potsdam.de\/en\/wp-json\/wp\/v2\/product_tag?post=52202"}],"curies":[{"name":"wp","href":"https:\/\/api.w.org\/{rel}","templated":true}]}}