{"id":52234,"date":"2026-03-23T08:53:18","date_gmt":"2026-03-23T08:53:18","guid":{"rendered":"http:\/\/shop.verlag.uni-potsdam.de\/produkt\/prjatkowanja\/"},"modified":"2026-03-23T11:54:18","modified_gmt":"2026-03-23T10:54:18","slug":"prjatkowanja","status":"publish","type":"product","link":"https:\/\/shop.verlag.uni-potsdam.de\/en\/shop\/prjatkowanja\/","title":{"rendered":"Prjatkowanja"},"content":{"rendered":"<p class=\"qtranxs-available-languages-message qtranxs-available-languages-message-en\">Sorry, this entry is only available in <a href=\"https:\/\/shop.verlag.uni-potsdam.de\/de\/wp-json\/wp\/v2\/product\/52234\" class=\"qtranxs-available-language-link qtranxs-available-language-link-de\" title=\"Deutsch\">Deutsch<\/a>.<\/p><p>Das vorliegende Buch wurde anl\u00e4sslich des 90. Geburtstages des niedersorbischen Pfarrers Herbert Nowak herausgegeben. Es beinhaltet \u00e4ltere und neue Predigten sowie H\u00f6rfunkandachten in sorbischer\/wendischer Sprache und setzt damit sowohl Herbert Nowak &#8211; als Geistlichem und Gelehrten &#8211; als auch der klassischen niedersorbischen Kirchensprache ein Denkmal. M\u00f6ge es die Leser darin beflei\u00dfigen, den Reichtum unserer Muttersprache zu erkennen und zu genie\u00dfen. To\u015b te knig\u0142y su poces\u0107enje nestora dolnoserbskego duchownstwa Herberta Nowaka k jogo 90. narodninam. Woni wop\u015bimjeju star\u0161e a nowe serbske prijatkowanja a su rownocasnje pomnik skoro wotzabyteje klasiskeje dolnoserbskeje cerkwineje r\u0115cy. Da\u015b Bog ten Kn\u0115z wam wobra\u017aijo spodobne cytanje.<\/p>","protected":false},"excerpt":{"rendered":"<p class=\"qtranxs-available-languages-message qtranxs-available-languages-message-en\">Sorry, this entry is only available in <a href=\"https:\/\/shop.verlag.uni-potsdam.de\/de\/wp-json\/wp\/v2\/product\/52234\" class=\"qtranxs-available-language-link qtranxs-available-language-link-de\" title=\"Deutsch\">Deutsch<\/a>.<\/p>\n<p>Das vorliegende Buch wurde anl\u00e4sslich des 90. Geburtstages des niedersorbischen Pfarrers Herbert Nowak herausgegeben. Es beinhaltet \u00e4ltere und neue Predigten sowie H\u00f6rfunkandachten in sorbischer\/wendischer Sprache und setzt damit sowohl Herbert Nowak &#8211; als Geistlichem und Gelehrten &#8211; als auch der klassischen niedersorbischen Kirchensprache ein Denkmal. M\u00f6ge es die Leser darin beflei\u00dfigen, den Reichtum unserer Muttersprache zu erkennen und zu genie\u00dfen. To\u015b te knig\u0142y su poces\u0107enje nestora dolnoserbskego duchownstwa Herberta Nowaka k jogo 90. narodninam. Woni wop\u015bimjeju star\u0161e a nowe serbske prijatkowanja a su rownocasnje pomnik skoro wotzabyteje klasiskeje dolnoserbskeje cerkwineje r\u0115cy. Da\u015b Bog ten Kn\u0115z wam wobra\u017aijo spodobne cytanje.<\/p>\n","protected":false},"featured_media":53766,"template":"","meta":{"_acf_changed":false},"product_brand":[],"product_cat":[6230],"product_tag":[5664],"class_list":{"0":"post-52234","1":"product","2":"type-product","3":"status-publish","4":"has-post-thumbnail","6":"product_cat-slawische-sprachwissenschaft-literaturwissenschaft-web-kategorie","7":"product_tag-herbert-nowak-predigtensammlung-sorbisch","8":"autor-herbert-nowak","10":"first","11":"instock","12":"shipping-taxable","13":"purchasable","14":"product-type-simple"},"acf":[],"yoast_head":"<!-- This site is optimized with the Yoast SEO plugin v27.1.1 - https:\/\/yoast.com\/product\/yoast-seo-wordpress\/ -->\n<title>Prjatkowanja - Universit\u00e4tsverlag Potsdam<\/title>\n<meta name=\"robots\" content=\"index, follow, max-snippet:-1, max-image-preview:large, max-video-preview:-1\" \/>\n<link rel=\"canonical\" href=\"https:\/\/shop.verlag.uni-potsdam.de\/en\/shop\/prjatkowanja\/\" \/>\n<meta property=\"og:locale\" content=\"en_US\" \/>\n<meta property=\"og:type\" content=\"article\" \/>\n<meta property=\"og:title\" content=\"Prjatkowanja - Universit\u00e4tsverlag Potsdam\" \/>\n<meta property=\"og:description\" content=\"Das vorliegende Buch wurde anl\u00e4sslich des 90. Geburtstages des niedersorbischen Pfarrers Herbert Nowak herausgegeben. Es beinhaltet \u00e4ltere und neue Predigten sowie H\u00f6rfunkandachten in sorbischer\/wendischer Sprache und setzt damit sowohl Herbert Nowak - als Geistlichem und Gelehrten - als auch der klassischen niedersorbischen Kirchensprache ein Denkmal. M\u00f6ge es die Leser darin beflei\u00dfigen, den Reichtum unserer Muttersprache zu erkennen und zu genie\u00dfen. To\u015b te knig\u0142y su poces\u0107enje nestora dolnoserbskego duchownstwa Herberta Nowaka k jogo 90. narodninam. Woni wop\u015bimjeju star\u0161e a nowe serbske prijatkowanja a su rownocasnje pomnik skoro wotzabyteje klasiskeje dolnoserbskeje cerkwineje r\u0115cy. Da\u015b Bog ten Kn\u0115z wam wobra\u017aijo spodobne cytanje.\" \/>\n<meta property=\"og:url\" content=\"https:\/\/shop.verlag.uni-potsdam.de\/en\/shop\/prjatkowanja\/\" \/>\n<meta property=\"og:site_name\" content=\"Universit\u00e4tsverlag Potsdam\" \/>\n<meta property=\"article:modified_time\" content=\"2026-03-23T10:54:18+00:00\" \/>\n<meta property=\"og:image\" content=\"https:\/\/shop.verlag.uni-potsdam.de\/wp-content\/uploads\/asolmerce\/image-9783939469568.jpg\" \/>\n\t<meta property=\"og:image:width\" content=\"453\" \/>\n\t<meta property=\"og:image:height\" content=\"640\" \/>\n\t<meta property=\"og:image:type\" content=\"image\/jpeg\" \/>\n<meta name=\"twitter:card\" content=\"summary_large_image\" \/>\n<meta name=\"twitter:label1\" content=\"Est. reading time\" \/>\n\t<meta name=\"twitter:data1\" content=\"1 minute\" \/>\n<script type=\"application\/ld+json\" class=\"yoast-schema-graph\">{\"@context\":\"https:\/\/schema.org\",\"@graph\":[{\"@type\":\"WebPage\",\"@id\":\"https:\/\/shop.verlag.uni-potsdam.de\/en\/shop\/prjatkowanja\/\",\"url\":\"https:\/\/shop.verlag.uni-potsdam.de\/en\/shop\/prjatkowanja\/\",\"name\":\"Prjatkowanja - Universit\u00e4tsverlag Potsdam\",\"isPartOf\":{\"@id\":\"https:\/\/shop.verlag.uni-potsdam.de\/en\/#website\"},\"primaryImageOfPage\":{\"@id\":\"https:\/\/shop.verlag.uni-potsdam.de\/en\/shop\/prjatkowanja\/#primaryimage\"},\"image\":{\"@id\":\"https:\/\/shop.verlag.uni-potsdam.de\/shop\/prjatkowanja\/#primaryimage\"},\"thumbnailUrl\":\"https:\/\/shop.verlag.uni-potsdam.de\/wp-content\/uploads\/asolmerce\/image-9783939469568.jpg\",\"datePublished\":\"2026-03-23T08:53:18+00:00\",\"dateModified\":\"2026-03-23T10:54:18+00:00\",\"breadcrumb\":{\"@id\":\"https:\/\/shop.verlag.uni-potsdam.de\/en\/shop\/prjatkowanja\/#breadcrumb\"},\"inLanguage\":\"en-US\",\"potentialAction\":[{\"@type\":\"ReadAction\",\"target\":[[\"https:\/\/shop.verlag.uni-potsdam.de\/en\/shop\/prjatkowanja\/\"]]}]},{\"@type\":\"ImageObject\",\"inLanguage\":\"en-US\",\"@id\":\"https:\/\/shop.verlag.uni-potsdam.de\/en\/shop\/prjatkowanja\/#primaryimage\",\"url\":\"https:\/\/shop.verlag.uni-potsdam.de\/wp-content\/uploads\/asolmerce\/image-9783939469568.jpg\",\"contentUrl\":\"https:\/\/shop.verlag.uni-potsdam.de\/wp-content\/uploads\/asolmerce\/image-9783939469568.jpg\",\"width\":453,\"height\":640},{\"@type\":\"BreadcrumbList\",\"@id\":\"https:\/\/shop.verlag.uni-potsdam.de\/en\/shop\/prjatkowanja\/#breadcrumb\",\"itemListElement\":[{\"@type\":\"ListItem\",\"position\":1,\"name\":\"Startseite\",\"item\":\"https:\/\/shop.verlag.uni-potsdam.de\/en\/\"},{\"@type\":\"ListItem\",\"position\":2,\"name\":\"Shop\",\"item\":\"https:\/\/shop.verlag.uni-potsdam.de\/en\/shop\/\"},{\"@type\":\"ListItem\",\"position\":3,\"name\":\"Prjatkowanja\"}]},{\"@type\":\"WebSite\",\"@id\":\"https:\/\/shop.verlag.uni-potsdam.de\/en\/#website\",\"url\":\"https:\/\/shop.verlag.uni-potsdam.de\/en\/\",\"name\":\"Universit\u00e4tsverlag Potsdam\",\"description\":\"\",\"publisher\":{\"@id\":\"https:\/\/shop.verlag.uni-potsdam.de\/en\/#organization\"},\"potentialAction\":[{\"@type\":\"SearchAction\",\"target\":{\"@type\":\"EntryPoint\",\"urlTemplate\":\"https:\/\/shop.verlag.uni-potsdam.de\/en\/?s={search_term_string}\"},\"query-input\":{\"@type\":\"PropertyValueSpecification\",\"valueRequired\":true,\"valueName\":\"search_term_string\"}}],\"inLanguage\":\"en-US\"},{\"@type\":\"Organization\",\"@id\":\"https:\/\/shop.verlag.uni-potsdam.de\/en\/#organization\",\"name\":\"Universit\u00e4tsverlag Potsdam\",\"url\":\"https:\/\/shop.verlag.uni-potsdam.de\/en\/\",\"logo\":{\"@type\":\"ImageObject\",\"inLanguage\":\"en-US\",\"@id\":\"https:\/\/shop.verlag.uni-potsdam.de\/en\/#\/schema\/logo\/image\/\",\"url\":\"https:\/\/shop.verlag.uni-potsdam.de\/wp-content\/uploads\/2017\/04\/up_logo_university_2.png\",\"contentUrl\":\"https:\/\/shop.verlag.uni-potsdam.de\/wp-content\/uploads\/2017\/04\/up_logo_university_2.png\",\"width\":160,\"height\":172,\"caption\":\"Universit\u00e4tsverlag Potsdam\"},\"image\":{\"@id\":\"https:\/\/shop.verlag.uni-potsdam.de\/en\/#\/schema\/logo\/image\/\"}}]}<\/script>\n<!-- \/ Yoast SEO plugin. -->","yoast_head_json":{"title":"Prjatkowanja - Universit\u00e4tsverlag Potsdam","robots":{"index":"index","follow":"follow","max-snippet":"max-snippet:-1","max-image-preview":"max-image-preview:large","max-video-preview":"max-video-preview:-1"},"canonical":"https:\/\/shop.verlag.uni-potsdam.de\/en\/shop\/prjatkowanja\/","og_locale":"en_US","og_type":"article","og_title":"Prjatkowanja - Universit\u00e4tsverlag Potsdam","og_description":"Das vorliegende Buch wurde anl\u00e4sslich des 90. Geburtstages des niedersorbischen Pfarrers Herbert Nowak herausgegeben. Es beinhaltet \u00e4ltere und neue Predigten sowie H\u00f6rfunkandachten in sorbischer\/wendischer Sprache und setzt damit sowohl Herbert Nowak - als Geistlichem und Gelehrten - als auch der klassischen niedersorbischen Kirchensprache ein Denkmal. M\u00f6ge es die Leser darin beflei\u00dfigen, den Reichtum unserer Muttersprache zu erkennen und zu genie\u00dfen. To\u015b te knig\u0142y su poces\u0107enje nestora dolnoserbskego duchownstwa Herberta Nowaka k jogo 90. narodninam. Woni wop\u015bimjeju star\u0161e a nowe serbske prijatkowanja a su rownocasnje pomnik skoro wotzabyteje klasiskeje dolnoserbskeje cerkwineje r\u0115cy. Da\u015b Bog ten Kn\u0115z wam wobra\u017aijo spodobne cytanje.","og_url":"https:\/\/shop.verlag.uni-potsdam.de\/en\/shop\/prjatkowanja\/","og_site_name":"Universit\u00e4tsverlag Potsdam","article_modified_time":"2026-03-23T10:54:18+00:00","og_image":[{"width":453,"height":640,"url":"https:\/\/shop.verlag.uni-potsdam.de\/wp-content\/uploads\/asolmerce\/image-9783939469568.jpg","type":"image\/jpeg"}],"twitter_card":"summary_large_image","twitter_misc":{"Est. reading time":"1 minute"},"schema":{"@context":"https:\/\/schema.org","@graph":[{"@type":"WebPage","@id":"https:\/\/shop.verlag.uni-potsdam.de\/en\/shop\/prjatkowanja\/","url":"https:\/\/shop.verlag.uni-potsdam.de\/en\/shop\/prjatkowanja\/","name":"Prjatkowanja - Universit\u00e4tsverlag Potsdam","isPartOf":{"@id":"https:\/\/shop.verlag.uni-potsdam.de\/en\/#website"},"primaryImageOfPage":{"@id":"https:\/\/shop.verlag.uni-potsdam.de\/en\/shop\/prjatkowanja\/#primaryimage"},"image":{"@id":"https:\/\/shop.verlag.uni-potsdam.de\/shop\/prjatkowanja\/#primaryimage"},"thumbnailUrl":"https:\/\/shop.verlag.uni-potsdam.de\/wp-content\/uploads\/asolmerce\/image-9783939469568.jpg","datePublished":"2026-03-23T08:53:18+00:00","dateModified":"2026-03-23T10:54:18+00:00","breadcrumb":{"@id":"https:\/\/shop.verlag.uni-potsdam.de\/en\/shop\/prjatkowanja\/#breadcrumb"},"inLanguage":"en-US","potentialAction":[{"@type":"ReadAction","target":[["https:\/\/shop.verlag.uni-potsdam.de\/en\/shop\/prjatkowanja\/"]]}]},{"@type":"ImageObject","inLanguage":"en-US","@id":"https:\/\/shop.verlag.uni-potsdam.de\/en\/shop\/prjatkowanja\/#primaryimage","url":"https:\/\/shop.verlag.uni-potsdam.de\/wp-content\/uploads\/asolmerce\/image-9783939469568.jpg","contentUrl":"https:\/\/shop.verlag.uni-potsdam.de\/wp-content\/uploads\/asolmerce\/image-9783939469568.jpg","width":453,"height":640},{"@type":"BreadcrumbList","@id":"https:\/\/shop.verlag.uni-potsdam.de\/en\/shop\/prjatkowanja\/#breadcrumb","itemListElement":[{"@type":"ListItem","position":1,"name":"Startseite","item":"https:\/\/shop.verlag.uni-potsdam.de\/en\/"},{"@type":"ListItem","position":2,"name":"Shop","item":"https:\/\/shop.verlag.uni-potsdam.de\/en\/shop\/"},{"@type":"ListItem","position":3,"name":"Prjatkowanja"}]},{"@type":"WebSite","@id":"https:\/\/shop.verlag.uni-potsdam.de\/en\/#website","url":"https:\/\/shop.verlag.uni-potsdam.de\/en\/","name":"Universit\u00e4tsverlag Potsdam","description":"","publisher":{"@id":"https:\/\/shop.verlag.uni-potsdam.de\/en\/#organization"},"potentialAction":[{"@type":"SearchAction","target":{"@type":"EntryPoint","urlTemplate":"https:\/\/shop.verlag.uni-potsdam.de\/en\/?s={search_term_string}"},"query-input":{"@type":"PropertyValueSpecification","valueRequired":true,"valueName":"search_term_string"}}],"inLanguage":"en-US"},{"@type":"Organization","@id":"https:\/\/shop.verlag.uni-potsdam.de\/en\/#organization","name":"Universit\u00e4tsverlag Potsdam","url":"https:\/\/shop.verlag.uni-potsdam.de\/en\/","logo":{"@type":"ImageObject","inLanguage":"en-US","@id":"https:\/\/shop.verlag.uni-potsdam.de\/en\/#\/schema\/logo\/image\/","url":"https:\/\/shop.verlag.uni-potsdam.de\/wp-content\/uploads\/2017\/04\/up_logo_university_2.png","contentUrl":"https:\/\/shop.verlag.uni-potsdam.de\/wp-content\/uploads\/2017\/04\/up_logo_university_2.png","width":160,"height":172,"caption":"Universit\u00e4tsverlag Potsdam"},"image":{"@id":"https:\/\/shop.verlag.uni-potsdam.de\/en\/#\/schema\/logo\/image\/"}}]}},"_links":{"self":[{"href":"https:\/\/shop.verlag.uni-potsdam.de\/en\/wp-json\/wp\/v2\/product\/52234","targetHints":{"allow":["GET"]}}],"collection":[{"href":"https:\/\/shop.verlag.uni-potsdam.de\/en\/wp-json\/wp\/v2\/product"}],"about":[{"href":"https:\/\/shop.verlag.uni-potsdam.de\/en\/wp-json\/wp\/v2\/types\/product"}],"wp:featuredmedia":[{"embeddable":true,"href":"https:\/\/shop.verlag.uni-potsdam.de\/en\/wp-json\/wp\/v2\/media\/53766"}],"wp:attachment":[{"href":"https:\/\/shop.verlag.uni-potsdam.de\/en\/wp-json\/wp\/v2\/media?parent=52234"}],"wp:term":[{"taxonomy":"product_brand","embeddable":true,"href":"https:\/\/shop.verlag.uni-potsdam.de\/en\/wp-json\/wp\/v2\/product_brand?post=52234"},{"taxonomy":"product_cat","embeddable":true,"href":"https:\/\/shop.verlag.uni-potsdam.de\/en\/wp-json\/wp\/v2\/product_cat?post=52234"},{"taxonomy":"product_tag","embeddable":true,"href":"https:\/\/shop.verlag.uni-potsdam.de\/en\/wp-json\/wp\/v2\/product_tag?post=52234"}],"curies":[{"name":"wp","href":"https:\/\/api.w.org\/{rel}","templated":true}]}}