{"id":52258,"date":"2026-04-27T05:31:22","date_gmt":"2026-04-27T05:31:22","guid":{"rendered":"http:\/\/shop.verlag.uni-potsdam.de\/produkt\/schaefer-zum-verhaeltnis-menschenrechte-und-humanitaeres-voelkerrecht\/"},"modified":"2026-04-27T09:32:22","modified_gmt":"2026-04-27T07:32:22","slug":"zum-verhaeltnis-menschenrechte-und-humanitaeres-voelkerrecht","status":"publish","type":"product","link":"https:\/\/shop.verlag.uni-potsdam.de\/en\/shop\/zum-verhaeltnis-menschenrechte-und-humanitaeres-voelkerrecht\/","title":{"rendered":"Zum Verh\u00e4ltnis Menschenrechte und humanit\u00e4res V\u00f6lkerrecht"},"content":{"rendered":"<p>The author analysis the still disputed relationship between international human rights law and humanitarian law. The manifold reasons for the controversial relationship and the associated main problems are dealt with in four sections (2 to 5). They focus on an older leading opinion about the relationship between the law of peace and law of war, the extraterritorial application of human rights treaties, the differing doctrinal views, and the relationship of both areas in a narrow sense, that is, especially the solution of potential conflicts between them. The study primarily gives an account of the present state of discussion on the topic in a concentrated manner but also offers own results and thoughts. In another section (6) other issues, related to but going beyond the main questions, are pointed out. The booklet also contains a summary and concluding remarks (7 and 8) as well as an extensive bibliography and a list of relevant jurisprudence and legal opinions of international organs.<\/p>","protected":false},"excerpt":{"rendered":"<p>The author analysis the still disputed relationship between international human rights law and humanitarian law. The manifold reasons for the controversial relationship and the associated main problems are dealt with in four sections (2 to 5). They focus on an older leading opinion about the relationship between the law of peace and law of war, the extraterritorial application of human rights treaties, the differing doctrinal views, and the relationship of both areas in a narrow sense, that is, especially the solution of potential conflicts between them. The study primarily gives an account of the present state of discussion on the topic in a concentrated manner but also offers own results and thoughts. In another section (6) other issues, related to but going beyond the main questions, are pointed out. The booklet also contains a summary and concluding remarks (7 and 8) as well as an extensive bibliography and a list of relevant jurisprudence and legal opinions of international organs.<\/p>\n","protected":false},"featured_media":53812,"template":"","meta":{"_acf_changed":false},"product_brand":[],"product_cat":[6225],"product_tag":[5348],"class_list":{"0":"post-52258","1":"product","2":"type-product","3":"status-publish","4":"has-post-thumbnail","6":"product_cat-recht-web-kategorie","7":"product_tag-auslandseinsaetze-bewaffneter-konflikt-folterverbot-menschenrechte-voelkerrecht","8":"autor-bernhard-schaefer","9":"edition-restexemplare","11":"first","12":"instock","13":"shipping-taxable","14":"purchasable","15":"product-type-simple"},"acf":[],"yoast_head":"<!-- This site is optimized with the Yoast SEO plugin v27.1.1 - https:\/\/yoast.com\/product\/yoast-seo-wordpress\/ -->\n<title>Zum Verh\u00e4ltnis Menschenrechte und humanit\u00e4res V\u00f6lkerrecht - Universit\u00e4tsverlag Potsdam<\/title>\n<meta name=\"robots\" content=\"index, follow, max-snippet:-1, max-image-preview:large, max-video-preview:-1\" \/>\n<link rel=\"canonical\" href=\"https:\/\/shop.verlag.uni-potsdam.de\/en\/shop\/zum-verhaeltnis-menschenrechte-und-humanitaeres-voelkerrecht\/\" \/>\n<meta property=\"og:locale\" content=\"en_US\" \/>\n<meta property=\"og:type\" content=\"article\" \/>\n<meta property=\"og:title\" content=\"Zum Verh\u00e4ltnis Menschenrechte und humanit\u00e4res V\u00f6lkerrecht - Universit\u00e4tsverlag Potsdam\" \/>\n<meta property=\"og:description\" content=\"The author analysis the still disputed relationship between international human rights law and humanitarian law. The manifold reasons for the controversial relationship and the associated main problems are dealt with in four sections (2 to 5). They focus on an older leading opinion about the relationship between the law of peace and law of war, the extraterritorial application of human rights treaties, the differing doctrinal views, and the relationship of both areas in a narrow sense, that is, especially the solution of potential conflicts between them. The study primarily gives an account of the present state of discussion on the topic in a concentrated manner but also offers own results and thoughts. In another section (6) other issues, related to but going beyond the main questions, are pointed out. The booklet also contains a summary and concluding remarks (7 and 8) as well as an extensive bibliography and a list of relevant jurisprudence and legal opinions of international organs.\" \/>\n<meta property=\"og:url\" content=\"https:\/\/shop.verlag.uni-potsdam.de\/en\/shop\/zum-verhaeltnis-menschenrechte-und-humanitaeres-voelkerrecht\/\" \/>\n<meta property=\"og:site_name\" content=\"Universit\u00e4tsverlag Potsdam\" \/>\n<meta property=\"article:modified_time\" content=\"2026-04-27T07:32:22+00:00\" \/>\n<meta property=\"og:image\" content=\"https:\/\/shop.verlag.uni-potsdam.de\/wp-content\/uploads\/asolmerce\/image-9783939469162.jpg\" \/>\n\t<meta property=\"og:image:width\" content=\"452\" \/>\n\t<meta property=\"og:image:height\" content=\"640\" \/>\n\t<meta property=\"og:image:type\" content=\"image\/jpeg\" \/>\n<meta name=\"twitter:card\" content=\"summary_large_image\" \/>\n<meta name=\"twitter:label1\" content=\"Est. reading time\" \/>\n\t<meta name=\"twitter:data1\" content=\"2 minutes\" \/>\n<script type=\"application\/ld+json\" class=\"yoast-schema-graph\">{\"@context\":\"https:\/\/schema.org\",\"@graph\":[{\"@type\":\"WebPage\",\"@id\":\"https:\/\/shop.verlag.uni-potsdam.de\/en\/shop\/zum-verhaeltnis-menschenrechte-und-humanitaeres-voelkerrecht\/\",\"url\":\"https:\/\/shop.verlag.uni-potsdam.de\/en\/shop\/zum-verhaeltnis-menschenrechte-und-humanitaeres-voelkerrecht\/\",\"name\":\"Zum Verh\u00e4ltnis Menschenrechte und humanit\u00e4res V\u00f6lkerrecht - Universit\u00e4tsverlag Potsdam\",\"isPartOf\":{\"@id\":\"https:\/\/shop.verlag.uni-potsdam.de\/en\/#website\"},\"primaryImageOfPage\":{\"@id\":\"https:\/\/shop.verlag.uni-potsdam.de\/en\/shop\/zum-verhaeltnis-menschenrechte-und-humanitaeres-voelkerrecht\/#primaryimage\"},\"image\":{\"@id\":\"https:\/\/shop.verlag.uni-potsdam.de\/shop\/zum-verhaeltnis-menschenrechte-und-humanitaeres-voelkerrecht\/#primaryimage\"},\"thumbnailUrl\":\"https:\/\/shop.verlag.uni-potsdam.de\/wp-content\/uploads\/asolmerce\/image-9783939469162.jpg\",\"datePublished\":\"2026-04-27T05:31:22+00:00\",\"dateModified\":\"2026-04-27T07:32:22+00:00\",\"breadcrumb\":{\"@id\":\"https:\/\/shop.verlag.uni-potsdam.de\/en\/shop\/zum-verhaeltnis-menschenrechte-und-humanitaeres-voelkerrecht\/#breadcrumb\"},\"inLanguage\":\"en-US\",\"potentialAction\":[{\"@type\":\"ReadAction\",\"target\":[[\"https:\/\/shop.verlag.uni-potsdam.de\/en\/shop\/zum-verhaeltnis-menschenrechte-und-humanitaeres-voelkerrecht\/\"]]}]},{\"@type\":\"ImageObject\",\"inLanguage\":\"en-US\",\"@id\":\"https:\/\/shop.verlag.uni-potsdam.de\/en\/shop\/zum-verhaeltnis-menschenrechte-und-humanitaeres-voelkerrecht\/#primaryimage\",\"url\":\"https:\/\/shop.verlag.uni-potsdam.de\/wp-content\/uploads\/asolmerce\/image-9783939469162.jpg\",\"contentUrl\":\"https:\/\/shop.verlag.uni-potsdam.de\/wp-content\/uploads\/asolmerce\/image-9783939469162.jpg\",\"width\":452,\"height\":640},{\"@type\":\"BreadcrumbList\",\"@id\":\"https:\/\/shop.verlag.uni-potsdam.de\/en\/shop\/zum-verhaeltnis-menschenrechte-und-humanitaeres-voelkerrecht\/#breadcrumb\",\"itemListElement\":[{\"@type\":\"ListItem\",\"position\":1,\"name\":\"Startseite\",\"item\":\"https:\/\/shop.verlag.uni-potsdam.de\/en\/\"},{\"@type\":\"ListItem\",\"position\":2,\"name\":\"Shop\",\"item\":\"https:\/\/shop.verlag.uni-potsdam.de\/en\/shop\/\"},{\"@type\":\"ListItem\",\"position\":3,\"name\":\"Zum Verh\u00e4ltnis Menschenrechte und humanit\u00e4res V\u00f6lkerrecht\"}]},{\"@type\":\"WebSite\",\"@id\":\"https:\/\/shop.verlag.uni-potsdam.de\/en\/#website\",\"url\":\"https:\/\/shop.verlag.uni-potsdam.de\/en\/\",\"name\":\"Universit\u00e4tsverlag Potsdam\",\"description\":\"\",\"publisher\":{\"@id\":\"https:\/\/shop.verlag.uni-potsdam.de\/en\/#organization\"},\"potentialAction\":[{\"@type\":\"SearchAction\",\"target\":{\"@type\":\"EntryPoint\",\"urlTemplate\":\"https:\/\/shop.verlag.uni-potsdam.de\/en\/?s={search_term_string}\"},\"query-input\":{\"@type\":\"PropertyValueSpecification\",\"valueRequired\":true,\"valueName\":\"search_term_string\"}}],\"inLanguage\":\"en-US\"},{\"@type\":\"Organization\",\"@id\":\"https:\/\/shop.verlag.uni-potsdam.de\/en\/#organization\",\"name\":\"Universit\u00e4tsverlag Potsdam\",\"url\":\"https:\/\/shop.verlag.uni-potsdam.de\/en\/\",\"logo\":{\"@type\":\"ImageObject\",\"inLanguage\":\"en-US\",\"@id\":\"https:\/\/shop.verlag.uni-potsdam.de\/en\/#\/schema\/logo\/image\/\",\"url\":\"https:\/\/shop.verlag.uni-potsdam.de\/wp-content\/uploads\/2017\/04\/up_logo_university_2.png\",\"contentUrl\":\"https:\/\/shop.verlag.uni-potsdam.de\/wp-content\/uploads\/2017\/04\/up_logo_university_2.png\",\"width\":160,\"height\":172,\"caption\":\"Universit\u00e4tsverlag Potsdam\"},\"image\":{\"@id\":\"https:\/\/shop.verlag.uni-potsdam.de\/en\/#\/schema\/logo\/image\/\"}}]}<\/script>\n<!-- \/ Yoast SEO plugin. -->","yoast_head_json":{"title":"Zum Verh\u00e4ltnis Menschenrechte und humanit\u00e4res V\u00f6lkerrecht - Universit\u00e4tsverlag Potsdam","robots":{"index":"index","follow":"follow","max-snippet":"max-snippet:-1","max-image-preview":"max-image-preview:large","max-video-preview":"max-video-preview:-1"},"canonical":"https:\/\/shop.verlag.uni-potsdam.de\/en\/shop\/zum-verhaeltnis-menschenrechte-und-humanitaeres-voelkerrecht\/","og_locale":"en_US","og_type":"article","og_title":"Zum Verh\u00e4ltnis Menschenrechte und humanit\u00e4res V\u00f6lkerrecht - Universit\u00e4tsverlag Potsdam","og_description":"The author analysis the still disputed relationship between international human rights law and humanitarian law. The manifold reasons for the controversial relationship and the associated main problems are dealt with in four sections (2 to 5). They focus on an older leading opinion about the relationship between the law of peace and law of war, the extraterritorial application of human rights treaties, the differing doctrinal views, and the relationship of both areas in a narrow sense, that is, especially the solution of potential conflicts between them. The study primarily gives an account of the present state of discussion on the topic in a concentrated manner but also offers own results and thoughts. In another section (6) other issues, related to but going beyond the main questions, are pointed out. The booklet also contains a summary and concluding remarks (7 and 8) as well as an extensive bibliography and a list of relevant jurisprudence and legal opinions of international organs.","og_url":"https:\/\/shop.verlag.uni-potsdam.de\/en\/shop\/zum-verhaeltnis-menschenrechte-und-humanitaeres-voelkerrecht\/","og_site_name":"Universit\u00e4tsverlag Potsdam","article_modified_time":"2026-04-27T07:32:22+00:00","og_image":[{"width":452,"height":640,"url":"https:\/\/shop.verlag.uni-potsdam.de\/wp-content\/uploads\/asolmerce\/image-9783939469162.jpg","type":"image\/jpeg"}],"twitter_card":"summary_large_image","twitter_misc":{"Est. reading time":"2 minutes"},"schema":{"@context":"https:\/\/schema.org","@graph":[{"@type":"WebPage","@id":"https:\/\/shop.verlag.uni-potsdam.de\/en\/shop\/zum-verhaeltnis-menschenrechte-und-humanitaeres-voelkerrecht\/","url":"https:\/\/shop.verlag.uni-potsdam.de\/en\/shop\/zum-verhaeltnis-menschenrechte-und-humanitaeres-voelkerrecht\/","name":"Zum Verh\u00e4ltnis Menschenrechte und humanit\u00e4res V\u00f6lkerrecht - Universit\u00e4tsverlag Potsdam","isPartOf":{"@id":"https:\/\/shop.verlag.uni-potsdam.de\/en\/#website"},"primaryImageOfPage":{"@id":"https:\/\/shop.verlag.uni-potsdam.de\/en\/shop\/zum-verhaeltnis-menschenrechte-und-humanitaeres-voelkerrecht\/#primaryimage"},"image":{"@id":"https:\/\/shop.verlag.uni-potsdam.de\/shop\/zum-verhaeltnis-menschenrechte-und-humanitaeres-voelkerrecht\/#primaryimage"},"thumbnailUrl":"https:\/\/shop.verlag.uni-potsdam.de\/wp-content\/uploads\/asolmerce\/image-9783939469162.jpg","datePublished":"2026-04-27T05:31:22+00:00","dateModified":"2026-04-27T07:32:22+00:00","breadcrumb":{"@id":"https:\/\/shop.verlag.uni-potsdam.de\/en\/shop\/zum-verhaeltnis-menschenrechte-und-humanitaeres-voelkerrecht\/#breadcrumb"},"inLanguage":"en-US","potentialAction":[{"@type":"ReadAction","target":[["https:\/\/shop.verlag.uni-potsdam.de\/en\/shop\/zum-verhaeltnis-menschenrechte-und-humanitaeres-voelkerrecht\/"]]}]},{"@type":"ImageObject","inLanguage":"en-US","@id":"https:\/\/shop.verlag.uni-potsdam.de\/en\/shop\/zum-verhaeltnis-menschenrechte-und-humanitaeres-voelkerrecht\/#primaryimage","url":"https:\/\/shop.verlag.uni-potsdam.de\/wp-content\/uploads\/asolmerce\/image-9783939469162.jpg","contentUrl":"https:\/\/shop.verlag.uni-potsdam.de\/wp-content\/uploads\/asolmerce\/image-9783939469162.jpg","width":452,"height":640},{"@type":"BreadcrumbList","@id":"https:\/\/shop.verlag.uni-potsdam.de\/en\/shop\/zum-verhaeltnis-menschenrechte-und-humanitaeres-voelkerrecht\/#breadcrumb","itemListElement":[{"@type":"ListItem","position":1,"name":"Startseite","item":"https:\/\/shop.verlag.uni-potsdam.de\/en\/"},{"@type":"ListItem","position":2,"name":"Shop","item":"https:\/\/shop.verlag.uni-potsdam.de\/en\/shop\/"},{"@type":"ListItem","position":3,"name":"Zum Verh\u00e4ltnis Menschenrechte und humanit\u00e4res V\u00f6lkerrecht"}]},{"@type":"WebSite","@id":"https:\/\/shop.verlag.uni-potsdam.de\/en\/#website","url":"https:\/\/shop.verlag.uni-potsdam.de\/en\/","name":"Universit\u00e4tsverlag Potsdam","description":"","publisher":{"@id":"https:\/\/shop.verlag.uni-potsdam.de\/en\/#organization"},"potentialAction":[{"@type":"SearchAction","target":{"@type":"EntryPoint","urlTemplate":"https:\/\/shop.verlag.uni-potsdam.de\/en\/?s={search_term_string}"},"query-input":{"@type":"PropertyValueSpecification","valueRequired":true,"valueName":"search_term_string"}}],"inLanguage":"en-US"},{"@type":"Organization","@id":"https:\/\/shop.verlag.uni-potsdam.de\/en\/#organization","name":"Universit\u00e4tsverlag Potsdam","url":"https:\/\/shop.verlag.uni-potsdam.de\/en\/","logo":{"@type":"ImageObject","inLanguage":"en-US","@id":"https:\/\/shop.verlag.uni-potsdam.de\/en\/#\/schema\/logo\/image\/","url":"https:\/\/shop.verlag.uni-potsdam.de\/wp-content\/uploads\/2017\/04\/up_logo_university_2.png","contentUrl":"https:\/\/shop.verlag.uni-potsdam.de\/wp-content\/uploads\/2017\/04\/up_logo_university_2.png","width":160,"height":172,"caption":"Universit\u00e4tsverlag Potsdam"},"image":{"@id":"https:\/\/shop.verlag.uni-potsdam.de\/en\/#\/schema\/logo\/image\/"}}]}},"_links":{"self":[{"href":"https:\/\/shop.verlag.uni-potsdam.de\/en\/wp-json\/wp\/v2\/product\/52258","targetHints":{"allow":["GET"]}}],"collection":[{"href":"https:\/\/shop.verlag.uni-potsdam.de\/en\/wp-json\/wp\/v2\/product"}],"about":[{"href":"https:\/\/shop.verlag.uni-potsdam.de\/en\/wp-json\/wp\/v2\/types\/product"}],"wp:featuredmedia":[{"embeddable":true,"href":"https:\/\/shop.verlag.uni-potsdam.de\/en\/wp-json\/wp\/v2\/media\/53812"}],"wp:attachment":[{"href":"https:\/\/shop.verlag.uni-potsdam.de\/en\/wp-json\/wp\/v2\/media?parent=52258"}],"wp:term":[{"taxonomy":"product_brand","embeddable":true,"href":"https:\/\/shop.verlag.uni-potsdam.de\/en\/wp-json\/wp\/v2\/product_brand?post=52258"},{"taxonomy":"product_cat","embeddable":true,"href":"https:\/\/shop.verlag.uni-potsdam.de\/en\/wp-json\/wp\/v2\/product_cat?post=52258"},{"taxonomy":"product_tag","embeddable":true,"href":"https:\/\/shop.verlag.uni-potsdam.de\/en\/wp-json\/wp\/v2\/product_tag?post=52258"}],"curies":[{"name":"wp","href":"https:\/\/api.w.org\/{rel}","templated":true}]}}