{"id":52260,"date":"2026-03-23T08:53:01","date_gmt":"2026-03-23T08:53:01","guid":{"rendered":"http:\/\/shop.verlag.uni-potsdam.de\/produkt\/ein-vorschlag-zum-brandstrafrecht\/"},"modified":"2026-03-23T11:54:01","modified_gmt":"2026-03-23T10:54:01","slug":"ein-vorschlag-zum-brandstrafrecht","status":"publish","type":"product","link":"https:\/\/shop.verlag.uni-potsdam.de\/en\/shop\/ein-vorschlag-zum-brandstrafrecht\/","title":{"rendered":"Ein Vorschlag zum Brandstrafrecht"},"content":{"rendered":"<p class=\"qtranxs-available-languages-message qtranxs-available-languages-message-en\">Sorry, this entry is only available in <a href=\"https:\/\/shop.verlag.uni-potsdam.de\/de\/wp-json\/wp\/v2\/product\/52260\" class=\"qtranxs-available-language-link qtranxs-available-language-link-de\" title=\"Deutsch\">Deutsch<\/a>.<\/p><p><\/p>\n<div>Das 6. StrRG fasste die Brandstiftungsdelikte neu und stie\u00df damit auf erhebliche Kritik. Die Einw\u00e4nde blieben nicht ungeh\u00f6rt und bereits im Jahr 2000 erl\u00e4uterte Wilkitzki im Rahmen des Marburger Strafrechtsgespr\u00e4chs, der Gesetzgeber wolle M\u00e4ngel des 6. StrRG ausbessern, doch ben\u00f6tige die zu Recht eingeforderte Pr\u00e4zision etwas Zeit. Da die Diskussion nunmehr etwas abgeklungen ist und auch die Rechtsprechung Gelegenheit zur Auseinandersetzung mit den \u00a7\u00a7 306 ff. StGB gehabt hat, bietet es sich an, die vorgebrachten Einw\u00e4nde zu ordnen, um Korrekturm\u00f6glichkeiten im Zusammenhang darzustellen. Die von \u00a7\u00a7 306 ff. StGB aufgeworfenen und recht komplexen Fragestellungen lassen sich grob in drei Bereiche abschichten: <\/div>\n<div>(1) die Schwierigkeiten des \u00a7 306 StGB, <\/div>\n<div>(2) das Gesamtsystem der Strafen sowie <\/div>\n<div>(3) gesonderte Einzelprobleme. <\/div>\n<div>Ziel der \u00dcberlegung ist es, anhand der jeweiligen Problemstellung gesetzgeberische L\u00f6sungen zu entwickeln, um anschlie\u00dfend einen vollst\u00e4ndigen Reformvorschlag zu unterbreiten.<\/div>\n<p><\/p>","protected":false},"excerpt":{"rendered":"<p class=\"qtranxs-available-languages-message qtranxs-available-languages-message-en\">Sorry, this entry is only available in <a href=\"https:\/\/shop.verlag.uni-potsdam.de\/de\/wp-json\/wp\/v2\/product\/52260\" class=\"qtranxs-available-language-link qtranxs-available-language-link-de\" title=\"Deutsch\">Deutsch<\/a>.<\/p>\n<div>Das 6. StrRG fasste die Brandstiftungsdelikte neu und stie\u00df damit auf erhebliche Kritik. Die Einw\u00e4nde blieben nicht ungeh\u00f6rt und bereits im Jahr 2000 erl\u00e4uterte Wilkitzki im Rahmen des Marburger Strafrechtsgespr\u00e4chs, der Gesetzgeber wolle M\u00e4ngel des 6. StrRG ausbessern, doch ben\u00f6tige die zu Recht eingeforderte Pr\u00e4zision etwas Zeit. Da die Diskussion nunmehr etwas abgeklungen ist und auch die Rechtsprechung Gelegenheit zur Auseinandersetzung mit den \u00a7\u00a7 306 ff. StGB gehabt hat, bietet es sich an, die vorgebrachten Einw\u00e4nde zu ordnen, um Korrekturm\u00f6glichkeiten im Zusammenhang darzustellen. Die von \u00a7\u00a7 306 ff. StGB aufgeworfenen und recht komplexen Fragestellungen lassen sich grob in drei Bereiche abschichten: <\/div>\n<div>(1) die Schwierigkeiten des \u00a7 306 StGB, <\/div>\n<div>(2) das Gesamtsystem der Strafen sowie <\/div>\n<div>(3) gesonderte Einzelprobleme. <\/div>\n<div>Ziel der \u00dcberlegung ist es, anhand der jeweiligen Problemstellung gesetzgeberische L\u00f6sungen zu entwickeln, um anschlie\u00dfend einen vollst\u00e4ndigen Reformvorschlag zu unterbreiten.<\/div>\n","protected":false},"featured_media":53693,"template":"","meta":{"_acf_changed":false},"product_brand":[],"product_cat":[6225],"product_tag":[6073],"class_list":{"0":"post-52260","1":"product","2":"type-product","3":"status-publish","4":"has-post-thumbnail","6":"product_cat-recht-web-kategorie","7":"product_tag-brandstiftungsdelikte-brandstrafrecht--306-stgb","8":"autor-rene-boerner","10":"first","11":"instock","12":"shipping-taxable","13":"purchasable","14":"product-type-simple"},"acf":[],"yoast_head":"<!-- This site is optimized with the Yoast SEO plugin v27.1.1 - https:\/\/yoast.com\/product\/yoast-seo-wordpress\/ -->\n<title>Ein Vorschlag zum Brandstrafrecht - Universit\u00e4tsverlag Potsdam<\/title>\n<meta name=\"robots\" content=\"index, follow, max-snippet:-1, max-image-preview:large, max-video-preview:-1\" \/>\n<link rel=\"canonical\" href=\"https:\/\/shop.verlag.uni-potsdam.de\/en\/shop\/ein-vorschlag-zum-brandstrafrecht\/\" \/>\n<meta property=\"og:locale\" content=\"en_US\" \/>\n<meta property=\"og:type\" content=\"article\" \/>\n<meta property=\"og:title\" content=\"Ein Vorschlag zum Brandstrafrecht - Universit\u00e4tsverlag Potsdam\" \/>\n<meta property=\"og:description\" content=\"Das 6. StrRG fasste die Brandstiftungsdelikte neu und stie\u00df damit auf erhebliche Kritik. Die Einw\u00e4nde blieben nicht ungeh\u00f6rt und bereits im Jahr 2000 erl\u00e4uterte Wilkitzki im Rahmen des Marburger Strafrechtsgespr\u00e4chs, der Gesetzgeber wolle M\u00e4ngel des 6. StrRG ausbessern, doch ben\u00f6tige die zu Recht eingeforderte Pr\u00e4zision etwas Zeit. Da die Diskussion nunmehr etwas abgeklungen ist und auch die Rechtsprechung Gelegenheit zur Auseinandersetzung mit den \u00a7\u00a7 306 ff. StGB gehabt hat, bietet es sich an, die vorgebrachten Einw\u00e4nde zu ordnen, um Korrekturm\u00f6glichkeiten im Zusammenhang darzustellen. Die von \u00a7\u00a7 306 ff. StGB aufgeworfenen und recht komplexen Fragestellungen lassen sich grob in drei Bereiche abschichten: (1) die Schwierigkeiten des \u00a7 306 StGB, (2) das Gesamtsystem der Strafen sowie (3) gesonderte Einzelprobleme. Ziel der \u00dcberlegung ist es, anhand der jeweiligen Problemstellung gesetzgeberische L\u00f6sungen zu entwickeln, um anschlie\u00dfend einen vollst\u00e4ndigen Reformvorschlag zu unterbreiten.\" \/>\n<meta property=\"og:url\" content=\"https:\/\/shop.verlag.uni-potsdam.de\/en\/shop\/ein-vorschlag-zum-brandstrafrecht\/\" \/>\n<meta property=\"og:site_name\" content=\"Universit\u00e4tsverlag Potsdam\" \/>\n<meta property=\"article:modified_time\" content=\"2026-03-23T10:54:01+00:00\" \/>\n<meta property=\"og:image\" content=\"https:\/\/shop.verlag.uni-potsdam.de\/wp-content\/uploads\/asolmerce\/image-9783939469223.jpg\" \/>\n\t<meta property=\"og:image:width\" content=\"1122\" \/>\n\t<meta property=\"og:image:height\" content=\"1604\" \/>\n\t<meta property=\"og:image:type\" content=\"image\/jpeg\" \/>\n<meta name=\"twitter:card\" content=\"summary_large_image\" \/>\n<meta name=\"twitter:label1\" content=\"Est. reading time\" \/>\n\t<meta name=\"twitter:data1\" content=\"1 minute\" \/>\n<script type=\"application\/ld+json\" class=\"yoast-schema-graph\">{\"@context\":\"https:\/\/schema.org\",\"@graph\":[{\"@type\":\"WebPage\",\"@id\":\"https:\/\/shop.verlag.uni-potsdam.de\/en\/shop\/ein-vorschlag-zum-brandstrafrecht\/\",\"url\":\"https:\/\/shop.verlag.uni-potsdam.de\/en\/shop\/ein-vorschlag-zum-brandstrafrecht\/\",\"name\":\"Ein Vorschlag zum Brandstrafrecht - Universit\u00e4tsverlag Potsdam\",\"isPartOf\":{\"@id\":\"https:\/\/shop.verlag.uni-potsdam.de\/en\/#website\"},\"primaryImageOfPage\":{\"@id\":\"https:\/\/shop.verlag.uni-potsdam.de\/en\/shop\/ein-vorschlag-zum-brandstrafrecht\/#primaryimage\"},\"image\":{\"@id\":\"https:\/\/shop.verlag.uni-potsdam.de\/shop\/ein-vorschlag-zum-brandstrafrecht\/#primaryimage\"},\"thumbnailUrl\":\"https:\/\/shop.verlag.uni-potsdam.de\/wp-content\/uploads\/asolmerce\/image-9783939469223.jpg\",\"datePublished\":\"2026-03-23T08:53:01+00:00\",\"dateModified\":\"2026-03-23T10:54:01+00:00\",\"breadcrumb\":{\"@id\":\"https:\/\/shop.verlag.uni-potsdam.de\/en\/shop\/ein-vorschlag-zum-brandstrafrecht\/#breadcrumb\"},\"inLanguage\":\"en-US\",\"potentialAction\":[{\"@type\":\"ReadAction\",\"target\":[[\"https:\/\/shop.verlag.uni-potsdam.de\/en\/shop\/ein-vorschlag-zum-brandstrafrecht\/\"]]}]},{\"@type\":\"ImageObject\",\"inLanguage\":\"en-US\",\"@id\":\"https:\/\/shop.verlag.uni-potsdam.de\/en\/shop\/ein-vorschlag-zum-brandstrafrecht\/#primaryimage\",\"url\":\"https:\/\/shop.verlag.uni-potsdam.de\/wp-content\/uploads\/asolmerce\/image-9783939469223.jpg\",\"contentUrl\":\"https:\/\/shop.verlag.uni-potsdam.de\/wp-content\/uploads\/asolmerce\/image-9783939469223.jpg\",\"width\":1122,\"height\":1604},{\"@type\":\"BreadcrumbList\",\"@id\":\"https:\/\/shop.verlag.uni-potsdam.de\/en\/shop\/ein-vorschlag-zum-brandstrafrecht\/#breadcrumb\",\"itemListElement\":[{\"@type\":\"ListItem\",\"position\":1,\"name\":\"Startseite\",\"item\":\"https:\/\/shop.verlag.uni-potsdam.de\/en\/\"},{\"@type\":\"ListItem\",\"position\":2,\"name\":\"Shop\",\"item\":\"https:\/\/shop.verlag.uni-potsdam.de\/en\/shop\/\"},{\"@type\":\"ListItem\",\"position\":3,\"name\":\"Ein Vorschlag zum Brandstrafrecht\"}]},{\"@type\":\"WebSite\",\"@id\":\"https:\/\/shop.verlag.uni-potsdam.de\/en\/#website\",\"url\":\"https:\/\/shop.verlag.uni-potsdam.de\/en\/\",\"name\":\"Universit\u00e4tsverlag Potsdam\",\"description\":\"\",\"publisher\":{\"@id\":\"https:\/\/shop.verlag.uni-potsdam.de\/en\/#organization\"},\"potentialAction\":[{\"@type\":\"SearchAction\",\"target\":{\"@type\":\"EntryPoint\",\"urlTemplate\":\"https:\/\/shop.verlag.uni-potsdam.de\/en\/?s={search_term_string}\"},\"query-input\":{\"@type\":\"PropertyValueSpecification\",\"valueRequired\":true,\"valueName\":\"search_term_string\"}}],\"inLanguage\":\"en-US\"},{\"@type\":\"Organization\",\"@id\":\"https:\/\/shop.verlag.uni-potsdam.de\/en\/#organization\",\"name\":\"Universit\u00e4tsverlag Potsdam\",\"url\":\"https:\/\/shop.verlag.uni-potsdam.de\/en\/\",\"logo\":{\"@type\":\"ImageObject\",\"inLanguage\":\"en-US\",\"@id\":\"https:\/\/shop.verlag.uni-potsdam.de\/en\/#\/schema\/logo\/image\/\",\"url\":\"https:\/\/shop.verlag.uni-potsdam.de\/wp-content\/uploads\/2017\/04\/up_logo_university_2.png\",\"contentUrl\":\"https:\/\/shop.verlag.uni-potsdam.de\/wp-content\/uploads\/2017\/04\/up_logo_university_2.png\",\"width\":160,\"height\":172,\"caption\":\"Universit\u00e4tsverlag Potsdam\"},\"image\":{\"@id\":\"https:\/\/shop.verlag.uni-potsdam.de\/en\/#\/schema\/logo\/image\/\"}}]}<\/script>\n<!-- \/ Yoast SEO plugin. -->","yoast_head_json":{"title":"Ein Vorschlag zum Brandstrafrecht - Universit\u00e4tsverlag Potsdam","robots":{"index":"index","follow":"follow","max-snippet":"max-snippet:-1","max-image-preview":"max-image-preview:large","max-video-preview":"max-video-preview:-1"},"canonical":"https:\/\/shop.verlag.uni-potsdam.de\/en\/shop\/ein-vorschlag-zum-brandstrafrecht\/","og_locale":"en_US","og_type":"article","og_title":"Ein Vorschlag zum Brandstrafrecht - Universit\u00e4tsverlag Potsdam","og_description":"Das 6. StrRG fasste die Brandstiftungsdelikte neu und stie\u00df damit auf erhebliche Kritik. Die Einw\u00e4nde blieben nicht ungeh\u00f6rt und bereits im Jahr 2000 erl\u00e4uterte Wilkitzki im Rahmen des Marburger Strafrechtsgespr\u00e4chs, der Gesetzgeber wolle M\u00e4ngel des 6. StrRG ausbessern, doch ben\u00f6tige die zu Recht eingeforderte Pr\u00e4zision etwas Zeit. Da die Diskussion nunmehr etwas abgeklungen ist und auch die Rechtsprechung Gelegenheit zur Auseinandersetzung mit den \u00a7\u00a7 306 ff. StGB gehabt hat, bietet es sich an, die vorgebrachten Einw\u00e4nde zu ordnen, um Korrekturm\u00f6glichkeiten im Zusammenhang darzustellen. Die von \u00a7\u00a7 306 ff. StGB aufgeworfenen und recht komplexen Fragestellungen lassen sich grob in drei Bereiche abschichten: (1) die Schwierigkeiten des \u00a7 306 StGB, (2) das Gesamtsystem der Strafen sowie (3) gesonderte Einzelprobleme. Ziel der \u00dcberlegung ist es, anhand der jeweiligen Problemstellung gesetzgeberische L\u00f6sungen zu entwickeln, um anschlie\u00dfend einen vollst\u00e4ndigen Reformvorschlag zu unterbreiten.","og_url":"https:\/\/shop.verlag.uni-potsdam.de\/en\/shop\/ein-vorschlag-zum-brandstrafrecht\/","og_site_name":"Universit\u00e4tsverlag Potsdam","article_modified_time":"2026-03-23T10:54:01+00:00","og_image":[{"width":1122,"height":1604,"url":"https:\/\/shop.verlag.uni-potsdam.de\/wp-content\/uploads\/asolmerce\/image-9783939469223.jpg","type":"image\/jpeg"}],"twitter_card":"summary_large_image","twitter_misc":{"Est. reading time":"1 minute"},"schema":{"@context":"https:\/\/schema.org","@graph":[{"@type":"WebPage","@id":"https:\/\/shop.verlag.uni-potsdam.de\/en\/shop\/ein-vorschlag-zum-brandstrafrecht\/","url":"https:\/\/shop.verlag.uni-potsdam.de\/en\/shop\/ein-vorschlag-zum-brandstrafrecht\/","name":"Ein Vorschlag zum Brandstrafrecht - Universit\u00e4tsverlag Potsdam","isPartOf":{"@id":"https:\/\/shop.verlag.uni-potsdam.de\/en\/#website"},"primaryImageOfPage":{"@id":"https:\/\/shop.verlag.uni-potsdam.de\/en\/shop\/ein-vorschlag-zum-brandstrafrecht\/#primaryimage"},"image":{"@id":"https:\/\/shop.verlag.uni-potsdam.de\/shop\/ein-vorschlag-zum-brandstrafrecht\/#primaryimage"},"thumbnailUrl":"https:\/\/shop.verlag.uni-potsdam.de\/wp-content\/uploads\/asolmerce\/image-9783939469223.jpg","datePublished":"2026-03-23T08:53:01+00:00","dateModified":"2026-03-23T10:54:01+00:00","breadcrumb":{"@id":"https:\/\/shop.verlag.uni-potsdam.de\/en\/shop\/ein-vorschlag-zum-brandstrafrecht\/#breadcrumb"},"inLanguage":"en-US","potentialAction":[{"@type":"ReadAction","target":[["https:\/\/shop.verlag.uni-potsdam.de\/en\/shop\/ein-vorschlag-zum-brandstrafrecht\/"]]}]},{"@type":"ImageObject","inLanguage":"en-US","@id":"https:\/\/shop.verlag.uni-potsdam.de\/en\/shop\/ein-vorschlag-zum-brandstrafrecht\/#primaryimage","url":"https:\/\/shop.verlag.uni-potsdam.de\/wp-content\/uploads\/asolmerce\/image-9783939469223.jpg","contentUrl":"https:\/\/shop.verlag.uni-potsdam.de\/wp-content\/uploads\/asolmerce\/image-9783939469223.jpg","width":1122,"height":1604},{"@type":"BreadcrumbList","@id":"https:\/\/shop.verlag.uni-potsdam.de\/en\/shop\/ein-vorschlag-zum-brandstrafrecht\/#breadcrumb","itemListElement":[{"@type":"ListItem","position":1,"name":"Startseite","item":"https:\/\/shop.verlag.uni-potsdam.de\/en\/"},{"@type":"ListItem","position":2,"name":"Shop","item":"https:\/\/shop.verlag.uni-potsdam.de\/en\/shop\/"},{"@type":"ListItem","position":3,"name":"Ein Vorschlag zum Brandstrafrecht"}]},{"@type":"WebSite","@id":"https:\/\/shop.verlag.uni-potsdam.de\/en\/#website","url":"https:\/\/shop.verlag.uni-potsdam.de\/en\/","name":"Universit\u00e4tsverlag Potsdam","description":"","publisher":{"@id":"https:\/\/shop.verlag.uni-potsdam.de\/en\/#organization"},"potentialAction":[{"@type":"SearchAction","target":{"@type":"EntryPoint","urlTemplate":"https:\/\/shop.verlag.uni-potsdam.de\/en\/?s={search_term_string}"},"query-input":{"@type":"PropertyValueSpecification","valueRequired":true,"valueName":"search_term_string"}}],"inLanguage":"en-US"},{"@type":"Organization","@id":"https:\/\/shop.verlag.uni-potsdam.de\/en\/#organization","name":"Universit\u00e4tsverlag Potsdam","url":"https:\/\/shop.verlag.uni-potsdam.de\/en\/","logo":{"@type":"ImageObject","inLanguage":"en-US","@id":"https:\/\/shop.verlag.uni-potsdam.de\/en\/#\/schema\/logo\/image\/","url":"https:\/\/shop.verlag.uni-potsdam.de\/wp-content\/uploads\/2017\/04\/up_logo_university_2.png","contentUrl":"https:\/\/shop.verlag.uni-potsdam.de\/wp-content\/uploads\/2017\/04\/up_logo_university_2.png","width":160,"height":172,"caption":"Universit\u00e4tsverlag Potsdam"},"image":{"@id":"https:\/\/shop.verlag.uni-potsdam.de\/en\/#\/schema\/logo\/image\/"}}]}},"_links":{"self":[{"href":"https:\/\/shop.verlag.uni-potsdam.de\/en\/wp-json\/wp\/v2\/product\/52260","targetHints":{"allow":["GET"]}}],"collection":[{"href":"https:\/\/shop.verlag.uni-potsdam.de\/en\/wp-json\/wp\/v2\/product"}],"about":[{"href":"https:\/\/shop.verlag.uni-potsdam.de\/en\/wp-json\/wp\/v2\/types\/product"}],"wp:featuredmedia":[{"embeddable":true,"href":"https:\/\/shop.verlag.uni-potsdam.de\/en\/wp-json\/wp\/v2\/media\/53693"}],"wp:attachment":[{"href":"https:\/\/shop.verlag.uni-potsdam.de\/en\/wp-json\/wp\/v2\/media?parent=52260"}],"wp:term":[{"taxonomy":"product_brand","embeddable":true,"href":"https:\/\/shop.verlag.uni-potsdam.de\/en\/wp-json\/wp\/v2\/product_brand?post=52260"},{"taxonomy":"product_cat","embeddable":true,"href":"https:\/\/shop.verlag.uni-potsdam.de\/en\/wp-json\/wp\/v2\/product_cat?post=52260"},{"taxonomy":"product_tag","embeddable":true,"href":"https:\/\/shop.verlag.uni-potsdam.de\/en\/wp-json\/wp\/v2\/product_tag?post=52260"}],"curies":[{"name":"wp","href":"https:\/\/api.w.org\/{rel}","templated":true}]}}