{"id":52261,"date":"2026-03-23T08:53:24","date_gmt":"2026-03-23T08:53:24","guid":{"rendered":"http:\/\/shop.verlag.uni-potsdam.de\/produkt\/recht-auf-widerstand-ideengeschichtliche-und-philosophische-perspektiven\/"},"modified":"2026-03-23T11:54:24","modified_gmt":"2026-03-23T10:54:24","slug":"recht-auf-widerstand","status":"publish","type":"product","link":"https:\/\/shop.verlag.uni-potsdam.de\/en\/shop\/recht-auf-widerstand\/","title":{"rendered":"Recht auf Widerstand?"},"content":{"rendered":"<p class=\"qtranxs-available-languages-message qtranxs-available-languages-message-en\">Sorry, this entry is only available in <a href=\"https:\/\/shop.verlag.uni-potsdam.de\/de\/wp-json\/wp\/v2\/product\/52261\" class=\"qtranxs-available-language-link qtranxs-available-language-link-de\" title=\"Deutsch\">Deutsch<\/a>.<\/p><p>Grund- und Menschenrechte stehen in einem Spannungsverh\u00e4ltnis zwischen B\u00fcrger und Staat. Sie haben sich im Alltag, aber auch in Extremsituationen zu bew\u00e4hren. Letzteres ist beim Widerstandsrecht der Fall. F\u00fcr unser heutiges demokratisches und rechtsstaatliches Selbstverst\u00e4ndnis sind die folgenden Fragen grundlegend: Was \u00fcberhaupt ist Widerstand und unter welchen Umst\u00e4nden kann er moralisch gerechtfertigt werden? Wodurch unterscheidet sich politischer Widerstand von blo\u00dfem Ungehorsam oder Protest? Woher nimmt er seine Legitimation? Und auf welche historischen Vorbilder darf er sich berufen? Die in diesem Band versammelten Beitr\u00e4ge von Klaus Roth und Bernd Ladwig \u2013 beide Autoren sind in der Politischen Philosophie und Ideengeschichte beheimatet \u2013 gehen eben diesen grundlegenden Fragen auf dem Wege einer prim\u00e4r ideengeschichtlichen R\u00fcckbesinnung auf das Widerstandsthema einerseits (Roth) und einer \u00fcberwiegend systematisch-philosophischen Begriffskl\u00e4rung andererseits (Ladwig) nach.<\/p>","protected":false},"excerpt":{"rendered":"<p class=\"qtranxs-available-languages-message qtranxs-available-languages-message-en\">Sorry, this entry is only available in <a href=\"https:\/\/shop.verlag.uni-potsdam.de\/de\/wp-json\/wp\/v2\/product\/52261\" class=\"qtranxs-available-language-link qtranxs-available-language-link-de\" title=\"Deutsch\">Deutsch<\/a>.<\/p>\n<p>Grund- und Menschenrechte stehen in einem Spannungsverh\u00e4ltnis zwischen B\u00fcrger und Staat. Sie haben sich im Alltag, aber auch in Extremsituationen zu bew\u00e4hren. Letzteres ist beim Widerstandsrecht der Fall. F\u00fcr unser heutiges demokratisches und rechtsstaatliches Selbstverst\u00e4ndnis sind die folgenden Fragen grundlegend: Was \u00fcberhaupt ist Widerstand und unter welchen Umst\u00e4nden kann er moralisch gerechtfertigt werden? Wodurch unterscheidet sich politischer Widerstand von blo\u00dfem Ungehorsam oder Protest? Woher nimmt er seine Legitimation? Und auf welche historischen Vorbilder darf er sich berufen? Die in diesem Band versammelten Beitr\u00e4ge von Klaus Roth und Bernd Ladwig \u2013 beide Autoren sind in der Politischen Philosophie und Ideengeschichte beheimatet \u2013 gehen eben diesen grundlegenden Fragen auf dem Wege einer prim\u00e4r ideengeschichtlichen R\u00fcckbesinnung auf das Widerstandsthema einerseits (Roth) und einer \u00fcberwiegend systematisch-philosophischen Begriffskl\u00e4rung andererseits (Ladwig) nach.<\/p>\n","protected":false},"featured_media":53811,"template":"","meta":{"_acf_changed":false},"product_brand":[],"product_cat":[6225],"product_tag":[5351,5098],"class_list":{"0":"post-52261","1":"product","2":"type-product","3":"status-publish","4":"has-post-thumbnail","6":"product_cat-recht-web-kategorie","7":"product_tag-demokratie-geschichte-politische-philosophie-staatsrecht-widerstandsrecht","8":"product_tag-mooc-digital-education-e-learning-experience-higher-education-microcredential-online-course-creation-online-course-design","9":"autor-bernd-ladwig","10":"autor-klaus-roth","12":"first","13":"instock","14":"shipping-taxable","15":"purchasable","16":"product-type-simple"},"acf":[],"yoast_head":"<!-- This site is optimized with the Yoast SEO plugin v27.1.1 - https:\/\/yoast.com\/product\/yoast-seo-wordpress\/ -->\n<title>Recht auf Widerstand? - Universit\u00e4tsverlag Potsdam<\/title>\n<meta name=\"robots\" content=\"index, follow, max-snippet:-1, max-image-preview:large, max-video-preview:-1\" \/>\n<link rel=\"canonical\" href=\"https:\/\/shop.verlag.uni-potsdam.de\/en\/shop\/recht-auf-widerstand\/\" \/>\n<meta property=\"og:locale\" content=\"en_US\" \/>\n<meta property=\"og:type\" content=\"article\" \/>\n<meta property=\"og:title\" content=\"Recht auf Widerstand? - Universit\u00e4tsverlag Potsdam\" \/>\n<meta property=\"og:description\" content=\"Grund- und Menschenrechte stehen in einem Spannungsverh\u00e4ltnis zwischen B\u00fcrger und Staat. Sie haben sich im Alltag, aber auch in Extremsituationen zu bew\u00e4hren. Letzteres ist beim Widerstandsrecht der Fall. F\u00fcr unser heutiges demokratisches und rechtsstaatliches Selbstverst\u00e4ndnis sind die folgenden Fragen grundlegend: Was \u00fcberhaupt ist Widerstand und unter welchen Umst\u00e4nden kann er moralisch gerechtfertigt werden? Wodurch unterscheidet sich politischer Widerstand von blo\u00dfem Ungehorsam oder Protest? Woher nimmt er seine Legitimation? Und auf welche historischen Vorbilder darf er sich berufen? Die in diesem Band versammelten Beitr\u00e4ge von Klaus Roth und Bernd Ladwig \u2013 beide Autoren sind in der Politischen Philosophie und Ideengeschichte beheimatet \u2013 gehen eben diesen grundlegenden Fragen auf dem Wege einer prim\u00e4r ideengeschichtlichen R\u00fcckbesinnung auf das Widerstandsthema einerseits (Roth) und einer \u00fcberwiegend systematisch-philosophischen Begriffskl\u00e4rung andererseits (Ladwig) nach.\" \/>\n<meta property=\"og:url\" content=\"https:\/\/shop.verlag.uni-potsdam.de\/en\/shop\/recht-auf-widerstand\/\" \/>\n<meta property=\"og:site_name\" content=\"Universit\u00e4tsverlag Potsdam\" \/>\n<meta property=\"article:modified_time\" content=\"2026-03-23T10:54:24+00:00\" \/>\n<meta property=\"og:image\" content=\"https:\/\/shop.verlag.uni-potsdam.de\/wp-content\/uploads\/asolmerce\/image-9783937786841.jpg\" \/>\n\t<meta property=\"og:image:width\" content=\"448\" \/>\n\t<meta property=\"og:image:height\" content=\"640\" \/>\n\t<meta property=\"og:image:type\" content=\"image\/jpeg\" \/>\n<meta name=\"twitter:card\" content=\"summary_large_image\" \/>\n<meta name=\"twitter:label1\" content=\"Est. reading time\" \/>\n\t<meta name=\"twitter:data1\" content=\"1 minute\" \/>\n<script type=\"application\/ld+json\" class=\"yoast-schema-graph\">{\"@context\":\"https:\/\/schema.org\",\"@graph\":[{\"@type\":\"WebPage\",\"@id\":\"https:\/\/shop.verlag.uni-potsdam.de\/en\/shop\/recht-auf-widerstand\/\",\"url\":\"https:\/\/shop.verlag.uni-potsdam.de\/en\/shop\/recht-auf-widerstand\/\",\"name\":\"Recht auf Widerstand? - Universit\u00e4tsverlag Potsdam\",\"isPartOf\":{\"@id\":\"https:\/\/shop.verlag.uni-potsdam.de\/en\/#website\"},\"primaryImageOfPage\":{\"@id\":\"https:\/\/shop.verlag.uni-potsdam.de\/en\/shop\/recht-auf-widerstand\/#primaryimage\"},\"image\":{\"@id\":\"https:\/\/shop.verlag.uni-potsdam.de\/shop\/recht-auf-widerstand\/#primaryimage\"},\"thumbnailUrl\":\"https:\/\/shop.verlag.uni-potsdam.de\/wp-content\/uploads\/asolmerce\/image-9783937786841.jpg\",\"datePublished\":\"2026-03-23T08:53:24+00:00\",\"dateModified\":\"2026-03-23T10:54:24+00:00\",\"breadcrumb\":{\"@id\":\"https:\/\/shop.verlag.uni-potsdam.de\/en\/shop\/recht-auf-widerstand\/#breadcrumb\"},\"inLanguage\":\"en-US\",\"potentialAction\":[{\"@type\":\"ReadAction\",\"target\":[[\"https:\/\/shop.verlag.uni-potsdam.de\/en\/shop\/recht-auf-widerstand\/\"]]}]},{\"@type\":\"ImageObject\",\"inLanguage\":\"en-US\",\"@id\":\"https:\/\/shop.verlag.uni-potsdam.de\/en\/shop\/recht-auf-widerstand\/#primaryimage\",\"url\":\"https:\/\/shop.verlag.uni-potsdam.de\/wp-content\/uploads\/asolmerce\/image-9783937786841.jpg\",\"contentUrl\":\"https:\/\/shop.verlag.uni-potsdam.de\/wp-content\/uploads\/asolmerce\/image-9783937786841.jpg\",\"width\":448,\"height\":640},{\"@type\":\"BreadcrumbList\",\"@id\":\"https:\/\/shop.verlag.uni-potsdam.de\/en\/shop\/recht-auf-widerstand\/#breadcrumb\",\"itemListElement\":[{\"@type\":\"ListItem\",\"position\":1,\"name\":\"Startseite\",\"item\":\"https:\/\/shop.verlag.uni-potsdam.de\/en\/\"},{\"@type\":\"ListItem\",\"position\":2,\"name\":\"Shop\",\"item\":\"https:\/\/shop.verlag.uni-potsdam.de\/en\/shop\/\"},{\"@type\":\"ListItem\",\"position\":3,\"name\":\"Recht auf Widerstand?\"}]},{\"@type\":\"WebSite\",\"@id\":\"https:\/\/shop.verlag.uni-potsdam.de\/en\/#website\",\"url\":\"https:\/\/shop.verlag.uni-potsdam.de\/en\/\",\"name\":\"Universit\u00e4tsverlag Potsdam\",\"description\":\"\",\"publisher\":{\"@id\":\"https:\/\/shop.verlag.uni-potsdam.de\/en\/#organization\"},\"potentialAction\":[{\"@type\":\"SearchAction\",\"target\":{\"@type\":\"EntryPoint\",\"urlTemplate\":\"https:\/\/shop.verlag.uni-potsdam.de\/en\/?s={search_term_string}\"},\"query-input\":{\"@type\":\"PropertyValueSpecification\",\"valueRequired\":true,\"valueName\":\"search_term_string\"}}],\"inLanguage\":\"en-US\"},{\"@type\":\"Organization\",\"@id\":\"https:\/\/shop.verlag.uni-potsdam.de\/en\/#organization\",\"name\":\"Universit\u00e4tsverlag Potsdam\",\"url\":\"https:\/\/shop.verlag.uni-potsdam.de\/en\/\",\"logo\":{\"@type\":\"ImageObject\",\"inLanguage\":\"en-US\",\"@id\":\"https:\/\/shop.verlag.uni-potsdam.de\/en\/#\/schema\/logo\/image\/\",\"url\":\"https:\/\/shop.verlag.uni-potsdam.de\/wp-content\/uploads\/2017\/04\/up_logo_university_2.png\",\"contentUrl\":\"https:\/\/shop.verlag.uni-potsdam.de\/wp-content\/uploads\/2017\/04\/up_logo_university_2.png\",\"width\":160,\"height\":172,\"caption\":\"Universit\u00e4tsverlag Potsdam\"},\"image\":{\"@id\":\"https:\/\/shop.verlag.uni-potsdam.de\/en\/#\/schema\/logo\/image\/\"}}]}<\/script>\n<!-- \/ Yoast SEO plugin. -->","yoast_head_json":{"title":"Recht auf Widerstand? - Universit\u00e4tsverlag Potsdam","robots":{"index":"index","follow":"follow","max-snippet":"max-snippet:-1","max-image-preview":"max-image-preview:large","max-video-preview":"max-video-preview:-1"},"canonical":"https:\/\/shop.verlag.uni-potsdam.de\/en\/shop\/recht-auf-widerstand\/","og_locale":"en_US","og_type":"article","og_title":"Recht auf Widerstand? - Universit\u00e4tsverlag Potsdam","og_description":"Grund- und Menschenrechte stehen in einem Spannungsverh\u00e4ltnis zwischen B\u00fcrger und Staat. Sie haben sich im Alltag, aber auch in Extremsituationen zu bew\u00e4hren. Letzteres ist beim Widerstandsrecht der Fall. F\u00fcr unser heutiges demokratisches und rechtsstaatliches Selbstverst\u00e4ndnis sind die folgenden Fragen grundlegend: Was \u00fcberhaupt ist Widerstand und unter welchen Umst\u00e4nden kann er moralisch gerechtfertigt werden? Wodurch unterscheidet sich politischer Widerstand von blo\u00dfem Ungehorsam oder Protest? Woher nimmt er seine Legitimation? Und auf welche historischen Vorbilder darf er sich berufen? Die in diesem Band versammelten Beitr\u00e4ge von Klaus Roth und Bernd Ladwig \u2013 beide Autoren sind in der Politischen Philosophie und Ideengeschichte beheimatet \u2013 gehen eben diesen grundlegenden Fragen auf dem Wege einer prim\u00e4r ideengeschichtlichen R\u00fcckbesinnung auf das Widerstandsthema einerseits (Roth) und einer \u00fcberwiegend systematisch-philosophischen Begriffskl\u00e4rung andererseits (Ladwig) nach.","og_url":"https:\/\/shop.verlag.uni-potsdam.de\/en\/shop\/recht-auf-widerstand\/","og_site_name":"Universit\u00e4tsverlag Potsdam","article_modified_time":"2026-03-23T10:54:24+00:00","og_image":[{"width":448,"height":640,"url":"https:\/\/shop.verlag.uni-potsdam.de\/wp-content\/uploads\/asolmerce\/image-9783937786841.jpg","type":"image\/jpeg"}],"twitter_card":"summary_large_image","twitter_misc":{"Est. reading time":"1 minute"},"schema":{"@context":"https:\/\/schema.org","@graph":[{"@type":"WebPage","@id":"https:\/\/shop.verlag.uni-potsdam.de\/en\/shop\/recht-auf-widerstand\/","url":"https:\/\/shop.verlag.uni-potsdam.de\/en\/shop\/recht-auf-widerstand\/","name":"Recht auf Widerstand? - Universit\u00e4tsverlag Potsdam","isPartOf":{"@id":"https:\/\/shop.verlag.uni-potsdam.de\/en\/#website"},"primaryImageOfPage":{"@id":"https:\/\/shop.verlag.uni-potsdam.de\/en\/shop\/recht-auf-widerstand\/#primaryimage"},"image":{"@id":"https:\/\/shop.verlag.uni-potsdam.de\/shop\/recht-auf-widerstand\/#primaryimage"},"thumbnailUrl":"https:\/\/shop.verlag.uni-potsdam.de\/wp-content\/uploads\/asolmerce\/image-9783937786841.jpg","datePublished":"2026-03-23T08:53:24+00:00","dateModified":"2026-03-23T10:54:24+00:00","breadcrumb":{"@id":"https:\/\/shop.verlag.uni-potsdam.de\/en\/shop\/recht-auf-widerstand\/#breadcrumb"},"inLanguage":"en-US","potentialAction":[{"@type":"ReadAction","target":[["https:\/\/shop.verlag.uni-potsdam.de\/en\/shop\/recht-auf-widerstand\/"]]}]},{"@type":"ImageObject","inLanguage":"en-US","@id":"https:\/\/shop.verlag.uni-potsdam.de\/en\/shop\/recht-auf-widerstand\/#primaryimage","url":"https:\/\/shop.verlag.uni-potsdam.de\/wp-content\/uploads\/asolmerce\/image-9783937786841.jpg","contentUrl":"https:\/\/shop.verlag.uni-potsdam.de\/wp-content\/uploads\/asolmerce\/image-9783937786841.jpg","width":448,"height":640},{"@type":"BreadcrumbList","@id":"https:\/\/shop.verlag.uni-potsdam.de\/en\/shop\/recht-auf-widerstand\/#breadcrumb","itemListElement":[{"@type":"ListItem","position":1,"name":"Startseite","item":"https:\/\/shop.verlag.uni-potsdam.de\/en\/"},{"@type":"ListItem","position":2,"name":"Shop","item":"https:\/\/shop.verlag.uni-potsdam.de\/en\/shop\/"},{"@type":"ListItem","position":3,"name":"Recht auf Widerstand?"}]},{"@type":"WebSite","@id":"https:\/\/shop.verlag.uni-potsdam.de\/en\/#website","url":"https:\/\/shop.verlag.uni-potsdam.de\/en\/","name":"Universit\u00e4tsverlag Potsdam","description":"","publisher":{"@id":"https:\/\/shop.verlag.uni-potsdam.de\/en\/#organization"},"potentialAction":[{"@type":"SearchAction","target":{"@type":"EntryPoint","urlTemplate":"https:\/\/shop.verlag.uni-potsdam.de\/en\/?s={search_term_string}"},"query-input":{"@type":"PropertyValueSpecification","valueRequired":true,"valueName":"search_term_string"}}],"inLanguage":"en-US"},{"@type":"Organization","@id":"https:\/\/shop.verlag.uni-potsdam.de\/en\/#organization","name":"Universit\u00e4tsverlag Potsdam","url":"https:\/\/shop.verlag.uni-potsdam.de\/en\/","logo":{"@type":"ImageObject","inLanguage":"en-US","@id":"https:\/\/shop.verlag.uni-potsdam.de\/en\/#\/schema\/logo\/image\/","url":"https:\/\/shop.verlag.uni-potsdam.de\/wp-content\/uploads\/2017\/04\/up_logo_university_2.png","contentUrl":"https:\/\/shop.verlag.uni-potsdam.de\/wp-content\/uploads\/2017\/04\/up_logo_university_2.png","width":160,"height":172,"caption":"Universit\u00e4tsverlag Potsdam"},"image":{"@id":"https:\/\/shop.verlag.uni-potsdam.de\/en\/#\/schema\/logo\/image\/"}}]}},"_links":{"self":[{"href":"https:\/\/shop.verlag.uni-potsdam.de\/en\/wp-json\/wp\/v2\/product\/52261","targetHints":{"allow":["GET"]}}],"collection":[{"href":"https:\/\/shop.verlag.uni-potsdam.de\/en\/wp-json\/wp\/v2\/product"}],"about":[{"href":"https:\/\/shop.verlag.uni-potsdam.de\/en\/wp-json\/wp\/v2\/types\/product"}],"wp:featuredmedia":[{"embeddable":true,"href":"https:\/\/shop.verlag.uni-potsdam.de\/en\/wp-json\/wp\/v2\/media\/53811"}],"wp:attachment":[{"href":"https:\/\/shop.verlag.uni-potsdam.de\/en\/wp-json\/wp\/v2\/media?parent=52261"}],"wp:term":[{"taxonomy":"product_brand","embeddable":true,"href":"https:\/\/shop.verlag.uni-potsdam.de\/en\/wp-json\/wp\/v2\/product_brand?post=52261"},{"taxonomy":"product_cat","embeddable":true,"href":"https:\/\/shop.verlag.uni-potsdam.de\/en\/wp-json\/wp\/v2\/product_cat?post=52261"},{"taxonomy":"product_tag","embeddable":true,"href":"https:\/\/shop.verlag.uni-potsdam.de\/en\/wp-json\/wp\/v2\/product_tag?post=52261"}],"curies":[{"name":"wp","href":"https:\/\/api.w.org\/{rel}","templated":true}]}}