{"id":52268,"date":"2026-03-23T08:53:19","date_gmt":"2026-03-23T08:53:19","guid":{"rendered":"http:\/\/shop.verlag.uni-potsdam.de\/produkt\/der-scharffe-sebel-ist-mein-acker\/"},"modified":"2026-03-23T11:54:19","modified_gmt":"2026-03-23T10:54:19","slug":"der-scharffe-sebel-ist-mein-acker","status":"publish","type":"product","link":"https:\/\/shop.verlag.uni-potsdam.de\/en\/shop\/der-scharffe-sebel-ist-mein-acker\/","title":{"rendered":"&#8230;der scharffe Sebel ist mein Acker &#8230;"},"content":{"rendered":"<p class=\"qtranxs-available-languages-message qtranxs-available-languages-message-en\">Sorry, this entry is only available in <a href=\"https:\/\/shop.verlag.uni-potsdam.de\/de\/wp-json\/wp\/v2\/product\/52268\" class=\"qtranxs-available-language-link qtranxs-available-language-link-de\" title=\"Deutsch\">Deutsch<\/a>.<\/p><p>Dieses Material soll es dem Lehrer erm\u00f6glichen, schnell und mit wenig Arbeitsaufwand eine oder mehrere Unterrichtsstunden zum Thema &#8220;S\u00f6ldnertum&#8221; vorzubereiten, aber auch zur Arbeit mit Bildquellen anregen, die in der Schule oftmals recht stiefm\u00fctterlich behandelt werden. Zu diesem Zweck wird in aller K\u00fcrze in die Entstehung des Soldkriegswesens als Form staatlich organisierter Gewaltsamkeit eingef\u00fchrt. Ausgehend von der Sp\u00e4tantike werden die milit\u00e4rischen, wirtschaftlichen und demographischen Faktoren, die zur &#8220;Renaissance des Fu\u00dfvolkes&#8221; gef\u00fchrt haben, beschrieben, und auf entsprechende Fachpublikationen verwiesen. Organisation, Struktur und Rechtsformen der S\u00f6ldnerheere werden vorgestellt und immer anhand von Bildquellen des 15. und 16. Jahrhunderts verdeutlicht. Der zweite Teil dieses Materials besteht aus einer Einf\u00fchrung in die Historische Bildkunde, so dass die Sch\u00fcler den Umgang mit dieser Quellengattung z\u00fcgig erlernen k\u00f6nnen. Um die komplexe Symbolik der Bildmaterialien der Fr\u00fchen Neuzeit entschl\u00fcsseln zu k\u00f6nnen, wurde als Hilfe f\u00fcr Lehrer und Sch\u00fcler ein Symbolschl\u00fcssel angefertigt. Die Quellen liegen in digitaler Form, in zwei Ausf\u00fchrungen (einer mit Markierungen der wichtigsten Symbole f\u00fcr den Lehrer, einer ohne diese Markierungen als Arbeitsmaterial f\u00fcr die Sch\u00fcler) der Arbeit bei. Das Material ist modular aufgebaut, so dass man bei Bedarf nur einen Aspekt des Soldkriegswesens (beispielsweise das Trossvolk oder die Verrechtlichung innerhalb der S\u00f6ldnerheere) von den Sch\u00fclern bearbeiten lassen kann. Abschlie\u00dfend werden Vorschl\u00e4ge f\u00fcr Tafelbilder und \u00dcbersichten, sowie f\u00fcr Aufgabenstellungen, die sich sowohl zur Einzel- als auch zur Gruppen- oder Projektarbeit eignen, unterbreitet.<\/p>","protected":false},"excerpt":{"rendered":"<p class=\"qtranxs-available-languages-message qtranxs-available-languages-message-en\">Sorry, this entry is only available in <a href=\"https:\/\/shop.verlag.uni-potsdam.de\/de\/wp-json\/wp\/v2\/product\/52268\" class=\"qtranxs-available-language-link qtranxs-available-language-link-de\" title=\"Deutsch\">Deutsch<\/a>.<\/p>\n<p>Dieses Material soll es dem Lehrer erm\u00f6glichen, schnell und mit wenig Arbeitsaufwand eine oder mehrere Unterrichtsstunden zum Thema &#8220;S\u00f6ldnertum&#8221; vorzubereiten, aber auch zur Arbeit mit Bildquellen anregen, die in der Schule oftmals recht stiefm\u00fctterlich behandelt werden. Zu diesem Zweck wird in aller K\u00fcrze in die Entstehung des Soldkriegswesens als Form staatlich organisierter Gewaltsamkeit eingef\u00fchrt. Ausgehend von der Sp\u00e4tantike werden die milit\u00e4rischen, wirtschaftlichen und demographischen Faktoren, die zur &#8220;Renaissance des Fu\u00dfvolkes&#8221; gef\u00fchrt haben, beschrieben, und auf entsprechende Fachpublikationen verwiesen. Organisation, Struktur und Rechtsformen der S\u00f6ldnerheere werden vorgestellt und immer anhand von Bildquellen des 15. und 16. Jahrhunderts verdeutlicht. Der zweite Teil dieses Materials besteht aus einer Einf\u00fchrung in die Historische Bildkunde, so dass die Sch\u00fcler den Umgang mit dieser Quellengattung z\u00fcgig erlernen k\u00f6nnen. Um die komplexe Symbolik der Bildmaterialien der Fr\u00fchen Neuzeit entschl\u00fcsseln zu k\u00f6nnen, wurde als Hilfe f\u00fcr Lehrer und Sch\u00fcler ein Symbolschl\u00fcssel angefertigt. Die Quellen liegen in digitaler Form, in zwei Ausf\u00fchrungen (einer mit Markierungen der wichtigsten Symbole f\u00fcr den Lehrer, einer ohne diese Markierungen als Arbeitsmaterial f\u00fcr die Sch\u00fcler) der Arbeit bei. Das Material ist modular aufgebaut, so dass man bei Bedarf nur einen Aspekt des Soldkriegswesens (beispielsweise das Trossvolk oder die Verrechtlichung innerhalb der S\u00f6ldnerheere) von den Sch\u00fclern bearbeiten lassen kann. Abschlie\u00dfend werden Vorschl\u00e4ge f\u00fcr Tafelbilder und \u00dcbersichten, sowie f\u00fcr Aufgabenstellungen, die sich sowohl zur Einzel- als auch zur Gruppen- oder Projektarbeit eignen, unterbreitet.<\/p>\n","protected":false},"featured_media":55113,"template":"","meta":{"_acf_changed":false},"product_brand":[],"product_cat":[6207],"product_tag":[5432],"class_list":{"0":"post-52268","1":"product","2":"type-product","3":"status-publish","4":"has-post-thumbnail","6":"product_cat-geschichte-web-kategorie","7":"product_tag-bildbetrachtung-lehrmaterial-sekundarstufe-ii-soldkriegswesen-soeldnertum","8":"autor-alexander-stache-1","10":"first","11":"instock","12":"shipping-taxable","13":"purchasable","14":"product-type-simple"},"acf":[],"yoast_head":"<!-- This site is optimized with the Yoast SEO plugin v27.1.1 - https:\/\/yoast.com\/product\/yoast-seo-wordpress\/ -->\n<title>...der scharffe Sebel ist mein Acker ... - Universit\u00e4tsverlag Potsdam<\/title>\n<meta name=\"robots\" content=\"index, follow, max-snippet:-1, max-image-preview:large, max-video-preview:-1\" \/>\n<link rel=\"canonical\" href=\"https:\/\/shop.verlag.uni-potsdam.de\/en\/shop\/der-scharffe-sebel-ist-mein-acker\/\" \/>\n<meta property=\"og:locale\" content=\"en_US\" \/>\n<meta property=\"og:type\" content=\"article\" \/>\n<meta property=\"og:title\" content=\"...der scharffe Sebel ist mein Acker ... - Universit\u00e4tsverlag Potsdam\" \/>\n<meta property=\"og:description\" content=\"Dieses Material soll es dem Lehrer erm\u00f6glichen, schnell und mit wenig Arbeitsaufwand eine oder mehrere Unterrichtsstunden zum Thema &quot;S\u00f6ldnertum&quot; vorzubereiten, aber auch zur Arbeit mit Bildquellen anregen, die in der Schule oftmals recht stiefm\u00fctterlich behandelt werden. Zu diesem Zweck wird in aller K\u00fcrze in die Entstehung des Soldkriegswesens als Form staatlich organisierter Gewaltsamkeit eingef\u00fchrt. Ausgehend von der Sp\u00e4tantike werden die milit\u00e4rischen, wirtschaftlichen und demographischen Faktoren, die zur &quot;Renaissance des Fu\u00dfvolkes&quot; gef\u00fchrt haben, beschrieben, und auf entsprechende Fachpublikationen verwiesen. Organisation, Struktur und Rechtsformen der S\u00f6ldnerheere werden vorgestellt und immer anhand von Bildquellen des 15. und 16. Jahrhunderts verdeutlicht. Der zweite Teil dieses Materials besteht aus einer Einf\u00fchrung in die Historische Bildkunde, so dass die Sch\u00fcler den Umgang mit dieser Quellengattung z\u00fcgig erlernen k\u00f6nnen. Um die komplexe Symbolik der Bildmaterialien der Fr\u00fchen Neuzeit entschl\u00fcsseln zu k\u00f6nnen, wurde als Hilfe f\u00fcr Lehrer und Sch\u00fcler ein Symbolschl\u00fcssel angefertigt. Die Quellen liegen in digitaler Form, in zwei Ausf\u00fchrungen (einer mit Markierungen der wichtigsten Symbole f\u00fcr den Lehrer, einer ohne diese Markierungen als Arbeitsmaterial f\u00fcr die Sch\u00fcler) der Arbeit bei. Das Material ist modular aufgebaut, so dass man bei Bedarf nur einen Aspekt des Soldkriegswesens (beispielsweise das Trossvolk oder die Verrechtlichung innerhalb der S\u00f6ldnerheere) von den Sch\u00fclern bearbeiten lassen kann. Abschlie\u00dfend werden Vorschl\u00e4ge f\u00fcr Tafelbilder und \u00dcbersichten, sowie f\u00fcr Aufgabenstellungen, die sich sowohl zur Einzel- als auch zur Gruppen- oder Projektarbeit eignen, unterbreitet.\" \/>\n<meta property=\"og:url\" content=\"https:\/\/shop.verlag.uni-potsdam.de\/en\/shop\/der-scharffe-sebel-ist-mein-acker\/\" \/>\n<meta property=\"og:site_name\" content=\"Universit\u00e4tsverlag Potsdam\" \/>\n<meta property=\"article:modified_time\" content=\"2026-03-23T10:54:19+00:00\" \/>\n<meta property=\"og:image\" content=\"https:\/\/shop.verlag.uni-potsdam.de\/wp-content\/uploads\/asolmerce\/image-978-3-937786-58-2.jpg\" \/>\n\t<meta property=\"og:image:width\" content=\"866\" \/>\n\t<meta property=\"og:image:height\" content=\"1280\" \/>\n\t<meta property=\"og:image:type\" content=\"image\/jpeg\" \/>\n<meta name=\"twitter:card\" content=\"summary_large_image\" \/>\n<meta name=\"twitter:label1\" content=\"Est. reading time\" \/>\n\t<meta name=\"twitter:data1\" content=\"1 minute\" \/>\n<script type=\"application\/ld+json\" class=\"yoast-schema-graph\">{\"@context\":\"https:\/\/schema.org\",\"@graph\":[{\"@type\":\"WebPage\",\"@id\":\"https:\/\/shop.verlag.uni-potsdam.de\/en\/shop\/der-scharffe-sebel-ist-mein-acker\/\",\"url\":\"https:\/\/shop.verlag.uni-potsdam.de\/en\/shop\/der-scharffe-sebel-ist-mein-acker\/\",\"name\":\"...der scharffe Sebel ist mein Acker ... - Universit\u00e4tsverlag Potsdam\",\"isPartOf\":{\"@id\":\"https:\/\/shop.verlag.uni-potsdam.de\/en\/#website\"},\"primaryImageOfPage\":{\"@id\":\"https:\/\/shop.verlag.uni-potsdam.de\/en\/shop\/der-scharffe-sebel-ist-mein-acker\/#primaryimage\"},\"image\":{\"@id\":\"https:\/\/shop.verlag.uni-potsdam.de\/shop\/der-scharffe-sebel-ist-mein-acker\/#primaryimage\"},\"thumbnailUrl\":\"https:\/\/shop.verlag.uni-potsdam.de\/wp-content\/uploads\/asolmerce\/image-978-3-937786-58-2.jpg\",\"datePublished\":\"2026-03-23T08:53:19+00:00\",\"dateModified\":\"2026-03-23T10:54:19+00:00\",\"breadcrumb\":{\"@id\":\"https:\/\/shop.verlag.uni-potsdam.de\/en\/shop\/der-scharffe-sebel-ist-mein-acker\/#breadcrumb\"},\"inLanguage\":\"en-US\",\"potentialAction\":[{\"@type\":\"ReadAction\",\"target\":[[\"https:\/\/shop.verlag.uni-potsdam.de\/en\/shop\/der-scharffe-sebel-ist-mein-acker\/\"]]}]},{\"@type\":\"ImageObject\",\"inLanguage\":\"en-US\",\"@id\":\"https:\/\/shop.verlag.uni-potsdam.de\/en\/shop\/der-scharffe-sebel-ist-mein-acker\/#primaryimage\",\"url\":\"https:\/\/shop.verlag.uni-potsdam.de\/wp-content\/uploads\/asolmerce\/image-978-3-937786-58-2.jpg\",\"contentUrl\":\"https:\/\/shop.verlag.uni-potsdam.de\/wp-content\/uploads\/asolmerce\/image-978-3-937786-58-2.jpg\",\"width\":866,\"height\":1280},{\"@type\":\"BreadcrumbList\",\"@id\":\"https:\/\/shop.verlag.uni-potsdam.de\/en\/shop\/der-scharffe-sebel-ist-mein-acker\/#breadcrumb\",\"itemListElement\":[{\"@type\":\"ListItem\",\"position\":1,\"name\":\"Startseite\",\"item\":\"https:\/\/shop.verlag.uni-potsdam.de\/en\/\"},{\"@type\":\"ListItem\",\"position\":2,\"name\":\"Shop\",\"item\":\"https:\/\/shop.verlag.uni-potsdam.de\/en\/shop\/\"},{\"@type\":\"ListItem\",\"position\":3,\"name\":\"&#8230;der scharffe Sebel ist mein Acker &#8230;\"}]},{\"@type\":\"WebSite\",\"@id\":\"https:\/\/shop.verlag.uni-potsdam.de\/en\/#website\",\"url\":\"https:\/\/shop.verlag.uni-potsdam.de\/en\/\",\"name\":\"Universit\u00e4tsverlag Potsdam\",\"description\":\"\",\"publisher\":{\"@id\":\"https:\/\/shop.verlag.uni-potsdam.de\/en\/#organization\"},\"potentialAction\":[{\"@type\":\"SearchAction\",\"target\":{\"@type\":\"EntryPoint\",\"urlTemplate\":\"https:\/\/shop.verlag.uni-potsdam.de\/en\/?s={search_term_string}\"},\"query-input\":{\"@type\":\"PropertyValueSpecification\",\"valueRequired\":true,\"valueName\":\"search_term_string\"}}],\"inLanguage\":\"en-US\"},{\"@type\":\"Organization\",\"@id\":\"https:\/\/shop.verlag.uni-potsdam.de\/en\/#organization\",\"name\":\"Universit\u00e4tsverlag Potsdam\",\"url\":\"https:\/\/shop.verlag.uni-potsdam.de\/en\/\",\"logo\":{\"@type\":\"ImageObject\",\"inLanguage\":\"en-US\",\"@id\":\"https:\/\/shop.verlag.uni-potsdam.de\/en\/#\/schema\/logo\/image\/\",\"url\":\"https:\/\/shop.verlag.uni-potsdam.de\/wp-content\/uploads\/2017\/04\/up_logo_university_2.png\",\"contentUrl\":\"https:\/\/shop.verlag.uni-potsdam.de\/wp-content\/uploads\/2017\/04\/up_logo_university_2.png\",\"width\":160,\"height\":172,\"caption\":\"Universit\u00e4tsverlag Potsdam\"},\"image\":{\"@id\":\"https:\/\/shop.verlag.uni-potsdam.de\/en\/#\/schema\/logo\/image\/\"}}]}<\/script>\n<!-- \/ Yoast SEO plugin. -->","yoast_head_json":{"title":"...der scharffe Sebel ist mein Acker ... - Universit\u00e4tsverlag Potsdam","robots":{"index":"index","follow":"follow","max-snippet":"max-snippet:-1","max-image-preview":"max-image-preview:large","max-video-preview":"max-video-preview:-1"},"canonical":"https:\/\/shop.verlag.uni-potsdam.de\/en\/shop\/der-scharffe-sebel-ist-mein-acker\/","og_locale":"en_US","og_type":"article","og_title":"...der scharffe Sebel ist mein Acker ... - Universit\u00e4tsverlag Potsdam","og_description":"Dieses Material soll es dem Lehrer erm\u00f6glichen, schnell und mit wenig Arbeitsaufwand eine oder mehrere Unterrichtsstunden zum Thema \"S\u00f6ldnertum\" vorzubereiten, aber auch zur Arbeit mit Bildquellen anregen, die in der Schule oftmals recht stiefm\u00fctterlich behandelt werden. Zu diesem Zweck wird in aller K\u00fcrze in die Entstehung des Soldkriegswesens als Form staatlich organisierter Gewaltsamkeit eingef\u00fchrt. Ausgehend von der Sp\u00e4tantike werden die milit\u00e4rischen, wirtschaftlichen und demographischen Faktoren, die zur \"Renaissance des Fu\u00dfvolkes\" gef\u00fchrt haben, beschrieben, und auf entsprechende Fachpublikationen verwiesen. Organisation, Struktur und Rechtsformen der S\u00f6ldnerheere werden vorgestellt und immer anhand von Bildquellen des 15. und 16. Jahrhunderts verdeutlicht. Der zweite Teil dieses Materials besteht aus einer Einf\u00fchrung in die Historische Bildkunde, so dass die Sch\u00fcler den Umgang mit dieser Quellengattung z\u00fcgig erlernen k\u00f6nnen. Um die komplexe Symbolik der Bildmaterialien der Fr\u00fchen Neuzeit entschl\u00fcsseln zu k\u00f6nnen, wurde als Hilfe f\u00fcr Lehrer und Sch\u00fcler ein Symbolschl\u00fcssel angefertigt. Die Quellen liegen in digitaler Form, in zwei Ausf\u00fchrungen (einer mit Markierungen der wichtigsten Symbole f\u00fcr den Lehrer, einer ohne diese Markierungen als Arbeitsmaterial f\u00fcr die Sch\u00fcler) der Arbeit bei. Das Material ist modular aufgebaut, so dass man bei Bedarf nur einen Aspekt des Soldkriegswesens (beispielsweise das Trossvolk oder die Verrechtlichung innerhalb der S\u00f6ldnerheere) von den Sch\u00fclern bearbeiten lassen kann. Abschlie\u00dfend werden Vorschl\u00e4ge f\u00fcr Tafelbilder und \u00dcbersichten, sowie f\u00fcr Aufgabenstellungen, die sich sowohl zur Einzel- als auch zur Gruppen- oder Projektarbeit eignen, unterbreitet.","og_url":"https:\/\/shop.verlag.uni-potsdam.de\/en\/shop\/der-scharffe-sebel-ist-mein-acker\/","og_site_name":"Universit\u00e4tsverlag Potsdam","article_modified_time":"2026-03-23T10:54:19+00:00","og_image":[{"width":866,"height":1280,"url":"https:\/\/shop.verlag.uni-potsdam.de\/wp-content\/uploads\/asolmerce\/image-978-3-937786-58-2.jpg","type":"image\/jpeg"}],"twitter_card":"summary_large_image","twitter_misc":{"Est. reading time":"1 minute"},"schema":{"@context":"https:\/\/schema.org","@graph":[{"@type":"WebPage","@id":"https:\/\/shop.verlag.uni-potsdam.de\/en\/shop\/der-scharffe-sebel-ist-mein-acker\/","url":"https:\/\/shop.verlag.uni-potsdam.de\/en\/shop\/der-scharffe-sebel-ist-mein-acker\/","name":"...der scharffe Sebel ist mein Acker ... - Universit\u00e4tsverlag Potsdam","isPartOf":{"@id":"https:\/\/shop.verlag.uni-potsdam.de\/en\/#website"},"primaryImageOfPage":{"@id":"https:\/\/shop.verlag.uni-potsdam.de\/en\/shop\/der-scharffe-sebel-ist-mein-acker\/#primaryimage"},"image":{"@id":"https:\/\/shop.verlag.uni-potsdam.de\/shop\/der-scharffe-sebel-ist-mein-acker\/#primaryimage"},"thumbnailUrl":"https:\/\/shop.verlag.uni-potsdam.de\/wp-content\/uploads\/asolmerce\/image-978-3-937786-58-2.jpg","datePublished":"2026-03-23T08:53:19+00:00","dateModified":"2026-03-23T10:54:19+00:00","breadcrumb":{"@id":"https:\/\/shop.verlag.uni-potsdam.de\/en\/shop\/der-scharffe-sebel-ist-mein-acker\/#breadcrumb"},"inLanguage":"en-US","potentialAction":[{"@type":"ReadAction","target":[["https:\/\/shop.verlag.uni-potsdam.de\/en\/shop\/der-scharffe-sebel-ist-mein-acker\/"]]}]},{"@type":"ImageObject","inLanguage":"en-US","@id":"https:\/\/shop.verlag.uni-potsdam.de\/en\/shop\/der-scharffe-sebel-ist-mein-acker\/#primaryimage","url":"https:\/\/shop.verlag.uni-potsdam.de\/wp-content\/uploads\/asolmerce\/image-978-3-937786-58-2.jpg","contentUrl":"https:\/\/shop.verlag.uni-potsdam.de\/wp-content\/uploads\/asolmerce\/image-978-3-937786-58-2.jpg","width":866,"height":1280},{"@type":"BreadcrumbList","@id":"https:\/\/shop.verlag.uni-potsdam.de\/en\/shop\/der-scharffe-sebel-ist-mein-acker\/#breadcrumb","itemListElement":[{"@type":"ListItem","position":1,"name":"Startseite","item":"https:\/\/shop.verlag.uni-potsdam.de\/en\/"},{"@type":"ListItem","position":2,"name":"Shop","item":"https:\/\/shop.verlag.uni-potsdam.de\/en\/shop\/"},{"@type":"ListItem","position":3,"name":"&#8230;der scharffe Sebel ist mein Acker &#8230;"}]},{"@type":"WebSite","@id":"https:\/\/shop.verlag.uni-potsdam.de\/en\/#website","url":"https:\/\/shop.verlag.uni-potsdam.de\/en\/","name":"Universit\u00e4tsverlag Potsdam","description":"","publisher":{"@id":"https:\/\/shop.verlag.uni-potsdam.de\/en\/#organization"},"potentialAction":[{"@type":"SearchAction","target":{"@type":"EntryPoint","urlTemplate":"https:\/\/shop.verlag.uni-potsdam.de\/en\/?s={search_term_string}"},"query-input":{"@type":"PropertyValueSpecification","valueRequired":true,"valueName":"search_term_string"}}],"inLanguage":"en-US"},{"@type":"Organization","@id":"https:\/\/shop.verlag.uni-potsdam.de\/en\/#organization","name":"Universit\u00e4tsverlag Potsdam","url":"https:\/\/shop.verlag.uni-potsdam.de\/en\/","logo":{"@type":"ImageObject","inLanguage":"en-US","@id":"https:\/\/shop.verlag.uni-potsdam.de\/en\/#\/schema\/logo\/image\/","url":"https:\/\/shop.verlag.uni-potsdam.de\/wp-content\/uploads\/2017\/04\/up_logo_university_2.png","contentUrl":"https:\/\/shop.verlag.uni-potsdam.de\/wp-content\/uploads\/2017\/04\/up_logo_university_2.png","width":160,"height":172,"caption":"Universit\u00e4tsverlag Potsdam"},"image":{"@id":"https:\/\/shop.verlag.uni-potsdam.de\/en\/#\/schema\/logo\/image\/"}}]}},"_links":{"self":[{"href":"https:\/\/shop.verlag.uni-potsdam.de\/en\/wp-json\/wp\/v2\/product\/52268","targetHints":{"allow":["GET"]}}],"collection":[{"href":"https:\/\/shop.verlag.uni-potsdam.de\/en\/wp-json\/wp\/v2\/product"}],"about":[{"href":"https:\/\/shop.verlag.uni-potsdam.de\/en\/wp-json\/wp\/v2\/types\/product"}],"wp:featuredmedia":[{"embeddable":true,"href":"https:\/\/shop.verlag.uni-potsdam.de\/en\/wp-json\/wp\/v2\/media\/55113"}],"wp:attachment":[{"href":"https:\/\/shop.verlag.uni-potsdam.de\/en\/wp-json\/wp\/v2\/media?parent=52268"}],"wp:term":[{"taxonomy":"product_brand","embeddable":true,"href":"https:\/\/shop.verlag.uni-potsdam.de\/en\/wp-json\/wp\/v2\/product_brand?post=52268"},{"taxonomy":"product_cat","embeddable":true,"href":"https:\/\/shop.verlag.uni-potsdam.de\/en\/wp-json\/wp\/v2\/product_cat?post=52268"},{"taxonomy":"product_tag","embeddable":true,"href":"https:\/\/shop.verlag.uni-potsdam.de\/en\/wp-json\/wp\/v2\/product_tag?post=52268"}],"curies":[{"name":"wp","href":"https:\/\/api.w.org\/{rel}","templated":true}]}}