{"id":52296,"date":"2026-03-23T08:53:24","date_gmt":"2026-03-23T08:53:24","guid":{"rendered":"http:\/\/shop.verlag.uni-potsdam.de\/produkt\/die-menschenrechte-unteilbar-und-gleichgewichtig\/"},"modified":"2026-03-23T11:54:24","modified_gmt":"2026-03-23T10:54:24","slug":"die-menschenrechte-unteilbar-und-gleichgewichtig","status":"publish","type":"product","link":"https:\/\/shop.verlag.uni-potsdam.de\/en\/shop\/die-menschenrechte-unteilbar-und-gleichgewichtig\/","title":{"rendered":"Die Menschenrechte: unteilbar und gleichgewichtig?"},"content":{"rendered":"<p class=\"qtranxs-available-languages-message qtranxs-available-languages-message-en\">Sorry, this entry is only available in <a href=\"https:\/\/shop.verlag.uni-potsdam.de\/de\/wp-json\/wp\/v2\/product\/52296\" class=\"qtranxs-available-language-link qtranxs-available-language-link-de\" title=\"Deutsch\">Deutsch<\/a>.<\/p><p>Im vorliegenden Heft der Studien zu Grund- und Menschenrechten wird der Vortrag dokumentiert, den Prof. Dr. Georg Lohmann von der Ottovon- Guericke-Universit\u00e4t Magdeburg am 12. Mai 2004 im Rahmen der neu eingerichteten Reihe \u201ePhilosophie der Grund- und Menschenrechte\u201c an der Universit\u00e4t Potsdam gehalten hat. Die Veranstaltung bot Gelegenheit, die Frage zu er\u00f6rtern, ob die unterschiedlichen Menschenrechte tats\u00e4chlich gleichgestellt sind oder doch eine Hierarchisierung von Menschenrechten stattfindet. Diese Diskussion soll in diesem Heft durch den Abdruck von drei Kommentaren zum Vortrag nachvollzogen werden.<\/p>","protected":false},"excerpt":{"rendered":"<p class=\"qtranxs-available-languages-message qtranxs-available-languages-message-en\">Sorry, this entry is only available in <a href=\"https:\/\/shop.verlag.uni-potsdam.de\/de\/wp-json\/wp\/v2\/product\/52296\" class=\"qtranxs-available-language-link qtranxs-available-language-link-de\" title=\"Deutsch\">Deutsch<\/a>.<\/p>\n<p>Im vorliegenden Heft der Studien zu Grund- und Menschenrechten wird der Vortrag dokumentiert, den Prof. Dr. Georg Lohmann von der Ottovon- Guericke-Universit\u00e4t Magdeburg am 12. Mai 2004 im Rahmen der neu eingerichteten Reihe \u201ePhilosophie der Grund- und Menschenrechte\u201c an der Universit\u00e4t Potsdam gehalten hat. Die Veranstaltung bot Gelegenheit, die Frage zu er\u00f6rtern, ob die unterschiedlichen Menschenrechte tats\u00e4chlich gleichgestellt sind oder doch eine Hierarchisierung von Menschenrechten stattfindet. Diese Diskussion soll in diesem Heft durch den Abdruck von drei Kommentaren zum Vortrag nachvollzogen werden.<\/p>\n","protected":false},"featured_media":55118,"template":"","meta":{"_acf_changed":false},"product_brand":[],"product_cat":[6225],"product_tag":[5354],"class_list":{"0":"post-52296","1":"product","2":"type-product","3":"status-publish","4":"has-post-thumbnail","6":"product_cat-recht-web-kategorie","7":"product_tag-charakteristika-hierarchie-klassifizierung-menschenrecht","8":"autor-arnd-pollmann","9":"autor-claudia-mahler","10":"autor-georg-lohmann","11":"autor-norman-weiss","12":"autor-stefan-gosepath","14":"first","15":"instock","16":"shipping-taxable","17":"purchasable","18":"product-type-simple"},"acf":[],"yoast_head":"<!-- This site is optimized with the Yoast SEO plugin v27.1.1 - https:\/\/yoast.com\/product\/yoast-seo-wordpress\/ -->\n<title>Die Menschenrechte: unteilbar und gleichgewichtig? - Universit\u00e4tsverlag Potsdam<\/title>\n<meta name=\"robots\" content=\"index, follow, max-snippet:-1, max-image-preview:large, max-video-preview:-1\" \/>\n<link rel=\"canonical\" href=\"https:\/\/shop.verlag.uni-potsdam.de\/en\/shop\/die-menschenrechte-unteilbar-und-gleichgewichtig\/\" \/>\n<meta property=\"og:locale\" content=\"en_US\" \/>\n<meta property=\"og:type\" content=\"article\" \/>\n<meta property=\"og:title\" content=\"Die Menschenrechte: unteilbar und gleichgewichtig? - Universit\u00e4tsverlag Potsdam\" \/>\n<meta property=\"og:description\" content=\"Im vorliegenden Heft der Studien zu Grund- und Menschenrechten wird der Vortrag dokumentiert, den Prof. Dr. Georg Lohmann von der Ottovon- Guericke-Universit\u00e4t Magdeburg am 12. Mai 2004 im Rahmen der neu eingerichteten Reihe \u201ePhilosophie der Grund- und Menschenrechte\u201c an der Universit\u00e4t Potsdam gehalten hat. Die Veranstaltung bot Gelegenheit, die Frage zu er\u00f6rtern, ob die unterschiedlichen Menschenrechte tats\u00e4chlich gleichgestellt sind oder doch eine Hierarchisierung von Menschenrechten stattfindet. Diese Diskussion soll in diesem Heft durch den Abdruck von drei Kommentaren zum Vortrag nachvollzogen werden.\" \/>\n<meta property=\"og:url\" content=\"https:\/\/shop.verlag.uni-potsdam.de\/en\/shop\/die-menschenrechte-unteilbar-und-gleichgewichtig\/\" \/>\n<meta property=\"og:site_name\" content=\"Universit\u00e4tsverlag Potsdam\" \/>\n<meta property=\"article:modified_time\" content=\"2026-03-23T10:54:24+00:00\" \/>\n<meta property=\"og:image\" content=\"https:\/\/shop.verlag.uni-potsdam.de\/wp-content\/uploads\/asolmerce\/image-978-3-937786-33-9.jpg\" \/>\n\t<meta property=\"og:image:width\" content=\"818\" \/>\n\t<meta property=\"og:image:height\" content=\"1169\" \/>\n\t<meta property=\"og:image:type\" content=\"image\/jpeg\" \/>\n<meta name=\"twitter:card\" content=\"summary_large_image\" \/>\n<script type=\"application\/ld+json\" class=\"yoast-schema-graph\">{\"@context\":\"https:\/\/schema.org\",\"@graph\":[{\"@type\":\"WebPage\",\"@id\":\"https:\/\/shop.verlag.uni-potsdam.de\/en\/shop\/die-menschenrechte-unteilbar-und-gleichgewichtig\/\",\"url\":\"https:\/\/shop.verlag.uni-potsdam.de\/en\/shop\/die-menschenrechte-unteilbar-und-gleichgewichtig\/\",\"name\":\"Die Menschenrechte: unteilbar und gleichgewichtig? - Universit\u00e4tsverlag Potsdam\",\"isPartOf\":{\"@id\":\"https:\/\/shop.verlag.uni-potsdam.de\/en\/#website\"},\"primaryImageOfPage\":{\"@id\":\"https:\/\/shop.verlag.uni-potsdam.de\/en\/shop\/die-menschenrechte-unteilbar-und-gleichgewichtig\/#primaryimage\"},\"image\":{\"@id\":\"https:\/\/shop.verlag.uni-potsdam.de\/shop\/die-menschenrechte-unteilbar-und-gleichgewichtig\/#primaryimage\"},\"thumbnailUrl\":\"https:\/\/shop.verlag.uni-potsdam.de\/wp-content\/uploads\/asolmerce\/image-978-3-937786-33-9.jpg\",\"datePublished\":\"2026-03-23T08:53:24+00:00\",\"dateModified\":\"2026-03-23T10:54:24+00:00\",\"breadcrumb\":{\"@id\":\"https:\/\/shop.verlag.uni-potsdam.de\/en\/shop\/die-menschenrechte-unteilbar-und-gleichgewichtig\/#breadcrumb\"},\"inLanguage\":\"en-US\",\"potentialAction\":[{\"@type\":\"ReadAction\",\"target\":[[\"https:\/\/shop.verlag.uni-potsdam.de\/en\/shop\/die-menschenrechte-unteilbar-und-gleichgewichtig\/\"]]}]},{\"@type\":\"ImageObject\",\"inLanguage\":\"en-US\",\"@id\":\"https:\/\/shop.verlag.uni-potsdam.de\/en\/shop\/die-menschenrechte-unteilbar-und-gleichgewichtig\/#primaryimage\",\"url\":\"https:\/\/shop.verlag.uni-potsdam.de\/wp-content\/uploads\/asolmerce\/image-978-3-937786-33-9.jpg\",\"contentUrl\":\"https:\/\/shop.verlag.uni-potsdam.de\/wp-content\/uploads\/asolmerce\/image-978-3-937786-33-9.jpg\",\"width\":818,\"height\":1169},{\"@type\":\"BreadcrumbList\",\"@id\":\"https:\/\/shop.verlag.uni-potsdam.de\/en\/shop\/die-menschenrechte-unteilbar-und-gleichgewichtig\/#breadcrumb\",\"itemListElement\":[{\"@type\":\"ListItem\",\"position\":1,\"name\":\"Startseite\",\"item\":\"https:\/\/shop.verlag.uni-potsdam.de\/en\/\"},{\"@type\":\"ListItem\",\"position\":2,\"name\":\"Shop\",\"item\":\"https:\/\/shop.verlag.uni-potsdam.de\/en\/shop\/\"},{\"@type\":\"ListItem\",\"position\":3,\"name\":\"Die Menschenrechte: unteilbar und gleichgewichtig?\"}]},{\"@type\":\"WebSite\",\"@id\":\"https:\/\/shop.verlag.uni-potsdam.de\/en\/#website\",\"url\":\"https:\/\/shop.verlag.uni-potsdam.de\/en\/\",\"name\":\"Universit\u00e4tsverlag Potsdam\",\"description\":\"\",\"publisher\":{\"@id\":\"https:\/\/shop.verlag.uni-potsdam.de\/en\/#organization\"},\"potentialAction\":[{\"@type\":\"SearchAction\",\"target\":{\"@type\":\"EntryPoint\",\"urlTemplate\":\"https:\/\/shop.verlag.uni-potsdam.de\/en\/?s={search_term_string}\"},\"query-input\":{\"@type\":\"PropertyValueSpecification\",\"valueRequired\":true,\"valueName\":\"search_term_string\"}}],\"inLanguage\":\"en-US\"},{\"@type\":\"Organization\",\"@id\":\"https:\/\/shop.verlag.uni-potsdam.de\/en\/#organization\",\"name\":\"Universit\u00e4tsverlag Potsdam\",\"url\":\"https:\/\/shop.verlag.uni-potsdam.de\/en\/\",\"logo\":{\"@type\":\"ImageObject\",\"inLanguage\":\"en-US\",\"@id\":\"https:\/\/shop.verlag.uni-potsdam.de\/en\/#\/schema\/logo\/image\/\",\"url\":\"https:\/\/shop.verlag.uni-potsdam.de\/wp-content\/uploads\/2017\/04\/up_logo_university_2.png\",\"contentUrl\":\"https:\/\/shop.verlag.uni-potsdam.de\/wp-content\/uploads\/2017\/04\/up_logo_university_2.png\",\"width\":160,\"height\":172,\"caption\":\"Universit\u00e4tsverlag Potsdam\"},\"image\":{\"@id\":\"https:\/\/shop.verlag.uni-potsdam.de\/en\/#\/schema\/logo\/image\/\"}}]}<\/script>\n<!-- \/ Yoast SEO plugin. -->","yoast_head_json":{"title":"Die Menschenrechte: unteilbar und gleichgewichtig? - Universit\u00e4tsverlag Potsdam","robots":{"index":"index","follow":"follow","max-snippet":"max-snippet:-1","max-image-preview":"max-image-preview:large","max-video-preview":"max-video-preview:-1"},"canonical":"https:\/\/shop.verlag.uni-potsdam.de\/en\/shop\/die-menschenrechte-unteilbar-und-gleichgewichtig\/","og_locale":"en_US","og_type":"article","og_title":"Die Menschenrechte: unteilbar und gleichgewichtig? - Universit\u00e4tsverlag Potsdam","og_description":"Im vorliegenden Heft der Studien zu Grund- und Menschenrechten wird der Vortrag dokumentiert, den Prof. Dr. Georg Lohmann von der Ottovon- Guericke-Universit\u00e4t Magdeburg am 12. Mai 2004 im Rahmen der neu eingerichteten Reihe \u201ePhilosophie der Grund- und Menschenrechte\u201c an der Universit\u00e4t Potsdam gehalten hat. Die Veranstaltung bot Gelegenheit, die Frage zu er\u00f6rtern, ob die unterschiedlichen Menschenrechte tats\u00e4chlich gleichgestellt sind oder doch eine Hierarchisierung von Menschenrechten stattfindet. Diese Diskussion soll in diesem Heft durch den Abdruck von drei Kommentaren zum Vortrag nachvollzogen werden.","og_url":"https:\/\/shop.verlag.uni-potsdam.de\/en\/shop\/die-menschenrechte-unteilbar-und-gleichgewichtig\/","og_site_name":"Universit\u00e4tsverlag Potsdam","article_modified_time":"2026-03-23T10:54:24+00:00","og_image":[{"width":818,"height":1169,"url":"https:\/\/shop.verlag.uni-potsdam.de\/wp-content\/uploads\/asolmerce\/image-978-3-937786-33-9.jpg","type":"image\/jpeg"}],"twitter_card":"summary_large_image","schema":{"@context":"https:\/\/schema.org","@graph":[{"@type":"WebPage","@id":"https:\/\/shop.verlag.uni-potsdam.de\/en\/shop\/die-menschenrechte-unteilbar-und-gleichgewichtig\/","url":"https:\/\/shop.verlag.uni-potsdam.de\/en\/shop\/die-menschenrechte-unteilbar-und-gleichgewichtig\/","name":"Die Menschenrechte: unteilbar und gleichgewichtig? - Universit\u00e4tsverlag Potsdam","isPartOf":{"@id":"https:\/\/shop.verlag.uni-potsdam.de\/en\/#website"},"primaryImageOfPage":{"@id":"https:\/\/shop.verlag.uni-potsdam.de\/en\/shop\/die-menschenrechte-unteilbar-und-gleichgewichtig\/#primaryimage"},"image":{"@id":"https:\/\/shop.verlag.uni-potsdam.de\/shop\/die-menschenrechte-unteilbar-und-gleichgewichtig\/#primaryimage"},"thumbnailUrl":"https:\/\/shop.verlag.uni-potsdam.de\/wp-content\/uploads\/asolmerce\/image-978-3-937786-33-9.jpg","datePublished":"2026-03-23T08:53:24+00:00","dateModified":"2026-03-23T10:54:24+00:00","breadcrumb":{"@id":"https:\/\/shop.verlag.uni-potsdam.de\/en\/shop\/die-menschenrechte-unteilbar-und-gleichgewichtig\/#breadcrumb"},"inLanguage":"en-US","potentialAction":[{"@type":"ReadAction","target":[["https:\/\/shop.verlag.uni-potsdam.de\/en\/shop\/die-menschenrechte-unteilbar-und-gleichgewichtig\/"]]}]},{"@type":"ImageObject","inLanguage":"en-US","@id":"https:\/\/shop.verlag.uni-potsdam.de\/en\/shop\/die-menschenrechte-unteilbar-und-gleichgewichtig\/#primaryimage","url":"https:\/\/shop.verlag.uni-potsdam.de\/wp-content\/uploads\/asolmerce\/image-978-3-937786-33-9.jpg","contentUrl":"https:\/\/shop.verlag.uni-potsdam.de\/wp-content\/uploads\/asolmerce\/image-978-3-937786-33-9.jpg","width":818,"height":1169},{"@type":"BreadcrumbList","@id":"https:\/\/shop.verlag.uni-potsdam.de\/en\/shop\/die-menschenrechte-unteilbar-und-gleichgewichtig\/#breadcrumb","itemListElement":[{"@type":"ListItem","position":1,"name":"Startseite","item":"https:\/\/shop.verlag.uni-potsdam.de\/en\/"},{"@type":"ListItem","position":2,"name":"Shop","item":"https:\/\/shop.verlag.uni-potsdam.de\/en\/shop\/"},{"@type":"ListItem","position":3,"name":"Die Menschenrechte: unteilbar und gleichgewichtig?"}]},{"@type":"WebSite","@id":"https:\/\/shop.verlag.uni-potsdam.de\/en\/#website","url":"https:\/\/shop.verlag.uni-potsdam.de\/en\/","name":"Universit\u00e4tsverlag Potsdam","description":"","publisher":{"@id":"https:\/\/shop.verlag.uni-potsdam.de\/en\/#organization"},"potentialAction":[{"@type":"SearchAction","target":{"@type":"EntryPoint","urlTemplate":"https:\/\/shop.verlag.uni-potsdam.de\/en\/?s={search_term_string}"},"query-input":{"@type":"PropertyValueSpecification","valueRequired":true,"valueName":"search_term_string"}}],"inLanguage":"en-US"},{"@type":"Organization","@id":"https:\/\/shop.verlag.uni-potsdam.de\/en\/#organization","name":"Universit\u00e4tsverlag Potsdam","url":"https:\/\/shop.verlag.uni-potsdam.de\/en\/","logo":{"@type":"ImageObject","inLanguage":"en-US","@id":"https:\/\/shop.verlag.uni-potsdam.de\/en\/#\/schema\/logo\/image\/","url":"https:\/\/shop.verlag.uni-potsdam.de\/wp-content\/uploads\/2017\/04\/up_logo_university_2.png","contentUrl":"https:\/\/shop.verlag.uni-potsdam.de\/wp-content\/uploads\/2017\/04\/up_logo_university_2.png","width":160,"height":172,"caption":"Universit\u00e4tsverlag Potsdam"},"image":{"@id":"https:\/\/shop.verlag.uni-potsdam.de\/en\/#\/schema\/logo\/image\/"}}]}},"_links":{"self":[{"href":"https:\/\/shop.verlag.uni-potsdam.de\/en\/wp-json\/wp\/v2\/product\/52296","targetHints":{"allow":["GET"]}}],"collection":[{"href":"https:\/\/shop.verlag.uni-potsdam.de\/en\/wp-json\/wp\/v2\/product"}],"about":[{"href":"https:\/\/shop.verlag.uni-potsdam.de\/en\/wp-json\/wp\/v2\/types\/product"}],"wp:featuredmedia":[{"embeddable":true,"href":"https:\/\/shop.verlag.uni-potsdam.de\/en\/wp-json\/wp\/v2\/media\/55118"}],"wp:attachment":[{"href":"https:\/\/shop.verlag.uni-potsdam.de\/en\/wp-json\/wp\/v2\/media?parent=52296"}],"wp:term":[{"taxonomy":"product_brand","embeddable":true,"href":"https:\/\/shop.verlag.uni-potsdam.de\/en\/wp-json\/wp\/v2\/product_brand?post=52296"},{"taxonomy":"product_cat","embeddable":true,"href":"https:\/\/shop.verlag.uni-potsdam.de\/en\/wp-json\/wp\/v2\/product_cat?post=52296"},{"taxonomy":"product_tag","embeddable":true,"href":"https:\/\/shop.verlag.uni-potsdam.de\/en\/wp-json\/wp\/v2\/product_tag?post=52296"}],"curies":[{"name":"wp","href":"https:\/\/api.w.org\/{rel}","templated":true}]}}