{"id":52300,"date":"2026-03-23T08:53:19","date_gmt":"2026-03-23T08:53:19","guid":{"rendered":"http:\/\/shop.verlag.uni-potsdam.de\/produkt\/land-in-sicht-berliner-einstellungen\/"},"modified":"2026-03-23T11:54:19","modified_gmt":"2026-03-23T10:54:19","slug":"land-in-sicht","status":"publish","type":"product","link":"https:\/\/shop.verlag.uni-potsdam.de\/en\/shop\/land-in-sicht\/","title":{"rendered":"Land in Sicht?"},"content":{"rendered":"<p class=\"qtranxs-available-languages-message qtranxs-available-languages-message-en\">Sorry, this entry is only available in <a href=\"https:\/\/shop.verlag.uni-potsdam.de\/de\/wp-json\/wp\/v2\/product\/52300\" class=\"qtranxs-available-language-link qtranxs-available-language-link-de\" title=\"Deutsch\">Deutsch<\/a>.<\/p><p>&nbsp;Die Bedeutung des Tourismus nimmt in gleichem Ma\u00dfe zu, wie die wirtschaftliche Vorrangstellung der Landwirtschaft abnimmt. Die Etablierung von Ferienhaustourismus gilt daher als eine m\u00f6gliche \u00f6konomische Option f\u00fcr die Entwicklung l\u00e4ndlicher R\u00e4ume. Die im vorliegenden Band beschriebene empirische Untersuchung setzt sich mit der aktuellen Nachfrage der Berliner Bev\u00f6lkerung nach Freizeitwohnsitzen und Ferienhaustourismus auseinander. Den inhaltlichen Schwerpunkt bildet die Ermittlung aktueller und potenzieller Nutzerprofile und Nachfragepr\u00e4ferenzen nach deutschen Freizeitwohnsitzen und Ferienh\u00e4usern. Diese Publikation bildet die Fortsetzung einer vorangegangenen Studie zu deutschen Ferienhausg\u00e4sten in D\u00e4nemark.<\/p>","protected":false},"excerpt":{"rendered":"<p class=\"qtranxs-available-languages-message qtranxs-available-languages-message-en\">Sorry, this entry is only available in <a href=\"https:\/\/shop.verlag.uni-potsdam.de\/de\/wp-json\/wp\/v2\/product\/52300\" class=\"qtranxs-available-language-link qtranxs-available-language-link-de\" title=\"Deutsch\">Deutsch<\/a>.<\/p>\n<p>&nbsp;Die Bedeutung des Tourismus nimmt in gleichem Ma\u00dfe zu, wie die wirtschaftliche Vorrangstellung der Landwirtschaft abnimmt. Die Etablierung von Ferienhaustourismus gilt daher als eine m\u00f6gliche \u00f6konomische Option f\u00fcr die Entwicklung l\u00e4ndlicher R\u00e4ume. Die im vorliegenden Band beschriebene empirische Untersuchung setzt sich mit der aktuellen Nachfrage der Berliner Bev\u00f6lkerung nach Freizeitwohnsitzen und Ferienhaustourismus auseinander. Den inhaltlichen Schwerpunkt bildet die Ermittlung aktueller und potenzieller Nutzerprofile und Nachfragepr\u00e4ferenzen nach deutschen Freizeitwohnsitzen und Ferienh\u00e4usern. Diese Publikation bildet die Fortsetzung einer vorangegangenen Studie zu deutschen Ferienhausg\u00e4sten in D\u00e4nemark.<\/p>\n","protected":false},"featured_media":55951,"template":"","meta":{"_acf_changed":false},"product_brand":[],"product_cat":[6209],"product_tag":[5554],"class_list":{"0":"post-52300","1":"product","2":"type-product","3":"status-publish","4":"has-post-thumbnail","6":"product_cat-geowissenschaften-web-kategorie","7":"product_tag-deutschland-ferienhausmarkt-ferienhaustourismus-freizeitwohnen-tourismus","8":"autor-ines-carstensen","9":"edition-ohne-volltext","10":"reihe-praxis-kultur-und-sozialgeographie","12":"first","13":"instock","14":"shipping-taxable","15":"purchasable","16":"product-type-simple"},"acf":[],"yoast_head":"<!-- This site is optimized with the Yoast SEO plugin v27.1.1 - https:\/\/yoast.com\/product\/yoast-seo-wordpress\/ -->\n<title>Land in Sicht? - Universit\u00e4tsverlag Potsdam<\/title>\n<meta name=\"robots\" content=\"index, follow, max-snippet:-1, max-image-preview:large, max-video-preview:-1\" \/>\n<link rel=\"canonical\" href=\"https:\/\/shop.verlag.uni-potsdam.de\/en\/shop\/land-in-sicht\/\" \/>\n<meta property=\"og:locale\" content=\"en_US\" \/>\n<meta property=\"og:type\" content=\"article\" \/>\n<meta property=\"og:title\" content=\"Land in Sicht? - Universit\u00e4tsverlag Potsdam\" \/>\n<meta property=\"og:description\" content=\"&nbsp;Die Bedeutung des Tourismus nimmt in gleichem Ma\u00dfe zu, wie die wirtschaftliche Vorrangstellung der Landwirtschaft abnimmt. Die Etablierung von Ferienhaustourismus gilt daher als eine m\u00f6gliche \u00f6konomische Option f\u00fcr die Entwicklung l\u00e4ndlicher R\u00e4ume. Die im vorliegenden Band beschriebene empirische Untersuchung setzt sich mit der aktuellen Nachfrage der Berliner Bev\u00f6lkerung nach Freizeitwohnsitzen und Ferienhaustourismus auseinander. Den inhaltlichen Schwerpunkt bildet die Ermittlung aktueller und potenzieller Nutzerprofile und Nachfragepr\u00e4ferenzen nach deutschen Freizeitwohnsitzen und Ferienh\u00e4usern. Diese Publikation bildet die Fortsetzung einer vorangegangenen Studie zu deutschen Ferienhausg\u00e4sten in D\u00e4nemark.\" \/>\n<meta property=\"og:url\" content=\"https:\/\/shop.verlag.uni-potsdam.de\/en\/shop\/land-in-sicht\/\" \/>\n<meta property=\"og:site_name\" content=\"Universit\u00e4tsverlag Potsdam\" \/>\n<meta property=\"article:modified_time\" content=\"2026-03-23T10:54:19+00:00\" \/>\n<meta property=\"og:image\" content=\"https:\/\/shop.verlag.uni-potsdam.de\/wp-content\/uploads\/asolmerce\/image-978-3-937786-20-9.jpg\" \/>\n\t<meta property=\"og:image:width\" content=\"1000\" \/>\n\t<meta property=\"og:image:height\" content=\"1420\" \/>\n\t<meta property=\"og:image:type\" content=\"image\/jpeg\" \/>\n<meta name=\"twitter:card\" content=\"summary_large_image\" \/>\n<script type=\"application\/ld+json\" class=\"yoast-schema-graph\">{\"@context\":\"https:\/\/schema.org\",\"@graph\":[{\"@type\":\"WebPage\",\"@id\":\"https:\/\/shop.verlag.uni-potsdam.de\/en\/shop\/land-in-sicht\/\",\"url\":\"https:\/\/shop.verlag.uni-potsdam.de\/en\/shop\/land-in-sicht\/\",\"name\":\"Land in Sicht? - Universit\u00e4tsverlag Potsdam\",\"isPartOf\":{\"@id\":\"https:\/\/shop.verlag.uni-potsdam.de\/en\/#website\"},\"primaryImageOfPage\":{\"@id\":\"https:\/\/shop.verlag.uni-potsdam.de\/en\/shop\/land-in-sicht\/#primaryimage\"},\"image\":{\"@id\":\"https:\/\/shop.verlag.uni-potsdam.de\/shop\/land-in-sicht\/#primaryimage\"},\"thumbnailUrl\":\"https:\/\/shop.verlag.uni-potsdam.de\/wp-content\/uploads\/asolmerce\/image-978-3-937786-20-9.jpg\",\"datePublished\":\"2026-03-23T08:53:19+00:00\",\"dateModified\":\"2026-03-23T10:54:19+00:00\",\"breadcrumb\":{\"@id\":\"https:\/\/shop.verlag.uni-potsdam.de\/en\/shop\/land-in-sicht\/#breadcrumb\"},\"inLanguage\":\"en-US\",\"potentialAction\":[{\"@type\":\"ReadAction\",\"target\":[[\"https:\/\/shop.verlag.uni-potsdam.de\/en\/shop\/land-in-sicht\/\"]]}]},{\"@type\":\"ImageObject\",\"inLanguage\":\"en-US\",\"@id\":\"https:\/\/shop.verlag.uni-potsdam.de\/en\/shop\/land-in-sicht\/#primaryimage\",\"url\":\"https:\/\/shop.verlag.uni-potsdam.de\/wp-content\/uploads\/asolmerce\/image-978-3-937786-20-9.jpg\",\"contentUrl\":\"https:\/\/shop.verlag.uni-potsdam.de\/wp-content\/uploads\/asolmerce\/image-978-3-937786-20-9.jpg\",\"width\":1000,\"height\":1420},{\"@type\":\"BreadcrumbList\",\"@id\":\"https:\/\/shop.verlag.uni-potsdam.de\/en\/shop\/land-in-sicht\/#breadcrumb\",\"itemListElement\":[{\"@type\":\"ListItem\",\"position\":1,\"name\":\"Startseite\",\"item\":\"https:\/\/shop.verlag.uni-potsdam.de\/en\/\"},{\"@type\":\"ListItem\",\"position\":2,\"name\":\"Shop\",\"item\":\"https:\/\/shop.verlag.uni-potsdam.de\/en\/shop\/\"},{\"@type\":\"ListItem\",\"position\":3,\"name\":\"Land in Sicht?\"}]},{\"@type\":\"WebSite\",\"@id\":\"https:\/\/shop.verlag.uni-potsdam.de\/en\/#website\",\"url\":\"https:\/\/shop.verlag.uni-potsdam.de\/en\/\",\"name\":\"Universit\u00e4tsverlag Potsdam\",\"description\":\"\",\"publisher\":{\"@id\":\"https:\/\/shop.verlag.uni-potsdam.de\/en\/#organization\"},\"potentialAction\":[{\"@type\":\"SearchAction\",\"target\":{\"@type\":\"EntryPoint\",\"urlTemplate\":\"https:\/\/shop.verlag.uni-potsdam.de\/en\/?s={search_term_string}\"},\"query-input\":{\"@type\":\"PropertyValueSpecification\",\"valueRequired\":true,\"valueName\":\"search_term_string\"}}],\"inLanguage\":\"en-US\"},{\"@type\":\"Organization\",\"@id\":\"https:\/\/shop.verlag.uni-potsdam.de\/en\/#organization\",\"name\":\"Universit\u00e4tsverlag Potsdam\",\"url\":\"https:\/\/shop.verlag.uni-potsdam.de\/en\/\",\"logo\":{\"@type\":\"ImageObject\",\"inLanguage\":\"en-US\",\"@id\":\"https:\/\/shop.verlag.uni-potsdam.de\/en\/#\/schema\/logo\/image\/\",\"url\":\"https:\/\/shop.verlag.uni-potsdam.de\/wp-content\/uploads\/2017\/04\/up_logo_university_2.png\",\"contentUrl\":\"https:\/\/shop.verlag.uni-potsdam.de\/wp-content\/uploads\/2017\/04\/up_logo_university_2.png\",\"width\":160,\"height\":172,\"caption\":\"Universit\u00e4tsverlag Potsdam\"},\"image\":{\"@id\":\"https:\/\/shop.verlag.uni-potsdam.de\/en\/#\/schema\/logo\/image\/\"}}]}<\/script>\n<!-- \/ Yoast SEO plugin. -->","yoast_head_json":{"title":"Land in Sicht? - Universit\u00e4tsverlag Potsdam","robots":{"index":"index","follow":"follow","max-snippet":"max-snippet:-1","max-image-preview":"max-image-preview:large","max-video-preview":"max-video-preview:-1"},"canonical":"https:\/\/shop.verlag.uni-potsdam.de\/en\/shop\/land-in-sicht\/","og_locale":"en_US","og_type":"article","og_title":"Land in Sicht? - Universit\u00e4tsverlag Potsdam","og_description":"&nbsp;Die Bedeutung des Tourismus nimmt in gleichem Ma\u00dfe zu, wie die wirtschaftliche Vorrangstellung der Landwirtschaft abnimmt. Die Etablierung von Ferienhaustourismus gilt daher als eine m\u00f6gliche \u00f6konomische Option f\u00fcr die Entwicklung l\u00e4ndlicher R\u00e4ume. Die im vorliegenden Band beschriebene empirische Untersuchung setzt sich mit der aktuellen Nachfrage der Berliner Bev\u00f6lkerung nach Freizeitwohnsitzen und Ferienhaustourismus auseinander. Den inhaltlichen Schwerpunkt bildet die Ermittlung aktueller und potenzieller Nutzerprofile und Nachfragepr\u00e4ferenzen nach deutschen Freizeitwohnsitzen und Ferienh\u00e4usern. Diese Publikation bildet die Fortsetzung einer vorangegangenen Studie zu deutschen Ferienhausg\u00e4sten in D\u00e4nemark.","og_url":"https:\/\/shop.verlag.uni-potsdam.de\/en\/shop\/land-in-sicht\/","og_site_name":"Universit\u00e4tsverlag Potsdam","article_modified_time":"2026-03-23T10:54:19+00:00","og_image":[{"width":1000,"height":1420,"url":"https:\/\/shop.verlag.uni-potsdam.de\/wp-content\/uploads\/asolmerce\/image-978-3-937786-20-9.jpg","type":"image\/jpeg"}],"twitter_card":"summary_large_image","schema":{"@context":"https:\/\/schema.org","@graph":[{"@type":"WebPage","@id":"https:\/\/shop.verlag.uni-potsdam.de\/en\/shop\/land-in-sicht\/","url":"https:\/\/shop.verlag.uni-potsdam.de\/en\/shop\/land-in-sicht\/","name":"Land in Sicht? - Universit\u00e4tsverlag Potsdam","isPartOf":{"@id":"https:\/\/shop.verlag.uni-potsdam.de\/en\/#website"},"primaryImageOfPage":{"@id":"https:\/\/shop.verlag.uni-potsdam.de\/en\/shop\/land-in-sicht\/#primaryimage"},"image":{"@id":"https:\/\/shop.verlag.uni-potsdam.de\/shop\/land-in-sicht\/#primaryimage"},"thumbnailUrl":"https:\/\/shop.verlag.uni-potsdam.de\/wp-content\/uploads\/asolmerce\/image-978-3-937786-20-9.jpg","datePublished":"2026-03-23T08:53:19+00:00","dateModified":"2026-03-23T10:54:19+00:00","breadcrumb":{"@id":"https:\/\/shop.verlag.uni-potsdam.de\/en\/shop\/land-in-sicht\/#breadcrumb"},"inLanguage":"en-US","potentialAction":[{"@type":"ReadAction","target":[["https:\/\/shop.verlag.uni-potsdam.de\/en\/shop\/land-in-sicht\/"]]}]},{"@type":"ImageObject","inLanguage":"en-US","@id":"https:\/\/shop.verlag.uni-potsdam.de\/en\/shop\/land-in-sicht\/#primaryimage","url":"https:\/\/shop.verlag.uni-potsdam.de\/wp-content\/uploads\/asolmerce\/image-978-3-937786-20-9.jpg","contentUrl":"https:\/\/shop.verlag.uni-potsdam.de\/wp-content\/uploads\/asolmerce\/image-978-3-937786-20-9.jpg","width":1000,"height":1420},{"@type":"BreadcrumbList","@id":"https:\/\/shop.verlag.uni-potsdam.de\/en\/shop\/land-in-sicht\/#breadcrumb","itemListElement":[{"@type":"ListItem","position":1,"name":"Startseite","item":"https:\/\/shop.verlag.uni-potsdam.de\/en\/"},{"@type":"ListItem","position":2,"name":"Shop","item":"https:\/\/shop.verlag.uni-potsdam.de\/en\/shop\/"},{"@type":"ListItem","position":3,"name":"Land in Sicht?"}]},{"@type":"WebSite","@id":"https:\/\/shop.verlag.uni-potsdam.de\/en\/#website","url":"https:\/\/shop.verlag.uni-potsdam.de\/en\/","name":"Universit\u00e4tsverlag Potsdam","description":"","publisher":{"@id":"https:\/\/shop.verlag.uni-potsdam.de\/en\/#organization"},"potentialAction":[{"@type":"SearchAction","target":{"@type":"EntryPoint","urlTemplate":"https:\/\/shop.verlag.uni-potsdam.de\/en\/?s={search_term_string}"},"query-input":{"@type":"PropertyValueSpecification","valueRequired":true,"valueName":"search_term_string"}}],"inLanguage":"en-US"},{"@type":"Organization","@id":"https:\/\/shop.verlag.uni-potsdam.de\/en\/#organization","name":"Universit\u00e4tsverlag Potsdam","url":"https:\/\/shop.verlag.uni-potsdam.de\/en\/","logo":{"@type":"ImageObject","inLanguage":"en-US","@id":"https:\/\/shop.verlag.uni-potsdam.de\/en\/#\/schema\/logo\/image\/","url":"https:\/\/shop.verlag.uni-potsdam.de\/wp-content\/uploads\/2017\/04\/up_logo_university_2.png","contentUrl":"https:\/\/shop.verlag.uni-potsdam.de\/wp-content\/uploads\/2017\/04\/up_logo_university_2.png","width":160,"height":172,"caption":"Universit\u00e4tsverlag Potsdam"},"image":{"@id":"https:\/\/shop.verlag.uni-potsdam.de\/en\/#\/schema\/logo\/image\/"}}]}},"_links":{"self":[{"href":"https:\/\/shop.verlag.uni-potsdam.de\/en\/wp-json\/wp\/v2\/product\/52300","targetHints":{"allow":["GET"]}}],"collection":[{"href":"https:\/\/shop.verlag.uni-potsdam.de\/en\/wp-json\/wp\/v2\/product"}],"about":[{"href":"https:\/\/shop.verlag.uni-potsdam.de\/en\/wp-json\/wp\/v2\/types\/product"}],"wp:featuredmedia":[{"embeddable":true,"href":"https:\/\/shop.verlag.uni-potsdam.de\/en\/wp-json\/wp\/v2\/media\/55951"}],"wp:attachment":[{"href":"https:\/\/shop.verlag.uni-potsdam.de\/en\/wp-json\/wp\/v2\/media?parent=52300"}],"wp:term":[{"taxonomy":"product_brand","embeddable":true,"href":"https:\/\/shop.verlag.uni-potsdam.de\/en\/wp-json\/wp\/v2\/product_brand?post=52300"},{"taxonomy":"product_cat","embeddable":true,"href":"https:\/\/shop.verlag.uni-potsdam.de\/en\/wp-json\/wp\/v2\/product_cat?post=52300"},{"taxonomy":"product_tag","embeddable":true,"href":"https:\/\/shop.verlag.uni-potsdam.de\/en\/wp-json\/wp\/v2\/product_tag?post=52300"}],"curies":[{"name":"wp","href":"https:\/\/api.w.org\/{rel}","templated":true}]}}