{"id":52301,"date":"2026-03-23T08:53:25","date_gmt":"2026-03-23T08:53:25","guid":{"rendered":"http:\/\/shop.verlag.uni-potsdam.de\/produkt\/tell-basta-ein-fuehrer-ueber-das-grabungsgelaende\/"},"modified":"2026-03-23T11:54:25","modified_gmt":"2026-03-23T10:54:25","slug":"tell-basta","status":"publish","type":"product","link":"https:\/\/shop.verlag.uni-potsdam.de\/en\/shop\/tell-basta\/","title":{"rendered":"Tell Basta"},"content":{"rendered":"<p class=\"qtranxs-available-languages-message qtranxs-available-languages-message-en\">Sorry, this entry is only available in <a href=\"https:\/\/shop.verlag.uni-potsdam.de\/de\/wp-json\/wp\/v2\/product\/52301\" class=\"qtranxs-available-language-link qtranxs-available-language-link-de\" title=\"Deutsch\">Deutsch<\/a>.<\/p><p>Aus der Einleitung: <br \/>Bubastis [Tell Basta] gelangte zu einer einmaligen Ber\u00fchmtheit, als es in der 22. und 23. Dynastie &#8211; unter der Herrschaft eines libyschen Herrschergeschlechts stehend &#8211; zur Hauptstadt des n\u00f6rdlichen \u00c4gyptens wurde. Es war ein Ort, der schon seit dem Alten Reich durch seine Bauten, seine Feste und den Kult des heiligen Tieres des Ortes, der Katze, bekannt war. In den letzten Jahren hat sich das Bild dieser antiken Anlage sehr ver\u00e4ndert. Neben der Freilegung einzelner Teile der Stadt entstanden Magazine und Bauten f\u00fcr die Funde und f\u00fcr die Verwaltung sowie ein Freilichtmuseum. Neue, Aufsehen erregende Funde, wie die monumentale Statue einer K\u00f6nigin und das mehrsprachige Kanopus-Dekret, lassen auch in Zukunft eine lohnende Arbeit auf diesem arch\u00e4ologischen Gel\u00e4nde erwarten. So ist zu hoffen, dass die antike St\u00e4tte, ihrer einstigen Geschichte entsprechend, eine ad\u00e4quate F\u00f6rderung erf\u00e4hrt.<\/p>","protected":false},"excerpt":{"rendered":"<p class=\"qtranxs-available-languages-message qtranxs-available-languages-message-en\">Sorry, this entry is only available in <a href=\"https:\/\/shop.verlag.uni-potsdam.de\/de\/wp-json\/wp\/v2\/product\/52301\" class=\"qtranxs-available-language-link qtranxs-available-language-link-de\" title=\"Deutsch\">Deutsch<\/a>.<\/p>\n<p>Aus der Einleitung: <br \/>Bubastis [Tell Basta] gelangte zu einer einmaligen Ber\u00fchmtheit, als es in der 22. und 23. Dynastie &#8211; unter der Herrschaft eines libyschen Herrschergeschlechts stehend &#8211; zur Hauptstadt des n\u00f6rdlichen \u00c4gyptens wurde. Es war ein Ort, der schon seit dem Alten Reich durch seine Bauten, seine Feste und den Kult des heiligen Tieres des Ortes, der Katze, bekannt war. In den letzten Jahren hat sich das Bild dieser antiken Anlage sehr ver\u00e4ndert. Neben der Freilegung einzelner Teile der Stadt entstanden Magazine und Bauten f\u00fcr die Funde und f\u00fcr die Verwaltung sowie ein Freilichtmuseum. Neue, Aufsehen erregende Funde, wie die monumentale Statue einer K\u00f6nigin und das mehrsprachige Kanopus-Dekret, lassen auch in Zukunft eine lohnende Arbeit auf diesem arch\u00e4ologischen Gel\u00e4nde erwarten. So ist zu hoffen, dass die antike St\u00e4tte, ihrer einstigen Geschichte entsprechend, eine ad\u00e4quate F\u00f6rderung erf\u00e4hrt.<\/p>\n","protected":false},"featured_media":55125,"template":"","meta":{"_acf_changed":false},"product_brand":[],"product_cat":[6207],"product_tag":[5256],"class_list":{"0":"post-52301","1":"product","2":"type-product","3":"status-publish","4":"has-post-thumbnail","6":"product_cat-geschichte-web-kategorie","7":"product_tag-tell-basta-archaeologische-funde-aegypten","8":"autor-christian-tietze","9":"autor-mohamed-abd-el-maksoud","11":"first","12":"instock","13":"shipping-taxable","14":"purchasable","15":"product-type-simple"},"acf":[],"yoast_head":"<!-- This site is optimized with the Yoast SEO plugin v27.1.1 - https:\/\/yoast.com\/product\/yoast-seo-wordpress\/ -->\n<title>Tell Basta - Universit\u00e4tsverlag Potsdam<\/title>\n<meta name=\"robots\" content=\"index, follow, max-snippet:-1, max-image-preview:large, max-video-preview:-1\" \/>\n<link rel=\"canonical\" href=\"https:\/\/shop.verlag.uni-potsdam.de\/en\/shop\/tell-basta\/\" \/>\n<meta property=\"og:locale\" content=\"en_US\" \/>\n<meta property=\"og:type\" content=\"article\" \/>\n<meta property=\"og:title\" content=\"Tell Basta - Universit\u00e4tsverlag Potsdam\" \/>\n<meta property=\"og:description\" content=\"Aus der Einleitung: Bubastis [Tell Basta] gelangte zu einer einmaligen Ber\u00fchmtheit, als es in der 22. und 23. Dynastie - unter der Herrschaft eines libyschen Herrschergeschlechts stehend - zur Hauptstadt des n\u00f6rdlichen \u00c4gyptens wurde. Es war ein Ort, der schon seit dem Alten Reich durch seine Bauten, seine Feste und den Kult des heiligen Tieres des Ortes, der Katze, bekannt war. In den letzten Jahren hat sich das Bild dieser antiken Anlage sehr ver\u00e4ndert. Neben der Freilegung einzelner Teile der Stadt entstanden Magazine und Bauten f\u00fcr die Funde und f\u00fcr die Verwaltung sowie ein Freilichtmuseum. Neue, Aufsehen erregende Funde, wie die monumentale Statue einer K\u00f6nigin und das mehrsprachige Kanopus-Dekret, lassen auch in Zukunft eine lohnende Arbeit auf diesem arch\u00e4ologischen Gel\u00e4nde erwarten. So ist zu hoffen, dass die antike St\u00e4tte, ihrer einstigen Geschichte entsprechend, eine ad\u00e4quate F\u00f6rderung erf\u00e4hrt.\" \/>\n<meta property=\"og:url\" content=\"https:\/\/shop.verlag.uni-potsdam.de\/en\/shop\/tell-basta\/\" \/>\n<meta property=\"og:site_name\" content=\"Universit\u00e4tsverlag Potsdam\" \/>\n<meta property=\"article:modified_time\" content=\"2026-03-23T10:54:25+00:00\" \/>\n<meta property=\"og:image\" content=\"https:\/\/shop.verlag.uni-potsdam.de\/wp-content\/uploads\/asolmerce\/image-978-3-937786-13-1.jpg\" \/>\n\t<meta property=\"og:image:width\" content=\"826\" \/>\n\t<meta property=\"og:image:height\" content=\"866\" \/>\n\t<meta property=\"og:image:type\" content=\"image\/jpeg\" \/>\n<meta name=\"twitter:card\" content=\"summary_large_image\" \/>\n<meta name=\"twitter:label1\" content=\"Est. reading time\" \/>\n\t<meta name=\"twitter:data1\" content=\"1 minute\" \/>\n<script type=\"application\/ld+json\" class=\"yoast-schema-graph\">{\"@context\":\"https:\/\/schema.org\",\"@graph\":[{\"@type\":\"WebPage\",\"@id\":\"https:\/\/shop.verlag.uni-potsdam.de\/en\/shop\/tell-basta\/\",\"url\":\"https:\/\/shop.verlag.uni-potsdam.de\/en\/shop\/tell-basta\/\",\"name\":\"Tell Basta - Universit\u00e4tsverlag Potsdam\",\"isPartOf\":{\"@id\":\"https:\/\/shop.verlag.uni-potsdam.de\/en\/#website\"},\"primaryImageOfPage\":{\"@id\":\"https:\/\/shop.verlag.uni-potsdam.de\/en\/shop\/tell-basta\/#primaryimage\"},\"image\":{\"@id\":\"https:\/\/shop.verlag.uni-potsdam.de\/shop\/tell-basta\/#primaryimage\"},\"thumbnailUrl\":\"https:\/\/shop.verlag.uni-potsdam.de\/wp-content\/uploads\/asolmerce\/image-978-3-937786-13-1.jpg\",\"datePublished\":\"2026-03-23T08:53:25+00:00\",\"dateModified\":\"2026-03-23T10:54:25+00:00\",\"breadcrumb\":{\"@id\":\"https:\/\/shop.verlag.uni-potsdam.de\/en\/shop\/tell-basta\/#breadcrumb\"},\"inLanguage\":\"en-US\",\"potentialAction\":[{\"@type\":\"ReadAction\",\"target\":[[\"https:\/\/shop.verlag.uni-potsdam.de\/en\/shop\/tell-basta\/\"]]}]},{\"@type\":\"ImageObject\",\"inLanguage\":\"en-US\",\"@id\":\"https:\/\/shop.verlag.uni-potsdam.de\/en\/shop\/tell-basta\/#primaryimage\",\"url\":\"https:\/\/shop.verlag.uni-potsdam.de\/wp-content\/uploads\/asolmerce\/image-978-3-937786-13-1.jpg\",\"contentUrl\":\"https:\/\/shop.verlag.uni-potsdam.de\/wp-content\/uploads\/asolmerce\/image-978-3-937786-13-1.jpg\",\"width\":826,\"height\":866},{\"@type\":\"BreadcrumbList\",\"@id\":\"https:\/\/shop.verlag.uni-potsdam.de\/en\/shop\/tell-basta\/#breadcrumb\",\"itemListElement\":[{\"@type\":\"ListItem\",\"position\":1,\"name\":\"Startseite\",\"item\":\"https:\/\/shop.verlag.uni-potsdam.de\/en\/\"},{\"@type\":\"ListItem\",\"position\":2,\"name\":\"Shop\",\"item\":\"https:\/\/shop.verlag.uni-potsdam.de\/en\/shop\/\"},{\"@type\":\"ListItem\",\"position\":3,\"name\":\"Tell Basta\"}]},{\"@type\":\"WebSite\",\"@id\":\"https:\/\/shop.verlag.uni-potsdam.de\/en\/#website\",\"url\":\"https:\/\/shop.verlag.uni-potsdam.de\/en\/\",\"name\":\"Universit\u00e4tsverlag Potsdam\",\"description\":\"\",\"publisher\":{\"@id\":\"https:\/\/shop.verlag.uni-potsdam.de\/en\/#organization\"},\"potentialAction\":[{\"@type\":\"SearchAction\",\"target\":{\"@type\":\"EntryPoint\",\"urlTemplate\":\"https:\/\/shop.verlag.uni-potsdam.de\/en\/?s={search_term_string}\"},\"query-input\":{\"@type\":\"PropertyValueSpecification\",\"valueRequired\":true,\"valueName\":\"search_term_string\"}}],\"inLanguage\":\"en-US\"},{\"@type\":\"Organization\",\"@id\":\"https:\/\/shop.verlag.uni-potsdam.de\/en\/#organization\",\"name\":\"Universit\u00e4tsverlag Potsdam\",\"url\":\"https:\/\/shop.verlag.uni-potsdam.de\/en\/\",\"logo\":{\"@type\":\"ImageObject\",\"inLanguage\":\"en-US\",\"@id\":\"https:\/\/shop.verlag.uni-potsdam.de\/en\/#\/schema\/logo\/image\/\",\"url\":\"https:\/\/shop.verlag.uni-potsdam.de\/wp-content\/uploads\/2017\/04\/up_logo_university_2.png\",\"contentUrl\":\"https:\/\/shop.verlag.uni-potsdam.de\/wp-content\/uploads\/2017\/04\/up_logo_university_2.png\",\"width\":160,\"height\":172,\"caption\":\"Universit\u00e4tsverlag Potsdam\"},\"image\":{\"@id\":\"https:\/\/shop.verlag.uni-potsdam.de\/en\/#\/schema\/logo\/image\/\"}}]}<\/script>\n<!-- \/ Yoast SEO plugin. -->","yoast_head_json":{"title":"Tell Basta - Universit\u00e4tsverlag Potsdam","robots":{"index":"index","follow":"follow","max-snippet":"max-snippet:-1","max-image-preview":"max-image-preview:large","max-video-preview":"max-video-preview:-1"},"canonical":"https:\/\/shop.verlag.uni-potsdam.de\/en\/shop\/tell-basta\/","og_locale":"en_US","og_type":"article","og_title":"Tell Basta - Universit\u00e4tsverlag Potsdam","og_description":"Aus der Einleitung: Bubastis [Tell Basta] gelangte zu einer einmaligen Ber\u00fchmtheit, als es in der 22. und 23. Dynastie - unter der Herrschaft eines libyschen Herrschergeschlechts stehend - zur Hauptstadt des n\u00f6rdlichen \u00c4gyptens wurde. Es war ein Ort, der schon seit dem Alten Reich durch seine Bauten, seine Feste und den Kult des heiligen Tieres des Ortes, der Katze, bekannt war. In den letzten Jahren hat sich das Bild dieser antiken Anlage sehr ver\u00e4ndert. Neben der Freilegung einzelner Teile der Stadt entstanden Magazine und Bauten f\u00fcr die Funde und f\u00fcr die Verwaltung sowie ein Freilichtmuseum. Neue, Aufsehen erregende Funde, wie die monumentale Statue einer K\u00f6nigin und das mehrsprachige Kanopus-Dekret, lassen auch in Zukunft eine lohnende Arbeit auf diesem arch\u00e4ologischen Gel\u00e4nde erwarten. So ist zu hoffen, dass die antike St\u00e4tte, ihrer einstigen Geschichte entsprechend, eine ad\u00e4quate F\u00f6rderung erf\u00e4hrt.","og_url":"https:\/\/shop.verlag.uni-potsdam.de\/en\/shop\/tell-basta\/","og_site_name":"Universit\u00e4tsverlag Potsdam","article_modified_time":"2026-03-23T10:54:25+00:00","og_image":[{"width":826,"height":866,"url":"https:\/\/shop.verlag.uni-potsdam.de\/wp-content\/uploads\/asolmerce\/image-978-3-937786-13-1.jpg","type":"image\/jpeg"}],"twitter_card":"summary_large_image","twitter_misc":{"Est. reading time":"1 minute"},"schema":{"@context":"https:\/\/schema.org","@graph":[{"@type":"WebPage","@id":"https:\/\/shop.verlag.uni-potsdam.de\/en\/shop\/tell-basta\/","url":"https:\/\/shop.verlag.uni-potsdam.de\/en\/shop\/tell-basta\/","name":"Tell Basta - Universit\u00e4tsverlag Potsdam","isPartOf":{"@id":"https:\/\/shop.verlag.uni-potsdam.de\/en\/#website"},"primaryImageOfPage":{"@id":"https:\/\/shop.verlag.uni-potsdam.de\/en\/shop\/tell-basta\/#primaryimage"},"image":{"@id":"https:\/\/shop.verlag.uni-potsdam.de\/shop\/tell-basta\/#primaryimage"},"thumbnailUrl":"https:\/\/shop.verlag.uni-potsdam.de\/wp-content\/uploads\/asolmerce\/image-978-3-937786-13-1.jpg","datePublished":"2026-03-23T08:53:25+00:00","dateModified":"2026-03-23T10:54:25+00:00","breadcrumb":{"@id":"https:\/\/shop.verlag.uni-potsdam.de\/en\/shop\/tell-basta\/#breadcrumb"},"inLanguage":"en-US","potentialAction":[{"@type":"ReadAction","target":[["https:\/\/shop.verlag.uni-potsdam.de\/en\/shop\/tell-basta\/"]]}]},{"@type":"ImageObject","inLanguage":"en-US","@id":"https:\/\/shop.verlag.uni-potsdam.de\/en\/shop\/tell-basta\/#primaryimage","url":"https:\/\/shop.verlag.uni-potsdam.de\/wp-content\/uploads\/asolmerce\/image-978-3-937786-13-1.jpg","contentUrl":"https:\/\/shop.verlag.uni-potsdam.de\/wp-content\/uploads\/asolmerce\/image-978-3-937786-13-1.jpg","width":826,"height":866},{"@type":"BreadcrumbList","@id":"https:\/\/shop.verlag.uni-potsdam.de\/en\/shop\/tell-basta\/#breadcrumb","itemListElement":[{"@type":"ListItem","position":1,"name":"Startseite","item":"https:\/\/shop.verlag.uni-potsdam.de\/en\/"},{"@type":"ListItem","position":2,"name":"Shop","item":"https:\/\/shop.verlag.uni-potsdam.de\/en\/shop\/"},{"@type":"ListItem","position":3,"name":"Tell Basta"}]},{"@type":"WebSite","@id":"https:\/\/shop.verlag.uni-potsdam.de\/en\/#website","url":"https:\/\/shop.verlag.uni-potsdam.de\/en\/","name":"Universit\u00e4tsverlag Potsdam","description":"","publisher":{"@id":"https:\/\/shop.verlag.uni-potsdam.de\/en\/#organization"},"potentialAction":[{"@type":"SearchAction","target":{"@type":"EntryPoint","urlTemplate":"https:\/\/shop.verlag.uni-potsdam.de\/en\/?s={search_term_string}"},"query-input":{"@type":"PropertyValueSpecification","valueRequired":true,"valueName":"search_term_string"}}],"inLanguage":"en-US"},{"@type":"Organization","@id":"https:\/\/shop.verlag.uni-potsdam.de\/en\/#organization","name":"Universit\u00e4tsverlag Potsdam","url":"https:\/\/shop.verlag.uni-potsdam.de\/en\/","logo":{"@type":"ImageObject","inLanguage":"en-US","@id":"https:\/\/shop.verlag.uni-potsdam.de\/en\/#\/schema\/logo\/image\/","url":"https:\/\/shop.verlag.uni-potsdam.de\/wp-content\/uploads\/2017\/04\/up_logo_university_2.png","contentUrl":"https:\/\/shop.verlag.uni-potsdam.de\/wp-content\/uploads\/2017\/04\/up_logo_university_2.png","width":160,"height":172,"caption":"Universit\u00e4tsverlag Potsdam"},"image":{"@id":"https:\/\/shop.verlag.uni-potsdam.de\/en\/#\/schema\/logo\/image\/"}}]}},"_links":{"self":[{"href":"https:\/\/shop.verlag.uni-potsdam.de\/en\/wp-json\/wp\/v2\/product\/52301","targetHints":{"allow":["GET"]}}],"collection":[{"href":"https:\/\/shop.verlag.uni-potsdam.de\/en\/wp-json\/wp\/v2\/product"}],"about":[{"href":"https:\/\/shop.verlag.uni-potsdam.de\/en\/wp-json\/wp\/v2\/types\/product"}],"wp:featuredmedia":[{"embeddable":true,"href":"https:\/\/shop.verlag.uni-potsdam.de\/en\/wp-json\/wp\/v2\/media\/55125"}],"wp:attachment":[{"href":"https:\/\/shop.verlag.uni-potsdam.de\/en\/wp-json\/wp\/v2\/media?parent=52301"}],"wp:term":[{"taxonomy":"product_brand","embeddable":true,"href":"https:\/\/shop.verlag.uni-potsdam.de\/en\/wp-json\/wp\/v2\/product_brand?post=52301"},{"taxonomy":"product_cat","embeddable":true,"href":"https:\/\/shop.verlag.uni-potsdam.de\/en\/wp-json\/wp\/v2\/product_cat?post=52301"},{"taxonomy":"product_tag","embeddable":true,"href":"https:\/\/shop.verlag.uni-potsdam.de\/en\/wp-json\/wp\/v2\/product_tag?post=52301"}],"curies":[{"name":"wp","href":"https:\/\/api.w.org\/{rel}","templated":true}]}}