{"id":52317,"date":"2026-03-23T08:53:00","date_gmt":"2026-03-23T08:53:00","guid":{"rendered":"http:\/\/shop.verlag.uni-potsdam.de\/produkt\/grundlagen-und-grundbegriffea2\/"},"modified":"2026-03-23T11:54:00","modified_gmt":"2026-03-23T10:54:00","slug":"grundlagen-und-grundbegriffe-der-dramatherapie","status":"publish","type":"product","link":"https:\/\/shop.verlag.uni-potsdam.de\/en\/shop\/grundlagen-und-grundbegriffe-der-dramatherapie\/","title":{"rendered":"Grundlagen und Grundbegriffe der Dramatherapie"},"content":{"rendered":"<p class=\"qtranxs-available-languages-message qtranxs-available-languages-message-en\">Sorry, this entry is only available in <a href=\"https:\/\/shop.verlag.uni-potsdam.de\/de\/wp-json\/wp\/v2\/product\/52317\" class=\"qtranxs-available-language-link qtranxs-available-language-link-de\" title=\"Deutsch\">Deutsch<\/a>.<\/p><p>Dramatherapie, in den USA und Gro\u00dfbritannien eine gel\u00e4ufige Therapieform, bedarf in Deutschland noch immer der Durchsetzung. Die vorliegende Darstellung unternimmt den Versuch einer Grundlegung der Dramatherapie, einhergehend mit der Er\u00f6rterung ihrer Grundbegriffe. Diskutiert werden u. a.: <\/p>\n<ul>\n<li>Interdisziplin\u00e4re Quellen der Dramatherapie in Gestalt des Spiels, der Spieltherapie, des Rituals, der Magie, des Schamanismus;<\/li>\n<li>unterschiedliche Ans\u00e4tze der Psychotherapie (Jung,Freud,Reich,Laing,Rogers,Perls,Moreno,Satir) im Hinblick auf ihre Bedeutung f\u00fcr die Dramatherapie;<\/li>\n<li>entwicklungspsychologische Fragen, insbesondere die Entwicklung der symbolbildenden F\u00e4higkeit (Winnicott,Piaget,Freud,Bruner,Gombrich);<\/li>\n<li>die soziologischen Rollentheorien Meads und Goffmans;<\/li>\n<li>f\u00fcr die Dramatherapie bedeutsame Schauspielkonzepte, insbesondere Stanislawskis Konzept der Einf\u00fchlung, Brechts Konzept der emotionalen Distanzierung, Artauds Theater der Grausamkeit, Grotowskis Armes Theater, Barbas Konzept der Darstellung als Akt der Selbstanalyse, das Konzept der unmittelbaren Konfrontation im Living Theatre sowie Brooks Theater der Einfachheit;<\/li>\n<li>zentrale Begriffe der Dramatherapie, vor allem: Ich, Rolle, Nachahmung, Identifikation, Projektion, \u00dcbertragung, Distanzierung, Katharsis, Spontaneit\u00e4t<\/li>\n<\/ul>\n<p><\/p>","protected":false},"excerpt":{"rendered":"<p class=\"qtranxs-available-languages-message qtranxs-available-languages-message-en\">Sorry, this entry is only available in <a href=\"https:\/\/shop.verlag.uni-potsdam.de\/de\/wp-json\/wp\/v2\/product\/52317\" class=\"qtranxs-available-language-link qtranxs-available-language-link-de\" title=\"Deutsch\">Deutsch<\/a>.<\/p>\n<p>Dramatherapie, in den USA und Gro\u00dfbritannien eine gel\u00e4ufige Therapieform, bedarf in Deutschland noch immer der Durchsetzung. Die vorliegende Darstellung unternimmt den Versuch einer Grundlegung der Dramatherapie, einhergehend mit der Er\u00f6rterung ihrer Grundbegriffe. Diskutiert werden u. a.: <\/p>\n<ul>\n<li>Interdisziplin\u00e4re Quellen der Dramatherapie in Gestalt des Spiels, der Spieltherapie, des Rituals, der Magie, des Schamanismus;<\/li>\n<li>unterschiedliche Ans\u00e4tze der Psychotherapie (Jung,Freud,Reich,Laing,Rogers,Perls,Moreno,Satir) im Hinblick auf ihre Bedeutung f\u00fcr die Dramatherapie;<\/li>\n<li>entwicklungspsychologische Fragen, insbesondere die Entwicklung der symbolbildenden F\u00e4higkeit (Winnicott,Piaget,Freud,Bruner,Gombrich);<\/li>\n<li>die soziologischen Rollentheorien Meads und Goffmans;<\/li>\n<li>f\u00fcr die Dramatherapie bedeutsame Schauspielkonzepte, insbesondere Stanislawskis Konzept der Einf\u00fchlung, Brechts Konzept der emotionalen Distanzierung, Artauds Theater der Grausamkeit, Grotowskis Armes Theater, Barbas Konzept der Darstellung als Akt der Selbstanalyse, das Konzept der unmittelbaren Konfrontation im Living Theatre sowie Brooks Theater der Einfachheit;<\/li>\n<li>zentrale Begriffe der Dramatherapie, vor allem: Ich, Rolle, Nachahmung, Identifikation, Projektion, \u00dcbertragung, Distanzierung, Katharsis, Spontaneit\u00e4t<\/li>\n<\/ul>\n","protected":false},"featured_media":55127,"template":"","meta":{"_acf_changed":false},"product_brand":[],"product_cat":[6220,6224],"product_tag":[5100],"class_list":{"0":"post-52317","1":"product","2":"type-product","3":"status-publish","4":"has-post-thumbnail","6":"product_cat-paedagogik-web-kategorie","7":"product_cat-psychologie-web-kategorie","8":"product_tag-dramatherapie-entwicklungspsychologie-psychotherapie","9":"autor-meike-aissen-crewett","10":"edition-ohne-volltext","11":"reihe-aisthesis-paideia-therapeia","13":"first","14":"instock","15":"shipping-taxable","16":"purchasable","17":"product-type-simple"},"acf":[],"yoast_head":"<!-- This site is optimized with the Yoast SEO plugin v27.1.1 - https:\/\/yoast.com\/product\/yoast-seo-wordpress\/ -->\n<title>Grundlagen und Grundbegriffe der Dramatherapie - Universit\u00e4tsverlag Potsdam<\/title>\n<meta name=\"robots\" content=\"index, follow, max-snippet:-1, max-image-preview:large, max-video-preview:-1\" \/>\n<link rel=\"canonical\" href=\"https:\/\/shop.verlag.uni-potsdam.de\/en\/shop\/grundlagen-und-grundbegriffe-der-dramatherapie\/\" \/>\n<meta property=\"og:locale\" content=\"en_US\" \/>\n<meta property=\"og:type\" content=\"article\" \/>\n<meta property=\"og:title\" content=\"Grundlagen und Grundbegriffe der Dramatherapie - Universit\u00e4tsverlag Potsdam\" \/>\n<meta property=\"og:description\" content=\"Dramatherapie, in den USA und Gro\u00dfbritannien eine gel\u00e4ufige Therapieform, bedarf in Deutschland noch immer der Durchsetzung. Die vorliegende Darstellung unternimmt den Versuch einer Grundlegung der Dramatherapie, einhergehend mit der Er\u00f6rterung ihrer Grundbegriffe. Diskutiert werden u. a.: Interdisziplin\u00e4re Quellen der Dramatherapie in Gestalt des Spiels, der Spieltherapie, des Rituals, der Magie, des Schamanismus;unterschiedliche Ans\u00e4tze der Psychotherapie (Jung,Freud,Reich,Laing,Rogers,Perls,Moreno,Satir) im Hinblick auf ihre Bedeutung f\u00fcr die Dramatherapie;entwicklungspsychologische Fragen, insbesondere die Entwicklung der symbolbildenden F\u00e4higkeit (Winnicott,Piaget,Freud,Bruner,Gombrich);die soziologischen Rollentheorien Meads und Goffmans;f\u00fcr die Dramatherapie bedeutsame Schauspielkonzepte, insbesondere Stanislawskis Konzept der Einf\u00fchlung, Brechts Konzept der emotionalen Distanzierung, Artauds Theater der Grausamkeit, Grotowskis Armes Theater, Barbas Konzept der Darstellung als Akt der Selbstanalyse, das Konzept der unmittelbaren Konfrontation im Living Theatre sowie Brooks Theater der Einfachheit;zentrale Begriffe der Dramatherapie, vor allem: Ich, Rolle, Nachahmung, Identifikation, Projektion, \u00dcbertragung, Distanzierung, Katharsis, Spontaneit\u00e4t\" \/>\n<meta property=\"og:url\" content=\"https:\/\/shop.verlag.uni-potsdam.de\/en\/shop\/grundlagen-und-grundbegriffe-der-dramatherapie\/\" \/>\n<meta property=\"og:site_name\" content=\"Universit\u00e4tsverlag Potsdam\" \/>\n<meta property=\"article:modified_time\" content=\"2026-03-23T10:54:00+00:00\" \/>\n<meta property=\"og:image\" content=\"https:\/\/shop.verlag.uni-potsdam.de\/wp-content\/uploads\/asolmerce\/image-978-3-935024-69-3.jpg\" \/>\n\t<meta property=\"og:image:width\" content=\"582\" \/>\n\t<meta property=\"og:image:height\" content=\"826\" \/>\n\t<meta property=\"og:image:type\" content=\"image\/jpeg\" \/>\n<meta name=\"twitter:card\" content=\"summary_large_image\" \/>\n<meta name=\"twitter:label1\" content=\"Est. reading time\" \/>\n\t<meta name=\"twitter:data1\" content=\"1 minute\" \/>\n<script type=\"application\/ld+json\" class=\"yoast-schema-graph\">{\"@context\":\"https:\/\/schema.org\",\"@graph\":[{\"@type\":\"WebPage\",\"@id\":\"https:\/\/shop.verlag.uni-potsdam.de\/en\/shop\/grundlagen-und-grundbegriffe-der-dramatherapie\/\",\"url\":\"https:\/\/shop.verlag.uni-potsdam.de\/en\/shop\/grundlagen-und-grundbegriffe-der-dramatherapie\/\",\"name\":\"Grundlagen und Grundbegriffe der Dramatherapie - Universit\u00e4tsverlag Potsdam\",\"isPartOf\":{\"@id\":\"https:\/\/shop.verlag.uni-potsdam.de\/en\/#website\"},\"primaryImageOfPage\":{\"@id\":\"https:\/\/shop.verlag.uni-potsdam.de\/en\/shop\/grundlagen-und-grundbegriffe-der-dramatherapie\/#primaryimage\"},\"image\":{\"@id\":\"https:\/\/shop.verlag.uni-potsdam.de\/shop\/grundlagen-und-grundbegriffe-der-dramatherapie\/#primaryimage\"},\"thumbnailUrl\":\"https:\/\/shop.verlag.uni-potsdam.de\/wp-content\/uploads\/asolmerce\/image-978-3-935024-69-3.jpg\",\"datePublished\":\"2026-03-23T08:53:00+00:00\",\"dateModified\":\"2026-03-23T10:54:00+00:00\",\"breadcrumb\":{\"@id\":\"https:\/\/shop.verlag.uni-potsdam.de\/en\/shop\/grundlagen-und-grundbegriffe-der-dramatherapie\/#breadcrumb\"},\"inLanguage\":\"en-US\",\"potentialAction\":[{\"@type\":\"ReadAction\",\"target\":[[\"https:\/\/shop.verlag.uni-potsdam.de\/en\/shop\/grundlagen-und-grundbegriffe-der-dramatherapie\/\"]]}]},{\"@type\":\"ImageObject\",\"inLanguage\":\"en-US\",\"@id\":\"https:\/\/shop.verlag.uni-potsdam.de\/en\/shop\/grundlagen-und-grundbegriffe-der-dramatherapie\/#primaryimage\",\"url\":\"https:\/\/shop.verlag.uni-potsdam.de\/wp-content\/uploads\/asolmerce\/image-978-3-935024-69-3.jpg\",\"contentUrl\":\"https:\/\/shop.verlag.uni-potsdam.de\/wp-content\/uploads\/asolmerce\/image-978-3-935024-69-3.jpg\",\"width\":582,\"height\":826},{\"@type\":\"BreadcrumbList\",\"@id\":\"https:\/\/shop.verlag.uni-potsdam.de\/en\/shop\/grundlagen-und-grundbegriffe-der-dramatherapie\/#breadcrumb\",\"itemListElement\":[{\"@type\":\"ListItem\",\"position\":1,\"name\":\"Startseite\",\"item\":\"https:\/\/shop.verlag.uni-potsdam.de\/en\/\"},{\"@type\":\"ListItem\",\"position\":2,\"name\":\"Shop\",\"item\":\"https:\/\/shop.verlag.uni-potsdam.de\/en\/shop\/\"},{\"@type\":\"ListItem\",\"position\":3,\"name\":\"Grundlagen und Grundbegriffe der Dramatherapie\"}]},{\"@type\":\"WebSite\",\"@id\":\"https:\/\/shop.verlag.uni-potsdam.de\/en\/#website\",\"url\":\"https:\/\/shop.verlag.uni-potsdam.de\/en\/\",\"name\":\"Universit\u00e4tsverlag Potsdam\",\"description\":\"\",\"publisher\":{\"@id\":\"https:\/\/shop.verlag.uni-potsdam.de\/en\/#organization\"},\"potentialAction\":[{\"@type\":\"SearchAction\",\"target\":{\"@type\":\"EntryPoint\",\"urlTemplate\":\"https:\/\/shop.verlag.uni-potsdam.de\/en\/?s={search_term_string}\"},\"query-input\":{\"@type\":\"PropertyValueSpecification\",\"valueRequired\":true,\"valueName\":\"search_term_string\"}}],\"inLanguage\":\"en-US\"},{\"@type\":\"Organization\",\"@id\":\"https:\/\/shop.verlag.uni-potsdam.de\/en\/#organization\",\"name\":\"Universit\u00e4tsverlag Potsdam\",\"url\":\"https:\/\/shop.verlag.uni-potsdam.de\/en\/\",\"logo\":{\"@type\":\"ImageObject\",\"inLanguage\":\"en-US\",\"@id\":\"https:\/\/shop.verlag.uni-potsdam.de\/en\/#\/schema\/logo\/image\/\",\"url\":\"https:\/\/shop.verlag.uni-potsdam.de\/wp-content\/uploads\/2017\/04\/up_logo_university_2.png\",\"contentUrl\":\"https:\/\/shop.verlag.uni-potsdam.de\/wp-content\/uploads\/2017\/04\/up_logo_university_2.png\",\"width\":160,\"height\":172,\"caption\":\"Universit\u00e4tsverlag Potsdam\"},\"image\":{\"@id\":\"https:\/\/shop.verlag.uni-potsdam.de\/en\/#\/schema\/logo\/image\/\"}}]}<\/script>\n<!-- \/ Yoast SEO plugin. -->","yoast_head_json":{"title":"Grundlagen und Grundbegriffe der Dramatherapie - Universit\u00e4tsverlag Potsdam","robots":{"index":"index","follow":"follow","max-snippet":"max-snippet:-1","max-image-preview":"max-image-preview:large","max-video-preview":"max-video-preview:-1"},"canonical":"https:\/\/shop.verlag.uni-potsdam.de\/en\/shop\/grundlagen-und-grundbegriffe-der-dramatherapie\/","og_locale":"en_US","og_type":"article","og_title":"Grundlagen und Grundbegriffe der Dramatherapie - Universit\u00e4tsverlag Potsdam","og_description":"Dramatherapie, in den USA und Gro\u00dfbritannien eine gel\u00e4ufige Therapieform, bedarf in Deutschland noch immer der Durchsetzung. Die vorliegende Darstellung unternimmt den Versuch einer Grundlegung der Dramatherapie, einhergehend mit der Er\u00f6rterung ihrer Grundbegriffe. Diskutiert werden u. a.: Interdisziplin\u00e4re Quellen der Dramatherapie in Gestalt des Spiels, der Spieltherapie, des Rituals, der Magie, des Schamanismus;unterschiedliche Ans\u00e4tze der Psychotherapie (Jung,Freud,Reich,Laing,Rogers,Perls,Moreno,Satir) im Hinblick auf ihre Bedeutung f\u00fcr die Dramatherapie;entwicklungspsychologische Fragen, insbesondere die Entwicklung der symbolbildenden F\u00e4higkeit (Winnicott,Piaget,Freud,Bruner,Gombrich);die soziologischen Rollentheorien Meads und Goffmans;f\u00fcr die Dramatherapie bedeutsame Schauspielkonzepte, insbesondere Stanislawskis Konzept der Einf\u00fchlung, Brechts Konzept der emotionalen Distanzierung, Artauds Theater der Grausamkeit, Grotowskis Armes Theater, Barbas Konzept der Darstellung als Akt der Selbstanalyse, das Konzept der unmittelbaren Konfrontation im Living Theatre sowie Brooks Theater der Einfachheit;zentrale Begriffe der Dramatherapie, vor allem: Ich, Rolle, Nachahmung, Identifikation, Projektion, \u00dcbertragung, Distanzierung, Katharsis, Spontaneit\u00e4t","og_url":"https:\/\/shop.verlag.uni-potsdam.de\/en\/shop\/grundlagen-und-grundbegriffe-der-dramatherapie\/","og_site_name":"Universit\u00e4tsverlag Potsdam","article_modified_time":"2026-03-23T10:54:00+00:00","og_image":[{"width":582,"height":826,"url":"https:\/\/shop.verlag.uni-potsdam.de\/wp-content\/uploads\/asolmerce\/image-978-3-935024-69-3.jpg","type":"image\/jpeg"}],"twitter_card":"summary_large_image","twitter_misc":{"Est. reading time":"1 minute"},"schema":{"@context":"https:\/\/schema.org","@graph":[{"@type":"WebPage","@id":"https:\/\/shop.verlag.uni-potsdam.de\/en\/shop\/grundlagen-und-grundbegriffe-der-dramatherapie\/","url":"https:\/\/shop.verlag.uni-potsdam.de\/en\/shop\/grundlagen-und-grundbegriffe-der-dramatherapie\/","name":"Grundlagen und Grundbegriffe der Dramatherapie - Universit\u00e4tsverlag Potsdam","isPartOf":{"@id":"https:\/\/shop.verlag.uni-potsdam.de\/en\/#website"},"primaryImageOfPage":{"@id":"https:\/\/shop.verlag.uni-potsdam.de\/en\/shop\/grundlagen-und-grundbegriffe-der-dramatherapie\/#primaryimage"},"image":{"@id":"https:\/\/shop.verlag.uni-potsdam.de\/shop\/grundlagen-und-grundbegriffe-der-dramatherapie\/#primaryimage"},"thumbnailUrl":"https:\/\/shop.verlag.uni-potsdam.de\/wp-content\/uploads\/asolmerce\/image-978-3-935024-69-3.jpg","datePublished":"2026-03-23T08:53:00+00:00","dateModified":"2026-03-23T10:54:00+00:00","breadcrumb":{"@id":"https:\/\/shop.verlag.uni-potsdam.de\/en\/shop\/grundlagen-und-grundbegriffe-der-dramatherapie\/#breadcrumb"},"inLanguage":"en-US","potentialAction":[{"@type":"ReadAction","target":[["https:\/\/shop.verlag.uni-potsdam.de\/en\/shop\/grundlagen-und-grundbegriffe-der-dramatherapie\/"]]}]},{"@type":"ImageObject","inLanguage":"en-US","@id":"https:\/\/shop.verlag.uni-potsdam.de\/en\/shop\/grundlagen-und-grundbegriffe-der-dramatherapie\/#primaryimage","url":"https:\/\/shop.verlag.uni-potsdam.de\/wp-content\/uploads\/asolmerce\/image-978-3-935024-69-3.jpg","contentUrl":"https:\/\/shop.verlag.uni-potsdam.de\/wp-content\/uploads\/asolmerce\/image-978-3-935024-69-3.jpg","width":582,"height":826},{"@type":"BreadcrumbList","@id":"https:\/\/shop.verlag.uni-potsdam.de\/en\/shop\/grundlagen-und-grundbegriffe-der-dramatherapie\/#breadcrumb","itemListElement":[{"@type":"ListItem","position":1,"name":"Startseite","item":"https:\/\/shop.verlag.uni-potsdam.de\/en\/"},{"@type":"ListItem","position":2,"name":"Shop","item":"https:\/\/shop.verlag.uni-potsdam.de\/en\/shop\/"},{"@type":"ListItem","position":3,"name":"Grundlagen und Grundbegriffe der Dramatherapie"}]},{"@type":"WebSite","@id":"https:\/\/shop.verlag.uni-potsdam.de\/en\/#website","url":"https:\/\/shop.verlag.uni-potsdam.de\/en\/","name":"Universit\u00e4tsverlag Potsdam","description":"","publisher":{"@id":"https:\/\/shop.verlag.uni-potsdam.de\/en\/#organization"},"potentialAction":[{"@type":"SearchAction","target":{"@type":"EntryPoint","urlTemplate":"https:\/\/shop.verlag.uni-potsdam.de\/en\/?s={search_term_string}"},"query-input":{"@type":"PropertyValueSpecification","valueRequired":true,"valueName":"search_term_string"}}],"inLanguage":"en-US"},{"@type":"Organization","@id":"https:\/\/shop.verlag.uni-potsdam.de\/en\/#organization","name":"Universit\u00e4tsverlag Potsdam","url":"https:\/\/shop.verlag.uni-potsdam.de\/en\/","logo":{"@type":"ImageObject","inLanguage":"en-US","@id":"https:\/\/shop.verlag.uni-potsdam.de\/en\/#\/schema\/logo\/image\/","url":"https:\/\/shop.verlag.uni-potsdam.de\/wp-content\/uploads\/2017\/04\/up_logo_university_2.png","contentUrl":"https:\/\/shop.verlag.uni-potsdam.de\/wp-content\/uploads\/2017\/04\/up_logo_university_2.png","width":160,"height":172,"caption":"Universit\u00e4tsverlag Potsdam"},"image":{"@id":"https:\/\/shop.verlag.uni-potsdam.de\/en\/#\/schema\/logo\/image\/"}}]}},"_links":{"self":[{"href":"https:\/\/shop.verlag.uni-potsdam.de\/en\/wp-json\/wp\/v2\/product\/52317","targetHints":{"allow":["GET"]}}],"collection":[{"href":"https:\/\/shop.verlag.uni-potsdam.de\/en\/wp-json\/wp\/v2\/product"}],"about":[{"href":"https:\/\/shop.verlag.uni-potsdam.de\/en\/wp-json\/wp\/v2\/types\/product"}],"wp:featuredmedia":[{"embeddable":true,"href":"https:\/\/shop.verlag.uni-potsdam.de\/en\/wp-json\/wp\/v2\/media\/55127"}],"wp:attachment":[{"href":"https:\/\/shop.verlag.uni-potsdam.de\/en\/wp-json\/wp\/v2\/media?parent=52317"}],"wp:term":[{"taxonomy":"product_brand","embeddable":true,"href":"https:\/\/shop.verlag.uni-potsdam.de\/en\/wp-json\/wp\/v2\/product_brand?post=52317"},{"taxonomy":"product_cat","embeddable":true,"href":"https:\/\/shop.verlag.uni-potsdam.de\/en\/wp-json\/wp\/v2\/product_cat?post=52317"},{"taxonomy":"product_tag","embeddable":true,"href":"https:\/\/shop.verlag.uni-potsdam.de\/en\/wp-json\/wp\/v2\/product_tag?post=52317"}],"curies":[{"name":"wp","href":"https:\/\/api.w.org\/{rel}","templated":true}]}}