{"id":52341,"date":"2026-03-23T08:53:00","date_gmt":"2026-03-23T08:53:00","guid":{"rendered":"http:\/\/shop.verlag.uni-potsdam.de\/produkt\/mathematik-ist-reine-dichtung\/"},"modified":"2026-03-23T11:54:00","modified_gmt":"2026-03-23T10:54:00","slug":"mathematik-ist-reine-dichtung","status":"publish","type":"product","link":"https:\/\/shop.verlag.uni-potsdam.de\/en\/shop\/mathematik-ist-reine-dichtung\/","title":{"rendered":"Mathematik ist reine Dichtung"},"content":{"rendered":"<p class=\"qtranxs-available-languages-message qtranxs-available-languages-message-en\">Sorry, this entry is only available in <a href=\"https:\/\/shop.verlag.uni-potsdam.de\/de\/wp-json\/wp\/v2\/product\/52341\" class=\"qtranxs-available-language-link qtranxs-available-language-link-de\" title=\"Deutsch\">Deutsch<\/a>.<\/p><p>Die Arbeit befasst sich mit der Kantischen Perspektive der Beziehung zwischen \u00c4sthetik und Mathematik. Es wird die Ansicht entwickelt, dass nach Kant die Mathematik ihrem eigentlichen Wesen nach \u00e4sthetisch ist, weil sie sich mit dem Ausdruck des Authentischen befasst. Mathematik, Vernunft und \u00c4sthetik (in Gestalt der Dichtung) gehen eine enge Verbindung ein. Hierbei kommt der Sprache als dem Prim\u00e4ren Ausdruck der sch\u00f6pferischen Kraft der Vernunft eine zentrale Bedeutung zu. Mathematik stellt wie die Dichtung die Explikation der sch\u00f6pferischen Kraft der Sprache dar. Nach Kant ist Mathematik &#8220;reine Dichtung&#8221; im Sinne der &#8220;reinen Vernunft&#8221;.<\/p>","protected":false},"excerpt":{"rendered":"<p class=\"qtranxs-available-languages-message qtranxs-available-languages-message-en\">Sorry, this entry is only available in <a href=\"https:\/\/shop.verlag.uni-potsdam.de\/de\/wp-json\/wp\/v2\/product\/52341\" class=\"qtranxs-available-language-link qtranxs-available-language-link-de\" title=\"Deutsch\">Deutsch<\/a>.<\/p>\n<p>Die Arbeit befasst sich mit der Kantischen Perspektive der Beziehung zwischen \u00c4sthetik und Mathematik. Es wird die Ansicht entwickelt, dass nach Kant die Mathematik ihrem eigentlichen Wesen nach \u00e4sthetisch ist, weil sie sich mit dem Ausdruck des Authentischen befasst. Mathematik, Vernunft und \u00c4sthetik (in Gestalt der Dichtung) gehen eine enge Verbindung ein. Hierbei kommt der Sprache als dem Prim\u00e4ren Ausdruck der sch\u00f6pferischen Kraft der Vernunft eine zentrale Bedeutung zu. Mathematik stellt wie die Dichtung die Explikation der sch\u00f6pferischen Kraft der Sprache dar. Nach Kant ist Mathematik &#8220;reine Dichtung&#8221; im Sinne der &#8220;reinen Vernunft&#8221;.<\/p>\n","protected":false},"featured_media":53681,"template":"","meta":{"_acf_changed":false},"product_brand":[],"product_cat":[6221],"product_tag":[6089,6088],"class_list":{"0":"post-52341","1":"product","2":"type-product","3":"status-publish","4":"has-post-thumbnail","6":"product_cat-philosophie-web-kategorie","7":"product_tag-immanuel-mathematik-aesthetik","8":"product_tag-mathematik-philosophie-kant","9":"autor-meike-aissen-crewett","10":"edition-ohne-volltext","12":"first","13":"instock","14":"shipping-taxable","15":"purchasable","16":"product-type-simple"},"acf":[],"yoast_head":"<!-- This site is optimized with the Yoast SEO plugin v27.1.1 - https:\/\/yoast.com\/product\/yoast-seo-wordpress\/ -->\n<title>Mathematik ist reine Dichtung - Universit\u00e4tsverlag Potsdam<\/title>\n<meta name=\"robots\" content=\"index, follow, max-snippet:-1, max-image-preview:large, max-video-preview:-1\" \/>\n<link rel=\"canonical\" href=\"https:\/\/shop.verlag.uni-potsdam.de\/en\/shop\/mathematik-ist-reine-dichtung\/\" \/>\n<meta property=\"og:locale\" content=\"en_US\" \/>\n<meta property=\"og:type\" content=\"article\" \/>\n<meta property=\"og:title\" content=\"Mathematik ist reine Dichtung - Universit\u00e4tsverlag Potsdam\" \/>\n<meta property=\"og:description\" content=\"Die Arbeit befasst sich mit der Kantischen Perspektive der Beziehung zwischen \u00c4sthetik und Mathematik. Es wird die Ansicht entwickelt, dass nach Kant die Mathematik ihrem eigentlichen Wesen nach \u00e4sthetisch ist, weil sie sich mit dem Ausdruck des Authentischen befasst. Mathematik, Vernunft und \u00c4sthetik (in Gestalt der Dichtung) gehen eine enge Verbindung ein. Hierbei kommt der Sprache als dem Prim\u00e4ren Ausdruck der sch\u00f6pferischen Kraft der Vernunft eine zentrale Bedeutung zu. Mathematik stellt wie die Dichtung die Explikation der sch\u00f6pferischen Kraft der Sprache dar. Nach Kant ist Mathematik &quot;reine Dichtung&quot; im Sinne der &quot;reinen Vernunft&quot;.\" \/>\n<meta property=\"og:url\" content=\"https:\/\/shop.verlag.uni-potsdam.de\/en\/shop\/mathematik-ist-reine-dichtung\/\" \/>\n<meta property=\"og:site_name\" content=\"Universit\u00e4tsverlag Potsdam\" \/>\n<meta property=\"article:modified_time\" content=\"2026-03-23T10:54:00+00:00\" \/>\n<meta property=\"og:image\" content=\"https:\/\/shop.verlag.uni-potsdam.de\/wp-content\/uploads\/asolmerce\/image-9783935024105.jpg\" \/>\n\t<meta property=\"og:image:width\" content=\"449\" \/>\n\t<meta property=\"og:image:height\" content=\"640\" \/>\n\t<meta property=\"og:image:type\" content=\"image\/jpeg\" \/>\n<meta name=\"twitter:card\" content=\"summary_large_image\" \/>\n<script type=\"application\/ld+json\" class=\"yoast-schema-graph\">{\"@context\":\"https:\/\/schema.org\",\"@graph\":[{\"@type\":\"WebPage\",\"@id\":\"https:\/\/shop.verlag.uni-potsdam.de\/en\/shop\/mathematik-ist-reine-dichtung\/\",\"url\":\"https:\/\/shop.verlag.uni-potsdam.de\/en\/shop\/mathematik-ist-reine-dichtung\/\",\"name\":\"Mathematik ist reine Dichtung - Universit\u00e4tsverlag Potsdam\",\"isPartOf\":{\"@id\":\"https:\/\/shop.verlag.uni-potsdam.de\/en\/#website\"},\"primaryImageOfPage\":{\"@id\":\"https:\/\/shop.verlag.uni-potsdam.de\/en\/shop\/mathematik-ist-reine-dichtung\/#primaryimage\"},\"image\":{\"@id\":\"https:\/\/shop.verlag.uni-potsdam.de\/shop\/mathematik-ist-reine-dichtung\/#primaryimage\"},\"thumbnailUrl\":\"https:\/\/shop.verlag.uni-potsdam.de\/wp-content\/uploads\/asolmerce\/image-9783935024105.jpg\",\"datePublished\":\"2026-03-23T08:53:00+00:00\",\"dateModified\":\"2026-03-23T10:54:00+00:00\",\"breadcrumb\":{\"@id\":\"https:\/\/shop.verlag.uni-potsdam.de\/en\/shop\/mathematik-ist-reine-dichtung\/#breadcrumb\"},\"inLanguage\":\"en-US\",\"potentialAction\":[{\"@type\":\"ReadAction\",\"target\":[[\"https:\/\/shop.verlag.uni-potsdam.de\/en\/shop\/mathematik-ist-reine-dichtung\/\"]]}]},{\"@type\":\"ImageObject\",\"inLanguage\":\"en-US\",\"@id\":\"https:\/\/shop.verlag.uni-potsdam.de\/en\/shop\/mathematik-ist-reine-dichtung\/#primaryimage\",\"url\":\"https:\/\/shop.verlag.uni-potsdam.de\/wp-content\/uploads\/asolmerce\/image-9783935024105.jpg\",\"contentUrl\":\"https:\/\/shop.verlag.uni-potsdam.de\/wp-content\/uploads\/asolmerce\/image-9783935024105.jpg\",\"width\":449,\"height\":640},{\"@type\":\"BreadcrumbList\",\"@id\":\"https:\/\/shop.verlag.uni-potsdam.de\/en\/shop\/mathematik-ist-reine-dichtung\/#breadcrumb\",\"itemListElement\":[{\"@type\":\"ListItem\",\"position\":1,\"name\":\"Startseite\",\"item\":\"https:\/\/shop.verlag.uni-potsdam.de\/en\/\"},{\"@type\":\"ListItem\",\"position\":2,\"name\":\"Shop\",\"item\":\"https:\/\/shop.verlag.uni-potsdam.de\/en\/shop\/\"},{\"@type\":\"ListItem\",\"position\":3,\"name\":\"Mathematik ist reine Dichtung\"}]},{\"@type\":\"WebSite\",\"@id\":\"https:\/\/shop.verlag.uni-potsdam.de\/en\/#website\",\"url\":\"https:\/\/shop.verlag.uni-potsdam.de\/en\/\",\"name\":\"Universit\u00e4tsverlag Potsdam\",\"description\":\"\",\"publisher\":{\"@id\":\"https:\/\/shop.verlag.uni-potsdam.de\/en\/#organization\"},\"potentialAction\":[{\"@type\":\"SearchAction\",\"target\":{\"@type\":\"EntryPoint\",\"urlTemplate\":\"https:\/\/shop.verlag.uni-potsdam.de\/en\/?s={search_term_string}\"},\"query-input\":{\"@type\":\"PropertyValueSpecification\",\"valueRequired\":true,\"valueName\":\"search_term_string\"}}],\"inLanguage\":\"en-US\"},{\"@type\":\"Organization\",\"@id\":\"https:\/\/shop.verlag.uni-potsdam.de\/en\/#organization\",\"name\":\"Universit\u00e4tsverlag Potsdam\",\"url\":\"https:\/\/shop.verlag.uni-potsdam.de\/en\/\",\"logo\":{\"@type\":\"ImageObject\",\"inLanguage\":\"en-US\",\"@id\":\"https:\/\/shop.verlag.uni-potsdam.de\/en\/#\/schema\/logo\/image\/\",\"url\":\"https:\/\/shop.verlag.uni-potsdam.de\/wp-content\/uploads\/2017\/04\/up_logo_university_2.png\",\"contentUrl\":\"https:\/\/shop.verlag.uni-potsdam.de\/wp-content\/uploads\/2017\/04\/up_logo_university_2.png\",\"width\":160,\"height\":172,\"caption\":\"Universit\u00e4tsverlag Potsdam\"},\"image\":{\"@id\":\"https:\/\/shop.verlag.uni-potsdam.de\/en\/#\/schema\/logo\/image\/\"}}]}<\/script>\n<!-- \/ Yoast SEO plugin. -->","yoast_head_json":{"title":"Mathematik ist reine Dichtung - Universit\u00e4tsverlag Potsdam","robots":{"index":"index","follow":"follow","max-snippet":"max-snippet:-1","max-image-preview":"max-image-preview:large","max-video-preview":"max-video-preview:-1"},"canonical":"https:\/\/shop.verlag.uni-potsdam.de\/en\/shop\/mathematik-ist-reine-dichtung\/","og_locale":"en_US","og_type":"article","og_title":"Mathematik ist reine Dichtung - Universit\u00e4tsverlag Potsdam","og_description":"Die Arbeit befasst sich mit der Kantischen Perspektive der Beziehung zwischen \u00c4sthetik und Mathematik. Es wird die Ansicht entwickelt, dass nach Kant die Mathematik ihrem eigentlichen Wesen nach \u00e4sthetisch ist, weil sie sich mit dem Ausdruck des Authentischen befasst. Mathematik, Vernunft und \u00c4sthetik (in Gestalt der Dichtung) gehen eine enge Verbindung ein. Hierbei kommt der Sprache als dem Prim\u00e4ren Ausdruck der sch\u00f6pferischen Kraft der Vernunft eine zentrale Bedeutung zu. Mathematik stellt wie die Dichtung die Explikation der sch\u00f6pferischen Kraft der Sprache dar. Nach Kant ist Mathematik \"reine Dichtung\" im Sinne der \"reinen Vernunft\".","og_url":"https:\/\/shop.verlag.uni-potsdam.de\/en\/shop\/mathematik-ist-reine-dichtung\/","og_site_name":"Universit\u00e4tsverlag Potsdam","article_modified_time":"2026-03-23T10:54:00+00:00","og_image":[{"width":449,"height":640,"url":"https:\/\/shop.verlag.uni-potsdam.de\/wp-content\/uploads\/asolmerce\/image-9783935024105.jpg","type":"image\/jpeg"}],"twitter_card":"summary_large_image","schema":{"@context":"https:\/\/schema.org","@graph":[{"@type":"WebPage","@id":"https:\/\/shop.verlag.uni-potsdam.de\/en\/shop\/mathematik-ist-reine-dichtung\/","url":"https:\/\/shop.verlag.uni-potsdam.de\/en\/shop\/mathematik-ist-reine-dichtung\/","name":"Mathematik ist reine Dichtung - Universit\u00e4tsverlag Potsdam","isPartOf":{"@id":"https:\/\/shop.verlag.uni-potsdam.de\/en\/#website"},"primaryImageOfPage":{"@id":"https:\/\/shop.verlag.uni-potsdam.de\/en\/shop\/mathematik-ist-reine-dichtung\/#primaryimage"},"image":{"@id":"https:\/\/shop.verlag.uni-potsdam.de\/shop\/mathematik-ist-reine-dichtung\/#primaryimage"},"thumbnailUrl":"https:\/\/shop.verlag.uni-potsdam.de\/wp-content\/uploads\/asolmerce\/image-9783935024105.jpg","datePublished":"2026-03-23T08:53:00+00:00","dateModified":"2026-03-23T10:54:00+00:00","breadcrumb":{"@id":"https:\/\/shop.verlag.uni-potsdam.de\/en\/shop\/mathematik-ist-reine-dichtung\/#breadcrumb"},"inLanguage":"en-US","potentialAction":[{"@type":"ReadAction","target":[["https:\/\/shop.verlag.uni-potsdam.de\/en\/shop\/mathematik-ist-reine-dichtung\/"]]}]},{"@type":"ImageObject","inLanguage":"en-US","@id":"https:\/\/shop.verlag.uni-potsdam.de\/en\/shop\/mathematik-ist-reine-dichtung\/#primaryimage","url":"https:\/\/shop.verlag.uni-potsdam.de\/wp-content\/uploads\/asolmerce\/image-9783935024105.jpg","contentUrl":"https:\/\/shop.verlag.uni-potsdam.de\/wp-content\/uploads\/asolmerce\/image-9783935024105.jpg","width":449,"height":640},{"@type":"BreadcrumbList","@id":"https:\/\/shop.verlag.uni-potsdam.de\/en\/shop\/mathematik-ist-reine-dichtung\/#breadcrumb","itemListElement":[{"@type":"ListItem","position":1,"name":"Startseite","item":"https:\/\/shop.verlag.uni-potsdam.de\/en\/"},{"@type":"ListItem","position":2,"name":"Shop","item":"https:\/\/shop.verlag.uni-potsdam.de\/en\/shop\/"},{"@type":"ListItem","position":3,"name":"Mathematik ist reine Dichtung"}]},{"@type":"WebSite","@id":"https:\/\/shop.verlag.uni-potsdam.de\/en\/#website","url":"https:\/\/shop.verlag.uni-potsdam.de\/en\/","name":"Universit\u00e4tsverlag Potsdam","description":"","publisher":{"@id":"https:\/\/shop.verlag.uni-potsdam.de\/en\/#organization"},"potentialAction":[{"@type":"SearchAction","target":{"@type":"EntryPoint","urlTemplate":"https:\/\/shop.verlag.uni-potsdam.de\/en\/?s={search_term_string}"},"query-input":{"@type":"PropertyValueSpecification","valueRequired":true,"valueName":"search_term_string"}}],"inLanguage":"en-US"},{"@type":"Organization","@id":"https:\/\/shop.verlag.uni-potsdam.de\/en\/#organization","name":"Universit\u00e4tsverlag Potsdam","url":"https:\/\/shop.verlag.uni-potsdam.de\/en\/","logo":{"@type":"ImageObject","inLanguage":"en-US","@id":"https:\/\/shop.verlag.uni-potsdam.de\/en\/#\/schema\/logo\/image\/","url":"https:\/\/shop.verlag.uni-potsdam.de\/wp-content\/uploads\/2017\/04\/up_logo_university_2.png","contentUrl":"https:\/\/shop.verlag.uni-potsdam.de\/wp-content\/uploads\/2017\/04\/up_logo_university_2.png","width":160,"height":172,"caption":"Universit\u00e4tsverlag Potsdam"},"image":{"@id":"https:\/\/shop.verlag.uni-potsdam.de\/en\/#\/schema\/logo\/image\/"}}]}},"_links":{"self":[{"href":"https:\/\/shop.verlag.uni-potsdam.de\/en\/wp-json\/wp\/v2\/product\/52341","targetHints":{"allow":["GET"]}}],"collection":[{"href":"https:\/\/shop.verlag.uni-potsdam.de\/en\/wp-json\/wp\/v2\/product"}],"about":[{"href":"https:\/\/shop.verlag.uni-potsdam.de\/en\/wp-json\/wp\/v2\/types\/product"}],"wp:featuredmedia":[{"embeddable":true,"href":"https:\/\/shop.verlag.uni-potsdam.de\/en\/wp-json\/wp\/v2\/media\/53681"}],"wp:attachment":[{"href":"https:\/\/shop.verlag.uni-potsdam.de\/en\/wp-json\/wp\/v2\/media?parent=52341"}],"wp:term":[{"taxonomy":"product_brand","embeddable":true,"href":"https:\/\/shop.verlag.uni-potsdam.de\/en\/wp-json\/wp\/v2\/product_brand?post=52341"},{"taxonomy":"product_cat","embeddable":true,"href":"https:\/\/shop.verlag.uni-potsdam.de\/en\/wp-json\/wp\/v2\/product_cat?post=52341"},{"taxonomy":"product_tag","embeddable":true,"href":"https:\/\/shop.verlag.uni-potsdam.de\/en\/wp-json\/wp\/v2\/product_tag?post=52341"}],"curies":[{"name":"wp","href":"https:\/\/api.w.org\/{rel}","templated":true}]}}