{"id":52346,"date":"2026-03-23T08:53:00","date_gmt":"2026-03-23T08:53:00","guid":{"rendered":"http:\/\/shop.verlag.uni-potsdam.de\/produkt\/platos-theorie-der-bildenden-kunst\/"},"modified":"2026-03-23T11:54:00","modified_gmt":"2026-03-23T10:54:00","slug":"platos-theorie-der-bildenden-kunst","status":"publish","type":"product","link":"https:\/\/shop.verlag.uni-potsdam.de\/en\/shop\/platos-theorie-der-bildenden-kunst\/","title":{"rendered":"Platos Theorie der bildenden Kunst"},"content":{"rendered":"<p class=\"qtranxs-available-languages-message qtranxs-available-languages-message-en\">Sorry, this entry is only available in <a href=\"https:\/\/shop.verlag.uni-potsdam.de\/de\/wp-json\/wp\/v2\/product\/52346\" class=\"qtranxs-available-language-link qtranxs-available-language-link-de\" title=\"Deutsch\">Deutsch<\/a>.<\/p><p>Die Arbeit unternimmt den Versuch einer Revision der herrschenden Auffassung, wonach Plato die bildende Kunst im Wesentlichen gering achte, ja sie als trivial, erkenntnishemmend, gar als sittengef\u00e4hrdend ansehe. Es wird die Auffassung entwickelt, dass Platos Verurteilung der bildenden Kunst tats\u00e4chlich einer Pseudokunst gilt, w\u00e4hrend er der wahren Kunst den h\u00f6chsten Rang hinsichtlich des Erkenntniswertes einr\u00e4umt. Die Argumentation wird entwickelt im Wege der Kombination einer philologisch-philosophischen Interpretation, die sich u.a. mit der Bedeutung des Begriffs der mimesis als &#8220;Darstellung&#8221;, nicht in erster Linie als &#8220;Nachahmung&#8221; (imitatio), auseinandersetzt, verbunden mit einer kunstgeschichtlichen Betrachtungsweise, die u. a. dem Einfluss der Technik der Schattenmalerei (skiagraphia), auf Platos Kunstauffassung nachgeht. Platos sich verstreut in den Dialogen findende, nie in einen systematischen Zusammenhang gebrachte, als Analogon und Metapher zur Argumention in einem au\u00dferk\u00fcnstlerischen Kontext eingef\u00fchrte rudiment\u00e4re, oft widerspr\u00fcchliche \u00c4u\u00dferungen zur bildenden Kunst werden einer umfassenden Analyse unterzogen.<\/p>","protected":false},"excerpt":{"rendered":"<p class=\"qtranxs-available-languages-message qtranxs-available-languages-message-en\">Sorry, this entry is only available in <a href=\"https:\/\/shop.verlag.uni-potsdam.de\/de\/wp-json\/wp\/v2\/product\/52346\" class=\"qtranxs-available-language-link qtranxs-available-language-link-de\" title=\"Deutsch\">Deutsch<\/a>.<\/p>\n<p>Die Arbeit unternimmt den Versuch einer Revision der herrschenden Auffassung, wonach Plato die bildende Kunst im Wesentlichen gering achte, ja sie als trivial, erkenntnishemmend, gar als sittengef\u00e4hrdend ansehe. Es wird die Auffassung entwickelt, dass Platos Verurteilung der bildenden Kunst tats\u00e4chlich einer Pseudokunst gilt, w\u00e4hrend er der wahren Kunst den h\u00f6chsten Rang hinsichtlich des Erkenntniswertes einr\u00e4umt. Die Argumentation wird entwickelt im Wege der Kombination einer philologisch-philosophischen Interpretation, die sich u.a. mit der Bedeutung des Begriffs der mimesis als &#8220;Darstellung&#8221;, nicht in erster Linie als &#8220;Nachahmung&#8221; (imitatio), auseinandersetzt, verbunden mit einer kunstgeschichtlichen Betrachtungsweise, die u. a. dem Einfluss der Technik der Schattenmalerei (skiagraphia), auf Platos Kunstauffassung nachgeht. Platos sich verstreut in den Dialogen findende, nie in einen systematischen Zusammenhang gebrachte, als Analogon und Metapher zur Argumention in einem au\u00dferk\u00fcnstlerischen Kontext eingef\u00fchrte rudiment\u00e4re, oft widerspr\u00fcchliche \u00c4u\u00dferungen zur bildenden Kunst werden einer umfassenden Analyse unterzogen.<\/p>\n","protected":false},"featured_media":55134,"template":"","meta":{"_acf_changed":false},"product_brand":[],"product_cat":[6213],"product_tag":[6111],"class_list":{"0":"post-52346","1":"product","2":"type-product","3":"status-publish","4":"has-post-thumbnail","6":"product_cat-kunst-web-kategorie","7":"product_tag-platon-aesthetik-bildende-kunst","8":"autor-meike-aissen-crewett","9":"edition-ohne-volltext","10":"reihe-aisthesis-paideia-therapeia","12":"first","13":"instock","14":"shipping-taxable","15":"purchasable","16":"product-type-simple"},"acf":[],"yoast_head":"<!-- This site is optimized with the Yoast SEO plugin v27.1.1 - https:\/\/yoast.com\/product\/yoast-seo-wordpress\/ -->\n<title>Platos Theorie der bildenden Kunst - Universit\u00e4tsverlag Potsdam<\/title>\n<meta name=\"robots\" content=\"index, follow, max-snippet:-1, max-image-preview:large, max-video-preview:-1\" \/>\n<link rel=\"canonical\" href=\"https:\/\/shop.verlag.uni-potsdam.de\/en\/shop\/platos-theorie-der-bildenden-kunst\/\" \/>\n<meta property=\"og:locale\" content=\"en_US\" \/>\n<meta property=\"og:type\" content=\"article\" \/>\n<meta property=\"og:title\" content=\"Platos Theorie der bildenden Kunst - Universit\u00e4tsverlag Potsdam\" \/>\n<meta property=\"og:description\" content=\"Die Arbeit unternimmt den Versuch einer Revision der herrschenden Auffassung, wonach Plato die bildende Kunst im Wesentlichen gering achte, ja sie als trivial, erkenntnishemmend, gar als sittengef\u00e4hrdend ansehe. Es wird die Auffassung entwickelt, dass Platos Verurteilung der bildenden Kunst tats\u00e4chlich einer Pseudokunst gilt, w\u00e4hrend er der wahren Kunst den h\u00f6chsten Rang hinsichtlich des Erkenntniswertes einr\u00e4umt. Die Argumentation wird entwickelt im Wege der Kombination einer philologisch-philosophischen Interpretation, die sich u.a. mit der Bedeutung des Begriffs der mimesis als &quot;Darstellung&quot;, nicht in erster Linie als &quot;Nachahmung&quot; (imitatio), auseinandersetzt, verbunden mit einer kunstgeschichtlichen Betrachtungsweise, die u. a. dem Einfluss der Technik der Schattenmalerei (skiagraphia), auf Platos Kunstauffassung nachgeht. Platos sich verstreut in den Dialogen findende, nie in einen systematischen Zusammenhang gebrachte, als Analogon und Metapher zur Argumention in einem au\u00dferk\u00fcnstlerischen Kontext eingef\u00fchrte rudiment\u00e4re, oft widerspr\u00fcchliche \u00c4u\u00dferungen zur bildenden Kunst werden einer umfassenden Analyse unterzogen.\" \/>\n<meta property=\"og:url\" content=\"https:\/\/shop.verlag.uni-potsdam.de\/en\/shop\/platos-theorie-der-bildenden-kunst\/\" \/>\n<meta property=\"og:site_name\" content=\"Universit\u00e4tsverlag Potsdam\" \/>\n<meta property=\"article:modified_time\" content=\"2026-03-23T10:54:00+00:00\" \/>\n<meta property=\"og:image\" content=\"https:\/\/shop.verlag.uni-potsdam.de\/wp-content\/uploads\/asolmerce\/image-978-3-935024-02-0.jpg\" \/>\n\t<meta property=\"og:image:width\" content=\"582\" \/>\n\t<meta property=\"og:image:height\" content=\"826\" \/>\n\t<meta property=\"og:image:type\" content=\"image\/jpeg\" \/>\n<meta name=\"twitter:card\" content=\"summary_large_image\" \/>\n<meta name=\"twitter:label1\" content=\"Est. reading time\" \/>\n\t<meta name=\"twitter:data1\" content=\"1 minute\" \/>\n<script type=\"application\/ld+json\" class=\"yoast-schema-graph\">{\"@context\":\"https:\/\/schema.org\",\"@graph\":[{\"@type\":\"WebPage\",\"@id\":\"https:\/\/shop.verlag.uni-potsdam.de\/en\/shop\/platos-theorie-der-bildenden-kunst\/\",\"url\":\"https:\/\/shop.verlag.uni-potsdam.de\/en\/shop\/platos-theorie-der-bildenden-kunst\/\",\"name\":\"Platos Theorie der bildenden Kunst - Universit\u00e4tsverlag Potsdam\",\"isPartOf\":{\"@id\":\"https:\/\/shop.verlag.uni-potsdam.de\/en\/#website\"},\"primaryImageOfPage\":{\"@id\":\"https:\/\/shop.verlag.uni-potsdam.de\/en\/shop\/platos-theorie-der-bildenden-kunst\/#primaryimage\"},\"image\":{\"@id\":\"https:\/\/shop.verlag.uni-potsdam.de\/shop\/platos-theorie-der-bildenden-kunst\/#primaryimage\"},\"thumbnailUrl\":\"https:\/\/shop.verlag.uni-potsdam.de\/wp-content\/uploads\/asolmerce\/image-978-3-935024-02-0.jpg\",\"datePublished\":\"2026-03-23T08:53:00+00:00\",\"dateModified\":\"2026-03-23T10:54:00+00:00\",\"breadcrumb\":{\"@id\":\"https:\/\/shop.verlag.uni-potsdam.de\/en\/shop\/platos-theorie-der-bildenden-kunst\/#breadcrumb\"},\"inLanguage\":\"en-US\",\"potentialAction\":[{\"@type\":\"ReadAction\",\"target\":[[\"https:\/\/shop.verlag.uni-potsdam.de\/en\/shop\/platos-theorie-der-bildenden-kunst\/\"]]}]},{\"@type\":\"ImageObject\",\"inLanguage\":\"en-US\",\"@id\":\"https:\/\/shop.verlag.uni-potsdam.de\/en\/shop\/platos-theorie-der-bildenden-kunst\/#primaryimage\",\"url\":\"https:\/\/shop.verlag.uni-potsdam.de\/wp-content\/uploads\/asolmerce\/image-978-3-935024-02-0.jpg\",\"contentUrl\":\"https:\/\/shop.verlag.uni-potsdam.de\/wp-content\/uploads\/asolmerce\/image-978-3-935024-02-0.jpg\",\"width\":582,\"height\":826},{\"@type\":\"BreadcrumbList\",\"@id\":\"https:\/\/shop.verlag.uni-potsdam.de\/en\/shop\/platos-theorie-der-bildenden-kunst\/#breadcrumb\",\"itemListElement\":[{\"@type\":\"ListItem\",\"position\":1,\"name\":\"Startseite\",\"item\":\"https:\/\/shop.verlag.uni-potsdam.de\/en\/\"},{\"@type\":\"ListItem\",\"position\":2,\"name\":\"Shop\",\"item\":\"https:\/\/shop.verlag.uni-potsdam.de\/en\/shop\/\"},{\"@type\":\"ListItem\",\"position\":3,\"name\":\"Platos Theorie der bildenden Kunst\"}]},{\"@type\":\"WebSite\",\"@id\":\"https:\/\/shop.verlag.uni-potsdam.de\/en\/#website\",\"url\":\"https:\/\/shop.verlag.uni-potsdam.de\/en\/\",\"name\":\"Universit\u00e4tsverlag Potsdam\",\"description\":\"\",\"publisher\":{\"@id\":\"https:\/\/shop.verlag.uni-potsdam.de\/en\/#organization\"},\"potentialAction\":[{\"@type\":\"SearchAction\",\"target\":{\"@type\":\"EntryPoint\",\"urlTemplate\":\"https:\/\/shop.verlag.uni-potsdam.de\/en\/?s={search_term_string}\"},\"query-input\":{\"@type\":\"PropertyValueSpecification\",\"valueRequired\":true,\"valueName\":\"search_term_string\"}}],\"inLanguage\":\"en-US\"},{\"@type\":\"Organization\",\"@id\":\"https:\/\/shop.verlag.uni-potsdam.de\/en\/#organization\",\"name\":\"Universit\u00e4tsverlag Potsdam\",\"url\":\"https:\/\/shop.verlag.uni-potsdam.de\/en\/\",\"logo\":{\"@type\":\"ImageObject\",\"inLanguage\":\"en-US\",\"@id\":\"https:\/\/shop.verlag.uni-potsdam.de\/en\/#\/schema\/logo\/image\/\",\"url\":\"https:\/\/shop.verlag.uni-potsdam.de\/wp-content\/uploads\/2017\/04\/up_logo_university_2.png\",\"contentUrl\":\"https:\/\/shop.verlag.uni-potsdam.de\/wp-content\/uploads\/2017\/04\/up_logo_university_2.png\",\"width\":160,\"height\":172,\"caption\":\"Universit\u00e4tsverlag Potsdam\"},\"image\":{\"@id\":\"https:\/\/shop.verlag.uni-potsdam.de\/en\/#\/schema\/logo\/image\/\"}}]}<\/script>\n<!-- \/ Yoast SEO plugin. -->","yoast_head_json":{"title":"Platos Theorie der bildenden Kunst - Universit\u00e4tsverlag Potsdam","robots":{"index":"index","follow":"follow","max-snippet":"max-snippet:-1","max-image-preview":"max-image-preview:large","max-video-preview":"max-video-preview:-1"},"canonical":"https:\/\/shop.verlag.uni-potsdam.de\/en\/shop\/platos-theorie-der-bildenden-kunst\/","og_locale":"en_US","og_type":"article","og_title":"Platos Theorie der bildenden Kunst - Universit\u00e4tsverlag Potsdam","og_description":"Die Arbeit unternimmt den Versuch einer Revision der herrschenden Auffassung, wonach Plato die bildende Kunst im Wesentlichen gering achte, ja sie als trivial, erkenntnishemmend, gar als sittengef\u00e4hrdend ansehe. Es wird die Auffassung entwickelt, dass Platos Verurteilung der bildenden Kunst tats\u00e4chlich einer Pseudokunst gilt, w\u00e4hrend er der wahren Kunst den h\u00f6chsten Rang hinsichtlich des Erkenntniswertes einr\u00e4umt. Die Argumentation wird entwickelt im Wege der Kombination einer philologisch-philosophischen Interpretation, die sich u.a. mit der Bedeutung des Begriffs der mimesis als \"Darstellung\", nicht in erster Linie als \"Nachahmung\" (imitatio), auseinandersetzt, verbunden mit einer kunstgeschichtlichen Betrachtungsweise, die u. a. dem Einfluss der Technik der Schattenmalerei (skiagraphia), auf Platos Kunstauffassung nachgeht. Platos sich verstreut in den Dialogen findende, nie in einen systematischen Zusammenhang gebrachte, als Analogon und Metapher zur Argumention in einem au\u00dferk\u00fcnstlerischen Kontext eingef\u00fchrte rudiment\u00e4re, oft widerspr\u00fcchliche \u00c4u\u00dferungen zur bildenden Kunst werden einer umfassenden Analyse unterzogen.","og_url":"https:\/\/shop.verlag.uni-potsdam.de\/en\/shop\/platos-theorie-der-bildenden-kunst\/","og_site_name":"Universit\u00e4tsverlag Potsdam","article_modified_time":"2026-03-23T10:54:00+00:00","og_image":[{"width":582,"height":826,"url":"https:\/\/shop.verlag.uni-potsdam.de\/wp-content\/uploads\/asolmerce\/image-978-3-935024-02-0.jpg","type":"image\/jpeg"}],"twitter_card":"summary_large_image","twitter_misc":{"Est. reading time":"1 minute"},"schema":{"@context":"https:\/\/schema.org","@graph":[{"@type":"WebPage","@id":"https:\/\/shop.verlag.uni-potsdam.de\/en\/shop\/platos-theorie-der-bildenden-kunst\/","url":"https:\/\/shop.verlag.uni-potsdam.de\/en\/shop\/platos-theorie-der-bildenden-kunst\/","name":"Platos Theorie der bildenden Kunst - Universit\u00e4tsverlag Potsdam","isPartOf":{"@id":"https:\/\/shop.verlag.uni-potsdam.de\/en\/#website"},"primaryImageOfPage":{"@id":"https:\/\/shop.verlag.uni-potsdam.de\/en\/shop\/platos-theorie-der-bildenden-kunst\/#primaryimage"},"image":{"@id":"https:\/\/shop.verlag.uni-potsdam.de\/shop\/platos-theorie-der-bildenden-kunst\/#primaryimage"},"thumbnailUrl":"https:\/\/shop.verlag.uni-potsdam.de\/wp-content\/uploads\/asolmerce\/image-978-3-935024-02-0.jpg","datePublished":"2026-03-23T08:53:00+00:00","dateModified":"2026-03-23T10:54:00+00:00","breadcrumb":{"@id":"https:\/\/shop.verlag.uni-potsdam.de\/en\/shop\/platos-theorie-der-bildenden-kunst\/#breadcrumb"},"inLanguage":"en-US","potentialAction":[{"@type":"ReadAction","target":[["https:\/\/shop.verlag.uni-potsdam.de\/en\/shop\/platos-theorie-der-bildenden-kunst\/"]]}]},{"@type":"ImageObject","inLanguage":"en-US","@id":"https:\/\/shop.verlag.uni-potsdam.de\/en\/shop\/platos-theorie-der-bildenden-kunst\/#primaryimage","url":"https:\/\/shop.verlag.uni-potsdam.de\/wp-content\/uploads\/asolmerce\/image-978-3-935024-02-0.jpg","contentUrl":"https:\/\/shop.verlag.uni-potsdam.de\/wp-content\/uploads\/asolmerce\/image-978-3-935024-02-0.jpg","width":582,"height":826},{"@type":"BreadcrumbList","@id":"https:\/\/shop.verlag.uni-potsdam.de\/en\/shop\/platos-theorie-der-bildenden-kunst\/#breadcrumb","itemListElement":[{"@type":"ListItem","position":1,"name":"Startseite","item":"https:\/\/shop.verlag.uni-potsdam.de\/en\/"},{"@type":"ListItem","position":2,"name":"Shop","item":"https:\/\/shop.verlag.uni-potsdam.de\/en\/shop\/"},{"@type":"ListItem","position":3,"name":"Platos Theorie der bildenden Kunst"}]},{"@type":"WebSite","@id":"https:\/\/shop.verlag.uni-potsdam.de\/en\/#website","url":"https:\/\/shop.verlag.uni-potsdam.de\/en\/","name":"Universit\u00e4tsverlag Potsdam","description":"","publisher":{"@id":"https:\/\/shop.verlag.uni-potsdam.de\/en\/#organization"},"potentialAction":[{"@type":"SearchAction","target":{"@type":"EntryPoint","urlTemplate":"https:\/\/shop.verlag.uni-potsdam.de\/en\/?s={search_term_string}"},"query-input":{"@type":"PropertyValueSpecification","valueRequired":true,"valueName":"search_term_string"}}],"inLanguage":"en-US"},{"@type":"Organization","@id":"https:\/\/shop.verlag.uni-potsdam.de\/en\/#organization","name":"Universit\u00e4tsverlag Potsdam","url":"https:\/\/shop.verlag.uni-potsdam.de\/en\/","logo":{"@type":"ImageObject","inLanguage":"en-US","@id":"https:\/\/shop.verlag.uni-potsdam.de\/en\/#\/schema\/logo\/image\/","url":"https:\/\/shop.verlag.uni-potsdam.de\/wp-content\/uploads\/2017\/04\/up_logo_university_2.png","contentUrl":"https:\/\/shop.verlag.uni-potsdam.de\/wp-content\/uploads\/2017\/04\/up_logo_university_2.png","width":160,"height":172,"caption":"Universit\u00e4tsverlag Potsdam"},"image":{"@id":"https:\/\/shop.verlag.uni-potsdam.de\/en\/#\/schema\/logo\/image\/"}}]}},"_links":{"self":[{"href":"https:\/\/shop.verlag.uni-potsdam.de\/en\/wp-json\/wp\/v2\/product\/52346","targetHints":{"allow":["GET"]}}],"collection":[{"href":"https:\/\/shop.verlag.uni-potsdam.de\/en\/wp-json\/wp\/v2\/product"}],"about":[{"href":"https:\/\/shop.verlag.uni-potsdam.de\/en\/wp-json\/wp\/v2\/types\/product"}],"wp:featuredmedia":[{"embeddable":true,"href":"https:\/\/shop.verlag.uni-potsdam.de\/en\/wp-json\/wp\/v2\/media\/55134"}],"wp:attachment":[{"href":"https:\/\/shop.verlag.uni-potsdam.de\/en\/wp-json\/wp\/v2\/media?parent=52346"}],"wp:term":[{"taxonomy":"product_brand","embeddable":true,"href":"https:\/\/shop.verlag.uni-potsdam.de\/en\/wp-json\/wp\/v2\/product_brand?post=52346"},{"taxonomy":"product_cat","embeddable":true,"href":"https:\/\/shop.verlag.uni-potsdam.de\/en\/wp-json\/wp\/v2\/product_cat?post=52346"},{"taxonomy":"product_tag","embeddable":true,"href":"https:\/\/shop.verlag.uni-potsdam.de\/en\/wp-json\/wp\/v2\/product_tag?post=52346"}],"curies":[{"name":"wp","href":"https:\/\/api.w.org\/{rel}","templated":true}]}}