{"id":52357,"date":"2026-04-27T05:30:27","date_gmt":"2026-04-27T05:30:27","guid":{"rendered":"http:\/\/shop.verlag.uni-potsdam.de\/produkt\/fuehrung-im-oeffentlichen-sektor\/"},"modified":"2026-04-27T09:31:27","modified_gmt":"2026-04-27T07:31:27","slug":"fuehrung-im-oeffentlichen-sektor","status":"publish","type":"product","link":"https:\/\/shop.verlag.uni-potsdam.de\/en\/shop\/fuehrung-im-oeffentlichen-sektor\/","title":{"rendered":"F\u00fchrung im \u00f6ffentlichen Sektor"},"content":{"rendered":"<p>This thesis researches leadership behavior and antecedents of leadership behavior in the public sector. Therefore, a taxonomy of six meta-categories of leadership behavior was developed. The taxonomy consists of task-, relations-, change-, external-, ethical- and processing-orientation.<br \/>In order to answer the research questions about the actual leadership behavior in the public sector and about antecedents of this behavior, survey data were collected from street-level leaders of three German public organizations and their followers. An analysis of the data reveals that the proposed taxonomy fits the leadership behavior in the public sector well.<br \/>Furthermore, a descriptive analysis of the data shows that there are quite big differences between leaders&#8217; self-perception and followers&#8217; perception of leadership behavior. The difference is especially high for relations- and change-orientation.<br \/>In addition to the descriptive analysis, hierarchical linear models are used to analyze antecedents of leadership behavior. The antecedents can be grouped in the four categories &#8220;characteristics and attitudes of leaders&#8221;, &#8220;expectations and interest of supervisors&#8221;, &#8220;characteristics and attitudes of followers&#8221;, and &#8220;management instruments and framework&#8221;. <br \/>The analyses show that the most important antecedents of leadership behavior are the motivation to lead and the management-orientation of the leaders, the commitment to public interest and the task complexity of the followers as well as the strategic leader selection and the leaders&#8217; use of management by objectives.<br \/>The results of this thesis expand the literature on leadership behavior in the public sector by a perspective of antecedents. In addition, the developed taxonomy can be used to systematize the discussion about leadership behavior in the public sector. This study also provides information for practitioners about antecedents of leadership behavior and about differences between self- and other-perceptions of leadership behavior.<\/p>","protected":false},"excerpt":{"rendered":"<p>This thesis researches leadership behavior and antecedents of leadership behavior in the public sector. Therefore, a taxonomy of six meta-categories of leadership behavior was developed. The taxonomy consists of task-, relations-, change-, external-, ethical- and processing-orientation.<br \/>In order to answer the research questions about the actual leadership behavior in the public sector and about antecedents of this behavior, survey data were collected from street-level leaders of three German public organizations and their followers. An analysis of the data reveals that the proposed taxonomy fits the leadership behavior in the public sector well.<br \/>Furthermore, a descriptive analysis of the data shows that there are quite big differences between leaders&#8217; self-perception and followers&#8217; perception of leadership behavior. The difference is especially high for relations- and change-orientation.<br \/>In addition to the descriptive analysis, hierarchical linear models are used to analyze antecedents of leadership behavior. The antecedents can be grouped in the four categories &#8220;characteristics and attitudes of leaders&#8221;, &#8220;expectations and interest of supervisors&#8221;, &#8220;characteristics and attitudes of followers&#8221;, and &#8220;management instruments and framework&#8221;. <br \/>The analyses show that the most important antecedents of leadership behavior are the motivation to lead and the management-orientation of the leaders, the commitment to public interest and the task complexity of the followers as well as the strategic leader selection and the leaders&#8217; use of management by objectives.<br \/>The results of this thesis expand the literature on leadership behavior in the public sector by a perspective of antecedents. In addition, the developed taxonomy can be used to systematize the discussion about leadership behavior in the public sector. This study also provides information for practitioners about antecedents of leadership behavior and about differences between self- and other-perceptions of leadership behavior.<\/p>\n","protected":false},"featured_media":54178,"template":"","meta":{"_acf_changed":false},"product_brand":[],"product_cat":[6232],"product_tag":[5240],"class_list":{"0":"post-52357","1":"product","2":"type-product","3":"status-publish","4":"has-post-thumbnail","6":"product_cat-wirtschaft-web-kategorie","7":"product_tag-fuehrung-fuehrungsverhalten-verwaltung-oeffentliche","8":"autor-dominik-vogel","10":"first","11":"instock","12":"shipping-taxable","13":"purchasable","14":"product-type-simple"},"acf":[],"yoast_head":"<!-- This site is optimized with the Yoast SEO plugin v27.1.1 - https:\/\/yoast.com\/product\/yoast-seo-wordpress\/ -->\n<title>F\u00fchrung im \u00f6ffentlichen Sektor - Universit\u00e4tsverlag Potsdam<\/title>\n<meta name=\"robots\" content=\"index, follow, max-snippet:-1, max-image-preview:large, max-video-preview:-1\" \/>\n<link rel=\"canonical\" href=\"https:\/\/shop.verlag.uni-potsdam.de\/en\/shop\/fuehrung-im-oeffentlichen-sektor\/\" \/>\n<meta property=\"og:locale\" content=\"en_US\" \/>\n<meta property=\"og:type\" content=\"article\" \/>\n<meta property=\"og:title\" content=\"F\u00fchrung im \u00f6ffentlichen Sektor - Universit\u00e4tsverlag Potsdam\" \/>\n<meta property=\"og:description\" content=\"This thesis researches leadership behavior and antecedents of leadership behavior in the public sector. Therefore, a taxonomy of six meta-categories of leadership behavior was developed. The taxonomy consists of task-, relations-, change-, external-, ethical- and processing-orientation.In order to answer the research questions about the actual leadership behavior in the public sector and about antecedents of this behavior, survey data were collected from street-level leaders of three German public organizations and their followers. An analysis of the data reveals that the proposed taxonomy fits the leadership behavior in the public sector well.Furthermore, a descriptive analysis of the data shows that there are quite big differences between leaders&#039; self-perception and followers&#039; perception of leadership behavior. The difference is especially high for relations- and change-orientation.In addition to the descriptive analysis, hierarchical linear models are used to analyze antecedents of leadership behavior. The antecedents can be grouped in the four categories &quot;characteristics and attitudes of leaders&quot;, &quot;expectations and interest of supervisors&quot;, &quot;characteristics and attitudes of followers&quot;, and &quot;management instruments and framework&quot;. The analyses show that the most important antecedents of leadership behavior are the motivation to lead and the management-orientation of the leaders, the commitment to public interest and the task complexity of the followers as well as the strategic leader selection and the leaders&#039; use of management by objectives.The results of this thesis expand the literature on leadership behavior in the public sector by a perspective of antecedents. In addition, the developed taxonomy can be used to systematize the discussion about leadership behavior in the public sector. This study also provides information for practitioners about antecedents of leadership behavior and about differences between self- and other-perceptions of leadership behavior.\" \/>\n<meta property=\"og:url\" content=\"https:\/\/shop.verlag.uni-potsdam.de\/en\/shop\/fuehrung-im-oeffentlichen-sektor\/\" \/>\n<meta property=\"og:site_name\" content=\"Universit\u00e4tsverlag Potsdam\" \/>\n<meta property=\"article:modified_time\" content=\"2026-04-27T07:31:27+00:00\" \/>\n<meta property=\"og:image\" content=\"https:\/\/shop.verlag.uni-potsdam.de\/wp-content\/uploads\/asolmerce\/image-9783869563633.jpg\" \/>\n\t<meta property=\"og:image:width\" content=\"451\" \/>\n\t<meta property=\"og:image:height\" content=\"640\" \/>\n\t<meta property=\"og:image:type\" content=\"image\/jpeg\" \/>\n<meta name=\"twitter:card\" content=\"summary_large_image\" \/>\n<meta name=\"twitter:label1\" content=\"Est. reading time\" \/>\n\t<meta name=\"twitter:data1\" content=\"3 minutes\" \/>\n<script type=\"application\/ld+json\" class=\"yoast-schema-graph\">{\"@context\":\"https:\/\/schema.org\",\"@graph\":[{\"@type\":\"WebPage\",\"@id\":\"https:\/\/shop.verlag.uni-potsdam.de\/en\/shop\/fuehrung-im-oeffentlichen-sektor\/\",\"url\":\"https:\/\/shop.verlag.uni-potsdam.de\/en\/shop\/fuehrung-im-oeffentlichen-sektor\/\",\"name\":\"F\u00fchrung im \u00f6ffentlichen Sektor - Universit\u00e4tsverlag Potsdam\",\"isPartOf\":{\"@id\":\"https:\/\/shop.verlag.uni-potsdam.de\/en\/#website\"},\"primaryImageOfPage\":{\"@id\":\"https:\/\/shop.verlag.uni-potsdam.de\/en\/shop\/fuehrung-im-oeffentlichen-sektor\/#primaryimage\"},\"image\":{\"@id\":\"https:\/\/shop.verlag.uni-potsdam.de\/shop\/fuehrung-im-oeffentlichen-sektor\/#primaryimage\"},\"thumbnailUrl\":\"https:\/\/shop.verlag.uni-potsdam.de\/wp-content\/uploads\/asolmerce\/image-9783869563633.jpg\",\"datePublished\":\"2026-04-27T05:30:27+00:00\",\"dateModified\":\"2026-04-27T07:31:27+00:00\",\"breadcrumb\":{\"@id\":\"https:\/\/shop.verlag.uni-potsdam.de\/en\/shop\/fuehrung-im-oeffentlichen-sektor\/#breadcrumb\"},\"inLanguage\":\"en-US\",\"potentialAction\":[{\"@type\":\"ReadAction\",\"target\":[[\"https:\/\/shop.verlag.uni-potsdam.de\/en\/shop\/fuehrung-im-oeffentlichen-sektor\/\"]]}]},{\"@type\":\"ImageObject\",\"inLanguage\":\"en-US\",\"@id\":\"https:\/\/shop.verlag.uni-potsdam.de\/en\/shop\/fuehrung-im-oeffentlichen-sektor\/#primaryimage\",\"url\":\"https:\/\/shop.verlag.uni-potsdam.de\/wp-content\/uploads\/asolmerce\/image-9783869563633.jpg\",\"contentUrl\":\"https:\/\/shop.verlag.uni-potsdam.de\/wp-content\/uploads\/asolmerce\/image-9783869563633.jpg\",\"width\":451,\"height\":640},{\"@type\":\"BreadcrumbList\",\"@id\":\"https:\/\/shop.verlag.uni-potsdam.de\/en\/shop\/fuehrung-im-oeffentlichen-sektor\/#breadcrumb\",\"itemListElement\":[{\"@type\":\"ListItem\",\"position\":1,\"name\":\"Startseite\",\"item\":\"https:\/\/shop.verlag.uni-potsdam.de\/en\/\"},{\"@type\":\"ListItem\",\"position\":2,\"name\":\"Shop\",\"item\":\"https:\/\/shop.verlag.uni-potsdam.de\/en\/shop\/\"},{\"@type\":\"ListItem\",\"position\":3,\"name\":\"F\u00fchrung im \u00f6ffentlichen Sektor\"}]},{\"@type\":\"WebSite\",\"@id\":\"https:\/\/shop.verlag.uni-potsdam.de\/en\/#website\",\"url\":\"https:\/\/shop.verlag.uni-potsdam.de\/en\/\",\"name\":\"Universit\u00e4tsverlag Potsdam\",\"description\":\"\",\"publisher\":{\"@id\":\"https:\/\/shop.verlag.uni-potsdam.de\/en\/#organization\"},\"potentialAction\":[{\"@type\":\"SearchAction\",\"target\":{\"@type\":\"EntryPoint\",\"urlTemplate\":\"https:\/\/shop.verlag.uni-potsdam.de\/en\/?s={search_term_string}\"},\"query-input\":{\"@type\":\"PropertyValueSpecification\",\"valueRequired\":true,\"valueName\":\"search_term_string\"}}],\"inLanguage\":\"en-US\"},{\"@type\":\"Organization\",\"@id\":\"https:\/\/shop.verlag.uni-potsdam.de\/en\/#organization\",\"name\":\"Universit\u00e4tsverlag Potsdam\",\"url\":\"https:\/\/shop.verlag.uni-potsdam.de\/en\/\",\"logo\":{\"@type\":\"ImageObject\",\"inLanguage\":\"en-US\",\"@id\":\"https:\/\/shop.verlag.uni-potsdam.de\/en\/#\/schema\/logo\/image\/\",\"url\":\"https:\/\/shop.verlag.uni-potsdam.de\/wp-content\/uploads\/2017\/04\/up_logo_university_2.png\",\"contentUrl\":\"https:\/\/shop.verlag.uni-potsdam.de\/wp-content\/uploads\/2017\/04\/up_logo_university_2.png\",\"width\":160,\"height\":172,\"caption\":\"Universit\u00e4tsverlag Potsdam\"},\"image\":{\"@id\":\"https:\/\/shop.verlag.uni-potsdam.de\/en\/#\/schema\/logo\/image\/\"}}]}<\/script>\n<!-- \/ Yoast SEO plugin. -->","yoast_head_json":{"title":"F\u00fchrung im \u00f6ffentlichen Sektor - Universit\u00e4tsverlag Potsdam","robots":{"index":"index","follow":"follow","max-snippet":"max-snippet:-1","max-image-preview":"max-image-preview:large","max-video-preview":"max-video-preview:-1"},"canonical":"https:\/\/shop.verlag.uni-potsdam.de\/en\/shop\/fuehrung-im-oeffentlichen-sektor\/","og_locale":"en_US","og_type":"article","og_title":"F\u00fchrung im \u00f6ffentlichen Sektor - Universit\u00e4tsverlag Potsdam","og_description":"This thesis researches leadership behavior and antecedents of leadership behavior in the public sector. Therefore, a taxonomy of six meta-categories of leadership behavior was developed. The taxonomy consists of task-, relations-, change-, external-, ethical- and processing-orientation.In order to answer the research questions about the actual leadership behavior in the public sector and about antecedents of this behavior, survey data were collected from street-level leaders of three German public organizations and their followers. An analysis of the data reveals that the proposed taxonomy fits the leadership behavior in the public sector well.Furthermore, a descriptive analysis of the data shows that there are quite big differences between leaders' self-perception and followers' perception of leadership behavior. The difference is especially high for relations- and change-orientation.In addition to the descriptive analysis, hierarchical linear models are used to analyze antecedents of leadership behavior. The antecedents can be grouped in the four categories \"characteristics and attitudes of leaders\", \"expectations and interest of supervisors\", \"characteristics and attitudes of followers\", and \"management instruments and framework\". The analyses show that the most important antecedents of leadership behavior are the motivation to lead and the management-orientation of the leaders, the commitment to public interest and the task complexity of the followers as well as the strategic leader selection and the leaders' use of management by objectives.The results of this thesis expand the literature on leadership behavior in the public sector by a perspective of antecedents. In addition, the developed taxonomy can be used to systematize the discussion about leadership behavior in the public sector. This study also provides information for practitioners about antecedents of leadership behavior and about differences between self- and other-perceptions of leadership behavior.","og_url":"https:\/\/shop.verlag.uni-potsdam.de\/en\/shop\/fuehrung-im-oeffentlichen-sektor\/","og_site_name":"Universit\u00e4tsverlag Potsdam","article_modified_time":"2026-04-27T07:31:27+00:00","og_image":[{"width":451,"height":640,"url":"https:\/\/shop.verlag.uni-potsdam.de\/wp-content\/uploads\/asolmerce\/image-9783869563633.jpg","type":"image\/jpeg"}],"twitter_card":"summary_large_image","twitter_misc":{"Est. reading time":"3 minutes"},"schema":{"@context":"https:\/\/schema.org","@graph":[{"@type":"WebPage","@id":"https:\/\/shop.verlag.uni-potsdam.de\/en\/shop\/fuehrung-im-oeffentlichen-sektor\/","url":"https:\/\/shop.verlag.uni-potsdam.de\/en\/shop\/fuehrung-im-oeffentlichen-sektor\/","name":"F\u00fchrung im \u00f6ffentlichen Sektor - Universit\u00e4tsverlag Potsdam","isPartOf":{"@id":"https:\/\/shop.verlag.uni-potsdam.de\/en\/#website"},"primaryImageOfPage":{"@id":"https:\/\/shop.verlag.uni-potsdam.de\/en\/shop\/fuehrung-im-oeffentlichen-sektor\/#primaryimage"},"image":{"@id":"https:\/\/shop.verlag.uni-potsdam.de\/shop\/fuehrung-im-oeffentlichen-sektor\/#primaryimage"},"thumbnailUrl":"https:\/\/shop.verlag.uni-potsdam.de\/wp-content\/uploads\/asolmerce\/image-9783869563633.jpg","datePublished":"2026-04-27T05:30:27+00:00","dateModified":"2026-04-27T07:31:27+00:00","breadcrumb":{"@id":"https:\/\/shop.verlag.uni-potsdam.de\/en\/shop\/fuehrung-im-oeffentlichen-sektor\/#breadcrumb"},"inLanguage":"en-US","potentialAction":[{"@type":"ReadAction","target":[["https:\/\/shop.verlag.uni-potsdam.de\/en\/shop\/fuehrung-im-oeffentlichen-sektor\/"]]}]},{"@type":"ImageObject","inLanguage":"en-US","@id":"https:\/\/shop.verlag.uni-potsdam.de\/en\/shop\/fuehrung-im-oeffentlichen-sektor\/#primaryimage","url":"https:\/\/shop.verlag.uni-potsdam.de\/wp-content\/uploads\/asolmerce\/image-9783869563633.jpg","contentUrl":"https:\/\/shop.verlag.uni-potsdam.de\/wp-content\/uploads\/asolmerce\/image-9783869563633.jpg","width":451,"height":640},{"@type":"BreadcrumbList","@id":"https:\/\/shop.verlag.uni-potsdam.de\/en\/shop\/fuehrung-im-oeffentlichen-sektor\/#breadcrumb","itemListElement":[{"@type":"ListItem","position":1,"name":"Startseite","item":"https:\/\/shop.verlag.uni-potsdam.de\/en\/"},{"@type":"ListItem","position":2,"name":"Shop","item":"https:\/\/shop.verlag.uni-potsdam.de\/en\/shop\/"},{"@type":"ListItem","position":3,"name":"F\u00fchrung im \u00f6ffentlichen Sektor"}]},{"@type":"WebSite","@id":"https:\/\/shop.verlag.uni-potsdam.de\/en\/#website","url":"https:\/\/shop.verlag.uni-potsdam.de\/en\/","name":"Universit\u00e4tsverlag Potsdam","description":"","publisher":{"@id":"https:\/\/shop.verlag.uni-potsdam.de\/en\/#organization"},"potentialAction":[{"@type":"SearchAction","target":{"@type":"EntryPoint","urlTemplate":"https:\/\/shop.verlag.uni-potsdam.de\/en\/?s={search_term_string}"},"query-input":{"@type":"PropertyValueSpecification","valueRequired":true,"valueName":"search_term_string"}}],"inLanguage":"en-US"},{"@type":"Organization","@id":"https:\/\/shop.verlag.uni-potsdam.de\/en\/#organization","name":"Universit\u00e4tsverlag Potsdam","url":"https:\/\/shop.verlag.uni-potsdam.de\/en\/","logo":{"@type":"ImageObject","inLanguage":"en-US","@id":"https:\/\/shop.verlag.uni-potsdam.de\/en\/#\/schema\/logo\/image\/","url":"https:\/\/shop.verlag.uni-potsdam.de\/wp-content\/uploads\/2017\/04\/up_logo_university_2.png","contentUrl":"https:\/\/shop.verlag.uni-potsdam.de\/wp-content\/uploads\/2017\/04\/up_logo_university_2.png","width":160,"height":172,"caption":"Universit\u00e4tsverlag Potsdam"},"image":{"@id":"https:\/\/shop.verlag.uni-potsdam.de\/en\/#\/schema\/logo\/image\/"}}]}},"_links":{"self":[{"href":"https:\/\/shop.verlag.uni-potsdam.de\/en\/wp-json\/wp\/v2\/product\/52357","targetHints":{"allow":["GET"]}}],"collection":[{"href":"https:\/\/shop.verlag.uni-potsdam.de\/en\/wp-json\/wp\/v2\/product"}],"about":[{"href":"https:\/\/shop.verlag.uni-potsdam.de\/en\/wp-json\/wp\/v2\/types\/product"}],"wp:featuredmedia":[{"embeddable":true,"href":"https:\/\/shop.verlag.uni-potsdam.de\/en\/wp-json\/wp\/v2\/media\/54178"}],"wp:attachment":[{"href":"https:\/\/shop.verlag.uni-potsdam.de\/en\/wp-json\/wp\/v2\/media?parent=52357"}],"wp:term":[{"taxonomy":"product_brand","embeddable":true,"href":"https:\/\/shop.verlag.uni-potsdam.de\/en\/wp-json\/wp\/v2\/product_brand?post=52357"},{"taxonomy":"product_cat","embeddable":true,"href":"https:\/\/shop.verlag.uni-potsdam.de\/en\/wp-json\/wp\/v2\/product_cat?post=52357"},{"taxonomy":"product_tag","embeddable":true,"href":"https:\/\/shop.verlag.uni-potsdam.de\/en\/wp-json\/wp\/v2\/product_tag?post=52357"}],"curies":[{"name":"wp","href":"https:\/\/api.w.org\/{rel}","templated":true}]}}