{"id":52428,"date":"2026-03-23T08:53:00","date_gmt":"2026-03-23T08:53:00","guid":{"rendered":"http:\/\/shop.verlag.uni-potsdam.de\/produkt\/didaktik-der-taenzerischen-bewegung\/"},"modified":"2026-03-23T11:54:00","modified_gmt":"2026-03-23T10:54:00","slug":"didaktik-der-taenzerischen-bewegung","status":"publish","type":"product","link":"https:\/\/shop.verlag.uni-potsdam.de\/en\/shop\/didaktik-der-taenzerischen-bewegung\/","title":{"rendered":"Didaktik der t\u00e4nzerischen Bewegung"},"content":{"rendered":"<p class=\"qtranxs-available-languages-message qtranxs-available-languages-message-en\">Sorry, this entry is only available in <a href=\"https:\/\/shop.verlag.uni-potsdam.de\/de\/wp-json\/wp\/v2\/product\/52428\" class=\"qtranxs-available-language-link qtranxs-available-language-link-de\" title=\"Deutsch\">Deutsch<\/a>.<\/p><p>Diese Ver\u00f6ffentlichung stellt eine leicht verst\u00e4ndliche Einf\u00fchrung in die Didaktik der t\u00e4nzerischen Bewegung dar. Sie wendet sich an Studierende sowie Lehrerinnen und Lehrer der Primarstufe und der Sekundarstufe 1. <br \/>Die theoretische Grundlegung befa\u00dft sich mit den Dimensionen des Tanzes (Raum, Zeit, Energie, K\u00f6rper als t\u00e4nzerisches Bewegungsinstrument, Sprache des Tanzes), der Bedeutung des Tanzes \u00fcr die Erziehung, dem Zusammenhang zwischen k\u00f6rperlicher Entwicklung und t\u00e4nzerischer Bewegung sowie mit der Evaluierung t\u00e4nzerischer F\u00e4higkeiten. <br \/>Im Zentrum der Darstellung stehen praktische Anleitungen zu t\u00e4nzerischen Bewegungen in den Bereichen K\u00f6rperbewu\u00dftsein; Spuren und Form; Raum; Soziale Interaktion, Schwerelosigkeit; Linien, Struktur und Dimensionen; Ton, Sprache, Stimme und Bewegung; Musik und Tanz. <br \/>200 anschauliche Abbildungen sollen die m\u00fchelose Umsetzung der Anregungen in der Praxis erleichtern.<\/p>","protected":false},"excerpt":{"rendered":"<p class=\"qtranxs-available-languages-message qtranxs-available-languages-message-en\">Sorry, this entry is only available in <a href=\"https:\/\/shop.verlag.uni-potsdam.de\/de\/wp-json\/wp\/v2\/product\/52428\" class=\"qtranxs-available-language-link qtranxs-available-language-link-de\" title=\"Deutsch\">Deutsch<\/a>.<\/p>\n<p>Diese Ver\u00f6ffentlichung stellt eine leicht verst\u00e4ndliche Einf\u00fchrung in die Didaktik der t\u00e4nzerischen Bewegung dar. Sie wendet sich an Studierende sowie Lehrerinnen und Lehrer der Primarstufe und der Sekundarstufe 1. <br \/>Die theoretische Grundlegung befa\u00dft sich mit den Dimensionen des Tanzes (Raum, Zeit, Energie, K\u00f6rper als t\u00e4nzerisches Bewegungsinstrument, Sprache des Tanzes), der Bedeutung des Tanzes \u00fcr die Erziehung, dem Zusammenhang zwischen k\u00f6rperlicher Entwicklung und t\u00e4nzerischer Bewegung sowie mit der Evaluierung t\u00e4nzerischer F\u00e4higkeiten. <br \/>Im Zentrum der Darstellung stehen praktische Anleitungen zu t\u00e4nzerischen Bewegungen in den Bereichen K\u00f6rperbewu\u00dftsein; Spuren und Form; Raum; Soziale Interaktion, Schwerelosigkeit; Linien, Struktur und Dimensionen; Ton, Sprache, Stimme und Bewegung; Musik und Tanz. <br \/>200 anschauliche Abbildungen sollen die m\u00fchelose Umsetzung der Anregungen in der Praxis erleichtern.<\/p>\n","protected":false},"featured_media":54473,"template":"","meta":{"_acf_changed":false},"product_brand":[],"product_cat":[6220],"product_tag":[6329,6330,6327,6328],"class_list":{"0":"post-52428","1":"product","2":"type-product","3":"status-publish","4":"has-post-thumbnail","6":"product_cat-paedagogik-web-kategorie","7":"product_tag-soziale-interaktion","8":"product_tag-spuren-und-form","9":"product_tag-taenzerische-bewegung","10":"product_tag-taenzerische-faehigkeiten","11":"autor-meike-aissen-crewett","12":"edition-ohne-volltext","13":"reihe-aisthesis-paideia-therapeia","15":"first","16":"instock","17":"shipping-taxable","18":"purchasable","19":"product-type-simple"},"acf":[],"yoast_head":"<!-- This site is optimized with the Yoast SEO plugin v27.1.1 - https:\/\/yoast.com\/product\/yoast-seo-wordpress\/ -->\n<title>Didaktik der t\u00e4nzerischen Bewegung - Universit\u00e4tsverlag Potsdam<\/title>\n<meta name=\"robots\" content=\"index, follow, max-snippet:-1, max-image-preview:large, max-video-preview:-1\" \/>\n<link rel=\"canonical\" href=\"https:\/\/shop.verlag.uni-potsdam.de\/en\/shop\/didaktik-der-taenzerischen-bewegung\/\" \/>\n<meta property=\"og:locale\" content=\"en_US\" \/>\n<meta property=\"og:type\" content=\"article\" \/>\n<meta property=\"og:title\" content=\"Didaktik der t\u00e4nzerischen Bewegung - Universit\u00e4tsverlag Potsdam\" \/>\n<meta property=\"og:description\" content=\"Diese Ver\u00f6ffentlichung stellt eine leicht verst\u00e4ndliche Einf\u00fchrung in die Didaktik der t\u00e4nzerischen Bewegung dar. Sie wendet sich an Studierende sowie Lehrerinnen und Lehrer der Primarstufe und der Sekundarstufe 1. Die theoretische Grundlegung befa\u00dft sich mit den Dimensionen des Tanzes (Raum, Zeit, Energie, K\u00f6rper als t\u00e4nzerisches Bewegungsinstrument, Sprache des Tanzes), der Bedeutung des Tanzes \u00fcr die Erziehung, dem Zusammenhang zwischen k\u00f6rperlicher Entwicklung und t\u00e4nzerischer Bewegung sowie mit der Evaluierung t\u00e4nzerischer F\u00e4higkeiten. Im Zentrum der Darstellung stehen praktische Anleitungen zu t\u00e4nzerischen Bewegungen in den Bereichen K\u00f6rperbewu\u00dftsein; Spuren und Form; Raum; Soziale Interaktion, Schwerelosigkeit; Linien, Struktur und Dimensionen; Ton, Sprache, Stimme und Bewegung; Musik und Tanz. 200 anschauliche Abbildungen sollen die m\u00fchelose Umsetzung der Anregungen in der Praxis erleichtern.\" \/>\n<meta property=\"og:url\" content=\"https:\/\/shop.verlag.uni-potsdam.de\/en\/shop\/didaktik-der-taenzerischen-bewegung\/\" \/>\n<meta property=\"og:site_name\" content=\"Universit\u00e4tsverlag Potsdam\" \/>\n<meta property=\"article:modified_time\" content=\"2026-03-23T10:54:00+00:00\" \/>\n<meta property=\"og:image\" content=\"https:\/\/shop.verlag.uni-potsdam.de\/wp-content\/uploads\/asolmerce\/image-20971.jpg\" \/>\n\t<meta property=\"og:image:width\" content=\"451\" \/>\n\t<meta property=\"og:image:height\" content=\"640\" \/>\n\t<meta property=\"og:image:type\" content=\"image\/jpeg\" \/>\n<meta name=\"twitter:card\" content=\"summary_large_image\" \/>\n<meta name=\"twitter:label1\" content=\"Est. reading time\" \/>\n\t<meta name=\"twitter:data1\" content=\"1 minute\" \/>\n<script type=\"application\/ld+json\" class=\"yoast-schema-graph\">{\"@context\":\"https:\/\/schema.org\",\"@graph\":[{\"@type\":\"WebPage\",\"@id\":\"https:\/\/shop.verlag.uni-potsdam.de\/en\/shop\/didaktik-der-taenzerischen-bewegung\/\",\"url\":\"https:\/\/shop.verlag.uni-potsdam.de\/en\/shop\/didaktik-der-taenzerischen-bewegung\/\",\"name\":\"Didaktik der t\u00e4nzerischen Bewegung - Universit\u00e4tsverlag Potsdam\",\"isPartOf\":{\"@id\":\"https:\/\/shop.verlag.uni-potsdam.de\/en\/#website\"},\"primaryImageOfPage\":{\"@id\":\"https:\/\/shop.verlag.uni-potsdam.de\/en\/shop\/didaktik-der-taenzerischen-bewegung\/#primaryimage\"},\"image\":{\"@id\":\"https:\/\/shop.verlag.uni-potsdam.de\/en\/shop\/didaktik-der-taenzerischen-bewegung\/#primaryimage\"},\"thumbnailUrl\":\"https:\/\/shop.verlag.uni-potsdam.de\/wp-content\/uploads\/asolmerce\/image-20971.jpg\",\"datePublished\":\"2026-03-23T08:53:00+00:00\",\"dateModified\":\"2026-03-23T10:54:00+00:00\",\"breadcrumb\":{\"@id\":\"https:\/\/shop.verlag.uni-potsdam.de\/en\/shop\/didaktik-der-taenzerischen-bewegung\/#breadcrumb\"},\"inLanguage\":\"en-US\",\"potentialAction\":[{\"@type\":\"ReadAction\",\"target\":[[\"https:\/\/shop.verlag.uni-potsdam.de\/en\/shop\/didaktik-der-taenzerischen-bewegung\/\"]]}]},{\"@type\":\"ImageObject\",\"inLanguage\":\"en-US\",\"@id\":\"https:\/\/shop.verlag.uni-potsdam.de\/en\/shop\/didaktik-der-taenzerischen-bewegung\/#primaryimage\",\"url\":\"https:\/\/shop.verlag.uni-potsdam.de\/wp-content\/uploads\/asolmerce\/image-20971.jpg\",\"contentUrl\":\"https:\/\/shop.verlag.uni-potsdam.de\/wp-content\/uploads\/asolmerce\/image-20971.jpg\",\"width\":451,\"height\":640},{\"@type\":\"BreadcrumbList\",\"@id\":\"https:\/\/shop.verlag.uni-potsdam.de\/en\/shop\/didaktik-der-taenzerischen-bewegung\/#breadcrumb\",\"itemListElement\":[{\"@type\":\"ListItem\",\"position\":1,\"name\":\"Startseite\",\"item\":\"https:\/\/shop.verlag.uni-potsdam.de\/en\/\"},{\"@type\":\"ListItem\",\"position\":2,\"name\":\"Shop\",\"item\":\"https:\/\/shop.verlag.uni-potsdam.de\/en\/shop\/\"},{\"@type\":\"ListItem\",\"position\":3,\"name\":\"Didaktik der t\u00e4nzerischen Bewegung\"}]},{\"@type\":\"WebSite\",\"@id\":\"https:\/\/shop.verlag.uni-potsdam.de\/en\/#website\",\"url\":\"https:\/\/shop.verlag.uni-potsdam.de\/en\/\",\"name\":\"Universit\u00e4tsverlag Potsdam\",\"description\":\"\",\"publisher\":{\"@id\":\"https:\/\/shop.verlag.uni-potsdam.de\/en\/#organization\"},\"potentialAction\":[{\"@type\":\"SearchAction\",\"target\":{\"@type\":\"EntryPoint\",\"urlTemplate\":\"https:\/\/shop.verlag.uni-potsdam.de\/en\/?s={search_term_string}\"},\"query-input\":{\"@type\":\"PropertyValueSpecification\",\"valueRequired\":true,\"valueName\":\"search_term_string\"}}],\"inLanguage\":\"en-US\"},{\"@type\":\"Organization\",\"@id\":\"https:\/\/shop.verlag.uni-potsdam.de\/en\/#organization\",\"name\":\"Universit\u00e4tsverlag Potsdam\",\"url\":\"https:\/\/shop.verlag.uni-potsdam.de\/en\/\",\"logo\":{\"@type\":\"ImageObject\",\"inLanguage\":\"en-US\",\"@id\":\"https:\/\/shop.verlag.uni-potsdam.de\/en\/#\/schema\/logo\/image\/\",\"url\":\"https:\/\/shop.verlag.uni-potsdam.de\/wp-content\/uploads\/2017\/04\/up_logo_university_2.png\",\"contentUrl\":\"https:\/\/shop.verlag.uni-potsdam.de\/wp-content\/uploads\/2017\/04\/up_logo_university_2.png\",\"width\":160,\"height\":172,\"caption\":\"Universit\u00e4tsverlag Potsdam\"},\"image\":{\"@id\":\"https:\/\/shop.verlag.uni-potsdam.de\/en\/#\/schema\/logo\/image\/\"}}]}<\/script>\n<!-- \/ Yoast SEO plugin. -->","yoast_head_json":{"title":"Didaktik der t\u00e4nzerischen Bewegung - Universit\u00e4tsverlag Potsdam","robots":{"index":"index","follow":"follow","max-snippet":"max-snippet:-1","max-image-preview":"max-image-preview:large","max-video-preview":"max-video-preview:-1"},"canonical":"https:\/\/shop.verlag.uni-potsdam.de\/en\/shop\/didaktik-der-taenzerischen-bewegung\/","og_locale":"en_US","og_type":"article","og_title":"Didaktik der t\u00e4nzerischen Bewegung - Universit\u00e4tsverlag Potsdam","og_description":"Diese Ver\u00f6ffentlichung stellt eine leicht verst\u00e4ndliche Einf\u00fchrung in die Didaktik der t\u00e4nzerischen Bewegung dar. Sie wendet sich an Studierende sowie Lehrerinnen und Lehrer der Primarstufe und der Sekundarstufe 1. Die theoretische Grundlegung befa\u00dft sich mit den Dimensionen des Tanzes (Raum, Zeit, Energie, K\u00f6rper als t\u00e4nzerisches Bewegungsinstrument, Sprache des Tanzes), der Bedeutung des Tanzes \u00fcr die Erziehung, dem Zusammenhang zwischen k\u00f6rperlicher Entwicklung und t\u00e4nzerischer Bewegung sowie mit der Evaluierung t\u00e4nzerischer F\u00e4higkeiten. Im Zentrum der Darstellung stehen praktische Anleitungen zu t\u00e4nzerischen Bewegungen in den Bereichen K\u00f6rperbewu\u00dftsein; Spuren und Form; Raum; Soziale Interaktion, Schwerelosigkeit; Linien, Struktur und Dimensionen; Ton, Sprache, Stimme und Bewegung; Musik und Tanz. 200 anschauliche Abbildungen sollen die m\u00fchelose Umsetzung der Anregungen in der Praxis erleichtern.","og_url":"https:\/\/shop.verlag.uni-potsdam.de\/en\/shop\/didaktik-der-taenzerischen-bewegung\/","og_site_name":"Universit\u00e4tsverlag Potsdam","article_modified_time":"2026-03-23T10:54:00+00:00","og_image":[{"width":451,"height":640,"url":"https:\/\/shop.verlag.uni-potsdam.de\/wp-content\/uploads\/asolmerce\/image-20971.jpg","type":"image\/jpeg"}],"twitter_card":"summary_large_image","twitter_misc":{"Est. reading time":"1 minute"},"schema":{"@context":"https:\/\/schema.org","@graph":[{"@type":"WebPage","@id":"https:\/\/shop.verlag.uni-potsdam.de\/en\/shop\/didaktik-der-taenzerischen-bewegung\/","url":"https:\/\/shop.verlag.uni-potsdam.de\/en\/shop\/didaktik-der-taenzerischen-bewegung\/","name":"Didaktik der t\u00e4nzerischen Bewegung - Universit\u00e4tsverlag Potsdam","isPartOf":{"@id":"https:\/\/shop.verlag.uni-potsdam.de\/en\/#website"},"primaryImageOfPage":{"@id":"https:\/\/shop.verlag.uni-potsdam.de\/en\/shop\/didaktik-der-taenzerischen-bewegung\/#primaryimage"},"image":{"@id":"https:\/\/shop.verlag.uni-potsdam.de\/en\/shop\/didaktik-der-taenzerischen-bewegung\/#primaryimage"},"thumbnailUrl":"https:\/\/shop.verlag.uni-potsdam.de\/wp-content\/uploads\/asolmerce\/image-20971.jpg","datePublished":"2026-03-23T08:53:00+00:00","dateModified":"2026-03-23T10:54:00+00:00","breadcrumb":{"@id":"https:\/\/shop.verlag.uni-potsdam.de\/en\/shop\/didaktik-der-taenzerischen-bewegung\/#breadcrumb"},"inLanguage":"en-US","potentialAction":[{"@type":"ReadAction","target":[["https:\/\/shop.verlag.uni-potsdam.de\/en\/shop\/didaktik-der-taenzerischen-bewegung\/"]]}]},{"@type":"ImageObject","inLanguage":"en-US","@id":"https:\/\/shop.verlag.uni-potsdam.de\/en\/shop\/didaktik-der-taenzerischen-bewegung\/#primaryimage","url":"https:\/\/shop.verlag.uni-potsdam.de\/wp-content\/uploads\/asolmerce\/image-20971.jpg","contentUrl":"https:\/\/shop.verlag.uni-potsdam.de\/wp-content\/uploads\/asolmerce\/image-20971.jpg","width":451,"height":640},{"@type":"BreadcrumbList","@id":"https:\/\/shop.verlag.uni-potsdam.de\/en\/shop\/didaktik-der-taenzerischen-bewegung\/#breadcrumb","itemListElement":[{"@type":"ListItem","position":1,"name":"Startseite","item":"https:\/\/shop.verlag.uni-potsdam.de\/en\/"},{"@type":"ListItem","position":2,"name":"Shop","item":"https:\/\/shop.verlag.uni-potsdam.de\/en\/shop\/"},{"@type":"ListItem","position":3,"name":"Didaktik der t\u00e4nzerischen Bewegung"}]},{"@type":"WebSite","@id":"https:\/\/shop.verlag.uni-potsdam.de\/en\/#website","url":"https:\/\/shop.verlag.uni-potsdam.de\/en\/","name":"Universit\u00e4tsverlag Potsdam","description":"","publisher":{"@id":"https:\/\/shop.verlag.uni-potsdam.de\/en\/#organization"},"potentialAction":[{"@type":"SearchAction","target":{"@type":"EntryPoint","urlTemplate":"https:\/\/shop.verlag.uni-potsdam.de\/en\/?s={search_term_string}"},"query-input":{"@type":"PropertyValueSpecification","valueRequired":true,"valueName":"search_term_string"}}],"inLanguage":"en-US"},{"@type":"Organization","@id":"https:\/\/shop.verlag.uni-potsdam.de\/en\/#organization","name":"Universit\u00e4tsverlag Potsdam","url":"https:\/\/shop.verlag.uni-potsdam.de\/en\/","logo":{"@type":"ImageObject","inLanguage":"en-US","@id":"https:\/\/shop.verlag.uni-potsdam.de\/en\/#\/schema\/logo\/image\/","url":"https:\/\/shop.verlag.uni-potsdam.de\/wp-content\/uploads\/2017\/04\/up_logo_university_2.png","contentUrl":"https:\/\/shop.verlag.uni-potsdam.de\/wp-content\/uploads\/2017\/04\/up_logo_university_2.png","width":160,"height":172,"caption":"Universit\u00e4tsverlag Potsdam"},"image":{"@id":"https:\/\/shop.verlag.uni-potsdam.de\/en\/#\/schema\/logo\/image\/"}}]}},"_links":{"self":[{"href":"https:\/\/shop.verlag.uni-potsdam.de\/en\/wp-json\/wp\/v2\/product\/52428","targetHints":{"allow":["GET"]}}],"collection":[{"href":"https:\/\/shop.verlag.uni-potsdam.de\/en\/wp-json\/wp\/v2\/product"}],"about":[{"href":"https:\/\/shop.verlag.uni-potsdam.de\/en\/wp-json\/wp\/v2\/types\/product"}],"wp:featuredmedia":[{"embeddable":true,"href":"https:\/\/shop.verlag.uni-potsdam.de\/en\/wp-json\/wp\/v2\/media\/54473"}],"wp:attachment":[{"href":"https:\/\/shop.verlag.uni-potsdam.de\/en\/wp-json\/wp\/v2\/media?parent=52428"}],"wp:term":[{"taxonomy":"product_brand","embeddable":true,"href":"https:\/\/shop.verlag.uni-potsdam.de\/en\/wp-json\/wp\/v2\/product_brand?post=52428"},{"taxonomy":"product_cat","embeddable":true,"href":"https:\/\/shop.verlag.uni-potsdam.de\/en\/wp-json\/wp\/v2\/product_cat?post=52428"},{"taxonomy":"product_tag","embeddable":true,"href":"https:\/\/shop.verlag.uni-potsdam.de\/en\/wp-json\/wp\/v2\/product_tag?post=52428"}],"curies":[{"name":"wp","href":"https:\/\/api.w.org\/{rel}","templated":true}]}}