{"id":52574,"date":"2026-03-23T08:53:07","date_gmt":"2026-03-23T08:53:07","guid":{"rendered":"http:\/\/shop.verlag.uni-potsdam.de\/produkt\/mgfn-1120072\/"},"modified":"2026-03-23T11:54:07","modified_gmt":"2026-03-23T10:54:07","slug":"militaer-und-gesellschaft-in-der-fruehen-neuzeit-11-2007-2","status":"publish","type":"product","link":"https:\/\/shop.verlag.uni-potsdam.de\/en\/shop\/militaer-und-gesellschaft-in-der-fruehen-neuzeit-11-2007-2\/","title":{"rendered":"Milit\u00e4r und Gesellschaft in der Fr\u00fchen Neuzeit ; 11 (2007) 2"},"content":{"rendered":"<p class=\"qtranxs-available-languages-message qtranxs-available-languages-message-en\">Sorry, this entry is only available in <a href=\"https:\/\/shop.verlag.uni-potsdam.de\/de\/wp-json\/wp\/v2\/product\/52574\" class=\"qtranxs-available-language-link qtranxs-available-language-link-de\" title=\"Deutsch\">Deutsch<\/a>.<\/p><p>Aus dem Inhalt:<br \/><i>Aufs\u00e4tze<\/i><\/p>\n<ul>\n<li>Alexander K\u00e4stner: \u201eDesertionen in das Jenseits.\u201c Ans\u00e4tze und Desiderate einer milit\u00e4rhistorischen Suizidforschung f\u00fcr die Fr\u00fche Neuzeit.<\/li>\n<li>Claudia Schmitz: Der symbolische und religi\u00f6se Gehalt von Gewalt und Krieg im Prozess der inkaischen Staatsentwicklung.<\/li>\n<\/ul>\n<p><i>Projekte<\/i><\/p>\n<ul>\n<li>Urte Evert: Die Eisenbraut. Symbolische Funktionen der soldatischen Waffe. <\/li>\n<li>Philippe Rogger: Pensionenunruhen 1513-1516. Klientelistische Verflechtung \u2013 herrschaftliche Verdichtung \u2013 b\u00e4uerlicher Widerstand? <\/li>\n<li>Frank Zielsdorf: Milit\u00e4rische Erinnerungskulturen zwischen Adelsmentalit\u00e4t und Professionalisierung. Regimentskulturen des preu\u00dfischen Offizierskorps im 17. und 18. Jahrhundert. <\/li>\n<li>Susanne H\u00e4cker: Universit\u00e4t und Krieg. Die Auswirkungen des Drei\u00dfigj\u00e4hrigen Krieges auf die Universit\u00e4ten Heidelberg, T\u00fcbingen und Freiburg.<\/li>\n<li>Steffi Bahro: \u201eSolange der Krieg dauerte, ging alles gut&#8230;\u201c Der abgedankte Soldat im M\u00e4rchen. <\/li>\n<\/ul>\n<p><i>Tagungsberichte<\/i><\/p>\n<ul>\n<li>Ulrike Ludwig: Milit\u00e4rrecht in der Fr\u00fchen Neuzeit, 7. Tagung des AMG (Bayreuth, 4.-7. Oktober 2007). <\/li>\n<\/ul>\n<p><i>Rezensionen<\/i><\/p>\n<ul>\n<li>Heinrich Lang: William Caferro, John Hawkwood. An English Mercenary in Fourteenth-Century Italy, Baltimore 2006. <\/li>\n<li>Eric Piltz: Steven G. Ellis, Raingard E\u00dfer (Hrsg.), Frontiers and the Writing of History, 1500-1850, Hannover-Laatzen 2006. <\/li>\n<li>Martin Winter: Michael Epkenhans, Stig F\u00f6rster, Karen Hagemann (Hrsg.), Milit\u00e4rische Erinnerungskultur. Soldaten im Spiegel von Biographien, Memoiren und Selbstzeugnissen, Paderborn 2006<\/li>\n<\/ul>\n<p><\/p>","protected":false},"excerpt":{"rendered":"<p class=\"qtranxs-available-languages-message qtranxs-available-languages-message-en\">Sorry, this entry is only available in <a href=\"https:\/\/shop.verlag.uni-potsdam.de\/de\/wp-json\/wp\/v2\/product\/52574\" class=\"qtranxs-available-language-link qtranxs-available-language-link-de\" title=\"Deutsch\">Deutsch<\/a>.<\/p>\n<p>Aus dem Inhalt:<br \/><i>Aufs\u00e4tze<\/i><\/p>\n<ul>\n<li>Alexander K\u00e4stner: \u201eDesertionen in das Jenseits.\u201c Ans\u00e4tze und Desiderate einer milit\u00e4rhistorischen Suizidforschung f\u00fcr die Fr\u00fche Neuzeit.<\/li>\n<li>Claudia Schmitz: Der symbolische und religi\u00f6se Gehalt von Gewalt und Krieg im Prozess der inkaischen Staatsentwicklung.<\/li>\n<\/ul>\n<p><i>Projekte<\/i><\/p>\n<ul>\n<li>Urte Evert: Die Eisenbraut. Symbolische Funktionen der soldatischen Waffe. <\/li>\n<li>Philippe Rogger: Pensionenunruhen 1513-1516. Klientelistische Verflechtung \u2013 herrschaftliche Verdichtung \u2013 b\u00e4uerlicher Widerstand? <\/li>\n<li>Frank Zielsdorf: Milit\u00e4rische Erinnerungskulturen zwischen Adelsmentalit\u00e4t und Professionalisierung. Regimentskulturen des preu\u00dfischen Offizierskorps im 17. und 18. Jahrhundert. <\/li>\n<li>Susanne H\u00e4cker: Universit\u00e4t und Krieg. Die Auswirkungen des Drei\u00dfigj\u00e4hrigen Krieges auf die Universit\u00e4ten Heidelberg, T\u00fcbingen und Freiburg.<\/li>\n<li>Steffi Bahro: \u201eSolange der Krieg dauerte, ging alles gut&#8230;\u201c Der abgedankte Soldat im M\u00e4rchen. <\/li>\n<\/ul>\n<p><i>Tagungsberichte<\/i><\/p>\n<ul>\n<li>Ulrike Ludwig: Milit\u00e4rrecht in der Fr\u00fchen Neuzeit, 7. Tagung des AMG (Bayreuth, 4.-7. Oktober 2007). <\/li>\n<\/ul>\n<p><i>Rezensionen<\/i><\/p>\n<ul>\n<li>Heinrich Lang: William Caferro, John Hawkwood. An English Mercenary in Fourteenth-Century Italy, Baltimore 2006. <\/li>\n<li>Eric Piltz: Steven G. Ellis, Raingard E\u00dfer (Hrsg.), Frontiers and the Writing of History, 1500-1850, Hannover-Laatzen 2006. <\/li>\n<li>Martin Winter: Michael Epkenhans, Stig F\u00f6rster, Karen Hagemann (Hrsg.), Milit\u00e4rische Erinnerungskultur. Soldaten im Spiegel von Biographien, Memoiren und Selbstzeugnissen, Paderborn 2006<\/li>\n<\/ul>\n","protected":false},"featured_media":54497,"template":"","meta":{"_acf_changed":false},"product_brand":[],"product_cat":[6207],"product_tag":[],"class_list":{"0":"post-52574","1":"product","2":"type-product","3":"status-publish","4":"has-post-thumbnail","6":"product_cat-geschichte-web-kategorie","7":"zeitschriften-militaer-und-gesellschaft-in-der-fruehen-neuzeit","9":"first","10":"instock","11":"shipping-taxable","12":"purchasable","13":"product-type-simple"},"acf":[],"yoast_head":"<!-- This site is optimized with the Yoast SEO plugin v27.1.1 - https:\/\/yoast.com\/product\/yoast-seo-wordpress\/ -->\n<title>Milit\u00e4r und Gesellschaft in der Fr\u00fchen Neuzeit ; 11 (2007) 2 - Universit\u00e4tsverlag Potsdam<\/title>\n<meta name=\"robots\" content=\"index, follow, max-snippet:-1, max-image-preview:large, max-video-preview:-1\" \/>\n<link rel=\"canonical\" href=\"https:\/\/shop.verlag.uni-potsdam.de\/en\/shop\/militaer-und-gesellschaft-in-der-fruehen-neuzeit-11-2007-2\/\" \/>\n<meta property=\"og:locale\" content=\"en_US\" \/>\n<meta property=\"og:type\" content=\"article\" \/>\n<meta property=\"og:title\" content=\"Milit\u00e4r und Gesellschaft in der Fr\u00fchen Neuzeit ; 11 (2007) 2 - Universit\u00e4tsverlag Potsdam\" \/>\n<meta property=\"og:description\" content=\"Aus dem Inhalt:Aufs\u00e4tzeAlexander K\u00e4stner: \u201eDesertionen in das Jenseits.\u201c Ans\u00e4tze und Desiderate einer milit\u00e4rhistorischen Suizidforschung f\u00fcr die Fr\u00fche Neuzeit.Claudia Schmitz: Der symbolische und religi\u00f6se Gehalt von Gewalt und Krieg im Prozess der inkaischen Staatsentwicklung.ProjekteUrte Evert: Die Eisenbraut. Symbolische Funktionen der soldatischen Waffe. Philippe Rogger: Pensionenunruhen 1513-1516. Klientelistische Verflechtung \u2013 herrschaftliche Verdichtung \u2013 b\u00e4uerlicher Widerstand? Frank Zielsdorf: Milit\u00e4rische Erinnerungskulturen zwischen Adelsmentalit\u00e4t und Professionalisierung. Regimentskulturen des preu\u00dfischen Offizierskorps im 17. und 18. Jahrhundert. Susanne H\u00e4cker: Universit\u00e4t und Krieg. Die Auswirkungen des Drei\u00dfigj\u00e4hrigen Krieges auf die Universit\u00e4ten Heidelberg, T\u00fcbingen und Freiburg.Steffi Bahro: \u201eSolange der Krieg dauerte, ging alles gut...\u201c Der abgedankte Soldat im M\u00e4rchen. TagungsberichteUlrike Ludwig: Milit\u00e4rrecht in der Fr\u00fchen Neuzeit, 7. Tagung des AMG (Bayreuth, 4.-7. Oktober 2007). RezensionenHeinrich Lang: William Caferro, John Hawkwood. An English Mercenary in Fourteenth-Century Italy, Baltimore 2006. Eric Piltz: Steven G. Ellis, Raingard E\u00dfer (Hrsg.), Frontiers and the Writing of History, 1500-1850, Hannover-Laatzen 2006. Martin Winter: Michael Epkenhans, Stig F\u00f6rster, Karen Hagemann (Hrsg.), Milit\u00e4rische Erinnerungskultur. Soldaten im Spiegel von Biographien, Memoiren und Selbstzeugnissen, Paderborn 2006\" \/>\n<meta property=\"og:url\" content=\"https:\/\/shop.verlag.uni-potsdam.de\/en\/shop\/militaer-und-gesellschaft-in-der-fruehen-neuzeit-11-2007-2\/\" \/>\n<meta property=\"og:site_name\" content=\"Universit\u00e4tsverlag Potsdam\" \/>\n<meta property=\"article:modified_time\" content=\"2026-03-23T10:54:07+00:00\" \/>\n<meta property=\"og:image\" content=\"https:\/\/shop.verlag.uni-potsdam.de\/wp-content\/uploads\/asolmerce\/image-21185.jpg\" \/>\n\t<meta property=\"og:image:width\" content=\"450\" \/>\n\t<meta property=\"og:image:height\" content=\"640\" \/>\n\t<meta property=\"og:image:type\" content=\"image\/jpeg\" \/>\n<meta name=\"twitter:card\" content=\"summary_large_image\" \/>\n<meta name=\"twitter:label1\" content=\"Est. reading time\" \/>\n\t<meta name=\"twitter:data1\" content=\"1 minute\" \/>\n<script type=\"application\/ld+json\" class=\"yoast-schema-graph\">{\"@context\":\"https:\/\/schema.org\",\"@graph\":[{\"@type\":\"WebPage\",\"@id\":\"https:\/\/shop.verlag.uni-potsdam.de\/en\/shop\/militaer-und-gesellschaft-in-der-fruehen-neuzeit-11-2007-2\/\",\"url\":\"https:\/\/shop.verlag.uni-potsdam.de\/en\/shop\/militaer-und-gesellschaft-in-der-fruehen-neuzeit-11-2007-2\/\",\"name\":\"Milit\u00e4r und Gesellschaft in der Fr\u00fchen Neuzeit ; 11 (2007) 2 - Universit\u00e4tsverlag Potsdam\",\"isPartOf\":{\"@id\":\"https:\/\/shop.verlag.uni-potsdam.de\/en\/#website\"},\"primaryImageOfPage\":{\"@id\":\"https:\/\/shop.verlag.uni-potsdam.de\/en\/shop\/militaer-und-gesellschaft-in-der-fruehen-neuzeit-11-2007-2\/#primaryimage\"},\"image\":{\"@id\":\"https:\/\/shop.verlag.uni-potsdam.de\/shop\/militaer-und-gesellschaft-in-der-fruehen-neuzeit-11-2007-2\/#primaryimage\"},\"thumbnailUrl\":\"https:\/\/shop.verlag.uni-potsdam.de\/wp-content\/uploads\/asolmerce\/image-21185.jpg\",\"datePublished\":\"2026-03-23T08:53:07+00:00\",\"dateModified\":\"2026-03-23T10:54:07+00:00\",\"breadcrumb\":{\"@id\":\"https:\/\/shop.verlag.uni-potsdam.de\/en\/shop\/militaer-und-gesellschaft-in-der-fruehen-neuzeit-11-2007-2\/#breadcrumb\"},\"inLanguage\":\"en-US\",\"potentialAction\":[{\"@type\":\"ReadAction\",\"target\":[[\"https:\/\/shop.verlag.uni-potsdam.de\/en\/shop\/militaer-und-gesellschaft-in-der-fruehen-neuzeit-11-2007-2\/\"]]}]},{\"@type\":\"ImageObject\",\"inLanguage\":\"en-US\",\"@id\":\"https:\/\/shop.verlag.uni-potsdam.de\/en\/shop\/militaer-und-gesellschaft-in-der-fruehen-neuzeit-11-2007-2\/#primaryimage\",\"url\":\"https:\/\/shop.verlag.uni-potsdam.de\/wp-content\/uploads\/asolmerce\/image-21185.jpg\",\"contentUrl\":\"https:\/\/shop.verlag.uni-potsdam.de\/wp-content\/uploads\/asolmerce\/image-21185.jpg\",\"width\":450,\"height\":640},{\"@type\":\"BreadcrumbList\",\"@id\":\"https:\/\/shop.verlag.uni-potsdam.de\/en\/shop\/militaer-und-gesellschaft-in-der-fruehen-neuzeit-11-2007-2\/#breadcrumb\",\"itemListElement\":[{\"@type\":\"ListItem\",\"position\":1,\"name\":\"Startseite\",\"item\":\"https:\/\/shop.verlag.uni-potsdam.de\/en\/\"},{\"@type\":\"ListItem\",\"position\":2,\"name\":\"Shop\",\"item\":\"https:\/\/shop.verlag.uni-potsdam.de\/en\/shop\/\"},{\"@type\":\"ListItem\",\"position\":3,\"name\":\"Milit\u00e4r und Gesellschaft in der Fr\u00fchen Neuzeit ; 11 (2007) 2\"}]},{\"@type\":\"WebSite\",\"@id\":\"https:\/\/shop.verlag.uni-potsdam.de\/en\/#website\",\"url\":\"https:\/\/shop.verlag.uni-potsdam.de\/en\/\",\"name\":\"Universit\u00e4tsverlag Potsdam\",\"description\":\"\",\"publisher\":{\"@id\":\"https:\/\/shop.verlag.uni-potsdam.de\/en\/#organization\"},\"potentialAction\":[{\"@type\":\"SearchAction\",\"target\":{\"@type\":\"EntryPoint\",\"urlTemplate\":\"https:\/\/shop.verlag.uni-potsdam.de\/en\/?s={search_term_string}\"},\"query-input\":{\"@type\":\"PropertyValueSpecification\",\"valueRequired\":true,\"valueName\":\"search_term_string\"}}],\"inLanguage\":\"en-US\"},{\"@type\":\"Organization\",\"@id\":\"https:\/\/shop.verlag.uni-potsdam.de\/en\/#organization\",\"name\":\"Universit\u00e4tsverlag Potsdam\",\"url\":\"https:\/\/shop.verlag.uni-potsdam.de\/en\/\",\"logo\":{\"@type\":\"ImageObject\",\"inLanguage\":\"en-US\",\"@id\":\"https:\/\/shop.verlag.uni-potsdam.de\/en\/#\/schema\/logo\/image\/\",\"url\":\"https:\/\/shop.verlag.uni-potsdam.de\/wp-content\/uploads\/2017\/04\/up_logo_university_2.png\",\"contentUrl\":\"https:\/\/shop.verlag.uni-potsdam.de\/wp-content\/uploads\/2017\/04\/up_logo_university_2.png\",\"width\":160,\"height\":172,\"caption\":\"Universit\u00e4tsverlag Potsdam\"},\"image\":{\"@id\":\"https:\/\/shop.verlag.uni-potsdam.de\/en\/#\/schema\/logo\/image\/\"}}]}<\/script>\n<!-- \/ Yoast SEO plugin. -->","yoast_head_json":{"title":"Milit\u00e4r und Gesellschaft in der Fr\u00fchen Neuzeit ; 11 (2007) 2 - Universit\u00e4tsverlag Potsdam","robots":{"index":"index","follow":"follow","max-snippet":"max-snippet:-1","max-image-preview":"max-image-preview:large","max-video-preview":"max-video-preview:-1"},"canonical":"https:\/\/shop.verlag.uni-potsdam.de\/en\/shop\/militaer-und-gesellschaft-in-der-fruehen-neuzeit-11-2007-2\/","og_locale":"en_US","og_type":"article","og_title":"Milit\u00e4r und Gesellschaft in der Fr\u00fchen Neuzeit ; 11 (2007) 2 - Universit\u00e4tsverlag Potsdam","og_description":"Aus dem Inhalt:Aufs\u00e4tzeAlexander K\u00e4stner: \u201eDesertionen in das Jenseits.\u201c Ans\u00e4tze und Desiderate einer milit\u00e4rhistorischen Suizidforschung f\u00fcr die Fr\u00fche Neuzeit.Claudia Schmitz: Der symbolische und religi\u00f6se Gehalt von Gewalt und Krieg im Prozess der inkaischen Staatsentwicklung.ProjekteUrte Evert: Die Eisenbraut. Symbolische Funktionen der soldatischen Waffe. Philippe Rogger: Pensionenunruhen 1513-1516. Klientelistische Verflechtung \u2013 herrschaftliche Verdichtung \u2013 b\u00e4uerlicher Widerstand? Frank Zielsdorf: Milit\u00e4rische Erinnerungskulturen zwischen Adelsmentalit\u00e4t und Professionalisierung. Regimentskulturen des preu\u00dfischen Offizierskorps im 17. und 18. Jahrhundert. Susanne H\u00e4cker: Universit\u00e4t und Krieg. Die Auswirkungen des Drei\u00dfigj\u00e4hrigen Krieges auf die Universit\u00e4ten Heidelberg, T\u00fcbingen und Freiburg.Steffi Bahro: \u201eSolange der Krieg dauerte, ging alles gut...\u201c Der abgedankte Soldat im M\u00e4rchen. TagungsberichteUlrike Ludwig: Milit\u00e4rrecht in der Fr\u00fchen Neuzeit, 7. Tagung des AMG (Bayreuth, 4.-7. Oktober 2007). RezensionenHeinrich Lang: William Caferro, John Hawkwood. An English Mercenary in Fourteenth-Century Italy, Baltimore 2006. Eric Piltz: Steven G. Ellis, Raingard E\u00dfer (Hrsg.), Frontiers and the Writing of History, 1500-1850, Hannover-Laatzen 2006. Martin Winter: Michael Epkenhans, Stig F\u00f6rster, Karen Hagemann (Hrsg.), Milit\u00e4rische Erinnerungskultur. Soldaten im Spiegel von Biographien, Memoiren und Selbstzeugnissen, Paderborn 2006","og_url":"https:\/\/shop.verlag.uni-potsdam.de\/en\/shop\/militaer-und-gesellschaft-in-der-fruehen-neuzeit-11-2007-2\/","og_site_name":"Universit\u00e4tsverlag Potsdam","article_modified_time":"2026-03-23T10:54:07+00:00","og_image":[{"width":450,"height":640,"url":"https:\/\/shop.verlag.uni-potsdam.de\/wp-content\/uploads\/asolmerce\/image-21185.jpg","type":"image\/jpeg"}],"twitter_card":"summary_large_image","twitter_misc":{"Est. reading time":"1 minute"},"schema":{"@context":"https:\/\/schema.org","@graph":[{"@type":"WebPage","@id":"https:\/\/shop.verlag.uni-potsdam.de\/en\/shop\/militaer-und-gesellschaft-in-der-fruehen-neuzeit-11-2007-2\/","url":"https:\/\/shop.verlag.uni-potsdam.de\/en\/shop\/militaer-und-gesellschaft-in-der-fruehen-neuzeit-11-2007-2\/","name":"Milit\u00e4r und Gesellschaft in der Fr\u00fchen Neuzeit ; 11 (2007) 2 - Universit\u00e4tsverlag Potsdam","isPartOf":{"@id":"https:\/\/shop.verlag.uni-potsdam.de\/en\/#website"},"primaryImageOfPage":{"@id":"https:\/\/shop.verlag.uni-potsdam.de\/en\/shop\/militaer-und-gesellschaft-in-der-fruehen-neuzeit-11-2007-2\/#primaryimage"},"image":{"@id":"https:\/\/shop.verlag.uni-potsdam.de\/shop\/militaer-und-gesellschaft-in-der-fruehen-neuzeit-11-2007-2\/#primaryimage"},"thumbnailUrl":"https:\/\/shop.verlag.uni-potsdam.de\/wp-content\/uploads\/asolmerce\/image-21185.jpg","datePublished":"2026-03-23T08:53:07+00:00","dateModified":"2026-03-23T10:54:07+00:00","breadcrumb":{"@id":"https:\/\/shop.verlag.uni-potsdam.de\/en\/shop\/militaer-und-gesellschaft-in-der-fruehen-neuzeit-11-2007-2\/#breadcrumb"},"inLanguage":"en-US","potentialAction":[{"@type":"ReadAction","target":[["https:\/\/shop.verlag.uni-potsdam.de\/en\/shop\/militaer-und-gesellschaft-in-der-fruehen-neuzeit-11-2007-2\/"]]}]},{"@type":"ImageObject","inLanguage":"en-US","@id":"https:\/\/shop.verlag.uni-potsdam.de\/en\/shop\/militaer-und-gesellschaft-in-der-fruehen-neuzeit-11-2007-2\/#primaryimage","url":"https:\/\/shop.verlag.uni-potsdam.de\/wp-content\/uploads\/asolmerce\/image-21185.jpg","contentUrl":"https:\/\/shop.verlag.uni-potsdam.de\/wp-content\/uploads\/asolmerce\/image-21185.jpg","width":450,"height":640},{"@type":"BreadcrumbList","@id":"https:\/\/shop.verlag.uni-potsdam.de\/en\/shop\/militaer-und-gesellschaft-in-der-fruehen-neuzeit-11-2007-2\/#breadcrumb","itemListElement":[{"@type":"ListItem","position":1,"name":"Startseite","item":"https:\/\/shop.verlag.uni-potsdam.de\/en\/"},{"@type":"ListItem","position":2,"name":"Shop","item":"https:\/\/shop.verlag.uni-potsdam.de\/en\/shop\/"},{"@type":"ListItem","position":3,"name":"Milit\u00e4r und Gesellschaft in der Fr\u00fchen Neuzeit ; 11 (2007) 2"}]},{"@type":"WebSite","@id":"https:\/\/shop.verlag.uni-potsdam.de\/en\/#website","url":"https:\/\/shop.verlag.uni-potsdam.de\/en\/","name":"Universit\u00e4tsverlag Potsdam","description":"","publisher":{"@id":"https:\/\/shop.verlag.uni-potsdam.de\/en\/#organization"},"potentialAction":[{"@type":"SearchAction","target":{"@type":"EntryPoint","urlTemplate":"https:\/\/shop.verlag.uni-potsdam.de\/en\/?s={search_term_string}"},"query-input":{"@type":"PropertyValueSpecification","valueRequired":true,"valueName":"search_term_string"}}],"inLanguage":"en-US"},{"@type":"Organization","@id":"https:\/\/shop.verlag.uni-potsdam.de\/en\/#organization","name":"Universit\u00e4tsverlag Potsdam","url":"https:\/\/shop.verlag.uni-potsdam.de\/en\/","logo":{"@type":"ImageObject","inLanguage":"en-US","@id":"https:\/\/shop.verlag.uni-potsdam.de\/en\/#\/schema\/logo\/image\/","url":"https:\/\/shop.verlag.uni-potsdam.de\/wp-content\/uploads\/2017\/04\/up_logo_university_2.png","contentUrl":"https:\/\/shop.verlag.uni-potsdam.de\/wp-content\/uploads\/2017\/04\/up_logo_university_2.png","width":160,"height":172,"caption":"Universit\u00e4tsverlag Potsdam"},"image":{"@id":"https:\/\/shop.verlag.uni-potsdam.de\/en\/#\/schema\/logo\/image\/"}}]}},"_links":{"self":[{"href":"https:\/\/shop.verlag.uni-potsdam.de\/en\/wp-json\/wp\/v2\/product\/52574","targetHints":{"allow":["GET"]}}],"collection":[{"href":"https:\/\/shop.verlag.uni-potsdam.de\/en\/wp-json\/wp\/v2\/product"}],"about":[{"href":"https:\/\/shop.verlag.uni-potsdam.de\/en\/wp-json\/wp\/v2\/types\/product"}],"wp:featuredmedia":[{"embeddable":true,"href":"https:\/\/shop.verlag.uni-potsdam.de\/en\/wp-json\/wp\/v2\/media\/54497"}],"wp:attachment":[{"href":"https:\/\/shop.verlag.uni-potsdam.de\/en\/wp-json\/wp\/v2\/media?parent=52574"}],"wp:term":[{"taxonomy":"product_brand","embeddable":true,"href":"https:\/\/shop.verlag.uni-potsdam.de\/en\/wp-json\/wp\/v2\/product_brand?post=52574"},{"taxonomy":"product_cat","embeddable":true,"href":"https:\/\/shop.verlag.uni-potsdam.de\/en\/wp-json\/wp\/v2\/product_cat?post=52574"},{"taxonomy":"product_tag","embeddable":true,"href":"https:\/\/shop.verlag.uni-potsdam.de\/en\/wp-json\/wp\/v2\/product_tag?post=52574"}],"curies":[{"name":"wp","href":"https:\/\/api.w.org\/{rel}","templated":true}]}}