{"id":52575,"date":"2026-03-23T08:53:07","date_gmt":"2026-03-23T08:53:07","guid":{"rendered":"http:\/\/shop.verlag.uni-potsdam.de\/produkt\/mgfn-1220081\/"},"modified":"2026-03-23T11:54:07","modified_gmt":"2026-03-23T10:54:07","slug":"militaer-und-gesellschaft-in-der-fruehen-neuzeit-12-2008-1","status":"publish","type":"product","link":"https:\/\/shop.verlag.uni-potsdam.de\/en\/shop\/militaer-und-gesellschaft-in-der-fruehen-neuzeit-12-2008-1\/","title":{"rendered":"Milit\u00e4r und Gesellschaft in der Fr\u00fchen Neuzeit ; 12 (2008) 1"},"content":{"rendered":"<p class=\"qtranxs-available-languages-message qtranxs-available-languages-message-en\">Sorry, this entry is only available in <a href=\"https:\/\/shop.verlag.uni-potsdam.de\/de\/wp-json\/wp\/v2\/product\/52575\" class=\"qtranxs-available-language-link qtranxs-available-language-link-de\" title=\"Deutsch\">Deutsch<\/a>.<\/p><p>Aus dem Inhalt: <br \/><i>Aufs\u00e4tze<\/i><\/p>\n<ul>\n<li>Mathis Mager: Die Belagerung und Eroberung des Johanniterordensstaates Rhodos 1522 \u2013 Feindbeschreibung, T\u00fcrkenbild und Kriegsdeutung <\/li>\n<li>Vladimir von Schnurbein: Die Bem\u00fchungen des Hauses Habsburg zur Ansiedlung von Ritterorden beim Aufbau der Milit\u00e4rgrenze <\/li>\n<\/ul>\n<ul>\n<li><i>Projekte<\/i><\/li>\n<li>Holger Berg: Military Occupation under the Eyes of the Lord. Studies in Erfurt during the Thirty Years War <\/li>\n<li>Holger Th. Gr\u00e4f, Lena Haunert: \u201eBriefe von meinen Freunden, besonders aus America.\u201c Die Korrespondenz des hessischen Kriegsrates Georg Ernst von Gilsa (1772-1784) \u2013 Editionsprojekt<\/li>\n<li>Dierk Walter: Imperialkrieg: Asymmetrische, transkulturelle kleine Kriege im Dienste der Expansion und Konsolidierung der Weltherrschaft des Westens (1500-2000) <\/li>\n<li>Ralf Pr\u00f6ve: Milit\u00e4r und Gesellschaft im Preu\u00dfen des 18. Jahrhunderts. Vorstellung eines Forschungskonzepts <\/li>\n<li>Carmen Winkel: Offiziere des K\u00f6nigs? Adlige Netzwerke und Patronage im preu\u00dfischen Offizierkorps 1713-1806 <\/li>\n<li>Markus Hien: Zwischen Aktion und Reaktion. Grenzen und M\u00f6glichkeiten der Bev\u00f6lkerungspolitik im 18. Jahrhundert am Beispiel der Ansiedlung und Niederlassung aktiver und ehemaliger Soldaten<\/li>\n<li>Ralf Pr\u00f6ve: Cives ac Milites. Konzeption und Design des Milit\u00e4rinventars Brandenburg-Preu\u00dfen im 18. Jahrhundert <\/li>\n<\/ul>\n<p><i>Tagungsberichte<\/i><\/p>\n<ul>\n<li>Angela Strau\u00df: \u201eGeistliche im Krieg\u201c Tagung des SFB 437 \u201eKriegserfahrungen \u2013 Krieg und Gesellschaft in der Neuzeit\u201c <\/li>\n<li>Carmen Winkel: H\u00f6chste Gerichtsbarkeit in Kriegszeiten. Eine Tagung des Netzwerkes f\u00fcr Reichsgerichtsbarkeit, der Gesellschaft f\u00fcr Reichskammergerichtsforschung und des Haus-, Hof- und Staatsarchivs Wien <\/li>\n<\/ul>\n<p><i>Rezensionen<\/i><\/p>\n<ul>\n<li>Jan Willem Huntebrinker: Maren Lorenz, Das Rad der Gewalt. Milit\u00e4r und Zivilbev\u00f6lkerung in Norddeutschland nach dem Drei\u00dfigj\u00e4hrigen Krieg (1650-1700), K\u00f6ln u. a. 2007 <\/li>\n<li>Carmen Winkel: Volker Schobe\u00df, Die Leibgarde Friedrichs des Gro\u00dfen. Statusdenken und Sozialprestige \u2013 Geschichte einer preu\u00dfischen Elite, Berlin 2006 <\/li>\n<li>Dorit Schneider: Beate Engelen, Soldatenfrauen in Preu\u00dfen. Eine Strukturanalyse der Garnisonsgesellschaft im sp\u00e4ten 17. und 18. Jahrhundert, M\u00fcnster u. a. 2005 <\/li>\n<li>Ralf Pr\u00f6ve: Thomas Fuchs, Bibliothek und Milit\u00e4r. Milit\u00e4rische B\u00fcchersammlungen in Hannover vom 18. bis zum 20. Jahrhundert., Frankfurt am Main 2008 <\/li>\n<\/ul>\n<p><i>Ank\u00fcndigung<\/i><\/p>\n<ul>\n<li>Horst Carl (Gie\u00dfen), Ute Planert (Wuppertal): CfP: \u201aMilit\u00e4rische Erinnerungskulturen\u2019<\/li>\n<\/ul>\n<p><\/p>","protected":false},"excerpt":{"rendered":"<p class=\"qtranxs-available-languages-message qtranxs-available-languages-message-en\">Sorry, this entry is only available in <a href=\"https:\/\/shop.verlag.uni-potsdam.de\/de\/wp-json\/wp\/v2\/product\/52575\" class=\"qtranxs-available-language-link qtranxs-available-language-link-de\" title=\"Deutsch\">Deutsch<\/a>.<\/p>\n<p>Aus dem Inhalt: <br \/><i>Aufs\u00e4tze<\/i><\/p>\n<ul>\n<li>Mathis Mager: Die Belagerung und Eroberung des Johanniterordensstaates Rhodos 1522 \u2013 Feindbeschreibung, T\u00fcrkenbild und Kriegsdeutung <\/li>\n<li>Vladimir von Schnurbein: Die Bem\u00fchungen des Hauses Habsburg zur Ansiedlung von Ritterorden beim Aufbau der Milit\u00e4rgrenze <\/li>\n<\/ul>\n<ul>\n<li><i>Projekte<\/i><\/li>\n<li>Holger Berg: Military Occupation under the Eyes of the Lord. Studies in Erfurt during the Thirty Years War <\/li>\n<li>Holger Th. Gr\u00e4f, Lena Haunert: \u201eBriefe von meinen Freunden, besonders aus America.\u201c Die Korrespondenz des hessischen Kriegsrates Georg Ernst von Gilsa (1772-1784) \u2013 Editionsprojekt<\/li>\n<li>Dierk Walter: Imperialkrieg: Asymmetrische, transkulturelle kleine Kriege im Dienste der Expansion und Konsolidierung der Weltherrschaft des Westens (1500-2000) <\/li>\n<li>Ralf Pr\u00f6ve: Milit\u00e4r und Gesellschaft im Preu\u00dfen des 18. Jahrhunderts. Vorstellung eines Forschungskonzepts <\/li>\n<li>Carmen Winkel: Offiziere des K\u00f6nigs? Adlige Netzwerke und Patronage im preu\u00dfischen Offizierkorps 1713-1806 <\/li>\n<li>Markus Hien: Zwischen Aktion und Reaktion. Grenzen und M\u00f6glichkeiten der Bev\u00f6lkerungspolitik im 18. Jahrhundert am Beispiel der Ansiedlung und Niederlassung aktiver und ehemaliger Soldaten<\/li>\n<li>Ralf Pr\u00f6ve: Cives ac Milites. Konzeption und Design des Milit\u00e4rinventars Brandenburg-Preu\u00dfen im 18. Jahrhundert <\/li>\n<\/ul>\n<p><i>Tagungsberichte<\/i><\/p>\n<ul>\n<li>Angela Strau\u00df: \u201eGeistliche im Krieg\u201c Tagung des SFB 437 \u201eKriegserfahrungen \u2013 Krieg und Gesellschaft in der Neuzeit\u201c <\/li>\n<li>Carmen Winkel: H\u00f6chste Gerichtsbarkeit in Kriegszeiten. Eine Tagung des Netzwerkes f\u00fcr Reichsgerichtsbarkeit, der Gesellschaft f\u00fcr Reichskammergerichtsforschung und des Haus-, Hof- und Staatsarchivs Wien <\/li>\n<\/ul>\n<p><i>Rezensionen<\/i><\/p>\n<ul>\n<li>Jan Willem Huntebrinker: Maren Lorenz, Das Rad der Gewalt. Milit\u00e4r und Zivilbev\u00f6lkerung in Norddeutschland nach dem Drei\u00dfigj\u00e4hrigen Krieg (1650-1700), K\u00f6ln u. a. 2007 <\/li>\n<li>Carmen Winkel: Volker Schobe\u00df, Die Leibgarde Friedrichs des Gro\u00dfen. Statusdenken und Sozialprestige \u2013 Geschichte einer preu\u00dfischen Elite, Berlin 2006 <\/li>\n<li>Dorit Schneider: Beate Engelen, Soldatenfrauen in Preu\u00dfen. Eine Strukturanalyse der Garnisonsgesellschaft im sp\u00e4ten 17. und 18. Jahrhundert, M\u00fcnster u. a. 2005 <\/li>\n<li>Ralf Pr\u00f6ve: Thomas Fuchs, Bibliothek und Milit\u00e4r. Milit\u00e4rische B\u00fcchersammlungen in Hannover vom 18. bis zum 20. Jahrhundert., Frankfurt am Main 2008 <\/li>\n<\/ul>\n<p><i>Ank\u00fcndigung<\/i><\/p>\n<ul>\n<li>Horst Carl (Gie\u00dfen), Ute Planert (Wuppertal): CfP: \u201aMilit\u00e4rische Erinnerungskulturen\u2019<\/li>\n<\/ul>\n","protected":false},"featured_media":54498,"template":"","meta":{"_acf_changed":false},"product_brand":[],"product_cat":[6207],"product_tag":[6332],"class_list":{"0":"post-52575","1":"product","2":"type-product","3":"status-publish","4":"has-post-thumbnail","6":"product_cat-geschichte-web-kategorie","7":"product_tag-kriegsberichtserstattung-siebenjaehriger-krieg-friedrich-der-grosse-mobilmachung-tuerkenkrieg","8":"zeitschriften-militaer-und-gesellschaft-in-der-fruehen-neuzeit","10":"first","11":"instock","12":"shipping-taxable","13":"purchasable","14":"product-type-simple"},"acf":[],"yoast_head":"<!-- This site is optimized with the Yoast SEO plugin v27.1.1 - https:\/\/yoast.com\/product\/yoast-seo-wordpress\/ -->\n<title>Milit\u00e4r und Gesellschaft in der Fr\u00fchen Neuzeit ; 12 (2008) 1 - Universit\u00e4tsverlag Potsdam<\/title>\n<meta name=\"robots\" content=\"index, follow, max-snippet:-1, max-image-preview:large, max-video-preview:-1\" \/>\n<link rel=\"canonical\" href=\"https:\/\/shop.verlag.uni-potsdam.de\/en\/shop\/militaer-und-gesellschaft-in-der-fruehen-neuzeit-12-2008-1\/\" \/>\n<meta property=\"og:locale\" content=\"en_US\" \/>\n<meta property=\"og:type\" content=\"article\" \/>\n<meta property=\"og:title\" content=\"Milit\u00e4r und Gesellschaft in der Fr\u00fchen Neuzeit ; 12 (2008) 1 - Universit\u00e4tsverlag Potsdam\" \/>\n<meta property=\"og:description\" content=\"Aus dem Inhalt: Aufs\u00e4tzeMathis Mager: Die Belagerung und Eroberung des Johanniterordensstaates Rhodos 1522 \u2013 Feindbeschreibung, T\u00fcrkenbild und Kriegsdeutung Vladimir von Schnurbein: Die Bem\u00fchungen des Hauses Habsburg zur Ansiedlung von Ritterorden beim Aufbau der Milit\u00e4rgrenze ProjekteHolger Berg: Military Occupation under the Eyes of the Lord. Studies in Erfurt during the Thirty Years War Holger Th. Gr\u00e4f, Lena Haunert: \u201eBriefe von meinen Freunden, besonders aus America.\u201c Die Korrespondenz des hessischen Kriegsrates Georg Ernst von Gilsa (1772-1784) \u2013 EditionsprojektDierk Walter: Imperialkrieg: Asymmetrische, transkulturelle kleine Kriege im Dienste der Expansion und Konsolidierung der Weltherrschaft des Westens (1500-2000) Ralf Pr\u00f6ve: Milit\u00e4r und Gesellschaft im Preu\u00dfen des 18. Jahrhunderts. Vorstellung eines Forschungskonzepts Carmen Winkel: Offiziere des K\u00f6nigs? Adlige Netzwerke und Patronage im preu\u00dfischen Offizierkorps 1713-1806 Markus Hien: Zwischen Aktion und Reaktion. Grenzen und M\u00f6glichkeiten der Bev\u00f6lkerungspolitik im 18. Jahrhundert am Beispiel der Ansiedlung und Niederlassung aktiver und ehemaliger SoldatenRalf Pr\u00f6ve: Cives ac Milites. Konzeption und Design des Milit\u00e4rinventars Brandenburg-Preu\u00dfen im 18. Jahrhundert TagungsberichteAngela Strau\u00df: \u201eGeistliche im Krieg\u201c Tagung des SFB 437 \u201eKriegserfahrungen \u2013 Krieg und Gesellschaft in der Neuzeit\u201c Carmen Winkel: H\u00f6chste Gerichtsbarkeit in Kriegszeiten. Eine Tagung des Netzwerkes f\u00fcr Reichsgerichtsbarkeit, der Gesellschaft f\u00fcr Reichskammergerichtsforschung und des Haus-, Hof- und Staatsarchivs Wien RezensionenJan Willem Huntebrinker: Maren Lorenz, Das Rad der Gewalt. Milit\u00e4r und Zivilbev\u00f6lkerung in Norddeutschland nach dem Drei\u00dfigj\u00e4hrigen Krieg (1650-1700), K\u00f6ln u. a. 2007 Carmen Winkel: Volker Schobe\u00df, Die Leibgarde Friedrichs des Gro\u00dfen. Statusdenken und Sozialprestige \u2013 Geschichte einer preu\u00dfischen Elite, Berlin 2006 Dorit Schneider: Beate Engelen, Soldatenfrauen in Preu\u00dfen. Eine Strukturanalyse der Garnisonsgesellschaft im sp\u00e4ten 17. und 18. Jahrhundert, M\u00fcnster u. a. 2005 Ralf Pr\u00f6ve: Thomas Fuchs, Bibliothek und Milit\u00e4r. Milit\u00e4rische B\u00fcchersammlungen in Hannover vom 18. bis zum 20. Jahrhundert., Frankfurt am Main 2008 Ank\u00fcndigungHorst Carl (Gie\u00dfen), Ute Planert (Wuppertal): CfP: \u201aMilit\u00e4rische Erinnerungskulturen\u2019\" \/>\n<meta property=\"og:url\" content=\"https:\/\/shop.verlag.uni-potsdam.de\/en\/shop\/militaer-und-gesellschaft-in-der-fruehen-neuzeit-12-2008-1\/\" \/>\n<meta property=\"og:site_name\" content=\"Universit\u00e4tsverlag Potsdam\" \/>\n<meta property=\"article:modified_time\" content=\"2026-03-23T10:54:07+00:00\" \/>\n<meta property=\"og:image\" content=\"https:\/\/shop.verlag.uni-potsdam.de\/wp-content\/uploads\/asolmerce\/image-21186.jpg\" \/>\n\t<meta property=\"og:image:width\" content=\"452\" \/>\n\t<meta property=\"og:image:height\" content=\"640\" \/>\n\t<meta property=\"og:image:type\" content=\"image\/jpeg\" \/>\n<meta name=\"twitter:card\" content=\"summary_large_image\" \/>\n<meta name=\"twitter:label1\" content=\"Est. reading time\" \/>\n\t<meta name=\"twitter:data1\" content=\"2 minutes\" \/>\n<script type=\"application\/ld+json\" class=\"yoast-schema-graph\">{\"@context\":\"https:\/\/schema.org\",\"@graph\":[{\"@type\":\"WebPage\",\"@id\":\"https:\/\/shop.verlag.uni-potsdam.de\/en\/shop\/militaer-und-gesellschaft-in-der-fruehen-neuzeit-12-2008-1\/\",\"url\":\"https:\/\/shop.verlag.uni-potsdam.de\/en\/shop\/militaer-und-gesellschaft-in-der-fruehen-neuzeit-12-2008-1\/\",\"name\":\"Milit\u00e4r und Gesellschaft in der Fr\u00fchen Neuzeit ; 12 (2008) 1 - Universit\u00e4tsverlag Potsdam\",\"isPartOf\":{\"@id\":\"https:\/\/shop.verlag.uni-potsdam.de\/en\/#website\"},\"primaryImageOfPage\":{\"@id\":\"https:\/\/shop.verlag.uni-potsdam.de\/en\/shop\/militaer-und-gesellschaft-in-der-fruehen-neuzeit-12-2008-1\/#primaryimage\"},\"image\":{\"@id\":\"https:\/\/shop.verlag.uni-potsdam.de\/shop\/militaer-und-gesellschaft-in-der-fruehen-neuzeit-12-2008-1\/#primaryimage\"},\"thumbnailUrl\":\"https:\/\/shop.verlag.uni-potsdam.de\/wp-content\/uploads\/asolmerce\/image-21186.jpg\",\"datePublished\":\"2026-03-23T08:53:07+00:00\",\"dateModified\":\"2026-03-23T10:54:07+00:00\",\"breadcrumb\":{\"@id\":\"https:\/\/shop.verlag.uni-potsdam.de\/en\/shop\/militaer-und-gesellschaft-in-der-fruehen-neuzeit-12-2008-1\/#breadcrumb\"},\"inLanguage\":\"en-US\",\"potentialAction\":[{\"@type\":\"ReadAction\",\"target\":[[\"https:\/\/shop.verlag.uni-potsdam.de\/en\/shop\/militaer-und-gesellschaft-in-der-fruehen-neuzeit-12-2008-1\/\"]]}]},{\"@type\":\"ImageObject\",\"inLanguage\":\"en-US\",\"@id\":\"https:\/\/shop.verlag.uni-potsdam.de\/en\/shop\/militaer-und-gesellschaft-in-der-fruehen-neuzeit-12-2008-1\/#primaryimage\",\"url\":\"https:\/\/shop.verlag.uni-potsdam.de\/wp-content\/uploads\/asolmerce\/image-21186.jpg\",\"contentUrl\":\"https:\/\/shop.verlag.uni-potsdam.de\/wp-content\/uploads\/asolmerce\/image-21186.jpg\",\"width\":452,\"height\":640},{\"@type\":\"BreadcrumbList\",\"@id\":\"https:\/\/shop.verlag.uni-potsdam.de\/en\/shop\/militaer-und-gesellschaft-in-der-fruehen-neuzeit-12-2008-1\/#breadcrumb\",\"itemListElement\":[{\"@type\":\"ListItem\",\"position\":1,\"name\":\"Startseite\",\"item\":\"https:\/\/shop.verlag.uni-potsdam.de\/en\/\"},{\"@type\":\"ListItem\",\"position\":2,\"name\":\"Shop\",\"item\":\"https:\/\/shop.verlag.uni-potsdam.de\/en\/shop\/\"},{\"@type\":\"ListItem\",\"position\":3,\"name\":\"Milit\u00e4r und Gesellschaft in der Fr\u00fchen Neuzeit ; 12 (2008) 1\"}]},{\"@type\":\"WebSite\",\"@id\":\"https:\/\/shop.verlag.uni-potsdam.de\/en\/#website\",\"url\":\"https:\/\/shop.verlag.uni-potsdam.de\/en\/\",\"name\":\"Universit\u00e4tsverlag Potsdam\",\"description\":\"\",\"publisher\":{\"@id\":\"https:\/\/shop.verlag.uni-potsdam.de\/en\/#organization\"},\"potentialAction\":[{\"@type\":\"SearchAction\",\"target\":{\"@type\":\"EntryPoint\",\"urlTemplate\":\"https:\/\/shop.verlag.uni-potsdam.de\/en\/?s={search_term_string}\"},\"query-input\":{\"@type\":\"PropertyValueSpecification\",\"valueRequired\":true,\"valueName\":\"search_term_string\"}}],\"inLanguage\":\"en-US\"},{\"@type\":\"Organization\",\"@id\":\"https:\/\/shop.verlag.uni-potsdam.de\/en\/#organization\",\"name\":\"Universit\u00e4tsverlag Potsdam\",\"url\":\"https:\/\/shop.verlag.uni-potsdam.de\/en\/\",\"logo\":{\"@type\":\"ImageObject\",\"inLanguage\":\"en-US\",\"@id\":\"https:\/\/shop.verlag.uni-potsdam.de\/en\/#\/schema\/logo\/image\/\",\"url\":\"https:\/\/shop.verlag.uni-potsdam.de\/wp-content\/uploads\/2017\/04\/up_logo_university_2.png\",\"contentUrl\":\"https:\/\/shop.verlag.uni-potsdam.de\/wp-content\/uploads\/2017\/04\/up_logo_university_2.png\",\"width\":160,\"height\":172,\"caption\":\"Universit\u00e4tsverlag Potsdam\"},\"image\":{\"@id\":\"https:\/\/shop.verlag.uni-potsdam.de\/en\/#\/schema\/logo\/image\/\"}}]}<\/script>\n<!-- \/ Yoast SEO plugin. -->","yoast_head_json":{"title":"Milit\u00e4r und Gesellschaft in der Fr\u00fchen Neuzeit ; 12 (2008) 1 - Universit\u00e4tsverlag Potsdam","robots":{"index":"index","follow":"follow","max-snippet":"max-snippet:-1","max-image-preview":"max-image-preview:large","max-video-preview":"max-video-preview:-1"},"canonical":"https:\/\/shop.verlag.uni-potsdam.de\/en\/shop\/militaer-und-gesellschaft-in-der-fruehen-neuzeit-12-2008-1\/","og_locale":"en_US","og_type":"article","og_title":"Milit\u00e4r und Gesellschaft in der Fr\u00fchen Neuzeit ; 12 (2008) 1 - Universit\u00e4tsverlag Potsdam","og_description":"Aus dem Inhalt: Aufs\u00e4tzeMathis Mager: Die Belagerung und Eroberung des Johanniterordensstaates Rhodos 1522 \u2013 Feindbeschreibung, T\u00fcrkenbild und Kriegsdeutung Vladimir von Schnurbein: Die Bem\u00fchungen des Hauses Habsburg zur Ansiedlung von Ritterorden beim Aufbau der Milit\u00e4rgrenze ProjekteHolger Berg: Military Occupation under the Eyes of the Lord. Studies in Erfurt during the Thirty Years War Holger Th. Gr\u00e4f, Lena Haunert: \u201eBriefe von meinen Freunden, besonders aus America.\u201c Die Korrespondenz des hessischen Kriegsrates Georg Ernst von Gilsa (1772-1784) \u2013 EditionsprojektDierk Walter: Imperialkrieg: Asymmetrische, transkulturelle kleine Kriege im Dienste der Expansion und Konsolidierung der Weltherrschaft des Westens (1500-2000) Ralf Pr\u00f6ve: Milit\u00e4r und Gesellschaft im Preu\u00dfen des 18. Jahrhunderts. Vorstellung eines Forschungskonzepts Carmen Winkel: Offiziere des K\u00f6nigs? Adlige Netzwerke und Patronage im preu\u00dfischen Offizierkorps 1713-1806 Markus Hien: Zwischen Aktion und Reaktion. Grenzen und M\u00f6glichkeiten der Bev\u00f6lkerungspolitik im 18. Jahrhundert am Beispiel der Ansiedlung und Niederlassung aktiver und ehemaliger SoldatenRalf Pr\u00f6ve: Cives ac Milites. Konzeption und Design des Milit\u00e4rinventars Brandenburg-Preu\u00dfen im 18. Jahrhundert TagungsberichteAngela Strau\u00df: \u201eGeistliche im Krieg\u201c Tagung des SFB 437 \u201eKriegserfahrungen \u2013 Krieg und Gesellschaft in der Neuzeit\u201c Carmen Winkel: H\u00f6chste Gerichtsbarkeit in Kriegszeiten. Eine Tagung des Netzwerkes f\u00fcr Reichsgerichtsbarkeit, der Gesellschaft f\u00fcr Reichskammergerichtsforschung und des Haus-, Hof- und Staatsarchivs Wien RezensionenJan Willem Huntebrinker: Maren Lorenz, Das Rad der Gewalt. Milit\u00e4r und Zivilbev\u00f6lkerung in Norddeutschland nach dem Drei\u00dfigj\u00e4hrigen Krieg (1650-1700), K\u00f6ln u. a. 2007 Carmen Winkel: Volker Schobe\u00df, Die Leibgarde Friedrichs des Gro\u00dfen. Statusdenken und Sozialprestige \u2013 Geschichte einer preu\u00dfischen Elite, Berlin 2006 Dorit Schneider: Beate Engelen, Soldatenfrauen in Preu\u00dfen. Eine Strukturanalyse der Garnisonsgesellschaft im sp\u00e4ten 17. und 18. Jahrhundert, M\u00fcnster u. a. 2005 Ralf Pr\u00f6ve: Thomas Fuchs, Bibliothek und Milit\u00e4r. Milit\u00e4rische B\u00fcchersammlungen in Hannover vom 18. bis zum 20. Jahrhundert., Frankfurt am Main 2008 Ank\u00fcndigungHorst Carl (Gie\u00dfen), Ute Planert (Wuppertal): CfP: \u201aMilit\u00e4rische Erinnerungskulturen\u2019","og_url":"https:\/\/shop.verlag.uni-potsdam.de\/en\/shop\/militaer-und-gesellschaft-in-der-fruehen-neuzeit-12-2008-1\/","og_site_name":"Universit\u00e4tsverlag Potsdam","article_modified_time":"2026-03-23T10:54:07+00:00","og_image":[{"width":452,"height":640,"url":"https:\/\/shop.verlag.uni-potsdam.de\/wp-content\/uploads\/asolmerce\/image-21186.jpg","type":"image\/jpeg"}],"twitter_card":"summary_large_image","twitter_misc":{"Est. reading time":"2 minutes"},"schema":{"@context":"https:\/\/schema.org","@graph":[{"@type":"WebPage","@id":"https:\/\/shop.verlag.uni-potsdam.de\/en\/shop\/militaer-und-gesellschaft-in-der-fruehen-neuzeit-12-2008-1\/","url":"https:\/\/shop.verlag.uni-potsdam.de\/en\/shop\/militaer-und-gesellschaft-in-der-fruehen-neuzeit-12-2008-1\/","name":"Milit\u00e4r und Gesellschaft in der Fr\u00fchen Neuzeit ; 12 (2008) 1 - Universit\u00e4tsverlag Potsdam","isPartOf":{"@id":"https:\/\/shop.verlag.uni-potsdam.de\/en\/#website"},"primaryImageOfPage":{"@id":"https:\/\/shop.verlag.uni-potsdam.de\/en\/shop\/militaer-und-gesellschaft-in-der-fruehen-neuzeit-12-2008-1\/#primaryimage"},"image":{"@id":"https:\/\/shop.verlag.uni-potsdam.de\/shop\/militaer-und-gesellschaft-in-der-fruehen-neuzeit-12-2008-1\/#primaryimage"},"thumbnailUrl":"https:\/\/shop.verlag.uni-potsdam.de\/wp-content\/uploads\/asolmerce\/image-21186.jpg","datePublished":"2026-03-23T08:53:07+00:00","dateModified":"2026-03-23T10:54:07+00:00","breadcrumb":{"@id":"https:\/\/shop.verlag.uni-potsdam.de\/en\/shop\/militaer-und-gesellschaft-in-der-fruehen-neuzeit-12-2008-1\/#breadcrumb"},"inLanguage":"en-US","potentialAction":[{"@type":"ReadAction","target":[["https:\/\/shop.verlag.uni-potsdam.de\/en\/shop\/militaer-und-gesellschaft-in-der-fruehen-neuzeit-12-2008-1\/"]]}]},{"@type":"ImageObject","inLanguage":"en-US","@id":"https:\/\/shop.verlag.uni-potsdam.de\/en\/shop\/militaer-und-gesellschaft-in-der-fruehen-neuzeit-12-2008-1\/#primaryimage","url":"https:\/\/shop.verlag.uni-potsdam.de\/wp-content\/uploads\/asolmerce\/image-21186.jpg","contentUrl":"https:\/\/shop.verlag.uni-potsdam.de\/wp-content\/uploads\/asolmerce\/image-21186.jpg","width":452,"height":640},{"@type":"BreadcrumbList","@id":"https:\/\/shop.verlag.uni-potsdam.de\/en\/shop\/militaer-und-gesellschaft-in-der-fruehen-neuzeit-12-2008-1\/#breadcrumb","itemListElement":[{"@type":"ListItem","position":1,"name":"Startseite","item":"https:\/\/shop.verlag.uni-potsdam.de\/en\/"},{"@type":"ListItem","position":2,"name":"Shop","item":"https:\/\/shop.verlag.uni-potsdam.de\/en\/shop\/"},{"@type":"ListItem","position":3,"name":"Milit\u00e4r und Gesellschaft in der Fr\u00fchen Neuzeit ; 12 (2008) 1"}]},{"@type":"WebSite","@id":"https:\/\/shop.verlag.uni-potsdam.de\/en\/#website","url":"https:\/\/shop.verlag.uni-potsdam.de\/en\/","name":"Universit\u00e4tsverlag Potsdam","description":"","publisher":{"@id":"https:\/\/shop.verlag.uni-potsdam.de\/en\/#organization"},"potentialAction":[{"@type":"SearchAction","target":{"@type":"EntryPoint","urlTemplate":"https:\/\/shop.verlag.uni-potsdam.de\/en\/?s={search_term_string}"},"query-input":{"@type":"PropertyValueSpecification","valueRequired":true,"valueName":"search_term_string"}}],"inLanguage":"en-US"},{"@type":"Organization","@id":"https:\/\/shop.verlag.uni-potsdam.de\/en\/#organization","name":"Universit\u00e4tsverlag Potsdam","url":"https:\/\/shop.verlag.uni-potsdam.de\/en\/","logo":{"@type":"ImageObject","inLanguage":"en-US","@id":"https:\/\/shop.verlag.uni-potsdam.de\/en\/#\/schema\/logo\/image\/","url":"https:\/\/shop.verlag.uni-potsdam.de\/wp-content\/uploads\/2017\/04\/up_logo_university_2.png","contentUrl":"https:\/\/shop.verlag.uni-potsdam.de\/wp-content\/uploads\/2017\/04\/up_logo_university_2.png","width":160,"height":172,"caption":"Universit\u00e4tsverlag Potsdam"},"image":{"@id":"https:\/\/shop.verlag.uni-potsdam.de\/en\/#\/schema\/logo\/image\/"}}]}},"_links":{"self":[{"href":"https:\/\/shop.verlag.uni-potsdam.de\/en\/wp-json\/wp\/v2\/product\/52575","targetHints":{"allow":["GET"]}}],"collection":[{"href":"https:\/\/shop.verlag.uni-potsdam.de\/en\/wp-json\/wp\/v2\/product"}],"about":[{"href":"https:\/\/shop.verlag.uni-potsdam.de\/en\/wp-json\/wp\/v2\/types\/product"}],"wp:featuredmedia":[{"embeddable":true,"href":"https:\/\/shop.verlag.uni-potsdam.de\/en\/wp-json\/wp\/v2\/media\/54498"}],"wp:attachment":[{"href":"https:\/\/shop.verlag.uni-potsdam.de\/en\/wp-json\/wp\/v2\/media?parent=52575"}],"wp:term":[{"taxonomy":"product_brand","embeddable":true,"href":"https:\/\/shop.verlag.uni-potsdam.de\/en\/wp-json\/wp\/v2\/product_brand?post=52575"},{"taxonomy":"product_cat","embeddable":true,"href":"https:\/\/shop.verlag.uni-potsdam.de\/en\/wp-json\/wp\/v2\/product_cat?post=52575"},{"taxonomy":"product_tag","embeddable":true,"href":"https:\/\/shop.verlag.uni-potsdam.de\/en\/wp-json\/wp\/v2\/product_tag?post=52575"}],"curies":[{"name":"wp","href":"https:\/\/api.w.org\/{rel}","templated":true}]}}