{"id":52576,"date":"2026-03-23T08:53:11","date_gmt":"2026-03-23T08:53:11","guid":{"rendered":"http:\/\/shop.verlag.uni-potsdam.de\/produkt\/mgfn-1220082\/"},"modified":"2026-03-23T11:54:11","modified_gmt":"2026-03-23T10:54:11","slug":"militaer-und-gesellschaft-in-der-fruehen-neuzeit-12-2008-2","status":"publish","type":"product","link":"https:\/\/shop.verlag.uni-potsdam.de\/en\/shop\/militaer-und-gesellschaft-in-der-fruehen-neuzeit-12-2008-2\/","title":{"rendered":"Milit\u00e4r und Gesellschaft in der Fr\u00fchen Neuzeit ; 12 (2008) 2"},"content":{"rendered":"<p class=\"qtranxs-available-languages-message qtranxs-available-languages-message-en\">Sorry, this entry is only available in <a href=\"https:\/\/shop.verlag.uni-potsdam.de\/de\/wp-json\/wp\/v2\/product\/52576\" class=\"qtranxs-available-language-link qtranxs-available-language-link-de\" title=\"Deutsch\">Deutsch<\/a>.<\/p><p>Aus dem Inhalt:<br \/><i>Aufs\u00e4tze<\/i><\/p>\n<ul>\n<li>Christopher Collstedt The Morality Tale of a Duellist: Narratives of Duelling in Early Modern Swedish Courts. The Duel in Stralsund 1712 <\/li>\n<li>Martin Meier Brandenburg und D\u00e4nemark im Kampf um R\u00fcgen und Vorpommern w\u00e4hrend des 17. Jahrhundert Claus Bernet Kriegsdienstverweigerung im 19. Jahrhundert. Ein Beitrag zum Klischee des Milit\u00e4rstaats Preu\u00dfen<\/li>\n<\/ul>\n<p><i>Projekte<\/i><\/p>\n<ul>\n<li>Anton Schindling SFB 437 \u201eKriegserfahrungen \u2013 Krieg und Gesellschaft in der Neuzeit\u201c <\/li>\n<li>Andreas B\u00e4hr Furcht und Furchtlosigkeit. Gewalt, Imagination und g\u00f6ttliche Macht im 17. Jahrhundert<\/li>\n<li>Yigit Topkaya \u201aT\u00fcrkengewalt\u2019 und \u201aT\u00fcrkenmoral\u2019 in S\u00fcddeutschland. Von der Eroberung Konstantinopels bis zur ersten Belagerung Wiens <\/li>\n<\/ul>\n<p><i>Berichte<\/i><\/p>\n<ul>\n<li>Carmen Winkel Friedrich der Gro\u00dfe: Hof und Familie. Die friderizianische Monarchie im Zeichensystem der europ\u00e4ischen H\u00f6fe (Potsdam 9.-11. Oktober 2008) <\/li>\n<li>Janine Rischke Umstrittene Sicherheit: Milit\u00e4rische Mobilisierung, gesellschaftliche Ordnung und politische Partizipation in der Neuzeit (1500-2000) (Potsdam 11.-13. September 2008) <\/li>\n<\/ul>\n<p><i>Rezensionen<\/i><\/p>\n<ul>\n<li>J\u00f6rg Rogge Gro\u00dfe Gabriel Zeilinger, Lebensformen im Krieg. Eine Alltags- und Erfahrungsgeschichte des s\u00fcddeutschen St\u00e4dtekriegs 1449\/50, Stuttgart 2007 <\/li>\n<li>Conrad Ehrlich Ewa Anklam, Wissen nach Augenma\u00df. Milit\u00e4rische Beobachtung und Berichterstattung im Siebenj\u00e4hrigen Krieg, Berlin 2007<\/li>\n<\/ul>\n<p><\/p>","protected":false},"excerpt":{"rendered":"<p class=\"qtranxs-available-languages-message qtranxs-available-languages-message-en\">Sorry, this entry is only available in <a href=\"https:\/\/shop.verlag.uni-potsdam.de\/de\/wp-json\/wp\/v2\/product\/52576\" class=\"qtranxs-available-language-link qtranxs-available-language-link-de\" title=\"Deutsch\">Deutsch<\/a>.<\/p>\n<p>Aus dem Inhalt:<br \/><i>Aufs\u00e4tze<\/i><\/p>\n<ul>\n<li>Christopher Collstedt The Morality Tale of a Duellist: Narratives of Duelling in Early Modern Swedish Courts. The Duel in Stralsund 1712 <\/li>\n<li>Martin Meier Brandenburg und D\u00e4nemark im Kampf um R\u00fcgen und Vorpommern w\u00e4hrend des 17. Jahrhundert Claus Bernet Kriegsdienstverweigerung im 19. Jahrhundert. Ein Beitrag zum Klischee des Milit\u00e4rstaats Preu\u00dfen<\/li>\n<\/ul>\n<p><i>Projekte<\/i><\/p>\n<ul>\n<li>Anton Schindling SFB 437 \u201eKriegserfahrungen \u2013 Krieg und Gesellschaft in der Neuzeit\u201c <\/li>\n<li>Andreas B\u00e4hr Furcht und Furchtlosigkeit. Gewalt, Imagination und g\u00f6ttliche Macht im 17. Jahrhundert<\/li>\n<li>Yigit Topkaya \u201aT\u00fcrkengewalt\u2019 und \u201aT\u00fcrkenmoral\u2019 in S\u00fcddeutschland. Von der Eroberung Konstantinopels bis zur ersten Belagerung Wiens <\/li>\n<\/ul>\n<p><i>Berichte<\/i><\/p>\n<ul>\n<li>Carmen Winkel Friedrich der Gro\u00dfe: Hof und Familie. Die friderizianische Monarchie im Zeichensystem der europ\u00e4ischen H\u00f6fe (Potsdam 9.-11. Oktober 2008) <\/li>\n<li>Janine Rischke Umstrittene Sicherheit: Milit\u00e4rische Mobilisierung, gesellschaftliche Ordnung und politische Partizipation in der Neuzeit (1500-2000) (Potsdam 11.-13. September 2008) <\/li>\n<\/ul>\n<p><i>Rezensionen<\/i><\/p>\n<ul>\n<li>J\u00f6rg Rogge Gro\u00dfe Gabriel Zeilinger, Lebensformen im Krieg. Eine Alltags- und Erfahrungsgeschichte des s\u00fcddeutschen St\u00e4dtekriegs 1449\/50, Stuttgart 2007 <\/li>\n<li>Conrad Ehrlich Ewa Anklam, Wissen nach Augenma\u00df. Milit\u00e4rische Beobachtung und Berichterstattung im Siebenj\u00e4hrigen Krieg, Berlin 2007<\/li>\n<\/ul>\n","protected":false},"featured_media":54499,"template":"","meta":{"_acf_changed":false},"product_brand":[],"product_cat":[6207],"product_tag":[],"class_list":{"0":"post-52576","1":"product","2":"type-product","3":"status-publish","4":"has-post-thumbnail","6":"product_cat-geschichte-web-kategorie","7":"zeitschriften-militaer-und-gesellschaft-in-der-fruehen-neuzeit","9":"first","10":"instock","11":"shipping-taxable","12":"purchasable","13":"product-type-simple"},"acf":[],"yoast_head":"<!-- This site is optimized with the Yoast SEO plugin v27.1.1 - https:\/\/yoast.com\/product\/yoast-seo-wordpress\/ -->\n<title>Milit\u00e4r und Gesellschaft in der Fr\u00fchen Neuzeit ; 12 (2008) 2 - Universit\u00e4tsverlag Potsdam<\/title>\n<meta name=\"robots\" content=\"index, follow, max-snippet:-1, max-image-preview:large, max-video-preview:-1\" \/>\n<link rel=\"canonical\" href=\"https:\/\/shop.verlag.uni-potsdam.de\/en\/shop\/militaer-und-gesellschaft-in-der-fruehen-neuzeit-12-2008-2\/\" \/>\n<meta property=\"og:locale\" content=\"en_US\" \/>\n<meta property=\"og:type\" content=\"article\" \/>\n<meta property=\"og:title\" content=\"Milit\u00e4r und Gesellschaft in der Fr\u00fchen Neuzeit ; 12 (2008) 2 - Universit\u00e4tsverlag Potsdam\" \/>\n<meta property=\"og:description\" content=\"Aus dem Inhalt:Aufs\u00e4tzeChristopher Collstedt The Morality Tale of a Duellist: Narratives of Duelling in Early Modern Swedish Courts. The Duel in Stralsund 1712 Martin Meier Brandenburg und D\u00e4nemark im Kampf um R\u00fcgen und Vorpommern w\u00e4hrend des 17. Jahrhundert Claus Bernet Kriegsdienstverweigerung im 19. Jahrhundert. Ein Beitrag zum Klischee des Milit\u00e4rstaats Preu\u00dfenProjekteAnton Schindling SFB 437 \u201eKriegserfahrungen \u2013 Krieg und Gesellschaft in der Neuzeit\u201c Andreas B\u00e4hr Furcht und Furchtlosigkeit. Gewalt, Imagination und g\u00f6ttliche Macht im 17. JahrhundertYigit Topkaya \u201aT\u00fcrkengewalt\u2019 und \u201aT\u00fcrkenmoral\u2019 in S\u00fcddeutschland. Von der Eroberung Konstantinopels bis zur ersten Belagerung Wiens BerichteCarmen Winkel Friedrich der Gro\u00dfe: Hof und Familie. Die friderizianische Monarchie im Zeichensystem der europ\u00e4ischen H\u00f6fe (Potsdam 9.-11. Oktober 2008) Janine Rischke Umstrittene Sicherheit: Milit\u00e4rische Mobilisierung, gesellschaftliche Ordnung und politische Partizipation in der Neuzeit (1500-2000) (Potsdam 11.-13. September 2008) RezensionenJ\u00f6rg Rogge Gro\u00dfe Gabriel Zeilinger, Lebensformen im Krieg. Eine Alltags- und Erfahrungsgeschichte des s\u00fcddeutschen St\u00e4dtekriegs 1449\/50, Stuttgart 2007 Conrad Ehrlich Ewa Anklam, Wissen nach Augenma\u00df. Milit\u00e4rische Beobachtung und Berichterstattung im Siebenj\u00e4hrigen Krieg, Berlin 2007\" \/>\n<meta property=\"og:url\" content=\"https:\/\/shop.verlag.uni-potsdam.de\/en\/shop\/militaer-und-gesellschaft-in-der-fruehen-neuzeit-12-2008-2\/\" \/>\n<meta property=\"og:site_name\" content=\"Universit\u00e4tsverlag Potsdam\" \/>\n<meta property=\"article:modified_time\" content=\"2026-03-23T10:54:11+00:00\" \/>\n<meta property=\"og:image\" content=\"https:\/\/shop.verlag.uni-potsdam.de\/wp-content\/uploads\/asolmerce\/image-21187.jpg\" \/>\n\t<meta property=\"og:image:width\" content=\"452\" \/>\n\t<meta property=\"og:image:height\" content=\"640\" \/>\n\t<meta property=\"og:image:type\" content=\"image\/jpeg\" \/>\n<meta name=\"twitter:card\" content=\"summary_large_image\" \/>\n<meta name=\"twitter:label1\" content=\"Est. reading time\" \/>\n\t<meta name=\"twitter:data1\" content=\"1 minute\" \/>\n<script type=\"application\/ld+json\" class=\"yoast-schema-graph\">{\"@context\":\"https:\/\/schema.org\",\"@graph\":[{\"@type\":\"WebPage\",\"@id\":\"https:\/\/shop.verlag.uni-potsdam.de\/en\/shop\/militaer-und-gesellschaft-in-der-fruehen-neuzeit-12-2008-2\/\",\"url\":\"https:\/\/shop.verlag.uni-potsdam.de\/en\/shop\/militaer-und-gesellschaft-in-der-fruehen-neuzeit-12-2008-2\/\",\"name\":\"Milit\u00e4r und Gesellschaft in der Fr\u00fchen Neuzeit ; 12 (2008) 2 - Universit\u00e4tsverlag Potsdam\",\"isPartOf\":{\"@id\":\"https:\/\/shop.verlag.uni-potsdam.de\/en\/#website\"},\"primaryImageOfPage\":{\"@id\":\"https:\/\/shop.verlag.uni-potsdam.de\/en\/shop\/militaer-und-gesellschaft-in-der-fruehen-neuzeit-12-2008-2\/#primaryimage\"},\"image\":{\"@id\":\"https:\/\/shop.verlag.uni-potsdam.de\/shop\/militaer-und-gesellschaft-in-der-fruehen-neuzeit-12-2008-2\/#primaryimage\"},\"thumbnailUrl\":\"https:\/\/shop.verlag.uni-potsdam.de\/wp-content\/uploads\/asolmerce\/image-21187.jpg\",\"datePublished\":\"2026-03-23T08:53:11+00:00\",\"dateModified\":\"2026-03-23T10:54:11+00:00\",\"breadcrumb\":{\"@id\":\"https:\/\/shop.verlag.uni-potsdam.de\/en\/shop\/militaer-und-gesellschaft-in-der-fruehen-neuzeit-12-2008-2\/#breadcrumb\"},\"inLanguage\":\"en-US\",\"potentialAction\":[{\"@type\":\"ReadAction\",\"target\":[[\"https:\/\/shop.verlag.uni-potsdam.de\/en\/shop\/militaer-und-gesellschaft-in-der-fruehen-neuzeit-12-2008-2\/\"]]}]},{\"@type\":\"ImageObject\",\"inLanguage\":\"en-US\",\"@id\":\"https:\/\/shop.verlag.uni-potsdam.de\/en\/shop\/militaer-und-gesellschaft-in-der-fruehen-neuzeit-12-2008-2\/#primaryimage\",\"url\":\"https:\/\/shop.verlag.uni-potsdam.de\/wp-content\/uploads\/asolmerce\/image-21187.jpg\",\"contentUrl\":\"https:\/\/shop.verlag.uni-potsdam.de\/wp-content\/uploads\/asolmerce\/image-21187.jpg\",\"width\":452,\"height\":640},{\"@type\":\"BreadcrumbList\",\"@id\":\"https:\/\/shop.verlag.uni-potsdam.de\/en\/shop\/militaer-und-gesellschaft-in-der-fruehen-neuzeit-12-2008-2\/#breadcrumb\",\"itemListElement\":[{\"@type\":\"ListItem\",\"position\":1,\"name\":\"Startseite\",\"item\":\"https:\/\/shop.verlag.uni-potsdam.de\/en\/\"},{\"@type\":\"ListItem\",\"position\":2,\"name\":\"Shop\",\"item\":\"https:\/\/shop.verlag.uni-potsdam.de\/en\/shop\/\"},{\"@type\":\"ListItem\",\"position\":3,\"name\":\"Milit\u00e4r und Gesellschaft in der Fr\u00fchen Neuzeit ; 12 (2008) 2\"}]},{\"@type\":\"WebSite\",\"@id\":\"https:\/\/shop.verlag.uni-potsdam.de\/en\/#website\",\"url\":\"https:\/\/shop.verlag.uni-potsdam.de\/en\/\",\"name\":\"Universit\u00e4tsverlag Potsdam\",\"description\":\"\",\"publisher\":{\"@id\":\"https:\/\/shop.verlag.uni-potsdam.de\/en\/#organization\"},\"potentialAction\":[{\"@type\":\"SearchAction\",\"target\":{\"@type\":\"EntryPoint\",\"urlTemplate\":\"https:\/\/shop.verlag.uni-potsdam.de\/en\/?s={search_term_string}\"},\"query-input\":{\"@type\":\"PropertyValueSpecification\",\"valueRequired\":true,\"valueName\":\"search_term_string\"}}],\"inLanguage\":\"en-US\"},{\"@type\":\"Organization\",\"@id\":\"https:\/\/shop.verlag.uni-potsdam.de\/en\/#organization\",\"name\":\"Universit\u00e4tsverlag Potsdam\",\"url\":\"https:\/\/shop.verlag.uni-potsdam.de\/en\/\",\"logo\":{\"@type\":\"ImageObject\",\"inLanguage\":\"en-US\",\"@id\":\"https:\/\/shop.verlag.uni-potsdam.de\/en\/#\/schema\/logo\/image\/\",\"url\":\"https:\/\/shop.verlag.uni-potsdam.de\/wp-content\/uploads\/2017\/04\/up_logo_university_2.png\",\"contentUrl\":\"https:\/\/shop.verlag.uni-potsdam.de\/wp-content\/uploads\/2017\/04\/up_logo_university_2.png\",\"width\":160,\"height\":172,\"caption\":\"Universit\u00e4tsverlag Potsdam\"},\"image\":{\"@id\":\"https:\/\/shop.verlag.uni-potsdam.de\/en\/#\/schema\/logo\/image\/\"}}]}<\/script>\n<!-- \/ Yoast SEO plugin. -->","yoast_head_json":{"title":"Milit\u00e4r und Gesellschaft in der Fr\u00fchen Neuzeit ; 12 (2008) 2 - Universit\u00e4tsverlag Potsdam","robots":{"index":"index","follow":"follow","max-snippet":"max-snippet:-1","max-image-preview":"max-image-preview:large","max-video-preview":"max-video-preview:-1"},"canonical":"https:\/\/shop.verlag.uni-potsdam.de\/en\/shop\/militaer-und-gesellschaft-in-der-fruehen-neuzeit-12-2008-2\/","og_locale":"en_US","og_type":"article","og_title":"Milit\u00e4r und Gesellschaft in der Fr\u00fchen Neuzeit ; 12 (2008) 2 - Universit\u00e4tsverlag Potsdam","og_description":"Aus dem Inhalt:Aufs\u00e4tzeChristopher Collstedt The Morality Tale of a Duellist: Narratives of Duelling in Early Modern Swedish Courts. The Duel in Stralsund 1712 Martin Meier Brandenburg und D\u00e4nemark im Kampf um R\u00fcgen und Vorpommern w\u00e4hrend des 17. Jahrhundert Claus Bernet Kriegsdienstverweigerung im 19. Jahrhundert. Ein Beitrag zum Klischee des Milit\u00e4rstaats Preu\u00dfenProjekteAnton Schindling SFB 437 \u201eKriegserfahrungen \u2013 Krieg und Gesellschaft in der Neuzeit\u201c Andreas B\u00e4hr Furcht und Furchtlosigkeit. Gewalt, Imagination und g\u00f6ttliche Macht im 17. JahrhundertYigit Topkaya \u201aT\u00fcrkengewalt\u2019 und \u201aT\u00fcrkenmoral\u2019 in S\u00fcddeutschland. Von der Eroberung Konstantinopels bis zur ersten Belagerung Wiens BerichteCarmen Winkel Friedrich der Gro\u00dfe: Hof und Familie. Die friderizianische Monarchie im Zeichensystem der europ\u00e4ischen H\u00f6fe (Potsdam 9.-11. Oktober 2008) Janine Rischke Umstrittene Sicherheit: Milit\u00e4rische Mobilisierung, gesellschaftliche Ordnung und politische Partizipation in der Neuzeit (1500-2000) (Potsdam 11.-13. September 2008) RezensionenJ\u00f6rg Rogge Gro\u00dfe Gabriel Zeilinger, Lebensformen im Krieg. Eine Alltags- und Erfahrungsgeschichte des s\u00fcddeutschen St\u00e4dtekriegs 1449\/50, Stuttgart 2007 Conrad Ehrlich Ewa Anklam, Wissen nach Augenma\u00df. Milit\u00e4rische Beobachtung und Berichterstattung im Siebenj\u00e4hrigen Krieg, Berlin 2007","og_url":"https:\/\/shop.verlag.uni-potsdam.de\/en\/shop\/militaer-und-gesellschaft-in-der-fruehen-neuzeit-12-2008-2\/","og_site_name":"Universit\u00e4tsverlag Potsdam","article_modified_time":"2026-03-23T10:54:11+00:00","og_image":[{"width":452,"height":640,"url":"https:\/\/shop.verlag.uni-potsdam.de\/wp-content\/uploads\/asolmerce\/image-21187.jpg","type":"image\/jpeg"}],"twitter_card":"summary_large_image","twitter_misc":{"Est. reading time":"1 minute"},"schema":{"@context":"https:\/\/schema.org","@graph":[{"@type":"WebPage","@id":"https:\/\/shop.verlag.uni-potsdam.de\/en\/shop\/militaer-und-gesellschaft-in-der-fruehen-neuzeit-12-2008-2\/","url":"https:\/\/shop.verlag.uni-potsdam.de\/en\/shop\/militaer-und-gesellschaft-in-der-fruehen-neuzeit-12-2008-2\/","name":"Milit\u00e4r und Gesellschaft in der Fr\u00fchen Neuzeit ; 12 (2008) 2 - Universit\u00e4tsverlag Potsdam","isPartOf":{"@id":"https:\/\/shop.verlag.uni-potsdam.de\/en\/#website"},"primaryImageOfPage":{"@id":"https:\/\/shop.verlag.uni-potsdam.de\/en\/shop\/militaer-und-gesellschaft-in-der-fruehen-neuzeit-12-2008-2\/#primaryimage"},"image":{"@id":"https:\/\/shop.verlag.uni-potsdam.de\/shop\/militaer-und-gesellschaft-in-der-fruehen-neuzeit-12-2008-2\/#primaryimage"},"thumbnailUrl":"https:\/\/shop.verlag.uni-potsdam.de\/wp-content\/uploads\/asolmerce\/image-21187.jpg","datePublished":"2026-03-23T08:53:11+00:00","dateModified":"2026-03-23T10:54:11+00:00","breadcrumb":{"@id":"https:\/\/shop.verlag.uni-potsdam.de\/en\/shop\/militaer-und-gesellschaft-in-der-fruehen-neuzeit-12-2008-2\/#breadcrumb"},"inLanguage":"en-US","potentialAction":[{"@type":"ReadAction","target":[["https:\/\/shop.verlag.uni-potsdam.de\/en\/shop\/militaer-und-gesellschaft-in-der-fruehen-neuzeit-12-2008-2\/"]]}]},{"@type":"ImageObject","inLanguage":"en-US","@id":"https:\/\/shop.verlag.uni-potsdam.de\/en\/shop\/militaer-und-gesellschaft-in-der-fruehen-neuzeit-12-2008-2\/#primaryimage","url":"https:\/\/shop.verlag.uni-potsdam.de\/wp-content\/uploads\/asolmerce\/image-21187.jpg","contentUrl":"https:\/\/shop.verlag.uni-potsdam.de\/wp-content\/uploads\/asolmerce\/image-21187.jpg","width":452,"height":640},{"@type":"BreadcrumbList","@id":"https:\/\/shop.verlag.uni-potsdam.de\/en\/shop\/militaer-und-gesellschaft-in-der-fruehen-neuzeit-12-2008-2\/#breadcrumb","itemListElement":[{"@type":"ListItem","position":1,"name":"Startseite","item":"https:\/\/shop.verlag.uni-potsdam.de\/en\/"},{"@type":"ListItem","position":2,"name":"Shop","item":"https:\/\/shop.verlag.uni-potsdam.de\/en\/shop\/"},{"@type":"ListItem","position":3,"name":"Milit\u00e4r und Gesellschaft in der Fr\u00fchen Neuzeit ; 12 (2008) 2"}]},{"@type":"WebSite","@id":"https:\/\/shop.verlag.uni-potsdam.de\/en\/#website","url":"https:\/\/shop.verlag.uni-potsdam.de\/en\/","name":"Universit\u00e4tsverlag Potsdam","description":"","publisher":{"@id":"https:\/\/shop.verlag.uni-potsdam.de\/en\/#organization"},"potentialAction":[{"@type":"SearchAction","target":{"@type":"EntryPoint","urlTemplate":"https:\/\/shop.verlag.uni-potsdam.de\/en\/?s={search_term_string}"},"query-input":{"@type":"PropertyValueSpecification","valueRequired":true,"valueName":"search_term_string"}}],"inLanguage":"en-US"},{"@type":"Organization","@id":"https:\/\/shop.verlag.uni-potsdam.de\/en\/#organization","name":"Universit\u00e4tsverlag Potsdam","url":"https:\/\/shop.verlag.uni-potsdam.de\/en\/","logo":{"@type":"ImageObject","inLanguage":"en-US","@id":"https:\/\/shop.verlag.uni-potsdam.de\/en\/#\/schema\/logo\/image\/","url":"https:\/\/shop.verlag.uni-potsdam.de\/wp-content\/uploads\/2017\/04\/up_logo_university_2.png","contentUrl":"https:\/\/shop.verlag.uni-potsdam.de\/wp-content\/uploads\/2017\/04\/up_logo_university_2.png","width":160,"height":172,"caption":"Universit\u00e4tsverlag Potsdam"},"image":{"@id":"https:\/\/shop.verlag.uni-potsdam.de\/en\/#\/schema\/logo\/image\/"}}]}},"_links":{"self":[{"href":"https:\/\/shop.verlag.uni-potsdam.de\/en\/wp-json\/wp\/v2\/product\/52576","targetHints":{"allow":["GET"]}}],"collection":[{"href":"https:\/\/shop.verlag.uni-potsdam.de\/en\/wp-json\/wp\/v2\/product"}],"about":[{"href":"https:\/\/shop.verlag.uni-potsdam.de\/en\/wp-json\/wp\/v2\/types\/product"}],"wp:featuredmedia":[{"embeddable":true,"href":"https:\/\/shop.verlag.uni-potsdam.de\/en\/wp-json\/wp\/v2\/media\/54499"}],"wp:attachment":[{"href":"https:\/\/shop.verlag.uni-potsdam.de\/en\/wp-json\/wp\/v2\/media?parent=52576"}],"wp:term":[{"taxonomy":"product_brand","embeddable":true,"href":"https:\/\/shop.verlag.uni-potsdam.de\/en\/wp-json\/wp\/v2\/product_brand?post=52576"},{"taxonomy":"product_cat","embeddable":true,"href":"https:\/\/shop.verlag.uni-potsdam.de\/en\/wp-json\/wp\/v2\/product_cat?post=52576"},{"taxonomy":"product_tag","embeddable":true,"href":"https:\/\/shop.verlag.uni-potsdam.de\/en\/wp-json\/wp\/v2\/product_tag?post=52576"}],"curies":[{"name":"wp","href":"https:\/\/api.w.org\/{rel}","templated":true}]}}