{"id":52585,"date":"2026-03-23T08:53:12","date_gmt":"2026-03-23T08:53:12","guid":{"rendered":"http:\/\/shop.verlag.uni-potsdam.de\/produkt\/menschenrechtsmagazin-920043\/"},"modified":"2026-03-23T11:54:12","modified_gmt":"2026-03-23T10:54:12","slug":"menschenrechtsmagazin-9-2004-3","status":"publish","type":"product","link":"https:\/\/shop.verlag.uni-potsdam.de\/en\/shop\/menschenrechtsmagazin-9-2004-3\/","title":{"rendered":"MenschenRechtsMagazin ; 9 (2004) 3"},"content":{"rendered":"<p class=\"qtranxs-available-languages-message qtranxs-available-languages-message-en\">Sorry, this entry is only available in <a href=\"https:\/\/shop.verlag.uni-potsdam.de\/de\/wp-json\/wp\/v2\/product\/52585\" class=\"qtranxs-available-language-link qtranxs-available-language-link-de\" title=\"Deutsch\">Deutsch<\/a>.<\/p><p>Politikberatung ist heute auf vielen Feldern \u00fcblich. Sie ist oftmals Anla\u00df zu demokratie-theoretischen \u00dcberlegungen und wirft mitunter die Frage auf, ob nicht&nbsp;&nbsp; zuv\u00f6rderst vorhandene Ressourcen, beispielsweise in der Exekutive, genutzt werden sollten. Die derzeitige Bundesregierung sieht sich immer wieder dem Vorwurf ausgesetzt, aus Deutschland eine \u201eR\u00e4terepublik&#8221; zu machen. Diese Tendenz hat auch vor dem Feld der&nbsp; Bioethik nicht haltgemacht. <br \/>Der Lexikonteil des MenschenRechtsMagazins wird in diesem Heft fortgef\u00fchrt und um die Stichworte \u201eDie Richtlinie des Rates betreffend die Rechtsstellung der langfristig aufenthaltsberechtigten Drittstaatsangeh\u00f6rigen vom 25. November 2003&#8243; und \u201eDie Europ\u00e4ische Charta der Regional- und Minderheitensprachen&#8221; erg\u00e4nzt. Unsere traditionellen Rubriken &#8211; Buchbesprechungen und -empfehlungen, Tagungsberichte und aktuelle Menschenrechtsinformationen &#8211; runden das Heft ab.<\/p>","protected":false},"excerpt":{"rendered":"<p class=\"qtranxs-available-languages-message qtranxs-available-languages-message-en\">Sorry, this entry is only available in <a href=\"https:\/\/shop.verlag.uni-potsdam.de\/de\/wp-json\/wp\/v2\/product\/52585\" class=\"qtranxs-available-language-link qtranxs-available-language-link-de\" title=\"Deutsch\">Deutsch<\/a>.<\/p>\n<p>Politikberatung ist heute auf vielen Feldern \u00fcblich. Sie ist oftmals Anla\u00df zu demokratie-theoretischen \u00dcberlegungen und wirft mitunter die Frage auf, ob nicht&nbsp;&nbsp; zuv\u00f6rderst vorhandene Ressourcen, beispielsweise in der Exekutive, genutzt werden sollten. Die derzeitige Bundesregierung sieht sich immer wieder dem Vorwurf ausgesetzt, aus Deutschland eine \u201eR\u00e4terepublik&#8221; zu machen. Diese Tendenz hat auch vor dem Feld der&nbsp; Bioethik nicht haltgemacht. <br \/>Der Lexikonteil des MenschenRechtsMagazins wird in diesem Heft fortgef\u00fchrt und um die Stichworte \u201eDie Richtlinie des Rates betreffend die Rechtsstellung der langfristig aufenthaltsberechtigten Drittstaatsangeh\u00f6rigen vom 25. November 2003&#8243; und \u201eDie Europ\u00e4ische Charta der Regional- und Minderheitensprachen&#8221; erg\u00e4nzt. Unsere traditionellen Rubriken &#8211; Buchbesprechungen und -empfehlungen, Tagungsberichte und aktuelle Menschenrechtsinformationen &#8211; runden das Heft ab.<\/p>\n","protected":false},"featured_media":54630,"template":"","meta":{"_acf_changed":false},"product_brand":[],"product_cat":[6225],"product_tag":[],"class_list":{"0":"post-52585","1":"product","2":"type-product","3":"status-publish","4":"has-post-thumbnail","6":"product_cat-recht-web-kategorie","7":"zeitschriften-menschenrechtsmagazin","9":"first","10":"instock","11":"shipping-taxable","12":"purchasable","13":"product-type-simple"},"acf":[],"yoast_head":"<!-- This site is optimized with the Yoast SEO plugin v27.1.1 - https:\/\/yoast.com\/product\/yoast-seo-wordpress\/ -->\n<title>MenschenRechtsMagazin ; 9 (2004) 3 - Universit\u00e4tsverlag Potsdam<\/title>\n<meta name=\"robots\" content=\"index, follow, max-snippet:-1, max-image-preview:large, max-video-preview:-1\" \/>\n<link rel=\"canonical\" href=\"https:\/\/shop.verlag.uni-potsdam.de\/en\/shop\/menschenrechtsmagazin-9-2004-3\/\" \/>\n<meta property=\"og:locale\" content=\"en_US\" \/>\n<meta property=\"og:type\" content=\"article\" \/>\n<meta property=\"og:title\" content=\"MenschenRechtsMagazin ; 9 (2004) 3 - Universit\u00e4tsverlag Potsdam\" \/>\n<meta property=\"og:description\" content=\"Politikberatung ist heute auf vielen Feldern \u00fcblich. Sie ist oftmals Anla\u00df zu demokratie-theoretischen \u00dcberlegungen und wirft mitunter die Frage auf, ob nicht&nbsp;&nbsp; zuv\u00f6rderst vorhandene Ressourcen, beispielsweise in der Exekutive, genutzt werden sollten. Die derzeitige Bundesregierung sieht sich immer wieder dem Vorwurf ausgesetzt, aus Deutschland eine \u201eR\u00e4terepublik&quot; zu machen. Diese Tendenz hat auch vor dem Feld der&nbsp; Bioethik nicht haltgemacht. Der Lexikonteil des MenschenRechtsMagazins wird in diesem Heft fortgef\u00fchrt und um die Stichworte \u201eDie Richtlinie des Rates betreffend die Rechtsstellung der langfristig aufenthaltsberechtigten Drittstaatsangeh\u00f6rigen vom 25. November 2003&quot; und \u201eDie Europ\u00e4ische Charta der Regional- und Minderheitensprachen&quot; erg\u00e4nzt. Unsere traditionellen Rubriken - Buchbesprechungen und -empfehlungen, Tagungsberichte und aktuelle Menschenrechtsinformationen - runden das Heft ab.\" \/>\n<meta property=\"og:url\" content=\"https:\/\/shop.verlag.uni-potsdam.de\/en\/shop\/menschenrechtsmagazin-9-2004-3\/\" \/>\n<meta property=\"og:site_name\" content=\"Universit\u00e4tsverlag Potsdam\" \/>\n<meta property=\"article:modified_time\" content=\"2026-03-23T10:54:12+00:00\" \/>\n<meta property=\"og:image\" content=\"https:\/\/shop.verlag.uni-potsdam.de\/wp-content\/uploads\/asolmerce\/image-21197.jpg\" \/>\n\t<meta property=\"og:image:width\" content=\"1818\" \/>\n\t<meta property=\"og:image:height\" content=\"2560\" \/>\n\t<meta property=\"og:image:type\" content=\"image\/jpeg\" \/>\n<meta name=\"twitter:card\" content=\"summary_large_image\" \/>\n<meta name=\"twitter:label1\" content=\"Est. reading time\" \/>\n\t<meta name=\"twitter:data1\" content=\"1 minute\" \/>\n<script type=\"application\/ld+json\" class=\"yoast-schema-graph\">{\"@context\":\"https:\/\/schema.org\",\"@graph\":[{\"@type\":\"WebPage\",\"@id\":\"https:\/\/shop.verlag.uni-potsdam.de\/en\/shop\/menschenrechtsmagazin-9-2004-3\/\",\"url\":\"https:\/\/shop.verlag.uni-potsdam.de\/en\/shop\/menschenrechtsmagazin-9-2004-3\/\",\"name\":\"MenschenRechtsMagazin ; 9 (2004) 3 - Universit\u00e4tsverlag Potsdam\",\"isPartOf\":{\"@id\":\"https:\/\/shop.verlag.uni-potsdam.de\/en\/#website\"},\"primaryImageOfPage\":{\"@id\":\"https:\/\/shop.verlag.uni-potsdam.de\/en\/shop\/menschenrechtsmagazin-9-2004-3\/#primaryimage\"},\"image\":{\"@id\":\"https:\/\/shop.verlag.uni-potsdam.de\/shop\/menschenrechtsmagazin-9-2004-3\/#primaryimage\"},\"thumbnailUrl\":\"https:\/\/shop.verlag.uni-potsdam.de\/wp-content\/uploads\/asolmerce\/image-21197.jpg\",\"datePublished\":\"2026-03-23T08:53:12+00:00\",\"dateModified\":\"2026-03-23T10:54:12+00:00\",\"breadcrumb\":{\"@id\":\"https:\/\/shop.verlag.uni-potsdam.de\/en\/shop\/menschenrechtsmagazin-9-2004-3\/#breadcrumb\"},\"inLanguage\":\"en-US\",\"potentialAction\":[{\"@type\":\"ReadAction\",\"target\":[[\"https:\/\/shop.verlag.uni-potsdam.de\/en\/shop\/menschenrechtsmagazin-9-2004-3\/\"]]}]},{\"@type\":\"ImageObject\",\"inLanguage\":\"en-US\",\"@id\":\"https:\/\/shop.verlag.uni-potsdam.de\/en\/shop\/menschenrechtsmagazin-9-2004-3\/#primaryimage\",\"url\":\"https:\/\/shop.verlag.uni-potsdam.de\/wp-content\/uploads\/asolmerce\/image-21197.jpg\",\"contentUrl\":\"https:\/\/shop.verlag.uni-potsdam.de\/wp-content\/uploads\/asolmerce\/image-21197.jpg\",\"width\":1818,\"height\":2560},{\"@type\":\"BreadcrumbList\",\"@id\":\"https:\/\/shop.verlag.uni-potsdam.de\/en\/shop\/menschenrechtsmagazin-9-2004-3\/#breadcrumb\",\"itemListElement\":[{\"@type\":\"ListItem\",\"position\":1,\"name\":\"Startseite\",\"item\":\"https:\/\/shop.verlag.uni-potsdam.de\/en\/\"},{\"@type\":\"ListItem\",\"position\":2,\"name\":\"Shop\",\"item\":\"https:\/\/shop.verlag.uni-potsdam.de\/en\/shop\/\"},{\"@type\":\"ListItem\",\"position\":3,\"name\":\"MenschenRechtsMagazin ; 9 (2004) 3\"}]},{\"@type\":\"WebSite\",\"@id\":\"https:\/\/shop.verlag.uni-potsdam.de\/en\/#website\",\"url\":\"https:\/\/shop.verlag.uni-potsdam.de\/en\/\",\"name\":\"Universit\u00e4tsverlag Potsdam\",\"description\":\"\",\"publisher\":{\"@id\":\"https:\/\/shop.verlag.uni-potsdam.de\/en\/#organization\"},\"potentialAction\":[{\"@type\":\"SearchAction\",\"target\":{\"@type\":\"EntryPoint\",\"urlTemplate\":\"https:\/\/shop.verlag.uni-potsdam.de\/en\/?s={search_term_string}\"},\"query-input\":{\"@type\":\"PropertyValueSpecification\",\"valueRequired\":true,\"valueName\":\"search_term_string\"}}],\"inLanguage\":\"en-US\"},{\"@type\":\"Organization\",\"@id\":\"https:\/\/shop.verlag.uni-potsdam.de\/en\/#organization\",\"name\":\"Universit\u00e4tsverlag Potsdam\",\"url\":\"https:\/\/shop.verlag.uni-potsdam.de\/en\/\",\"logo\":{\"@type\":\"ImageObject\",\"inLanguage\":\"en-US\",\"@id\":\"https:\/\/shop.verlag.uni-potsdam.de\/en\/#\/schema\/logo\/image\/\",\"url\":\"https:\/\/shop.verlag.uni-potsdam.de\/wp-content\/uploads\/2017\/04\/up_logo_university_2.png\",\"contentUrl\":\"https:\/\/shop.verlag.uni-potsdam.de\/wp-content\/uploads\/2017\/04\/up_logo_university_2.png\",\"width\":160,\"height\":172,\"caption\":\"Universit\u00e4tsverlag Potsdam\"},\"image\":{\"@id\":\"https:\/\/shop.verlag.uni-potsdam.de\/en\/#\/schema\/logo\/image\/\"}}]}<\/script>\n<!-- \/ Yoast SEO plugin. -->","yoast_head_json":{"title":"MenschenRechtsMagazin ; 9 (2004) 3 - Universit\u00e4tsverlag Potsdam","robots":{"index":"index","follow":"follow","max-snippet":"max-snippet:-1","max-image-preview":"max-image-preview:large","max-video-preview":"max-video-preview:-1"},"canonical":"https:\/\/shop.verlag.uni-potsdam.de\/en\/shop\/menschenrechtsmagazin-9-2004-3\/","og_locale":"en_US","og_type":"article","og_title":"MenschenRechtsMagazin ; 9 (2004) 3 - Universit\u00e4tsverlag Potsdam","og_description":"Politikberatung ist heute auf vielen Feldern \u00fcblich. Sie ist oftmals Anla\u00df zu demokratie-theoretischen \u00dcberlegungen und wirft mitunter die Frage auf, ob nicht&nbsp;&nbsp; zuv\u00f6rderst vorhandene Ressourcen, beispielsweise in der Exekutive, genutzt werden sollten. Die derzeitige Bundesregierung sieht sich immer wieder dem Vorwurf ausgesetzt, aus Deutschland eine \u201eR\u00e4terepublik\" zu machen. Diese Tendenz hat auch vor dem Feld der&nbsp; Bioethik nicht haltgemacht. Der Lexikonteil des MenschenRechtsMagazins wird in diesem Heft fortgef\u00fchrt und um die Stichworte \u201eDie Richtlinie des Rates betreffend die Rechtsstellung der langfristig aufenthaltsberechtigten Drittstaatsangeh\u00f6rigen vom 25. November 2003\" und \u201eDie Europ\u00e4ische Charta der Regional- und Minderheitensprachen\" erg\u00e4nzt. Unsere traditionellen Rubriken - Buchbesprechungen und -empfehlungen, Tagungsberichte und aktuelle Menschenrechtsinformationen - runden das Heft ab.","og_url":"https:\/\/shop.verlag.uni-potsdam.de\/en\/shop\/menschenrechtsmagazin-9-2004-3\/","og_site_name":"Universit\u00e4tsverlag Potsdam","article_modified_time":"2026-03-23T10:54:12+00:00","og_image":[{"width":1818,"height":2560,"url":"https:\/\/shop.verlag.uni-potsdam.de\/wp-content\/uploads\/asolmerce\/image-21197.jpg","type":"image\/jpeg"}],"twitter_card":"summary_large_image","twitter_misc":{"Est. reading time":"1 minute"},"schema":{"@context":"https:\/\/schema.org","@graph":[{"@type":"WebPage","@id":"https:\/\/shop.verlag.uni-potsdam.de\/en\/shop\/menschenrechtsmagazin-9-2004-3\/","url":"https:\/\/shop.verlag.uni-potsdam.de\/en\/shop\/menschenrechtsmagazin-9-2004-3\/","name":"MenschenRechtsMagazin ; 9 (2004) 3 - Universit\u00e4tsverlag Potsdam","isPartOf":{"@id":"https:\/\/shop.verlag.uni-potsdam.de\/en\/#website"},"primaryImageOfPage":{"@id":"https:\/\/shop.verlag.uni-potsdam.de\/en\/shop\/menschenrechtsmagazin-9-2004-3\/#primaryimage"},"image":{"@id":"https:\/\/shop.verlag.uni-potsdam.de\/shop\/menschenrechtsmagazin-9-2004-3\/#primaryimage"},"thumbnailUrl":"https:\/\/shop.verlag.uni-potsdam.de\/wp-content\/uploads\/asolmerce\/image-21197.jpg","datePublished":"2026-03-23T08:53:12+00:00","dateModified":"2026-03-23T10:54:12+00:00","breadcrumb":{"@id":"https:\/\/shop.verlag.uni-potsdam.de\/en\/shop\/menschenrechtsmagazin-9-2004-3\/#breadcrumb"},"inLanguage":"en-US","potentialAction":[{"@type":"ReadAction","target":[["https:\/\/shop.verlag.uni-potsdam.de\/en\/shop\/menschenrechtsmagazin-9-2004-3\/"]]}]},{"@type":"ImageObject","inLanguage":"en-US","@id":"https:\/\/shop.verlag.uni-potsdam.de\/en\/shop\/menschenrechtsmagazin-9-2004-3\/#primaryimage","url":"https:\/\/shop.verlag.uni-potsdam.de\/wp-content\/uploads\/asolmerce\/image-21197.jpg","contentUrl":"https:\/\/shop.verlag.uni-potsdam.de\/wp-content\/uploads\/asolmerce\/image-21197.jpg","width":1818,"height":2560},{"@type":"BreadcrumbList","@id":"https:\/\/shop.verlag.uni-potsdam.de\/en\/shop\/menschenrechtsmagazin-9-2004-3\/#breadcrumb","itemListElement":[{"@type":"ListItem","position":1,"name":"Startseite","item":"https:\/\/shop.verlag.uni-potsdam.de\/en\/"},{"@type":"ListItem","position":2,"name":"Shop","item":"https:\/\/shop.verlag.uni-potsdam.de\/en\/shop\/"},{"@type":"ListItem","position":3,"name":"MenschenRechtsMagazin ; 9 (2004) 3"}]},{"@type":"WebSite","@id":"https:\/\/shop.verlag.uni-potsdam.de\/en\/#website","url":"https:\/\/shop.verlag.uni-potsdam.de\/en\/","name":"Universit\u00e4tsverlag Potsdam","description":"","publisher":{"@id":"https:\/\/shop.verlag.uni-potsdam.de\/en\/#organization"},"potentialAction":[{"@type":"SearchAction","target":{"@type":"EntryPoint","urlTemplate":"https:\/\/shop.verlag.uni-potsdam.de\/en\/?s={search_term_string}"},"query-input":{"@type":"PropertyValueSpecification","valueRequired":true,"valueName":"search_term_string"}}],"inLanguage":"en-US"},{"@type":"Organization","@id":"https:\/\/shop.verlag.uni-potsdam.de\/en\/#organization","name":"Universit\u00e4tsverlag Potsdam","url":"https:\/\/shop.verlag.uni-potsdam.de\/en\/","logo":{"@type":"ImageObject","inLanguage":"en-US","@id":"https:\/\/shop.verlag.uni-potsdam.de\/en\/#\/schema\/logo\/image\/","url":"https:\/\/shop.verlag.uni-potsdam.de\/wp-content\/uploads\/2017\/04\/up_logo_university_2.png","contentUrl":"https:\/\/shop.verlag.uni-potsdam.de\/wp-content\/uploads\/2017\/04\/up_logo_university_2.png","width":160,"height":172,"caption":"Universit\u00e4tsverlag Potsdam"},"image":{"@id":"https:\/\/shop.verlag.uni-potsdam.de\/en\/#\/schema\/logo\/image\/"}}]}},"_links":{"self":[{"href":"https:\/\/shop.verlag.uni-potsdam.de\/en\/wp-json\/wp\/v2\/product\/52585","targetHints":{"allow":["GET"]}}],"collection":[{"href":"https:\/\/shop.verlag.uni-potsdam.de\/en\/wp-json\/wp\/v2\/product"}],"about":[{"href":"https:\/\/shop.verlag.uni-potsdam.de\/en\/wp-json\/wp\/v2\/types\/product"}],"wp:featuredmedia":[{"embeddable":true,"href":"https:\/\/shop.verlag.uni-potsdam.de\/en\/wp-json\/wp\/v2\/media\/54630"}],"wp:attachment":[{"href":"https:\/\/shop.verlag.uni-potsdam.de\/en\/wp-json\/wp\/v2\/media?parent=52585"}],"wp:term":[{"taxonomy":"product_brand","embeddable":true,"href":"https:\/\/shop.verlag.uni-potsdam.de\/en\/wp-json\/wp\/v2\/product_brand?post=52585"},{"taxonomy":"product_cat","embeddable":true,"href":"https:\/\/shop.verlag.uni-potsdam.de\/en\/wp-json\/wp\/v2\/product_cat?post=52585"},{"taxonomy":"product_tag","embeddable":true,"href":"https:\/\/shop.verlag.uni-potsdam.de\/en\/wp-json\/wp\/v2\/product_tag?post=52585"}],"curies":[{"name":"wp","href":"https:\/\/api.w.org\/{rel}","templated":true}]}}