{"id":52588,"date":"2026-03-23T08:53:12","date_gmt":"2026-03-23T08:53:12","guid":{"rendered":"http:\/\/shop.verlag.uni-potsdam.de\/produkt\/menschenrechtsmagazin-1020053\/"},"modified":"2026-03-23T11:54:12","modified_gmt":"2026-03-23T10:54:12","slug":"menschenrechtsmagazin-10-2005-3","status":"publish","type":"product","link":"https:\/\/shop.verlag.uni-potsdam.de\/en\/shop\/menschenrechtsmagazin-10-2005-3\/","title":{"rendered":"MenschenRechtsMagazin ; 10 (2005) 3"},"content":{"rendered":"<p class=\"qtranxs-available-languages-message qtranxs-available-languages-message-en\">Sorry, this entry is only available in <a href=\"https:\/\/shop.verlag.uni-potsdam.de\/de\/wp-json\/wp\/v2\/product\/52588\" class=\"qtranxs-available-language-link qtranxs-available-language-link-de\" title=\"Deutsch\">Deutsch<\/a>.<\/p><p>In diesem Heft runden wir die ausf\u00fchrliche Berichterstattung \u00fcber den Menschenrechtsausschu\u00df in den beiden ersten Heften dieses Jahrgangs ab. Drei\u00dfig Jahre nach Unterzeichnung der Schlu\u00dfakte von Helsinki gibt Norman Wei\u00df einen \u00dcberblick \u00fcber den Menschenrechtsschutz im Rahmen der OSZE und \u00fcber aktuelle Herausforderungen, denen sich die Organisation gegen\u00fcbersieht. Der Beitrag von Gunda Meier behandelt das auch nach dem Ende der Milit\u00e4rdiktatur vor zwanzig Jahren noch aktuelle Thema Polizeigewalt in Brasilien.<br \/>Juliane Schumacher untersucht in ihrem Beitrag \u201eKrieg dem Heer? \u00dcber das antimilitaristische Element in Kants Friedensschrift&#8221; einen bislang wenig beachteten Aspekt der im Jahre 1795 erschienenen Schrift \u201eZum ewigen Frieden&#8221;.<br \/>Wir setzten unsere Reihe \u201eMitgliedstaaten des Europarates&#8221; mit einem Beitrag \u00fcber Schweden von Inga-Lena Heinisch fort. In der Reihe \u201eUrteile des Europ\u00e4ischen Gerichtshofs f\u00fcr Menschenrechte gegen Deutschland&#8221; erscheint eine Aufbereitung des Falles \u201eJahn und andere .\/. Deutschland&#8221; von Mathias Schioeizer.<br \/>Das Historische Kalenderblatt behandelt den Genozid an den Armeniern im Jahre 1915. In die Zukunft blickt das Stichwort, das die Europ\u00e4ische Agentur f\u00fcr Grundrechte erl\u00e4utert.<br \/>Unsere traditionellen Rubriken &#8211; Buchbesprechungen und -empfehlungen, Tagungsberichte und aktuelle Menschenrechtsinformationen &#8211; bilden den Schlu\u00dfteil des Hefts. Der zehnte Jahrgang des MenschenRechtsMagazins ist damit abgeschlossen. Ein Gesamtinhaltsverzeichnis ist in Vorbereitung.<br \/><\/p>","protected":false},"excerpt":{"rendered":"<p class=\"qtranxs-available-languages-message qtranxs-available-languages-message-en\">Sorry, this entry is only available in <a href=\"https:\/\/shop.verlag.uni-potsdam.de\/de\/wp-json\/wp\/v2\/product\/52588\" class=\"qtranxs-available-language-link qtranxs-available-language-link-de\" title=\"Deutsch\">Deutsch<\/a>.<\/p>\n<p>In diesem Heft runden wir die ausf\u00fchrliche Berichterstattung \u00fcber den Menschenrechtsausschu\u00df in den beiden ersten Heften dieses Jahrgangs ab. Drei\u00dfig Jahre nach Unterzeichnung der Schlu\u00dfakte von Helsinki gibt Norman Wei\u00df einen \u00dcberblick \u00fcber den Menschenrechtsschutz im Rahmen der OSZE und \u00fcber aktuelle Herausforderungen, denen sich die Organisation gegen\u00fcbersieht. Der Beitrag von Gunda Meier behandelt das auch nach dem Ende der Milit\u00e4rdiktatur vor zwanzig Jahren noch aktuelle Thema Polizeigewalt in Brasilien.<br \/>Juliane Schumacher untersucht in ihrem Beitrag \u201eKrieg dem Heer? \u00dcber das antimilitaristische Element in Kants Friedensschrift&#8221; einen bislang wenig beachteten Aspekt der im Jahre 1795 erschienenen Schrift \u201eZum ewigen Frieden&#8221;.<br \/>Wir setzten unsere Reihe \u201eMitgliedstaaten des Europarates&#8221; mit einem Beitrag \u00fcber Schweden von Inga-Lena Heinisch fort. In der Reihe \u201eUrteile des Europ\u00e4ischen Gerichtshofs f\u00fcr Menschenrechte gegen Deutschland&#8221; erscheint eine Aufbereitung des Falles \u201eJahn und andere .\/. Deutschland&#8221; von Mathias Schioeizer.<br \/>Das Historische Kalenderblatt behandelt den Genozid an den Armeniern im Jahre 1915. In die Zukunft blickt das Stichwort, das die Europ\u00e4ische Agentur f\u00fcr Grundrechte erl\u00e4utert.<br \/>Unsere traditionellen Rubriken &#8211; Buchbesprechungen und -empfehlungen, Tagungsberichte und aktuelle Menschenrechtsinformationen &#8211; bilden den Schlu\u00dfteil des Hefts. Der zehnte Jahrgang des MenschenRechtsMagazins ist damit abgeschlossen. Ein Gesamtinhaltsverzeichnis ist in Vorbereitung.<\/p>\n","protected":false},"featured_media":54631,"template":"","meta":{"_acf_changed":false},"product_brand":[],"product_cat":[6225],"product_tag":[],"class_list":{"0":"post-52588","1":"product","2":"type-product","3":"status-publish","4":"has-post-thumbnail","6":"product_cat-recht-web-kategorie","7":"zeitschriften-menschenrechtsmagazin","9":"first","10":"instock","11":"shipping-taxable","12":"purchasable","13":"product-type-simple"},"acf":[],"yoast_head":"<!-- This site is optimized with the Yoast SEO plugin v27.1.1 - https:\/\/yoast.com\/product\/yoast-seo-wordpress\/ -->\n<title>MenschenRechtsMagazin ; 10 (2005) 3 - Universit\u00e4tsverlag Potsdam<\/title>\n<meta name=\"robots\" content=\"index, follow, max-snippet:-1, max-image-preview:large, max-video-preview:-1\" \/>\n<link rel=\"canonical\" href=\"https:\/\/shop.verlag.uni-potsdam.de\/en\/shop\/menschenrechtsmagazin-10-2005-3\/\" \/>\n<meta property=\"og:locale\" content=\"en_US\" \/>\n<meta property=\"og:type\" content=\"article\" \/>\n<meta property=\"og:title\" content=\"MenschenRechtsMagazin ; 10 (2005) 3 - Universit\u00e4tsverlag Potsdam\" \/>\n<meta property=\"og:description\" content=\"In diesem Heft runden wir die ausf\u00fchrliche Berichterstattung \u00fcber den Menschenrechtsausschu\u00df in den beiden ersten Heften dieses Jahrgangs ab. Drei\u00dfig Jahre nach Unterzeichnung der Schlu\u00dfakte von Helsinki gibt Norman Wei\u00df einen \u00dcberblick \u00fcber den Menschenrechtsschutz im Rahmen der OSZE und \u00fcber aktuelle Herausforderungen, denen sich die Organisation gegen\u00fcbersieht. Der Beitrag von Gunda Meier behandelt das auch nach dem Ende der Milit\u00e4rdiktatur vor zwanzig Jahren noch aktuelle Thema Polizeigewalt in Brasilien.Juliane Schumacher untersucht in ihrem Beitrag \u201eKrieg dem Heer? \u00dcber das antimilitaristische Element in Kants Friedensschrift&quot; einen bislang wenig beachteten Aspekt der im Jahre 1795 erschienenen Schrift \u201eZum ewigen Frieden&quot;.Wir setzten unsere Reihe \u201eMitgliedstaaten des Europarates&quot; mit einem Beitrag \u00fcber Schweden von Inga-Lena Heinisch fort. In der Reihe \u201eUrteile des Europ\u00e4ischen Gerichtshofs f\u00fcr Menschenrechte gegen Deutschland&quot; erscheint eine Aufbereitung des Falles \u201eJahn und andere .\/. Deutschland&quot; von Mathias Schioeizer.Das Historische Kalenderblatt behandelt den Genozid an den Armeniern im Jahre 1915. In die Zukunft blickt das Stichwort, das die Europ\u00e4ische Agentur f\u00fcr Grundrechte erl\u00e4utert.Unsere traditionellen Rubriken - Buchbesprechungen und -empfehlungen, Tagungsberichte und aktuelle Menschenrechtsinformationen - bilden den Schlu\u00dfteil des Hefts. Der zehnte Jahrgang des MenschenRechtsMagazins ist damit abgeschlossen. Ein Gesamtinhaltsverzeichnis ist in Vorbereitung.\" \/>\n<meta property=\"og:url\" content=\"https:\/\/shop.verlag.uni-potsdam.de\/en\/shop\/menschenrechtsmagazin-10-2005-3\/\" \/>\n<meta property=\"og:site_name\" content=\"Universit\u00e4tsverlag Potsdam\" \/>\n<meta property=\"article:modified_time\" content=\"2026-03-23T10:54:12+00:00\" \/>\n<meta property=\"og:image\" content=\"https:\/\/shop.verlag.uni-potsdam.de\/wp-content\/uploads\/asolmerce\/image-21200.jpg\" \/>\n\t<meta property=\"og:image:width\" content=\"454\" \/>\n\t<meta property=\"og:image:height\" content=\"640\" \/>\n\t<meta property=\"og:image:type\" content=\"image\/jpeg\" \/>\n<meta name=\"twitter:card\" content=\"summary_large_image\" \/>\n<meta name=\"twitter:label1\" content=\"Est. reading time\" \/>\n\t<meta name=\"twitter:data1\" content=\"1 minute\" \/>\n<script type=\"application\/ld+json\" class=\"yoast-schema-graph\">{\"@context\":\"https:\/\/schema.org\",\"@graph\":[{\"@type\":\"WebPage\",\"@id\":\"https:\/\/shop.verlag.uni-potsdam.de\/en\/shop\/menschenrechtsmagazin-10-2005-3\/\",\"url\":\"https:\/\/shop.verlag.uni-potsdam.de\/en\/shop\/menschenrechtsmagazin-10-2005-3\/\",\"name\":\"MenschenRechtsMagazin ; 10 (2005) 3 - Universit\u00e4tsverlag Potsdam\",\"isPartOf\":{\"@id\":\"https:\/\/shop.verlag.uni-potsdam.de\/en\/#website\"},\"primaryImageOfPage\":{\"@id\":\"https:\/\/shop.verlag.uni-potsdam.de\/en\/shop\/menschenrechtsmagazin-10-2005-3\/#primaryimage\"},\"image\":{\"@id\":\"https:\/\/shop.verlag.uni-potsdam.de\/shop\/menschenrechtsmagazin-10-2005-3\/#primaryimage\"},\"thumbnailUrl\":\"https:\/\/shop.verlag.uni-potsdam.de\/wp-content\/uploads\/asolmerce\/image-21200.jpg\",\"datePublished\":\"2026-03-23T08:53:12+00:00\",\"dateModified\":\"2026-03-23T10:54:12+00:00\",\"breadcrumb\":{\"@id\":\"https:\/\/shop.verlag.uni-potsdam.de\/en\/shop\/menschenrechtsmagazin-10-2005-3\/#breadcrumb\"},\"inLanguage\":\"en-US\",\"potentialAction\":[{\"@type\":\"ReadAction\",\"target\":[[\"https:\/\/shop.verlag.uni-potsdam.de\/en\/shop\/menschenrechtsmagazin-10-2005-3\/\"]]}]},{\"@type\":\"ImageObject\",\"inLanguage\":\"en-US\",\"@id\":\"https:\/\/shop.verlag.uni-potsdam.de\/en\/shop\/menschenrechtsmagazin-10-2005-3\/#primaryimage\",\"url\":\"https:\/\/shop.verlag.uni-potsdam.de\/wp-content\/uploads\/asolmerce\/image-21200.jpg\",\"contentUrl\":\"https:\/\/shop.verlag.uni-potsdam.de\/wp-content\/uploads\/asolmerce\/image-21200.jpg\",\"width\":454,\"height\":640},{\"@type\":\"BreadcrumbList\",\"@id\":\"https:\/\/shop.verlag.uni-potsdam.de\/en\/shop\/menschenrechtsmagazin-10-2005-3\/#breadcrumb\",\"itemListElement\":[{\"@type\":\"ListItem\",\"position\":1,\"name\":\"Startseite\",\"item\":\"https:\/\/shop.verlag.uni-potsdam.de\/en\/\"},{\"@type\":\"ListItem\",\"position\":2,\"name\":\"Shop\",\"item\":\"https:\/\/shop.verlag.uni-potsdam.de\/en\/shop\/\"},{\"@type\":\"ListItem\",\"position\":3,\"name\":\"MenschenRechtsMagazin ; 10 (2005) 3\"}]},{\"@type\":\"WebSite\",\"@id\":\"https:\/\/shop.verlag.uni-potsdam.de\/en\/#website\",\"url\":\"https:\/\/shop.verlag.uni-potsdam.de\/en\/\",\"name\":\"Universit\u00e4tsverlag Potsdam\",\"description\":\"\",\"publisher\":{\"@id\":\"https:\/\/shop.verlag.uni-potsdam.de\/en\/#organization\"},\"potentialAction\":[{\"@type\":\"SearchAction\",\"target\":{\"@type\":\"EntryPoint\",\"urlTemplate\":\"https:\/\/shop.verlag.uni-potsdam.de\/en\/?s={search_term_string}\"},\"query-input\":{\"@type\":\"PropertyValueSpecification\",\"valueRequired\":true,\"valueName\":\"search_term_string\"}}],\"inLanguage\":\"en-US\"},{\"@type\":\"Organization\",\"@id\":\"https:\/\/shop.verlag.uni-potsdam.de\/en\/#organization\",\"name\":\"Universit\u00e4tsverlag Potsdam\",\"url\":\"https:\/\/shop.verlag.uni-potsdam.de\/en\/\",\"logo\":{\"@type\":\"ImageObject\",\"inLanguage\":\"en-US\",\"@id\":\"https:\/\/shop.verlag.uni-potsdam.de\/en\/#\/schema\/logo\/image\/\",\"url\":\"https:\/\/shop.verlag.uni-potsdam.de\/wp-content\/uploads\/2017\/04\/up_logo_university_2.png\",\"contentUrl\":\"https:\/\/shop.verlag.uni-potsdam.de\/wp-content\/uploads\/2017\/04\/up_logo_university_2.png\",\"width\":160,\"height\":172,\"caption\":\"Universit\u00e4tsverlag Potsdam\"},\"image\":{\"@id\":\"https:\/\/shop.verlag.uni-potsdam.de\/en\/#\/schema\/logo\/image\/\"}}]}<\/script>\n<!-- \/ Yoast SEO plugin. -->","yoast_head_json":{"title":"MenschenRechtsMagazin ; 10 (2005) 3 - Universit\u00e4tsverlag Potsdam","robots":{"index":"index","follow":"follow","max-snippet":"max-snippet:-1","max-image-preview":"max-image-preview:large","max-video-preview":"max-video-preview:-1"},"canonical":"https:\/\/shop.verlag.uni-potsdam.de\/en\/shop\/menschenrechtsmagazin-10-2005-3\/","og_locale":"en_US","og_type":"article","og_title":"MenschenRechtsMagazin ; 10 (2005) 3 - Universit\u00e4tsverlag Potsdam","og_description":"In diesem Heft runden wir die ausf\u00fchrliche Berichterstattung \u00fcber den Menschenrechtsausschu\u00df in den beiden ersten Heften dieses Jahrgangs ab. Drei\u00dfig Jahre nach Unterzeichnung der Schlu\u00dfakte von Helsinki gibt Norman Wei\u00df einen \u00dcberblick \u00fcber den Menschenrechtsschutz im Rahmen der OSZE und \u00fcber aktuelle Herausforderungen, denen sich die Organisation gegen\u00fcbersieht. Der Beitrag von Gunda Meier behandelt das auch nach dem Ende der Milit\u00e4rdiktatur vor zwanzig Jahren noch aktuelle Thema Polizeigewalt in Brasilien.Juliane Schumacher untersucht in ihrem Beitrag \u201eKrieg dem Heer? \u00dcber das antimilitaristische Element in Kants Friedensschrift\" einen bislang wenig beachteten Aspekt der im Jahre 1795 erschienenen Schrift \u201eZum ewigen Frieden\".Wir setzten unsere Reihe \u201eMitgliedstaaten des Europarates\" mit einem Beitrag \u00fcber Schweden von Inga-Lena Heinisch fort. In der Reihe \u201eUrteile des Europ\u00e4ischen Gerichtshofs f\u00fcr Menschenrechte gegen Deutschland\" erscheint eine Aufbereitung des Falles \u201eJahn und andere .\/. Deutschland\" von Mathias Schioeizer.Das Historische Kalenderblatt behandelt den Genozid an den Armeniern im Jahre 1915. In die Zukunft blickt das Stichwort, das die Europ\u00e4ische Agentur f\u00fcr Grundrechte erl\u00e4utert.Unsere traditionellen Rubriken - Buchbesprechungen und -empfehlungen, Tagungsberichte und aktuelle Menschenrechtsinformationen - bilden den Schlu\u00dfteil des Hefts. Der zehnte Jahrgang des MenschenRechtsMagazins ist damit abgeschlossen. Ein Gesamtinhaltsverzeichnis ist in Vorbereitung.","og_url":"https:\/\/shop.verlag.uni-potsdam.de\/en\/shop\/menschenrechtsmagazin-10-2005-3\/","og_site_name":"Universit\u00e4tsverlag Potsdam","article_modified_time":"2026-03-23T10:54:12+00:00","og_image":[{"width":454,"height":640,"url":"https:\/\/shop.verlag.uni-potsdam.de\/wp-content\/uploads\/asolmerce\/image-21200.jpg","type":"image\/jpeg"}],"twitter_card":"summary_large_image","twitter_misc":{"Est. reading time":"1 minute"},"schema":{"@context":"https:\/\/schema.org","@graph":[{"@type":"WebPage","@id":"https:\/\/shop.verlag.uni-potsdam.de\/en\/shop\/menschenrechtsmagazin-10-2005-3\/","url":"https:\/\/shop.verlag.uni-potsdam.de\/en\/shop\/menschenrechtsmagazin-10-2005-3\/","name":"MenschenRechtsMagazin ; 10 (2005) 3 - Universit\u00e4tsverlag Potsdam","isPartOf":{"@id":"https:\/\/shop.verlag.uni-potsdam.de\/en\/#website"},"primaryImageOfPage":{"@id":"https:\/\/shop.verlag.uni-potsdam.de\/en\/shop\/menschenrechtsmagazin-10-2005-3\/#primaryimage"},"image":{"@id":"https:\/\/shop.verlag.uni-potsdam.de\/shop\/menschenrechtsmagazin-10-2005-3\/#primaryimage"},"thumbnailUrl":"https:\/\/shop.verlag.uni-potsdam.de\/wp-content\/uploads\/asolmerce\/image-21200.jpg","datePublished":"2026-03-23T08:53:12+00:00","dateModified":"2026-03-23T10:54:12+00:00","breadcrumb":{"@id":"https:\/\/shop.verlag.uni-potsdam.de\/en\/shop\/menschenrechtsmagazin-10-2005-3\/#breadcrumb"},"inLanguage":"en-US","potentialAction":[{"@type":"ReadAction","target":[["https:\/\/shop.verlag.uni-potsdam.de\/en\/shop\/menschenrechtsmagazin-10-2005-3\/"]]}]},{"@type":"ImageObject","inLanguage":"en-US","@id":"https:\/\/shop.verlag.uni-potsdam.de\/en\/shop\/menschenrechtsmagazin-10-2005-3\/#primaryimage","url":"https:\/\/shop.verlag.uni-potsdam.de\/wp-content\/uploads\/asolmerce\/image-21200.jpg","contentUrl":"https:\/\/shop.verlag.uni-potsdam.de\/wp-content\/uploads\/asolmerce\/image-21200.jpg","width":454,"height":640},{"@type":"BreadcrumbList","@id":"https:\/\/shop.verlag.uni-potsdam.de\/en\/shop\/menschenrechtsmagazin-10-2005-3\/#breadcrumb","itemListElement":[{"@type":"ListItem","position":1,"name":"Startseite","item":"https:\/\/shop.verlag.uni-potsdam.de\/en\/"},{"@type":"ListItem","position":2,"name":"Shop","item":"https:\/\/shop.verlag.uni-potsdam.de\/en\/shop\/"},{"@type":"ListItem","position":3,"name":"MenschenRechtsMagazin ; 10 (2005) 3"}]},{"@type":"WebSite","@id":"https:\/\/shop.verlag.uni-potsdam.de\/en\/#website","url":"https:\/\/shop.verlag.uni-potsdam.de\/en\/","name":"Universit\u00e4tsverlag Potsdam","description":"","publisher":{"@id":"https:\/\/shop.verlag.uni-potsdam.de\/en\/#organization"},"potentialAction":[{"@type":"SearchAction","target":{"@type":"EntryPoint","urlTemplate":"https:\/\/shop.verlag.uni-potsdam.de\/en\/?s={search_term_string}"},"query-input":{"@type":"PropertyValueSpecification","valueRequired":true,"valueName":"search_term_string"}}],"inLanguage":"en-US"},{"@type":"Organization","@id":"https:\/\/shop.verlag.uni-potsdam.de\/en\/#organization","name":"Universit\u00e4tsverlag Potsdam","url":"https:\/\/shop.verlag.uni-potsdam.de\/en\/","logo":{"@type":"ImageObject","inLanguage":"en-US","@id":"https:\/\/shop.verlag.uni-potsdam.de\/en\/#\/schema\/logo\/image\/","url":"https:\/\/shop.verlag.uni-potsdam.de\/wp-content\/uploads\/2017\/04\/up_logo_university_2.png","contentUrl":"https:\/\/shop.verlag.uni-potsdam.de\/wp-content\/uploads\/2017\/04\/up_logo_university_2.png","width":160,"height":172,"caption":"Universit\u00e4tsverlag Potsdam"},"image":{"@id":"https:\/\/shop.verlag.uni-potsdam.de\/en\/#\/schema\/logo\/image\/"}}]}},"_links":{"self":[{"href":"https:\/\/shop.verlag.uni-potsdam.de\/en\/wp-json\/wp\/v2\/product\/52588","targetHints":{"allow":["GET"]}}],"collection":[{"href":"https:\/\/shop.verlag.uni-potsdam.de\/en\/wp-json\/wp\/v2\/product"}],"about":[{"href":"https:\/\/shop.verlag.uni-potsdam.de\/en\/wp-json\/wp\/v2\/types\/product"}],"wp:featuredmedia":[{"embeddable":true,"href":"https:\/\/shop.verlag.uni-potsdam.de\/en\/wp-json\/wp\/v2\/media\/54631"}],"wp:attachment":[{"href":"https:\/\/shop.verlag.uni-potsdam.de\/en\/wp-json\/wp\/v2\/media?parent=52588"}],"wp:term":[{"taxonomy":"product_brand","embeddable":true,"href":"https:\/\/shop.verlag.uni-potsdam.de\/en\/wp-json\/wp\/v2\/product_brand?post=52588"},{"taxonomy":"product_cat","embeddable":true,"href":"https:\/\/shop.verlag.uni-potsdam.de\/en\/wp-json\/wp\/v2\/product_cat?post=52588"},{"taxonomy":"product_tag","embeddable":true,"href":"https:\/\/shop.verlag.uni-potsdam.de\/en\/wp-json\/wp\/v2\/product_tag?post=52588"}],"curies":[{"name":"wp","href":"https:\/\/api.w.org\/{rel}","templated":true}]}}