{"id":52595,"date":"2026-03-23T08:53:12","date_gmt":"2026-03-23T08:53:12","guid":{"rendered":"http:\/\/shop.verlag.uni-potsdam.de\/produkt\/menschenrechtsmagazin-1320081\/"},"modified":"2026-03-23T11:54:12","modified_gmt":"2026-03-23T10:54:12","slug":"menschenrechtsmagazin-13-2008-1","status":"publish","type":"product","link":"https:\/\/shop.verlag.uni-potsdam.de\/en\/shop\/menschenrechtsmagazin-13-2008-1\/","title":{"rendered":"MenschenRechtsMagazin ; 13 (2008) 1"},"content":{"rendered":"<p class=\"qtranxs-available-languages-message qtranxs-available-languages-message-en\">Sorry, this entry is only available in <a href=\"https:\/\/shop.verlag.uni-potsdam.de\/de\/wp-json\/wp\/v2\/product\/52595\" class=\"qtranxs-available-language-link qtranxs-available-language-link-de\" title=\"Deutsch\">Deutsch<\/a>.<\/p><p>Themenschwerpunkte:<\/p>\n<ul>\n<li>Meinungsfreiheit und Ehrenschutz nach dem Internationalen Pakt \u00fcber b\u00fcrgerliche und politische Rechte<\/li>\n<li>Meinungs\u00e4u\u00dferungsfreiheit und Ehrenschutz nach der Europ\u00e4ischen Menschenrechtskonvention<\/li>\n<li>Kulturtranszendenz und kulturkritische Elemente der Menschenw\u00fcrde<\/li>\n<li>Das Recht der Opfer schwerer Menschenrechtsverletzungen und schwerer Verletzungen des internationalen humanit\u00e4ren V\u00f6lkerrechts auf Wiedergutmachung<\/li>\n<li>\u00dcberblick \u00fcber das interamerikanische Menschenrechtssystem<\/li>\n<li>Ausl\u00e4nderrecht in Europa<\/li>\n<li>Menschenrechte \u2013 Einige Gedanken aus russischer Perspektive<\/li>\n<li>Rebellion f\u00fcr weibliche Autonomie \u2013 Eine Erinnerung an den 100. Geburtstag der Philosophin Simone de Beauvoir<\/li>\n<\/ul>\n<p><\/p>","protected":false},"excerpt":{"rendered":"<p class=\"qtranxs-available-languages-message qtranxs-available-languages-message-en\">Sorry, this entry is only available in <a href=\"https:\/\/shop.verlag.uni-potsdam.de\/de\/wp-json\/wp\/v2\/product\/52595\" class=\"qtranxs-available-language-link qtranxs-available-language-link-de\" title=\"Deutsch\">Deutsch<\/a>.<\/p>\n<p>Themenschwerpunkte:<\/p>\n<ul>\n<li>Meinungsfreiheit und Ehrenschutz nach dem Internationalen Pakt \u00fcber b\u00fcrgerliche und politische Rechte<\/li>\n<li>Meinungs\u00e4u\u00dferungsfreiheit und Ehrenschutz nach der Europ\u00e4ischen Menschenrechtskonvention<\/li>\n<li>Kulturtranszendenz und kulturkritische Elemente der Menschenw\u00fcrde<\/li>\n<li>Das Recht der Opfer schwerer Menschenrechtsverletzungen und schwerer Verletzungen des internationalen humanit\u00e4ren V\u00f6lkerrechts auf Wiedergutmachung<\/li>\n<li>\u00dcberblick \u00fcber das interamerikanische Menschenrechtssystem<\/li>\n<li>Ausl\u00e4nderrecht in Europa<\/li>\n<li>Menschenrechte \u2013 Einige Gedanken aus russischer Perspektive<\/li>\n<li>Rebellion f\u00fcr weibliche Autonomie \u2013 Eine Erinnerung an den 100. Geburtstag der Philosophin Simone de Beauvoir<\/li>\n<\/ul>\n","protected":false},"featured_media":54645,"template":"","meta":{"_acf_changed":false},"product_brand":[],"product_cat":[6225],"product_tag":[],"class_list":{"0":"post-52595","1":"product","2":"type-product","3":"status-publish","4":"has-post-thumbnail","6":"product_cat-recht-web-kategorie","7":"zeitschriften-menschenrechtsmagazin","9":"first","10":"instock","11":"shipping-taxable","12":"purchasable","13":"product-type-simple"},"acf":[],"yoast_head":"<!-- This site is optimized with the Yoast SEO plugin v27.1.1 - https:\/\/yoast.com\/product\/yoast-seo-wordpress\/ -->\n<title>MenschenRechtsMagazin ; 13 (2008) 1 - Universit\u00e4tsverlag Potsdam<\/title>\n<meta name=\"robots\" content=\"index, follow, max-snippet:-1, max-image-preview:large, max-video-preview:-1\" \/>\n<link rel=\"canonical\" href=\"https:\/\/shop.verlag.uni-potsdam.de\/en\/shop\/menschenrechtsmagazin-13-2008-1\/\" \/>\n<meta property=\"og:locale\" content=\"en_US\" \/>\n<meta property=\"og:type\" content=\"article\" \/>\n<meta property=\"og:title\" content=\"MenschenRechtsMagazin ; 13 (2008) 1 - Universit\u00e4tsverlag Potsdam\" \/>\n<meta property=\"og:description\" content=\"Themenschwerpunkte:Meinungsfreiheit und Ehrenschutz nach dem Internationalen Pakt \u00fcber b\u00fcrgerliche und politische RechteMeinungs\u00e4u\u00dferungsfreiheit und Ehrenschutz nach der Europ\u00e4ischen MenschenrechtskonventionKulturtranszendenz und kulturkritische Elemente der Menschenw\u00fcrdeDas Recht der Opfer schwerer Menschenrechtsverletzungen und schwerer Verletzungen des internationalen humanit\u00e4ren V\u00f6lkerrechts auf Wiedergutmachung\u00dcberblick \u00fcber das interamerikanische MenschenrechtssystemAusl\u00e4nderrecht in EuropaMenschenrechte \u2013 Einige Gedanken aus russischer PerspektiveRebellion f\u00fcr weibliche Autonomie \u2013 Eine Erinnerung an den 100. Geburtstag der Philosophin Simone de Beauvoir\" \/>\n<meta property=\"og:url\" content=\"https:\/\/shop.verlag.uni-potsdam.de\/en\/shop\/menschenrechtsmagazin-13-2008-1\/\" \/>\n<meta property=\"og:site_name\" content=\"Universit\u00e4tsverlag Potsdam\" \/>\n<meta property=\"article:modified_time\" content=\"2026-03-23T10:54:12+00:00\" \/>\n<meta property=\"og:image\" content=\"https:\/\/shop.verlag.uni-potsdam.de\/wp-content\/uploads\/asolmerce\/image-21207.jpg\" \/>\n\t<meta property=\"og:image:width\" content=\"452\" \/>\n\t<meta property=\"og:image:height\" content=\"640\" \/>\n\t<meta property=\"og:image:type\" content=\"image\/jpeg\" \/>\n<meta name=\"twitter:card\" content=\"summary_large_image\" \/>\n<script type=\"application\/ld+json\" class=\"yoast-schema-graph\">{\"@context\":\"https:\/\/schema.org\",\"@graph\":[{\"@type\":\"WebPage\",\"@id\":\"https:\/\/shop.verlag.uni-potsdam.de\/en\/shop\/menschenrechtsmagazin-13-2008-1\/\",\"url\":\"https:\/\/shop.verlag.uni-potsdam.de\/en\/shop\/menschenrechtsmagazin-13-2008-1\/\",\"name\":\"MenschenRechtsMagazin ; 13 (2008) 1 - Universit\u00e4tsverlag Potsdam\",\"isPartOf\":{\"@id\":\"https:\/\/shop.verlag.uni-potsdam.de\/en\/#website\"},\"primaryImageOfPage\":{\"@id\":\"https:\/\/shop.verlag.uni-potsdam.de\/en\/shop\/menschenrechtsmagazin-13-2008-1\/#primaryimage\"},\"image\":{\"@id\":\"https:\/\/shop.verlag.uni-potsdam.de\/shop\/menschenrechtsmagazin-13-2008-1\/#primaryimage\"},\"thumbnailUrl\":\"https:\/\/shop.verlag.uni-potsdam.de\/wp-content\/uploads\/asolmerce\/image-21207.jpg\",\"datePublished\":\"2026-03-23T08:53:12+00:00\",\"dateModified\":\"2026-03-23T10:54:12+00:00\",\"breadcrumb\":{\"@id\":\"https:\/\/shop.verlag.uni-potsdam.de\/en\/shop\/menschenrechtsmagazin-13-2008-1\/#breadcrumb\"},\"inLanguage\":\"en-US\",\"potentialAction\":[{\"@type\":\"ReadAction\",\"target\":[[\"https:\/\/shop.verlag.uni-potsdam.de\/en\/shop\/menschenrechtsmagazin-13-2008-1\/\"]]}]},{\"@type\":\"ImageObject\",\"inLanguage\":\"en-US\",\"@id\":\"https:\/\/shop.verlag.uni-potsdam.de\/en\/shop\/menschenrechtsmagazin-13-2008-1\/#primaryimage\",\"url\":\"https:\/\/shop.verlag.uni-potsdam.de\/wp-content\/uploads\/asolmerce\/image-21207.jpg\",\"contentUrl\":\"https:\/\/shop.verlag.uni-potsdam.de\/wp-content\/uploads\/asolmerce\/image-21207.jpg\",\"width\":452,\"height\":640},{\"@type\":\"BreadcrumbList\",\"@id\":\"https:\/\/shop.verlag.uni-potsdam.de\/en\/shop\/menschenrechtsmagazin-13-2008-1\/#breadcrumb\",\"itemListElement\":[{\"@type\":\"ListItem\",\"position\":1,\"name\":\"Startseite\",\"item\":\"https:\/\/shop.verlag.uni-potsdam.de\/en\/\"},{\"@type\":\"ListItem\",\"position\":2,\"name\":\"Shop\",\"item\":\"https:\/\/shop.verlag.uni-potsdam.de\/en\/shop\/\"},{\"@type\":\"ListItem\",\"position\":3,\"name\":\"MenschenRechtsMagazin ; 13 (2008) 1\"}]},{\"@type\":\"WebSite\",\"@id\":\"https:\/\/shop.verlag.uni-potsdam.de\/en\/#website\",\"url\":\"https:\/\/shop.verlag.uni-potsdam.de\/en\/\",\"name\":\"Universit\u00e4tsverlag Potsdam\",\"description\":\"\",\"publisher\":{\"@id\":\"https:\/\/shop.verlag.uni-potsdam.de\/en\/#organization\"},\"potentialAction\":[{\"@type\":\"SearchAction\",\"target\":{\"@type\":\"EntryPoint\",\"urlTemplate\":\"https:\/\/shop.verlag.uni-potsdam.de\/en\/?s={search_term_string}\"},\"query-input\":{\"@type\":\"PropertyValueSpecification\",\"valueRequired\":true,\"valueName\":\"search_term_string\"}}],\"inLanguage\":\"en-US\"},{\"@type\":\"Organization\",\"@id\":\"https:\/\/shop.verlag.uni-potsdam.de\/en\/#organization\",\"name\":\"Universit\u00e4tsverlag Potsdam\",\"url\":\"https:\/\/shop.verlag.uni-potsdam.de\/en\/\",\"logo\":{\"@type\":\"ImageObject\",\"inLanguage\":\"en-US\",\"@id\":\"https:\/\/shop.verlag.uni-potsdam.de\/en\/#\/schema\/logo\/image\/\",\"url\":\"https:\/\/shop.verlag.uni-potsdam.de\/wp-content\/uploads\/2017\/04\/up_logo_university_2.png\",\"contentUrl\":\"https:\/\/shop.verlag.uni-potsdam.de\/wp-content\/uploads\/2017\/04\/up_logo_university_2.png\",\"width\":160,\"height\":172,\"caption\":\"Universit\u00e4tsverlag Potsdam\"},\"image\":{\"@id\":\"https:\/\/shop.verlag.uni-potsdam.de\/en\/#\/schema\/logo\/image\/\"}}]}<\/script>\n<!-- \/ Yoast SEO plugin. -->","yoast_head_json":{"title":"MenschenRechtsMagazin ; 13 (2008) 1 - Universit\u00e4tsverlag Potsdam","robots":{"index":"index","follow":"follow","max-snippet":"max-snippet:-1","max-image-preview":"max-image-preview:large","max-video-preview":"max-video-preview:-1"},"canonical":"https:\/\/shop.verlag.uni-potsdam.de\/en\/shop\/menschenrechtsmagazin-13-2008-1\/","og_locale":"en_US","og_type":"article","og_title":"MenschenRechtsMagazin ; 13 (2008) 1 - Universit\u00e4tsverlag Potsdam","og_description":"Themenschwerpunkte:Meinungsfreiheit und Ehrenschutz nach dem Internationalen Pakt \u00fcber b\u00fcrgerliche und politische RechteMeinungs\u00e4u\u00dferungsfreiheit und Ehrenschutz nach der Europ\u00e4ischen MenschenrechtskonventionKulturtranszendenz und kulturkritische Elemente der Menschenw\u00fcrdeDas Recht der Opfer schwerer Menschenrechtsverletzungen und schwerer Verletzungen des internationalen humanit\u00e4ren V\u00f6lkerrechts auf Wiedergutmachung\u00dcberblick \u00fcber das interamerikanische MenschenrechtssystemAusl\u00e4nderrecht in EuropaMenschenrechte \u2013 Einige Gedanken aus russischer PerspektiveRebellion f\u00fcr weibliche Autonomie \u2013 Eine Erinnerung an den 100. Geburtstag der Philosophin Simone de Beauvoir","og_url":"https:\/\/shop.verlag.uni-potsdam.de\/en\/shop\/menschenrechtsmagazin-13-2008-1\/","og_site_name":"Universit\u00e4tsverlag Potsdam","article_modified_time":"2026-03-23T10:54:12+00:00","og_image":[{"width":452,"height":640,"url":"https:\/\/shop.verlag.uni-potsdam.de\/wp-content\/uploads\/asolmerce\/image-21207.jpg","type":"image\/jpeg"}],"twitter_card":"summary_large_image","schema":{"@context":"https:\/\/schema.org","@graph":[{"@type":"WebPage","@id":"https:\/\/shop.verlag.uni-potsdam.de\/en\/shop\/menschenrechtsmagazin-13-2008-1\/","url":"https:\/\/shop.verlag.uni-potsdam.de\/en\/shop\/menschenrechtsmagazin-13-2008-1\/","name":"MenschenRechtsMagazin ; 13 (2008) 1 - Universit\u00e4tsverlag Potsdam","isPartOf":{"@id":"https:\/\/shop.verlag.uni-potsdam.de\/en\/#website"},"primaryImageOfPage":{"@id":"https:\/\/shop.verlag.uni-potsdam.de\/en\/shop\/menschenrechtsmagazin-13-2008-1\/#primaryimage"},"image":{"@id":"https:\/\/shop.verlag.uni-potsdam.de\/shop\/menschenrechtsmagazin-13-2008-1\/#primaryimage"},"thumbnailUrl":"https:\/\/shop.verlag.uni-potsdam.de\/wp-content\/uploads\/asolmerce\/image-21207.jpg","datePublished":"2026-03-23T08:53:12+00:00","dateModified":"2026-03-23T10:54:12+00:00","breadcrumb":{"@id":"https:\/\/shop.verlag.uni-potsdam.de\/en\/shop\/menschenrechtsmagazin-13-2008-1\/#breadcrumb"},"inLanguage":"en-US","potentialAction":[{"@type":"ReadAction","target":[["https:\/\/shop.verlag.uni-potsdam.de\/en\/shop\/menschenrechtsmagazin-13-2008-1\/"]]}]},{"@type":"ImageObject","inLanguage":"en-US","@id":"https:\/\/shop.verlag.uni-potsdam.de\/en\/shop\/menschenrechtsmagazin-13-2008-1\/#primaryimage","url":"https:\/\/shop.verlag.uni-potsdam.de\/wp-content\/uploads\/asolmerce\/image-21207.jpg","contentUrl":"https:\/\/shop.verlag.uni-potsdam.de\/wp-content\/uploads\/asolmerce\/image-21207.jpg","width":452,"height":640},{"@type":"BreadcrumbList","@id":"https:\/\/shop.verlag.uni-potsdam.de\/en\/shop\/menschenrechtsmagazin-13-2008-1\/#breadcrumb","itemListElement":[{"@type":"ListItem","position":1,"name":"Startseite","item":"https:\/\/shop.verlag.uni-potsdam.de\/en\/"},{"@type":"ListItem","position":2,"name":"Shop","item":"https:\/\/shop.verlag.uni-potsdam.de\/en\/shop\/"},{"@type":"ListItem","position":3,"name":"MenschenRechtsMagazin ; 13 (2008) 1"}]},{"@type":"WebSite","@id":"https:\/\/shop.verlag.uni-potsdam.de\/en\/#website","url":"https:\/\/shop.verlag.uni-potsdam.de\/en\/","name":"Universit\u00e4tsverlag Potsdam","description":"","publisher":{"@id":"https:\/\/shop.verlag.uni-potsdam.de\/en\/#organization"},"potentialAction":[{"@type":"SearchAction","target":{"@type":"EntryPoint","urlTemplate":"https:\/\/shop.verlag.uni-potsdam.de\/en\/?s={search_term_string}"},"query-input":{"@type":"PropertyValueSpecification","valueRequired":true,"valueName":"search_term_string"}}],"inLanguage":"en-US"},{"@type":"Organization","@id":"https:\/\/shop.verlag.uni-potsdam.de\/en\/#organization","name":"Universit\u00e4tsverlag Potsdam","url":"https:\/\/shop.verlag.uni-potsdam.de\/en\/","logo":{"@type":"ImageObject","inLanguage":"en-US","@id":"https:\/\/shop.verlag.uni-potsdam.de\/en\/#\/schema\/logo\/image\/","url":"https:\/\/shop.verlag.uni-potsdam.de\/wp-content\/uploads\/2017\/04\/up_logo_university_2.png","contentUrl":"https:\/\/shop.verlag.uni-potsdam.de\/wp-content\/uploads\/2017\/04\/up_logo_university_2.png","width":160,"height":172,"caption":"Universit\u00e4tsverlag Potsdam"},"image":{"@id":"https:\/\/shop.verlag.uni-potsdam.de\/en\/#\/schema\/logo\/image\/"}}]}},"_links":{"self":[{"href":"https:\/\/shop.verlag.uni-potsdam.de\/en\/wp-json\/wp\/v2\/product\/52595","targetHints":{"allow":["GET"]}}],"collection":[{"href":"https:\/\/shop.verlag.uni-potsdam.de\/en\/wp-json\/wp\/v2\/product"}],"about":[{"href":"https:\/\/shop.verlag.uni-potsdam.de\/en\/wp-json\/wp\/v2\/types\/product"}],"wp:featuredmedia":[{"embeddable":true,"href":"https:\/\/shop.verlag.uni-potsdam.de\/en\/wp-json\/wp\/v2\/media\/54645"}],"wp:attachment":[{"href":"https:\/\/shop.verlag.uni-potsdam.de\/en\/wp-json\/wp\/v2\/media?parent=52595"}],"wp:term":[{"taxonomy":"product_brand","embeddable":true,"href":"https:\/\/shop.verlag.uni-potsdam.de\/en\/wp-json\/wp\/v2\/product_brand?post=52595"},{"taxonomy":"product_cat","embeddable":true,"href":"https:\/\/shop.verlag.uni-potsdam.de\/en\/wp-json\/wp\/v2\/product_cat?post=52595"},{"taxonomy":"product_tag","embeddable":true,"href":"https:\/\/shop.verlag.uni-potsdam.de\/en\/wp-json\/wp\/v2\/product_tag?post=52595"}],"curies":[{"name":"wp","href":"https:\/\/api.w.org\/{rel}","templated":true}]}}