{"id":52861,"date":"2026-03-23T08:53:35","date_gmt":"2026-03-23T08:53:35","guid":{"rendered":"http:\/\/shop.verlag.uni-potsdam.de\/produkt\/mgfn-1420102\/"},"modified":"2026-03-23T11:54:35","modified_gmt":"2026-03-23T10:54:35","slug":"militaer-und-gesellschaft-in-der-fruehen-neuzeit-14-2010-2","status":"publish","type":"product","link":"https:\/\/shop.verlag.uni-potsdam.de\/en\/shop\/militaer-und-gesellschaft-in-der-fruehen-neuzeit-14-2010-2\/","title":{"rendered":"Milit\u00e4r und Gesellschaft in der Fr\u00fchen Neuzeit  ; 14 (2010) 2"},"content":{"rendered":"<p class=\"qtranxs-available-languages-message qtranxs-available-languages-message-en\">Sorry, this entry is only available in <a href=\"https:\/\/shop.verlag.uni-potsdam.de\/de\/wp-json\/wp\/v2\/product\/52861\" class=\"qtranxs-available-language-link qtranxs-available-language-link-de\" title=\"Deutsch\">Deutsch<\/a>.<\/p><p>Aus dem Inhalt:<br \/><i>Aufs\u00e4tze<\/i><\/p>\n<ul>\n<li>Gregor M. Metzig: Kanonen im Wunderland. Deutsche B\u00fcchsensch\u00fctzen im portugiesischen Weltreich (1415-1640)<\/li>\n<li>Jan<br \/>\n Siefert: Das Pflichtgef\u00fchl der Samurai der Togukawa-Periode (1603-1868)<br \/>\n zwischen Kontinuit\u00e4t und Wandel am Beispiel der Loyalit\u00e4tsbeziehung<br \/>\nzwischen Bushi und Daimyou (F\u00fcrst)\/Tennou<\/li>\n<li>Janine Rischke:<br \/>\nKriegsbericht oder Gaukeley? Milit\u00e4r und Gesellschaft in Berliner<br \/>\nZeitungsartikeln in der ersten H\u00e4lfte des 18. Jahrhunderts<\/li>\n<\/ul>\n<p><i>Projekte<\/i><\/p>\n<ul>\n<li>Steffen<br \/>\n Leins: Reichsgraf Peter Melander von Holzappel (1589-1648). Aufstieg<br \/>\neines Bauernsohns als Kriegsunternehmer, Diplomat und<br \/>\nHerrschaftsorganisator<\/li>\n<li>Hassan Metwally: Wahrnehmung und<br \/>\nDarstellung von Krankheit und Tod im Stehenden Heer des 18.<br \/>\nJahrhunderts. Die Entwicklung von K\u00f6rperbildern im Milit\u00e4r im<br \/>\nSpannungsfeld zwischen akademischer Debatte, st\u00e4ndischer Tradition und<br \/>\nmilit\u00e4rischer Praxis<\/li>\n<li>Janine Rischke: Milit\u00e4r vor Gericht.<br \/>\nDevianz, Kriminalit\u00e4t und Strafpraxis in der preu\u00dfischen<br \/>\nMilit\u00e4rgesellschaft im 18. Jahrhundert<\/li>\n<li>Sixt Wetzler: Fighting and the combat arts in medieval Iceland<\/li>\n<li>Sandro Wiggerich: Milit\u00e4rgerichtsbarkeit und Jurisdiktionskonflikte 1648-1806<\/li>\n<\/ul>\n<p><i>Rezensionen<\/i><\/p>\n<ul>\n<li>Frederic<br \/>\n Gro\u00df: Sascha M\u00f6bius, Mehr Angst vor dem Offizier als vor dem Feind?<br \/>\nEine mentalit\u00e4tsgeschichtliche Studie zur preu\u00dfischen Taktik im<br \/>\nSiebenj\u00e4hrigen Krieg, Saarbr\u00fccken 2007<\/li>\n<li>Sophia von Knobelsdorff:<br \/>\nHolger Th. Gr\u00e4f, Lena Haunert und Christoph Kampmann (Hrsg.), Adliges<br \/>\nLeben am Ausgang des Ancien R\u00e9gime. Die Tagebuchaufzeichnungen<br \/>\n(1754-1798) des Georg Ernst von und zu Gilsa, &amp; Dies. (Hrsg.), Krieg<br \/>\n in Amerika und Aufkl\u00e4rung in Hessen. Die Privatbriefe (1772-1784) an<br \/>\nGeorg Ernst von und zu Gilsa, Marburg 2010<\/li>\n<li>Frederic Gro\u00df: Marcus von Salisch, Treue Deserteure. Das kurs\u00e4chsische Milit\u00e4r und der Siebenj\u00e4hrige Krieg, M\u00fcnchen 2009<\/li>\n<li>Steffen Leins: Lothar H\u00f6belt, Ferdinand III. (1608\u20131657). Friedenskaiser wider Willen, Graz 2008<\/li>\n<li>Eric<br \/>\n Piltz: Yolanda Rodr\u00edguez P\u00e9rez: The Dutch Revolt through Spanish Eyes.<br \/>\nSelf and Other in historical and literary texts of Golden Age Spain (c.<br \/>\n1548-1673), Oxford u. a. 2008<\/li>\n<li>Marcus von Salisch: J\u00fcrgen<br \/>\nKloosterhuis, S\u00f6nke Neitzel (Hrsg.), Krise, Reformen \u2013 und Milit\u00e4r.<br \/>\nPreu\u00dfen vor und nach der Katastrophe von 1806, Berlin 2009<\/li>\n<\/ul>\n<p><i>Ank\u00fcndigung<\/i><\/p>\n<ul>\n<li>Ausschreibung<br \/>\n zur Vergabe der 1. Burkhardt- und Hannelore-Otto-Preise f\u00fcr Arbeiten zu<br \/>\n Gewalt, Milit\u00e4r und Krieg in der Fr\u00fchen Neuzeit<\/li>\n<li>Ausschreibung Werner-Hahlweg-Preis 2012<\/li>\n<\/ul>\n<p><\/p>","protected":false},"excerpt":{"rendered":"<p class=\"qtranxs-available-languages-message qtranxs-available-languages-message-en\">Sorry, this entry is only available in <a href=\"https:\/\/shop.verlag.uni-potsdam.de\/de\/wp-json\/wp\/v2\/product\/52861\" class=\"qtranxs-available-language-link qtranxs-available-language-link-de\" title=\"Deutsch\">Deutsch<\/a>.<\/p>\n<p>Aus dem Inhalt:<br \/><i>Aufs\u00e4tze<\/i><\/p>\n<ul>\n<li>Gregor M. Metzig: Kanonen im Wunderland. Deutsche B\u00fcchsensch\u00fctzen im portugiesischen Weltreich (1415-1640)<\/li>\n<li>Jan<br \/>\n Siefert: Das Pflichtgef\u00fchl der Samurai der Togukawa-Periode (1603-1868)<br \/>\n zwischen Kontinuit\u00e4t und Wandel am Beispiel der Loyalit\u00e4tsbeziehung<br \/>\nzwischen Bushi und Daimyou (F\u00fcrst)\/Tennou<\/li>\n<li>Janine Rischke:<br \/>\nKriegsbericht oder Gaukeley? Milit\u00e4r und Gesellschaft in Berliner<br \/>\nZeitungsartikeln in der ersten H\u00e4lfte des 18. Jahrhunderts<\/li>\n<\/ul>\n<p><i>Projekte<\/i><\/p>\n<ul>\n<li>Steffen<br \/>\n Leins: Reichsgraf Peter Melander von Holzappel (1589-1648). Aufstieg<br \/>\neines Bauernsohns als Kriegsunternehmer, Diplomat und<br \/>\nHerrschaftsorganisator<\/li>\n<li>Hassan Metwally: Wahrnehmung und<br \/>\nDarstellung von Krankheit und Tod im Stehenden Heer des 18.<br \/>\nJahrhunderts. Die Entwicklung von K\u00f6rperbildern im Milit\u00e4r im<br \/>\nSpannungsfeld zwischen akademischer Debatte, st\u00e4ndischer Tradition und<br \/>\nmilit\u00e4rischer Praxis<\/li>\n<li>Janine Rischke: Milit\u00e4r vor Gericht.<br \/>\nDevianz, Kriminalit\u00e4t und Strafpraxis in der preu\u00dfischen<br \/>\nMilit\u00e4rgesellschaft im 18. Jahrhundert<\/li>\n<li>Sixt Wetzler: Fighting and the combat arts in medieval Iceland<\/li>\n<li>Sandro Wiggerich: Milit\u00e4rgerichtsbarkeit und Jurisdiktionskonflikte 1648-1806<\/li>\n<\/ul>\n<p><i>Rezensionen<\/i><\/p>\n<ul>\n<li>Frederic<br \/>\n Gro\u00df: Sascha M\u00f6bius, Mehr Angst vor dem Offizier als vor dem Feind?<br \/>\nEine mentalit\u00e4tsgeschichtliche Studie zur preu\u00dfischen Taktik im<br \/>\nSiebenj\u00e4hrigen Krieg, Saarbr\u00fccken 2007<\/li>\n<li>Sophia von Knobelsdorff:<br \/>\nHolger Th. Gr\u00e4f, Lena Haunert und Christoph Kampmann (Hrsg.), Adliges<br \/>\nLeben am Ausgang des Ancien R\u00e9gime. Die Tagebuchaufzeichnungen<br \/>\n(1754-1798) des Georg Ernst von und zu Gilsa, &amp; Dies. (Hrsg.), Krieg<br \/>\n in Amerika und Aufkl\u00e4rung in Hessen. Die Privatbriefe (1772-1784) an<br \/>\nGeorg Ernst von und zu Gilsa, Marburg 2010<\/li>\n<li>Frederic Gro\u00df: Marcus von Salisch, Treue Deserteure. Das kurs\u00e4chsische Milit\u00e4r und der Siebenj\u00e4hrige Krieg, M\u00fcnchen 2009<\/li>\n<li>Steffen Leins: Lothar H\u00f6belt, Ferdinand III. (1608\u20131657). Friedenskaiser wider Willen, Graz 2008<\/li>\n<li>Eric<br \/>\n Piltz: Yolanda Rodr\u00edguez P\u00e9rez: The Dutch Revolt through Spanish Eyes.<br \/>\nSelf and Other in historical and literary texts of Golden Age Spain (c.<br \/>\n1548-1673), Oxford u. a. 2008<\/li>\n<li>Marcus von Salisch: J\u00fcrgen<br \/>\nKloosterhuis, S\u00f6nke Neitzel (Hrsg.), Krise, Reformen \u2013 und Milit\u00e4r.<br \/>\nPreu\u00dfen vor und nach der Katastrophe von 1806, Berlin 2009<\/li>\n<\/ul>\n<p><i>Ank\u00fcndigung<\/i><\/p>\n<ul>\n<li>Ausschreibung<br \/>\n zur Vergabe der 1. Burkhardt- und Hannelore-Otto-Preise f\u00fcr Arbeiten zu<br \/>\n Gewalt, Milit\u00e4r und Krieg in der Fr\u00fchen Neuzeit<\/li>\n<li>Ausschreibung Werner-Hahlweg-Preis 2012<\/li>\n<\/ul>\n","protected":false},"featured_media":59459,"template":"","meta":{"_acf_changed":false},"product_brand":[],"product_cat":[6207],"product_tag":[6340],"class_list":{"0":"post-52861","1":"product","2":"type-product","3":"status-publish","4":"has-post-thumbnail","6":"product_cat-geschichte-web-kategorie","7":"product_tag-militaer-portugal-samurai-japan-militaergerichtsbarkeit","8":"zeitschriften-militaer-und-gesellschaft-in-der-fruehen-neuzeit","10":"first","11":"instock","12":"shipping-taxable","13":"purchasable","14":"product-type-simple"},"acf":[],"yoast_head":"<!-- This site is optimized with the Yoast SEO plugin v27.1.1 - https:\/\/yoast.com\/product\/yoast-seo-wordpress\/ -->\n<title>Milit\u00e4r und Gesellschaft in der Fr\u00fchen Neuzeit ; 14 (2010) 2 - Universit\u00e4tsverlag Potsdam<\/title>\n<meta name=\"robots\" content=\"index, follow, max-snippet:-1, max-image-preview:large, max-video-preview:-1\" \/>\n<link rel=\"canonical\" href=\"https:\/\/shop.verlag.uni-potsdam.de\/en\/shop\/militaer-und-gesellschaft-in-der-fruehen-neuzeit-14-2010-2\/\" \/>\n<meta property=\"og:locale\" content=\"en_US\" \/>\n<meta property=\"og:type\" content=\"article\" \/>\n<meta property=\"og:title\" content=\"Milit\u00e4r und Gesellschaft in der Fr\u00fchen Neuzeit ; 14 (2010) 2 - Universit\u00e4tsverlag Potsdam\" \/>\n<meta property=\"og:description\" content=\"Aus dem Inhalt:Aufs\u00e4tzeGregor M. Metzig: Kanonen im Wunderland. Deutsche B\u00fcchsensch\u00fctzen im portugiesischen Weltreich (1415-1640)Jan Siefert: Das Pflichtgef\u00fchl der Samurai der Togukawa-Periode (1603-1868) zwischen Kontinuit\u00e4t und Wandel am Beispiel der Loyalit\u00e4tsbeziehung zwischen Bushi und Daimyou (F\u00fcrst)\/TennouJanine Rischke: Kriegsbericht oder Gaukeley? Milit\u00e4r und Gesellschaft in Berliner Zeitungsartikeln in der ersten H\u00e4lfte des 18. JahrhundertsProjekteSteffen Leins: Reichsgraf Peter Melander von Holzappel (1589-1648). Aufstieg eines Bauernsohns als Kriegsunternehmer, Diplomat und HerrschaftsorganisatorHassan Metwally: Wahrnehmung und Darstellung von Krankheit und Tod im Stehenden Heer des 18. Jahrhunderts. Die Entwicklung von K\u00f6rperbildern im Milit\u00e4r im Spannungsfeld zwischen akademischer Debatte, st\u00e4ndischer Tradition und milit\u00e4rischer PraxisJanine Rischke: Milit\u00e4r vor Gericht. Devianz, Kriminalit\u00e4t und Strafpraxis in der preu\u00dfischen Milit\u00e4rgesellschaft im 18. JahrhundertSixt Wetzler: Fighting and the combat arts in medieval IcelandSandro Wiggerich: Milit\u00e4rgerichtsbarkeit und Jurisdiktionskonflikte 1648-1806RezensionenFrederic Gro\u00df: Sascha M\u00f6bius, Mehr Angst vor dem Offizier als vor dem Feind? Eine mentalit\u00e4tsgeschichtliche Studie zur preu\u00dfischen Taktik im Siebenj\u00e4hrigen Krieg, Saarbr\u00fccken 2007Sophia von Knobelsdorff: Holger Th. Gr\u00e4f, Lena Haunert und Christoph Kampmann (Hrsg.), Adliges Leben am Ausgang des Ancien R\u00e9gime. Die Tagebuchaufzeichnungen (1754-1798) des Georg Ernst von und zu Gilsa, &amp; Dies. (Hrsg.), Krieg in Amerika und Aufkl\u00e4rung in Hessen. Die Privatbriefe (1772-1784) an Georg Ernst von und zu Gilsa, Marburg 2010Frederic Gro\u00df: Marcus von Salisch, Treue Deserteure. Das kurs\u00e4chsische Milit\u00e4r und der Siebenj\u00e4hrige Krieg, M\u00fcnchen 2009Steffen Leins: Lothar H\u00f6belt, Ferdinand III. (1608\u20131657). Friedenskaiser wider Willen, Graz 2008Eric Piltz: Yolanda Rodr\u00edguez P\u00e9rez: The Dutch Revolt through Spanish Eyes. Self and Other in historical and literary texts of Golden Age Spain (c. 1548-1673), Oxford u. a. 2008Marcus von Salisch: J\u00fcrgen Kloosterhuis, S\u00f6nke Neitzel (Hrsg.), Krise, Reformen \u2013 und Milit\u00e4r. Preu\u00dfen vor und nach der Katastrophe von 1806, Berlin 2009Ank\u00fcndigungAusschreibung zur Vergabe der 1. Burkhardt- und Hannelore-Otto-Preise f\u00fcr Arbeiten zu Gewalt, Milit\u00e4r und Krieg in der Fr\u00fchen NeuzeitAusschreibung Werner-Hahlweg-Preis 2012\" \/>\n<meta property=\"og:url\" content=\"https:\/\/shop.verlag.uni-potsdam.de\/en\/shop\/militaer-und-gesellschaft-in-der-fruehen-neuzeit-14-2010-2\/\" \/>\n<meta property=\"og:site_name\" content=\"Universit\u00e4tsverlag Potsdam\" \/>\n<meta property=\"article:modified_time\" content=\"2026-03-23T10:54:35+00:00\" \/>\n<meta property=\"og:image\" content=\"https:\/\/shop.verlag.uni-potsdam.de\/wp-content\/uploads\/asolmerce\/image-21500.jpg\" \/>\n\t<meta property=\"og:image:width\" content=\"1166\" \/>\n\t<meta property=\"og:image:height\" content=\"1654\" \/>\n\t<meta property=\"og:image:type\" content=\"image\/jpeg\" \/>\n<meta name=\"twitter:card\" content=\"summary_large_image\" \/>\n<meta name=\"twitter:label1\" content=\"Est. reading time\" \/>\n\t<meta name=\"twitter:data1\" content=\"2 minutes\" \/>\n<script type=\"application\/ld+json\" class=\"yoast-schema-graph\">{\"@context\":\"https:\/\/schema.org\",\"@graph\":[{\"@type\":\"WebPage\",\"@id\":\"https:\/\/shop.verlag.uni-potsdam.de\/en\/shop\/militaer-und-gesellschaft-in-der-fruehen-neuzeit-14-2010-2\/\",\"url\":\"https:\/\/shop.verlag.uni-potsdam.de\/en\/shop\/militaer-und-gesellschaft-in-der-fruehen-neuzeit-14-2010-2\/\",\"name\":\"Milit\u00e4r und Gesellschaft in der Fr\u00fchen Neuzeit ; 14 (2010) 2 - Universit\u00e4tsverlag Potsdam\",\"isPartOf\":{\"@id\":\"https:\/\/shop.verlag.uni-potsdam.de\/en\/#website\"},\"primaryImageOfPage\":{\"@id\":\"https:\/\/shop.verlag.uni-potsdam.de\/en\/shop\/militaer-und-gesellschaft-in-der-fruehen-neuzeit-14-2010-2\/#primaryimage\"},\"image\":{\"@id\":\"https:\/\/shop.verlag.uni-potsdam.de\/shop\/militaer-und-gesellschaft-in-der-fruehen-neuzeit-14-2010-2\/#primaryimage\"},\"thumbnailUrl\":\"https:\/\/shop.verlag.uni-potsdam.de\/wp-content\/uploads\/asolmerce\/image-21500.jpg\",\"datePublished\":\"2026-03-23T08:53:35+00:00\",\"dateModified\":\"2026-03-23T10:54:35+00:00\",\"breadcrumb\":{\"@id\":\"https:\/\/shop.verlag.uni-potsdam.de\/en\/shop\/militaer-und-gesellschaft-in-der-fruehen-neuzeit-14-2010-2\/#breadcrumb\"},\"inLanguage\":\"en-US\",\"potentialAction\":[{\"@type\":\"ReadAction\",\"target\":[[\"https:\/\/shop.verlag.uni-potsdam.de\/en\/shop\/militaer-und-gesellschaft-in-der-fruehen-neuzeit-14-2010-2\/\"]]}]},{\"@type\":\"ImageObject\",\"inLanguage\":\"en-US\",\"@id\":\"https:\/\/shop.verlag.uni-potsdam.de\/en\/shop\/militaer-und-gesellschaft-in-der-fruehen-neuzeit-14-2010-2\/#primaryimage\",\"url\":\"https:\/\/shop.verlag.uni-potsdam.de\/wp-content\/uploads\/asolmerce\/image-21500.jpg\",\"contentUrl\":\"https:\/\/shop.verlag.uni-potsdam.de\/wp-content\/uploads\/asolmerce\/image-21500.jpg\",\"width\":1166,\"height\":1654},{\"@type\":\"BreadcrumbList\",\"@id\":\"https:\/\/shop.verlag.uni-potsdam.de\/en\/shop\/militaer-und-gesellschaft-in-der-fruehen-neuzeit-14-2010-2\/#breadcrumb\",\"itemListElement\":[{\"@type\":\"ListItem\",\"position\":1,\"name\":\"Startseite\",\"item\":\"https:\/\/shop.verlag.uni-potsdam.de\/en\/\"},{\"@type\":\"ListItem\",\"position\":2,\"name\":\"Shop\",\"item\":\"https:\/\/shop.verlag.uni-potsdam.de\/en\/shop\/\"},{\"@type\":\"ListItem\",\"position\":3,\"name\":\"Milit\u00e4r und Gesellschaft in der Fr\u00fchen Neuzeit ; 14 (2010) 2\"}]},{\"@type\":\"WebSite\",\"@id\":\"https:\/\/shop.verlag.uni-potsdam.de\/en\/#website\",\"url\":\"https:\/\/shop.verlag.uni-potsdam.de\/en\/\",\"name\":\"Universit\u00e4tsverlag Potsdam\",\"description\":\"\",\"publisher\":{\"@id\":\"https:\/\/shop.verlag.uni-potsdam.de\/en\/#organization\"},\"potentialAction\":[{\"@type\":\"SearchAction\",\"target\":{\"@type\":\"EntryPoint\",\"urlTemplate\":\"https:\/\/shop.verlag.uni-potsdam.de\/en\/?s={search_term_string}\"},\"query-input\":{\"@type\":\"PropertyValueSpecification\",\"valueRequired\":true,\"valueName\":\"search_term_string\"}}],\"inLanguage\":\"en-US\"},{\"@type\":\"Organization\",\"@id\":\"https:\/\/shop.verlag.uni-potsdam.de\/en\/#organization\",\"name\":\"Universit\u00e4tsverlag Potsdam\",\"url\":\"https:\/\/shop.verlag.uni-potsdam.de\/en\/\",\"logo\":{\"@type\":\"ImageObject\",\"inLanguage\":\"en-US\",\"@id\":\"https:\/\/shop.verlag.uni-potsdam.de\/en\/#\/schema\/logo\/image\/\",\"url\":\"https:\/\/shop.verlag.uni-potsdam.de\/wp-content\/uploads\/2017\/04\/up_logo_university_2.png\",\"contentUrl\":\"https:\/\/shop.verlag.uni-potsdam.de\/wp-content\/uploads\/2017\/04\/up_logo_university_2.png\",\"width\":160,\"height\":172,\"caption\":\"Universit\u00e4tsverlag Potsdam\"},\"image\":{\"@id\":\"https:\/\/shop.verlag.uni-potsdam.de\/en\/#\/schema\/logo\/image\/\"}}]}<\/script>\n<!-- \/ Yoast SEO plugin. -->","yoast_head_json":{"title":"Milit\u00e4r und Gesellschaft in der Fr\u00fchen Neuzeit ; 14 (2010) 2 - Universit\u00e4tsverlag Potsdam","robots":{"index":"index","follow":"follow","max-snippet":"max-snippet:-1","max-image-preview":"max-image-preview:large","max-video-preview":"max-video-preview:-1"},"canonical":"https:\/\/shop.verlag.uni-potsdam.de\/en\/shop\/militaer-und-gesellschaft-in-der-fruehen-neuzeit-14-2010-2\/","og_locale":"en_US","og_type":"article","og_title":"Milit\u00e4r und Gesellschaft in der Fr\u00fchen Neuzeit ; 14 (2010) 2 - Universit\u00e4tsverlag Potsdam","og_description":"Aus dem Inhalt:Aufs\u00e4tzeGregor M. Metzig: Kanonen im Wunderland. Deutsche B\u00fcchsensch\u00fctzen im portugiesischen Weltreich (1415-1640)Jan Siefert: Das Pflichtgef\u00fchl der Samurai der Togukawa-Periode (1603-1868) zwischen Kontinuit\u00e4t und Wandel am Beispiel der Loyalit\u00e4tsbeziehung zwischen Bushi und Daimyou (F\u00fcrst)\/TennouJanine Rischke: Kriegsbericht oder Gaukeley? Milit\u00e4r und Gesellschaft in Berliner Zeitungsartikeln in der ersten H\u00e4lfte des 18. JahrhundertsProjekteSteffen Leins: Reichsgraf Peter Melander von Holzappel (1589-1648). Aufstieg eines Bauernsohns als Kriegsunternehmer, Diplomat und HerrschaftsorganisatorHassan Metwally: Wahrnehmung und Darstellung von Krankheit und Tod im Stehenden Heer des 18. Jahrhunderts. Die Entwicklung von K\u00f6rperbildern im Milit\u00e4r im Spannungsfeld zwischen akademischer Debatte, st\u00e4ndischer Tradition und milit\u00e4rischer PraxisJanine Rischke: Milit\u00e4r vor Gericht. Devianz, Kriminalit\u00e4t und Strafpraxis in der preu\u00dfischen Milit\u00e4rgesellschaft im 18. JahrhundertSixt Wetzler: Fighting and the combat arts in medieval IcelandSandro Wiggerich: Milit\u00e4rgerichtsbarkeit und Jurisdiktionskonflikte 1648-1806RezensionenFrederic Gro\u00df: Sascha M\u00f6bius, Mehr Angst vor dem Offizier als vor dem Feind? Eine mentalit\u00e4tsgeschichtliche Studie zur preu\u00dfischen Taktik im Siebenj\u00e4hrigen Krieg, Saarbr\u00fccken 2007Sophia von Knobelsdorff: Holger Th. Gr\u00e4f, Lena Haunert und Christoph Kampmann (Hrsg.), Adliges Leben am Ausgang des Ancien R\u00e9gime. Die Tagebuchaufzeichnungen (1754-1798) des Georg Ernst von und zu Gilsa, &amp; Dies. (Hrsg.), Krieg in Amerika und Aufkl\u00e4rung in Hessen. Die Privatbriefe (1772-1784) an Georg Ernst von und zu Gilsa, Marburg 2010Frederic Gro\u00df: Marcus von Salisch, Treue Deserteure. Das kurs\u00e4chsische Milit\u00e4r und der Siebenj\u00e4hrige Krieg, M\u00fcnchen 2009Steffen Leins: Lothar H\u00f6belt, Ferdinand III. (1608\u20131657). Friedenskaiser wider Willen, Graz 2008Eric Piltz: Yolanda Rodr\u00edguez P\u00e9rez: The Dutch Revolt through Spanish Eyes. Self and Other in historical and literary texts of Golden Age Spain (c. 1548-1673), Oxford u. a. 2008Marcus von Salisch: J\u00fcrgen Kloosterhuis, S\u00f6nke Neitzel (Hrsg.), Krise, Reformen \u2013 und Milit\u00e4r. Preu\u00dfen vor und nach der Katastrophe von 1806, Berlin 2009Ank\u00fcndigungAusschreibung zur Vergabe der 1. Burkhardt- und Hannelore-Otto-Preise f\u00fcr Arbeiten zu Gewalt, Milit\u00e4r und Krieg in der Fr\u00fchen NeuzeitAusschreibung Werner-Hahlweg-Preis 2012","og_url":"https:\/\/shop.verlag.uni-potsdam.de\/en\/shop\/militaer-und-gesellschaft-in-der-fruehen-neuzeit-14-2010-2\/","og_site_name":"Universit\u00e4tsverlag Potsdam","article_modified_time":"2026-03-23T10:54:35+00:00","og_image":[{"width":1166,"height":1654,"url":"https:\/\/shop.verlag.uni-potsdam.de\/wp-content\/uploads\/asolmerce\/image-21500.jpg","type":"image\/jpeg"}],"twitter_card":"summary_large_image","twitter_misc":{"Est. reading time":"2 minutes"},"schema":{"@context":"https:\/\/schema.org","@graph":[{"@type":"WebPage","@id":"https:\/\/shop.verlag.uni-potsdam.de\/en\/shop\/militaer-und-gesellschaft-in-der-fruehen-neuzeit-14-2010-2\/","url":"https:\/\/shop.verlag.uni-potsdam.de\/en\/shop\/militaer-und-gesellschaft-in-der-fruehen-neuzeit-14-2010-2\/","name":"Milit\u00e4r und Gesellschaft in der Fr\u00fchen Neuzeit ; 14 (2010) 2 - Universit\u00e4tsverlag Potsdam","isPartOf":{"@id":"https:\/\/shop.verlag.uni-potsdam.de\/en\/#website"},"primaryImageOfPage":{"@id":"https:\/\/shop.verlag.uni-potsdam.de\/en\/shop\/militaer-und-gesellschaft-in-der-fruehen-neuzeit-14-2010-2\/#primaryimage"},"image":{"@id":"https:\/\/shop.verlag.uni-potsdam.de\/shop\/militaer-und-gesellschaft-in-der-fruehen-neuzeit-14-2010-2\/#primaryimage"},"thumbnailUrl":"https:\/\/shop.verlag.uni-potsdam.de\/wp-content\/uploads\/asolmerce\/image-21500.jpg","datePublished":"2026-03-23T08:53:35+00:00","dateModified":"2026-03-23T10:54:35+00:00","breadcrumb":{"@id":"https:\/\/shop.verlag.uni-potsdam.de\/en\/shop\/militaer-und-gesellschaft-in-der-fruehen-neuzeit-14-2010-2\/#breadcrumb"},"inLanguage":"en-US","potentialAction":[{"@type":"ReadAction","target":[["https:\/\/shop.verlag.uni-potsdam.de\/en\/shop\/militaer-und-gesellschaft-in-der-fruehen-neuzeit-14-2010-2\/"]]}]},{"@type":"ImageObject","inLanguage":"en-US","@id":"https:\/\/shop.verlag.uni-potsdam.de\/en\/shop\/militaer-und-gesellschaft-in-der-fruehen-neuzeit-14-2010-2\/#primaryimage","url":"https:\/\/shop.verlag.uni-potsdam.de\/wp-content\/uploads\/asolmerce\/image-21500.jpg","contentUrl":"https:\/\/shop.verlag.uni-potsdam.de\/wp-content\/uploads\/asolmerce\/image-21500.jpg","width":1166,"height":1654},{"@type":"BreadcrumbList","@id":"https:\/\/shop.verlag.uni-potsdam.de\/en\/shop\/militaer-und-gesellschaft-in-der-fruehen-neuzeit-14-2010-2\/#breadcrumb","itemListElement":[{"@type":"ListItem","position":1,"name":"Startseite","item":"https:\/\/shop.verlag.uni-potsdam.de\/en\/"},{"@type":"ListItem","position":2,"name":"Shop","item":"https:\/\/shop.verlag.uni-potsdam.de\/en\/shop\/"},{"@type":"ListItem","position":3,"name":"Milit\u00e4r und Gesellschaft in der Fr\u00fchen Neuzeit ; 14 (2010) 2"}]},{"@type":"WebSite","@id":"https:\/\/shop.verlag.uni-potsdam.de\/en\/#website","url":"https:\/\/shop.verlag.uni-potsdam.de\/en\/","name":"Universit\u00e4tsverlag Potsdam","description":"","publisher":{"@id":"https:\/\/shop.verlag.uni-potsdam.de\/en\/#organization"},"potentialAction":[{"@type":"SearchAction","target":{"@type":"EntryPoint","urlTemplate":"https:\/\/shop.verlag.uni-potsdam.de\/en\/?s={search_term_string}"},"query-input":{"@type":"PropertyValueSpecification","valueRequired":true,"valueName":"search_term_string"}}],"inLanguage":"en-US"},{"@type":"Organization","@id":"https:\/\/shop.verlag.uni-potsdam.de\/en\/#organization","name":"Universit\u00e4tsverlag Potsdam","url":"https:\/\/shop.verlag.uni-potsdam.de\/en\/","logo":{"@type":"ImageObject","inLanguage":"en-US","@id":"https:\/\/shop.verlag.uni-potsdam.de\/en\/#\/schema\/logo\/image\/","url":"https:\/\/shop.verlag.uni-potsdam.de\/wp-content\/uploads\/2017\/04\/up_logo_university_2.png","contentUrl":"https:\/\/shop.verlag.uni-potsdam.de\/wp-content\/uploads\/2017\/04\/up_logo_university_2.png","width":160,"height":172,"caption":"Universit\u00e4tsverlag Potsdam"},"image":{"@id":"https:\/\/shop.verlag.uni-potsdam.de\/en\/#\/schema\/logo\/image\/"}}]}},"_links":{"self":[{"href":"https:\/\/shop.verlag.uni-potsdam.de\/en\/wp-json\/wp\/v2\/product\/52861","targetHints":{"allow":["GET"]}}],"collection":[{"href":"https:\/\/shop.verlag.uni-potsdam.de\/en\/wp-json\/wp\/v2\/product"}],"about":[{"href":"https:\/\/shop.verlag.uni-potsdam.de\/en\/wp-json\/wp\/v2\/types\/product"}],"wp:featuredmedia":[{"embeddable":true,"href":"https:\/\/shop.verlag.uni-potsdam.de\/en\/wp-json\/wp\/v2\/media\/59459"}],"wp:attachment":[{"href":"https:\/\/shop.verlag.uni-potsdam.de\/en\/wp-json\/wp\/v2\/media?parent=52861"}],"wp:term":[{"taxonomy":"product_brand","embeddable":true,"href":"https:\/\/shop.verlag.uni-potsdam.de\/en\/wp-json\/wp\/v2\/product_brand?post=52861"},{"taxonomy":"product_cat","embeddable":true,"href":"https:\/\/shop.verlag.uni-potsdam.de\/en\/wp-json\/wp\/v2\/product_cat?post=52861"},{"taxonomy":"product_tag","embeddable":true,"href":"https:\/\/shop.verlag.uni-potsdam.de\/en\/wp-json\/wp\/v2\/product_tag?post=52861"}],"curies":[{"name":"wp","href":"https:\/\/api.w.org\/{rel}","templated":true}]}}