{"id":53133,"date":"2026-03-23T08:53:58","date_gmt":"2026-03-23T08:53:58","guid":{"rendered":"http:\/\/shop.verlag.uni-potsdam.de\/produkt\/vom-regenzauberlied-bis-zur-wendischen-pop-ballade\/"},"modified":"2026-03-23T11:54:58","modified_gmt":"2026-03-23T10:54:58","slug":"vom-regenzauberlied-bis-zur-wendischen-pop-ballade","status":"publish","type":"product","link":"https:\/\/shop.verlag.uni-potsdam.de\/en\/shop\/vom-regenzauberlied-bis-zur-wendischen-pop-ballade\/","title":{"rendered":"Vom Regenzauberlied bis zur wendischen Pop-Ballade"},"content":{"rendered":"<p class=\"qtranxs-available-languages-message qtranxs-available-languages-message-en\">Sorry, this entry is only available in <a href=\"https:\/\/shop.verlag.uni-potsdam.de\/de\/wp-json\/wp\/v2\/product\/53133\" class=\"qtranxs-available-language-link qtranxs-available-language-link-de\" title=\"Deutsch\">Deutsch<\/a>.<\/p><p>Eine Musikgeschichte der Niederlausitz mu\u00df noch geschrieben werden. Es w\u00e4re eine lohnende Aufgabe, denn das k\u00fcnftige Europa wird ein buntes Gebilde spezifischer Regionen sein, die einerseits den Einheimischen Verwurzelung, Orientierung und Identit\u00e4t &#8211; somit also Lebensqualit\u00e4t &#8211; und andererseits den Besuchern und G\u00e4sten unverwechselbare Eindr\u00fccke verleihen wollen. <br \/>Die vorliegende Arbeit will dazu einen Beitrag leisten. F\u00fcr die Auftraggeber, den&nbsp; Brandenburgischen Verein Neue Musik e.V. und das Wendische Museum Cottbus\/Cho\u015bebuz, steht dabei nat\u00fcrlich die zeitgen\u00f6ssische Musikkultur im Mittelpunkt des Interesses. Allerdings ist daf\u00fcr ein historisches Verst\u00e4ndnis unabdingbar. Und \u00fcberdies ist die Geschichte der Niederlausitz eng verkn\u00fcpft mit der Anwesenheit der Sorben\/Wenden in der Region, die dadurch bis heute eine eigenst\u00e4ndige Pr\u00e4gung bewahren konnte. Anliegen der nachfolgenden Betrachtungen&nbsp; ist es daher, dies &#8211; aus der derzeitigen Sachkenntnis der Autoren heraus &#8211; zusammenfassend darzustellen, eingedenk der Tatsache, da\u00df nat\u00fcrlich noch viele Fragen offen und etliche L\u00fccken zu schlie\u00dfen sind. Dadurch soll zu weiterer Besch\u00e4ftigung mit dem Thema angeregt werden, um dem Gegenstand einer umfassenden Darstellung der Niederlausitzer Musikgeschichte n\u00e4herzukommen. <br \/><\/p>","protected":false},"excerpt":{"rendered":"<p class=\"qtranxs-available-languages-message qtranxs-available-languages-message-en\">Sorry, this entry is only available in <a href=\"https:\/\/shop.verlag.uni-potsdam.de\/de\/wp-json\/wp\/v2\/product\/53133\" class=\"qtranxs-available-language-link qtranxs-available-language-link-de\" title=\"Deutsch\">Deutsch<\/a>.<\/p>\n<p>Eine Musikgeschichte der Niederlausitz mu\u00df noch geschrieben werden. Es w\u00e4re eine lohnende Aufgabe, denn das k\u00fcnftige Europa wird ein buntes Gebilde spezifischer Regionen sein, die einerseits den Einheimischen Verwurzelung, Orientierung und Identit\u00e4t &#8211; somit also Lebensqualit\u00e4t &#8211; und andererseits den Besuchern und G\u00e4sten unverwechselbare Eindr\u00fccke verleihen wollen. <br \/>Die vorliegende Arbeit will dazu einen Beitrag leisten. F\u00fcr die Auftraggeber, den&nbsp; Brandenburgischen Verein Neue Musik e.V. und das Wendische Museum Cottbus\/Cho\u015bebuz, steht dabei nat\u00fcrlich die zeitgen\u00f6ssische Musikkultur im Mittelpunkt des Interesses. Allerdings ist daf\u00fcr ein historisches Verst\u00e4ndnis unabdingbar. Und \u00fcberdies ist die Geschichte der Niederlausitz eng verkn\u00fcpft mit der Anwesenheit der Sorben\/Wenden in der Region, die dadurch bis heute eine eigenst\u00e4ndige Pr\u00e4gung bewahren konnte. Anliegen der nachfolgenden Betrachtungen&nbsp; ist es daher, dies &#8211; aus der derzeitigen Sachkenntnis der Autoren heraus &#8211; zusammenfassend darzustellen, eingedenk der Tatsache, da\u00df nat\u00fcrlich noch viele Fragen offen und etliche L\u00fccken zu schlie\u00dfen sind. Dadurch soll zu weiterer Besch\u00e4ftigung mit dem Thema angeregt werden, um dem Gegenstand einer umfassenden Darstellung der Niederlausitzer Musikgeschichte n\u00e4herzukommen. <\/p>\n","protected":false},"featured_media":54525,"template":"","meta":{"_acf_changed":false},"product_brand":[],"product_cat":[6230],"product_tag":[],"class_list":{"0":"post-53133","1":"product","2":"type-product","3":"status-publish","4":"has-post-thumbnail","6":"product_cat-slawische-sprachwissenschaft-literaturwissenschaft-web-kategorie","7":"autor-detlef-kobjela","8":"autor-werner-meschank","10":"first","11":"instock","12":"shipping-taxable","13":"purchasable","14":"product-type-simple"},"acf":[],"yoast_head":"<!-- This site is optimized with the Yoast SEO plugin v27.1.1 - https:\/\/yoast.com\/product\/yoast-seo-wordpress\/ -->\n<title>Vom Regenzauberlied bis zur wendischen Pop-Ballade - Universit\u00e4tsverlag Potsdam<\/title>\n<meta name=\"robots\" content=\"index, follow, max-snippet:-1, max-image-preview:large, max-video-preview:-1\" \/>\n<link rel=\"canonical\" href=\"https:\/\/shop.verlag.uni-potsdam.de\/en\/shop\/vom-regenzauberlied-bis-zur-wendischen-pop-ballade\/\" \/>\n<meta property=\"og:locale\" content=\"en_US\" \/>\n<meta property=\"og:type\" content=\"article\" \/>\n<meta property=\"og:title\" content=\"Vom Regenzauberlied bis zur wendischen Pop-Ballade - Universit\u00e4tsverlag Potsdam\" \/>\n<meta property=\"og:description\" content=\"Eine Musikgeschichte der Niederlausitz mu\u00df noch geschrieben werden. Es w\u00e4re eine lohnende Aufgabe, denn das k\u00fcnftige Europa wird ein buntes Gebilde spezifischer Regionen sein, die einerseits den Einheimischen Verwurzelung, Orientierung und Identit\u00e4t - somit also Lebensqualit\u00e4t - und andererseits den Besuchern und G\u00e4sten unverwechselbare Eindr\u00fccke verleihen wollen. Die vorliegende Arbeit will dazu einen Beitrag leisten. F\u00fcr die Auftraggeber, den&nbsp; Brandenburgischen Verein Neue Musik e.V. und das Wendische Museum Cottbus\/Cho\u015bebuz, steht dabei nat\u00fcrlich die zeitgen\u00f6ssische Musikkultur im Mittelpunkt des Interesses. Allerdings ist daf\u00fcr ein historisches Verst\u00e4ndnis unabdingbar. Und \u00fcberdies ist die Geschichte der Niederlausitz eng verkn\u00fcpft mit der Anwesenheit der Sorben\/Wenden in der Region, die dadurch bis heute eine eigenst\u00e4ndige Pr\u00e4gung bewahren konnte. Anliegen der nachfolgenden Betrachtungen&nbsp; ist es daher, dies - aus der derzeitigen Sachkenntnis der Autoren heraus - zusammenfassend darzustellen, eingedenk der Tatsache, da\u00df nat\u00fcrlich noch viele Fragen offen und etliche L\u00fccken zu schlie\u00dfen sind. Dadurch soll zu weiterer Besch\u00e4ftigung mit dem Thema angeregt werden, um dem Gegenstand einer umfassenden Darstellung der Niederlausitzer Musikgeschichte n\u00e4herzukommen.\" \/>\n<meta property=\"og:url\" content=\"https:\/\/shop.verlag.uni-potsdam.de\/en\/shop\/vom-regenzauberlied-bis-zur-wendischen-pop-ballade\/\" \/>\n<meta property=\"og:site_name\" content=\"Universit\u00e4tsverlag Potsdam\" \/>\n<meta property=\"article:modified_time\" content=\"2026-03-23T10:54:58+00:00\" \/>\n<meta property=\"og:image\" content=\"https:\/\/shop.verlag.uni-potsdam.de\/wp-content\/uploads\/asolmerce\/image-21777.jpg\" \/>\n\t<meta property=\"og:image:width\" content=\"1339\" \/>\n\t<meta property=\"og:image:height\" content=\"1890\" \/>\n\t<meta property=\"og:image:type\" content=\"image\/jpeg\" \/>\n<meta name=\"twitter:card\" content=\"summary_large_image\" \/>\n<meta name=\"twitter:label1\" content=\"Est. reading time\" \/>\n\t<meta name=\"twitter:data1\" content=\"1 minute\" \/>\n<script type=\"application\/ld+json\" class=\"yoast-schema-graph\">{\"@context\":\"https:\/\/schema.org\",\"@graph\":[{\"@type\":\"WebPage\",\"@id\":\"https:\/\/shop.verlag.uni-potsdam.de\/en\/shop\/vom-regenzauberlied-bis-zur-wendischen-pop-ballade\/\",\"url\":\"https:\/\/shop.verlag.uni-potsdam.de\/en\/shop\/vom-regenzauberlied-bis-zur-wendischen-pop-ballade\/\",\"name\":\"Vom Regenzauberlied bis zur wendischen Pop-Ballade - Universit\u00e4tsverlag Potsdam\",\"isPartOf\":{\"@id\":\"https:\/\/shop.verlag.uni-potsdam.de\/en\/#website\"},\"primaryImageOfPage\":{\"@id\":\"https:\/\/shop.verlag.uni-potsdam.de\/en\/shop\/vom-regenzauberlied-bis-zur-wendischen-pop-ballade\/#primaryimage\"},\"image\":{\"@id\":\"https:\/\/shop.verlag.uni-potsdam.de\/shop\/vom-regenzauberlied-bis-zur-wendischen-pop-ballade\/#primaryimage\"},\"thumbnailUrl\":\"https:\/\/shop.verlag.uni-potsdam.de\/wp-content\/uploads\/asolmerce\/image-21777.jpg\",\"datePublished\":\"2026-03-23T08:53:58+00:00\",\"dateModified\":\"2026-03-23T10:54:58+00:00\",\"breadcrumb\":{\"@id\":\"https:\/\/shop.verlag.uni-potsdam.de\/en\/shop\/vom-regenzauberlied-bis-zur-wendischen-pop-ballade\/#breadcrumb\"},\"inLanguage\":\"en-US\",\"potentialAction\":[{\"@type\":\"ReadAction\",\"target\":[[\"https:\/\/shop.verlag.uni-potsdam.de\/en\/shop\/vom-regenzauberlied-bis-zur-wendischen-pop-ballade\/\"]]}]},{\"@type\":\"ImageObject\",\"inLanguage\":\"en-US\",\"@id\":\"https:\/\/shop.verlag.uni-potsdam.de\/en\/shop\/vom-regenzauberlied-bis-zur-wendischen-pop-ballade\/#primaryimage\",\"url\":\"https:\/\/shop.verlag.uni-potsdam.de\/wp-content\/uploads\/asolmerce\/image-21777.jpg\",\"contentUrl\":\"https:\/\/shop.verlag.uni-potsdam.de\/wp-content\/uploads\/asolmerce\/image-21777.jpg\",\"width\":1339,\"height\":1890},{\"@type\":\"BreadcrumbList\",\"@id\":\"https:\/\/shop.verlag.uni-potsdam.de\/en\/shop\/vom-regenzauberlied-bis-zur-wendischen-pop-ballade\/#breadcrumb\",\"itemListElement\":[{\"@type\":\"ListItem\",\"position\":1,\"name\":\"Startseite\",\"item\":\"https:\/\/shop.verlag.uni-potsdam.de\/en\/\"},{\"@type\":\"ListItem\",\"position\":2,\"name\":\"Shop\",\"item\":\"https:\/\/shop.verlag.uni-potsdam.de\/en\/shop\/\"},{\"@type\":\"ListItem\",\"position\":3,\"name\":\"Vom Regenzauberlied bis zur wendischen Pop-Ballade\"}]},{\"@type\":\"WebSite\",\"@id\":\"https:\/\/shop.verlag.uni-potsdam.de\/en\/#website\",\"url\":\"https:\/\/shop.verlag.uni-potsdam.de\/en\/\",\"name\":\"Universit\u00e4tsverlag Potsdam\",\"description\":\"\",\"publisher\":{\"@id\":\"https:\/\/shop.verlag.uni-potsdam.de\/en\/#organization\"},\"potentialAction\":[{\"@type\":\"SearchAction\",\"target\":{\"@type\":\"EntryPoint\",\"urlTemplate\":\"https:\/\/shop.verlag.uni-potsdam.de\/en\/?s={search_term_string}\"},\"query-input\":{\"@type\":\"PropertyValueSpecification\",\"valueRequired\":true,\"valueName\":\"search_term_string\"}}],\"inLanguage\":\"en-US\"},{\"@type\":\"Organization\",\"@id\":\"https:\/\/shop.verlag.uni-potsdam.de\/en\/#organization\",\"name\":\"Universit\u00e4tsverlag Potsdam\",\"url\":\"https:\/\/shop.verlag.uni-potsdam.de\/en\/\",\"logo\":{\"@type\":\"ImageObject\",\"inLanguage\":\"en-US\",\"@id\":\"https:\/\/shop.verlag.uni-potsdam.de\/en\/#\/schema\/logo\/image\/\",\"url\":\"https:\/\/shop.verlag.uni-potsdam.de\/wp-content\/uploads\/2017\/04\/up_logo_university_2.png\",\"contentUrl\":\"https:\/\/shop.verlag.uni-potsdam.de\/wp-content\/uploads\/2017\/04\/up_logo_university_2.png\",\"width\":160,\"height\":172,\"caption\":\"Universit\u00e4tsverlag Potsdam\"},\"image\":{\"@id\":\"https:\/\/shop.verlag.uni-potsdam.de\/en\/#\/schema\/logo\/image\/\"}}]}<\/script>\n<!-- \/ Yoast SEO plugin. -->","yoast_head_json":{"title":"Vom Regenzauberlied bis zur wendischen Pop-Ballade - Universit\u00e4tsverlag Potsdam","robots":{"index":"index","follow":"follow","max-snippet":"max-snippet:-1","max-image-preview":"max-image-preview:large","max-video-preview":"max-video-preview:-1"},"canonical":"https:\/\/shop.verlag.uni-potsdam.de\/en\/shop\/vom-regenzauberlied-bis-zur-wendischen-pop-ballade\/","og_locale":"en_US","og_type":"article","og_title":"Vom Regenzauberlied bis zur wendischen Pop-Ballade - Universit\u00e4tsverlag Potsdam","og_description":"Eine Musikgeschichte der Niederlausitz mu\u00df noch geschrieben werden. Es w\u00e4re eine lohnende Aufgabe, denn das k\u00fcnftige Europa wird ein buntes Gebilde spezifischer Regionen sein, die einerseits den Einheimischen Verwurzelung, Orientierung und Identit\u00e4t - somit also Lebensqualit\u00e4t - und andererseits den Besuchern und G\u00e4sten unverwechselbare Eindr\u00fccke verleihen wollen. Die vorliegende Arbeit will dazu einen Beitrag leisten. F\u00fcr die Auftraggeber, den&nbsp; Brandenburgischen Verein Neue Musik e.V. und das Wendische Museum Cottbus\/Cho\u015bebuz, steht dabei nat\u00fcrlich die zeitgen\u00f6ssische Musikkultur im Mittelpunkt des Interesses. Allerdings ist daf\u00fcr ein historisches Verst\u00e4ndnis unabdingbar. Und \u00fcberdies ist die Geschichte der Niederlausitz eng verkn\u00fcpft mit der Anwesenheit der Sorben\/Wenden in der Region, die dadurch bis heute eine eigenst\u00e4ndige Pr\u00e4gung bewahren konnte. Anliegen der nachfolgenden Betrachtungen&nbsp; ist es daher, dies - aus der derzeitigen Sachkenntnis der Autoren heraus - zusammenfassend darzustellen, eingedenk der Tatsache, da\u00df nat\u00fcrlich noch viele Fragen offen und etliche L\u00fccken zu schlie\u00dfen sind. Dadurch soll zu weiterer Besch\u00e4ftigung mit dem Thema angeregt werden, um dem Gegenstand einer umfassenden Darstellung der Niederlausitzer Musikgeschichte n\u00e4herzukommen.","og_url":"https:\/\/shop.verlag.uni-potsdam.de\/en\/shop\/vom-regenzauberlied-bis-zur-wendischen-pop-ballade\/","og_site_name":"Universit\u00e4tsverlag Potsdam","article_modified_time":"2026-03-23T10:54:58+00:00","og_image":[{"width":1339,"height":1890,"url":"https:\/\/shop.verlag.uni-potsdam.de\/wp-content\/uploads\/asolmerce\/image-21777.jpg","type":"image\/jpeg"}],"twitter_card":"summary_large_image","twitter_misc":{"Est. reading time":"1 minute"},"schema":{"@context":"https:\/\/schema.org","@graph":[{"@type":"WebPage","@id":"https:\/\/shop.verlag.uni-potsdam.de\/en\/shop\/vom-regenzauberlied-bis-zur-wendischen-pop-ballade\/","url":"https:\/\/shop.verlag.uni-potsdam.de\/en\/shop\/vom-regenzauberlied-bis-zur-wendischen-pop-ballade\/","name":"Vom Regenzauberlied bis zur wendischen Pop-Ballade - Universit\u00e4tsverlag Potsdam","isPartOf":{"@id":"https:\/\/shop.verlag.uni-potsdam.de\/en\/#website"},"primaryImageOfPage":{"@id":"https:\/\/shop.verlag.uni-potsdam.de\/en\/shop\/vom-regenzauberlied-bis-zur-wendischen-pop-ballade\/#primaryimage"},"image":{"@id":"https:\/\/shop.verlag.uni-potsdam.de\/shop\/vom-regenzauberlied-bis-zur-wendischen-pop-ballade\/#primaryimage"},"thumbnailUrl":"https:\/\/shop.verlag.uni-potsdam.de\/wp-content\/uploads\/asolmerce\/image-21777.jpg","datePublished":"2026-03-23T08:53:58+00:00","dateModified":"2026-03-23T10:54:58+00:00","breadcrumb":{"@id":"https:\/\/shop.verlag.uni-potsdam.de\/en\/shop\/vom-regenzauberlied-bis-zur-wendischen-pop-ballade\/#breadcrumb"},"inLanguage":"en-US","potentialAction":[{"@type":"ReadAction","target":[["https:\/\/shop.verlag.uni-potsdam.de\/en\/shop\/vom-regenzauberlied-bis-zur-wendischen-pop-ballade\/"]]}]},{"@type":"ImageObject","inLanguage":"en-US","@id":"https:\/\/shop.verlag.uni-potsdam.de\/en\/shop\/vom-regenzauberlied-bis-zur-wendischen-pop-ballade\/#primaryimage","url":"https:\/\/shop.verlag.uni-potsdam.de\/wp-content\/uploads\/asolmerce\/image-21777.jpg","contentUrl":"https:\/\/shop.verlag.uni-potsdam.de\/wp-content\/uploads\/asolmerce\/image-21777.jpg","width":1339,"height":1890},{"@type":"BreadcrumbList","@id":"https:\/\/shop.verlag.uni-potsdam.de\/en\/shop\/vom-regenzauberlied-bis-zur-wendischen-pop-ballade\/#breadcrumb","itemListElement":[{"@type":"ListItem","position":1,"name":"Startseite","item":"https:\/\/shop.verlag.uni-potsdam.de\/en\/"},{"@type":"ListItem","position":2,"name":"Shop","item":"https:\/\/shop.verlag.uni-potsdam.de\/en\/shop\/"},{"@type":"ListItem","position":3,"name":"Vom Regenzauberlied bis zur wendischen Pop-Ballade"}]},{"@type":"WebSite","@id":"https:\/\/shop.verlag.uni-potsdam.de\/en\/#website","url":"https:\/\/shop.verlag.uni-potsdam.de\/en\/","name":"Universit\u00e4tsverlag Potsdam","description":"","publisher":{"@id":"https:\/\/shop.verlag.uni-potsdam.de\/en\/#organization"},"potentialAction":[{"@type":"SearchAction","target":{"@type":"EntryPoint","urlTemplate":"https:\/\/shop.verlag.uni-potsdam.de\/en\/?s={search_term_string}"},"query-input":{"@type":"PropertyValueSpecification","valueRequired":true,"valueName":"search_term_string"}}],"inLanguage":"en-US"},{"@type":"Organization","@id":"https:\/\/shop.verlag.uni-potsdam.de\/en\/#organization","name":"Universit\u00e4tsverlag Potsdam","url":"https:\/\/shop.verlag.uni-potsdam.de\/en\/","logo":{"@type":"ImageObject","inLanguage":"en-US","@id":"https:\/\/shop.verlag.uni-potsdam.de\/en\/#\/schema\/logo\/image\/","url":"https:\/\/shop.verlag.uni-potsdam.de\/wp-content\/uploads\/2017\/04\/up_logo_university_2.png","contentUrl":"https:\/\/shop.verlag.uni-potsdam.de\/wp-content\/uploads\/2017\/04\/up_logo_university_2.png","width":160,"height":172,"caption":"Universit\u00e4tsverlag Potsdam"},"image":{"@id":"https:\/\/shop.verlag.uni-potsdam.de\/en\/#\/schema\/logo\/image\/"}}]}},"_links":{"self":[{"href":"https:\/\/shop.verlag.uni-potsdam.de\/en\/wp-json\/wp\/v2\/product\/53133","targetHints":{"allow":["GET"]}}],"collection":[{"href":"https:\/\/shop.verlag.uni-potsdam.de\/en\/wp-json\/wp\/v2\/product"}],"about":[{"href":"https:\/\/shop.verlag.uni-potsdam.de\/en\/wp-json\/wp\/v2\/types\/product"}],"wp:featuredmedia":[{"embeddable":true,"href":"https:\/\/shop.verlag.uni-potsdam.de\/en\/wp-json\/wp\/v2\/media\/54525"}],"wp:attachment":[{"href":"https:\/\/shop.verlag.uni-potsdam.de\/en\/wp-json\/wp\/v2\/media?parent=53133"}],"wp:term":[{"taxonomy":"product_brand","embeddable":true,"href":"https:\/\/shop.verlag.uni-potsdam.de\/en\/wp-json\/wp\/v2\/product_brand?post=53133"},{"taxonomy":"product_cat","embeddable":true,"href":"https:\/\/shop.verlag.uni-potsdam.de\/en\/wp-json\/wp\/v2\/product_cat?post=53133"},{"taxonomy":"product_tag","embeddable":true,"href":"https:\/\/shop.verlag.uni-potsdam.de\/en\/wp-json\/wp\/v2\/product_tag?post=53133"}],"curies":[{"name":"wp","href":"https:\/\/api.w.org\/{rel}","templated":true}]}}