{"id":53154,"date":"2026-03-23T08:54:02","date_gmt":"2026-03-23T08:54:02","guid":{"rendered":"http:\/\/shop.verlag.uni-potsdam.de\/produkt\/mgfn-1720132\/"},"modified":"2026-03-23T11:55:02","modified_gmt":"2026-03-23T10:55:02","slug":"militaer-und-gesellschaft-in-der-fruehen-neuzeit-17-2013-2","status":"publish","type":"product","link":"https:\/\/shop.verlag.uni-potsdam.de\/en\/shop\/militaer-und-gesellschaft-in-der-fruehen-neuzeit-17-2013-2\/","title":{"rendered":"Milit\u00e4r und Gesellschaft in der Fr\u00fchen Neuzeit ; 17 (2013) 2"},"content":{"rendered":"<p class=\"qtranxs-available-languages-message qtranxs-available-languages-message-en\">Sorry, this entry is only available in <a href=\"https:\/\/shop.verlag.uni-potsdam.de\/de\/wp-json\/wp\/v2\/product\/53154\" class=\"qtranxs-available-language-link qtranxs-available-language-link-de\" title=\"Deutsch\">Deutsch<\/a>.<\/p><p>Aus dem Inhalt:<br \/><i>Aufs\u00e4tze<\/i><\/p>\n<ul>\n<li>Martin Meier: Alchymie, Chemie und Krieg im Zeitalter der Phlogistontheorie (17.\/18. Jahrhundert)<\/li>\n<li>Sascha Weber: Die kurmainzische Heeresreform von 1773<\/li>\n<li>Sune Schlitte: Die Kunst und der Krieg im sp\u00e4ten 18. Jahrhundert. Die Visualisierung kolonialer Helden im Anglo-Maisur-Krieg (1790\u20131799)<\/li>\n<\/ul>\n<p><i>Rezensionen<\/i><\/p>\n<ul>\n<li>Janine Rischke: J\u00fcrgen Kloosterhuis, Lothar Lambacher (Bearb.): Kriegsgericht in K\u00f6penick! Anno 1730: Kronprinz \u2013 Katte \u2013 K\u00f6nigswort, Berlin 2011.<\/li>\n<li>Janine Rischke: Marian F\u00fcssel, Sven Petersen (Hrsg.), Johann Heinrich Ludewig Grotehenn: Briefe aus dem Siebenj\u00e4hrigen Krieg, Lebensbeschreibung und Tagebuch, Potsdam 2012<\/li>\n<\/ul>\n<p><\/p>","protected":false},"excerpt":{"rendered":"<p class=\"qtranxs-available-languages-message qtranxs-available-languages-message-en\">Sorry, this entry is only available in <a href=\"https:\/\/shop.verlag.uni-potsdam.de\/de\/wp-json\/wp\/v2\/product\/53154\" class=\"qtranxs-available-language-link qtranxs-available-language-link-de\" title=\"Deutsch\">Deutsch<\/a>.<\/p>\n<p>Aus dem Inhalt:<br \/><i>Aufs\u00e4tze<\/i><\/p>\n<ul>\n<li>Martin Meier: Alchymie, Chemie und Krieg im Zeitalter der Phlogistontheorie (17.\/18. Jahrhundert)<\/li>\n<li>Sascha Weber: Die kurmainzische Heeresreform von 1773<\/li>\n<li>Sune Schlitte: Die Kunst und der Krieg im sp\u00e4ten 18. Jahrhundert. Die Visualisierung kolonialer Helden im Anglo-Maisur-Krieg (1790\u20131799)<\/li>\n<\/ul>\n<p><i>Rezensionen<\/i><\/p>\n<ul>\n<li>Janine Rischke: J\u00fcrgen Kloosterhuis, Lothar Lambacher (Bearb.): Kriegsgericht in K\u00f6penick! Anno 1730: Kronprinz \u2013 Katte \u2013 K\u00f6nigswort, Berlin 2011.<\/li>\n<li>Janine Rischke: Marian F\u00fcssel, Sven Petersen (Hrsg.), Johann Heinrich Ludewig Grotehenn: Briefe aus dem Siebenj\u00e4hrigen Krieg, Lebensbeschreibung und Tagebuch, Potsdam 2012<\/li>\n<\/ul>\n","protected":false},"featured_media":54126,"template":"","meta":{"_acf_changed":false},"product_brand":[],"product_cat":[6207],"product_tag":[6346],"class_list":{"0":"post-53154","1":"product","2":"type-product","3":"status-publish","4":"has-post-thumbnail","6":"product_cat-geschichte-web-kategorie","7":"product_tag-alchemie-chemie-heeresreform","8":"zeitschriften-militaer-und-gesellschaft-in-der-fruehen-neuzeit","10":"first","11":"instock","12":"shipping-taxable","13":"purchasable","14":"product-type-simple"},"acf":[],"yoast_head":"<!-- This site is optimized with the Yoast SEO plugin v27.1.1 - https:\/\/yoast.com\/product\/yoast-seo-wordpress\/ -->\n<title>Milit\u00e4r und Gesellschaft in der Fr\u00fchen Neuzeit ; 17 (2013) 2 - Universit\u00e4tsverlag Potsdam<\/title>\n<meta name=\"robots\" content=\"index, follow, max-snippet:-1, max-image-preview:large, max-video-preview:-1\" \/>\n<link rel=\"canonical\" href=\"https:\/\/shop.verlag.uni-potsdam.de\/en\/shop\/militaer-und-gesellschaft-in-der-fruehen-neuzeit-17-2013-2\/\" \/>\n<meta property=\"og:locale\" content=\"en_US\" \/>\n<meta property=\"og:type\" content=\"article\" \/>\n<meta property=\"og:title\" content=\"Milit\u00e4r und Gesellschaft in der Fr\u00fchen Neuzeit ; 17 (2013) 2 - Universit\u00e4tsverlag Potsdam\" \/>\n<meta property=\"og:description\" content=\"Aus dem Inhalt:Aufs\u00e4tzeMartin Meier: Alchymie, Chemie und Krieg im Zeitalter der Phlogistontheorie (17.\/18. Jahrhundert)Sascha Weber: Die kurmainzische Heeresreform von 1773Sune Schlitte: Die Kunst und der Krieg im sp\u00e4ten 18. Jahrhundert. Die Visualisierung kolonialer Helden im Anglo-Maisur-Krieg (1790\u20131799)RezensionenJanine Rischke: J\u00fcrgen Kloosterhuis, Lothar Lambacher (Bearb.): Kriegsgericht in K\u00f6penick! Anno 1730: Kronprinz \u2013 Katte \u2013 K\u00f6nigswort, Berlin 2011.Janine Rischke: Marian F\u00fcssel, Sven Petersen (Hrsg.), Johann Heinrich Ludewig Grotehenn: Briefe aus dem Siebenj\u00e4hrigen Krieg, Lebensbeschreibung und Tagebuch, Potsdam 2012\" \/>\n<meta property=\"og:url\" content=\"https:\/\/shop.verlag.uni-potsdam.de\/en\/shop\/militaer-und-gesellschaft-in-der-fruehen-neuzeit-17-2013-2\/\" \/>\n<meta property=\"og:site_name\" content=\"Universit\u00e4tsverlag Potsdam\" \/>\n<meta property=\"article:modified_time\" content=\"2026-03-23T10:55:02+00:00\" \/>\n<meta property=\"og:image\" content=\"https:\/\/shop.verlag.uni-potsdam.de\/wp-content\/uploads\/asolmerce\/image-1617-9722_2013_h2.jpg\" \/>\n\t<meta property=\"og:image:width\" content=\"452\" \/>\n\t<meta property=\"og:image:height\" content=\"640\" \/>\n\t<meta property=\"og:image:type\" content=\"image\/jpeg\" \/>\n<meta name=\"twitter:card\" content=\"summary_large_image\" \/>\n<script type=\"application\/ld+json\" class=\"yoast-schema-graph\">{\"@context\":\"https:\/\/schema.org\",\"@graph\":[{\"@type\":\"WebPage\",\"@id\":\"https:\/\/shop.verlag.uni-potsdam.de\/en\/shop\/militaer-und-gesellschaft-in-der-fruehen-neuzeit-17-2013-2\/\",\"url\":\"https:\/\/shop.verlag.uni-potsdam.de\/en\/shop\/militaer-und-gesellschaft-in-der-fruehen-neuzeit-17-2013-2\/\",\"name\":\"Milit\u00e4r und Gesellschaft in der Fr\u00fchen Neuzeit ; 17 (2013) 2 - Universit\u00e4tsverlag Potsdam\",\"isPartOf\":{\"@id\":\"https:\/\/shop.verlag.uni-potsdam.de\/en\/#website\"},\"primaryImageOfPage\":{\"@id\":\"https:\/\/shop.verlag.uni-potsdam.de\/en\/shop\/militaer-und-gesellschaft-in-der-fruehen-neuzeit-17-2013-2\/#primaryimage\"},\"image\":{\"@id\":\"https:\/\/shop.verlag.uni-potsdam.de\/shop\/militaer-und-gesellschaft-in-der-fruehen-neuzeit-17-2013-2\/#primaryimage\"},\"thumbnailUrl\":\"https:\/\/shop.verlag.uni-potsdam.de\/wp-content\/uploads\/asolmerce\/image-1617-9722_2013_h2.jpg\",\"datePublished\":\"2026-03-23T08:54:02+00:00\",\"dateModified\":\"2026-03-23T10:55:02+00:00\",\"breadcrumb\":{\"@id\":\"https:\/\/shop.verlag.uni-potsdam.de\/en\/shop\/militaer-und-gesellschaft-in-der-fruehen-neuzeit-17-2013-2\/#breadcrumb\"},\"inLanguage\":\"en-US\",\"potentialAction\":[{\"@type\":\"ReadAction\",\"target\":[[\"https:\/\/shop.verlag.uni-potsdam.de\/en\/shop\/militaer-und-gesellschaft-in-der-fruehen-neuzeit-17-2013-2\/\"]]}]},{\"@type\":\"ImageObject\",\"inLanguage\":\"en-US\",\"@id\":\"https:\/\/shop.verlag.uni-potsdam.de\/en\/shop\/militaer-und-gesellschaft-in-der-fruehen-neuzeit-17-2013-2\/#primaryimage\",\"url\":\"https:\/\/shop.verlag.uni-potsdam.de\/wp-content\/uploads\/asolmerce\/image-1617-9722_2013_h2.jpg\",\"contentUrl\":\"https:\/\/shop.verlag.uni-potsdam.de\/wp-content\/uploads\/asolmerce\/image-1617-9722_2013_h2.jpg\",\"width\":452,\"height\":640},{\"@type\":\"BreadcrumbList\",\"@id\":\"https:\/\/shop.verlag.uni-potsdam.de\/en\/shop\/militaer-und-gesellschaft-in-der-fruehen-neuzeit-17-2013-2\/#breadcrumb\",\"itemListElement\":[{\"@type\":\"ListItem\",\"position\":1,\"name\":\"Startseite\",\"item\":\"https:\/\/shop.verlag.uni-potsdam.de\/en\/\"},{\"@type\":\"ListItem\",\"position\":2,\"name\":\"Shop\",\"item\":\"https:\/\/shop.verlag.uni-potsdam.de\/en\/shop\/\"},{\"@type\":\"ListItem\",\"position\":3,\"name\":\"Milit\u00e4r und Gesellschaft in der Fr\u00fchen Neuzeit ; 17 (2013) 2\"}]},{\"@type\":\"WebSite\",\"@id\":\"https:\/\/shop.verlag.uni-potsdam.de\/en\/#website\",\"url\":\"https:\/\/shop.verlag.uni-potsdam.de\/en\/\",\"name\":\"Universit\u00e4tsverlag Potsdam\",\"description\":\"\",\"publisher\":{\"@id\":\"https:\/\/shop.verlag.uni-potsdam.de\/en\/#organization\"},\"potentialAction\":[{\"@type\":\"SearchAction\",\"target\":{\"@type\":\"EntryPoint\",\"urlTemplate\":\"https:\/\/shop.verlag.uni-potsdam.de\/en\/?s={search_term_string}\"},\"query-input\":{\"@type\":\"PropertyValueSpecification\",\"valueRequired\":true,\"valueName\":\"search_term_string\"}}],\"inLanguage\":\"en-US\"},{\"@type\":\"Organization\",\"@id\":\"https:\/\/shop.verlag.uni-potsdam.de\/en\/#organization\",\"name\":\"Universit\u00e4tsverlag Potsdam\",\"url\":\"https:\/\/shop.verlag.uni-potsdam.de\/en\/\",\"logo\":{\"@type\":\"ImageObject\",\"inLanguage\":\"en-US\",\"@id\":\"https:\/\/shop.verlag.uni-potsdam.de\/en\/#\/schema\/logo\/image\/\",\"url\":\"https:\/\/shop.verlag.uni-potsdam.de\/wp-content\/uploads\/2017\/04\/up_logo_university_2.png\",\"contentUrl\":\"https:\/\/shop.verlag.uni-potsdam.de\/wp-content\/uploads\/2017\/04\/up_logo_university_2.png\",\"width\":160,\"height\":172,\"caption\":\"Universit\u00e4tsverlag Potsdam\"},\"image\":{\"@id\":\"https:\/\/shop.verlag.uni-potsdam.de\/en\/#\/schema\/logo\/image\/\"}}]}<\/script>\n<!-- \/ Yoast SEO plugin. -->","yoast_head_json":{"title":"Milit\u00e4r und Gesellschaft in der Fr\u00fchen Neuzeit ; 17 (2013) 2 - Universit\u00e4tsverlag Potsdam","robots":{"index":"index","follow":"follow","max-snippet":"max-snippet:-1","max-image-preview":"max-image-preview:large","max-video-preview":"max-video-preview:-1"},"canonical":"https:\/\/shop.verlag.uni-potsdam.de\/en\/shop\/militaer-und-gesellschaft-in-der-fruehen-neuzeit-17-2013-2\/","og_locale":"en_US","og_type":"article","og_title":"Milit\u00e4r und Gesellschaft in der Fr\u00fchen Neuzeit ; 17 (2013) 2 - Universit\u00e4tsverlag Potsdam","og_description":"Aus dem Inhalt:Aufs\u00e4tzeMartin Meier: Alchymie, Chemie und Krieg im Zeitalter der Phlogistontheorie (17.\/18. Jahrhundert)Sascha Weber: Die kurmainzische Heeresreform von 1773Sune Schlitte: Die Kunst und der Krieg im sp\u00e4ten 18. Jahrhundert. Die Visualisierung kolonialer Helden im Anglo-Maisur-Krieg (1790\u20131799)RezensionenJanine Rischke: J\u00fcrgen Kloosterhuis, Lothar Lambacher (Bearb.): Kriegsgericht in K\u00f6penick! Anno 1730: Kronprinz \u2013 Katte \u2013 K\u00f6nigswort, Berlin 2011.Janine Rischke: Marian F\u00fcssel, Sven Petersen (Hrsg.), Johann Heinrich Ludewig Grotehenn: Briefe aus dem Siebenj\u00e4hrigen Krieg, Lebensbeschreibung und Tagebuch, Potsdam 2012","og_url":"https:\/\/shop.verlag.uni-potsdam.de\/en\/shop\/militaer-und-gesellschaft-in-der-fruehen-neuzeit-17-2013-2\/","og_site_name":"Universit\u00e4tsverlag Potsdam","article_modified_time":"2026-03-23T10:55:02+00:00","og_image":[{"width":452,"height":640,"url":"https:\/\/shop.verlag.uni-potsdam.de\/wp-content\/uploads\/asolmerce\/image-1617-9722_2013_h2.jpg","type":"image\/jpeg"}],"twitter_card":"summary_large_image","schema":{"@context":"https:\/\/schema.org","@graph":[{"@type":"WebPage","@id":"https:\/\/shop.verlag.uni-potsdam.de\/en\/shop\/militaer-und-gesellschaft-in-der-fruehen-neuzeit-17-2013-2\/","url":"https:\/\/shop.verlag.uni-potsdam.de\/en\/shop\/militaer-und-gesellschaft-in-der-fruehen-neuzeit-17-2013-2\/","name":"Milit\u00e4r und Gesellschaft in der Fr\u00fchen Neuzeit ; 17 (2013) 2 - Universit\u00e4tsverlag Potsdam","isPartOf":{"@id":"https:\/\/shop.verlag.uni-potsdam.de\/en\/#website"},"primaryImageOfPage":{"@id":"https:\/\/shop.verlag.uni-potsdam.de\/en\/shop\/militaer-und-gesellschaft-in-der-fruehen-neuzeit-17-2013-2\/#primaryimage"},"image":{"@id":"https:\/\/shop.verlag.uni-potsdam.de\/shop\/militaer-und-gesellschaft-in-der-fruehen-neuzeit-17-2013-2\/#primaryimage"},"thumbnailUrl":"https:\/\/shop.verlag.uni-potsdam.de\/wp-content\/uploads\/asolmerce\/image-1617-9722_2013_h2.jpg","datePublished":"2026-03-23T08:54:02+00:00","dateModified":"2026-03-23T10:55:02+00:00","breadcrumb":{"@id":"https:\/\/shop.verlag.uni-potsdam.de\/en\/shop\/militaer-und-gesellschaft-in-der-fruehen-neuzeit-17-2013-2\/#breadcrumb"},"inLanguage":"en-US","potentialAction":[{"@type":"ReadAction","target":[["https:\/\/shop.verlag.uni-potsdam.de\/en\/shop\/militaer-und-gesellschaft-in-der-fruehen-neuzeit-17-2013-2\/"]]}]},{"@type":"ImageObject","inLanguage":"en-US","@id":"https:\/\/shop.verlag.uni-potsdam.de\/en\/shop\/militaer-und-gesellschaft-in-der-fruehen-neuzeit-17-2013-2\/#primaryimage","url":"https:\/\/shop.verlag.uni-potsdam.de\/wp-content\/uploads\/asolmerce\/image-1617-9722_2013_h2.jpg","contentUrl":"https:\/\/shop.verlag.uni-potsdam.de\/wp-content\/uploads\/asolmerce\/image-1617-9722_2013_h2.jpg","width":452,"height":640},{"@type":"BreadcrumbList","@id":"https:\/\/shop.verlag.uni-potsdam.de\/en\/shop\/militaer-und-gesellschaft-in-der-fruehen-neuzeit-17-2013-2\/#breadcrumb","itemListElement":[{"@type":"ListItem","position":1,"name":"Startseite","item":"https:\/\/shop.verlag.uni-potsdam.de\/en\/"},{"@type":"ListItem","position":2,"name":"Shop","item":"https:\/\/shop.verlag.uni-potsdam.de\/en\/shop\/"},{"@type":"ListItem","position":3,"name":"Milit\u00e4r und Gesellschaft in der Fr\u00fchen Neuzeit ; 17 (2013) 2"}]},{"@type":"WebSite","@id":"https:\/\/shop.verlag.uni-potsdam.de\/en\/#website","url":"https:\/\/shop.verlag.uni-potsdam.de\/en\/","name":"Universit\u00e4tsverlag Potsdam","description":"","publisher":{"@id":"https:\/\/shop.verlag.uni-potsdam.de\/en\/#organization"},"potentialAction":[{"@type":"SearchAction","target":{"@type":"EntryPoint","urlTemplate":"https:\/\/shop.verlag.uni-potsdam.de\/en\/?s={search_term_string}"},"query-input":{"@type":"PropertyValueSpecification","valueRequired":true,"valueName":"search_term_string"}}],"inLanguage":"en-US"},{"@type":"Organization","@id":"https:\/\/shop.verlag.uni-potsdam.de\/en\/#organization","name":"Universit\u00e4tsverlag Potsdam","url":"https:\/\/shop.verlag.uni-potsdam.de\/en\/","logo":{"@type":"ImageObject","inLanguage":"en-US","@id":"https:\/\/shop.verlag.uni-potsdam.de\/en\/#\/schema\/logo\/image\/","url":"https:\/\/shop.verlag.uni-potsdam.de\/wp-content\/uploads\/2017\/04\/up_logo_university_2.png","contentUrl":"https:\/\/shop.verlag.uni-potsdam.de\/wp-content\/uploads\/2017\/04\/up_logo_university_2.png","width":160,"height":172,"caption":"Universit\u00e4tsverlag Potsdam"},"image":{"@id":"https:\/\/shop.verlag.uni-potsdam.de\/en\/#\/schema\/logo\/image\/"}}]}},"_links":{"self":[{"href":"https:\/\/shop.verlag.uni-potsdam.de\/en\/wp-json\/wp\/v2\/product\/53154","targetHints":{"allow":["GET"]}}],"collection":[{"href":"https:\/\/shop.verlag.uni-potsdam.de\/en\/wp-json\/wp\/v2\/product"}],"about":[{"href":"https:\/\/shop.verlag.uni-potsdam.de\/en\/wp-json\/wp\/v2\/types\/product"}],"wp:featuredmedia":[{"embeddable":true,"href":"https:\/\/shop.verlag.uni-potsdam.de\/en\/wp-json\/wp\/v2\/media\/54126"}],"wp:attachment":[{"href":"https:\/\/shop.verlag.uni-potsdam.de\/en\/wp-json\/wp\/v2\/media?parent=53154"}],"wp:term":[{"taxonomy":"product_brand","embeddable":true,"href":"https:\/\/shop.verlag.uni-potsdam.de\/en\/wp-json\/wp\/v2\/product_brand?post=53154"},{"taxonomy":"product_cat","embeddable":true,"href":"https:\/\/shop.verlag.uni-potsdam.de\/en\/wp-json\/wp\/v2\/product_cat?post=53154"},{"taxonomy":"product_tag","embeddable":true,"href":"https:\/\/shop.verlag.uni-potsdam.de\/en\/wp-json\/wp\/v2\/product_tag?post=53154"}],"curies":[{"name":"wp","href":"https:\/\/api.w.org\/{rel}","templated":true}]}}