{"id":53219,"date":"2026-03-23T08:54:09","date_gmt":"2026-03-23T08:54:09","guid":{"rendered":"http:\/\/shop.verlag.uni-potsdam.de\/produkt\/mgfn-182014\/"},"modified":"2026-03-23T11:55:09","modified_gmt":"2026-03-23T10:55:09","slug":"militaer-und-gesellschaft-in-der-fruehen-neuzeit-18-2014","status":"publish","type":"product","link":"https:\/\/shop.verlag.uni-potsdam.de\/en\/shop\/militaer-und-gesellschaft-in-der-fruehen-neuzeit-18-2014\/","title":{"rendered":"Milit\u00e4r und Gesellschaft in der Fr\u00fchen Neuzeit ; 18 (2014)"},"content":{"rendered":"<p class=\"qtranxs-available-languages-message qtranxs-available-languages-message-en\">Sorry, this entry is only available in <a href=\"https:\/\/shop.verlag.uni-potsdam.de\/de\/wp-json\/wp\/v2\/product\/53219\" class=\"qtranxs-available-language-link qtranxs-available-language-link-de\" title=\"Deutsch\">Deutsch<\/a>.<\/p><p>Aus dem Inhalt:<br \/><i>Aufs\u00e4tze<\/i><\/p>\n<ul>\n<li>Jan Philipp Bothe: Von Mordbrennern und Feuer-Hunden. Heidelbergs Zerst\u00f6rungen im Neunj\u00e4hrigen Krieg als fr\u00fchneuzeitliche Medienereignisse<\/li>\n<li>Benjamin van der Linde: Das Regiment als Untersuchungsgegenstand. Ein Beitrag zu Methodik und Erkenntnispotential der neuen Milit\u00e4rgeschichte<\/li>\n<li>Susan Richter: Prominent ignoriert: Sun-zi Bingfa in Frankreich am Ende des 18. Jahrhunderts \u2013 Eine Untersuchung zum Ph\u00e4nomen des missgl\u00fcckten Wissenstransfers<\/li>\n<\/ul>\n<p><i>Projekt<\/i><\/p>\n<ul>\n<li>Philippe Rogger: Milit\u00e4runternehmertum in der Eidgenossenschaft (16.\u201318. Jahrhundert)<\/li>\n<\/ul>\n<p><i>Rezension<\/i><\/p>\n<ul>\n<li>Sara Petzold: Lena Haunert, Einsatz in der Fremde? Das Amerikabild der deutschen Subsidientruppen im Amerikanischen Unabh\u00e4ngigkeitskrieg, Marburg, Darmstadt 2014; Holger Thomas Gr\u00e4f, Andreas Hedwig, Annegret Wenz-Haubfleisch (Hrsg.), Die \u201eHessians\u201c im Amerikanischen Unabh\u00e4ngigkeitskrieg (1776 \u20131783). Neue Quellen, neue Medien, neue Forschungen, Marburg 2014<\/li>\n<\/ul>\n<p><i>Tagungsbericht<\/i><\/p>\n<ul>\n<li>Sebastian Pranghofer: Der milit\u00e4risch-medizinische Komplex in der Fr\u00fchen Neuzeit: Zum Verh\u00e4ltnis von Milit\u00e4r, Medizin, Gesellschaft und Staat (Tagung vom 07.\u2013 08.11.2014 in Hamburg)<\/li>\n<\/ul>\n<p><\/p>","protected":false},"excerpt":{"rendered":"<p class=\"qtranxs-available-languages-message qtranxs-available-languages-message-en\">Sorry, this entry is only available in <a href=\"https:\/\/shop.verlag.uni-potsdam.de\/de\/wp-json\/wp\/v2\/product\/53219\" class=\"qtranxs-available-language-link qtranxs-available-language-link-de\" title=\"Deutsch\">Deutsch<\/a>.<\/p>\n<p>Aus dem Inhalt:<br \/><i>Aufs\u00e4tze<\/i><\/p>\n<ul>\n<li>Jan Philipp Bothe: Von Mordbrennern und Feuer-Hunden. Heidelbergs Zerst\u00f6rungen im Neunj\u00e4hrigen Krieg als fr\u00fchneuzeitliche Medienereignisse<\/li>\n<li>Benjamin van der Linde: Das Regiment als Untersuchungsgegenstand. Ein Beitrag zu Methodik und Erkenntnispotential der neuen Milit\u00e4rgeschichte<\/li>\n<li>Susan Richter: Prominent ignoriert: Sun-zi Bingfa in Frankreich am Ende des 18. Jahrhunderts \u2013 Eine Untersuchung zum Ph\u00e4nomen des missgl\u00fcckten Wissenstransfers<\/li>\n<\/ul>\n<p><i>Projekt<\/i><\/p>\n<ul>\n<li>Philippe Rogger: Milit\u00e4runternehmertum in der Eidgenossenschaft (16.\u201318. Jahrhundert)<\/li>\n<\/ul>\n<p><i>Rezension<\/i><\/p>\n<ul>\n<li>Sara Petzold: Lena Haunert, Einsatz in der Fremde? Das Amerikabild der deutschen Subsidientruppen im Amerikanischen Unabh\u00e4ngigkeitskrieg, Marburg, Darmstadt 2014; Holger Thomas Gr\u00e4f, Andreas Hedwig, Annegret Wenz-Haubfleisch (Hrsg.), Die \u201eHessians\u201c im Amerikanischen Unabh\u00e4ngigkeitskrieg (1776 \u20131783). Neue Quellen, neue Medien, neue Forschungen, Marburg 2014<\/li>\n<\/ul>\n<p><i>Tagungsbericht<\/i><\/p>\n<ul>\n<li>Sebastian Pranghofer: Der milit\u00e4risch-medizinische Komplex in der Fr\u00fchen Neuzeit: Zum Verh\u00e4ltnis von Milit\u00e4r, Medizin, Gesellschaft und Staat (Tagung vom 07.\u2013 08.11.2014 in Hamburg)<\/li>\n<\/ul>\n","protected":false},"featured_media":54185,"template":"","meta":{"_acf_changed":false},"product_brand":[],"product_cat":[6207],"product_tag":[6348],"class_list":{"0":"post-53219","1":"product","2":"type-product","3":"status-publish","4":"has-post-thumbnail","6":"product_cat-geschichte-web-kategorie","7":"product_tag-sun-zi-bingfa-militaergeschichte-neunjaehriger-krieg-kriegsberichtserstattung","8":"zeitschriften-militaer-und-gesellschaft-in-der-fruehen-neuzeit","10":"first","11":"instock","12":"shipping-taxable","13":"purchasable","14":"product-type-simple"},"acf":[],"yoast_head":"<!-- This site is optimized with the Yoast SEO plugin v27.1.1 - https:\/\/yoast.com\/product\/yoast-seo-wordpress\/ -->\n<title>Milit\u00e4r und Gesellschaft in der Fr\u00fchen Neuzeit ; 18 (2014) - Universit\u00e4tsverlag Potsdam<\/title>\n<meta name=\"robots\" content=\"index, follow, max-snippet:-1, max-image-preview:large, max-video-preview:-1\" \/>\n<link rel=\"canonical\" href=\"https:\/\/shop.verlag.uni-potsdam.de\/en\/shop\/militaer-und-gesellschaft-in-der-fruehen-neuzeit-18-2014\/\" \/>\n<meta property=\"og:locale\" content=\"en_US\" \/>\n<meta property=\"og:type\" content=\"article\" \/>\n<meta property=\"og:title\" content=\"Milit\u00e4r und Gesellschaft in der Fr\u00fchen Neuzeit ; 18 (2014) - Universit\u00e4tsverlag Potsdam\" \/>\n<meta property=\"og:description\" content=\"Aus dem Inhalt:Aufs\u00e4tzeJan Philipp Bothe: Von Mordbrennern und Feuer-Hunden. Heidelbergs Zerst\u00f6rungen im Neunj\u00e4hrigen Krieg als fr\u00fchneuzeitliche MedienereignisseBenjamin van der Linde: Das Regiment als Untersuchungsgegenstand. Ein Beitrag zu Methodik und Erkenntnispotential der neuen Milit\u00e4rgeschichteSusan Richter: Prominent ignoriert: Sun-zi Bingfa in Frankreich am Ende des 18. Jahrhunderts \u2013 Eine Untersuchung zum Ph\u00e4nomen des missgl\u00fcckten WissenstransfersProjektPhilippe Rogger: Milit\u00e4runternehmertum in der Eidgenossenschaft (16.\u201318. Jahrhundert)RezensionSara Petzold: Lena Haunert, Einsatz in der Fremde? Das Amerikabild der deutschen Subsidientruppen im Amerikanischen Unabh\u00e4ngigkeitskrieg, Marburg, Darmstadt 2014; Holger Thomas Gr\u00e4f, Andreas Hedwig, Annegret Wenz-Haubfleisch (Hrsg.), Die \u201eHessians\u201c im Amerikanischen Unabh\u00e4ngigkeitskrieg (1776 \u20131783). Neue Quellen, neue Medien, neue Forschungen, Marburg 2014TagungsberichtSebastian Pranghofer: Der milit\u00e4risch-medizinische Komplex in der Fr\u00fchen Neuzeit: Zum Verh\u00e4ltnis von Milit\u00e4r, Medizin, Gesellschaft und Staat (Tagung vom 07.\u2013 08.11.2014 in Hamburg)\" \/>\n<meta property=\"og:url\" content=\"https:\/\/shop.verlag.uni-potsdam.de\/en\/shop\/militaer-und-gesellschaft-in-der-fruehen-neuzeit-18-2014\/\" \/>\n<meta property=\"og:site_name\" content=\"Universit\u00e4tsverlag Potsdam\" \/>\n<meta property=\"article:modified_time\" content=\"2026-03-23T10:55:09+00:00\" \/>\n<meta property=\"og:image\" content=\"https:\/\/shop.verlag.uni-potsdam.de\/wp-content\/uploads\/asolmerce\/image-1617-9722_2014.jpg\" \/>\n\t<meta property=\"og:image:width\" content=\"451\" \/>\n\t<meta property=\"og:image:height\" content=\"640\" \/>\n\t<meta property=\"og:image:type\" content=\"image\/jpeg\" \/>\n<meta name=\"twitter:card\" content=\"summary_large_image\" \/>\n<meta name=\"twitter:label1\" content=\"Est. reading time\" \/>\n\t<meta name=\"twitter:data1\" content=\"1 minute\" \/>\n<script type=\"application\/ld+json\" class=\"yoast-schema-graph\">{\"@context\":\"https:\/\/schema.org\",\"@graph\":[{\"@type\":\"WebPage\",\"@id\":\"https:\/\/shop.verlag.uni-potsdam.de\/en\/shop\/militaer-und-gesellschaft-in-der-fruehen-neuzeit-18-2014\/\",\"url\":\"https:\/\/shop.verlag.uni-potsdam.de\/en\/shop\/militaer-und-gesellschaft-in-der-fruehen-neuzeit-18-2014\/\",\"name\":\"Milit\u00e4r und Gesellschaft in der Fr\u00fchen Neuzeit ; 18 (2014) - Universit\u00e4tsverlag Potsdam\",\"isPartOf\":{\"@id\":\"https:\/\/shop.verlag.uni-potsdam.de\/en\/#website\"},\"primaryImageOfPage\":{\"@id\":\"https:\/\/shop.verlag.uni-potsdam.de\/en\/shop\/militaer-und-gesellschaft-in-der-fruehen-neuzeit-18-2014\/#primaryimage\"},\"image\":{\"@id\":\"https:\/\/shop.verlag.uni-potsdam.de\/shop\/militaer-und-gesellschaft-in-der-fruehen-neuzeit-18-2014\/#primaryimage\"},\"thumbnailUrl\":\"https:\/\/shop.verlag.uni-potsdam.de\/wp-content\/uploads\/asolmerce\/image-1617-9722_2014.jpg\",\"datePublished\":\"2026-03-23T08:54:09+00:00\",\"dateModified\":\"2026-03-23T10:55:09+00:00\",\"breadcrumb\":{\"@id\":\"https:\/\/shop.verlag.uni-potsdam.de\/en\/shop\/militaer-und-gesellschaft-in-der-fruehen-neuzeit-18-2014\/#breadcrumb\"},\"inLanguage\":\"en-US\",\"potentialAction\":[{\"@type\":\"ReadAction\",\"target\":[[\"https:\/\/shop.verlag.uni-potsdam.de\/en\/shop\/militaer-und-gesellschaft-in-der-fruehen-neuzeit-18-2014\/\"]]}]},{\"@type\":\"ImageObject\",\"inLanguage\":\"en-US\",\"@id\":\"https:\/\/shop.verlag.uni-potsdam.de\/en\/shop\/militaer-und-gesellschaft-in-der-fruehen-neuzeit-18-2014\/#primaryimage\",\"url\":\"https:\/\/shop.verlag.uni-potsdam.de\/wp-content\/uploads\/asolmerce\/image-1617-9722_2014.jpg\",\"contentUrl\":\"https:\/\/shop.verlag.uni-potsdam.de\/wp-content\/uploads\/asolmerce\/image-1617-9722_2014.jpg\",\"width\":451,\"height\":640},{\"@type\":\"BreadcrumbList\",\"@id\":\"https:\/\/shop.verlag.uni-potsdam.de\/en\/shop\/militaer-und-gesellschaft-in-der-fruehen-neuzeit-18-2014\/#breadcrumb\",\"itemListElement\":[{\"@type\":\"ListItem\",\"position\":1,\"name\":\"Startseite\",\"item\":\"https:\/\/shop.verlag.uni-potsdam.de\/en\/\"},{\"@type\":\"ListItem\",\"position\":2,\"name\":\"Shop\",\"item\":\"https:\/\/shop.verlag.uni-potsdam.de\/en\/shop\/\"},{\"@type\":\"ListItem\",\"position\":3,\"name\":\"Milit\u00e4r und Gesellschaft in der Fr\u00fchen Neuzeit ; 18 (2014)\"}]},{\"@type\":\"WebSite\",\"@id\":\"https:\/\/shop.verlag.uni-potsdam.de\/en\/#website\",\"url\":\"https:\/\/shop.verlag.uni-potsdam.de\/en\/\",\"name\":\"Universit\u00e4tsverlag Potsdam\",\"description\":\"\",\"publisher\":{\"@id\":\"https:\/\/shop.verlag.uni-potsdam.de\/en\/#organization\"},\"potentialAction\":[{\"@type\":\"SearchAction\",\"target\":{\"@type\":\"EntryPoint\",\"urlTemplate\":\"https:\/\/shop.verlag.uni-potsdam.de\/en\/?s={search_term_string}\"},\"query-input\":{\"@type\":\"PropertyValueSpecification\",\"valueRequired\":true,\"valueName\":\"search_term_string\"}}],\"inLanguage\":\"en-US\"},{\"@type\":\"Organization\",\"@id\":\"https:\/\/shop.verlag.uni-potsdam.de\/en\/#organization\",\"name\":\"Universit\u00e4tsverlag Potsdam\",\"url\":\"https:\/\/shop.verlag.uni-potsdam.de\/en\/\",\"logo\":{\"@type\":\"ImageObject\",\"inLanguage\":\"en-US\",\"@id\":\"https:\/\/shop.verlag.uni-potsdam.de\/en\/#\/schema\/logo\/image\/\",\"url\":\"https:\/\/shop.verlag.uni-potsdam.de\/wp-content\/uploads\/2017\/04\/up_logo_university_2.png\",\"contentUrl\":\"https:\/\/shop.verlag.uni-potsdam.de\/wp-content\/uploads\/2017\/04\/up_logo_university_2.png\",\"width\":160,\"height\":172,\"caption\":\"Universit\u00e4tsverlag Potsdam\"},\"image\":{\"@id\":\"https:\/\/shop.verlag.uni-potsdam.de\/en\/#\/schema\/logo\/image\/\"}}]}<\/script>\n<!-- \/ Yoast SEO plugin. -->","yoast_head_json":{"title":"Milit\u00e4r und Gesellschaft in der Fr\u00fchen Neuzeit ; 18 (2014) - Universit\u00e4tsverlag Potsdam","robots":{"index":"index","follow":"follow","max-snippet":"max-snippet:-1","max-image-preview":"max-image-preview:large","max-video-preview":"max-video-preview:-1"},"canonical":"https:\/\/shop.verlag.uni-potsdam.de\/en\/shop\/militaer-und-gesellschaft-in-der-fruehen-neuzeit-18-2014\/","og_locale":"en_US","og_type":"article","og_title":"Milit\u00e4r und Gesellschaft in der Fr\u00fchen Neuzeit ; 18 (2014) - Universit\u00e4tsverlag Potsdam","og_description":"Aus dem Inhalt:Aufs\u00e4tzeJan Philipp Bothe: Von Mordbrennern und Feuer-Hunden. Heidelbergs Zerst\u00f6rungen im Neunj\u00e4hrigen Krieg als fr\u00fchneuzeitliche MedienereignisseBenjamin van der Linde: Das Regiment als Untersuchungsgegenstand. Ein Beitrag zu Methodik und Erkenntnispotential der neuen Milit\u00e4rgeschichteSusan Richter: Prominent ignoriert: Sun-zi Bingfa in Frankreich am Ende des 18. Jahrhunderts \u2013 Eine Untersuchung zum Ph\u00e4nomen des missgl\u00fcckten WissenstransfersProjektPhilippe Rogger: Milit\u00e4runternehmertum in der Eidgenossenschaft (16.\u201318. Jahrhundert)RezensionSara Petzold: Lena Haunert, Einsatz in der Fremde? Das Amerikabild der deutschen Subsidientruppen im Amerikanischen Unabh\u00e4ngigkeitskrieg, Marburg, Darmstadt 2014; Holger Thomas Gr\u00e4f, Andreas Hedwig, Annegret Wenz-Haubfleisch (Hrsg.), Die \u201eHessians\u201c im Amerikanischen Unabh\u00e4ngigkeitskrieg (1776 \u20131783). Neue Quellen, neue Medien, neue Forschungen, Marburg 2014TagungsberichtSebastian Pranghofer: Der milit\u00e4risch-medizinische Komplex in der Fr\u00fchen Neuzeit: Zum Verh\u00e4ltnis von Milit\u00e4r, Medizin, Gesellschaft und Staat (Tagung vom 07.\u2013 08.11.2014 in Hamburg)","og_url":"https:\/\/shop.verlag.uni-potsdam.de\/en\/shop\/militaer-und-gesellschaft-in-der-fruehen-neuzeit-18-2014\/","og_site_name":"Universit\u00e4tsverlag Potsdam","article_modified_time":"2026-03-23T10:55:09+00:00","og_image":[{"width":451,"height":640,"url":"https:\/\/shop.verlag.uni-potsdam.de\/wp-content\/uploads\/asolmerce\/image-1617-9722_2014.jpg","type":"image\/jpeg"}],"twitter_card":"summary_large_image","twitter_misc":{"Est. reading time":"1 minute"},"schema":{"@context":"https:\/\/schema.org","@graph":[{"@type":"WebPage","@id":"https:\/\/shop.verlag.uni-potsdam.de\/en\/shop\/militaer-und-gesellschaft-in-der-fruehen-neuzeit-18-2014\/","url":"https:\/\/shop.verlag.uni-potsdam.de\/en\/shop\/militaer-und-gesellschaft-in-der-fruehen-neuzeit-18-2014\/","name":"Milit\u00e4r und Gesellschaft in der Fr\u00fchen Neuzeit ; 18 (2014) - Universit\u00e4tsverlag Potsdam","isPartOf":{"@id":"https:\/\/shop.verlag.uni-potsdam.de\/en\/#website"},"primaryImageOfPage":{"@id":"https:\/\/shop.verlag.uni-potsdam.de\/en\/shop\/militaer-und-gesellschaft-in-der-fruehen-neuzeit-18-2014\/#primaryimage"},"image":{"@id":"https:\/\/shop.verlag.uni-potsdam.de\/shop\/militaer-und-gesellschaft-in-der-fruehen-neuzeit-18-2014\/#primaryimage"},"thumbnailUrl":"https:\/\/shop.verlag.uni-potsdam.de\/wp-content\/uploads\/asolmerce\/image-1617-9722_2014.jpg","datePublished":"2026-03-23T08:54:09+00:00","dateModified":"2026-03-23T10:55:09+00:00","breadcrumb":{"@id":"https:\/\/shop.verlag.uni-potsdam.de\/en\/shop\/militaer-und-gesellschaft-in-der-fruehen-neuzeit-18-2014\/#breadcrumb"},"inLanguage":"en-US","potentialAction":[{"@type":"ReadAction","target":[["https:\/\/shop.verlag.uni-potsdam.de\/en\/shop\/militaer-und-gesellschaft-in-der-fruehen-neuzeit-18-2014\/"]]}]},{"@type":"ImageObject","inLanguage":"en-US","@id":"https:\/\/shop.verlag.uni-potsdam.de\/en\/shop\/militaer-und-gesellschaft-in-der-fruehen-neuzeit-18-2014\/#primaryimage","url":"https:\/\/shop.verlag.uni-potsdam.de\/wp-content\/uploads\/asolmerce\/image-1617-9722_2014.jpg","contentUrl":"https:\/\/shop.verlag.uni-potsdam.de\/wp-content\/uploads\/asolmerce\/image-1617-9722_2014.jpg","width":451,"height":640},{"@type":"BreadcrumbList","@id":"https:\/\/shop.verlag.uni-potsdam.de\/en\/shop\/militaer-und-gesellschaft-in-der-fruehen-neuzeit-18-2014\/#breadcrumb","itemListElement":[{"@type":"ListItem","position":1,"name":"Startseite","item":"https:\/\/shop.verlag.uni-potsdam.de\/en\/"},{"@type":"ListItem","position":2,"name":"Shop","item":"https:\/\/shop.verlag.uni-potsdam.de\/en\/shop\/"},{"@type":"ListItem","position":3,"name":"Milit\u00e4r und Gesellschaft in der Fr\u00fchen Neuzeit ; 18 (2014)"}]},{"@type":"WebSite","@id":"https:\/\/shop.verlag.uni-potsdam.de\/en\/#website","url":"https:\/\/shop.verlag.uni-potsdam.de\/en\/","name":"Universit\u00e4tsverlag Potsdam","description":"","publisher":{"@id":"https:\/\/shop.verlag.uni-potsdam.de\/en\/#organization"},"potentialAction":[{"@type":"SearchAction","target":{"@type":"EntryPoint","urlTemplate":"https:\/\/shop.verlag.uni-potsdam.de\/en\/?s={search_term_string}"},"query-input":{"@type":"PropertyValueSpecification","valueRequired":true,"valueName":"search_term_string"}}],"inLanguage":"en-US"},{"@type":"Organization","@id":"https:\/\/shop.verlag.uni-potsdam.de\/en\/#organization","name":"Universit\u00e4tsverlag Potsdam","url":"https:\/\/shop.verlag.uni-potsdam.de\/en\/","logo":{"@type":"ImageObject","inLanguage":"en-US","@id":"https:\/\/shop.verlag.uni-potsdam.de\/en\/#\/schema\/logo\/image\/","url":"https:\/\/shop.verlag.uni-potsdam.de\/wp-content\/uploads\/2017\/04\/up_logo_university_2.png","contentUrl":"https:\/\/shop.verlag.uni-potsdam.de\/wp-content\/uploads\/2017\/04\/up_logo_university_2.png","width":160,"height":172,"caption":"Universit\u00e4tsverlag Potsdam"},"image":{"@id":"https:\/\/shop.verlag.uni-potsdam.de\/en\/#\/schema\/logo\/image\/"}}]}},"_links":{"self":[{"href":"https:\/\/shop.verlag.uni-potsdam.de\/en\/wp-json\/wp\/v2\/product\/53219","targetHints":{"allow":["GET"]}}],"collection":[{"href":"https:\/\/shop.verlag.uni-potsdam.de\/en\/wp-json\/wp\/v2\/product"}],"about":[{"href":"https:\/\/shop.verlag.uni-potsdam.de\/en\/wp-json\/wp\/v2\/types\/product"}],"wp:featuredmedia":[{"embeddable":true,"href":"https:\/\/shop.verlag.uni-potsdam.de\/en\/wp-json\/wp\/v2\/media\/54185"}],"wp:attachment":[{"href":"https:\/\/shop.verlag.uni-potsdam.de\/en\/wp-json\/wp\/v2\/media?parent=53219"}],"wp:term":[{"taxonomy":"product_brand","embeddable":true,"href":"https:\/\/shop.verlag.uni-potsdam.de\/en\/wp-json\/wp\/v2\/product_brand?post=53219"},{"taxonomy":"product_cat","embeddable":true,"href":"https:\/\/shop.verlag.uni-potsdam.de\/en\/wp-json\/wp\/v2\/product_cat?post=53219"},{"taxonomy":"product_tag","embeddable":true,"href":"https:\/\/shop.verlag.uni-potsdam.de\/en\/wp-json\/wp\/v2\/product_tag?post=53219"}],"curies":[{"name":"wp","href":"https:\/\/api.w.org\/{rel}","templated":true}]}}