{"id":53260,"date":"2026-03-31T09:37:35","date_gmt":"2026-03-31T09:37:35","guid":{"rendered":"http:\/\/shop.verlag.uni-potsdam.de\/produkt\/partizipation-in-der-buergerkommune\/"},"modified":"2026-03-31T13:38:35","modified_gmt":"2026-03-31T11:38:35","slug":"partizipation-in-der-buergerkommune","status":"publish","type":"product","link":"https:\/\/shop.verlag.uni-potsdam.de\/en\/shop\/partizipation-in-der-buergerkommune\/","title":{"rendered":"Partizipation in der B\u00fcrgerkommune"},"content":{"rendered":"<p class=\"qtranxs-available-languages-message qtranxs-available-languages-message-en\">Sorry, this entry is only available in <a href=\"https:\/\/shop.verlag.uni-potsdam.de\/de\/wp-json\/wp\/v2\/product\/53260\" class=\"qtranxs-available-language-link qtranxs-available-language-link-de\" title=\"Deutsch\">Deutsch<\/a>.<\/p><p><span id=\"abstractFull_27203\" class=\"abstractFull\" style=\"display: inline;\">Konzepte, nach denen sich die demokratische Mitwirkung der B\u00fcrger vornehmlich in Wahlen ersch\u00f6pft, geh\u00f6ren sp\u00e4testens seit \u201eStuttgart 21\u201c der Vergangenheit an. Indes ist die B\u00fcrgerbeteiligung auch jenseits solcher Gro\u00dfprojekte l\u00e4ngst zu einem beherrschenden Thema der Zeit herangewachsen. Das gilt zumal f\u00fcr die kommunale Ebene. Dort werden traditionsreiche Partizipationsformen nicht nur intensiv genutzt, sondern zunehmend um neue Beteiligungsvarianten erg\u00e4nzt und in innovativen Modellprojekten fortentwickelt. Dabei treten zwei Antriebskr\u00e4fte besonders hervor. Zum einen fordern die B\u00fcrger nach den Maximen \u201eMitmachen, Mitwirken, Mitentscheiden\u201c deutlich verbesserte Partizipationsm\u00f6glichkeiten ein. Zum anderen setzen die Kommunen verst\u00e4rkt auf b\u00fcrgerschaftliches Engagement zur Erschlie\u00dfung Ressourcen privater Akteure f\u00fcr die Bereitstellung \u00f6ffentlicher Leistungen. \u00dcbergreifende Perspektive ist die Ausbildung einer Neuen Partizipationskultur in der B\u00fcrgerkommune zur Optimierung des Gemeinwohls.<\/p>\n<p>F\u00fcr die kommunale Praxis ist das partizipationsgest\u00fctzte Miteinander von Verwaltung. Politik und B\u00fcrgerschaft in Systementw\u00fcrfen, Leitbildern, Organisations- und Verfahrensmodellen sowie lokalen Beteiligungsformaten konkretisiert. Doch verbinden sich mit den alten und neuen Ans\u00e4tzen der B\u00fcrgerbeteiligung noch eine ganze Reihe offener Fragen \u2013 so etwa nach den rechtlichen M\u00f6glichkeiten und Grenzen der neuen kommunalen Beteiligungskultur, nach Erfolgsbedingungen und konkreten Erfahrungen mit der Umsetzung von Partizipationsmodellen.<\/p>\n<p>Auf der 21. Fachtagung des Kommunalwissenschaftlichen Instituts (KWI) der Universit\u00e4t Potsdam wurden Schl\u00fcsselthemen der Neuen Partizipationskultur in der B\u00fcrgerkommune, namentlich der normativen Rahmenbedingungen und politischen Direktiven, Modernisierungsimpulse und Aktivierungsstrategien, Erfolgsbedingungen und spezifische Problemlagen einschlie\u00dflich der Fallstricke in der Praxis und nicht zuletzt ausgew\u00e4hlter Einsatzfelder mit den dazugeh\u00f6rigen Erfahrungen diskutiert.<\/span><\/p>","protected":false},"excerpt":{"rendered":"<p class=\"qtranxs-available-languages-message qtranxs-available-languages-message-en\">Sorry, this entry is only available in <a href=\"https:\/\/shop.verlag.uni-potsdam.de\/de\/wp-json\/wp\/v2\/product\/53260\" class=\"qtranxs-available-language-link qtranxs-available-language-link-de\" title=\"Deutsch\">Deutsch<\/a>.<\/p>\n<p><span id=\"abstractFull_27203\" class=\"abstractFull\" style=\"display: inline;\">Konzepte, nach denen sich die demokratische Mitwirkung der B\u00fcrger vornehmlich in Wahlen ersch\u00f6pft, geh\u00f6ren sp\u00e4testens seit \u201eStuttgart 21\u201c der Vergangenheit an. Indes ist die B\u00fcrgerbeteiligung auch jenseits solcher Gro\u00dfprojekte l\u00e4ngst zu einem beherrschenden Thema der Zeit herangewachsen. Das gilt zumal f\u00fcr die kommunale Ebene. Dort werden traditionsreiche Partizipationsformen nicht nur intensiv genutzt, sondern zunehmend um neue Beteiligungsvarianten erg\u00e4nzt und in innovativen Modellprojekten fortentwickelt. Dabei treten zwei Antriebskr\u00e4fte besonders hervor. Zum einen fordern die B\u00fcrger nach den Maximen \u201eMitmachen, Mitwirken, Mitentscheiden\u201c deutlich verbesserte Partizipationsm\u00f6glichkeiten ein. Zum anderen setzen die Kommunen verst\u00e4rkt auf b\u00fcrgerschaftliches Engagement zur Erschlie\u00dfung Ressourcen privater Akteure f\u00fcr die Bereitstellung \u00f6ffentlicher Leistungen. \u00dcbergreifende Perspektive ist die Ausbildung einer Neuen Partizipationskultur in der B\u00fcrgerkommune zur Optimierung des Gemeinwohls.<\/p>\n<p>F\u00fcr die kommunale Praxis ist das partizipationsgest\u00fctzte Miteinander von Verwaltung. Politik und B\u00fcrgerschaft in Systementw\u00fcrfen, Leitbildern, Organisations- und Verfahrensmodellen sowie lokalen Beteiligungsformaten konkretisiert. Doch verbinden sich mit den alten und neuen Ans\u00e4tzen der B\u00fcrgerbeteiligung noch eine ganze Reihe offener Fragen \u2013 so etwa nach den rechtlichen M\u00f6glichkeiten und Grenzen der neuen kommunalen Beteiligungskultur, nach Erfolgsbedingungen und konkreten Erfahrungen mit der Umsetzung von Partizipationsmodellen.<\/p>\n<p>Auf der 21. Fachtagung des Kommunalwissenschaftlichen Instituts (KWI) der Universit\u00e4t Potsdam wurden Schl\u00fcsselthemen der Neuen Partizipationskultur in der B\u00fcrgerkommune, namentlich der normativen Rahmenbedingungen und politischen Direktiven, Modernisierungsimpulse und Aktivierungsstrategien, Erfolgsbedingungen und spezifische Problemlagen einschlie\u00dflich der Fallstricke in der Praxis und nicht zuletzt ausgew\u00e4hlter Einsatzfelder mit den dazugeh\u00f6rigen Erfahrungen diskutiert.<\/span><\/p>\n","protected":false},"featured_media":54218,"template":"","meta":{"_acf_changed":false},"product_brand":[],"product_cat":[6223],"product_tag":[5808],"class_list":{"0":"post-53260","1":"product","2":"type-product","3":"status-publish","4":"has-post-thumbnail","6":"product_cat-politikwissenschaft-web-kategorie","7":"product_tag-buergerkommune-partizipation-partizipationsprozesse-kommunale-demokratie-kommunale-entscheidungsprozesse","8":"autor-christiane-buechner","9":"autor-hartmut-bauer","10":"autor-kommunalwissenschaftliches-institut","11":"autor-lydia-hajasch","13":"first","14":"instock","15":"shipping-taxable","16":"purchasable","17":"product-type-simple"},"acf":[],"yoast_head":"<!-- This site is optimized with the Yoast SEO plugin v27.1.1 - https:\/\/yoast.com\/product\/yoast-seo-wordpress\/ -->\n<title>Partizipation in der B\u00fcrgerkommune - Universit\u00e4tsverlag Potsdam<\/title>\n<meta name=\"robots\" content=\"index, follow, max-snippet:-1, max-image-preview:large, max-video-preview:-1\" \/>\n<link rel=\"canonical\" href=\"https:\/\/shop.verlag.uni-potsdam.de\/en\/shop\/partizipation-in-der-buergerkommune\/\" \/>\n<meta property=\"og:locale\" content=\"en_US\" \/>\n<meta property=\"og:type\" content=\"article\" \/>\n<meta property=\"og:title\" content=\"Partizipation in der B\u00fcrgerkommune - Universit\u00e4tsverlag Potsdam\" \/>\n<meta property=\"og:description\" content=\"Konzepte, nach denen sich die demokratische Mitwirkung der B\u00fcrger vornehmlich in Wahlen ersch\u00f6pft, geh\u00f6ren sp\u00e4testens seit \u201eStuttgart 21\u201c der Vergangenheit an. Indes ist die B\u00fcrgerbeteiligung auch jenseits solcher Gro\u00dfprojekte l\u00e4ngst zu einem beherrschenden Thema der Zeit herangewachsen. Das gilt zumal f\u00fcr die kommunale Ebene. Dort werden traditionsreiche Partizipationsformen nicht nur intensiv genutzt, sondern zunehmend um neue Beteiligungsvarianten erg\u00e4nzt und in innovativen Modellprojekten fortentwickelt. Dabei treten zwei Antriebskr\u00e4fte besonders hervor. Zum einen fordern die B\u00fcrger nach den Maximen \u201eMitmachen, Mitwirken, Mitentscheiden\u201c deutlich verbesserte Partizipationsm\u00f6glichkeiten ein. Zum anderen setzen die Kommunen verst\u00e4rkt auf b\u00fcrgerschaftliches Engagement zur Erschlie\u00dfung Ressourcen privater Akteure f\u00fcr die Bereitstellung \u00f6ffentlicher Leistungen. \u00dcbergreifende Perspektive ist die Ausbildung einer Neuen Partizipationskultur in der B\u00fcrgerkommune zur Optimierung des Gemeinwohls. F\u00fcr die kommunale Praxis ist das partizipationsgest\u00fctzte Miteinander von Verwaltung. Politik und B\u00fcrgerschaft in Systementw\u00fcrfen, Leitbildern, Organisations- und Verfahrensmodellen sowie lokalen Beteiligungsformaten konkretisiert. Doch verbinden sich mit den alten und neuen Ans\u00e4tzen der B\u00fcrgerbeteiligung noch eine ganze Reihe offener Fragen \u2013 so etwa nach den rechtlichen M\u00f6glichkeiten und Grenzen der neuen kommunalen Beteiligungskultur, nach Erfolgsbedingungen und konkreten Erfahrungen mit der Umsetzung von Partizipationsmodellen. Auf der 21. Fachtagung des Kommunalwissenschaftlichen Instituts (KWI) der Universit\u00e4t Potsdam wurden Schl\u00fcsselthemen der Neuen Partizipationskultur in der B\u00fcrgerkommune, namentlich der normativen Rahmenbedingungen und politischen Direktiven, Modernisierungsimpulse und Aktivierungsstrategien, Erfolgsbedingungen und spezifische Problemlagen einschlie\u00dflich der Fallstricke in der Praxis und nicht zuletzt ausgew\u00e4hlter Einsatzfelder mit den dazugeh\u00f6rigen Erfahrungen diskutiert.\" \/>\n<meta property=\"og:url\" content=\"https:\/\/shop.verlag.uni-potsdam.de\/en\/shop\/partizipation-in-der-buergerkommune\/\" \/>\n<meta property=\"og:site_name\" content=\"Universit\u00e4tsverlag Potsdam\" \/>\n<meta property=\"article:modified_time\" content=\"2026-03-31T11:38:35+00:00\" \/>\n<meta property=\"og:image\" content=\"https:\/\/shop.verlag.uni-potsdam.de\/wp-content\/uploads\/asolmerce\/image-978-3-86956-371-8.jpg\" \/>\n\t<meta property=\"og:image:width\" content=\"451\" \/>\n\t<meta property=\"og:image:height\" content=\"640\" \/>\n\t<meta property=\"og:image:type\" content=\"image\/jpeg\" \/>\n<meta name=\"twitter:card\" content=\"summary_large_image\" \/>\n<meta name=\"twitter:label1\" content=\"Est. reading time\" \/>\n\t<meta name=\"twitter:data1\" content=\"1 minute\" \/>\n<script type=\"application\/ld+json\" class=\"yoast-schema-graph\">{\"@context\":\"https:\/\/schema.org\",\"@graph\":[{\"@type\":\"WebPage\",\"@id\":\"https:\/\/shop.verlag.uni-potsdam.de\/en\/shop\/partizipation-in-der-buergerkommune\/\",\"url\":\"https:\/\/shop.verlag.uni-potsdam.de\/en\/shop\/partizipation-in-der-buergerkommune\/\",\"name\":\"Partizipation in der B\u00fcrgerkommune - Universit\u00e4tsverlag Potsdam\",\"isPartOf\":{\"@id\":\"https:\/\/shop.verlag.uni-potsdam.de\/en\/#website\"},\"primaryImageOfPage\":{\"@id\":\"https:\/\/shop.verlag.uni-potsdam.de\/en\/shop\/partizipation-in-der-buergerkommune\/#primaryimage\"},\"image\":{\"@id\":\"https:\/\/shop.verlag.uni-potsdam.de\/shop\/partizipation-in-der-buergerkommune\/#primaryimage\"},\"thumbnailUrl\":\"https:\/\/shop.verlag.uni-potsdam.de\/wp-content\/uploads\/asolmerce\/image-978-3-86956-371-8.jpg\",\"datePublished\":\"2026-03-31T09:37:35+00:00\",\"dateModified\":\"2026-03-31T11:38:35+00:00\",\"breadcrumb\":{\"@id\":\"https:\/\/shop.verlag.uni-potsdam.de\/en\/shop\/partizipation-in-der-buergerkommune\/#breadcrumb\"},\"inLanguage\":\"en-US\",\"potentialAction\":[{\"@type\":\"ReadAction\",\"target\":[[\"https:\/\/shop.verlag.uni-potsdam.de\/en\/shop\/partizipation-in-der-buergerkommune\/\"]]}]},{\"@type\":\"ImageObject\",\"inLanguage\":\"en-US\",\"@id\":\"https:\/\/shop.verlag.uni-potsdam.de\/en\/shop\/partizipation-in-der-buergerkommune\/#primaryimage\",\"url\":\"https:\/\/shop.verlag.uni-potsdam.de\/wp-content\/uploads\/asolmerce\/image-978-3-86956-371-8.jpg\",\"contentUrl\":\"https:\/\/shop.verlag.uni-potsdam.de\/wp-content\/uploads\/asolmerce\/image-978-3-86956-371-8.jpg\",\"width\":451,\"height\":640},{\"@type\":\"BreadcrumbList\",\"@id\":\"https:\/\/shop.verlag.uni-potsdam.de\/en\/shop\/partizipation-in-der-buergerkommune\/#breadcrumb\",\"itemListElement\":[{\"@type\":\"ListItem\",\"position\":1,\"name\":\"Startseite\",\"item\":\"https:\/\/shop.verlag.uni-potsdam.de\/en\/\"},{\"@type\":\"ListItem\",\"position\":2,\"name\":\"Shop\",\"item\":\"https:\/\/shop.verlag.uni-potsdam.de\/en\/shop\/\"},{\"@type\":\"ListItem\",\"position\":3,\"name\":\"Partizipation in der B\u00fcrgerkommune\"}]},{\"@type\":\"WebSite\",\"@id\":\"https:\/\/shop.verlag.uni-potsdam.de\/en\/#website\",\"url\":\"https:\/\/shop.verlag.uni-potsdam.de\/en\/\",\"name\":\"Universit\u00e4tsverlag Potsdam\",\"description\":\"\",\"publisher\":{\"@id\":\"https:\/\/shop.verlag.uni-potsdam.de\/en\/#organization\"},\"potentialAction\":[{\"@type\":\"SearchAction\",\"target\":{\"@type\":\"EntryPoint\",\"urlTemplate\":\"https:\/\/shop.verlag.uni-potsdam.de\/en\/?s={search_term_string}\"},\"query-input\":{\"@type\":\"PropertyValueSpecification\",\"valueRequired\":true,\"valueName\":\"search_term_string\"}}],\"inLanguage\":\"en-US\"},{\"@type\":\"Organization\",\"@id\":\"https:\/\/shop.verlag.uni-potsdam.de\/en\/#organization\",\"name\":\"Universit\u00e4tsverlag Potsdam\",\"url\":\"https:\/\/shop.verlag.uni-potsdam.de\/en\/\",\"logo\":{\"@type\":\"ImageObject\",\"inLanguage\":\"en-US\",\"@id\":\"https:\/\/shop.verlag.uni-potsdam.de\/en\/#\/schema\/logo\/image\/\",\"url\":\"https:\/\/shop.verlag.uni-potsdam.de\/wp-content\/uploads\/2017\/04\/up_logo_university_2.png\",\"contentUrl\":\"https:\/\/shop.verlag.uni-potsdam.de\/wp-content\/uploads\/2017\/04\/up_logo_university_2.png\",\"width\":160,\"height\":172,\"caption\":\"Universit\u00e4tsverlag Potsdam\"},\"image\":{\"@id\":\"https:\/\/shop.verlag.uni-potsdam.de\/en\/#\/schema\/logo\/image\/\"}}]}<\/script>\n<!-- \/ Yoast SEO plugin. -->","yoast_head_json":{"title":"Partizipation in der B\u00fcrgerkommune - Universit\u00e4tsverlag Potsdam","robots":{"index":"index","follow":"follow","max-snippet":"max-snippet:-1","max-image-preview":"max-image-preview:large","max-video-preview":"max-video-preview:-1"},"canonical":"https:\/\/shop.verlag.uni-potsdam.de\/en\/shop\/partizipation-in-der-buergerkommune\/","og_locale":"en_US","og_type":"article","og_title":"Partizipation in der B\u00fcrgerkommune - Universit\u00e4tsverlag Potsdam","og_description":"Konzepte, nach denen sich die demokratische Mitwirkung der B\u00fcrger vornehmlich in Wahlen ersch\u00f6pft, geh\u00f6ren sp\u00e4testens seit \u201eStuttgart 21\u201c der Vergangenheit an. Indes ist die B\u00fcrgerbeteiligung auch jenseits solcher Gro\u00dfprojekte l\u00e4ngst zu einem beherrschenden Thema der Zeit herangewachsen. Das gilt zumal f\u00fcr die kommunale Ebene. Dort werden traditionsreiche Partizipationsformen nicht nur intensiv genutzt, sondern zunehmend um neue Beteiligungsvarianten erg\u00e4nzt und in innovativen Modellprojekten fortentwickelt. Dabei treten zwei Antriebskr\u00e4fte besonders hervor. Zum einen fordern die B\u00fcrger nach den Maximen \u201eMitmachen, Mitwirken, Mitentscheiden\u201c deutlich verbesserte Partizipationsm\u00f6glichkeiten ein. Zum anderen setzen die Kommunen verst\u00e4rkt auf b\u00fcrgerschaftliches Engagement zur Erschlie\u00dfung Ressourcen privater Akteure f\u00fcr die Bereitstellung \u00f6ffentlicher Leistungen. \u00dcbergreifende Perspektive ist die Ausbildung einer Neuen Partizipationskultur in der B\u00fcrgerkommune zur Optimierung des Gemeinwohls. F\u00fcr die kommunale Praxis ist das partizipationsgest\u00fctzte Miteinander von Verwaltung. Politik und B\u00fcrgerschaft in Systementw\u00fcrfen, Leitbildern, Organisations- und Verfahrensmodellen sowie lokalen Beteiligungsformaten konkretisiert. Doch verbinden sich mit den alten und neuen Ans\u00e4tzen der B\u00fcrgerbeteiligung noch eine ganze Reihe offener Fragen \u2013 so etwa nach den rechtlichen M\u00f6glichkeiten und Grenzen der neuen kommunalen Beteiligungskultur, nach Erfolgsbedingungen und konkreten Erfahrungen mit der Umsetzung von Partizipationsmodellen. Auf der 21. Fachtagung des Kommunalwissenschaftlichen Instituts (KWI) der Universit\u00e4t Potsdam wurden Schl\u00fcsselthemen der Neuen Partizipationskultur in der B\u00fcrgerkommune, namentlich der normativen Rahmenbedingungen und politischen Direktiven, Modernisierungsimpulse und Aktivierungsstrategien, Erfolgsbedingungen und spezifische Problemlagen einschlie\u00dflich der Fallstricke in der Praxis und nicht zuletzt ausgew\u00e4hlter Einsatzfelder mit den dazugeh\u00f6rigen Erfahrungen diskutiert.","og_url":"https:\/\/shop.verlag.uni-potsdam.de\/en\/shop\/partizipation-in-der-buergerkommune\/","og_site_name":"Universit\u00e4tsverlag Potsdam","article_modified_time":"2026-03-31T11:38:35+00:00","og_image":[{"width":451,"height":640,"url":"https:\/\/shop.verlag.uni-potsdam.de\/wp-content\/uploads\/asolmerce\/image-978-3-86956-371-8.jpg","type":"image\/jpeg"}],"twitter_card":"summary_large_image","twitter_misc":{"Est. reading time":"1 minute"},"schema":{"@context":"https:\/\/schema.org","@graph":[{"@type":"WebPage","@id":"https:\/\/shop.verlag.uni-potsdam.de\/en\/shop\/partizipation-in-der-buergerkommune\/","url":"https:\/\/shop.verlag.uni-potsdam.de\/en\/shop\/partizipation-in-der-buergerkommune\/","name":"Partizipation in der B\u00fcrgerkommune - Universit\u00e4tsverlag Potsdam","isPartOf":{"@id":"https:\/\/shop.verlag.uni-potsdam.de\/en\/#website"},"primaryImageOfPage":{"@id":"https:\/\/shop.verlag.uni-potsdam.de\/en\/shop\/partizipation-in-der-buergerkommune\/#primaryimage"},"image":{"@id":"https:\/\/shop.verlag.uni-potsdam.de\/shop\/partizipation-in-der-buergerkommune\/#primaryimage"},"thumbnailUrl":"https:\/\/shop.verlag.uni-potsdam.de\/wp-content\/uploads\/asolmerce\/image-978-3-86956-371-8.jpg","datePublished":"2026-03-31T09:37:35+00:00","dateModified":"2026-03-31T11:38:35+00:00","breadcrumb":{"@id":"https:\/\/shop.verlag.uni-potsdam.de\/en\/shop\/partizipation-in-der-buergerkommune\/#breadcrumb"},"inLanguage":"en-US","potentialAction":[{"@type":"ReadAction","target":[["https:\/\/shop.verlag.uni-potsdam.de\/en\/shop\/partizipation-in-der-buergerkommune\/"]]}]},{"@type":"ImageObject","inLanguage":"en-US","@id":"https:\/\/shop.verlag.uni-potsdam.de\/en\/shop\/partizipation-in-der-buergerkommune\/#primaryimage","url":"https:\/\/shop.verlag.uni-potsdam.de\/wp-content\/uploads\/asolmerce\/image-978-3-86956-371-8.jpg","contentUrl":"https:\/\/shop.verlag.uni-potsdam.de\/wp-content\/uploads\/asolmerce\/image-978-3-86956-371-8.jpg","width":451,"height":640},{"@type":"BreadcrumbList","@id":"https:\/\/shop.verlag.uni-potsdam.de\/en\/shop\/partizipation-in-der-buergerkommune\/#breadcrumb","itemListElement":[{"@type":"ListItem","position":1,"name":"Startseite","item":"https:\/\/shop.verlag.uni-potsdam.de\/en\/"},{"@type":"ListItem","position":2,"name":"Shop","item":"https:\/\/shop.verlag.uni-potsdam.de\/en\/shop\/"},{"@type":"ListItem","position":3,"name":"Partizipation in der B\u00fcrgerkommune"}]},{"@type":"WebSite","@id":"https:\/\/shop.verlag.uni-potsdam.de\/en\/#website","url":"https:\/\/shop.verlag.uni-potsdam.de\/en\/","name":"Universit\u00e4tsverlag Potsdam","description":"","publisher":{"@id":"https:\/\/shop.verlag.uni-potsdam.de\/en\/#organization"},"potentialAction":[{"@type":"SearchAction","target":{"@type":"EntryPoint","urlTemplate":"https:\/\/shop.verlag.uni-potsdam.de\/en\/?s={search_term_string}"},"query-input":{"@type":"PropertyValueSpecification","valueRequired":true,"valueName":"search_term_string"}}],"inLanguage":"en-US"},{"@type":"Organization","@id":"https:\/\/shop.verlag.uni-potsdam.de\/en\/#organization","name":"Universit\u00e4tsverlag Potsdam","url":"https:\/\/shop.verlag.uni-potsdam.de\/en\/","logo":{"@type":"ImageObject","inLanguage":"en-US","@id":"https:\/\/shop.verlag.uni-potsdam.de\/en\/#\/schema\/logo\/image\/","url":"https:\/\/shop.verlag.uni-potsdam.de\/wp-content\/uploads\/2017\/04\/up_logo_university_2.png","contentUrl":"https:\/\/shop.verlag.uni-potsdam.de\/wp-content\/uploads\/2017\/04\/up_logo_university_2.png","width":160,"height":172,"caption":"Universit\u00e4tsverlag Potsdam"},"image":{"@id":"https:\/\/shop.verlag.uni-potsdam.de\/en\/#\/schema\/logo\/image\/"}}]}},"_links":{"self":[{"href":"https:\/\/shop.verlag.uni-potsdam.de\/en\/wp-json\/wp\/v2\/product\/53260","targetHints":{"allow":["GET"]}}],"collection":[{"href":"https:\/\/shop.verlag.uni-potsdam.de\/en\/wp-json\/wp\/v2\/product"}],"about":[{"href":"https:\/\/shop.verlag.uni-potsdam.de\/en\/wp-json\/wp\/v2\/types\/product"}],"wp:featuredmedia":[{"embeddable":true,"href":"https:\/\/shop.verlag.uni-potsdam.de\/en\/wp-json\/wp\/v2\/media\/54218"}],"wp:attachment":[{"href":"https:\/\/shop.verlag.uni-potsdam.de\/en\/wp-json\/wp\/v2\/media?parent=53260"}],"wp:term":[{"taxonomy":"product_brand","embeddable":true,"href":"https:\/\/shop.verlag.uni-potsdam.de\/en\/wp-json\/wp\/v2\/product_brand?post=53260"},{"taxonomy":"product_cat","embeddable":true,"href":"https:\/\/shop.verlag.uni-potsdam.de\/en\/wp-json\/wp\/v2\/product_cat?post=53260"},{"taxonomy":"product_tag","embeddable":true,"href":"https:\/\/shop.verlag.uni-potsdam.de\/en\/wp-json\/wp\/v2\/product_tag?post=53260"}],"curies":[{"name":"wp","href":"https:\/\/api.w.org\/{rel}","templated":true}]}}