{"id":53310,"date":"2026-03-23T08:54:16","date_gmt":"2026-03-23T08:54:16","guid":{"rendered":"http:\/\/shop.verlag.uni-potsdam.de\/produkt\/53310\/"},"modified":"2026-03-23T11:55:16","modified_gmt":"2026-03-23T10:55:16","slug":"belcantare-brandenburg-jedes-kind-kann-singen-2","status":"publish","type":"product","link":"https:\/\/shop.verlag.uni-potsdam.de\/en\/shop\/belcantare-brandenburg-jedes-kind-kann-singen-2\/","title":{"rendered":"Belcantare Brandenburg. Jedes Kind kann singen!"},"content":{"rendered":"<p class=\"qtranxs-available-languages-message qtranxs-available-languages-message-en\">Sorry, this entry is only available in <a href=\"https:\/\/shop.verlag.uni-potsdam.de\/de\/wp-json\/wp\/v2\/product\/53310\" class=\"qtranxs-available-language-link qtranxs-available-language-link-de\" title=\"Deutsch\">Deutsch<\/a>.<\/p><p>Dieser Band kn\u00fcpft an die repr\u00e4sentative Dokumentation des Fortbildungsprojektes Belcantare Brandenburg. Jedes Kind kann singen! f\u00fcr musikunterrichtende Grundschullehrkr\u00e4fte im Land Brandenburg und seine begleitendende Evaluationsforschung an. Inhaltlicher Schwerpunkt dieses Bandes ist die Vorstellung der explorative Evaluationsstudie mit ihren sensiblen Konzepten, Fragenstellungen, ihrem triangulierenden Forschungsdesign und ausgew\u00e4hlten Forschungsergebnissen aus den Staffeln 1 und 2. Die fachdidaktischen, musikpsychologischen und methodischen Kontexte der Evaluationsforschung werden durch Fachartikel entsprechender Autoren in diesem Band transparent und bereichern ihn im besonderen Ma\u00dfe. Die Mitwirkung von Studierenden am Forschungsprozess erforderte Anwendungsleitf\u00e4den zur methodischen Handhabung verschiedener Erhebungsinstrumente und Auswertungsmethoden zu entwickeln, denen hier der Raum zur Ver\u00f6ffentlichung gegeben wurde.<\/p>","protected":false},"excerpt":{"rendered":"<p class=\"qtranxs-available-languages-message qtranxs-available-languages-message-en\">Sorry, this entry is only available in <a href=\"https:\/\/shop.verlag.uni-potsdam.de\/de\/wp-json\/wp\/v2\/product\/53310\" class=\"qtranxs-available-language-link qtranxs-available-language-link-de\" title=\"Deutsch\">Deutsch<\/a>.<\/p>\n<p>Dieser Band kn\u00fcpft an die repr\u00e4sentative Dokumentation des Fortbildungsprojektes Belcantare Brandenburg. Jedes Kind kann singen! f\u00fcr musikunterrichtende Grundschullehrkr\u00e4fte im Land Brandenburg und seine begleitendende Evaluationsforschung an. Inhaltlicher Schwerpunkt dieses Bandes ist die Vorstellung der explorative Evaluationsstudie mit ihren sensiblen Konzepten, Fragenstellungen, ihrem triangulierenden Forschungsdesign und ausgew\u00e4hlten Forschungsergebnissen aus den Staffeln 1 und 2. Die fachdidaktischen, musikpsychologischen und methodischen Kontexte der Evaluationsforschung werden durch Fachartikel entsprechender Autoren in diesem Band transparent und bereichern ihn im besonderen Ma\u00dfe. Die Mitwirkung von Studierenden am Forschungsprozess erforderte Anwendungsleitf\u00e4den zur methodischen Handhabung verschiedener Erhebungsinstrumente und Auswertungsmethoden zu entwickeln, denen hier der Raum zur Ver\u00f6ffentlichung gegeben wurde.<\/p>\n","protected":false},"featured_media":54230,"template":"","meta":{"_acf_changed":false},"product_brand":[],"product_cat":[6218,6220],"product_tag":[5130],"class_list":{"0":"post-53310","1":"product","2":"type-product","3":"status-publish","4":"has-post-thumbnail","6":"product_cat-musik-web-kategorie","7":"product_cat-paedagogik-web-kategorie","8":"product_tag-fortbildung-grundschule-lieddidaktik-singprojekt-further-education-primary-school-singing-project-song-teaching-methods","9":"autor-annedore-prengel","10":"autor-birgit-jank","11":"autor-claudia-kaehler-1","12":"autor-ifv-im-wissenschaftspark","13":"autor-jana-buschmann","14":"autor-juliane-boehme","16":"first","17":"instock","18":"shipping-taxable","19":"purchasable","20":"product-type-simple"},"acf":[],"yoast_head":"<!-- This site is optimized with the Yoast SEO plugin v27.1.1 - https:\/\/yoast.com\/product\/yoast-seo-wordpress\/ -->\n<title>Belcantare Brandenburg. Jedes Kind kann singen! - Universit\u00e4tsverlag Potsdam<\/title>\n<meta name=\"robots\" content=\"index, follow, max-snippet:-1, max-image-preview:large, max-video-preview:-1\" \/>\n<link rel=\"canonical\" href=\"https:\/\/shop.verlag.uni-potsdam.de\/en\/shop\/belcantare-brandenburg-jedes-kind-kann-singen-2\/\" \/>\n<meta property=\"og:locale\" content=\"en_US\" \/>\n<meta property=\"og:type\" content=\"article\" \/>\n<meta property=\"og:title\" content=\"Belcantare Brandenburg. Jedes Kind kann singen! - Universit\u00e4tsverlag Potsdam\" \/>\n<meta property=\"og:description\" content=\"Dieser Band kn\u00fcpft an die repr\u00e4sentative Dokumentation des Fortbildungsprojektes Belcantare Brandenburg. Jedes Kind kann singen! f\u00fcr musikunterrichtende Grundschullehrkr\u00e4fte im Land Brandenburg und seine begleitendende Evaluationsforschung an. Inhaltlicher Schwerpunkt dieses Bandes ist die Vorstellung der explorative Evaluationsstudie mit ihren sensiblen Konzepten, Fragenstellungen, ihrem triangulierenden Forschungsdesign und ausgew\u00e4hlten Forschungsergebnissen aus den Staffeln 1 und 2. Die fachdidaktischen, musikpsychologischen und methodischen Kontexte der Evaluationsforschung werden durch Fachartikel entsprechender Autoren in diesem Band transparent und bereichern ihn im besonderen Ma\u00dfe. Die Mitwirkung von Studierenden am Forschungsprozess erforderte Anwendungsleitf\u00e4den zur methodischen Handhabung verschiedener Erhebungsinstrumente und Auswertungsmethoden zu entwickeln, denen hier der Raum zur Ver\u00f6ffentlichung gegeben wurde.\" \/>\n<meta property=\"og:url\" content=\"https:\/\/shop.verlag.uni-potsdam.de\/en\/shop\/belcantare-brandenburg-jedes-kind-kann-singen-2\/\" \/>\n<meta property=\"og:site_name\" content=\"Universit\u00e4tsverlag Potsdam\" \/>\n<meta property=\"article:modified_time\" content=\"2026-03-23T10:55:16+00:00\" \/>\n<meta property=\"og:image\" content=\"https:\/\/shop.verlag.uni-potsdam.de\/wp-content\/uploads\/asolmerce\/image-978-3-86956-254-4.jpg\" \/>\n\t<meta property=\"og:image:width\" content=\"451\" \/>\n\t<meta property=\"og:image:height\" content=\"640\" \/>\n\t<meta property=\"og:image:type\" content=\"image\/jpeg\" \/>\n<meta name=\"twitter:card\" content=\"summary_large_image\" \/>\n<meta name=\"twitter:label1\" content=\"Est. reading time\" \/>\n\t<meta name=\"twitter:data1\" content=\"1 minute\" \/>\n<script type=\"application\/ld+json\" class=\"yoast-schema-graph\">{\"@context\":\"https:\/\/schema.org\",\"@graph\":[{\"@type\":\"WebPage\",\"@id\":\"https:\/\/shop.verlag.uni-potsdam.de\/en\/shop\/belcantare-brandenburg-jedes-kind-kann-singen-2\/\",\"url\":\"https:\/\/shop.verlag.uni-potsdam.de\/en\/shop\/belcantare-brandenburg-jedes-kind-kann-singen-2\/\",\"name\":\"Belcantare Brandenburg. Jedes Kind kann singen! - Universit\u00e4tsverlag Potsdam\",\"isPartOf\":{\"@id\":\"https:\/\/shop.verlag.uni-potsdam.de\/en\/#website\"},\"primaryImageOfPage\":{\"@id\":\"https:\/\/shop.verlag.uni-potsdam.de\/en\/shop\/belcantare-brandenburg-jedes-kind-kann-singen-2\/#primaryimage\"},\"image\":{\"@id\":\"https:\/\/shop.verlag.uni-potsdam.de\/shop\/belcantare-brandenburg-jedes-kind-kann-singen-2\/#primaryimage\"},\"thumbnailUrl\":\"https:\/\/shop.verlag.uni-potsdam.de\/wp-content\/uploads\/asolmerce\/image-978-3-86956-254-4.jpg\",\"datePublished\":\"2026-03-23T08:54:16+00:00\",\"dateModified\":\"2026-03-23T10:55:16+00:00\",\"breadcrumb\":{\"@id\":\"https:\/\/shop.verlag.uni-potsdam.de\/en\/shop\/belcantare-brandenburg-jedes-kind-kann-singen-2\/#breadcrumb\"},\"inLanguage\":\"en-US\",\"potentialAction\":[{\"@type\":\"ReadAction\",\"target\":[[\"https:\/\/shop.verlag.uni-potsdam.de\/en\/shop\/belcantare-brandenburg-jedes-kind-kann-singen-2\/\"]]}]},{\"@type\":\"ImageObject\",\"inLanguage\":\"en-US\",\"@id\":\"https:\/\/shop.verlag.uni-potsdam.de\/en\/shop\/belcantare-brandenburg-jedes-kind-kann-singen-2\/#primaryimage\",\"url\":\"https:\/\/shop.verlag.uni-potsdam.de\/wp-content\/uploads\/asolmerce\/image-978-3-86956-254-4.jpg\",\"contentUrl\":\"https:\/\/shop.verlag.uni-potsdam.de\/wp-content\/uploads\/asolmerce\/image-978-3-86956-254-4.jpg\",\"width\":451,\"height\":640},{\"@type\":\"BreadcrumbList\",\"@id\":\"https:\/\/shop.verlag.uni-potsdam.de\/en\/shop\/belcantare-brandenburg-jedes-kind-kann-singen-2\/#breadcrumb\",\"itemListElement\":[{\"@type\":\"ListItem\",\"position\":1,\"name\":\"Startseite\",\"item\":\"https:\/\/shop.verlag.uni-potsdam.de\/en\/\"},{\"@type\":\"ListItem\",\"position\":2,\"name\":\"Shop\",\"item\":\"https:\/\/shop.verlag.uni-potsdam.de\/en\/shop\/\"},{\"@type\":\"ListItem\",\"position\":3,\"name\":\"Belcantare Brandenburg. Jedes Kind kann singen!\"}]},{\"@type\":\"WebSite\",\"@id\":\"https:\/\/shop.verlag.uni-potsdam.de\/en\/#website\",\"url\":\"https:\/\/shop.verlag.uni-potsdam.de\/en\/\",\"name\":\"Universit\u00e4tsverlag Potsdam\",\"description\":\"\",\"publisher\":{\"@id\":\"https:\/\/shop.verlag.uni-potsdam.de\/en\/#organization\"},\"potentialAction\":[{\"@type\":\"SearchAction\",\"target\":{\"@type\":\"EntryPoint\",\"urlTemplate\":\"https:\/\/shop.verlag.uni-potsdam.de\/en\/?s={search_term_string}\"},\"query-input\":{\"@type\":\"PropertyValueSpecification\",\"valueRequired\":true,\"valueName\":\"search_term_string\"}}],\"inLanguage\":\"en-US\"},{\"@type\":\"Organization\",\"@id\":\"https:\/\/shop.verlag.uni-potsdam.de\/en\/#organization\",\"name\":\"Universit\u00e4tsverlag Potsdam\",\"url\":\"https:\/\/shop.verlag.uni-potsdam.de\/en\/\",\"logo\":{\"@type\":\"ImageObject\",\"inLanguage\":\"en-US\",\"@id\":\"https:\/\/shop.verlag.uni-potsdam.de\/en\/#\/schema\/logo\/image\/\",\"url\":\"https:\/\/shop.verlag.uni-potsdam.de\/wp-content\/uploads\/2017\/04\/up_logo_university_2.png\",\"contentUrl\":\"https:\/\/shop.verlag.uni-potsdam.de\/wp-content\/uploads\/2017\/04\/up_logo_university_2.png\",\"width\":160,\"height\":172,\"caption\":\"Universit\u00e4tsverlag Potsdam\"},\"image\":{\"@id\":\"https:\/\/shop.verlag.uni-potsdam.de\/en\/#\/schema\/logo\/image\/\"}}]}<\/script>\n<!-- \/ Yoast SEO plugin. -->","yoast_head_json":{"title":"Belcantare Brandenburg. Jedes Kind kann singen! - Universit\u00e4tsverlag Potsdam","robots":{"index":"index","follow":"follow","max-snippet":"max-snippet:-1","max-image-preview":"max-image-preview:large","max-video-preview":"max-video-preview:-1"},"canonical":"https:\/\/shop.verlag.uni-potsdam.de\/en\/shop\/belcantare-brandenburg-jedes-kind-kann-singen-2\/","og_locale":"en_US","og_type":"article","og_title":"Belcantare Brandenburg. Jedes Kind kann singen! - Universit\u00e4tsverlag Potsdam","og_description":"Dieser Band kn\u00fcpft an die repr\u00e4sentative Dokumentation des Fortbildungsprojektes Belcantare Brandenburg. Jedes Kind kann singen! f\u00fcr musikunterrichtende Grundschullehrkr\u00e4fte im Land Brandenburg und seine begleitendende Evaluationsforschung an. Inhaltlicher Schwerpunkt dieses Bandes ist die Vorstellung der explorative Evaluationsstudie mit ihren sensiblen Konzepten, Fragenstellungen, ihrem triangulierenden Forschungsdesign und ausgew\u00e4hlten Forschungsergebnissen aus den Staffeln 1 und 2. Die fachdidaktischen, musikpsychologischen und methodischen Kontexte der Evaluationsforschung werden durch Fachartikel entsprechender Autoren in diesem Band transparent und bereichern ihn im besonderen Ma\u00dfe. Die Mitwirkung von Studierenden am Forschungsprozess erforderte Anwendungsleitf\u00e4den zur methodischen Handhabung verschiedener Erhebungsinstrumente und Auswertungsmethoden zu entwickeln, denen hier der Raum zur Ver\u00f6ffentlichung gegeben wurde.","og_url":"https:\/\/shop.verlag.uni-potsdam.de\/en\/shop\/belcantare-brandenburg-jedes-kind-kann-singen-2\/","og_site_name":"Universit\u00e4tsverlag Potsdam","article_modified_time":"2026-03-23T10:55:16+00:00","og_image":[{"width":451,"height":640,"url":"https:\/\/shop.verlag.uni-potsdam.de\/wp-content\/uploads\/asolmerce\/image-978-3-86956-254-4.jpg","type":"image\/jpeg"}],"twitter_card":"summary_large_image","twitter_misc":{"Est. reading time":"1 minute"},"schema":{"@context":"https:\/\/schema.org","@graph":[{"@type":"WebPage","@id":"https:\/\/shop.verlag.uni-potsdam.de\/en\/shop\/belcantare-brandenburg-jedes-kind-kann-singen-2\/","url":"https:\/\/shop.verlag.uni-potsdam.de\/en\/shop\/belcantare-brandenburg-jedes-kind-kann-singen-2\/","name":"Belcantare Brandenburg. Jedes Kind kann singen! - Universit\u00e4tsverlag Potsdam","isPartOf":{"@id":"https:\/\/shop.verlag.uni-potsdam.de\/en\/#website"},"primaryImageOfPage":{"@id":"https:\/\/shop.verlag.uni-potsdam.de\/en\/shop\/belcantare-brandenburg-jedes-kind-kann-singen-2\/#primaryimage"},"image":{"@id":"https:\/\/shop.verlag.uni-potsdam.de\/shop\/belcantare-brandenburg-jedes-kind-kann-singen-2\/#primaryimage"},"thumbnailUrl":"https:\/\/shop.verlag.uni-potsdam.de\/wp-content\/uploads\/asolmerce\/image-978-3-86956-254-4.jpg","datePublished":"2026-03-23T08:54:16+00:00","dateModified":"2026-03-23T10:55:16+00:00","breadcrumb":{"@id":"https:\/\/shop.verlag.uni-potsdam.de\/en\/shop\/belcantare-brandenburg-jedes-kind-kann-singen-2\/#breadcrumb"},"inLanguage":"en-US","potentialAction":[{"@type":"ReadAction","target":[["https:\/\/shop.verlag.uni-potsdam.de\/en\/shop\/belcantare-brandenburg-jedes-kind-kann-singen-2\/"]]}]},{"@type":"ImageObject","inLanguage":"en-US","@id":"https:\/\/shop.verlag.uni-potsdam.de\/en\/shop\/belcantare-brandenburg-jedes-kind-kann-singen-2\/#primaryimage","url":"https:\/\/shop.verlag.uni-potsdam.de\/wp-content\/uploads\/asolmerce\/image-978-3-86956-254-4.jpg","contentUrl":"https:\/\/shop.verlag.uni-potsdam.de\/wp-content\/uploads\/asolmerce\/image-978-3-86956-254-4.jpg","width":451,"height":640},{"@type":"BreadcrumbList","@id":"https:\/\/shop.verlag.uni-potsdam.de\/en\/shop\/belcantare-brandenburg-jedes-kind-kann-singen-2\/#breadcrumb","itemListElement":[{"@type":"ListItem","position":1,"name":"Startseite","item":"https:\/\/shop.verlag.uni-potsdam.de\/en\/"},{"@type":"ListItem","position":2,"name":"Shop","item":"https:\/\/shop.verlag.uni-potsdam.de\/en\/shop\/"},{"@type":"ListItem","position":3,"name":"Belcantare Brandenburg. Jedes Kind kann singen!"}]},{"@type":"WebSite","@id":"https:\/\/shop.verlag.uni-potsdam.de\/en\/#website","url":"https:\/\/shop.verlag.uni-potsdam.de\/en\/","name":"Universit\u00e4tsverlag Potsdam","description":"","publisher":{"@id":"https:\/\/shop.verlag.uni-potsdam.de\/en\/#organization"},"potentialAction":[{"@type":"SearchAction","target":{"@type":"EntryPoint","urlTemplate":"https:\/\/shop.verlag.uni-potsdam.de\/en\/?s={search_term_string}"},"query-input":{"@type":"PropertyValueSpecification","valueRequired":true,"valueName":"search_term_string"}}],"inLanguage":"en-US"},{"@type":"Organization","@id":"https:\/\/shop.verlag.uni-potsdam.de\/en\/#organization","name":"Universit\u00e4tsverlag Potsdam","url":"https:\/\/shop.verlag.uni-potsdam.de\/en\/","logo":{"@type":"ImageObject","inLanguage":"en-US","@id":"https:\/\/shop.verlag.uni-potsdam.de\/en\/#\/schema\/logo\/image\/","url":"https:\/\/shop.verlag.uni-potsdam.de\/wp-content\/uploads\/2017\/04\/up_logo_university_2.png","contentUrl":"https:\/\/shop.verlag.uni-potsdam.de\/wp-content\/uploads\/2017\/04\/up_logo_university_2.png","width":160,"height":172,"caption":"Universit\u00e4tsverlag Potsdam"},"image":{"@id":"https:\/\/shop.verlag.uni-potsdam.de\/en\/#\/schema\/logo\/image\/"}}]}},"_links":{"self":[{"href":"https:\/\/shop.verlag.uni-potsdam.de\/en\/wp-json\/wp\/v2\/product\/53310","targetHints":{"allow":["GET"]}}],"collection":[{"href":"https:\/\/shop.verlag.uni-potsdam.de\/en\/wp-json\/wp\/v2\/product"}],"about":[{"href":"https:\/\/shop.verlag.uni-potsdam.de\/en\/wp-json\/wp\/v2\/types\/product"}],"wp:featuredmedia":[{"embeddable":true,"href":"https:\/\/shop.verlag.uni-potsdam.de\/en\/wp-json\/wp\/v2\/media\/54230"}],"wp:attachment":[{"href":"https:\/\/shop.verlag.uni-potsdam.de\/en\/wp-json\/wp\/v2\/media?parent=53310"}],"wp:term":[{"taxonomy":"product_brand","embeddable":true,"href":"https:\/\/shop.verlag.uni-potsdam.de\/en\/wp-json\/wp\/v2\/product_brand?post=53310"},{"taxonomy":"product_cat","embeddable":true,"href":"https:\/\/shop.verlag.uni-potsdam.de\/en\/wp-json\/wp\/v2\/product_cat?post=53310"},{"taxonomy":"product_tag","embeddable":true,"href":"https:\/\/shop.verlag.uni-potsdam.de\/en\/wp-json\/wp\/v2\/product_tag?post=53310"}],"curies":[{"name":"wp","href":"https:\/\/api.w.org\/{rel}","templated":true}]}}